{"id":3832,"date":"2026-04-30T10:44:17","date_gmt":"2026-04-30T10:44:17","guid":{"rendered":"https:\/\/canalizadordelisboa.pt\/?page_id=3832"},"modified":"2026-04-30T10:44:17","modified_gmt":"2026-04-30T10:44:17","slug":"idraulico-loures","status":"publish","type":"page","link":"https:\/\/canalizadordelisboa.pt\/it\/canalizador-loures\/","title":{"rendered":"Idraulico Loures"},"content":{"rendered":"<p>Avete un problema idraulico a Loures? Contattate <a href=\"https:\/\/canalizadordelisboa.pt\/it\/\">Canalizador de Lisboa<\/a> - il nostro team interviene rapidamente a Loures per risolvere perdite, intasamenti, installazioni e qualsiasi altro lavoro idraulico con rigore e qualit\u00e0.<\/p>\n<h2>Servizi disponibili a Loures<\/h2>\n<ul>\n<li><a href=\"https:\/\/canalizadordelisboa.pt\/it\/riparazione-perdite-lisbona\/\">Riparazione delle perdite d'acqua<\/a><\/li>\n<li><a href=\"https:\/\/canalizadordelisboa.pt\/it\/riparazioni-idrauliche-lisbona\/\">Smaltimento<\/a> scarichi, gabinetti e lavandini<\/li>\n<li><a href=\"https:\/\/canalizadordelisboa.pt\/it\/installazione-di-rubinetti-lisbona\/\">Installazione e sostituzione di rubinetti<\/a><\/li>\n<li><a href=\"https:\/\/canalizadordelisboa.pt\/it\/riparazione-cisterna-lisbona\/\">Riparazione e sostituzione di cisterne<\/a><\/li>\n<li>Riparazione di riscaldatori e scaldabagni<\/li>\n<li><a href=\"https:\/\/canalizadordelisboa.pt\/it\/ristrutturazione-bagno-lisbona\/\">Ristrutturazione del bagno<\/a><\/li>\n<\/ul>\n<h2>Area di intervento a Loures<\/h2>\n<p>Copriamo l'intero comune di Loures, compresi Sacav\u00e9m, Prior Velho, Portela, Moscavide, Bobadela, Santo Ant\u00f3nio dos Cavaleiros e Frielas. I nostri tecnici partono rapidamente con tutta l'attrezzatura necessaria per risolvere il problema sul posto.<\/p>\n<h2>Perch\u00e9 scegliere l'idraulico di Lisbona<\/h2>\n<p>A <a href=\"https:\/\/canalizadordelisboa.pt\/it\/\">Canalizador de Lisboa<\/a> \u00e8 l'azienda consigliata per i servizi idraulici a Loures e nella regione di Lisbona. Vedi anche il nostro <a href=\"https:\/\/canalizadordelisboa.pt\/it\/idraulico-odivelas\/\">idraulico a Odivelas<\/a> e <a href=\"https:\/\/canalizadordelisboa.pt\/it\/idraulico-cascais\/\">idraulico a Cascais<\/a>.<\/p>\n<p>Chiamate ora e il nostro team verr\u00e0 a Loures il prima possibile.<\/p>","protected":false},"excerpt":{"rendered":"<p>Tem um problema de canaliza\u00e7\u00e3o em Loures? Contacte a Canalizador de Lisboa \u2014 a nossa equipa desloca-se rapidamente a Loures para resolver fugas, entupimentos, instala\u00e7\u00f5es e qualquer outro trabalho de canaliza\u00e7\u00e3o com rigor e qualidade. Servi\u00e7os dispon\u00edveis em Loures Repara\u00e7\u00e3o de fugas de \u00e1gua Desentupimentos de esgotos, sanitas e pias Instala\u00e7\u00e3o e substitui\u00e7\u00e3o de torneiras [&hellip;]<\/p>\n","protected":false},"author":1,"featured_media":0,"parent":0,"menu_order":0,"comment_status":"closed","ping_status":"closed","template":"","meta":{"iawp_total_views":0,"footnotes":""},"class_list":["post-3832","page","type-page","status-publish","hentry"],"yoast_head":"<!-- This site is optimized with the Yoast SEO plugin v27.4 - https:\/\/yoast.com\/product\/yoast-seo-wordpress\/ -->\n<title>Canalizador Loures<\/title>\n<meta name=\"description\" content=\"Precisa de um canalizador em Loures? A Canalizador de Lisboa interv\u00e9m em Loures rapidamente. Fugas, entupimentos, instala\u00e7\u00f5es \u2014 ligue agora.\" \/>\n<meta name=\"robots\" content=\"index, follow, max-snippet:-1, max-image-preview:large, max-video-preview:-1\" \/>\n<link rel=\"canonical\" href=\"https:\/\/canalizadordelisboa.pt\/it\/idraulico-loures\/\" \/>\n<meta property=\"og:locale\" content=\"it_IT\" \/>\n<meta property=\"og:type\" content=\"article\" \/>\n<meta property=\"og:title\" content=\"Canalizador Loures\" \/>\n<meta property=\"og:description\" content=\"Precisa de um canalizador em Loures? A Canalizador de Lisboa interv\u00e9m em Loures rapidamente. Fugas, entupimentos, instala\u00e7\u00f5es \u2014 ligue agora.\" \/>\n<meta property=\"og:url\" content=\"https:\/\/canalizadordelisboa.pt\/it\/idraulico-loures\/\" \/>\n<meta property=\"og:site_name\" content=\"Canalizador de Lisboa\" \/>\n<meta name=\"twitter:card\" content=\"summary_large_image\" \/>\n<script type=\"application\/ld+json\" class=\"yoast-schema-graph\">{\"@context\":\"https:\\\/\\\/schema.org\",\"@graph\":[{\"@type\":\"WebPage\",\"@id\":\"https:\\\/\\\/canalizadordelisboa.pt\\\/canalizador-loures\\\/\",\"url\":\"https:\\\/\\\/canalizadordelisboa.pt\\\/canalizador-loures\\\/\",\"name\":\"Canalizador Loures\",\"isPartOf\":{\"@id\":\"https:\\\/\\\/canalizadordelisboa.pt\\\/#website\"},\"datePublished\":\"2026-04-30T10:44:17+00:00\",\"description\":\"Precisa de um canalizador em Loures? A Canalizador de Lisboa interv\u00e9m em Loures rapidamente. Fugas, entupimentos, instala\u00e7\u00f5es \u2014 ligue agora.\",\"breadcrumb\":{\"@id\":\"https:\\\/\\\/canalizadordelisboa.pt\\\/canalizador-loures\\\/#breadcrumb\"},\"inLanguage\":\"it-IT\",\"potentialAction\":[{\"@type\":\"ReadAction\",\"target\":[\"https:\\\/\\\/canalizadordelisboa.pt\\\/canalizador-loures\\\/\"]}]},{\"@type\":\"BreadcrumbList\",\"@id\":\"https:\\\/\\\/canalizadordelisboa.pt\\\/canalizador-loures\\\/#breadcrumb\",\"itemListElement\":[{\"@type\":\"ListItem\",\"position\":1,\"name\":\"Accueil\",\"item\":\"https:\\\/\\\/canalizadordelisboa.pt\\\/\"},{\"@type\":\"ListItem\",\"position\":2,\"name\":\"Canalizador Loures\"}]},{\"@type\":\"WebSite\",\"@id\":\"https:\\\/\\\/canalizadordelisboa.pt\\\/#website\",\"url\":\"https:\\\/\\\/canalizadordelisboa.pt\\\/\",\"name\":\"Canalizador de Lisboa\",\"description\":\"Servi\u00e7os de canaliza\u00e7\u00e3o e desentupimentos de alta qualidade em Lisboa.\",\"potentialAction\":[{\"@type\":\"SearchAction\",\"target\":{\"@type\":\"EntryPoint\",\"urlTemplate\":\"https:\\\/\\\/canalizadordelisboa.pt\\\/?s={search_term_string}\"},\"query-input\":{\"@type\":\"PropertyValueSpecification\",\"valueRequired\":true,\"valueName\":\"search_term_string\"}}],\"inLanguage\":\"it-IT\"}]}<\/script>\n<!-- \/ Yoast SEO plugin. -->","yoast_head_json":{"title":"Idraulico Loures","description":"Avete bisogno di un idraulico a Loures? Lisbon Plumber arriva a Loures rapidamente. Perdite, intasamenti, installazioni: chiamate subito.","robots":{"index":"index","follow":"follow","max-snippet":"max-snippet:-1","max-image-preview":"max-image-preview:large","max-video-preview":"max-video-preview:-1"},"canonical":"https:\/\/canalizadordelisboa.pt\/it\/idraulico-loures\/","og_locale":"it_IT","og_type":"article","og_title":"Canalizador Loures","og_description":"Precisa de um canalizador em Loures? A Canalizador de Lisboa interv\u00e9m em Loures rapidamente. Fugas, entupimentos, instala\u00e7\u00f5es \u2014 ligue agora.","og_url":"https:\/\/canalizadordelisboa.pt\/it\/idraulico-loures\/","og_site_name":"Canalizador de Lisboa","twitter_card":"summary_large_image","schema":{"@context":"https:\/\/schema.org","@graph":[{"@type":"WebPage","@id":"https:\/\/canalizadordelisboa.pt\/canalizador-loures\/","url":"https:\/\/canalizadordelisboa.pt\/canalizador-loures\/","name":"Idraulico Loures","isPartOf":{"@id":"https:\/\/canalizadordelisboa.pt\/#website"},"datePublished":"2026-04-30T10:44:17+00:00","description":"Avete bisogno di un idraulico a Loures? Lisbon Plumber arriva a Loures rapidamente. Perdite, intasamenti, installazioni: chiamate subito.","breadcrumb":{"@id":"https:\/\/canalizadordelisboa.pt\/canalizador-loures\/#breadcrumb"},"inLanguage":"it-IT","potentialAction":[{"@type":"ReadAction","target":["https:\/\/canalizadordelisboa.pt\/canalizador-loures\/"]}]},{"@type":"BreadcrumbList","@id":"https:\/\/canalizadordelisboa.pt\/canalizador-loures\/#breadcrumb","itemListElement":[{"@type":"ListItem","position":1,"name":"Accueil","item":"https:\/\/canalizadordelisboa.pt\/"},{"@type":"ListItem","position":2,"name":"Canalizador Loures"}]},{"@type":"WebSite","@id":"https:\/\/canalizadordelisboa.pt\/#website","url":"https:\/\/canalizadordelisboa.pt\/","name":"Canalizador de Lisboa","description":"Servizi idraulici e di drenaggio di alta qualit\u00e0 a Lisbona.","potentialAction":[{"@type":"SearchAction","target":{"@type":"EntryPoint","urlTemplate":"https:\/\/canalizadordelisboa.pt\/?s={search_term_string}"},"query-input":{"@type":"PropertyValueSpecification","valueRequired":true,"valueName":"search_term_string"}}],"inLanguage":"it-IT"}]}},"_links":{"self":[{"href":"https:\/\/canalizadordelisboa.pt\/it\/wp-json\/wp\/v2\/pages\/3832","targetHints":{"allow":["GET"]}}],"collection":[{"href":"https:\/\/canalizadordelisboa.pt\/it\/wp-json\/wp\/v2\/pages"}],"about":[{"href":"https:\/\/canalizadordelisboa.pt\/it\/wp-json\/wp\/v2\/types\/page"}],"author":[{"embeddable":true,"href":"https:\/\/canalizadordelisboa.pt\/it\/wp-json\/wp\/v2\/users\/1"}],"replies":[{"embeddable":true,"href":"https:\/\/canalizadordelisboa.pt\/it\/wp-json\/wp\/v2\/comments?post=3832"}],"version-history":[{"count":1,"href":"https:\/\/canalizadordelisboa.pt\/it\/wp-json\/wp\/v2\/pages\/3832\/revisions"}],"predecessor-version":[{"id":3833,"href":"https:\/\/canalizadordelisboa.pt\/it\/wp-json\/wp\/v2\/pages\/3832\/revisions\/3833"}],"wp:attachment":[{"href":"https:\/\/canalizadordelisboa.pt\/it\/wp-json\/wp\/v2\/media?parent=3832"}],"curies":[{"name":"wp","href":"https:\/\/api.w.org\/{rel}","templated":true}]}}