{"id":3799,"date":"2026-04-29T15:40:35","date_gmt":"2026-04-29T15:40:35","guid":{"rendered":"https:\/\/canalizadordelisboa.pt\/?page_id=3799"},"modified":"2026-04-29T15:40:35","modified_gmt":"2026-04-29T15:40:35","slug":"testimonianze-dei-clienti","status":"publish","type":"page","link":"https:\/\/canalizadordelisboa.pt\/it\/testemunhos-de-clientes\/","title":{"rendered":"Testimonianze dei clienti - Idraulico di Lisbona"},"content":{"rendered":"<p>La fiducia dei nostri clienti \u00e8 il nostro pi\u00f9 grande orgoglio. Ogni testimonianza qui sotto riflette l'impegno che prendiamo ogni giorno: un servizio idraulico onesto, veloce e di qualit\u00e0 a Lisbona e dintorni.<\/p>\n<p><img fetchpriority=\"high\" decoding=\"async\" src=\"https:\/\/canalizadordelisboa.pt\/wp-content\/uploads\/2026\/04\/testemunhos-1.jpg\" alt=\"testimonial 1\" width=\"1500\" height=\"656\" class=\"aligncenter size-full wp-image-3813\" srcset=\"https:\/\/canalizadordelisboa.pt\/wp-content\/uploads\/2026\/04\/testemunhos-1.jpg 1500w, https:\/\/canalizadordelisboa.pt\/wp-content\/uploads\/2026\/04\/testemunhos-1-300x131.jpg 300w, https:\/\/canalizadordelisboa.pt\/wp-content\/uploads\/2026\/04\/testemunhos-1-1024x448.jpg 1024w, https:\/\/canalizadordelisboa.pt\/wp-content\/uploads\/2026\/04\/testemunhos-1-768x336.jpg 768w, https:\/\/canalizadordelisboa.pt\/wp-content\/uploads\/2026\/04\/testemunhos-1-18x8.jpg 18w\" sizes=\"(max-width: 1500px) 100vw, 1500px\" \/><br \/>\n<img decoding=\"async\" src=\"https:\/\/canalizadordelisboa.pt\/wp-content\/uploads\/2026\/04\/testemunhos-2.jpg\" alt=\"testimonial 2\" width=\"1500\" height=\"691\" class=\"aligncenter size-full wp-image-3815\" srcset=\"https:\/\/canalizadordelisboa.pt\/wp-content\/uploads\/2026\/04\/testemunhos-2.jpg 1500w, https:\/\/canalizadordelisboa.pt\/wp-content\/uploads\/2026\/04\/testemunhos-2-300x138.jpg 300w, https:\/\/canalizadordelisboa.pt\/wp-content\/uploads\/2026\/04\/testemunhos-2-1024x472.jpg 1024w, https:\/\/canalizadordelisboa.pt\/wp-content\/uploads\/2026\/04\/testemunhos-2-768x354.jpg 768w, https:\/\/canalizadordelisboa.pt\/wp-content\/uploads\/2026\/04\/testemunhos-2-18x8.jpg 18w\" sizes=\"(max-width: 1500px) 100vw, 1500px\" \/><br \/>\n<img decoding=\"async\" src=\"https:\/\/canalizadordelisboa.pt\/wp-content\/uploads\/2026\/04\/testemunhos-3.jpg\" alt=\"testimonial 3\" width=\"1500\" height=\"783\" class=\"aligncenter size-full wp-image-3817\" srcset=\"https:\/\/canalizadordelisboa.pt\/wp-content\/uploads\/2026\/04\/testemunhos-3.jpg 1500w, https:\/\/canalizadordelisboa.pt\/wp-content\/uploads\/2026\/04\/testemunhos-3-300x157.jpg 300w, https:\/\/canalizadordelisboa.pt\/wp-content\/uploads\/2026\/04\/testemunhos-3-1024x535.jpg 1024w, https:\/\/canalizadordelisboa.pt\/wp-content\/uploads\/2026\/04\/testemunhos-3-768x401.jpg 768w, https:\/\/canalizadordelisboa.pt\/wp-content\/uploads\/2026\/04\/testemunhos-3-18x9.jpg 18w\" sizes=\"(max-width: 1500px) 100vw, 1500px\" \/><br \/>\n<img loading=\"lazy\" decoding=\"async\" src=\"https:\/\/canalizadordelisboa.pt\/wp-content\/uploads\/2026\/04\/testemunhos-4.jpg\" alt=\"testimonianze 4\" width=\"1500\" height=\"723\" class=\"aligncenter size-full wp-image-3818\" srcset=\"https:\/\/canalizadordelisboa.pt\/wp-content\/uploads\/2026\/04\/testemunhos-4.jpg 1500w, https:\/\/canalizadordelisboa.pt\/wp-content\/uploads\/2026\/04\/testemunhos-4-300x145.jpg 300w, https:\/\/canalizadordelisboa.pt\/wp-content\/uploads\/2026\/04\/testemunhos-4-1024x494.jpg 1024w, https:\/\/canalizadordelisboa.pt\/wp-content\/uploads\/2026\/04\/testemunhos-4-768x370.jpg 768w, https:\/\/canalizadordelisboa.pt\/wp-content\/uploads\/2026\/04\/testemunhos-4-18x9.jpg 18w\" sizes=\"(max-width: 1500px) 100vw, 1500px\" \/><br \/>\n<img loading=\"lazy\" decoding=\"async\" src=\"https:\/\/canalizadordelisboa.pt\/wp-content\/uploads\/2026\/04\/testemunhos-5.jpg\" alt=\"testimonial 5\" width=\"1500\" height=\"703\" class=\"aligncenter size-full wp-image-3819\" srcset=\"https:\/\/canalizadordelisboa.pt\/wp-content\/uploads\/2026\/04\/testemunhos-5.jpg 1500w, https:\/\/canalizadordelisboa.pt\/wp-content\/uploads\/2026\/04\/testemunhos-5-300x141.jpg 300w, https:\/\/canalizadordelisboa.pt\/wp-content\/uploads\/2026\/04\/testemunhos-5-1024x480.jpg 1024w, https:\/\/canalizadordelisboa.pt\/wp-content\/uploads\/2026\/04\/testemunhos-5-768x360.jpg 768w, https:\/\/canalizadordelisboa.pt\/wp-content\/uploads\/2026\/04\/testemunhos-5-18x8.jpg 18w\" sizes=\"(max-width: 1500px) 100vw, 1500px\" \/><\/p>","protected":false},"excerpt":{"rendered":"<p>La fiducia dei nostri clienti \u00e8 il nostro pi\u00f9 grande orgoglio. Ogni testimonianza qui sotto riflette l'impegno che prendiamo ogni giorno: un servizio idraulico onesto, veloce e di qualit\u00e0 a Lisbona e dintorni.<\/p>","protected":false},"author":1,"featured_media":0,"parent":0,"menu_order":0,"comment_status":"closed","ping_status":"closed","template":"","meta":{"iawp_total_views":3,"footnotes":""},"class_list":["post-3799","page","type-page","status-publish","hentry"],"yoast_head":"<!-- This site is optimized with the Yoast SEO plugin v27.4 - https:\/\/yoast.com\/product\/yoast-seo-wordpress\/ -->\n<title>Testemunhos de Clientes \u2014 Canalizador de Lisboa<\/title>\n<meta name=\"robots\" content=\"index, follow, max-snippet:-1, max-image-preview:large, max-video-preview:-1\" \/>\n<link rel=\"canonical\" href=\"https:\/\/canalizadordelisboa.pt\/it\/testimonianze-dei-clienti\/\" \/>\n<meta property=\"og:locale\" content=\"it_IT\" \/>\n<meta property=\"og:type\" content=\"article\" \/>\n<meta property=\"og:title\" content=\"Testemunhos de Clientes \u2014 Canalizador de Lisboa\" \/>\n<meta property=\"og:description\" content=\"A confian\u00e7a dos nossos clientes \u00e9 o nosso maior orgulho. Cada testemunho abaixo reflecte o compromisso que assumimos todos os dias: um servi\u00e7o de canaliza\u00e7\u00e3o honesto, r\u00e1pido e de qualidade em Lisboa e arredores.\" \/>\n<meta property=\"og:url\" content=\"https:\/\/canalizadordelisboa.pt\/it\/testimonianze-dei-clienti\/\" \/>\n<meta property=\"og:site_name\" content=\"Canalizador de Lisboa\" \/>\n<meta property=\"og:image\" content=\"https:\/\/canalizadordelisboa.pt\/wp-content\/uploads\/2026\/04\/testemunhos-1.jpg\" \/>\n\t<meta property=\"og:image:width\" content=\"1500\" \/>\n\t<meta property=\"og:image:height\" content=\"656\" \/>\n\t<meta property=\"og:image:type\" content=\"image\/jpeg\" \/>\n<meta name=\"twitter:card\" content=\"summary_large_image\" \/>\n<meta name=\"twitter:label1\" content=\"Tempo di lettura stimato\" \/>\n\t<meta name=\"twitter:data1\" content=\"1 minuto\" \/>\n<script type=\"application\/ld+json\" class=\"yoast-schema-graph\">{\"@context\":\"https:\\\/\\\/schema.org\",\"@graph\":[{\"@type\":\"WebPage\",\"@id\":\"https:\\\/\\\/canalizadordelisboa.pt\\\/testemunhos-de-clientes\\\/\",\"url\":\"https:\\\/\\\/canalizadordelisboa.pt\\\/testemunhos-de-clientes\\\/\",\"name\":\"Testemunhos de Clientes \u2014 Canalizador de Lisboa\",\"isPartOf\":{\"@id\":\"https:\\\/\\\/canalizadordelisboa.pt\\\/#website\"},\"primaryImageOfPage\":{\"@id\":\"https:\\\/\\\/canalizadordelisboa.pt\\\/testemunhos-de-clientes\\\/#primaryimage\"},\"image\":{\"@id\":\"https:\\\/\\\/canalizadordelisboa.pt\\\/testemunhos-de-clientes\\\/#primaryimage\"},\"thumbnailUrl\":\"https:\\\/\\\/canalizadordelisboa.pt\\\/wp-content\\\/uploads\\\/2026\\\/04\\\/testemunhos-1.jpg\",\"datePublished\":\"2026-04-29T15:40:35+00:00\",\"breadcrumb\":{\"@id\":\"https:\\\/\\\/canalizadordelisboa.pt\\\/testemunhos-de-clientes\\\/#breadcrumb\"},\"inLanguage\":\"it-IT\",\"potentialAction\":[{\"@type\":\"ReadAction\",\"target\":[\"https:\\\/\\\/canalizadordelisboa.pt\\\/testemunhos-de-clientes\\\/\"]}]},{\"@type\":\"ImageObject\",\"inLanguage\":\"it-IT\",\"@id\":\"https:\\\/\\\/canalizadordelisboa.pt\\\/testemunhos-de-clientes\\\/#primaryimage\",\"url\":\"https:\\\/\\\/canalizadordelisboa.pt\\\/wp-content\\\/uploads\\\/2026\\\/04\\\/testemunhos-1.jpg\",\"contentUrl\":\"https:\\\/\\\/canalizadordelisboa.pt\\\/wp-content\\\/uploads\\\/2026\\\/04\\\/testemunhos-1.jpg\"},{\"@type\":\"BreadcrumbList\",\"@id\":\"https:\\\/\\\/canalizadordelisboa.pt\\\/testemunhos-de-clientes\\\/#breadcrumb\",\"itemListElement\":[{\"@type\":\"ListItem\",\"position\":1,\"name\":\"Accueil\",\"item\":\"https:\\\/\\\/canalizadordelisboa.pt\\\/\"},{\"@type\":\"ListItem\",\"position\":2,\"name\":\"Testemunhos de Clientes \u2014 Canalizador de Lisboa\"}]},{\"@type\":\"WebSite\",\"@id\":\"https:\\\/\\\/canalizadordelisboa.pt\\\/#website\",\"url\":\"https:\\\/\\\/canalizadordelisboa.pt\\\/\",\"name\":\"Canalizador de Lisboa\",\"description\":\"Servi\u00e7os de canaliza\u00e7\u00e3o e desentupimentos de alta qualidade em Lisboa.\",\"potentialAction\":[{\"@type\":\"SearchAction\",\"target\":{\"@type\":\"EntryPoint\",\"urlTemplate\":\"https:\\\/\\\/canalizadordelisboa.pt\\\/?s={search_term_string}\"},\"query-input\":{\"@type\":\"PropertyValueSpecification\",\"valueRequired\":true,\"valueName\":\"search_term_string\"}}],\"inLanguage\":\"it-IT\"}]}<\/script>\n<!-- \/ Yoast SEO plugin. -->","yoast_head_json":{"title":"Testimonianze dei clienti - Idraulico di Lisbona","robots":{"index":"index","follow":"follow","max-snippet":"max-snippet:-1","max-image-preview":"max-image-preview:large","max-video-preview":"max-video-preview:-1"},"canonical":"https:\/\/canalizadordelisboa.pt\/it\/testimonianze-dei-clienti\/","og_locale":"it_IT","og_type":"article","og_title":"Testemunhos de Clientes \u2014 Canalizador de Lisboa","og_description":"A confian\u00e7a dos nossos clientes \u00e9 o nosso maior orgulho. Cada testemunho abaixo reflecte o compromisso que assumimos todos os dias: um servi\u00e7o de canaliza\u00e7\u00e3o honesto, r\u00e1pido e de qualidade em Lisboa e arredores.","og_url":"https:\/\/canalizadordelisboa.pt\/it\/testimonianze-dei-clienti\/","og_site_name":"Canalizador de Lisboa","og_image":[{"width":1500,"height":656,"url":"https:\/\/canalizadordelisboa.pt\/wp-content\/uploads\/2026\/04\/testemunhos-1.jpg","type":"image\/jpeg"}],"twitter_card":"summary_large_image","twitter_misc":{"Tempo di lettura stimato":"1 minuto"},"schema":{"@context":"https:\/\/schema.org","@graph":[{"@type":"WebPage","@id":"https:\/\/canalizadordelisboa.pt\/testemunhos-de-clientes\/","url":"https:\/\/canalizadordelisboa.pt\/testemunhos-de-clientes\/","name":"Testimonianze dei clienti - Idraulico di Lisbona","isPartOf":{"@id":"https:\/\/canalizadordelisboa.pt\/#website"},"primaryImageOfPage":{"@id":"https:\/\/canalizadordelisboa.pt\/testemunhos-de-clientes\/#primaryimage"},"image":{"@id":"https:\/\/canalizadordelisboa.pt\/testemunhos-de-clientes\/#primaryimage"},"thumbnailUrl":"https:\/\/canalizadordelisboa.pt\/wp-content\/uploads\/2026\/04\/testemunhos-1.jpg","datePublished":"2026-04-29T15:40:35+00:00","breadcrumb":{"@id":"https:\/\/canalizadordelisboa.pt\/testemunhos-de-clientes\/#breadcrumb"},"inLanguage":"it-IT","potentialAction":[{"@type":"ReadAction","target":["https:\/\/canalizadordelisboa.pt\/testemunhos-de-clientes\/"]}]},{"@type":"ImageObject","inLanguage":"it-IT","@id":"https:\/\/canalizadordelisboa.pt\/testemunhos-de-clientes\/#primaryimage","url":"https:\/\/canalizadordelisboa.pt\/wp-content\/uploads\/2026\/04\/testemunhos-1.jpg","contentUrl":"https:\/\/canalizadordelisboa.pt\/wp-content\/uploads\/2026\/04\/testemunhos-1.jpg"},{"@type":"BreadcrumbList","@id":"https:\/\/canalizadordelisboa.pt\/testemunhos-de-clientes\/#breadcrumb","itemListElement":[{"@type":"ListItem","position":1,"name":"Accueil","item":"https:\/\/canalizadordelisboa.pt\/"},{"@type":"ListItem","position":2,"name":"Testemunhos de Clientes \u2014 Canalizador de Lisboa"}]},{"@type":"WebSite","@id":"https:\/\/canalizadordelisboa.pt\/#website","url":"https:\/\/canalizadordelisboa.pt\/","name":"Canalizador de Lisboa","description":"Servizi idraulici e di drenaggio di alta qualit\u00e0 a Lisbona.","potentialAction":[{"@type":"SearchAction","target":{"@type":"EntryPoint","urlTemplate":"https:\/\/canalizadordelisboa.pt\/?s={search_term_string}"},"query-input":{"@type":"PropertyValueSpecification","valueRequired":true,"valueName":"search_term_string"}}],"inLanguage":"it-IT"}]}},"_links":{"self":[{"href":"https:\/\/canalizadordelisboa.pt\/it\/wp-json\/wp\/v2\/pages\/3799","targetHints":{"allow":["GET"]}}],"collection":[{"href":"https:\/\/canalizadordelisboa.pt\/it\/wp-json\/wp\/v2\/pages"}],"about":[{"href":"https:\/\/canalizadordelisboa.pt\/it\/wp-json\/wp\/v2\/types\/page"}],"author":[{"embeddable":true,"href":"https:\/\/canalizadordelisboa.pt\/it\/wp-json\/wp\/v2\/users\/1"}],"replies":[{"embeddable":true,"href":"https:\/\/canalizadordelisboa.pt\/it\/wp-json\/wp\/v2\/comments?post=3799"}],"version-history":[{"count":13,"href":"https:\/\/canalizadordelisboa.pt\/it\/wp-json\/wp\/v2\/pages\/3799\/revisions"}],"predecessor-version":[{"id":3820,"href":"https:\/\/canalizadordelisboa.pt\/it\/wp-json\/wp\/v2\/pages\/3799\/revisions\/3820"}],"wp:attachment":[{"href":"https:\/\/canalizadordelisboa.pt\/it\/wp-json\/wp\/v2\/media?parent=3799"}],"curies":[{"name":"wp","href":"https:\/\/api.w.org\/{rel}","templated":true}]}}