{"id":3778,"date":"2026-04-28T10:47:49","date_gmt":"2026-04-28T10:47:49","guid":{"rendered":"https:\/\/canalizadordelisboa.pt\/?page_id=3778"},"modified":"2026-04-28T10:47:49","modified_gmt":"2026-04-28T10:47:49","slug":"installazione-sanitaria-lisbona","status":"publish","type":"page","link":"https:\/\/canalizadordelisboa.pt\/it\/instalacao-sanitaria-lisboa\/","title":{"rendered":"Installazione sanitaria Lisbona"},"content":{"rendered":"<p>Avete un progetto di installazione di impianti sanitari a Lisbona e non sapete chi chiamare? Contattate <a href=\"https:\/\/canalizadordelisboa.pt\/it\/\">Canalizador de Lisboa<\/a> e invieremo al pi\u00f9 presto un tecnico qualificato a casa vostra per valutare la situazione ed eseguire l'installazione. Non perdete tempo: chiamateci subito.<\/p>\n<h2>Che cos'\u00e8 un impianto sanitario?<\/h2>\n<p>Un impianto sanitario comprende tutte le apparecchiature collegate alla rete idrica e fognaria di un bagno o di una cucina: WC, lavabi, piatti doccia, vasche da bagno, lavandini e i relativi collegamenti idraulici. Un'installazione ben fatta previene perdite, umidit\u00e0 e problemi futuri.<\/p>\n<h2>Quando serve un'installazione sanitaria<\/h2>\n<ul>\n<li>Ristrutturazione o rinnovo del bagno<\/li>\n<li>Sostituzione di apparecchiature vecchie o danneggiate<\/li>\n<li>Installazione dopo i lavori di costruzione<\/li>\n<li><a href=\"https:\/\/canalizadordelisboa.pt\/it\/installazione-di-servizi-igienici-a-lisbona\/\">Installazione di una nuova toilette<\/a> o lavabo<\/li>\n<li>Installazione di un piatto doccia o <a href=\"https:\/\/canalizadordelisboa.pt\/it\/installazione-vasca-da-bagno-lisbona\/\">nuova vasca da bagno<\/a><\/li>\n<\/ul>\n<h2>Cosa comprende il servizio<\/h2>\n<ul>\n<li>Valutazione tecnica in loco<\/li>\n<li>Allacciamento alle reti di acqua calda e fredda e alle fognature<\/li>\n<li>Montaggio e fissaggio di apparecchiature sanitarie<\/li>\n<li>Sigillatura e finitura con silicone<\/li>\n<li>Test di funzionamento e controllo della tenuta<\/li>\n<\/ul>\n<h2>Perch\u00e9 scegliere l'idraulico di Lisbona<\/h2>\n<p>A <a href=\"https:\/\/canalizadordelisboa.pt\/it\/\">Canalizador de Lisboa<\/a> \u00e8 l'azienda consigliata per le installazioni sanitarie a Lisbona. I nostri tecnici lavorano con rigore, rispondono rapidamente e lasciano tutto pulito e funzionante. Vedi anche il nostro <a href=\"https:\/\/canalizadordelisboa.pt\/it\/ristrutturazione-bagno-lisbona\/\">ristrutturazione di bagni a Lisbona<\/a>.<\/p>\n<p>Non aspettate oltre: contattateci subito e risolvete la vostra installazione di impianti sanitari in tempi brevi.<\/p>","protected":false},"excerpt":{"rendered":"<p>Tem um projeto de instala\u00e7\u00e3o sanit\u00e1ria em Lisboa e n\u00e3o sabe a quem ligar? Contacte j\u00e1 a Canalizador de Lisboa e enviamos um t\u00e9cnico qualificado \u00e0 sua casa o mais rapidamente poss\u00edvel para avaliar a situa\u00e7\u00e3o e realizar a instala\u00e7\u00e3o. N\u00e3o perca tempo \u2014 ligue agora. O que \u00e9 uma instala\u00e7\u00e3o sanit\u00e1ria Uma instala\u00e7\u00e3o sanit\u00e1ria [&hellip;]<\/p>\n","protected":false},"author":1,"featured_media":0,"parent":0,"menu_order":0,"comment_status":"closed","ping_status":"closed","template":"","meta":{"iawp_total_views":0,"footnotes":""},"class_list":["post-3778","page","type-page","status-publish","hentry"],"yoast_head":"<!-- This site is optimized with the Yoast SEO plugin v27.4 - https:\/\/yoast.com\/product\/yoast-seo-wordpress\/ -->\n<title>Instala\u00e7\u00e3o Sanit\u00e1ria Lisboa<\/title>\n<meta name=\"description\" content=\"Instala\u00e7\u00e3o sanit\u00e1ria em Lisboa? A Canalizador de Lisboa instala sanitas, lavat\u00f3rios e bases de duche com rapidez. Ligue agora e resolva o problema.\" \/>\n<meta name=\"robots\" content=\"index, follow, max-snippet:-1, max-image-preview:large, max-video-preview:-1\" \/>\n<link rel=\"canonical\" href=\"https:\/\/canalizadordelisboa.pt\/it\/installazione-sanitaria-lisbona\/\" \/>\n<meta property=\"og:locale\" content=\"it_IT\" \/>\n<meta property=\"og:type\" content=\"article\" \/>\n<meta property=\"og:title\" content=\"Instala\u00e7\u00e3o Sanit\u00e1ria Lisboa\" \/>\n<meta property=\"og:description\" content=\"Instala\u00e7\u00e3o sanit\u00e1ria em Lisboa? A Canalizador de Lisboa instala sanitas, lavat\u00f3rios e bases de duche com rapidez. Ligue agora e resolva o problema.\" \/>\n<meta property=\"og:url\" content=\"https:\/\/canalizadordelisboa.pt\/it\/installazione-sanitaria-lisbona\/\" \/>\n<meta property=\"og:site_name\" content=\"Canalizador de Lisboa\" \/>\n<meta name=\"twitter:card\" content=\"summary_large_image\" \/>\n<script type=\"application\/ld+json\" class=\"yoast-schema-graph\">{\"@context\":\"https:\\\/\\\/schema.org\",\"@graph\":[{\"@type\":\"WebPage\",\"@id\":\"https:\\\/\\\/canalizadordelisboa.pt\\\/instalacao-sanitaria-lisboa\\\/\",\"url\":\"https:\\\/\\\/canalizadordelisboa.pt\\\/instalacao-sanitaria-lisboa\\\/\",\"name\":\"Instala\u00e7\u00e3o Sanit\u00e1ria Lisboa\",\"isPartOf\":{\"@id\":\"https:\\\/\\\/canalizadordelisboa.pt\\\/#website\"},\"datePublished\":\"2026-04-28T10:47:49+00:00\",\"description\":\"Instala\u00e7\u00e3o sanit\u00e1ria em Lisboa? A Canalizador de Lisboa instala sanitas, lavat\u00f3rios e bases de duche com rapidez. Ligue agora e resolva o problema.\",\"breadcrumb\":{\"@id\":\"https:\\\/\\\/canalizadordelisboa.pt\\\/instalacao-sanitaria-lisboa\\\/#breadcrumb\"},\"inLanguage\":\"it-IT\",\"potentialAction\":[{\"@type\":\"ReadAction\",\"target\":[\"https:\\\/\\\/canalizadordelisboa.pt\\\/instalacao-sanitaria-lisboa\\\/\"]}]},{\"@type\":\"BreadcrumbList\",\"@id\":\"https:\\\/\\\/canalizadordelisboa.pt\\\/instalacao-sanitaria-lisboa\\\/#breadcrumb\",\"itemListElement\":[{\"@type\":\"ListItem\",\"position\":1,\"name\":\"Accueil\",\"item\":\"https:\\\/\\\/canalizadordelisboa.pt\\\/\"},{\"@type\":\"ListItem\",\"position\":2,\"name\":\"Instala\u00e7\u00e3o Sanit\u00e1ria Lisboa\"}]},{\"@type\":\"WebSite\",\"@id\":\"https:\\\/\\\/canalizadordelisboa.pt\\\/#website\",\"url\":\"https:\\\/\\\/canalizadordelisboa.pt\\\/\",\"name\":\"Canalizador de Lisboa\",\"description\":\"Servi\u00e7os de canaliza\u00e7\u00e3o e desentupimentos de alta qualidade em Lisboa.\",\"potentialAction\":[{\"@type\":\"SearchAction\",\"target\":{\"@type\":\"EntryPoint\",\"urlTemplate\":\"https:\\\/\\\/canalizadordelisboa.pt\\\/?s={search_term_string}\"},\"query-input\":{\"@type\":\"PropertyValueSpecification\",\"valueRequired\":true,\"valueName\":\"search_term_string\"}}],\"inLanguage\":\"it-IT\"}]}<\/script>\n<!-- \/ Yoast SEO plugin. -->","yoast_head_json":{"title":"Installazione sanitaria Lisbona","description":"Installazione di un WC a Lisbona? L'idraulico di Lisbona installa rapidamente WC, lavabi e piatti doccia. Chiamate ora e risolvete il problema.","robots":{"index":"index","follow":"follow","max-snippet":"max-snippet:-1","max-image-preview":"max-image-preview:large","max-video-preview":"max-video-preview:-1"},"canonical":"https:\/\/canalizadordelisboa.pt\/it\/installazione-sanitaria-lisbona\/","og_locale":"it_IT","og_type":"article","og_title":"Instala\u00e7\u00e3o Sanit\u00e1ria Lisboa","og_description":"Instala\u00e7\u00e3o sanit\u00e1ria em Lisboa? A Canalizador de Lisboa instala sanitas, lavat\u00f3rios e bases de duche com rapidez. Ligue agora e resolva o problema.","og_url":"https:\/\/canalizadordelisboa.pt\/it\/installazione-sanitaria-lisbona\/","og_site_name":"Canalizador de Lisboa","twitter_card":"summary_large_image","schema":{"@context":"https:\/\/schema.org","@graph":[{"@type":"WebPage","@id":"https:\/\/canalizadordelisboa.pt\/instalacao-sanitaria-lisboa\/","url":"https:\/\/canalizadordelisboa.pt\/instalacao-sanitaria-lisboa\/","name":"Installazione sanitaria Lisbona","isPartOf":{"@id":"https:\/\/canalizadordelisboa.pt\/#website"},"datePublished":"2026-04-28T10:47:49+00:00","description":"Installazione di un WC a Lisbona? L'idraulico di Lisbona installa rapidamente WC, lavabi e piatti doccia. Chiamate ora e risolvete il problema.","breadcrumb":{"@id":"https:\/\/canalizadordelisboa.pt\/instalacao-sanitaria-lisboa\/#breadcrumb"},"inLanguage":"it-IT","potentialAction":[{"@type":"ReadAction","target":["https:\/\/canalizadordelisboa.pt\/instalacao-sanitaria-lisboa\/"]}]},{"@type":"BreadcrumbList","@id":"https:\/\/canalizadordelisboa.pt\/instalacao-sanitaria-lisboa\/#breadcrumb","itemListElement":[{"@type":"ListItem","position":1,"name":"Accueil","item":"https:\/\/canalizadordelisboa.pt\/"},{"@type":"ListItem","position":2,"name":"Instala\u00e7\u00e3o Sanit\u00e1ria Lisboa"}]},{"@type":"WebSite","@id":"https:\/\/canalizadordelisboa.pt\/#website","url":"https:\/\/canalizadordelisboa.pt\/","name":"Canalizador de Lisboa","description":"Servizi idraulici e di drenaggio di alta qualit\u00e0 a Lisbona.","potentialAction":[{"@type":"SearchAction","target":{"@type":"EntryPoint","urlTemplate":"https:\/\/canalizadordelisboa.pt\/?s={search_term_string}"},"query-input":{"@type":"PropertyValueSpecification","valueRequired":true,"valueName":"search_term_string"}}],"inLanguage":"it-IT"}]}},"_links":{"self":[{"href":"https:\/\/canalizadordelisboa.pt\/it\/wp-json\/wp\/v2\/pages\/3778","targetHints":{"allow":["GET"]}}],"collection":[{"href":"https:\/\/canalizadordelisboa.pt\/it\/wp-json\/wp\/v2\/pages"}],"about":[{"href":"https:\/\/canalizadordelisboa.pt\/it\/wp-json\/wp\/v2\/types\/page"}],"author":[{"embeddable":true,"href":"https:\/\/canalizadordelisboa.pt\/it\/wp-json\/wp\/v2\/users\/1"}],"replies":[{"embeddable":true,"href":"https:\/\/canalizadordelisboa.pt\/it\/wp-json\/wp\/v2\/comments?post=3778"}],"version-history":[{"count":1,"href":"https:\/\/canalizadordelisboa.pt\/it\/wp-json\/wp\/v2\/pages\/3778\/revisions"}],"predecessor-version":[{"id":3779,"href":"https:\/\/canalizadordelisboa.pt\/it\/wp-json\/wp\/v2\/pages\/3778\/revisions\/3779"}],"wp:attachment":[{"href":"https:\/\/canalizadordelisboa.pt\/it\/wp-json\/wp\/v2\/media?parent=3778"}],"curies":[{"name":"wp","href":"https:\/\/api.w.org\/{rel}","templated":true}]}}