{"id":3667,"date":"2026-03-05T16:17:48","date_gmt":"2026-03-05T16:17:48","guid":{"rendered":"https:\/\/canalizadordelisboa.pt\/?page_id=3667"},"modified":"2026-03-09T10:20:53","modified_gmt":"2026-03-09T10:20:53","slug":"riparazione-e-isolamento-della-base-della-toilette","status":"publish","type":"page","link":"https:\/\/canalizadordelisboa.pt\/it\/reparacao-e-isolamento-da-base-da-sanita\/","title":{"rendered":"Riparazione e isolamento della base della toilette"},"content":{"rendered":"<p>La base della toilette deve essere perfettamente sigillata per evitare perdite d'acqua, infiltrazioni nel pavimento e cattivi odori provenienti dalle tubature. Quando l'isolamento \u00e8 danneggiato o la toilette non \u00e8 fissata correttamente, possono verificarsi problemi come acqua sul pavimento del bagno o cattivi odori.<\/p>\n<p><img fetchpriority=\"high\" decoding=\"async\" src=\"https:\/\/canalizadordelisboa.pt\/wp-content\/uploads\/2026\/03\/Reparacao-e-isolamento-de-base-Tampa-de-sanita.jpg-300x257.jpeg\" alt=\"Riparazione e isolamento della base + Copriwater.jpg\" width=\"300\" height=\"257\" class=\"alignnone size-medium wp-image-3668\" srcset=\"https:\/\/canalizadordelisboa.pt\/wp-content\/uploads\/2026\/03\/Reparacao-e-isolamento-de-base-Tampa-de-sanita.jpg-300x257.jpeg 300w, https:\/\/canalizadordelisboa.pt\/wp-content\/uploads\/2026\/03\/Reparacao-e-isolamento-de-base-Tampa-de-sanita.jpg-14x12.jpeg 14w, https:\/\/canalizadordelisboa.pt\/wp-content\/uploads\/2026\/03\/Reparacao-e-isolamento-de-base-Tampa-de-sanita.jpg.jpeg 700w\" sizes=\"(max-width: 300px) 100vw, 300px\" \/><\/p>\n<p>Per garantire una riparazione sicura e duratura, <a href=\"https:\/\/canalizadordelisboa.pt\/it\/\">l'azienda di idraulici di Lisbona<\/a> ripara e isola la base dei servizi igienici di case, appartamenti e stabilimenti a Lisbona.<\/p>\n<h2>Segni di un problema alla tavoletta del water<\/h2>\n<ul>\n<li>Comparsa di acqua intorno alla base<\/li>\n<li><a href=\"https:\/\/canalizadordelisboa.pt\/it\/come-eliminare-i-cattivi-odori-dalle-tubature-del-bagno\/\">Cattivo odore<\/a> persistente in <a href=\"https:\/\/canalizadordelisboa.pt\/it\/ristrutturazione-bagno-lisbona-2\/\">bagno<\/a><\/li>\n<li>WC leggermente allentato o in movimento<\/li>\n<li>Umidit\u00e0 nel pavimento o nei giunti del pavimento<\/li>\n<\/ul>\n<h2>Possibili cause<\/h2>\n<ul>\n<li>Guarnizione in silicone deteriorata<\/li>\n<li>Giunto di collegamento alla fognatura usurato<\/li>\n<li>Viti di fissaggio allentate<\/li>\n<li>Installazione errata della toilette<\/li>\n<\/ul>\n<h2>Come viene effettuata la riparazione<\/h2>\n<ul>\n<li>Rimozione della vecchia guarnizione<\/li>\n<li>Controllo dell'allacciamento alla rete fognaria<\/li>\n<li>Sostituzione della guarnizione o dell'anello di tenuta<\/li>\n<li>Fissare correttamente la toilette al pavimento<\/li>\n<li>Applicazione del nuovo isolamento con silicone sanitario<\/li>\n<\/ul>\n<h2>Quando chiamare un idraulico<\/h2>\n<p>Se l'acqua continua a comparire alla base della toilette, se ci sono infiltrazioni sul pavimento o se la toilette \u00e8 instabile, l'ideale \u00e8 fare un controllo tecnico per evitare ulteriori danni.<\/p>\n<p>A <a href=\"https:\/\/canalizadordelisboa.pt\/it\/\">Azienda idraulica di Lisbona<\/a> esegue la riparazione e l'isolamento della base del bagno con un intervento rapido e professionale a Lisbona e dintorni.<\/p>","protected":false},"excerpt":{"rendered":"<p>A base da sanita deve estar perfeitamente vedada para evitar fugas de \u00e1gua, infiltra\u00e7\u00f5es no ch\u00e3o e maus odores provenientes da canaliza\u00e7\u00e3o. Quando o isolamento est\u00e1 danificado ou a sanita n\u00e3o est\u00e1 bem fixada, podem surgir problemas como \u00e1gua no ch\u00e3o da casa de banho ou cheiro desagrad\u00e1vel. Para garantir uma repara\u00e7\u00e3o segura e duradoura, [&hellip;]<\/p>\n","protected":false},"author":1,"featured_media":3668,"parent":0,"menu_order":0,"comment_status":"closed","ping_status":"closed","template":"","meta":{"iawp_total_views":10,"footnotes":""},"class_list":["post-3667","page","type-page","status-publish","has-post-thumbnail","hentry"],"yoast_head":"<!-- This site is optimized with the Yoast SEO plugin v27.4 - https:\/\/yoast.com\/product\/yoast-seo-wordpress\/ -->\n<title>Repara\u00e7\u00e3o e isolamento da base da sanita<\/title>\n<meta name=\"description\" content=\"Repara\u00e7\u00e3o e isolamento da base da sanita para evitar fugas de \u00e1gua, maus odores e infiltra\u00e7\u00f5es. Servi\u00e7o profissional em Lisboa.\" \/>\n<meta name=\"robots\" content=\"index, follow, max-snippet:-1, max-image-preview:large, max-video-preview:-1\" \/>\n<link rel=\"canonical\" href=\"https:\/\/canalizadordelisboa.pt\/it\/riparazione-e-isolamento-della-base-della-toilette\/\" \/>\n<meta property=\"og:locale\" content=\"it_IT\" \/>\n<meta property=\"og:type\" content=\"article\" \/>\n<meta property=\"og:title\" content=\"Repara\u00e7\u00e3o e isolamento da base da sanita\" \/>\n<meta property=\"og:description\" content=\"Repara\u00e7\u00e3o e isolamento da base da sanita para evitar fugas de \u00e1gua, maus odores e infiltra\u00e7\u00f5es. Servi\u00e7o profissional em Lisboa.\" \/>\n<meta property=\"og:url\" content=\"https:\/\/canalizadordelisboa.pt\/it\/riparazione-e-isolamento-della-base-della-toilette\/\" \/>\n<meta property=\"og:site_name\" content=\"Canalizador de Lisboa\" \/>\n<meta property=\"article:modified_time\" content=\"2026-03-09T10:20:53+00:00\" \/>\n<meta property=\"og:image\" content=\"https:\/\/canalizadordelisboa.pt\/wp-content\/uploads\/2026\/03\/Reparacao-e-isolamento-de-base-Tampa-de-sanita.jpg.jpeg\" \/>\n\t<meta property=\"og:image:width\" content=\"700\" \/>\n\t<meta property=\"og:image:height\" content=\"600\" \/>\n\t<meta property=\"og:image:type\" content=\"image\/jpeg\" \/>\n<meta name=\"twitter:card\" content=\"summary_large_image\" \/>\n<meta name=\"twitter:label1\" content=\"Tempo di lettura stimato\" \/>\n\t<meta name=\"twitter:data1\" content=\"2 minuti\" \/>\n<script type=\"application\/ld+json\" class=\"yoast-schema-graph\">{\"@context\":\"https:\\\/\\\/schema.org\",\"@graph\":[{\"@type\":\"WebPage\",\"@id\":\"https:\\\/\\\/canalizadordelisboa.pt\\\/reparacao-e-isolamento-da-base-da-sanita\\\/\",\"url\":\"https:\\\/\\\/canalizadordelisboa.pt\\\/reparacao-e-isolamento-da-base-da-sanita\\\/\",\"name\":\"Repara\u00e7\u00e3o e isolamento da base da sanita\",\"isPartOf\":{\"@id\":\"https:\\\/\\\/canalizadordelisboa.pt\\\/#website\"},\"primaryImageOfPage\":{\"@id\":\"https:\\\/\\\/canalizadordelisboa.pt\\\/reparacao-e-isolamento-da-base-da-sanita\\\/#primaryimage\"},\"image\":{\"@id\":\"https:\\\/\\\/canalizadordelisboa.pt\\\/reparacao-e-isolamento-da-base-da-sanita\\\/#primaryimage\"},\"thumbnailUrl\":\"https:\\\/\\\/canalizadordelisboa.pt\\\/wp-content\\\/uploads\\\/2026\\\/03\\\/Reparacao-e-isolamento-de-base-Tampa-de-sanita.jpg.jpeg\",\"datePublished\":\"2026-03-05T16:17:48+00:00\",\"dateModified\":\"2026-03-09T10:20:53+00:00\",\"description\":\"Repara\u00e7\u00e3o e isolamento da base da sanita para evitar fugas de \u00e1gua, maus odores e infiltra\u00e7\u00f5es. Servi\u00e7o profissional em Lisboa.\",\"breadcrumb\":{\"@id\":\"https:\\\/\\\/canalizadordelisboa.pt\\\/reparacao-e-isolamento-da-base-da-sanita\\\/#breadcrumb\"},\"inLanguage\":\"it-IT\",\"potentialAction\":[{\"@type\":\"ReadAction\",\"target\":[\"https:\\\/\\\/canalizadordelisboa.pt\\\/reparacao-e-isolamento-da-base-da-sanita\\\/\"]}]},{\"@type\":\"ImageObject\",\"inLanguage\":\"it-IT\",\"@id\":\"https:\\\/\\\/canalizadordelisboa.pt\\\/reparacao-e-isolamento-da-base-da-sanita\\\/#primaryimage\",\"url\":\"https:\\\/\\\/canalizadordelisboa.pt\\\/wp-content\\\/uploads\\\/2026\\\/03\\\/Reparacao-e-isolamento-de-base-Tampa-de-sanita.jpg.jpeg\",\"contentUrl\":\"https:\\\/\\\/canalizadordelisboa.pt\\\/wp-content\\\/uploads\\\/2026\\\/03\\\/Reparacao-e-isolamento-de-base-Tampa-de-sanita.jpg.jpeg\",\"width\":700,\"height\":600,\"caption\":\"Reparac\u0327a\u0303o e isolamento de base + Tampa de sanita.jpg\"},{\"@type\":\"BreadcrumbList\",\"@id\":\"https:\\\/\\\/canalizadordelisboa.pt\\\/reparacao-e-isolamento-da-base-da-sanita\\\/#breadcrumb\",\"itemListElement\":[{\"@type\":\"ListItem\",\"position\":1,\"name\":\"Accueil\",\"item\":\"https:\\\/\\\/canalizadordelisboa.pt\\\/\"},{\"@type\":\"ListItem\",\"position\":2,\"name\":\"Repara\u00e7\u00e3o e isolamento da base da sanita\"}]},{\"@type\":\"WebSite\",\"@id\":\"https:\\\/\\\/canalizadordelisboa.pt\\\/#website\",\"url\":\"https:\\\/\\\/canalizadordelisboa.pt\\\/\",\"name\":\"Canalizador de Lisboa\",\"description\":\"Servi\u00e7os de canaliza\u00e7\u00e3o e desentupimentos de alta qualidade em Lisboa.\",\"potentialAction\":[{\"@type\":\"SearchAction\",\"target\":{\"@type\":\"EntryPoint\",\"urlTemplate\":\"https:\\\/\\\/canalizadordelisboa.pt\\\/?s={search_term_string}\"},\"query-input\":{\"@type\":\"PropertyValueSpecification\",\"valueRequired\":true,\"valueName\":\"search_term_string\"}}],\"inLanguage\":\"it-IT\"}]}<\/script>\n<!-- \/ Yoast SEO plugin. -->","yoast_head_json":{"title":"Riparazione e isolamento della base della toilette","description":"Riparazione e isolamento della base della toilette per evitare perdite d'acqua, cattivi odori e infiltrazioni. Servizio professionale a Lisbona.","robots":{"index":"index","follow":"follow","max-snippet":"max-snippet:-1","max-image-preview":"max-image-preview:large","max-video-preview":"max-video-preview:-1"},"canonical":"https:\/\/canalizadordelisboa.pt\/it\/riparazione-e-isolamento-della-base-della-toilette\/","og_locale":"it_IT","og_type":"article","og_title":"Repara\u00e7\u00e3o e isolamento da base da sanita","og_description":"Repara\u00e7\u00e3o e isolamento da base da sanita para evitar fugas de \u00e1gua, maus odores e infiltra\u00e7\u00f5es. Servi\u00e7o profissional em Lisboa.","og_url":"https:\/\/canalizadordelisboa.pt\/it\/riparazione-e-isolamento-della-base-della-toilette\/","og_site_name":"Canalizador de Lisboa","article_modified_time":"2026-03-09T10:20:53+00:00","og_image":[{"width":700,"height":600,"url":"https:\/\/canalizadordelisboa.pt\/wp-content\/uploads\/2026\/03\/Reparacao-e-isolamento-de-base-Tampa-de-sanita.jpg.jpeg","type":"image\/jpeg"}],"twitter_card":"summary_large_image","twitter_misc":{"Tempo di lettura stimato":"2 minuti"},"schema":{"@context":"https:\/\/schema.org","@graph":[{"@type":"WebPage","@id":"https:\/\/canalizadordelisboa.pt\/reparacao-e-isolamento-da-base-da-sanita\/","url":"https:\/\/canalizadordelisboa.pt\/reparacao-e-isolamento-da-base-da-sanita\/","name":"Riparazione e isolamento della base della toilette","isPartOf":{"@id":"https:\/\/canalizadordelisboa.pt\/#website"},"primaryImageOfPage":{"@id":"https:\/\/canalizadordelisboa.pt\/reparacao-e-isolamento-da-base-da-sanita\/#primaryimage"},"image":{"@id":"https:\/\/canalizadordelisboa.pt\/reparacao-e-isolamento-da-base-da-sanita\/#primaryimage"},"thumbnailUrl":"https:\/\/canalizadordelisboa.pt\/wp-content\/uploads\/2026\/03\/Reparacao-e-isolamento-de-base-Tampa-de-sanita.jpg.jpeg","datePublished":"2026-03-05T16:17:48+00:00","dateModified":"2026-03-09T10:20:53+00:00","description":"Riparazione e isolamento della base della toilette per evitare perdite d'acqua, cattivi odori e infiltrazioni. Servizio professionale a Lisbona.","breadcrumb":{"@id":"https:\/\/canalizadordelisboa.pt\/reparacao-e-isolamento-da-base-da-sanita\/#breadcrumb"},"inLanguage":"it-IT","potentialAction":[{"@type":"ReadAction","target":["https:\/\/canalizadordelisboa.pt\/reparacao-e-isolamento-da-base-da-sanita\/"]}]},{"@type":"ImageObject","inLanguage":"it-IT","@id":"https:\/\/canalizadordelisboa.pt\/reparacao-e-isolamento-da-base-da-sanita\/#primaryimage","url":"https:\/\/canalizadordelisboa.pt\/wp-content\/uploads\/2026\/03\/Reparacao-e-isolamento-de-base-Tampa-de-sanita.jpg.jpeg","contentUrl":"https:\/\/canalizadordelisboa.pt\/wp-content\/uploads\/2026\/03\/Reparacao-e-isolamento-de-base-Tampa-de-sanita.jpg.jpeg","width":700,"height":600,"caption":"Reparac\u0327a\u0303o e isolamento de base + Tampa de sanita.jpg"},{"@type":"BreadcrumbList","@id":"https:\/\/canalizadordelisboa.pt\/reparacao-e-isolamento-da-base-da-sanita\/#breadcrumb","itemListElement":[{"@type":"ListItem","position":1,"name":"Accueil","item":"https:\/\/canalizadordelisboa.pt\/"},{"@type":"ListItem","position":2,"name":"Repara\u00e7\u00e3o e isolamento da base da sanita"}]},{"@type":"WebSite","@id":"https:\/\/canalizadordelisboa.pt\/#website","url":"https:\/\/canalizadordelisboa.pt\/","name":"Canalizador de Lisboa","description":"Servizi idraulici e di drenaggio di alta qualit\u00e0 a Lisbona.","potentialAction":[{"@type":"SearchAction","target":{"@type":"EntryPoint","urlTemplate":"https:\/\/canalizadordelisboa.pt\/?s={search_term_string}"},"query-input":{"@type":"PropertyValueSpecification","valueRequired":true,"valueName":"search_term_string"}}],"inLanguage":"it-IT"}]}},"_links":{"self":[{"href":"https:\/\/canalizadordelisboa.pt\/it\/wp-json\/wp\/v2\/pages\/3667","targetHints":{"allow":["GET"]}}],"collection":[{"href":"https:\/\/canalizadordelisboa.pt\/it\/wp-json\/wp\/v2\/pages"}],"about":[{"href":"https:\/\/canalizadordelisboa.pt\/it\/wp-json\/wp\/v2\/types\/page"}],"author":[{"embeddable":true,"href":"https:\/\/canalizadordelisboa.pt\/it\/wp-json\/wp\/v2\/users\/1"}],"replies":[{"embeddable":true,"href":"https:\/\/canalizadordelisboa.pt\/it\/wp-json\/wp\/v2\/comments?post=3667"}],"version-history":[{"count":3,"href":"https:\/\/canalizadordelisboa.pt\/it\/wp-json\/wp\/v2\/pages\/3667\/revisions"}],"predecessor-version":[{"id":3685,"href":"https:\/\/canalizadordelisboa.pt\/it\/wp-json\/wp\/v2\/pages\/3667\/revisions\/3685"}],"wp:featuredmedia":[{"embeddable":true,"href":"https:\/\/canalizadordelisboa.pt\/it\/wp-json\/wp\/v2\/media\/3668"}],"wp:attachment":[{"href":"https:\/\/canalizadordelisboa.pt\/it\/wp-json\/wp\/v2\/media?parent=3667"}],"curies":[{"name":"wp","href":"https:\/\/api.w.org\/{rel}","templated":true}]}}