{"id":3242,"date":"2024-11-06T09:09:33","date_gmt":"2024-11-06T09:09:33","guid":{"rendered":"https:\/\/canalizadordelisboa.pt\/?page_id=3242"},"modified":"2024-11-06T09:12:31","modified_gmt":"2024-11-06T09:12:31","slug":"installazione-di-servizi-igienici-a-lisbona","status":"publish","type":"page","link":"https:\/\/canalizadordelisboa.pt\/it\/instalacao-de-sanitas-lisboa\/","title":{"rendered":"Installazione WC Lisbon - Canalizador de Lisboa"},"content":{"rendered":"<p>In <strong>Canalizador de Lisboa<\/strong>offriamo un servizio specializzato <strong>installazione di servizi igienici a Lisbona<\/strong>. Con un team professionale ed esperto, garantiamo che la vostra toilette sar\u00e0 installata in modo sicuro, efficiente e con una finitura impeccabile, assicurando la massima funzionalit\u00e0 e il massimo comfort per il vostro bagno.<\/p>\n<h2>Perch\u00e9 scegliere un'installazione professionale della toilette?<\/h2>\n<p>Un'installazione professionale della toilette garantisce il corretto funzionamento ed evita problemi come perdite e intasamenti. Con <strong>Canalizador de Lisboa<\/strong>Se avete un serbatoio dell'acqua, potete assicurarvi che l'installazione sia corretta, il che non solo ottimizza l'uso dell'acqua, ma previene anche problemi futuri, facendovi risparmiare tempo e denaro.<\/p>\n<h3>Tipi di servizi igienici che installiamo<\/h3>\n<p>Adattiamo il servizio di installazione al tipo di toilette che meglio si adatta al vostro spazio e alle vostre esigenze:<\/p>\n<ul>\n<li><strong>Bagni a pavimento:<\/strong> Tradizionale e stabile, ideale per la maggior parte dei bagni.<\/li>\n<li><strong>Servizi igienici sospesi:<\/strong> Fissato alla parete, conferisce un aspetto moderno e facilita la pulizia del pavimento.<\/li>\n<li><strong>WC a doppio scarico:<\/strong> Con il risciacquo parziale e completo, aiutano a risparmiare acqua.<\/li>\n<li><strong>Servizi igienici con bidet integrato:<\/strong> Una soluzione pratica per chi desidera versatilit\u00e0 e comfort in bagno.<\/li>\n<\/ul>\n<h2>Il nostro processo di installazione della toilette<\/h2>\n<p>In <strong>Canalizador de Lisboa<\/strong>Seguiamo un processo meticoloso per garantire un'installazione sicura ed efficiente:<\/p>\n<ul>\n<li><strong>Valutazione e pianificazione:<\/strong> Valutiamo lo spazio e discutiamo le preferenze del cliente per scegliere il tipo di toilette pi\u00f9 adatto.<\/li>\n<li><strong>Bilancio trasparente:<\/strong> Forniamo un preventivo dettagliato, senza costi imprevisti.<\/li>\n<li><strong>Installazione professionale:<\/strong> Eseguiamo l'installazione con precisione, assicurando la giusta tenuta e l'adattamento.<\/li>\n<li><strong>Esecuzione del test:<\/strong> Controlliamo la toilette dopo l'installazione per verificare che non ci siano perdite e che tutto sia in perfette condizioni.<\/li>\n<\/ul>\n<h2>Perch\u00e9 scegliere Canalizador de Lisboa?<\/h2>\n<p>A <strong>Canalizador de Lisboa<\/strong> \u00e8 la scelta ideale per <strong>installazione di servizi igienici a Lisbona<\/strong> per i seguenti motivi:<\/p>\n<ul>\n<li><strong>Team esperto:<\/strong> Tecnici qualificati che garantiscono un'installazione perfetta e sicura.<\/li>\n<li><strong>Materiali di qualit\u00e0:<\/strong> Utilizziamo guarnizioni e materiali di prima qualit\u00e0 per garantire la durata nel tempo.<\/li>\n<li><strong>Servizio personalizzato:<\/strong> Adattiamo l'installazione alle preferenze del cliente e al design del bagno.<\/li>\n<li><strong>Preventivo chiaro e corretto:<\/strong> Senza sorprese, con dettagli trasparenti su tutti i costi.<\/li>\n<\/ul>","protected":false},"excerpt":{"rendered":"<p>Na Canalizador de Lisboa, oferecemos servi\u00e7os especializados de instala\u00e7\u00e3o de sanitas em Lisboa. Com uma equipa profissional e experiente, garantimos que a sua sanita ser\u00e1 instalada de forma segura, eficiente e com acabamento impec\u00e1vel, assegurando o m\u00e1ximo de funcionalidade e conforto para a sua casa de banho. Por Que Optar pela Instala\u00e7\u00e3o Profissional de Sanitas? [&hellip;]<\/p>\n","protected":false},"author":1,"featured_media":0,"parent":0,"menu_order":0,"comment_status":"closed","ping_status":"closed","template":"","meta":{"iawp_total_views":36,"footnotes":""},"class_list":["post-3242","page","type-page","status-publish","hentry"],"yoast_head":"<!-- This site is optimized with the Yoast SEO plugin v27.4 - https:\/\/yoast.com\/product\/yoast-seo-wordpress\/ -->\n<title>Instala\u00e7\u00e3o de Sanitas Lisboa - Canalizador de Lisboa<\/title>\n<meta name=\"description\" content=\"Servi\u00e7os de instala\u00e7\u00e3o de sanitas em Lisboa. Equipa profissional para garantir uma instala\u00e7\u00e3o segura, funcional e com acabamentos de qualidade.\" \/>\n<meta name=\"robots\" content=\"index, follow, max-snippet:-1, max-image-preview:large, max-video-preview:-1\" \/>\n<link rel=\"canonical\" href=\"https:\/\/canalizadordelisboa.pt\/it\/installazione-di-servizi-igienici-a-lisbona\/\" \/>\n<meta property=\"og:locale\" content=\"it_IT\" \/>\n<meta property=\"og:type\" content=\"article\" \/>\n<meta property=\"og:title\" content=\"Instala\u00e7\u00e3o de Sanitas Lisboa - Canalizador de Lisboa\" \/>\n<meta property=\"og:description\" content=\"Servi\u00e7os de instala\u00e7\u00e3o de sanitas em Lisboa. Equipa profissional para garantir uma instala\u00e7\u00e3o segura, funcional e com acabamentos de qualidade.\" \/>\n<meta property=\"og:url\" content=\"https:\/\/canalizadordelisboa.pt\/it\/installazione-di-servizi-igienici-a-lisbona\/\" \/>\n<meta property=\"og:site_name\" content=\"Canalizador de Lisboa\" \/>\n<meta property=\"article:modified_time\" content=\"2024-11-06T09:12:31+00:00\" \/>\n<meta name=\"twitter:card\" content=\"summary_large_image\" \/>\n<meta name=\"twitter:label1\" content=\"Tempo di lettura stimato\" \/>\n\t<meta name=\"twitter:data1\" content=\"2 minuti\" \/>\n<script type=\"application\/ld+json\" class=\"yoast-schema-graph\">{\"@context\":\"https:\\\/\\\/schema.org\",\"@graph\":[{\"@type\":\"WebPage\",\"@id\":\"https:\\\/\\\/canalizadordelisboa.pt\\\/instalacao-de-sanitas-lisboa\\\/\",\"url\":\"https:\\\/\\\/canalizadordelisboa.pt\\\/instalacao-de-sanitas-lisboa\\\/\",\"name\":\"Instala\u00e7\u00e3o de Sanitas Lisboa - Canalizador de Lisboa\",\"isPartOf\":{\"@id\":\"https:\\\/\\\/canalizadordelisboa.pt\\\/#website\"},\"datePublished\":\"2024-11-06T09:09:33+00:00\",\"dateModified\":\"2024-11-06T09:12:31+00:00\",\"description\":\"Servi\u00e7os de instala\u00e7\u00e3o de sanitas em Lisboa. Equipa profissional para garantir uma instala\u00e7\u00e3o segura, funcional e com acabamentos de qualidade.\",\"breadcrumb\":{\"@id\":\"https:\\\/\\\/canalizadordelisboa.pt\\\/instalacao-de-sanitas-lisboa\\\/#breadcrumb\"},\"inLanguage\":\"it-IT\",\"potentialAction\":[{\"@type\":\"ReadAction\",\"target\":[\"https:\\\/\\\/canalizadordelisboa.pt\\\/instalacao-de-sanitas-lisboa\\\/\"]}]},{\"@type\":\"BreadcrumbList\",\"@id\":\"https:\\\/\\\/canalizadordelisboa.pt\\\/instalacao-de-sanitas-lisboa\\\/#breadcrumb\",\"itemListElement\":[{\"@type\":\"ListItem\",\"position\":1,\"name\":\"Accueil\",\"item\":\"https:\\\/\\\/canalizadordelisboa.pt\\\/\"},{\"@type\":\"ListItem\",\"position\":2,\"name\":\"Instala\u00e7\u00e3o de Sanitas Lisboa &#8211; Canalizador de Lisboa\"}]},{\"@type\":\"WebSite\",\"@id\":\"https:\\\/\\\/canalizadordelisboa.pt\\\/#website\",\"url\":\"https:\\\/\\\/canalizadordelisboa.pt\\\/\",\"name\":\"Canalizador de Lisboa\",\"description\":\"Servi\u00e7os de canaliza\u00e7\u00e3o e desentupimentos de alta qualidade em Lisboa.\",\"potentialAction\":[{\"@type\":\"SearchAction\",\"target\":{\"@type\":\"EntryPoint\",\"urlTemplate\":\"https:\\\/\\\/canalizadordelisboa.pt\\\/?s={search_term_string}\"},\"query-input\":{\"@type\":\"PropertyValueSpecification\",\"valueRequired\":true,\"valueName\":\"search_term_string\"}}],\"inLanguage\":\"it-IT\"}]}<\/script>\n<!-- \/ Yoast SEO plugin. -->","yoast_head_json":{"title":"Installazione WC Lisbon - Canalizador de Lisboa","description":"Servizi di installazione di servizi igienici a Lisbona. Un team di professionisti garantisce un'installazione sicura e funzionale con finiture di qualit\u00e0.","robots":{"index":"index","follow":"follow","max-snippet":"max-snippet:-1","max-image-preview":"max-image-preview:large","max-video-preview":"max-video-preview:-1"},"canonical":"https:\/\/canalizadordelisboa.pt\/it\/installazione-di-servizi-igienici-a-lisbona\/","og_locale":"it_IT","og_type":"article","og_title":"Instala\u00e7\u00e3o de Sanitas Lisboa - Canalizador de Lisboa","og_description":"Servi\u00e7os de instala\u00e7\u00e3o de sanitas em Lisboa. Equipa profissional para garantir uma instala\u00e7\u00e3o segura, funcional e com acabamentos de qualidade.","og_url":"https:\/\/canalizadordelisboa.pt\/it\/installazione-di-servizi-igienici-a-lisbona\/","og_site_name":"Canalizador de Lisboa","article_modified_time":"2024-11-06T09:12:31+00:00","twitter_card":"summary_large_image","twitter_misc":{"Tempo di lettura stimato":"2 minuti"},"schema":{"@context":"https:\/\/schema.org","@graph":[{"@type":"WebPage","@id":"https:\/\/canalizadordelisboa.pt\/instalacao-de-sanitas-lisboa\/","url":"https:\/\/canalizadordelisboa.pt\/instalacao-de-sanitas-lisboa\/","name":"Installazione WC Lisbon - Canalizador de Lisboa","isPartOf":{"@id":"https:\/\/canalizadordelisboa.pt\/#website"},"datePublished":"2024-11-06T09:09:33+00:00","dateModified":"2024-11-06T09:12:31+00:00","description":"Servizi di installazione di servizi igienici a Lisbona. Un team di professionisti garantisce un'installazione sicura e funzionale con finiture di qualit\u00e0.","breadcrumb":{"@id":"https:\/\/canalizadordelisboa.pt\/instalacao-de-sanitas-lisboa\/#breadcrumb"},"inLanguage":"it-IT","potentialAction":[{"@type":"ReadAction","target":["https:\/\/canalizadordelisboa.pt\/instalacao-de-sanitas-lisboa\/"]}]},{"@type":"BreadcrumbList","@id":"https:\/\/canalizadordelisboa.pt\/instalacao-de-sanitas-lisboa\/#breadcrumb","itemListElement":[{"@type":"ListItem","position":1,"name":"Accueil","item":"https:\/\/canalizadordelisboa.pt\/"},{"@type":"ListItem","position":2,"name":"Instala\u00e7\u00e3o de Sanitas Lisboa &#8211; Canalizador de Lisboa"}]},{"@type":"WebSite","@id":"https:\/\/canalizadordelisboa.pt\/#website","url":"https:\/\/canalizadordelisboa.pt\/","name":"Canalizador de Lisboa","description":"Servizi idraulici e di drenaggio di alta qualit\u00e0 a Lisbona.","potentialAction":[{"@type":"SearchAction","target":{"@type":"EntryPoint","urlTemplate":"https:\/\/canalizadordelisboa.pt\/?s={search_term_string}"},"query-input":{"@type":"PropertyValueSpecification","valueRequired":true,"valueName":"search_term_string"}}],"inLanguage":"it-IT"}]}},"_links":{"self":[{"href":"https:\/\/canalizadordelisboa.pt\/it\/wp-json\/wp\/v2\/pages\/3242","targetHints":{"allow":["GET"]}}],"collection":[{"href":"https:\/\/canalizadordelisboa.pt\/it\/wp-json\/wp\/v2\/pages"}],"about":[{"href":"https:\/\/canalizadordelisboa.pt\/it\/wp-json\/wp\/v2\/types\/page"}],"author":[{"embeddable":true,"href":"https:\/\/canalizadordelisboa.pt\/it\/wp-json\/wp\/v2\/users\/1"}],"replies":[{"embeddable":true,"href":"https:\/\/canalizadordelisboa.pt\/it\/wp-json\/wp\/v2\/comments?post=3242"}],"version-history":[{"count":2,"href":"https:\/\/canalizadordelisboa.pt\/it\/wp-json\/wp\/v2\/pages\/3242\/revisions"}],"predecessor-version":[{"id":3246,"href":"https:\/\/canalizadordelisboa.pt\/it\/wp-json\/wp\/v2\/pages\/3242\/revisions\/3246"}],"wp:attachment":[{"href":"https:\/\/canalizadordelisboa.pt\/it\/wp-json\/wp\/v2\/media?parent=3242"}],"curies":[{"name":"wp","href":"https:\/\/api.w.org\/{rel}","templated":true}]}}