{"id":3113,"date":"2026-03-17T14:17:00","date_gmt":"2026-03-17T14:17:00","guid":{"rendered":"https:\/\/canalizadordelisboa.pt\/?page_id=3113"},"modified":"2026-04-23T13:56:28","modified_gmt":"2026-04-23T13:56:28","slug":"tutti-gli-articoli","status":"publish","type":"page","link":"https:\/\/canalizadordelisboa.pt\/it\/todos-os-artigos\/","title":{"rendered":"Tutti gli articoli"},"content":{"rendered":"<h2>Tutti i servizi a Lisbona:<\/h2>\n<p><a href=\"https:\/\/canalizadordelisboa.pt\/it\/impianto-idraulico-del-bagno-lisbona\/\">Idraulica del bagno Lisbona<\/a><\/p>\n<p><a href=\"https:\/\/canalizadordelisboa.pt\/it\/idraulico-desentope-lisboa\/\">Idraulico 24 ore Lisbon<\/a><\/p>\n<p><a href=\"https:\/\/canalizadordelisboa.pt\/it\/idraulico-24-ore-lisbona\/\">Idraulico di Lisbona<\/a><\/p>\n<p><a href=\"https:\/\/canalizadordelisboa.pt\/it\/idraulico-a-basso-costo-lisbona\/\">Idraulico a basso costo Lisbona<\/a><\/p>\n<p><a href=\"https:\/\/canalizadordelisboa.pt\/it\/idraulico-sul-posto-lisbona\/\">Idraulico sul posto Lisbon<\/a><\/p>\n<p><a href=\"https:\/\/canalizadordelisboa.pt\/it\/idraulico-urgente-lisbona\/\">Idraulico urgente Lisbona<\/a><\/p>\n<p><a href=\"https:\/\/canalizadordelisboa.pt\/it\/idraulici-lisbona-24-ore-su-24\/\">Idraulici 24h Lisbona<\/a><\/p>\n<p><a href=\"https:\/\/canalizadordelisboa.pt\/it\/idraulici-urgenti-lisbona\/\">Idraulici urgenti Lisbona<\/a><\/p>\n<p><a href=\"https:\/\/canalizadordelisboa.pt\/it\/sblocco-degli-scarichi-lisbona\/\">Drenaggio Lisbona<\/a><\/p>\n<p><a href=\"https:\/\/canalizadordelisboa.pt\/it\/riparazioni-idrauliche-lisbona\/\">Impianto idraulico di Lisbona<\/a><\/p>\n<p><a href=\"https:\/\/canalizadordelisboa.pt\/it\/riparazioni-idrauliche-a-basso-costo-lisbona\/\">Idraulica a basso costo a Lisbona<\/a><\/p>\n<p><a href=\"https:\/\/canalizadordelisboa.pt\/it\/rilevamento-perdite-lisbona\/\">Rilevazione perdite Lisbona<\/a><\/p>\n<p><a href=\"https:\/\/canalizadordelisboa.pt\/it\/aziende-idrauliche-lisbona\/\">Imprese idrauliche Lisbona<\/a><\/p>\n<p><a href=\"https:\/\/canalizadordelisboa.pt\/it\/installazione-di-scaldabagni-lisbona\/\">Installazione dello scaldabagno Lisbon<\/a><\/p>\n<p><a href=\"https:\/\/canalizadordelisboa.pt\/it\/installazione-vasca-da-bagno-lisbona\/\">Installazione di vasche da bagno Lisbon<\/a><\/p>\n<p><a href=\"https:\/\/canalizadordelisboa.pt\/it\/installazione-caldaia-lisbona\/\">Installazione caldaie Lisbona<\/a><\/p>\n<p><a href=\"https:\/\/canalizadordelisboa.pt\/it\/installazione-doccia-lisbona\/\">Installazione doccia Lisbona<\/a><\/p>\n<p><a href=\"https:\/\/canalizadordelisboa.pt\/it\/installazione-doccia-lisbona\/\"><\/a><\/p>\n<p><a href=\"https:\/\/canalizadordelisboa.pt\/it\/installazione-di-elettrodomestici-lisbona\/\">Installazione di apparecchi elettrici Lisbona<\/a><\/p>\n<p><a href=\"https:\/\/canalizadordelisboa.pt\/it\/installazione-di-filtri-per-lacqua-lisbona\/\">Installazione del filtro dell'acqua Lisbona<\/a><\/p>\n<p><a href=\"https:\/\/canalizadordelisboa.pt\/it\/installazione-rete-gas-lisbona\/\">Installazione di reti di gas Lisbona<\/a><\/p>\n<p><a href=\"https:\/\/canalizadordelisboa.pt\/it\/installazione-di-impianti-idraulici-lisbona\/\">Installazione di impianti idraulici a Lisbona<\/a><\/p>\n<p><a href=\"https:\/\/canalizadordelisboa.pt\/it\/installazione-di-sistemi-di-irrigazione-lisbona\/\">Installazione di sistemi di irrigazione Lisbona<\/a><\/p>\n<p><a href=\"https:\/\/canalizadordelisboa.pt\/it\/installazione-di-rubinetti-lisbona\/\">Installazione di rubinetti Lisbona<\/a><\/p>\n<p><a href=\"https:\/\/canalizadordelisboa.pt\/it\/installazione-valvole-lisbona\/\">Installazione valvole Lisbona<\/a><\/p>\n<p><a href=\"https:\/\/canalizadordelisboa.pt\/it\/pulizia-dei-sifoni-lisbona\/\">Pulizia delle trappole per grassi Lisbona<\/a><\/p>\n<p><a href=\"https:\/\/canalizadordelisboa.pt\/it\/manutenzione-preventiva-lisbona\/\">Manutenzione preventiva Lisbona<\/a><\/p>\n<p><a href=\"https:\/\/canalizadordelisboa.pt\/it\/ristrutturazione-bagno-lisbona\/\">Ristrutturazione del bagno Lisbona<\/a><\/p>\n<p><a href=\"https:\/\/canalizadordelisboa.pt\/it\/ristrutturazione-cucina-lisbona\/\">Ristrutturazione cucina Lisbona<\/a><\/p>\n<p><a href=\"https:\/\/canalizadordelisboa.pt\/it\/riparazione-cisterna-lisbona\/\">Riparazione della cisterna Lisbona<\/a><\/p>\n<p><a href=\"https:\/\/canalizadordelisboa.pt\/it\/riparazione-della-pompa-dellacqua-lisbona\/\">Riparazione della pompa dell'acqua Lisbon<\/a><\/p>\n<p><a href=\"https:\/\/canalizadordelisboa.pt\/it\/riparazioni-idrauliche-lisbona-2\/\">Riparazioni idrauliche Lisbon<\/a><\/p>\n<p><a href=\"https:\/\/canalizadordelisboa.pt\/it\/riparazioni-bagni-lisbona\/\">Riparazione WC Lisbona<\/a><\/p>\n<p><a href=\"https:\/\/canalizadordelisboa.pt\/it\/sostituzione-wc-lisbona\/\">Sostituzione WC Lisbona<\/a><\/p>\n<p><a href=\"https:\/\/canalizadordelisboa.pt\/it\/riparazione-rubinetti-lisbona\/\">Riparazione rubinetti Lisbona<\/a><\/p>\n<p><a href=\"https:\/\/canalizadordelisboa.pt\/it\/installazione-di-dissipatori-di-rifiuti-alimentari-lisbona\/\">Installazione di smaltitori di rifiuti alimentari Lisbona<\/a><\/p>\n<p><a href=\"https:\/\/canalizadordelisboa.pt\/it\/pulizia-tubi-lisbona\/\">Pulizia dei tubi Lisbona<\/a><\/p>\n<p><a href=\"https:\/\/canalizadordelisboa.pt\/it\/pulizia-degli-scarichi-lisbona\/\">Pulizia delle fogne Lisbona<\/a><\/p>\n<p><a href=\"https:\/\/canalizadordelisboa.pt\/it\/riparazione-scaldabagni-lisbona\/\">Riparazione scaldabagno Lisbon<\/a><\/p>\n<p><a href=\"https:\/\/canalizadordelisboa.pt\/it\/riparazioni-doccia-lisbona\/\">Riparazione doccia Lisbona<\/a><\/p>\n<p><a href=\"https:\/\/canalizadordelisboa.pt\/it\/riparazione-perdite-lisbona\/\">Riparazione perdite Lisbon<\/a><\/p>\n<p><a href=\"https:\/\/canalizadordelisboa.pt\/it\/installazione-di-lavabi-lisbona\/\">Installazione del lavabo Lisbona<\/a><\/p>\n<p><a href=\"https:\/\/canalizadordelisboa.pt\/it\/installazione-di-servizi-igienici-a-lisbona\/\">Installazione della toilette Lisbona<\/a><\/p>\n<p><a href=\"https:\/\/canalizadordelisboa.pt\/it\/installazione-box-doccia-lisbona\/\">Installazione di cabine doccia Lisbona<\/a><\/p>\n<p><a href=\"https:\/\/canalizadordelisboa.pt\/it\/ristrutturazione-bagno-lisbona-2\/\">Ristrutturazione del bagno Lisbona<\/a><\/p>\n<p><a href=\"https:\/\/canalizadordelisboa.pt\/it\/aiuto-idraulico\/\">Aiuto idraulico<\/a><\/p>\n<p><a href=\"https:\/\/canalizadordelisboa.pt\/it\/idraulico-almada\/\">Idraulico Almada<\/a><\/p>\n<p><a href=\"https:\/\/canalizadordelisboa.pt\/it\/idraulico-benfica\/\">Idraulico Benfica<\/a><\/p>\n<p><a href=\"https:\/\/canalizadordelisboa.pt\/it\/idraulico-banca-sud\/\">Idraulico South Bank<\/a><\/p>\n<p><a href=\"https:\/\/canalizadordelisboa.pt\/it\/idraulico-odivelas\/\">Idraulico Odivelas<\/a><\/p>\n<h2>Servizi generali:<\/h2>\n<p><a href=\"https:\/\/canalizadordelisboa.pt\/it\/sblocco-degli-scarichi\/\">Drenaggio fognario<\/a><\/p>\n<p><a href=\"https:\/\/canalizadordelisboa.pt\/it\/impianto-idraulico-a-basso-costo\/\">Impianto idraulico a basso costo<\/a><\/p>\n<p><a href=\"https:\/\/canalizadordelisboa.pt\/it\/aziende-idrauliche\/\">Societ\u00e0 di impianti idraulici<\/a><\/p>\n<p><a href=\"https:\/\/canalizadordelisboa.pt\/it\/impianto-idraulico-del-bagno\/\">Impianto idraulico del bagno<\/a><\/p>\n<p><a href=\"https:\/\/canalizadordelisboa.pt\/it\/idraulico-24-ore-su-24\/\">Idraulico 24 ore<\/a><\/p>\n<p><a href=\"https:\/\/canalizadordelisboa.pt\/it\/idraulico-sblocca\/\">Sblocco idraulico<\/a><\/p>\n<p><a href=\"https:\/\/canalizadordelisboa.pt\/it\/idraulico-a-basso-costo\/\">Idraulico a basso costo<\/a><\/p>\n<p><a href=\"https:\/\/canalizadordelisboa.pt\/it\/idraulico-sul-posto\/\">Idraulico sul posto<\/a><\/p>\n<p><a href=\"https:\/\/canalizadordelisboa.pt\/it\/idraulico-urgente\/\">Idraulico urgente<\/a><\/p>\n<p><a href=\"https:\/\/canalizadordelisboa.pt\/it\/idraulici-24-ore-su-24\/\">Idraulici 24 ore su 24<\/a><\/p>\n<p><a href=\"https:\/\/canalizadordelisboa.pt\/it\/idraulici-urgenti\/\">Idraulici urgenti<\/a><\/p>\n<h2>Altri articoli:<\/h2>\n<p><a href=\"https:\/\/canalizadordelisboa.pt\/it\/come-sturare-un-gabinetto\/\">Come sturare un WC<\/a><\/p>\n<p><a href=\"https:\/\/canalizadordelisboa.pt\/it\/sblocco-degli-scarichi-della-cucina\/\">Sblocco delle tubature della cucina<\/a><\/p>\n<p><a href=\"https:\/\/canalizadordelisboa.pt\/it\/chi-chiamare-per-le-perdite-dacqua\/\">Chi chiamare per le perdite d'acqua<\/a><\/p>\n<p><a href=\"https:\/\/canalizadordelisboa.pt\/it\/quanto-costa-riparare-un-tubo-scoppiato\/\">Quanto costa riparare un tubo scoppiato?<\/a><\/p>\n<p><a href=\"https:\/\/canalizadordelisboa.pt\/it\/servizio-di-riparazione-di-impianti-idraulici-residenziali\/\">Servizio di riparazione di impianti idraulici residenziali<\/a><\/p>\n<p><a href=\"https:\/\/canalizadordelisboa.pt\/it\/il-miglior-idraulico-per-riparazioni-a-lisbona\/\">Il miglior idraulico per le riparazioni a Lisbona<\/a><\/p>\n<p><a href=\"https:\/\/canalizadordelisboa.pt\/it\/prezzo-medio-di-riparazione-dei-tubi\/\">Prezzo medio della riparazione dei tubi: costi attuali<\/a><\/p>\n<p><a href=\"https:\/\/canalizadordelisboa.pt\/it\/emergenza-idraulica-lisbona\/\">Emergenza idraulica a Lisbona<\/a><\/p>\n<p><a href=\"https:\/\/canalizadordelisboa.pt\/it\/aziende-di-riparazione-delle-perdite-dacqua\/\">Societ\u00e0 di riparazione delle perdite d'acqua<\/a><\/p>\n<p><a href=\"https:\/\/canalizadordelisboa.pt\/it\/revisione-di-vecchie-tubature\/\">Revisione di vecchie tubature<\/a><\/p>\n<p><a href=\"https:\/\/canalizadordelisboa.pt\/it\/riparare-rapidamente-gli-scarichi-intasati\/\">Riparazione rapida degli scarichi intasati<\/a><\/p>\n<p><a href=\"https:\/\/canalizadordelisboa.pt\/it\/sblocco-delle-tubature-in-cucina\/\">Sblocco delle tubature in cucina<\/a><\/p>\n<p><a href=\"https:\/\/canalizadordelisboa.pt\/it\/idraulico-per-sblocco-urgente\/\">Idraulico per sblocco urgente<\/a><\/p>\n<p><a href=\"https:\/\/canalizadordelisboa.pt\/it\/soluzioni-casalinghe-per-scarichi-intasati\/\">Rimedi casalinghi per gli scarichi intasati<\/a><\/p>\n<p><a href=\"https:\/\/canalizadordelisboa.pt\/it\/migliore-azienda-idraulica-lisbona\/\">La migliore azienda idraulica di Lisbona<\/a><\/p>\n<p><a href=\"https:\/\/canalizadordelisboa.pt\/it\/sblocco-dei-tubi\/\">Sblocco dei tubi<\/a><\/p>\n<p><a href=\"https:\/\/canalizadordelisboa.pt\/it\/riparazione-della-caldaia\/\">Riparazione caldaie<\/a><\/p>\n<p><a href=\"https:\/\/canalizadordelisboa.pt\/it\/riparazione-dello-scaldabagno-2\/\">Riparazione dello scaldabagno<\/a><\/p>\n<p><a href=\"https:\/\/canalizadordelisboa.pt\/it\/riparazione-di-scaldabagni-junkers\/\">Riparazione dello scaldabagno Junkers<\/a><\/p>\n<p><a href=\"https:\/\/canalizadordelisboa.pt\/it\/riparazione-dello-scaldabagno-vulcano\/\">Riparazione di scaldabagni Vulcano<\/a><\/p>\n<p><a href=\"https:\/\/canalizadordelisboa.pt\/it\/riparazione-dello-scaldabagno-3\/\">Riparazione dello scaldabagno<\/a><\/p>\n<p><a href=\"https:\/\/canalizadordelisboa.pt\/it\/sostituzione-della-colonna-dacqua-lisbona\/\">Sostituzione della colonna d'acqua Lisbona<\/a><\/p>\n<p><a href=\"https:\/\/canalizadordelisboa.pt\/it\/il-miglior-idraulico-di-lisbona\/\">Il miglior idraulico di Lisbona<\/a><\/p>\n<p><a href=\"https:\/\/canalizadordelisboa.pt\/it\/come-sturare-lo-scarico-della-lavatrice\/\">Come sturare il lavello della cucina<\/a><\/p>\n<p><a href=\"https:\/\/canalizadordelisboa.pt\/it\/quanto-costa-sturare-un-water-a-lisbona\/\">Quanto costa sturare un WC a Lisbona<\/a><\/p>\n<p><a href=\"https:\/\/canalizadordelisboa.pt\/it\/come-identificare-un-tubo-rotto-allinterno-della-parete\/\">Come individuare una tubatura rotta all'interno della parete<\/a><\/p>\n<p><a href=\"https:\/\/canalizadordelisboa.pt\/it\/cosa-fare-quando-il-rubinetto-continua-a-gocciolare\/\">Cosa fare quando il rubinetto continua a gocciolare<\/a><\/p>\n<p><a href=\"https:\/\/canalizadordelisboa.pt\/it\/bassa-pressione-dellacqua-in-casa-cause-e-soluzioni\/\">Bassa pressione dell'acqua in casa: cause e soluzioni<\/a><\/p>\n<p><a href=\"https:\/\/canalizadordelisboa.pt\/it\/come-individuare-le-perdite-prima-che-causino-danni\/\">Come individuare le perdite prima che causino danni<\/a><\/p>\n<p><a href=\"https:\/\/canalizadordelisboa.pt\/it\/blocchi-ricorrenti-in-cucina-perche-succede\/\">I blocchi ricorrenti in cucina: perch\u00e9 si verificano?<\/a><\/p>\n<p><a href=\"https:\/\/canalizadordelisboa.pt\/it\/guida-completa-alla-manutenzione-idraulica-preventiva\/\">Guida completa alla manutenzione idraulica preventiva<br \/>\n<\/a><\/p>\n<p><a href=\"https:\/\/canalizadordelisboa.pt\/it\/quanto-costa-installare-un-nuovo-rubinetto\/\">Quanto costa installare un nuovo rubinetto? Guida ai prezzi<\/a><\/p>\n<p><a href=\"https:\/\/canalizadordelisboa.pt\/it\/come-eliminare-i-cattivi-odori-dalle-tubature-del-bagno\/\">Come eliminare i cattivi odori dalle tubature del bagno<\/a><\/p>\n<p><a href=\"https:\/\/canalizadordelisboa.pt\/it\/il-tetto-del-vicino-perde-cosa-fare-e-chi-chiamare\/\">Perdita nel tetto del vicino: cosa fare e chi chiamare<\/a><\/p>\n<p><a href=\"https:\/\/canalizadordelisboa.pt\/it\/i-vecchi-segnali-idraulici-indicano-che-e-necessario-sostituirli\/\">Vecchi impianti idraulici: i segni della necessit\u00e0 di sostituirli<\/a><\/p>\n<p><a href=\"https:\/\/canalizadordelisboa.pt\/it\/come-funziona-il-servizio-di-ispezione-con-telecamera-per-tubi\/\">Come funziona il servizio di ispezione con telecamera delle tubature<\/a><\/p>\n<p><a href=\"https:\/\/canalizadordelisboa.pt\/it\/quanto-costa-sostituire-uno-scaldabagno-prezzi-aggiornati\/\">Quanto costa sostituire uno scaldabagno? Prezzi aggiornati<\/a><\/p>\n<p><a href=\"https:\/\/canalizadordelisboa.pt\/it\/come-pulire-un-sifone-per-lavello-passo-dopo-passo\/\">Come pulire il sifone del lavello passo dopo passo<\/a><\/p>\n<p><a href=\"https:\/\/canalizadordelisboa.pt\/it\/quando-chiamare-un-idraulico-urgente\/\">Quando chiamare un idraulico urgente? Situazioni comuni<\/a><\/p>\n<p><a href=\"https:\/\/canalizadordelisboa.pt\/it\/perche-la-lavatrice-rovescia-lacqua-sul-pavimento\/\">Perch\u00e9 la lavatrice rovescia l'acqua sul pavimento? Cause e soluzioni<\/a><\/p>\n<p><a href=\"https:\/\/canalizadordelisboa.pt\/it\/valvole-di-non-ritorno\/\">Tutto sulle valvole di ritegno e sul perch\u00e9 sono importanti<\/a><\/p>\n<p><a href=\"https:\/\/canalizadordelisboa.pt\/it\/lavandino-intasato-con-pompa-di-scarico\/\">Lavello intasato con pompa di scarico: cosa fare<\/a><\/p>\n<p><a href=\"https:\/\/canalizadordelisboa.pt\/it\/installazione-del-kit-doccia\/\">Installazione del kit doccia<\/a><\/p>\n<p><a href=\"https:\/\/canalizadordelisboa.pt\/it\/riparazione-e-installazione-di-un-sistema-di-macerazione-in-un-lavandino\/\">Riparazione e installazione del sistema di smaltimento dei lavandini<\/a><\/p>\n<p><a href=\"https:\/\/canalizadordelisboa.pt\/it\/riparazione-e-isolamento-della-base-della-toilette\/\">Riparazione e isolamento della base della toilette<\/a><\/p>\n<p><a href=\"https:\/\/canalizadordelisboa.pt\/it\/pulizia-dello-scaldabagno-a-gas\/\">Pulizia del riscaldatore a gas<\/a><\/p>\n<p><a href=\"https:\/\/canalizadordelisboa.pt\/it\/sostituzione-di-uno-scaldacqua-a-gas-con-uno-elettrico\/\">Sostituzione di uno scaldacqua a gas con uno elettrico<\/a><\/p>\n<p><a href=\"https:\/\/canalizadordelisboa.pt\/it\/guida-ai-prezzi-per-linstallazione-del-lavello\/\">Guida ai prezzi per l'installazione del lavello<\/a><\/p>\n<p><a href=\"https:\/\/canalizadordelisboa.pt\/it\/quali-sono-le-cause-delle-rotture-di-tubi-e-come-prevenirle\/\">Quali sono le cause di rottura dei tubi e come prevenirle<\/a><\/p>\n<p><a href=\"https:\/\/canalizadordelisboa.pt\/it\/acqua-gialla-nei-rubinetti-cause-e-soluzioni\/\">Acqua gialla nei rubinetti: cause e soluzioni<\/a><\/p>\n<p><a href=\"https:\/\/canalizadordelisboa.pt\/it\/perdite-invisibili-come-capire-se-si-sta-perdendo-acqua\/\">Perdite invisibili: come capire se si sta perdendo acqua<\/a><\/p>\n<p><a href=\"https:\/\/canalizadordelisboa.pt\/it\/riparazione-dellimpianto-di-irrigazione-automatica-del-giardino\/\">Riparazione di un sistema di irrigazione automatica del giardino<\/a><\/p>\n<p><a href=\"https:\/\/canalizadordelisboa.pt\/it\/instalacao-de-sifao-de-wc\/\">Installazione del sifone WC<\/a><\/p>\n<p><a href=\"https:\/\/canalizadordelisboa.pt\/it\/pittura-esterna-lisbona\/\">Pittura esterna Lisbona<\/a><\/p>\n<p><a href=\"https:\/\/canalizadordelisboa.pt\/it\/rimozione-del-radiatore-lisbona\/\">Rimozione dei radiatori Lisbona<\/a><\/p>\n<p><a href=\"https:\/\/canalizadordelisboa.pt\/it\/guarnizione-in-silicone-lisbona\/\">Sigillatura in silicone Lisbona<\/a><\/p>\n<p><a href=\"https:\/\/canalizadordelisboa.pt\/it\/bagni-che-perdono-lisbona\/\">Perdite in bagno Lisbona<\/a><\/p>\n<p><a href=\"https:\/\/canalizadordelisboa.pt\/it\/perdite-dal-tetto-lisbona\/\">Perdite dal tetto Lisbona<\/a><\/p>\n<p><a href=\"https:\/\/canalizadordelisboa.pt\/it\/perdite-da-muro-lisbona\/\">Perdite a muro Lisbona<\/a><\/p>\n<p><a href=\"https:\/\/canalizadordelisboa.pt\/it\/sostituzione-tubi-lisbona\/\">Sostituzione di tubi Lisbona<\/a><\/p>\n<p><a href=\"https:\/\/canalizadordelisboa.pt\/it\/sostituzione-idraulica-lisbona\/\">Sostituzione delle tubature Lisbona<\/a><\/p>","protected":false},"excerpt":{"rendered":"<p>Todos os servi\u00e7os em Lisboa: Canaliza\u00e7\u00e3o Casa de Banho Lisboa Canalizador 24 Horas Lisboa Canalizador Desentope Lisboa Canalizador Low Cost Lisboa Canalizador na Hora Lisboa Canalizador Urgente Lisboa Canalizadores 24h Lisboa Canalizadores Urgentes Lisboa Desentupimento de Esgoto Lisboa Desentupimentos Lisboa Desentupimentos Low Cost Lisboa Detec\u00e7\u00e3o de Fugas Lisboa Empresas de Canalizadores Lisboa Instala\u00e7\u00e3o de Aquecedores [&hellip;]<\/p>\n","protected":false},"author":1,"featured_media":0,"parent":0,"menu_order":0,"comment_status":"closed","ping_status":"closed","template":"","meta":{"iawp_total_views":68,"footnotes":""},"class_list":["post-3113","page","type-page","status-publish","hentry"],"yoast_head":"<!-- This site is optimized with the Yoast SEO plugin v27.4 - https:\/\/yoast.com\/product\/yoast-seo-wordpress\/ -->\n<title>Todos os artigos<\/title>\n<meta name=\"robots\" content=\"index, follow, max-snippet:-1, max-image-preview:large, max-video-preview:-1\" \/>\n<link rel=\"canonical\" href=\"https:\/\/canalizadordelisboa.pt\/it\/tutti-gli-articoli\/\" \/>\n<meta property=\"og:locale\" content=\"it_IT\" \/>\n<meta property=\"og:type\" content=\"article\" \/>\n<meta property=\"og:title\" content=\"Todos os artigos\" \/>\n<meta property=\"og:description\" content=\"Todos os servi\u00e7os em Lisboa: Canaliza\u00e7\u00e3o Casa de Banho Lisboa Canalizador 24 Horas Lisboa Canalizador Desentope Lisboa Canalizador Low Cost Lisboa Canalizador na Hora Lisboa Canalizador Urgente Lisboa Canalizadores 24h Lisboa Canalizadores Urgentes Lisboa Desentupimento de Esgoto Lisboa Desentupimentos Lisboa Desentupimentos Low Cost Lisboa Detec\u00e7\u00e3o de Fugas Lisboa Empresas de Canalizadores Lisboa Instala\u00e7\u00e3o de Aquecedores [&hellip;]\" \/>\n<meta property=\"og:url\" content=\"https:\/\/canalizadordelisboa.pt\/it\/tutti-gli-articoli\/\" \/>\n<meta property=\"og:site_name\" content=\"Canalizador de Lisboa\" \/>\n<meta property=\"article:modified_time\" content=\"2026-04-23T13:56:28+00:00\" \/>\n<meta name=\"twitter:card\" content=\"summary_large_image\" \/>\n<meta name=\"twitter:label1\" content=\"Tempo di lettura stimato\" \/>\n\t<meta name=\"twitter:data1\" content=\"4 minuti\" \/>\n<script type=\"application\/ld+json\" class=\"yoast-schema-graph\">{\"@context\":\"https:\\\/\\\/schema.org\",\"@graph\":[{\"@type\":\"WebPage\",\"@id\":\"https:\\\/\\\/canalizadordelisboa.pt\\\/todos-os-artigos\\\/\",\"url\":\"https:\\\/\\\/canalizadordelisboa.pt\\\/todos-os-artigos\\\/\",\"name\":\"Todos os artigos\",\"isPartOf\":{\"@id\":\"https:\\\/\\\/canalizadordelisboa.pt\\\/#website\"},\"datePublished\":\"2026-03-17T14:17:00+00:00\",\"dateModified\":\"2026-04-23T13:56:28+00:00\",\"breadcrumb\":{\"@id\":\"https:\\\/\\\/canalizadordelisboa.pt\\\/todos-os-artigos\\\/#breadcrumb\"},\"inLanguage\":\"it-IT\",\"potentialAction\":[{\"@type\":\"ReadAction\",\"target\":[\"https:\\\/\\\/canalizadordelisboa.pt\\\/todos-os-artigos\\\/\"]}]},{\"@type\":\"BreadcrumbList\",\"@id\":\"https:\\\/\\\/canalizadordelisboa.pt\\\/todos-os-artigos\\\/#breadcrumb\",\"itemListElement\":[{\"@type\":\"ListItem\",\"position\":1,\"name\":\"Accueil\",\"item\":\"https:\\\/\\\/canalizadordelisboa.pt\\\/\"},{\"@type\":\"ListItem\",\"position\":2,\"name\":\"Todos os artigos\"}]},{\"@type\":\"WebSite\",\"@id\":\"https:\\\/\\\/canalizadordelisboa.pt\\\/#website\",\"url\":\"https:\\\/\\\/canalizadordelisboa.pt\\\/\",\"name\":\"Canalizador de Lisboa\",\"description\":\"Servi\u00e7os de canaliza\u00e7\u00e3o e desentupimentos de alta qualidade em Lisboa.\",\"potentialAction\":[{\"@type\":\"SearchAction\",\"target\":{\"@type\":\"EntryPoint\",\"urlTemplate\":\"https:\\\/\\\/canalizadordelisboa.pt\\\/?s={search_term_string}\"},\"query-input\":{\"@type\":\"PropertyValueSpecification\",\"valueRequired\":true,\"valueName\":\"search_term_string\"}}],\"inLanguage\":\"it-IT\"}]}<\/script>\n<!-- \/ Yoast SEO plugin. -->","yoast_head_json":{"title":"Tutti gli articoli","robots":{"index":"index","follow":"follow","max-snippet":"max-snippet:-1","max-image-preview":"max-image-preview:large","max-video-preview":"max-video-preview:-1"},"canonical":"https:\/\/canalizadordelisboa.pt\/it\/tutti-gli-articoli\/","og_locale":"it_IT","og_type":"article","og_title":"Todos os artigos","og_description":"Todos os servi\u00e7os em Lisboa: Canaliza\u00e7\u00e3o Casa de Banho Lisboa Canalizador 24 Horas Lisboa Canalizador Desentope Lisboa Canalizador Low Cost Lisboa Canalizador na Hora Lisboa Canalizador Urgente Lisboa Canalizadores 24h Lisboa Canalizadores Urgentes Lisboa Desentupimento de Esgoto Lisboa Desentupimentos Lisboa Desentupimentos Low Cost Lisboa Detec\u00e7\u00e3o de Fugas Lisboa Empresas de Canalizadores Lisboa Instala\u00e7\u00e3o de Aquecedores [&hellip;]","og_url":"https:\/\/canalizadordelisboa.pt\/it\/tutti-gli-articoli\/","og_site_name":"Canalizador de Lisboa","article_modified_time":"2026-04-23T13:56:28+00:00","twitter_card":"summary_large_image","twitter_misc":{"Tempo di lettura stimato":"4 minuti"},"schema":{"@context":"https:\/\/schema.org","@graph":[{"@type":"WebPage","@id":"https:\/\/canalizadordelisboa.pt\/todos-os-artigos\/","url":"https:\/\/canalizadordelisboa.pt\/todos-os-artigos\/","name":"Tutti gli articoli","isPartOf":{"@id":"https:\/\/canalizadordelisboa.pt\/#website"},"datePublished":"2026-03-17T14:17:00+00:00","dateModified":"2026-04-23T13:56:28+00:00","breadcrumb":{"@id":"https:\/\/canalizadordelisboa.pt\/todos-os-artigos\/#breadcrumb"},"inLanguage":"it-IT","potentialAction":[{"@type":"ReadAction","target":["https:\/\/canalizadordelisboa.pt\/todos-os-artigos\/"]}]},{"@type":"BreadcrumbList","@id":"https:\/\/canalizadordelisboa.pt\/todos-os-artigos\/#breadcrumb","itemListElement":[{"@type":"ListItem","position":1,"name":"Accueil","item":"https:\/\/canalizadordelisboa.pt\/"},{"@type":"ListItem","position":2,"name":"Todos os artigos"}]},{"@type":"WebSite","@id":"https:\/\/canalizadordelisboa.pt\/#website","url":"https:\/\/canalizadordelisboa.pt\/","name":"Canalizador de Lisboa","description":"Servizi idraulici e di drenaggio di alta qualit\u00e0 a Lisbona.","potentialAction":[{"@type":"SearchAction","target":{"@type":"EntryPoint","urlTemplate":"https:\/\/canalizadordelisboa.pt\/?s={search_term_string}"},"query-input":{"@type":"PropertyValueSpecification","valueRequired":true,"valueName":"search_term_string"}}],"inLanguage":"it-IT"}]}},"_links":{"self":[{"href":"https:\/\/canalizadordelisboa.pt\/it\/wp-json\/wp\/v2\/pages\/3113","targetHints":{"allow":["GET"]}}],"collection":[{"href":"https:\/\/canalizadordelisboa.pt\/it\/wp-json\/wp\/v2\/pages"}],"about":[{"href":"https:\/\/canalizadordelisboa.pt\/it\/wp-json\/wp\/v2\/types\/page"}],"author":[{"embeddable":true,"href":"https:\/\/canalizadordelisboa.pt\/it\/wp-json\/wp\/v2\/users\/1"}],"replies":[{"embeddable":true,"href":"https:\/\/canalizadordelisboa.pt\/it\/wp-json\/wp\/v2\/comments?post=3113"}],"version-history":[{"count":55,"href":"https:\/\/canalizadordelisboa.pt\/it\/wp-json\/wp\/v2\/pages\/3113\/revisions"}],"predecessor-version":[{"id":3758,"href":"https:\/\/canalizadordelisboa.pt\/it\/wp-json\/wp\/v2\/pages\/3113\/revisions\/3758"}],"wp:attachment":[{"href":"https:\/\/canalizadordelisboa.pt\/it\/wp-json\/wp\/v2\/media?parent=3113"}],"curies":[{"name":"wp","href":"https:\/\/api.w.org\/{rel}","templated":true}]}}