{"id":3753,"date":"2026-04-21T15:04:30","date_gmt":"2026-04-21T15:04:30","guid":{"rendered":"https:\/\/canalizadordelisboa.pt\/?page_id=3753"},"modified":"2026-04-21T15:05:01","modified_gmt":"2026-04-21T15:05:01","slug":"nettoyage-de-bacs-a-graisse-lisbon","status":"publish","type":"page","link":"https:\/\/canalizadordelisboa.pt\/fr\/limpeza-do-separador-de-gorduras-lisboa\/","title":{"rendered":"Nettoyage des s\u00e9parateurs de graisse Lisbonne"},"content":{"rendered":"<p>Le bac \u00e0 graisse est essentiel dans les cuisines, en particulier dans les restaurants et les \u00e9tablissements commerciaux, car il retient les huiles et les graisses avant qu'elles ne p\u00e9n\u00e8trent dans le r\u00e9seau d'\u00e9gouts. S'il n'est pas entretenu r\u00e9guli\u00e8rement, il peut causer <a href=\"https:\/\/canalizadordelisboa.pt\/fr\/reparation-de-plomberie-lisbonne\/\">blocages<\/a>, Les eaux de pluie peuvent \u00eatre utilis\u00e9es pour le traitement des eaux us\u00e9es, des mauvaises odeurs et m\u00eame des d\u00e9bordements.<\/p>\n<p>Pour un nettoyage efficace et s\u00fbr, <a href=\"https:\/\/canalizadordelisboa.pt\/fr\/\">l'entreprise de plombiers de Lisbonne<\/a> effectue le nettoyage des bacs \u00e0 graisse \u00e0 Lisbonne.<\/p>\n<h2>Signes indiquant que vous avez besoin d'un nettoyage<\/h2>\n<ul>\n<li>Mauvaise odeur intense<\/li>\n<li>D\u00e9bit lent<\/li>\n<li>Accumulation visible de graisse<\/li>\n<li>D\u00e9bordement du syst\u00e8me<\/li>\n<\/ul>\n<h2>Comment le nettoyage est-il effectu\u00e9 ?<\/h2>\n<ul>\n<li>Elimination de la graisse accumul\u00e9e<\/li>\n<li>Nettoyage des murs int\u00e9rieurs<\/li>\n<li>Contr\u00f4le de la fonction<\/li>\n<li>\u00c9limination correcte des d\u00e9chets<\/li>\n<\/ul>\n<h2>Fr\u00e9quence recommand\u00e9e<\/h2>\n<p>Le nettoyage doit \u00eatre effectu\u00e9 r\u00e9guli\u00e8rement, en fonction de l'utilisation, afin d'\u00e9viter les blocages et d'assurer le bon fonctionnement du syst\u00e8me.<\/p>\n<h2>Quand faire appel \u00e0 un professionnel<\/h2>\n<p>En cas de mauvaises odeurs persistantes, de blocages ou de d\u00e9bordements, il est essentiel de proc\u00e9der \u00e0 un nettoyage en profondeur.<\/p>\n<p>A <a href=\"https:\/\/canalizadordelisboa.pt\/fr\/\">l'entreprise de plombiers de Lisbonne<\/a> nettoie les bacs \u00e0 graisse rapidement et professionnellement \u00e0 Lisbonne.<\/p>","protected":false},"excerpt":{"rendered":"<p>O separador de gorduras \u00e9 essencial em cozinhas, especialmente em restaurantes e estabelecimentos comerciais, pois ret\u00e9m \u00f3leos e gorduras antes que entrem na rede de esgoto. Sem manuten\u00e7\u00e3o regular, pode causar entupimentos, maus odores e at\u00e9 transbordos. Para uma limpeza eficaz e segura, a empresa Canalizador de Lisboa realiza limpeza de separadores de gorduras em [&hellip;]<\/p>\n","protected":false},"author":1,"featured_media":0,"parent":0,"menu_order":0,"comment_status":"closed","ping_status":"closed","template":"","meta":{"iawp_total_views":0,"footnotes":""},"class_list":["post-3753","page","type-page","status-publish","hentry"],"yoast_head":"<!-- This site is optimized with the Yoast SEO plugin v27.4 - https:\/\/yoast.com\/product\/yoast-seo-wordpress\/ -->\n<title>Limpeza do Separador de Gorduras Lisboa<\/title>\n<meta name=\"description\" content=\"Limpeza do separador de gorduras para evitar entupimentos e maus odores. Servi\u00e7o r\u00e1pido e eficaz em Lisboa.\" \/>\n<meta name=\"robots\" content=\"index, follow, max-snippet:-1, max-image-preview:large, max-video-preview:-1\" \/>\n<link rel=\"canonical\" href=\"https:\/\/canalizadordelisboa.pt\/fr\/nettoyage-de-bacs-a-graisse-lisbon\/\" \/>\n<meta property=\"og:locale\" content=\"fr_FR\" \/>\n<meta property=\"og:type\" content=\"article\" \/>\n<meta property=\"og:title\" content=\"Limpeza do Separador de Gorduras Lisboa\" \/>\n<meta property=\"og:description\" content=\"Limpeza do separador de gorduras para evitar entupimentos e maus odores. Servi\u00e7o r\u00e1pido e eficaz em Lisboa.\" \/>\n<meta property=\"og:url\" content=\"https:\/\/canalizadordelisboa.pt\/fr\/nettoyage-de-bacs-a-graisse-lisbon\/\" \/>\n<meta property=\"og:site_name\" content=\"Canalizador de Lisboa\" \/>\n<meta property=\"article:modified_time\" content=\"2026-04-21T15:05:01+00:00\" \/>\n<meta name=\"twitter:card\" content=\"summary_large_image\" \/>\n<meta name=\"twitter:label1\" content=\"Dur\u00e9e de lecture estim\u00e9e\" \/>\n\t<meta name=\"twitter:data1\" content=\"1 minute\" \/>\n<script type=\"application\/ld+json\" class=\"yoast-schema-graph\">{\"@context\":\"https:\\\/\\\/schema.org\",\"@graph\":[{\"@type\":\"WebPage\",\"@id\":\"https:\\\/\\\/canalizadordelisboa.pt\\\/limpeza-do-separador-de-gorduras-lisboa\\\/\",\"url\":\"https:\\\/\\\/canalizadordelisboa.pt\\\/limpeza-do-separador-de-gorduras-lisboa\\\/\",\"name\":\"Limpeza do Separador de Gorduras Lisboa\",\"isPartOf\":{\"@id\":\"https:\\\/\\\/canalizadordelisboa.pt\\\/#website\"},\"datePublished\":\"2026-04-21T15:04:30+00:00\",\"dateModified\":\"2026-04-21T15:05:01+00:00\",\"description\":\"Limpeza do separador de gorduras para evitar entupimentos e maus odores. Servi\u00e7o r\u00e1pido e eficaz em Lisboa.\",\"breadcrumb\":{\"@id\":\"https:\\\/\\\/canalizadordelisboa.pt\\\/limpeza-do-separador-de-gorduras-lisboa\\\/#breadcrumb\"},\"inLanguage\":\"fr-FR\",\"potentialAction\":[{\"@type\":\"ReadAction\",\"target\":[\"https:\\\/\\\/canalizadordelisboa.pt\\\/limpeza-do-separador-de-gorduras-lisboa\\\/\"]}]},{\"@type\":\"BreadcrumbList\",\"@id\":\"https:\\\/\\\/canalizadordelisboa.pt\\\/limpeza-do-separador-de-gorduras-lisboa\\\/#breadcrumb\",\"itemListElement\":[{\"@type\":\"ListItem\",\"position\":1,\"name\":\"Accueil\",\"item\":\"https:\\\/\\\/canalizadordelisboa.pt\\\/\"},{\"@type\":\"ListItem\",\"position\":2,\"name\":\"Limpeza do Separador de Gorduras Lisboa\"}]},{\"@type\":\"WebSite\",\"@id\":\"https:\\\/\\\/canalizadordelisboa.pt\\\/#website\",\"url\":\"https:\\\/\\\/canalizadordelisboa.pt\\\/\",\"name\":\"Canalizador de Lisboa\",\"description\":\"Servi\u00e7os de canaliza\u00e7\u00e3o e desentupimentos de alta qualidade em Lisboa.\",\"potentialAction\":[{\"@type\":\"SearchAction\",\"target\":{\"@type\":\"EntryPoint\",\"urlTemplate\":\"https:\\\/\\\/canalizadordelisboa.pt\\\/?s={search_term_string}\"},\"query-input\":{\"@type\":\"PropertyValueSpecification\",\"valueRequired\":true,\"valueName\":\"search_term_string\"}}],\"inLanguage\":\"fr-FR\"}]}<\/script>\n<!-- \/ Yoast SEO plugin. -->","yoast_head_json":{"title":"Nettoyage des s\u00e9parateurs de graisse Lisbonne","description":"Nettoyage de bacs \u00e0 graisse pour \u00e9viter les blocages et les mauvaises odeurs. Service rapide et efficace \u00e0 Lisbonne.","robots":{"index":"index","follow":"follow","max-snippet":"max-snippet:-1","max-image-preview":"max-image-preview:large","max-video-preview":"max-video-preview:-1"},"canonical":"https:\/\/canalizadordelisboa.pt\/fr\/nettoyage-de-bacs-a-graisse-lisbon\/","og_locale":"fr_FR","og_type":"article","og_title":"Limpeza do Separador de Gorduras Lisboa","og_description":"Limpeza do separador de gorduras para evitar entupimentos e maus odores. Servi\u00e7o r\u00e1pido e eficaz em Lisboa.","og_url":"https:\/\/canalizadordelisboa.pt\/fr\/nettoyage-de-bacs-a-graisse-lisbon\/","og_site_name":"Canalizador de Lisboa","article_modified_time":"2026-04-21T15:05:01+00:00","twitter_card":"summary_large_image","twitter_misc":{"Dur\u00e9e de lecture estim\u00e9e":"1 minute"},"schema":{"@context":"https:\/\/schema.org","@graph":[{"@type":"WebPage","@id":"https:\/\/canalizadordelisboa.pt\/limpeza-do-separador-de-gorduras-lisboa\/","url":"https:\/\/canalizadordelisboa.pt\/limpeza-do-separador-de-gorduras-lisboa\/","name":"Nettoyage des s\u00e9parateurs de graisse Lisbonne","isPartOf":{"@id":"https:\/\/canalizadordelisboa.pt\/#website"},"datePublished":"2026-04-21T15:04:30+00:00","dateModified":"2026-04-21T15:05:01+00:00","description":"Nettoyage de bacs \u00e0 graisse pour \u00e9viter les blocages et les mauvaises odeurs. Service rapide et efficace \u00e0 Lisbonne.","breadcrumb":{"@id":"https:\/\/canalizadordelisboa.pt\/limpeza-do-separador-de-gorduras-lisboa\/#breadcrumb"},"inLanguage":"fr-FR","potentialAction":[{"@type":"ReadAction","target":["https:\/\/canalizadordelisboa.pt\/limpeza-do-separador-de-gorduras-lisboa\/"]}]},{"@type":"BreadcrumbList","@id":"https:\/\/canalizadordelisboa.pt\/limpeza-do-separador-de-gorduras-lisboa\/#breadcrumb","itemListElement":[{"@type":"ListItem","position":1,"name":"Accueil","item":"https:\/\/canalizadordelisboa.pt\/"},{"@type":"ListItem","position":2,"name":"Limpeza do Separador de Gorduras Lisboa"}]},{"@type":"WebSite","@id":"https:\/\/canalizadordelisboa.pt\/#website","url":"https:\/\/canalizadordelisboa.pt\/","name":"Canalizador de Lisboa","description":"Services de plomberie et de drainage de haute qualit\u00e9 \u00e0 Lisbonne.","potentialAction":[{"@type":"SearchAction","target":{"@type":"EntryPoint","urlTemplate":"https:\/\/canalizadordelisboa.pt\/?s={search_term_string}"},"query-input":{"@type":"PropertyValueSpecification","valueRequired":true,"valueName":"search_term_string"}}],"inLanguage":"fr-FR"}]}},"_links":{"self":[{"href":"https:\/\/canalizadordelisboa.pt\/fr\/wp-json\/wp\/v2\/pages\/3753","targetHints":{"allow":["GET"]}}],"collection":[{"href":"https:\/\/canalizadordelisboa.pt\/fr\/wp-json\/wp\/v2\/pages"}],"about":[{"href":"https:\/\/canalizadordelisboa.pt\/fr\/wp-json\/wp\/v2\/types\/page"}],"author":[{"embeddable":true,"href":"https:\/\/canalizadordelisboa.pt\/fr\/wp-json\/wp\/v2\/users\/1"}],"replies":[{"embeddable":true,"href":"https:\/\/canalizadordelisboa.pt\/fr\/wp-json\/wp\/v2\/comments?post=3753"}],"version-history":[{"count":2,"href":"https:\/\/canalizadordelisboa.pt\/fr\/wp-json\/wp\/v2\/pages\/3753\/revisions"}],"predecessor-version":[{"id":3755,"href":"https:\/\/canalizadordelisboa.pt\/fr\/wp-json\/wp\/v2\/pages\/3753\/revisions\/3755"}],"wp:attachment":[{"href":"https:\/\/canalizadordelisboa.pt\/fr\/wp-json\/wp\/v2\/media?parent=3753"}],"curies":[{"name":"wp","href":"https:\/\/api.w.org\/{rel}","templated":true}]}}