{"id":3751,"date":"2026-04-21T15:01:24","date_gmt":"2026-04-21T15:01:24","guid":{"rendered":"https:\/\/canalizadordelisboa.pt\/?page_id=3751"},"modified":"2026-04-21T15:01:24","modified_gmt":"2026-04-21T15:01:24","slug":"reparation-de-fuites-de-toilettes-lisbonne","status":"publish","type":"page","link":"https:\/\/canalizadordelisboa.pt\/fr\/reparacao-de-fuga-na-sanita-lisboa\/","title":{"rendered":"R\u00e9paration d'une fuite de toilettes Lisbon"},"content":{"rendered":"<p>Une fuite dans les toilettes peut entra\u00eener un gaspillage d'eau, des factures plus \u00e9lev\u00e9es et m\u00eame des d\u00e9g\u00e2ts mat\u00e9riels. <a href=\"https:\/\/canalizadordelisboa.pt\/fr\/fuites-de-toit-lisbonne\/\">fuites dans le plancher ou le plafond du voisin<\/a>. M\u00eame les petites fuites doivent \u00eatre trait\u00e9es rapidement afin d'\u00e9viter des dommages importants.<\/p>\n<p>Pour une r\u00e9paration efficace et durable, <a href=\"https:\/\/canalizadordelisboa.pt\/fr\/\">l'entreprise de plombiers de Lisbonne<\/a> est la meilleure solution pour r\u00e9parer les fuites des toilettes avec une intervention rapide \u00e0 Lisbonne.<\/p>\n<h2>Signes de fuite des toilettes<\/h2>\n<ul>\n<li>L'eau coule constamment dans les toilettes<\/li>\n<li>Bruit de remplissage continu<\/li>\n<li>Accumulation d'eau autour de la base<\/li>\n<li>Augmentation inexpliqu\u00e9e des factures d'eau<\/li>\n<\/ul>\n<h2>Principales causes<\/h2>\n<ul>\n<li>R\u00e9servoir de chasse d\u00e9fectueux<\/li>\n<li><a href=\"https:\/\/canalizadordelisboa.pt\/fr\/etancheite-silicone-lisbonne\/\">Scellement<\/a> us\u00e9<\/li>\n<li>Fuite du raccordement \u00e0 l'\u00e9gout<\/li>\n<li>Si\u00e8ge de toilette mal fix\u00e9<\/li>\n<\/ul>\n<h2>Comment la r\u00e9paration est-elle effectu\u00e9e ?<\/h2>\n<ul>\n<li>Diagnostic de l'origine de la fuite<\/li>\n<li>Remplacement des joints ou des pi\u00e8ces <a href=\"https:\/\/canalizadordelisboa.pt\/fr\/reparation-citerne-lisbonne\/\">citerne<\/a><\/li>\n<li>Ajuster ou r\u00e9parer les toilettes<\/li>\n<li>Test de fonctionnement<\/li>\n<\/ul>\n<h2>Quand appeler un plombier ?<\/h2>\n<p>Si la fuite persiste, s'il y a des infiltrations dans le sol ou si la source ne peut \u00eatre identifi\u00e9e, il est indispensable de faire appel \u00e0 un professionnel.<\/p>\n<p>A <a href=\"https:\/\/canalizadordelisboa.pt\/fr\/\">l'entreprise de plombiers de Lisbonne<\/a> effectue des r\u00e9parations de fuites de toilettes \u00e0 Lisbonne rapidement et de mani\u00e8re professionnelle.<\/p>","protected":false},"excerpt":{"rendered":"<p>Uma fuga na sanita pode causar desperd\u00edcio de \u00e1gua, aumento na fatura e at\u00e9 infiltra\u00e7\u00f5es no ch\u00e3o ou no teto do vizinho. Mesmo pequenas fugas devem ser resolvidas rapidamente para evitar danos maiores. Para uma repara\u00e7\u00e3o eficaz e duradoura, a empresa Canalizador de Lisboa \u00e9 a melhor solu\u00e7\u00e3o para reparar fugas em sanitas com interven\u00e7\u00e3o [&hellip;]<\/p>\n","protected":false},"author":1,"featured_media":0,"parent":0,"menu_order":0,"comment_status":"closed","ping_status":"closed","template":"","meta":{"iawp_total_views":0,"footnotes":""},"class_list":["post-3751","page","type-page","status-publish","hentry"],"yoast_head":"<!-- This site is optimized with the Yoast SEO plugin v27.4 - https:\/\/yoast.com\/product\/yoast-seo-wordpress\/ -->\n<title>Repara\u00e7\u00e3o de fuga na sanita Lisboa<\/title>\n<meta name=\"description\" content=\"Repara\u00e7\u00e3o de fuga na sanita em Lisboa. Resolva perdas de \u00e1gua, infiltra\u00e7\u00f5es e desperd\u00edcio com interven\u00e7\u00e3o r\u00e1pida e profissional.\" \/>\n<meta name=\"robots\" content=\"index, follow, max-snippet:-1, max-image-preview:large, max-video-preview:-1\" \/>\n<link rel=\"canonical\" href=\"https:\/\/canalizadordelisboa.pt\/fr\/reparation-de-fuites-de-toilettes-lisbonne\/\" \/>\n<meta property=\"og:locale\" content=\"fr_FR\" \/>\n<meta property=\"og:type\" content=\"article\" \/>\n<meta property=\"og:title\" content=\"Repara\u00e7\u00e3o de fuga na sanita Lisboa\" \/>\n<meta property=\"og:description\" content=\"Repara\u00e7\u00e3o de fuga na sanita em Lisboa. Resolva perdas de \u00e1gua, infiltra\u00e7\u00f5es e desperd\u00edcio com interven\u00e7\u00e3o r\u00e1pida e profissional.\" \/>\n<meta property=\"og:url\" content=\"https:\/\/canalizadordelisboa.pt\/fr\/reparation-de-fuites-de-toilettes-lisbonne\/\" \/>\n<meta property=\"og:site_name\" content=\"Canalizador de Lisboa\" \/>\n<meta name=\"twitter:card\" content=\"summary_large_image\" \/>\n<script type=\"application\/ld+json\" class=\"yoast-schema-graph\">{\"@context\":\"https:\\\/\\\/schema.org\",\"@graph\":[{\"@type\":\"WebPage\",\"@id\":\"https:\\\/\\\/canalizadordelisboa.pt\\\/reparacao-de-fuga-na-sanita-lisboa\\\/\",\"url\":\"https:\\\/\\\/canalizadordelisboa.pt\\\/reparacao-de-fuga-na-sanita-lisboa\\\/\",\"name\":\"Repara\u00e7\u00e3o de fuga na sanita Lisboa\",\"isPartOf\":{\"@id\":\"https:\\\/\\\/canalizadordelisboa.pt\\\/#website\"},\"datePublished\":\"2026-04-21T15:01:24+00:00\",\"description\":\"Repara\u00e7\u00e3o de fuga na sanita em Lisboa. Resolva perdas de \u00e1gua, infiltra\u00e7\u00f5es e desperd\u00edcio com interven\u00e7\u00e3o r\u00e1pida e profissional.\",\"breadcrumb\":{\"@id\":\"https:\\\/\\\/canalizadordelisboa.pt\\\/reparacao-de-fuga-na-sanita-lisboa\\\/#breadcrumb\"},\"inLanguage\":\"fr-FR\",\"potentialAction\":[{\"@type\":\"ReadAction\",\"target\":[\"https:\\\/\\\/canalizadordelisboa.pt\\\/reparacao-de-fuga-na-sanita-lisboa\\\/\"]}]},{\"@type\":\"BreadcrumbList\",\"@id\":\"https:\\\/\\\/canalizadordelisboa.pt\\\/reparacao-de-fuga-na-sanita-lisboa\\\/#breadcrumb\",\"itemListElement\":[{\"@type\":\"ListItem\",\"position\":1,\"name\":\"Accueil\",\"item\":\"https:\\\/\\\/canalizadordelisboa.pt\\\/\"},{\"@type\":\"ListItem\",\"position\":2,\"name\":\"Repara\u00e7\u00e3o de fuga na sanita Lisboa\"}]},{\"@type\":\"WebSite\",\"@id\":\"https:\\\/\\\/canalizadordelisboa.pt\\\/#website\",\"url\":\"https:\\\/\\\/canalizadordelisboa.pt\\\/\",\"name\":\"Canalizador de Lisboa\",\"description\":\"Servi\u00e7os de canaliza\u00e7\u00e3o e desentupimentos de alta qualidade em Lisboa.\",\"potentialAction\":[{\"@type\":\"SearchAction\",\"target\":{\"@type\":\"EntryPoint\",\"urlTemplate\":\"https:\\\/\\\/canalizadordelisboa.pt\\\/?s={search_term_string}\"},\"query-input\":{\"@type\":\"PropertyValueSpecification\",\"valueRequired\":true,\"valueName\":\"search_term_string\"}}],\"inLanguage\":\"fr-FR\"}]}<\/script>\n<!-- \/ Yoast SEO plugin. -->","yoast_head_json":{"title":"R\u00e9paration d'une fuite de toilettes Lisbon","description":"R\u00e9paration de fuites de toilettes \u00e0 Lisbonne. R\u00e9solvez les pertes d'eau, les infiltrations et le gaspillage gr\u00e2ce \u00e0 une intervention rapide et professionnelle.","robots":{"index":"index","follow":"follow","max-snippet":"max-snippet:-1","max-image-preview":"max-image-preview:large","max-video-preview":"max-video-preview:-1"},"canonical":"https:\/\/canalizadordelisboa.pt\/fr\/reparation-de-fuites-de-toilettes-lisbonne\/","og_locale":"fr_FR","og_type":"article","og_title":"Repara\u00e7\u00e3o de fuga na sanita Lisboa","og_description":"Repara\u00e7\u00e3o de fuga na sanita em Lisboa. Resolva perdas de \u00e1gua, infiltra\u00e7\u00f5es e desperd\u00edcio com interven\u00e7\u00e3o r\u00e1pida e profissional.","og_url":"https:\/\/canalizadordelisboa.pt\/fr\/reparation-de-fuites-de-toilettes-lisbonne\/","og_site_name":"Canalizador de Lisboa","twitter_card":"summary_large_image","schema":{"@context":"https:\/\/schema.org","@graph":[{"@type":"WebPage","@id":"https:\/\/canalizadordelisboa.pt\/reparacao-de-fuga-na-sanita-lisboa\/","url":"https:\/\/canalizadordelisboa.pt\/reparacao-de-fuga-na-sanita-lisboa\/","name":"R\u00e9paration d'une fuite de toilettes Lisbon","isPartOf":{"@id":"https:\/\/canalizadordelisboa.pt\/#website"},"datePublished":"2026-04-21T15:01:24+00:00","description":"R\u00e9paration de fuites de toilettes \u00e0 Lisbonne. R\u00e9solvez les pertes d'eau, les infiltrations et le gaspillage gr\u00e2ce \u00e0 une intervention rapide et professionnelle.","breadcrumb":{"@id":"https:\/\/canalizadordelisboa.pt\/reparacao-de-fuga-na-sanita-lisboa\/#breadcrumb"},"inLanguage":"fr-FR","potentialAction":[{"@type":"ReadAction","target":["https:\/\/canalizadordelisboa.pt\/reparacao-de-fuga-na-sanita-lisboa\/"]}]},{"@type":"BreadcrumbList","@id":"https:\/\/canalizadordelisboa.pt\/reparacao-de-fuga-na-sanita-lisboa\/#breadcrumb","itemListElement":[{"@type":"ListItem","position":1,"name":"Accueil","item":"https:\/\/canalizadordelisboa.pt\/"},{"@type":"ListItem","position":2,"name":"Repara\u00e7\u00e3o de fuga na sanita Lisboa"}]},{"@type":"WebSite","@id":"https:\/\/canalizadordelisboa.pt\/#website","url":"https:\/\/canalizadordelisboa.pt\/","name":"Canalizador de Lisboa","description":"Services de plomberie et de drainage de haute qualit\u00e9 \u00e0 Lisbonne.","potentialAction":[{"@type":"SearchAction","target":{"@type":"EntryPoint","urlTemplate":"https:\/\/canalizadordelisboa.pt\/?s={search_term_string}"},"query-input":{"@type":"PropertyValueSpecification","valueRequired":true,"valueName":"search_term_string"}}],"inLanguage":"fr-FR"}]}},"_links":{"self":[{"href":"https:\/\/canalizadordelisboa.pt\/fr\/wp-json\/wp\/v2\/pages\/3751","targetHints":{"allow":["GET"]}}],"collection":[{"href":"https:\/\/canalizadordelisboa.pt\/fr\/wp-json\/wp\/v2\/pages"}],"about":[{"href":"https:\/\/canalizadordelisboa.pt\/fr\/wp-json\/wp\/v2\/types\/page"}],"author":[{"embeddable":true,"href":"https:\/\/canalizadordelisboa.pt\/fr\/wp-json\/wp\/v2\/users\/1"}],"replies":[{"embeddable":true,"href":"https:\/\/canalizadordelisboa.pt\/fr\/wp-json\/wp\/v2\/comments?post=3751"}],"version-history":[{"count":1,"href":"https:\/\/canalizadordelisboa.pt\/fr\/wp-json\/wp\/v2\/pages\/3751\/revisions"}],"predecessor-version":[{"id":3752,"href":"https:\/\/canalizadordelisboa.pt\/fr\/wp-json\/wp\/v2\/pages\/3751\/revisions\/3752"}],"wp:attachment":[{"href":"https:\/\/canalizadordelisboa.pt\/fr\/wp-json\/wp\/v2\/media?parent=3751"}],"curies":[{"name":"wp","href":"https:\/\/api.w.org\/{rel}","templated":true}]}}