{"id":3738,"date":"2026-04-21T10:23:32","date_gmt":"2026-04-21T10:23:32","guid":{"rendered":"https:\/\/canalizadordelisboa.pt\/?page_id=3738"},"modified":"2026-04-21T10:23:32","modified_gmt":"2026-04-21T10:23:32","slug":"fuites-murales-lisbonne","status":"publish","type":"page","link":"https:\/\/canalizadordelisboa.pt\/fr\/infiltracao-na-parede-lisboa\/","title":{"rendered":"Fuites murales Lisbonne"},"content":{"rendered":"<p>Les infiltrations dans les murs sont un probl\u00e8me courant dans les maisons et les appartements de Lisbonne. Elles peuvent commencer par de petites taches d'humidit\u00e9 et se transformer en moisissures, en d\u00e9gradation de la peinture et en dommages structurels si elles ne sont pas trait\u00e9es \u00e0 temps.<\/p>\n<p><img decoding=\"async\" src=\"https:\/\/canalizadordelisboa.pt\/wp-content\/uploads\/2026\/04\/Infiltracao-na-parede-Lisboa-139x300.jpg\" alt=\"Fuites murales Lisbonne\" width=\"139\" height=\"300\" class=\"alignnone size-medium wp-image-3739\" srcset=\"https:\/\/canalizadordelisboa.pt\/wp-content\/uploads\/2026\/04\/Infiltracao-na-parede-Lisboa-139x300.jpg 139w, https:\/\/canalizadordelisboa.pt\/wp-content\/uploads\/2026\/04\/Infiltracao-na-parede-Lisboa-473x1024.jpg 473w, https:\/\/canalizadordelisboa.pt\/wp-content\/uploads\/2026\/04\/Infiltracao-na-parede-Lisboa-768x1662.jpg 768w, https:\/\/canalizadordelisboa.pt\/wp-content\/uploads\/2026\/04\/Infiltracao-na-parede-Lisboa-710x1536.jpg 710w, https:\/\/canalizadordelisboa.pt\/wp-content\/uploads\/2026\/04\/Infiltracao-na-parede-Lisboa-6x12.jpg 6w, https:\/\/canalizadordelisboa.pt\/wp-content\/uploads\/2026\/04\/Infiltracao-na-parede-Lisboa.jpg 900w\" sizes=\"(max-width: 139px) 100vw, 139px\" \/><\/p>\n<p>Identifier la source et r\u00e9soudre le probl\u00e8me de mani\u00e8re efficace, <a href=\"https:\/\/canalizadordelisboa.pt\/fr\/\">l'entreprise de plombiers de Lisbonne<\/a> est la meilleure solution pour d\u00e9tecter les fuites et r\u00e9parer les infiltrations.<\/p>\n<h2>Principales causes de fuites dans les murs<\/h2>\n<ul>\n<li>Fuites dans la tuyauterie int\u00e9gr\u00e9e<\/li>\n<li>D\u00e9t\u00e9rioration de l'\u00e9tanch\u00e9it\u00e9 dans les salles de bains ou les cuisines<\/li>\n<li><a href=\"https:\/\/canalizadordelisboa.pt\/fr\/fuites-de-toit-lisbonne\/\">Infiltration par les voisins<\/a><\/li>\n<li>Probl\u00e8mes de fa\u00e7ade du b\u00e2timent<\/li>\n<li>Augmentation de l'humidit\u00e9 du sol<\/li>\n<\/ul>\n<h2>Signes d'infiltration<\/h2>\n<ul>\n<li>Taches sombres ou humides sur les murs<\/li>\n<li>Peinture \u00e9caill\u00e9e ou bulles<\/li>\n<li>Odeur de moisi<\/li>\n<li>Apparence de la moisissure<\/li>\n<\/ul>\n<h2>Ce qu'il faut faire<\/h2>\n<ul>\n<li>Identifier la source de l'humidit\u00e9<\/li>\n<li>\u00c9viter <a href=\"https:\/\/canalizadordelisboa.pt\/fr\/peinture-exterieure-lisbonne\/\">peinture<\/a> ou dissimuler sans r\u00e9soudre la cause<\/li>\n<li>R\u00e9duire l'utilisation de la zone affect\u00e9e s'il y a de l'eau<\/li>\n<\/ul>\n<h2>Quand appeler un plombier ?<\/h2>\n<p>S'il y a <a href=\"https:\/\/canalizadordelisboa.pt\/fr\/detection-des-fuites-lisbonne\/\">suspicion de fuite interne<\/a>, En cas d'infiltration persistante ou d'origine inconnue, il est indispensable de proc\u00e9der \u00e0 un contr\u00f4le technique.<\/p>\n<p>A <a href=\"https:\/\/canalizadordelisboa.pt\/fr\/\">l'entreprise de plombiers de Lisbonne<\/a> effectue la d\u00e9tection et la r\u00e9paration des infiltrations avec une intervention rapide \u00e0 Lisbonne.<\/p>","protected":false},"excerpt":{"rendered":"<p>A infiltra\u00e7\u00e3o na parede \u00e9 um problema frequente em casas e apartamentos em Lisboa. Pode come\u00e7ar com pequenas manchas de humidade e evoluir para bolor, degrada\u00e7\u00e3o da pintura e danos estruturais se n\u00e3o for tratada a tempo. Para identificar a origem e resolver o problema de forma eficaz, a empresa Canalizador de Lisboa \u00e9 a [&hellip;]<\/p>\n","protected":false},"author":1,"featured_media":3739,"parent":0,"menu_order":0,"comment_status":"closed","ping_status":"closed","template":"","meta":{"iawp_total_views":0,"footnotes":""},"class_list":["post-3738","page","type-page","status-publish","has-post-thumbnail","hentry"],"yoast_head":"<!-- This site is optimized with the Yoast SEO plugin v27.4 - https:\/\/yoast.com\/product\/yoast-seo-wordpress\/ -->\n<title>Infiltra\u00e7\u00e3o na parede Lisboa<\/title>\n<meta name=\"description\" content=\"Infiltra\u00e7\u00e3o na parede em Lisboa? Descubra as causas, sinais e como resolver fugas e humidade antes que causem danos maiores.\" \/>\n<meta name=\"robots\" content=\"index, follow, max-snippet:-1, max-image-preview:large, max-video-preview:-1\" \/>\n<link rel=\"canonical\" href=\"https:\/\/canalizadordelisboa.pt\/fr\/fuites-murales-lisbonne\/\" \/>\n<meta property=\"og:locale\" content=\"fr_FR\" \/>\n<meta property=\"og:type\" content=\"article\" \/>\n<meta property=\"og:title\" content=\"Infiltra\u00e7\u00e3o na parede Lisboa\" \/>\n<meta property=\"og:description\" content=\"Infiltra\u00e7\u00e3o na parede em Lisboa? Descubra as causas, sinais e como resolver fugas e humidade antes que causem danos maiores.\" \/>\n<meta property=\"og:url\" content=\"https:\/\/canalizadordelisboa.pt\/fr\/fuites-murales-lisbonne\/\" \/>\n<meta property=\"og:site_name\" content=\"Canalizador de Lisboa\" \/>\n<meta property=\"og:image\" content=\"https:\/\/canalizadordelisboa.pt\/wp-content\/uploads\/2026\/04\/Infiltracao-na-parede-Lisboa.jpg\" \/>\n\t<meta property=\"og:image:width\" content=\"900\" \/>\n\t<meta property=\"og:image:height\" content=\"1948\" \/>\n\t<meta property=\"og:image:type\" content=\"image\/jpeg\" \/>\n<meta name=\"twitter:card\" content=\"summary_large_image\" \/>\n<script type=\"application\/ld+json\" class=\"yoast-schema-graph\">{\"@context\":\"https:\\\/\\\/schema.org\",\"@graph\":[{\"@type\":\"WebPage\",\"@id\":\"https:\\\/\\\/canalizadordelisboa.pt\\\/infiltracao-na-parede-lisboa\\\/\",\"url\":\"https:\\\/\\\/canalizadordelisboa.pt\\\/infiltracao-na-parede-lisboa\\\/\",\"name\":\"Infiltra\u00e7\u00e3o na parede Lisboa\",\"isPartOf\":{\"@id\":\"https:\\\/\\\/canalizadordelisboa.pt\\\/#website\"},\"primaryImageOfPage\":{\"@id\":\"https:\\\/\\\/canalizadordelisboa.pt\\\/infiltracao-na-parede-lisboa\\\/#primaryimage\"},\"image\":{\"@id\":\"https:\\\/\\\/canalizadordelisboa.pt\\\/infiltracao-na-parede-lisboa\\\/#primaryimage\"},\"thumbnailUrl\":\"https:\\\/\\\/canalizadordelisboa.pt\\\/wp-content\\\/uploads\\\/2026\\\/04\\\/Infiltracao-na-parede-Lisboa.jpg\",\"datePublished\":\"2026-04-21T10:23:32+00:00\",\"description\":\"Infiltra\u00e7\u00e3o na parede em Lisboa? Descubra as causas, sinais e como resolver fugas e humidade antes que causem danos maiores.\",\"breadcrumb\":{\"@id\":\"https:\\\/\\\/canalizadordelisboa.pt\\\/infiltracao-na-parede-lisboa\\\/#breadcrumb\"},\"inLanguage\":\"fr-FR\",\"potentialAction\":[{\"@type\":\"ReadAction\",\"target\":[\"https:\\\/\\\/canalizadordelisboa.pt\\\/infiltracao-na-parede-lisboa\\\/\"]}]},{\"@type\":\"ImageObject\",\"inLanguage\":\"fr-FR\",\"@id\":\"https:\\\/\\\/canalizadordelisboa.pt\\\/infiltracao-na-parede-lisboa\\\/#primaryimage\",\"url\":\"https:\\\/\\\/canalizadordelisboa.pt\\\/wp-content\\\/uploads\\\/2026\\\/04\\\/Infiltracao-na-parede-Lisboa.jpg\",\"contentUrl\":\"https:\\\/\\\/canalizadordelisboa.pt\\\/wp-content\\\/uploads\\\/2026\\\/04\\\/Infiltracao-na-parede-Lisboa.jpg\",\"width\":900,\"height\":1948,\"caption\":\"Infiltrac\u0327a\u0303o na parede Lisboa\"},{\"@type\":\"BreadcrumbList\",\"@id\":\"https:\\\/\\\/canalizadordelisboa.pt\\\/infiltracao-na-parede-lisboa\\\/#breadcrumb\",\"itemListElement\":[{\"@type\":\"ListItem\",\"position\":1,\"name\":\"Accueil\",\"item\":\"https:\\\/\\\/canalizadordelisboa.pt\\\/\"},{\"@type\":\"ListItem\",\"position\":2,\"name\":\"Infiltra\u00e7\u00e3o na parede Lisboa\"}]},{\"@type\":\"WebSite\",\"@id\":\"https:\\\/\\\/canalizadordelisboa.pt\\\/#website\",\"url\":\"https:\\\/\\\/canalizadordelisboa.pt\\\/\",\"name\":\"Canalizador de Lisboa\",\"description\":\"Servi\u00e7os de canaliza\u00e7\u00e3o e desentupimentos de alta qualidade em Lisboa.\",\"potentialAction\":[{\"@type\":\"SearchAction\",\"target\":{\"@type\":\"EntryPoint\",\"urlTemplate\":\"https:\\\/\\\/canalizadordelisboa.pt\\\/?s={search_term_string}\"},\"query-input\":{\"@type\":\"PropertyValueSpecification\",\"valueRequired\":true,\"valueName\":\"search_term_string\"}}],\"inLanguage\":\"fr-FR\"}]}<\/script>\n<!-- \/ Yoast SEO plugin. -->","yoast_head_json":{"title":"Fuites murales Lisbonne","description":"Fuites murales \u00e0 Lisbonne ? D\u00e9couvrez les causes, les signes et la mani\u00e8re de r\u00e9soudre les probl\u00e8mes de fuites et d'humidit\u00e9 avant qu'ils ne causent des dommages importants.","robots":{"index":"index","follow":"follow","max-snippet":"max-snippet:-1","max-image-preview":"max-image-preview:large","max-video-preview":"max-video-preview:-1"},"canonical":"https:\/\/canalizadordelisboa.pt\/fr\/fuites-murales-lisbonne\/","og_locale":"fr_FR","og_type":"article","og_title":"Infiltra\u00e7\u00e3o na parede Lisboa","og_description":"Infiltra\u00e7\u00e3o na parede em Lisboa? Descubra as causas, sinais e como resolver fugas e humidade antes que causem danos maiores.","og_url":"https:\/\/canalizadordelisboa.pt\/fr\/fuites-murales-lisbonne\/","og_site_name":"Canalizador de Lisboa","og_image":[{"width":900,"height":1948,"url":"https:\/\/canalizadordelisboa.pt\/wp-content\/uploads\/2026\/04\/Infiltracao-na-parede-Lisboa.jpg","type":"image\/jpeg"}],"twitter_card":"summary_large_image","schema":{"@context":"https:\/\/schema.org","@graph":[{"@type":"WebPage","@id":"https:\/\/canalizadordelisboa.pt\/infiltracao-na-parede-lisboa\/","url":"https:\/\/canalizadordelisboa.pt\/infiltracao-na-parede-lisboa\/","name":"Fuites murales Lisbonne","isPartOf":{"@id":"https:\/\/canalizadordelisboa.pt\/#website"},"primaryImageOfPage":{"@id":"https:\/\/canalizadordelisboa.pt\/infiltracao-na-parede-lisboa\/#primaryimage"},"image":{"@id":"https:\/\/canalizadordelisboa.pt\/infiltracao-na-parede-lisboa\/#primaryimage"},"thumbnailUrl":"https:\/\/canalizadordelisboa.pt\/wp-content\/uploads\/2026\/04\/Infiltracao-na-parede-Lisboa.jpg","datePublished":"2026-04-21T10:23:32+00:00","description":"Fuites murales \u00e0 Lisbonne ? D\u00e9couvrez les causes, les signes et la mani\u00e8re de r\u00e9soudre les probl\u00e8mes de fuites et d'humidit\u00e9 avant qu'ils ne causent des dommages importants.","breadcrumb":{"@id":"https:\/\/canalizadordelisboa.pt\/infiltracao-na-parede-lisboa\/#breadcrumb"},"inLanguage":"fr-FR","potentialAction":[{"@type":"ReadAction","target":["https:\/\/canalizadordelisboa.pt\/infiltracao-na-parede-lisboa\/"]}]},{"@type":"ImageObject","inLanguage":"fr-FR","@id":"https:\/\/canalizadordelisboa.pt\/infiltracao-na-parede-lisboa\/#primaryimage","url":"https:\/\/canalizadordelisboa.pt\/wp-content\/uploads\/2026\/04\/Infiltracao-na-parede-Lisboa.jpg","contentUrl":"https:\/\/canalizadordelisboa.pt\/wp-content\/uploads\/2026\/04\/Infiltracao-na-parede-Lisboa.jpg","width":900,"height":1948,"caption":"Infiltrac\u0327a\u0303o na parede Lisboa"},{"@type":"BreadcrumbList","@id":"https:\/\/canalizadordelisboa.pt\/infiltracao-na-parede-lisboa\/#breadcrumb","itemListElement":[{"@type":"ListItem","position":1,"name":"Accueil","item":"https:\/\/canalizadordelisboa.pt\/"},{"@type":"ListItem","position":2,"name":"Infiltra\u00e7\u00e3o na parede Lisboa"}]},{"@type":"WebSite","@id":"https:\/\/canalizadordelisboa.pt\/#website","url":"https:\/\/canalizadordelisboa.pt\/","name":"Canalizador de Lisboa","description":"Services de plomberie et de drainage de haute qualit\u00e9 \u00e0 Lisbonne.","potentialAction":[{"@type":"SearchAction","target":{"@type":"EntryPoint","urlTemplate":"https:\/\/canalizadordelisboa.pt\/?s={search_term_string}"},"query-input":{"@type":"PropertyValueSpecification","valueRequired":true,"valueName":"search_term_string"}}],"inLanguage":"fr-FR"}]}},"_links":{"self":[{"href":"https:\/\/canalizadordelisboa.pt\/fr\/wp-json\/wp\/v2\/pages\/3738","targetHints":{"allow":["GET"]}}],"collection":[{"href":"https:\/\/canalizadordelisboa.pt\/fr\/wp-json\/wp\/v2\/pages"}],"about":[{"href":"https:\/\/canalizadordelisboa.pt\/fr\/wp-json\/wp\/v2\/types\/page"}],"author":[{"embeddable":true,"href":"https:\/\/canalizadordelisboa.pt\/fr\/wp-json\/wp\/v2\/users\/1"}],"replies":[{"embeddable":true,"href":"https:\/\/canalizadordelisboa.pt\/fr\/wp-json\/wp\/v2\/comments?post=3738"}],"version-history":[{"count":1,"href":"https:\/\/canalizadordelisboa.pt\/fr\/wp-json\/wp\/v2\/pages\/3738\/revisions"}],"predecessor-version":[{"id":3740,"href":"https:\/\/canalizadordelisboa.pt\/fr\/wp-json\/wp\/v2\/pages\/3738\/revisions\/3740"}],"wp:featuredmedia":[{"embeddable":true,"href":"https:\/\/canalizadordelisboa.pt\/fr\/wp-json\/wp\/v2\/media\/3739"}],"wp:attachment":[{"href":"https:\/\/canalizadordelisboa.pt\/fr\/wp-json\/wp\/v2\/media?parent=3738"}],"curies":[{"name":"wp","href":"https:\/\/api.w.org\/{rel}","templated":true}]}}