{"id":3695,"date":"2026-03-18T15:09:37","date_gmt":"2026-03-18T15:09:37","guid":{"rendered":"https:\/\/canalizadordelisboa.pt\/?page_id=3695"},"modified":"2026-03-18T15:09:37","modified_gmt":"2026-03-18T15:09:37","slug":"fuites-invisibles-comment-savoir-si-vous-perdez-de-leau","status":"publish","type":"page","link":"https:\/\/canalizadordelisboa.pt\/fr\/vazamentos-invisiveis-como-saber-se-esta-perdendo-agua\/","title":{"rendered":"Fuites invisibles : comment savoir si vous perdez de l'eau"},"content":{"rendered":"<p>Toutes les fuites ne sont pas visibles. De nombreuses fuites d'eau se produisent \u00e0 l'int\u00e9rieur <a href=\"https:\/\/canalizadordelisboa.pt\/fr\/comment-identifier-un-tuyau-fissure-dans-un-mur\/\">murs<\/a>, Ces fuites peuvent se produire sous le sol ou dans des tuyaux cach\u00e9s, et peuvent passer inaper\u00e7ues pendant des semaines ou des mois. Le probl\u00e8me, c'est qu'en plus de gaspiller de l'eau, ces fuites peuvent provoquer <a href=\"https:\/\/canalizadordelisboa.pt\/fr\/comment-detecter-les-fuites-avant-quelles-ne-causent-des-dommages\/\">infiltrations<\/a>, les moisissures et les dommages structurels.<\/p>\n<p>Dans ce guide complet, nous expliquons comment identifier les fuites invisibles, quels sont les signes les plus courants et comment confirmer la pr\u00e9sence d'une perte d'eau dans votre maison. Pour une d\u00e9tection pr\u00e9cise sans travaux, <a href=\"https:\/\/canalizadordelisboa.pt\/fr\/\">l'entreprise de plombiers de Lisbonne<\/a> est la meilleure solution pour localiser les fuites cach\u00e9es avec un \u00e9quipement moderne.<\/p>\n<h2>Qu'est-ce qu'une fuite invisible ?<\/h2>\n<p>Il s'agit de fuites d'eau qui ne sont pas visibles \u00e0 l'\u0153il nu. Elles se produisent g\u00e9n\u00e9ralement :<\/p>\n<ul>\n<li>Murs int\u00e9rieurs<\/li>\n<li>Sous le plancher<\/li>\n<li>Dans la tuyauterie int\u00e9gr\u00e9e<\/li>\n<li>Dans les canalisations ext\u00e9rieures enterr\u00e9es<\/li>\n<\/ul>\n<h2>Signes de fuite d'eau<\/h2>\n<h3>1. Augmentation des factures d'eau<\/h3>\n<p>Si la consommation a augment\u00e9 sans changer les habitudes, il peut y avoir des fuites.<\/p>\n<h3>2. Taches d'humidit\u00e9<\/h3>\n<p>Des murs ou des plafonds pr\u00e9sentant des taches, des bulles de peinture ou des d\u00e9collements sont des signes \u00e9vidents.<\/p>\n<h3>3. Odeur de moisi<\/h3>\n<p>Les environnements \u00e0 humidit\u00e9 constante favorisent l'apparition de moisissures.<\/p>\n<h3>4. Sol ou mur humide<\/h3>\n<p>Des zones froides ou humides sans raison apparente peuvent \u00eatre le signe d'une infiltration.<\/p>\n<h3>5. Pression d'eau r\u00e9duite<\/h3>\n<p>Perte de <a href=\"https:\/\/canalizadordelisboa.pt\/fr\/faible-pression-deau-a-la-maison-causes-et-solutions\/\">pression<\/a> peut \u00eatre caus\u00e9e par une fuite dans la tuyauterie.<\/p>\n<h3>6. Bruit de l'eau qui coule<\/h3>\n<p>Si vous entendez de l'eau m\u00eame lorsque tout est ferm\u00e9, il peut y avoir une fuite interne.<\/p>\n<h2>Comment v\u00e9rifier la pr\u00e9sence d'une fuite invisible<\/h2>\n<h3>Test de compteur d'eau<\/h3>\n<ul>\n<li>Fermer tous les robinets et les appareils consommant de l'eau<\/li>\n<li>V\u00e9rifier le compteur d'eau<\/li>\n<li>Attendre 30 minutes sans utiliser d'eau<\/li>\n<li>V\u00e9rifier \u00e0 nouveau le compteur<\/li>\n<\/ul>\n<p>S'il y a un changement, c'est qu'il y a une fuite dans le syst\u00e8me.<\/p>\n<h2>O\u00f9 les fuites invisibles sont les plus fr\u00e9quentes<\/h2>\n<ul>\n<li>Salles de bains (<a href=\"https:\/\/canalizadordelisboa.pt\/fr\/installation-de-cabine-de-douche-lisbonne\/\">douche<\/a>, <a href=\"https:\/\/canalizadordelisboa.pt\/fr\/installation-de-toilettes-a-lisbonne\/\">toilettes<\/a>)<\/li>\n<li>Cuisine (<a href=\"https:\/\/canalizadordelisboa.pt\/fr\/guide-des-prix-pour-linstallation-dun-evier\/\">\u00e9vier<\/a> et tuyauterie)<\/li>\n<li><a href=\"https:\/\/canalizadordelisboa.pt\/fr\/remplacement-de-la-colonne-deau\/\">Colonnes d'eau dans les b\u00e2timents<\/a><\/li>\n<li>Connexion \u00e0 <a href=\"https:\/\/canalizadordelisboa.pt\/fr\/combien-coute-le-remplacement-dun-chauffe-eau-prix-actualises\/\">chauffe-eau<\/a> ou <a href=\"https:\/\/canalizadordelisboa.pt\/fr\/reparation-de-chauffe-eau-3\/\">chauffe-eau<\/a><\/li>\n<\/ul>\n<h2>Comment d\u00e9tecter une fuite avec pr\u00e9cision ?<\/h2>\n<p>Il existe aujourd'hui des m\u00e9thodes modernes qui permettent de localiser les fuites sans percer les murs :<\/p>\n<ul>\n<li>Cam\u00e9ras thermiques<\/li>\n<li>Mat\u00e9riel acoustique<\/li>\n<li>Contr\u00f4le de la pression<\/li>\n<\/ul>\n<p>Pour des orientations g\u00e9n\u00e9rales sur la gestion et l'utilisation rationnelle de l'eau, vous pouvez consulter le site web de la Commission europ\u00e9enne. <a href=\"https:\/\/www.ersar.pt\/\">ERSAR<\/a>.<\/p>\n<h2>Quand appeler un plombier ?<\/h2>\n<p>Vous devriez vous adresser \u00e0 un professionnel lorsque :<\/p>\n<ul>\n<li>Confirme la perte d'eau au niveau du compteur<\/li>\n<li>Il y a des taches d'humidit\u00e9 tenaces<\/li>\n<li>Impossible de localiser la source de la fuite<\/li>\n<li>Il existe un risque d'infiltration dans d'autres espaces<\/li>\n<\/ul>\n<h2>Pourquoi choisir le plombier de Lisbonne<\/h2>\n<p>A <a href=\"https:\/\/canalizadordelisboa.pt\/fr\/\">Lisbon Plumber company<\/a> utilise un \u00e9quipement moderne pour d\u00e9tecter les fuites invisibles sans avoir recours \u00e0 des travaux invasifs.<\/p>\n<ul>\n<li>Un diagnostic pr\u00e9cis<\/li>\n<li>D\u00e9tecter sans casser les murs<\/li>\n<li>R\u00e9paration rapide<\/li>\n<li>Service dans et autour de Lisbonne<\/li>\n<\/ul>\n<h2>Conclusion<\/h2>\n<p>Les fuites invisibles peuvent causer des dommages importants si elles ne sont pas identifi\u00e9es \u00e0 temps. En surveillant les signes et en effectuant des tests simples, il est possible de d\u00e9tecter le probl\u00e8me \u00e0 temps.<\/p>\n<p>Si vous soup\u00e7onnez une fuite d'eau, Lisbon Plumber peut localiser et r\u00e9soudre le probl\u00e8me rapidement et efficacement.<\/p>","protected":false},"excerpt":{"rendered":"<p>Nem todos os vazamentos s\u00e3o vis\u00edveis. Muitas fugas de \u00e1gua acontecem dentro de paredes, debaixo do ch\u00e3o ou em tubagens ocultas, podendo passar despercebidas durante semanas ou meses. O problema \u00e9 que, al\u00e9m do desperd\u00edcio de \u00e1gua, estas fugas podem causar infiltra\u00e7\u00f5es, bolor e danos estruturais. Neste guia completo explicamos como identificar vazamentos invis\u00edveis, quais [&hellip;]<\/p>\n","protected":false},"author":1,"featured_media":0,"parent":0,"menu_order":0,"comment_status":"closed","ping_status":"closed","template":"","meta":{"iawp_total_views":14,"footnotes":""},"class_list":["post-3695","page","type-page","status-publish","hentry"],"yoast_head":"<!-- This site is optimized with the Yoast SEO plugin v27.4 - https:\/\/yoast.com\/product\/yoast-seo-wordpress\/ -->\n<title>Vazamentos invis\u00edveis: como saber se est\u00e1 perdendo \u00e1gua<\/title>\n<meta name=\"description\" content=\"Aprenda a identificar vazamentos invis\u00edveis em casa, sinais de perda de \u00e1gua e como detectar fugas ocultas na canaliza\u00e7\u00e3o.\" \/>\n<meta name=\"robots\" content=\"index, follow, max-snippet:-1, max-image-preview:large, max-video-preview:-1\" \/>\n<link rel=\"canonical\" href=\"https:\/\/canalizadordelisboa.pt\/fr\/fuites-invisibles-comment-savoir-si-vous-perdez-de-leau\/\" \/>\n<meta property=\"og:locale\" content=\"fr_FR\" \/>\n<meta property=\"og:type\" content=\"article\" \/>\n<meta property=\"og:title\" content=\"Vazamentos invis\u00edveis: como saber se est\u00e1 perdendo \u00e1gua\" \/>\n<meta property=\"og:description\" content=\"Aprenda a identificar vazamentos invis\u00edveis em casa, sinais de perda de \u00e1gua e como detectar fugas ocultas na canaliza\u00e7\u00e3o.\" \/>\n<meta property=\"og:url\" content=\"https:\/\/canalizadordelisboa.pt\/fr\/fuites-invisibles-comment-savoir-si-vous-perdez-de-leau\/\" \/>\n<meta property=\"og:site_name\" content=\"Canalizador de Lisboa\" \/>\n<meta name=\"twitter:card\" content=\"summary_large_image\" \/>\n<script type=\"application\/ld+json\" class=\"yoast-schema-graph\">{\"@context\":\"https:\\\/\\\/schema.org\",\"@graph\":[{\"@type\":\"WebPage\",\"@id\":\"https:\\\/\\\/canalizadordelisboa.pt\\\/vazamentos-invisiveis-como-saber-se-esta-perdendo-agua\\\/\",\"url\":\"https:\\\/\\\/canalizadordelisboa.pt\\\/vazamentos-invisiveis-como-saber-se-esta-perdendo-agua\\\/\",\"name\":\"Vazamentos invis\u00edveis: como saber se est\u00e1 perdendo \u00e1gua\",\"isPartOf\":{\"@id\":\"https:\\\/\\\/canalizadordelisboa.pt\\\/#website\"},\"datePublished\":\"2026-03-18T15:09:37+00:00\",\"description\":\"Aprenda a identificar vazamentos invis\u00edveis em casa, sinais de perda de \u00e1gua e como detectar fugas ocultas na canaliza\u00e7\u00e3o.\",\"breadcrumb\":{\"@id\":\"https:\\\/\\\/canalizadordelisboa.pt\\\/vazamentos-invisiveis-como-saber-se-esta-perdendo-agua\\\/#breadcrumb\"},\"inLanguage\":\"fr-FR\",\"potentialAction\":[{\"@type\":\"ReadAction\",\"target\":[\"https:\\\/\\\/canalizadordelisboa.pt\\\/vazamentos-invisiveis-como-saber-se-esta-perdendo-agua\\\/\"]}]},{\"@type\":\"BreadcrumbList\",\"@id\":\"https:\\\/\\\/canalizadordelisboa.pt\\\/vazamentos-invisiveis-como-saber-se-esta-perdendo-agua\\\/#breadcrumb\",\"itemListElement\":[{\"@type\":\"ListItem\",\"position\":1,\"name\":\"Accueil\",\"item\":\"https:\\\/\\\/canalizadordelisboa.pt\\\/\"},{\"@type\":\"ListItem\",\"position\":2,\"name\":\"Vazamentos invis\u00edveis: como saber se est\u00e1 perdendo \u00e1gua\"}]},{\"@type\":\"WebSite\",\"@id\":\"https:\\\/\\\/canalizadordelisboa.pt\\\/#website\",\"url\":\"https:\\\/\\\/canalizadordelisboa.pt\\\/\",\"name\":\"Canalizador de Lisboa\",\"description\":\"Servi\u00e7os de canaliza\u00e7\u00e3o e desentupimentos de alta qualidade em Lisboa.\",\"potentialAction\":[{\"@type\":\"SearchAction\",\"target\":{\"@type\":\"EntryPoint\",\"urlTemplate\":\"https:\\\/\\\/canalizadordelisboa.pt\\\/?s={search_term_string}\"},\"query-input\":{\"@type\":\"PropertyValueSpecification\",\"valueRequired\":true,\"valueName\":\"search_term_string\"}}],\"inLanguage\":\"fr-FR\"}]}<\/script>\n<!-- \/ Yoast SEO plugin. -->","yoast_head_json":{"title":"Fuites invisibles : comment savoir si vous perdez de l'eau","description":"Apprenez \u00e0 identifier les fuites invisibles dans la maison, les signes de perte d'eau et \u00e0 d\u00e9tecter les fuites cach\u00e9es dans la plomberie.","robots":{"index":"index","follow":"follow","max-snippet":"max-snippet:-1","max-image-preview":"max-image-preview:large","max-video-preview":"max-video-preview:-1"},"canonical":"https:\/\/canalizadordelisboa.pt\/fr\/fuites-invisibles-comment-savoir-si-vous-perdez-de-leau\/","og_locale":"fr_FR","og_type":"article","og_title":"Vazamentos invis\u00edveis: como saber se est\u00e1 perdendo \u00e1gua","og_description":"Aprenda a identificar vazamentos invis\u00edveis em casa, sinais de perda de \u00e1gua e como detectar fugas ocultas na canaliza\u00e7\u00e3o.","og_url":"https:\/\/canalizadordelisboa.pt\/fr\/fuites-invisibles-comment-savoir-si-vous-perdez-de-leau\/","og_site_name":"Canalizador de Lisboa","twitter_card":"summary_large_image","schema":{"@context":"https:\/\/schema.org","@graph":[{"@type":"WebPage","@id":"https:\/\/canalizadordelisboa.pt\/vazamentos-invisiveis-como-saber-se-esta-perdendo-agua\/","url":"https:\/\/canalizadordelisboa.pt\/vazamentos-invisiveis-como-saber-se-esta-perdendo-agua\/","name":"Fuites invisibles : comment savoir si vous perdez de l'eau","isPartOf":{"@id":"https:\/\/canalizadordelisboa.pt\/#website"},"datePublished":"2026-03-18T15:09:37+00:00","description":"Apprenez \u00e0 identifier les fuites invisibles dans la maison, les signes de perte d'eau et \u00e0 d\u00e9tecter les fuites cach\u00e9es dans la plomberie.","breadcrumb":{"@id":"https:\/\/canalizadordelisboa.pt\/vazamentos-invisiveis-como-saber-se-esta-perdendo-agua\/#breadcrumb"},"inLanguage":"fr-FR","potentialAction":[{"@type":"ReadAction","target":["https:\/\/canalizadordelisboa.pt\/vazamentos-invisiveis-como-saber-se-esta-perdendo-agua\/"]}]},{"@type":"BreadcrumbList","@id":"https:\/\/canalizadordelisboa.pt\/vazamentos-invisiveis-como-saber-se-esta-perdendo-agua\/#breadcrumb","itemListElement":[{"@type":"ListItem","position":1,"name":"Accueil","item":"https:\/\/canalizadordelisboa.pt\/"},{"@type":"ListItem","position":2,"name":"Vazamentos invis\u00edveis: como saber se est\u00e1 perdendo \u00e1gua"}]},{"@type":"WebSite","@id":"https:\/\/canalizadordelisboa.pt\/#website","url":"https:\/\/canalizadordelisboa.pt\/","name":"Canalizador de Lisboa","description":"Services de plomberie et de drainage de haute qualit\u00e9 \u00e0 Lisbonne.","potentialAction":[{"@type":"SearchAction","target":{"@type":"EntryPoint","urlTemplate":"https:\/\/canalizadordelisboa.pt\/?s={search_term_string}"},"query-input":{"@type":"PropertyValueSpecification","valueRequired":true,"valueName":"search_term_string"}}],"inLanguage":"fr-FR"}]}},"_links":{"self":[{"href":"https:\/\/canalizadordelisboa.pt\/fr\/wp-json\/wp\/v2\/pages\/3695","targetHints":{"allow":["GET"]}}],"collection":[{"href":"https:\/\/canalizadordelisboa.pt\/fr\/wp-json\/wp\/v2\/pages"}],"about":[{"href":"https:\/\/canalizadordelisboa.pt\/fr\/wp-json\/wp\/v2\/types\/page"}],"author":[{"embeddable":true,"href":"https:\/\/canalizadordelisboa.pt\/fr\/wp-json\/wp\/v2\/users\/1"}],"replies":[{"embeddable":true,"href":"https:\/\/canalizadordelisboa.pt\/fr\/wp-json\/wp\/v2\/comments?post=3695"}],"version-history":[{"count":1,"href":"https:\/\/canalizadordelisboa.pt\/fr\/wp-json\/wp\/v2\/pages\/3695\/revisions"}],"predecessor-version":[{"id":3696,"href":"https:\/\/canalizadordelisboa.pt\/fr\/wp-json\/wp\/v2\/pages\/3695\/revisions\/3696"}],"wp:attachment":[{"href":"https:\/\/canalizadordelisboa.pt\/fr\/wp-json\/wp\/v2\/media?parent=3695"}],"curies":[{"name":"wp","href":"https:\/\/api.w.org\/{rel}","templated":true}]}}