{"id":3621,"date":"2026-02-24T14:43:30","date_gmt":"2026-02-24T14:43:30","guid":{"rendered":"https:\/\/canalizadordelisboa.pt\/?page_id=3621"},"modified":"2026-02-24T14:44:04","modified_gmt":"2026-02-24T14:44:04","slug":"pourquoi-la-machine-a-laver-deverse-t-elle-de-leau-sur-le-sol","status":"publish","type":"page","link":"https:\/\/canalizadordelisboa.pt\/fr\/por-que-a-maquina-de-lavar-deita-agua-pelo-chao\/","title":{"rendered":"Pourquoi le lave-linge d\u00e9verse-t-il de l'eau sur le sol ? Causes et solutions"},"content":{"rendered":"<p>Voir la machine \u00e0 laver pulv\u00e9riser de l'eau sur le sol est l'une des situations les plus stressantes de la maison. Outre le risque d'endommager les meubles et le sol, l'eau peut s'infiltrer, provoquer des mauvaises odeurs, des moisissures et m\u00eame des probl\u00e8mes \u00e9lectriques si elle touche des prises ou des rallonges.<\/p>\n<p>Dans ce guide complet, nous vous expliquons les causes les plus courantes, comment identifier la source de la fuite et ce que vous pouvez faire (en toute s\u00e9curit\u00e9) avant de faire appel \u00e0 un professionnel. Si vous avez besoin d'une intervention rapide et bien faite, <a href=\"https:\/\/canalizadordelisboa.pt\/fr\/\">l'entreprise de plombiers de Lisbonne<\/a> est la meilleure solution pour r\u00e9soudre les fuites, les blocages et les probl\u00e8mes de connexion \u00e0 Lisbonne et dans les environs.<\/p>\n<h2>Premi\u00e8rement : s'agit-il vraiment de la machine ou de la plomberie ?<\/h2>\n<p>Avant de bl\u00e2mer la machine, il convient de v\u00e9rifier une chose simple : il arrive que de l'eau provienne du drain, du siphon ou de l'\u00e9gout et apparaisse sur le sol \u00e0 proximit\u00e9 de la machine, donnant l'impression qu'elle fuit.<\/p>\n<p>Une mani\u00e8re pratique de se diff\u00e9rencier :<\/p>\n<ul>\n<li>Si de l'eau appara\u00eet <strong>lorsque la machine est en cours de remplissage<\/strong>, Il peut s'agir de l'arriv\u00e9e d'eau, du tuyau d'alimentation ou du tiroir \u00e0 d\u00e9tergent.<\/li>\n<li>Si de l'eau appara\u00eet <strong>pendant le lavage<\/strong>, Il peut s'agir du caoutchouc de la porte (\u00e0 l'avant) ou d'une fuite interne.<\/li>\n<li>Si de l'eau appara\u00eet <strong>en drainage\/centrifugation<\/strong>, Il s'agit souvent d'un tuyau de vidange, d'un filtre, d'une pompe ou d'un drain obstru\u00e9.<\/li>\n<li>Si l'eau est accompagn\u00e9e de <strong>mauvaise odeur<\/strong> ou des d\u00e9chets, pourrait \u00eatre un refoulement d'eaux us\u00e9es.<\/li>\n<\/ul>\n<h2>Ce qu'il faut faire imm\u00e9diatement (la s\u00e9curit\u00e9 d'abord)<\/h2>\n<ul>\n<li><strong>D\u00e9brancher la machine<\/strong> (ne jamais remuer avec les mains mouill\u00e9es).<\/li>\n<li><strong>Fermer le robinet d'arriv\u00e9e d'eau<\/strong> de la machine.<\/li>\n<li>Si l'eau monte, <strong>cl\u00f4turer le registre g\u00e9n\u00e9ral<\/strong> au cas o\u00f9.<\/li>\n<li>S'il y a de l'eau \u00e0 proximit\u00e9 des prises, <strong>mettre hors tension le tableau \u00e9lectrique<\/strong> de la zone affect\u00e9e.<\/li>\n<li>S\u00e9cher le sol pour \u00e9viter de glisser et de l'endommager.<\/li>\n<\/ul>\n<h2>Causes courantes des fuites d'eau d'un lave-linge sur le sol<\/h2>\n<h3>1. le tuyau d'entr\u00e9e (d'alimentation) n'est pas assez serr\u00e9 ou fuit<\/h3>\n<p>Le tuyau reliant la machine au robinet peut \u00eatre cass\u00e9 :<\/p>\n<ul>\n<li>pas assez serr\u00e9<\/li>\n<li>avec un joint us\u00e9<\/li>\n<li>fissur\u00e9<\/li>\n<\/ul>\n<p>La fuite se produit g\u00e9n\u00e9ralement au d\u00e9but du cycle, lorsque la machine se remplit.<\/p>\n<h3>2. Tuyau de vidange desserr\u00e9, fissur\u00e9 ou mal positionn\u00e9<\/h3>\n<p>Si le tuyau de vidange est endommag\u00e9 :<\/p>\n<ul>\n<li>se d\u00e9tache de l'\u00e9gout<\/li>\n<li>mal ajust\u00e9<\/li>\n<li>avec trou<\/li>\n<\/ul>\n<p>versera de l'eau lorsqu'elle commencera \u00e0 s'\u00e9couler, en particulier lors de la centrifugation.<\/p>\n<h3>3. Filtre de la pompe bloqu\u00e9 ou mal ferm\u00e9<\/h3>\n<p>De nombreuses machines (en particulier celles \u00e0 chargement frontal) sont \u00e9quip\u00e9es d'un filtre de vidange accessible par le bas. S'il est bouch\u00e9, l'eau peut :<\/p>\n<ul>\n<li>ne se vidange pas correctement<\/li>\n<li>d\u00e9bordement<\/li>\n<li>fuite par le bouchon du filtre (s'il n'est pas correctement ferm\u00e9)<\/li>\n<\/ul>\n<h3>4. Exc\u00e8s de mousse (trop de d\u00e9tergent)<\/h3>\n<p>Lorsque vous utilisez trop de d\u00e9tergent (ou le mauvais d\u00e9tergent), une mousse excessive se forme. Cette mousse peut s'\u00e9chapper par le tiroir \u00e0 d\u00e9tergent ou les \u00e9vents internes, cr\u00e9ant ainsi des \u201cfuites\u201d sur le sol.<\/p>\n<h3>5. Tiroir \u00e0 d\u00e9tergent bouch\u00e9<\/h3>\n<p>Les r\u00e9sidus de d\u00e9tergent et d'assouplissant peuvent obstruer le tiroir et le canal d'arriv\u00e9e d'eau, provoquant un d\u00e9bordement de l'eau par l'avant.<\/p>\n<h3>6. Caoutchouc\/joint de porte endommag\u00e9 (machine avant)<\/h3>\n<p>Si votre machine est mont\u00e9e \u00e0 l'avant, le caoutchouc de la porte peut \u00eatre :<\/p>\n<ul>\n<li>larmes<\/li>\n<li>d\u00e9formations<\/li>\n<li>objets coinc\u00e9s (pi\u00e8ces de monnaie, \u00e9lastiques, etc.)<\/li>\n<\/ul>\n<p>Dans ce cas, l'eau appara\u00eet g\u00e9n\u00e9ralement lors du lavage.<\/p>\n<h3>7. Drain ou \u00e9gout bouch\u00e9 (refoulement d'eau)<\/h3>\n<p>Si l'orifice d'\u00e9vacuation de la machine est partiellement bouch\u00e9, l'eau ne peut pas descendre assez vite et ressort en mouillant le sol.<\/p>\n<p>Ce ph\u00e9nom\u00e8ne est tr\u00e8s fr\u00e9quent dans les cuisines et les buanderies o\u00f9 s'accumulent les graisses et les d\u00e9chets.<\/p>\n<h3>8. Fuite du siphon\/raccord de vidange<\/h3>\n<p>M\u00eame en l'absence d'obstruction, le siphon ou le raccord de vidange peut pr\u00e9senter une fuite, en particulier si<\/p>\n<ul>\n<li>les articulations sont us\u00e9es<\/li>\n<li>l'installation est ancienne<\/li>\n<li>la machine a \u00e9t\u00e9 d\u00e9plac\u00e9e (vibrations)<\/li>\n<\/ul>\n<h3>9. Probl\u00e8me interne \u00e0 la machine (pompe, r\u00e9servoir, tuyaux internes)<\/h3>\n<p>Si vous avez v\u00e9rifi\u00e9 les tuyaux externes et que la vidange est correcte, il peut s'agir d'une fuite interne. Dans ce cas, il est g\u00e9n\u00e9ralement n\u00e9cessaire de faire appel \u00e0 un technicien en \u00e9lectrom\u00e9nager. Toutefois, un plombier peut rapidement confirmer si le probl\u00e8me vient de la tuyauterie ou de l'appareil, ce qui vous fera gagner du temps.<\/p>\n<h2>Comment identifier la source de la fuite (liste de contr\u00f4le rapide)<\/h2>\n<ul>\n<li>S\u00e9chez le sol et placez un chiffon sec sous la machine.<\/li>\n<li>Observez le moment exact o\u00f9 l'eau appara\u00eet (remplissage, lavage, vidange).<\/li>\n<li>V\u00e9rifier les raccords des tuyaux (entr\u00e9e et sortie).<\/li>\n<li>V\u00e9rifier l'\u00e9vacuation : l'eau descend-elle bien ou reste-t-elle en place ?<\/li>\n<li>V\u00e9rifiez qu'il n'y a pas de mauvaises odeurs (signe de refoulement des eaux us\u00e9es).<\/li>\n<\/ul>\n<h2>Quand appeler un plombier (et ne pas attendre)<\/h2>\n<p>Vous devez faire appel \u00e0 un professionnel lorsque :<\/p>\n<ul>\n<li>l'eau retourne dans les \u00e9gouts (blocage\/retour des eaux us\u00e9es)<\/li>\n<li>il y a une mauvaise odeur et de l'eau sale<\/li>\n<li>les connexions semblent correctes, mais il y a toujours des fuites<\/li>\n<li>risque d'infiltration (plancher en bois, voisins du dessous)<\/li>\n<li>le probl\u00e8me est r\u00e9current<\/li>\n<\/ul>\n<h2>Conseil utile<\/h2>\n<p>Si vous souhaitez confirmer les recommandations g\u00e9n\u00e9rales sur l'utilisation correcte des d\u00e9tergents et l'entretien de base des appareils m\u00e9nagers, vous pouvez consulter les directives de consommation et d'entretien sur le site Internet de la Commission europ\u00e9enne. <a href=\"https:\/\/www.deco.proteste.pt\/\">DECO Proteste<\/a>.<\/p>\n<h2>Pourquoi choisir le plombier de Lisbonne<\/h2>\n<p>Lorsque le lave-linge d\u00e9verse de l'eau sur le sol, le plus important est d'identifier rapidement si l'eau provient du lave-linge :<\/p>\n<ul>\n<li>connexion entr\u00e9e\/sortie<\/li>\n<li>obstruction d'un drain, d'un siphon ou d'un \u00e9gout<\/li>\n<li>fuite de plomberie<\/li>\n<\/ul>\n<p>A <a href=\"https:\/\/canalizadordelisboa.pt\/fr\/\">Lisbon Plumber company<\/a> est la meilleure solution pour diagnostiquer et r\u00e9soudre le probl\u00e8me rapidement, en \u00e9vitant les dommages et en garantissant une solution durable. Nous intervenons pour d\u00e9boucher les canalisations, r\u00e9parer les fuites et corriger les raccordements, avec un service rapide \u00e0 Lisbonne et dans les environs.<\/p>\n<h2>Conclusion<\/h2>\n<p>Votre lave-linge peut laisser \u00e9chapper de l'eau sur tout le sol pour diverses raisons : tuyaux, filtre, exc\u00e8s de mousse, porte en caoutchouc, vidange bouch\u00e9e ou fuite de plomberie. Identifier le moment o\u00f9 la fuite se produit aide beaucoup \u00e0 trouver la bonne cause.<\/p>\n<p>Si le probl\u00e8me se situe au niveau de l'\u00e9vacuation ou de la plomberie, il est inutile de s'obstiner \u00e0 \u201cessayer\u201d. Une intervention rapide \u00e9vitera les infiltrations et des co\u00fbts plus \u00e9lev\u00e9s. Dans de tels cas, l'entreprise Lisbon Plumber peut aider \u00e0 r\u00e9soudre le probl\u00e8me de mani\u00e8re s\u00fbre, rapide et efficace.<\/p>","protected":false},"excerpt":{"rendered":"<p>Ver a m\u00e1quina de lavar a deitar \u00e1gua pelo ch\u00e3o \u00e9 uma das situa\u00e7\u00f5es mais stressantes em casa. Al\u00e9m do risco de estragar m\u00f3veis e pavimento, a \u00e1gua pode infiltrar-se, causar mau cheiro, bolor e at\u00e9 problemas el\u00e9tricos se atingir tomadas ou extens\u00f5es. Neste guia completo explicamos as causas mais comuns, como identificar a origem [&hellip;]<\/p>\n","protected":false},"author":1,"featured_media":0,"parent":0,"menu_order":0,"comment_status":"closed","ping_status":"closed","template":"","meta":{"iawp_total_views":13,"footnotes":""},"class_list":["post-3621","page","type-page","status-publish","hentry"],"yoast_head":"<!-- This site is optimized with the Yoast SEO plugin v27.4 - https:\/\/yoast.com\/product\/yoast-seo-wordpress\/ -->\n<title>Por que a m\u00e1quina de lavar deita \u00e1gua pelo ch\u00e3o? Causas e solu\u00e7\u00f5es<\/title>\n<meta name=\"description\" content=\"Descubra por que a m\u00e1quina de lavar deita \u00e1gua pelo ch\u00e3o, as causas mais comuns, como verificar cada ponto e quando chamar um canalizador urgente.\" \/>\n<meta name=\"robots\" content=\"index, follow, max-snippet:-1, max-image-preview:large, max-video-preview:-1\" \/>\n<link rel=\"canonical\" href=\"https:\/\/canalizadordelisboa.pt\/fr\/pourquoi-la-machine-a-laver-deverse-t-elle-de-leau-sur-le-sol\/\" \/>\n<meta property=\"og:locale\" content=\"fr_FR\" \/>\n<meta property=\"og:type\" content=\"article\" \/>\n<meta property=\"og:title\" content=\"Por que a m\u00e1quina de lavar deita \u00e1gua pelo ch\u00e3o? Causas e solu\u00e7\u00f5es\" \/>\n<meta property=\"og:description\" content=\"Descubra por que a m\u00e1quina de lavar deita \u00e1gua pelo ch\u00e3o, as causas mais comuns, como verificar cada ponto e quando chamar um canalizador urgente.\" \/>\n<meta property=\"og:url\" content=\"https:\/\/canalizadordelisboa.pt\/fr\/pourquoi-la-machine-a-laver-deverse-t-elle-de-leau-sur-le-sol\/\" \/>\n<meta property=\"og:site_name\" content=\"Canalizador de Lisboa\" \/>\n<meta property=\"article:modified_time\" content=\"2026-02-24T14:44:04+00:00\" \/>\n<meta name=\"twitter:card\" content=\"summary_large_image\" \/>\n<meta name=\"twitter:label1\" content=\"Dur\u00e9e de lecture estim\u00e9e\" \/>\n\t<meta name=\"twitter:data1\" content=\"6 minutes\" \/>\n<script type=\"application\/ld+json\" class=\"yoast-schema-graph\">{\"@context\":\"https:\\\/\\\/schema.org\",\"@graph\":[{\"@type\":\"WebPage\",\"@id\":\"https:\\\/\\\/canalizadordelisboa.pt\\\/por-que-a-maquina-de-lavar-deita-agua-pelo-chao\\\/\",\"url\":\"https:\\\/\\\/canalizadordelisboa.pt\\\/por-que-a-maquina-de-lavar-deita-agua-pelo-chao\\\/\",\"name\":\"Por que a m\u00e1quina de lavar deita \u00e1gua pelo ch\u00e3o? Causas e solu\u00e7\u00f5es\",\"isPartOf\":{\"@id\":\"https:\\\/\\\/canalizadordelisboa.pt\\\/#website\"},\"datePublished\":\"2026-02-24T14:43:30+00:00\",\"dateModified\":\"2026-02-24T14:44:04+00:00\",\"description\":\"Descubra por que a m\u00e1quina de lavar deita \u00e1gua pelo ch\u00e3o, as causas mais comuns, como verificar cada ponto e quando chamar um canalizador urgente.\",\"breadcrumb\":{\"@id\":\"https:\\\/\\\/canalizadordelisboa.pt\\\/por-que-a-maquina-de-lavar-deita-agua-pelo-chao\\\/#breadcrumb\"},\"inLanguage\":\"fr-FR\",\"potentialAction\":[{\"@type\":\"ReadAction\",\"target\":[\"https:\\\/\\\/canalizadordelisboa.pt\\\/por-que-a-maquina-de-lavar-deita-agua-pelo-chao\\\/\"]}]},{\"@type\":\"BreadcrumbList\",\"@id\":\"https:\\\/\\\/canalizadordelisboa.pt\\\/por-que-a-maquina-de-lavar-deita-agua-pelo-chao\\\/#breadcrumb\",\"itemListElement\":[{\"@type\":\"ListItem\",\"position\":1,\"name\":\"Accueil\",\"item\":\"https:\\\/\\\/canalizadordelisboa.pt\\\/\"},{\"@type\":\"ListItem\",\"position\":2,\"name\":\"Por que a m\u00e1quina de lavar deita \u00e1gua pelo ch\u00e3o? Causas e solu\u00e7\u00f5es\"}]},{\"@type\":\"WebSite\",\"@id\":\"https:\\\/\\\/canalizadordelisboa.pt\\\/#website\",\"url\":\"https:\\\/\\\/canalizadordelisboa.pt\\\/\",\"name\":\"Canalizador de Lisboa\",\"description\":\"Servi\u00e7os de canaliza\u00e7\u00e3o e desentupimentos de alta qualidade em Lisboa.\",\"potentialAction\":[{\"@type\":\"SearchAction\",\"target\":{\"@type\":\"EntryPoint\",\"urlTemplate\":\"https:\\\/\\\/canalizadordelisboa.pt\\\/?s={search_term_string}\"},\"query-input\":{\"@type\":\"PropertyValueSpecification\",\"valueRequired\":true,\"valueName\":\"search_term_string\"}}],\"inLanguage\":\"fr-FR\"}]}<\/script>\n<!-- \/ Yoast SEO plugin. -->","yoast_head_json":{"title":"Pourquoi le lave-linge d\u00e9verse-t-il de l'eau sur le sol ? Causes et solutions","description":"D\u00e9couvrez pourquoi votre lave-linge fuit, les causes les plus courantes, comment v\u00e9rifier chaque point et quand appeler un plombier en urgence.","robots":{"index":"index","follow":"follow","max-snippet":"max-snippet:-1","max-image-preview":"max-image-preview:large","max-video-preview":"max-video-preview:-1"},"canonical":"https:\/\/canalizadordelisboa.pt\/fr\/pourquoi-la-machine-a-laver-deverse-t-elle-de-leau-sur-le-sol\/","og_locale":"fr_FR","og_type":"article","og_title":"Por que a m\u00e1quina de lavar deita \u00e1gua pelo ch\u00e3o? Causas e solu\u00e7\u00f5es","og_description":"Descubra por que a m\u00e1quina de lavar deita \u00e1gua pelo ch\u00e3o, as causas mais comuns, como verificar cada ponto e quando chamar um canalizador urgente.","og_url":"https:\/\/canalizadordelisboa.pt\/fr\/pourquoi-la-machine-a-laver-deverse-t-elle-de-leau-sur-le-sol\/","og_site_name":"Canalizador de Lisboa","article_modified_time":"2026-02-24T14:44:04+00:00","twitter_card":"summary_large_image","twitter_misc":{"Dur\u00e9e de lecture estim\u00e9e":"6 minutes"},"schema":{"@context":"https:\/\/schema.org","@graph":[{"@type":"WebPage","@id":"https:\/\/canalizadordelisboa.pt\/por-que-a-maquina-de-lavar-deita-agua-pelo-chao\/","url":"https:\/\/canalizadordelisboa.pt\/por-que-a-maquina-de-lavar-deita-agua-pelo-chao\/","name":"Pourquoi le lave-linge d\u00e9verse-t-il de l'eau sur le sol ? Causes et solutions","isPartOf":{"@id":"https:\/\/canalizadordelisboa.pt\/#website"},"datePublished":"2026-02-24T14:43:30+00:00","dateModified":"2026-02-24T14:44:04+00:00","description":"D\u00e9couvrez pourquoi votre lave-linge fuit, les causes les plus courantes, comment v\u00e9rifier chaque point et quand appeler un plombier en urgence.","breadcrumb":{"@id":"https:\/\/canalizadordelisboa.pt\/por-que-a-maquina-de-lavar-deita-agua-pelo-chao\/#breadcrumb"},"inLanguage":"fr-FR","potentialAction":[{"@type":"ReadAction","target":["https:\/\/canalizadordelisboa.pt\/por-que-a-maquina-de-lavar-deita-agua-pelo-chao\/"]}]},{"@type":"BreadcrumbList","@id":"https:\/\/canalizadordelisboa.pt\/por-que-a-maquina-de-lavar-deita-agua-pelo-chao\/#breadcrumb","itemListElement":[{"@type":"ListItem","position":1,"name":"Accueil","item":"https:\/\/canalizadordelisboa.pt\/"},{"@type":"ListItem","position":2,"name":"Por que a m\u00e1quina de lavar deita \u00e1gua pelo ch\u00e3o? Causas e solu\u00e7\u00f5es"}]},{"@type":"WebSite","@id":"https:\/\/canalizadordelisboa.pt\/#website","url":"https:\/\/canalizadordelisboa.pt\/","name":"Canalizador de Lisboa","description":"Services de plomberie et de drainage de haute qualit\u00e9 \u00e0 Lisbonne.","potentialAction":[{"@type":"SearchAction","target":{"@type":"EntryPoint","urlTemplate":"https:\/\/canalizadordelisboa.pt\/?s={search_term_string}"},"query-input":{"@type":"PropertyValueSpecification","valueRequired":true,"valueName":"search_term_string"}}],"inLanguage":"fr-FR"}]}},"_links":{"self":[{"href":"https:\/\/canalizadordelisboa.pt\/fr\/wp-json\/wp\/v2\/pages\/3621","targetHints":{"allow":["GET"]}}],"collection":[{"href":"https:\/\/canalizadordelisboa.pt\/fr\/wp-json\/wp\/v2\/pages"}],"about":[{"href":"https:\/\/canalizadordelisboa.pt\/fr\/wp-json\/wp\/v2\/types\/page"}],"author":[{"embeddable":true,"href":"https:\/\/canalizadordelisboa.pt\/fr\/wp-json\/wp\/v2\/users\/1"}],"replies":[{"embeddable":true,"href":"https:\/\/canalizadordelisboa.pt\/fr\/wp-json\/wp\/v2\/comments?post=3621"}],"version-history":[{"count":2,"href":"https:\/\/canalizadordelisboa.pt\/fr\/wp-json\/wp\/v2\/pages\/3621\/revisions"}],"predecessor-version":[{"id":3623,"href":"https:\/\/canalizadordelisboa.pt\/fr\/wp-json\/wp\/v2\/pages\/3621\/revisions\/3623"}],"wp:attachment":[{"href":"https:\/\/canalizadordelisboa.pt\/fr\/wp-json\/wp\/v2\/media?parent=3621"}],"curies":[{"name":"wp","href":"https:\/\/api.w.org\/{rel}","templated":true}]}}