{"id":3521,"date":"2025-11-06T09:44:34","date_gmt":"2025-11-06T09:44:34","guid":{"rendered":"https:\/\/canalizadordelisboa.pt\/?page_id=3521"},"modified":"2025-11-06T09:47:28","modified_gmt":"2025-11-06T09:47:28","slug":"meilleur-plombier-a-lisbonne","status":"publish","type":"page","link":"https:\/\/canalizadordelisboa.pt\/fr\/melhor-canalizador-de-lisboa\/","title":{"rendered":"Le meilleur plombier de Lisbonne : The Lisbon Plumber !"},"content":{"rendered":"<p>La solution est donc la suivante <strong>Canalizador de Lisboa<\/strong> - intervention rapide, travail propre et r\u00e9paration d\u00e9finitive. Nous r\u00e9solvons les fuites, les \u00e9clatements de tuyaux, les fuites de toilettes, les blocages et les probl\u00e8mes de pression d'eau.<\/p>\n<div id='gallery-1' class='gallery galleryid-3521 gallery-columns-4 gallery-size-thumbnail'><figure class='gallery-item'>\n\t\t\t<div class='gallery-icon portrait'>\n\t\t\t\t<img decoding=\"async\" width=\"150\" height=\"150\" src=\"https:\/\/canalizadordelisboa.pt\/wp-content\/uploads\/2025\/01\/trabalho-sanita-lisboa-150x150.jpeg\" class=\"attachment-thumbnail size-thumbnail\" alt=\"\" \/>\n\t\t\t<\/div><\/figure><figure class='gallery-item'>\n\t\t\t<div class='gallery-icon portrait'>\n\t\t\t\t<img decoding=\"async\" width=\"150\" height=\"150\" src=\"https:\/\/canalizadordelisboa.pt\/wp-content\/uploads\/2025\/01\/torneira-de-seguranca-150x150.jpeg\" class=\"attachment-thumbnail size-thumbnail\" alt=\"\" \/>\n\t\t\t<\/div><\/figure><figure class='gallery-item'>\n\t\t\t<div class='gallery-icon portrait'>\n\t\t\t\t<img decoding=\"async\" width=\"150\" height=\"150\" src=\"https:\/\/canalizadordelisboa.pt\/wp-content\/uploads\/2025\/01\/sanita-canalizador-150x150.jpeg\" class=\"attachment-thumbnail size-thumbnail\" alt=\"\" \/>\n\t\t\t<\/div><\/figure><figure class='gallery-item'>\n\t\t\t<div class='gallery-icon portrait'>\n\t\t\t\t<img loading=\"lazy\" decoding=\"async\" width=\"150\" height=\"150\" src=\"https:\/\/canalizadordelisboa.pt\/wp-content\/uploads\/2025\/01\/sanita-lisboa-150x150.jpeg\" class=\"attachment-thumbnail size-thumbnail\" alt=\"\" \/>\n\t\t\t<\/div><\/figure><figure class='gallery-item'>\n\t\t\t<div class='gallery-icon portrait'>\n\t\t\t\t<img loading=\"lazy\" decoding=\"async\" width=\"150\" height=\"150\" src=\"https:\/\/canalizadordelisboa.pt\/wp-content\/uploads\/2025\/01\/obra-lisboa-150x150.jpeg\" class=\"attachment-thumbnail size-thumbnail\" alt=\"\" \/>\n\t\t\t<\/div><\/figure><figure class='gallery-item'>\n\t\t\t<div class='gallery-icon portrait'>\n\t\t\t\t<img loading=\"lazy\" decoding=\"async\" width=\"150\" height=\"150\" src=\"https:\/\/canalizadordelisboa.pt\/wp-content\/uploads\/2025\/01\/obra-cozinha-canalizador-150x150.jpeg\" class=\"attachment-thumbnail size-thumbnail\" alt=\"\" \/>\n\t\t\t<\/div><\/figure><figure class='gallery-item'>\n\t\t\t<div class='gallery-icon portrait'>\n\t\t\t\t<img loading=\"lazy\" decoding=\"async\" width=\"150\" height=\"150\" src=\"https:\/\/canalizadordelisboa.pt\/wp-content\/uploads\/2025\/01\/lavatorio-canalizador-150x150.jpeg\" class=\"attachment-thumbnail size-thumbnail\" alt=\"\" \/>\n\t\t\t<\/div><\/figure><figure class='gallery-item'>\n\t\t\t<div class='gallery-icon portrait'>\n\t\t\t\t<img loading=\"lazy\" decoding=\"async\" width=\"150\" height=\"150\" src=\"https:\/\/canalizadordelisboa.pt\/wp-content\/uploads\/2025\/01\/mau-cheiro-lisboa-150x150.jpeg\" class=\"attachment-thumbnail size-thumbnail\" alt=\"\" \/>\n\t\t\t<\/div><\/figure>\n\t\t<\/div>\n\n<h2>Principaux services du plombier de Lisbonne<\/h2>\n<ul>\n<li>R\u00e9parer les fuites et les \u00e9clatements de tuyaux ;<\/li>\n<li>D\u00e9boucher les \u00e9viers, les toilettes et les canalisations ;<\/li>\n<li>Remplacement des robinets, des siphons et des vannes ;<\/li>\n<li>Installation et r\u00e9paration de chauffe-eau et d'autoclaves ;<\/li>\n<li>Entretien pr\u00e9ventif des habitations et des entreprises.<\/li>\n<\/ul>\n<p>Nous arrivons rapidement dans n'importe quelle zone de Lisbonne, avec des mat\u00e9riaux appropri\u00e9s et une explication claire du travail.<\/p>\n<p>Parler \u00e0 <a href=\"https:\/\/canalizadordelisboa.pt\/fr\/\" title=\"Canalizador de Lisboa\">Canalizador de Lisboa<\/a> et de r\u00e9soudre le probl\u00e8me dans les plus brefs d\u00e9lais.<\/p>\n<hr>\n<p style=\"text-align:center; font-size:1.2em;\">\n\ud83d\udca7 **Probl\u00e8me d'eau ou de canalisations?**<br \/>\n<strong>Appelez-nous maintenant. Nous viendrons \u00e0 vous.<\/strong><\/p>","protected":false},"excerpt":{"rendered":"<p>Ent\u00e3o a solu\u00e7\u00e3o \u00e9 a Canalizador de Lisboa \u2014 interven\u00e7\u00e3o r\u00e1pida, trabalho limpo e repara\u00e7\u00e3o definitiva. Resolvemos fugas, canos rebentados, sanitas a verter, entupimentos e problemas de press\u00e3o de \u00e1gua. Servi\u00e7os principais da Canalizador de Lisboa Repara\u00e7\u00e3o de fugas e roturas de canaliza\u00e7\u00e3o; Desentupimento de lavat\u00f3rios, sanitas e canos; Substitui\u00e7\u00e3o de torneiras, sif\u00f5es e v\u00e1lvulas; [&hellip;]<\/p>\n","protected":false},"author":1,"featured_media":0,"parent":0,"menu_order":0,"comment_status":"closed","ping_status":"closed","template":"","meta":{"iawp_total_views":11,"footnotes":""},"class_list":["post-3521","page","type-page","status-publish","hentry"],"yoast_head":"<!-- This site is optimized with the Yoast SEO plugin v27.4 - https:\/\/yoast.com\/product\/yoast-seo-wordpress\/ -->\n<title>Melhor canalizador de Lisboa: A Canalizador de Lisboa !<\/title>\n<meta name=\"description\" content=\"Melhor canalizador de Lisboa para fugas, entupimentos e avarias. Chegada r\u00e1pida e servi\u00e7o garantido. Ligue agora.\" \/>\n<meta name=\"robots\" content=\"index, follow, max-snippet:-1, max-image-preview:large, max-video-preview:-1\" \/>\n<link rel=\"canonical\" href=\"https:\/\/canalizadordelisboa.pt\/fr\/meilleur-plombier-a-lisbonne\/\" \/>\n<meta property=\"og:locale\" content=\"fr_FR\" \/>\n<meta property=\"og:type\" content=\"article\" \/>\n<meta property=\"og:title\" content=\"Melhor canalizador de Lisboa: A Canalizador de Lisboa !\" \/>\n<meta property=\"og:description\" content=\"Melhor canalizador de Lisboa para fugas, entupimentos e avarias. Chegada r\u00e1pida e servi\u00e7o garantido. Ligue agora.\" \/>\n<meta property=\"og:url\" content=\"https:\/\/canalizadordelisboa.pt\/fr\/meilleur-plombier-a-lisbonne\/\" \/>\n<meta property=\"og:site_name\" content=\"Canalizador de Lisboa\" \/>\n<meta property=\"article:modified_time\" content=\"2025-11-06T09:47:28+00:00\" \/>\n<meta property=\"og:image\" content=\"https:\/\/canalizadordelisboa.pt\/wp-content\/uploads\/2025\/01\/trabalho-sanita-lisboa-150x150.jpeg\" \/>\n<meta name=\"twitter:card\" content=\"summary_large_image\" \/>\n<meta name=\"twitter:label1\" content=\"Dur\u00e9e de lecture estim\u00e9e\" \/>\n\t<meta name=\"twitter:data1\" content=\"1 minute\" \/>\n<script type=\"application\/ld+json\" class=\"yoast-schema-graph\">{\"@context\":\"https:\\\/\\\/schema.org\",\"@graph\":[{\"@type\":\"WebPage\",\"@id\":\"https:\\\/\\\/canalizadordelisboa.pt\\\/melhor-canalizador-de-lisboa\\\/\",\"url\":\"https:\\\/\\\/canalizadordelisboa.pt\\\/melhor-canalizador-de-lisboa\\\/\",\"name\":\"Melhor canalizador de Lisboa: A Canalizador de Lisboa !\",\"isPartOf\":{\"@id\":\"https:\\\/\\\/canalizadordelisboa.pt\\\/#website\"},\"datePublished\":\"2025-11-06T09:44:34+00:00\",\"dateModified\":\"2025-11-06T09:47:28+00:00\",\"description\":\"Melhor canalizador de Lisboa para fugas, entupimentos e avarias. Chegada r\u00e1pida e servi\u00e7o garantido. Ligue agora.\",\"breadcrumb\":{\"@id\":\"https:\\\/\\\/canalizadordelisboa.pt\\\/melhor-canalizador-de-lisboa\\\/#breadcrumb\"},\"inLanguage\":\"fr-FR\",\"potentialAction\":[{\"@type\":\"ReadAction\",\"target\":[\"https:\\\/\\\/canalizadordelisboa.pt\\\/melhor-canalizador-de-lisboa\\\/\"]}]},{\"@type\":\"BreadcrumbList\",\"@id\":\"https:\\\/\\\/canalizadordelisboa.pt\\\/melhor-canalizador-de-lisboa\\\/#breadcrumb\",\"itemListElement\":[{\"@type\":\"ListItem\",\"position\":1,\"name\":\"Accueil\",\"item\":\"https:\\\/\\\/canalizadordelisboa.pt\\\/\"},{\"@type\":\"ListItem\",\"position\":2,\"name\":\"Melhor canalizador de Lisboa: A Canalizador de Lisboa !\"}]},{\"@type\":\"WebSite\",\"@id\":\"https:\\\/\\\/canalizadordelisboa.pt\\\/#website\",\"url\":\"https:\\\/\\\/canalizadordelisboa.pt\\\/\",\"name\":\"Canalizador de Lisboa\",\"description\":\"Servi\u00e7os de canaliza\u00e7\u00e3o e desentupimentos de alta qualidade em Lisboa.\",\"potentialAction\":[{\"@type\":\"SearchAction\",\"target\":{\"@type\":\"EntryPoint\",\"urlTemplate\":\"https:\\\/\\\/canalizadordelisboa.pt\\\/?s={search_term_string}\"},\"query-input\":{\"@type\":\"PropertyValueSpecification\",\"valueRequired\":true,\"valueName\":\"search_term_string\"}}],\"inLanguage\":\"fr-FR\"}]}<\/script>\n<!-- \/ Yoast SEO plugin. -->","yoast_head_json":{"title":"Le meilleur plombier de Lisbonne : The Lisbon Plumber !","description":"Le meilleur plombier de Lisbonne pour les fuites, les blocages et les pannes. Arriv\u00e9e rapide et service garanti. Appelez-nous maintenant.","robots":{"index":"index","follow":"follow","max-snippet":"max-snippet:-1","max-image-preview":"max-image-preview:large","max-video-preview":"max-video-preview:-1"},"canonical":"https:\/\/canalizadordelisboa.pt\/fr\/meilleur-plombier-a-lisbonne\/","og_locale":"fr_FR","og_type":"article","og_title":"Melhor canalizador de Lisboa: A Canalizador de Lisboa !","og_description":"Melhor canalizador de Lisboa para fugas, entupimentos e avarias. Chegada r\u00e1pida e servi\u00e7o garantido. Ligue agora.","og_url":"https:\/\/canalizadordelisboa.pt\/fr\/meilleur-plombier-a-lisbonne\/","og_site_name":"Canalizador de Lisboa","article_modified_time":"2025-11-06T09:47:28+00:00","og_image":[{"url":"https:\/\/canalizadordelisboa.pt\/wp-content\/uploads\/2025\/01\/trabalho-sanita-lisboa-150x150.jpeg","type":"","width":"","height":""}],"twitter_card":"summary_large_image","twitter_misc":{"Dur\u00e9e de lecture estim\u00e9e":"1 minute"},"schema":{"@context":"https:\/\/schema.org","@graph":[{"@type":"WebPage","@id":"https:\/\/canalizadordelisboa.pt\/melhor-canalizador-de-lisboa\/","url":"https:\/\/canalizadordelisboa.pt\/melhor-canalizador-de-lisboa\/","name":"Le meilleur plombier de Lisbonne : The Lisbon Plumber !","isPartOf":{"@id":"https:\/\/canalizadordelisboa.pt\/#website"},"datePublished":"2025-11-06T09:44:34+00:00","dateModified":"2025-11-06T09:47:28+00:00","description":"Le meilleur plombier de Lisbonne pour les fuites, les blocages et les pannes. Arriv\u00e9e rapide et service garanti. Appelez-nous maintenant.","breadcrumb":{"@id":"https:\/\/canalizadordelisboa.pt\/melhor-canalizador-de-lisboa\/#breadcrumb"},"inLanguage":"fr-FR","potentialAction":[{"@type":"ReadAction","target":["https:\/\/canalizadordelisboa.pt\/melhor-canalizador-de-lisboa\/"]}]},{"@type":"BreadcrumbList","@id":"https:\/\/canalizadordelisboa.pt\/melhor-canalizador-de-lisboa\/#breadcrumb","itemListElement":[{"@type":"ListItem","position":1,"name":"Accueil","item":"https:\/\/canalizadordelisboa.pt\/"},{"@type":"ListItem","position":2,"name":"Melhor canalizador de Lisboa: A Canalizador de Lisboa !"}]},{"@type":"WebSite","@id":"https:\/\/canalizadordelisboa.pt\/#website","url":"https:\/\/canalizadordelisboa.pt\/","name":"Canalizador de Lisboa","description":"Services de plomberie et de drainage de haute qualit\u00e9 \u00e0 Lisbonne.","potentialAction":[{"@type":"SearchAction","target":{"@type":"EntryPoint","urlTemplate":"https:\/\/canalizadordelisboa.pt\/?s={search_term_string}"},"query-input":{"@type":"PropertyValueSpecification","valueRequired":true,"valueName":"search_term_string"}}],"inLanguage":"fr-FR"}]}},"_links":{"self":[{"href":"https:\/\/canalizadordelisboa.pt\/fr\/wp-json\/wp\/v2\/pages\/3521","targetHints":{"allow":["GET"]}}],"collection":[{"href":"https:\/\/canalizadordelisboa.pt\/fr\/wp-json\/wp\/v2\/pages"}],"about":[{"href":"https:\/\/canalizadordelisboa.pt\/fr\/wp-json\/wp\/v2\/types\/page"}],"author":[{"embeddable":true,"href":"https:\/\/canalizadordelisboa.pt\/fr\/wp-json\/wp\/v2\/users\/1"}],"replies":[{"embeddable":true,"href":"https:\/\/canalizadordelisboa.pt\/fr\/wp-json\/wp\/v2\/comments?post=3521"}],"version-history":[{"count":4,"href":"https:\/\/canalizadordelisboa.pt\/fr\/wp-json\/wp\/v2\/pages\/3521\/revisions"}],"predecessor-version":[{"id":3526,"href":"https:\/\/canalizadordelisboa.pt\/fr\/wp-json\/wp\/v2\/pages\/3521\/revisions\/3526"}],"wp:attachment":[{"href":"https:\/\/canalizadordelisboa.pt\/fr\/wp-json\/wp\/v2\/media?parent=3521"}],"curies":[{"name":"wp","href":"https:\/\/api.w.org\/{rel}","templated":true}]}}