{"id":3248,"date":"2024-11-06T09:15:03","date_gmt":"2024-11-06T09:15:03","guid":{"rendered":"https:\/\/canalizadordelisboa.pt\/?page_id=3248"},"modified":"2024-11-06T09:15:03","modified_gmt":"2024-11-06T09:15:03","slug":"renovation-de-la-salle-de-bain-lisbonne","status":"publish","type":"page","link":"https:\/\/canalizadordelisboa.pt\/fr\/renovar-casa-de-banho-lisboa\/","title":{"rendered":"R\u00e9novation de salle de bain - Canalizador de Lisboa"},"content":{"rendered":"<p>A <strong>Canalizador de Lisboa<\/strong> offre des services sp\u00e9cialis\u00e9s pour <strong>R\u00e9novation de la salle de bains \u00e0 Lisbonne<\/strong>. Avec une \u00e9quipe de professionnels exp\u00e9riment\u00e9s, nous transformons votre espace en un environnement moderne, fonctionnel et esth\u00e9tique.<\/p>\n<h2>Pourquoi r\u00e9nover votre salle de bains ?<\/h2>\n<p>La r\u00e9novation de la salle de bains n'est pas seulement une question d'esth\u00e9tique ; c'est aussi l'occasion d'am\u00e9liorer la fonctionnalit\u00e9 et d'augmenter la valeur de votre propri\u00e9t\u00e9. Une salle de bains r\u00e9nov\u00e9e offre un plus grand confort, une meilleure efficacit\u00e9 \u00e9nerg\u00e9tique et peut pr\u00e9venir de futurs probl\u00e8mes li\u00e9s \u00e0 la plomberie et \u00e0 l'humidit\u00e9.<\/p>\n<h3>Services de r\u00e9novation de salles de bains<\/h3>\n<p>A <strong>Canalizador de Lisboa<\/strong> propose une gamme compl\u00e8te de services pour la r\u00e9novation de votre salle de bains :<\/p>\n<ul>\n<li><strong>Remplacement des rev\u00eatements :<\/strong> Pose d'un nouveau carrelage et d'un nouveau rev\u00eatement de sol pour un nouveau look.<\/li>\n<li><strong>Installation d'appareils sanitaires :<\/strong> Installation de toilettes, lavabos, bidets et receveurs de douche modernes.<\/li>\n<li><strong>Mise \u00e0 jour sur la canalisation :<\/strong> Remplacement des anciennes canalisations pour \u00e9viter les fuites et am\u00e9liorer l'\u00e9coulement de l'eau.<\/li>\n<li><strong>\u00c9clairage et ventilation :<\/strong> Mise en \u0153uvre de solutions garantissant un environnement bien \u00e9clair\u00e9 et a\u00e9r\u00e9.<\/li>\n<li><strong>Installation de meubles :<\/strong> Installer des meubles fonctionnels et \u00e9l\u00e9gants qui optimisent l'espace.<\/li>\n<\/ul>\n<h2>Notre processus de renouvellement<\/h2>\n<p>En <strong>Canalizador de Lisboa<\/strong>Nous suivons un processus structur\u00e9 pour garantir la satisfaction de nos clients :<\/p>\n<ul>\n<li><strong>Demande initiale :<\/strong> Nous comprenons vos besoins et vos attentes en mati\u00e8re de r\u00e9novation.<\/li>\n<li><strong>Planification personnalis\u00e9e :<\/strong> Nous \u00e9laborons un plan d\u00e9taill\u00e9 qui refl\u00e8te votre style et votre budget.<\/li>\n<li><strong>Ex\u00e9cution professionnelle :<\/strong> Notre \u00e9quipe ex\u00e9cute les travaux avec le souci du d\u00e9tail et dans le respect des d\u00e9lais.<\/li>\n<li><strong>Finitions de qualit\u00e9 :<\/strong> Nous veillons \u00e0 ce que chaque \u00e9l\u00e9ment soit finalis\u00e9 avec excellence.<\/li>\n<li><strong>Examen et livraison :<\/strong> Nous effectuons une inspection finale pour nous assurer que tout est conforme aux attentes.<\/li>\n<\/ul>\n<h2>Pourquoi choisir Canalizador de Lisboa?<\/h2>\n<p>A <strong>Canalizador de Lisboa<\/strong> se distingue :<\/p>\n<ul>\n<li><strong>Exp\u00e9rience confirm\u00e9e :<\/strong> Des ann\u00e9es de projets r\u00e9ussis sur le march\u00e9 de Lisbonne.<\/li>\n<li><strong>Des professionnels qualifi\u00e9s :<\/strong> L'\u00e9quipe est form\u00e9e et inform\u00e9e des derni\u00e8res tendances et techniques.<\/li>\n<li><strong>Mat\u00e9riaux de qualit\u00e9 :<\/strong> Utilisation de produits durables et de marques reconnues.<\/li>\n<li><strong>Un budget transparent :<\/strong> Pas de co\u00fbts cach\u00e9s, une clart\u00e9 totale d\u00e8s le d\u00e9part.<\/li>\n<li><strong>Satisfaction garantie :<\/strong> Engagement en faveur de l'excellence et de la satisfaction du client.<\/li>\n<\/ul>","protected":false},"excerpt":{"rendered":"<p>A Canalizador de Lisboa oferece servi\u00e7os especializados para renovar a sua casa de banho em Lisboa. Com uma equipa de profissionais experientes, transformamos o seu espa\u00e7o num ambiente moderno, funcional e esteticamente agrad\u00e1vel. Por Que Renovar a Sua Casa de Banho? Renovar a casa de banho n\u00e3o \u00e9 apenas uma quest\u00e3o est\u00e9tica; \u00e9 tamb\u00e9m uma [&hellip;]<\/p>\n","protected":false},"author":1,"featured_media":0,"parent":0,"menu_order":0,"comment_status":"closed","ping_status":"closed","template":"","meta":{"iawp_total_views":24,"footnotes":""},"class_list":["post-3248","page","type-page","status-publish","hentry"],"yoast_head":"<!-- This site is optimized with the Yoast SEO plugin v27.4 - https:\/\/yoast.com\/product\/yoast-seo-wordpress\/ -->\n<title>Renovar Casa de Banho Lisboa - Canalizador de Lisboa<\/title>\n<meta name=\"description\" content=\"Servi\u00e7os profissionais de renova\u00e7\u00e3o de casas de banho em Lisboa. Transforme o seu espa\u00e7o com qualidade e efici\u00eancia.\" \/>\n<meta name=\"robots\" content=\"index, follow, max-snippet:-1, max-image-preview:large, max-video-preview:-1\" \/>\n<link rel=\"canonical\" href=\"https:\/\/canalizadordelisboa.pt\/fr\/renovation-de-la-salle-de-bain-lisbonne\/\" \/>\n<meta property=\"og:locale\" content=\"fr_FR\" \/>\n<meta property=\"og:type\" content=\"article\" \/>\n<meta property=\"og:title\" content=\"Renovar Casa de Banho Lisboa - Canalizador de Lisboa\" \/>\n<meta property=\"og:description\" content=\"Servi\u00e7os profissionais de renova\u00e7\u00e3o de casas de banho em Lisboa. Transforme o seu espa\u00e7o com qualidade e efici\u00eancia.\" \/>\n<meta property=\"og:url\" content=\"https:\/\/canalizadordelisboa.pt\/fr\/renovation-de-la-salle-de-bain-lisbonne\/\" \/>\n<meta property=\"og:site_name\" content=\"Canalizador de Lisboa\" \/>\n<meta name=\"twitter:card\" content=\"summary_large_image\" \/>\n<script type=\"application\/ld+json\" class=\"yoast-schema-graph\">{\"@context\":\"https:\\\/\\\/schema.org\",\"@graph\":[{\"@type\":\"WebPage\",\"@id\":\"https:\\\/\\\/canalizadordelisboa.pt\\\/renovar-casa-de-banho-lisboa\\\/\",\"url\":\"https:\\\/\\\/canalizadordelisboa.pt\\\/renovar-casa-de-banho-lisboa\\\/\",\"name\":\"Renovar Casa de Banho Lisboa - Canalizador de Lisboa\",\"isPartOf\":{\"@id\":\"https:\\\/\\\/canalizadordelisboa.pt\\\/#website\"},\"datePublished\":\"2024-11-06T09:15:03+00:00\",\"description\":\"Servi\u00e7os profissionais de renova\u00e7\u00e3o de casas de banho em Lisboa. Transforme o seu espa\u00e7o com qualidade e efici\u00eancia.\",\"breadcrumb\":{\"@id\":\"https:\\\/\\\/canalizadordelisboa.pt\\\/renovar-casa-de-banho-lisboa\\\/#breadcrumb\"},\"inLanguage\":\"fr-FR\",\"potentialAction\":[{\"@type\":\"ReadAction\",\"target\":[\"https:\\\/\\\/canalizadordelisboa.pt\\\/renovar-casa-de-banho-lisboa\\\/\"]}]},{\"@type\":\"BreadcrumbList\",\"@id\":\"https:\\\/\\\/canalizadordelisboa.pt\\\/renovar-casa-de-banho-lisboa\\\/#breadcrumb\",\"itemListElement\":[{\"@type\":\"ListItem\",\"position\":1,\"name\":\"Accueil\",\"item\":\"https:\\\/\\\/canalizadordelisboa.pt\\\/\"},{\"@type\":\"ListItem\",\"position\":2,\"name\":\"Renovar Casa de Banho Lisboa &#8211; Canalizador de Lisboa\"}]},{\"@type\":\"WebSite\",\"@id\":\"https:\\\/\\\/canalizadordelisboa.pt\\\/#website\",\"url\":\"https:\\\/\\\/canalizadordelisboa.pt\\\/\",\"name\":\"Canalizador de Lisboa\",\"description\":\"Servi\u00e7os de canaliza\u00e7\u00e3o e desentupimentos de alta qualidade em Lisboa.\",\"potentialAction\":[{\"@type\":\"SearchAction\",\"target\":{\"@type\":\"EntryPoint\",\"urlTemplate\":\"https:\\\/\\\/canalizadordelisboa.pt\\\/?s={search_term_string}\"},\"query-input\":{\"@type\":\"PropertyValueSpecification\",\"valueRequired\":true,\"valueName\":\"search_term_string\"}}],\"inLanguage\":\"fr-FR\"}]}<\/script>\n<!-- \/ Yoast SEO plugin. -->","yoast_head_json":{"title":"R\u00e9novation de salle de bain - Canalizador de Lisboa","description":"Services professionnels de r\u00e9novation de salles de bains \u00e0 Lisbonne. Transformez votre espace avec qualit\u00e9 et efficacit\u00e9.","robots":{"index":"index","follow":"follow","max-snippet":"max-snippet:-1","max-image-preview":"max-image-preview:large","max-video-preview":"max-video-preview:-1"},"canonical":"https:\/\/canalizadordelisboa.pt\/fr\/renovation-de-la-salle-de-bain-lisbonne\/","og_locale":"fr_FR","og_type":"article","og_title":"Renovar Casa de Banho Lisboa - Canalizador de Lisboa","og_description":"Servi\u00e7os profissionais de renova\u00e7\u00e3o de casas de banho em Lisboa. Transforme o seu espa\u00e7o com qualidade e efici\u00eancia.","og_url":"https:\/\/canalizadordelisboa.pt\/fr\/renovation-de-la-salle-de-bain-lisbonne\/","og_site_name":"Canalizador de Lisboa","twitter_card":"summary_large_image","schema":{"@context":"https:\/\/schema.org","@graph":[{"@type":"WebPage","@id":"https:\/\/canalizadordelisboa.pt\/renovar-casa-de-banho-lisboa\/","url":"https:\/\/canalizadordelisboa.pt\/renovar-casa-de-banho-lisboa\/","name":"R\u00e9novation de salle de bain - Canalizador de Lisboa","isPartOf":{"@id":"https:\/\/canalizadordelisboa.pt\/#website"},"datePublished":"2024-11-06T09:15:03+00:00","description":"Services professionnels de r\u00e9novation de salles de bains \u00e0 Lisbonne. Transformez votre espace avec qualit\u00e9 et efficacit\u00e9.","breadcrumb":{"@id":"https:\/\/canalizadordelisboa.pt\/renovar-casa-de-banho-lisboa\/#breadcrumb"},"inLanguage":"fr-FR","potentialAction":[{"@type":"ReadAction","target":["https:\/\/canalizadordelisboa.pt\/renovar-casa-de-banho-lisboa\/"]}]},{"@type":"BreadcrumbList","@id":"https:\/\/canalizadordelisboa.pt\/renovar-casa-de-banho-lisboa\/#breadcrumb","itemListElement":[{"@type":"ListItem","position":1,"name":"Accueil","item":"https:\/\/canalizadordelisboa.pt\/"},{"@type":"ListItem","position":2,"name":"Renovar Casa de Banho Lisboa &#8211; Canalizador de Lisboa"}]},{"@type":"WebSite","@id":"https:\/\/canalizadordelisboa.pt\/#website","url":"https:\/\/canalizadordelisboa.pt\/","name":"Canalizador de Lisboa","description":"Services de plomberie et de drainage de haute qualit\u00e9 \u00e0 Lisbonne.","potentialAction":[{"@type":"SearchAction","target":{"@type":"EntryPoint","urlTemplate":"https:\/\/canalizadordelisboa.pt\/?s={search_term_string}"},"query-input":{"@type":"PropertyValueSpecification","valueRequired":true,"valueName":"search_term_string"}}],"inLanguage":"fr-FR"}]}},"_links":{"self":[{"href":"https:\/\/canalizadordelisboa.pt\/fr\/wp-json\/wp\/v2\/pages\/3248","targetHints":{"allow":["GET"]}}],"collection":[{"href":"https:\/\/canalizadordelisboa.pt\/fr\/wp-json\/wp\/v2\/pages"}],"about":[{"href":"https:\/\/canalizadordelisboa.pt\/fr\/wp-json\/wp\/v2\/types\/page"}],"author":[{"embeddable":true,"href":"https:\/\/canalizadordelisboa.pt\/fr\/wp-json\/wp\/v2\/users\/1"}],"replies":[{"embeddable":true,"href":"https:\/\/canalizadordelisboa.pt\/fr\/wp-json\/wp\/v2\/comments?post=3248"}],"version-history":[{"count":1,"href":"https:\/\/canalizadordelisboa.pt\/fr\/wp-json\/wp\/v2\/pages\/3248\/revisions"}],"predecessor-version":[{"id":3249,"href":"https:\/\/canalizadordelisboa.pt\/fr\/wp-json\/wp\/v2\/pages\/3248\/revisions\/3249"}],"wp:attachment":[{"href":"https:\/\/canalizadordelisboa.pt\/fr\/wp-json\/wp\/v2\/media?parent=3248"}],"curies":[{"name":"wp","href":"https:\/\/api.w.org\/{rel}","templated":true}]}}