{"id":3242,"date":"2024-11-06T09:09:33","date_gmt":"2024-11-06T09:09:33","guid":{"rendered":"https:\/\/canalizadordelisboa.pt\/?page_id=3242"},"modified":"2024-11-06T09:12:31","modified_gmt":"2024-11-06T09:12:31","slug":"installation-de-toilettes-a-lisbonne","status":"publish","type":"page","link":"https:\/\/canalizadordelisboa.pt\/fr\/instalacao-de-sanitas-lisboa\/","title":{"rendered":"Installation des toilettes Lisbon - Canalizador de Lisboa"},"content":{"rendered":"<p>En <strong>Canalizador de Lisboa<\/strong>nous offrons des services sp\u00e9cialis\u00e9s <strong>installation de toilettes \u00e0 Lisbonne<\/strong>. Avec une \u00e9quipe professionnelle et exp\u00e9riment\u00e9e, nous garantissons que vos toilettes seront install\u00e9es de mani\u00e8re s\u00fbre, efficace et avec une finition impeccable, assurant une fonctionnalit\u00e9 et un confort maximum pour votre salle de bains.<\/p>\n<h2>Pourquoi choisir l'installation de toilettes par des professionnels ?<\/h2>\n<p>Une installation professionnelle des toilettes garantit leur bon fonctionnement et \u00e9vite les probl\u00e8mes tels que les fuites et les obstructions. Avec <strong>Canalizador de Lisboa<\/strong>Si vous disposez d'un r\u00e9servoir d'eau, vous pouvez vous assurer qu'il est correctement install\u00e9, ce qui permet non seulement d'optimiser l'utilisation de l'eau, mais aussi de pr\u00e9venir les probl\u00e8mes futurs, et donc d'\u00e9conomiser du temps et de l'argent.<\/p>\n<h3>Types de toilettes que nous installons<\/h3>\n<p>Nous adaptons le service d'installation au type de toilettes qui convient le mieux \u00e0 votre espace et \u00e0 vos besoins :<\/p>\n<ul>\n<li><strong>Toilettes au sol :<\/strong> Traditionnel et stable, id\u00e9al pour la plupart des salles de bains.<\/li>\n<li><strong>Toilettes suspendues :<\/strong> Fix\u00e9 au mur, il offre un aspect moderne et facilite le nettoyage du sol.<\/li>\n<li><strong>Toilettes \u00e0 double chasse d'eau :<\/strong> Avec des chasses d'eau partielles et compl\u00e8tes, ils permettent d'\u00e9conomiser de l'eau.<\/li>\n<li><strong>Toilettes avec bidet int\u00e9gr\u00e9 :<\/strong> Une solution pratique pour ceux qui recherchent la polyvalence et le confort dans la salle de bains.<\/li>\n<\/ul>\n<h2>Notre processus d'installation des toilettes<\/h2>\n<p>En <strong>Canalizador de Lisboa<\/strong>Nous suivons un processus m\u00e9ticuleux pour garantir une installation s\u00fbre et efficace :<\/p>\n<ul>\n<li><strong>\u00c9valuation et planification :<\/strong> Nous \u00e9valuons l'espace et discutons des pr\u00e9f\u00e9rences du client pour choisir le type de toilettes le plus appropri\u00e9.<\/li>\n<li><strong>Un budget transparent :<\/strong> Nous fournissons un devis d\u00e9taill\u00e9, sans frais impr\u00e9vus.<\/li>\n<li><strong>Installation professionnelle :<\/strong> Nous effectuons l'installation avec pr\u00e9cision, en veillant \u00e0 ce que l'\u00e9tanch\u00e9it\u00e9 et l'ajustement soient corrects.<\/li>\n<li><strong>Test de fonctionnement :<\/strong> Nous contr\u00f4lons les toilettes apr\u00e8s leur installation pour nous assurer qu'il n'y a pas de fuites et que tout est en parfait \u00e9tat.<\/li>\n<\/ul>\n<h2>Pourquoi choisir Canalizador de Lisboa?<\/h2>\n<p>A <strong>Canalizador de Lisboa<\/strong> est le choix id\u00e9al pour <strong>installation de toilettes \u00e0 Lisbonne<\/strong> pour les raisons suivantes :<\/p>\n<ul>\n<li><strong>Une \u00e9quipe exp\u00e9riment\u00e9e :<\/strong> Des techniciens qualifi\u00e9s qui garantissent une installation parfaite et s\u00fbre.<\/li>\n<li><strong>Mat\u00e9riaux de qualit\u00e9 :<\/strong> Nous utilisons des joints et des mat\u00e9riaux de premi\u00e8re qualit\u00e9 pour garantir la durabilit\u00e9.<\/li>\n<li><strong>Service personnalis\u00e9 :<\/strong> Nous adaptons l'installation aux pr\u00e9f\u00e9rences du client et \u00e0 la conception de la salle de bains.<\/li>\n<li><strong>Devis clair et \u00e9quitable :<\/strong> Pas de surprises, avec des d\u00e9tails transparents sur tous les co\u00fbts impliqu\u00e9s.<\/li>\n<\/ul>","protected":false},"excerpt":{"rendered":"<p>Na Canalizador de Lisboa, oferecemos servi\u00e7os especializados de instala\u00e7\u00e3o de sanitas em Lisboa. Com uma equipa profissional e experiente, garantimos que a sua sanita ser\u00e1 instalada de forma segura, eficiente e com acabamento impec\u00e1vel, assegurando o m\u00e1ximo de funcionalidade e conforto para a sua casa de banho. Por Que Optar pela Instala\u00e7\u00e3o Profissional de Sanitas? [&hellip;]<\/p>\n","protected":false},"author":1,"featured_media":0,"parent":0,"menu_order":0,"comment_status":"closed","ping_status":"closed","template":"","meta":{"iawp_total_views":36,"footnotes":""},"class_list":["post-3242","page","type-page","status-publish","hentry"],"yoast_head":"<!-- This site is optimized with the Yoast SEO plugin v27.4 - https:\/\/yoast.com\/product\/yoast-seo-wordpress\/ -->\n<title>Instala\u00e7\u00e3o de Sanitas Lisboa - Canalizador de Lisboa<\/title>\n<meta name=\"description\" content=\"Servi\u00e7os de instala\u00e7\u00e3o de sanitas em Lisboa. Equipa profissional para garantir uma instala\u00e7\u00e3o segura, funcional e com acabamentos de qualidade.\" \/>\n<meta name=\"robots\" content=\"index, follow, max-snippet:-1, max-image-preview:large, max-video-preview:-1\" \/>\n<link rel=\"canonical\" href=\"https:\/\/canalizadordelisboa.pt\/fr\/installation-de-toilettes-a-lisbonne\/\" \/>\n<meta property=\"og:locale\" content=\"fr_FR\" \/>\n<meta property=\"og:type\" content=\"article\" \/>\n<meta property=\"og:title\" content=\"Instala\u00e7\u00e3o de Sanitas Lisboa - Canalizador de Lisboa\" \/>\n<meta property=\"og:description\" content=\"Servi\u00e7os de instala\u00e7\u00e3o de sanitas em Lisboa. Equipa profissional para garantir uma instala\u00e7\u00e3o segura, funcional e com acabamentos de qualidade.\" \/>\n<meta property=\"og:url\" content=\"https:\/\/canalizadordelisboa.pt\/fr\/installation-de-toilettes-a-lisbonne\/\" \/>\n<meta property=\"og:site_name\" content=\"Canalizador de Lisboa\" \/>\n<meta property=\"article:modified_time\" content=\"2024-11-06T09:12:31+00:00\" \/>\n<meta name=\"twitter:card\" content=\"summary_large_image\" \/>\n<meta name=\"twitter:label1\" content=\"Dur\u00e9e de lecture estim\u00e9e\" \/>\n\t<meta name=\"twitter:data1\" content=\"2 minutes\" \/>\n<script type=\"application\/ld+json\" class=\"yoast-schema-graph\">{\"@context\":\"https:\\\/\\\/schema.org\",\"@graph\":[{\"@type\":\"WebPage\",\"@id\":\"https:\\\/\\\/canalizadordelisboa.pt\\\/instalacao-de-sanitas-lisboa\\\/\",\"url\":\"https:\\\/\\\/canalizadordelisboa.pt\\\/instalacao-de-sanitas-lisboa\\\/\",\"name\":\"Instala\u00e7\u00e3o de Sanitas Lisboa - Canalizador de Lisboa\",\"isPartOf\":{\"@id\":\"https:\\\/\\\/canalizadordelisboa.pt\\\/#website\"},\"datePublished\":\"2024-11-06T09:09:33+00:00\",\"dateModified\":\"2024-11-06T09:12:31+00:00\",\"description\":\"Servi\u00e7os de instala\u00e7\u00e3o de sanitas em Lisboa. Equipa profissional para garantir uma instala\u00e7\u00e3o segura, funcional e com acabamentos de qualidade.\",\"breadcrumb\":{\"@id\":\"https:\\\/\\\/canalizadordelisboa.pt\\\/instalacao-de-sanitas-lisboa\\\/#breadcrumb\"},\"inLanguage\":\"fr-FR\",\"potentialAction\":[{\"@type\":\"ReadAction\",\"target\":[\"https:\\\/\\\/canalizadordelisboa.pt\\\/instalacao-de-sanitas-lisboa\\\/\"]}]},{\"@type\":\"BreadcrumbList\",\"@id\":\"https:\\\/\\\/canalizadordelisboa.pt\\\/instalacao-de-sanitas-lisboa\\\/#breadcrumb\",\"itemListElement\":[{\"@type\":\"ListItem\",\"position\":1,\"name\":\"Accueil\",\"item\":\"https:\\\/\\\/canalizadordelisboa.pt\\\/\"},{\"@type\":\"ListItem\",\"position\":2,\"name\":\"Instala\u00e7\u00e3o de Sanitas Lisboa &#8211; Canalizador de Lisboa\"}]},{\"@type\":\"WebSite\",\"@id\":\"https:\\\/\\\/canalizadordelisboa.pt\\\/#website\",\"url\":\"https:\\\/\\\/canalizadordelisboa.pt\\\/\",\"name\":\"Canalizador de Lisboa\",\"description\":\"Servi\u00e7os de canaliza\u00e7\u00e3o e desentupimentos de alta qualidade em Lisboa.\",\"potentialAction\":[{\"@type\":\"SearchAction\",\"target\":{\"@type\":\"EntryPoint\",\"urlTemplate\":\"https:\\\/\\\/canalizadordelisboa.pt\\\/?s={search_term_string}\"},\"query-input\":{\"@type\":\"PropertyValueSpecification\",\"valueRequired\":true,\"valueName\":\"search_term_string\"}}],\"inLanguage\":\"fr-FR\"}]}<\/script>\n<!-- \/ Yoast SEO plugin. -->","yoast_head_json":{"title":"Installation des toilettes Lisbon - Canalizador de Lisboa","description":"Services d'installation de toilettes \u00e0 Lisbonne. \u00c9quipe professionnelle pour garantir une installation s\u00fbre, fonctionnelle et des finitions de qualit\u00e9.","robots":{"index":"index","follow":"follow","max-snippet":"max-snippet:-1","max-image-preview":"max-image-preview:large","max-video-preview":"max-video-preview:-1"},"canonical":"https:\/\/canalizadordelisboa.pt\/fr\/installation-de-toilettes-a-lisbonne\/","og_locale":"fr_FR","og_type":"article","og_title":"Instala\u00e7\u00e3o de Sanitas Lisboa - Canalizador de Lisboa","og_description":"Servi\u00e7os de instala\u00e7\u00e3o de sanitas em Lisboa. Equipa profissional para garantir uma instala\u00e7\u00e3o segura, funcional e com acabamentos de qualidade.","og_url":"https:\/\/canalizadordelisboa.pt\/fr\/installation-de-toilettes-a-lisbonne\/","og_site_name":"Canalizador de Lisboa","article_modified_time":"2024-11-06T09:12:31+00:00","twitter_card":"summary_large_image","twitter_misc":{"Dur\u00e9e de lecture estim\u00e9e":"2 minutes"},"schema":{"@context":"https:\/\/schema.org","@graph":[{"@type":"WebPage","@id":"https:\/\/canalizadordelisboa.pt\/instalacao-de-sanitas-lisboa\/","url":"https:\/\/canalizadordelisboa.pt\/instalacao-de-sanitas-lisboa\/","name":"Installation des toilettes Lisbon - Canalizador de Lisboa","isPartOf":{"@id":"https:\/\/canalizadordelisboa.pt\/#website"},"datePublished":"2024-11-06T09:09:33+00:00","dateModified":"2024-11-06T09:12:31+00:00","description":"Services d'installation de toilettes \u00e0 Lisbonne. \u00c9quipe professionnelle pour garantir une installation s\u00fbre, fonctionnelle et des finitions de qualit\u00e9.","breadcrumb":{"@id":"https:\/\/canalizadordelisboa.pt\/instalacao-de-sanitas-lisboa\/#breadcrumb"},"inLanguage":"fr-FR","potentialAction":[{"@type":"ReadAction","target":["https:\/\/canalizadordelisboa.pt\/instalacao-de-sanitas-lisboa\/"]}]},{"@type":"BreadcrumbList","@id":"https:\/\/canalizadordelisboa.pt\/instalacao-de-sanitas-lisboa\/#breadcrumb","itemListElement":[{"@type":"ListItem","position":1,"name":"Accueil","item":"https:\/\/canalizadordelisboa.pt\/"},{"@type":"ListItem","position":2,"name":"Instala\u00e7\u00e3o de Sanitas Lisboa &#8211; Canalizador de Lisboa"}]},{"@type":"WebSite","@id":"https:\/\/canalizadordelisboa.pt\/#website","url":"https:\/\/canalizadordelisboa.pt\/","name":"Canalizador de Lisboa","description":"Services de plomberie et de drainage de haute qualit\u00e9 \u00e0 Lisbonne.","potentialAction":[{"@type":"SearchAction","target":{"@type":"EntryPoint","urlTemplate":"https:\/\/canalizadordelisboa.pt\/?s={search_term_string}"},"query-input":{"@type":"PropertyValueSpecification","valueRequired":true,"valueName":"search_term_string"}}],"inLanguage":"fr-FR"}]}},"_links":{"self":[{"href":"https:\/\/canalizadordelisboa.pt\/fr\/wp-json\/wp\/v2\/pages\/3242","targetHints":{"allow":["GET"]}}],"collection":[{"href":"https:\/\/canalizadordelisboa.pt\/fr\/wp-json\/wp\/v2\/pages"}],"about":[{"href":"https:\/\/canalizadordelisboa.pt\/fr\/wp-json\/wp\/v2\/types\/page"}],"author":[{"embeddable":true,"href":"https:\/\/canalizadordelisboa.pt\/fr\/wp-json\/wp\/v2\/users\/1"}],"replies":[{"embeddable":true,"href":"https:\/\/canalizadordelisboa.pt\/fr\/wp-json\/wp\/v2\/comments?post=3242"}],"version-history":[{"count":2,"href":"https:\/\/canalizadordelisboa.pt\/fr\/wp-json\/wp\/v2\/pages\/3242\/revisions"}],"predecessor-version":[{"id":3246,"href":"https:\/\/canalizadordelisboa.pt\/fr\/wp-json\/wp\/v2\/pages\/3242\/revisions\/3246"}],"wp:attachment":[{"href":"https:\/\/canalizadordelisboa.pt\/fr\/wp-json\/wp\/v2\/media?parent=3242"}],"curies":[{"name":"wp","href":"https:\/\/api.w.org\/{rel}","templated":true}]}}