{"id":3226,"date":"2024-10-25T09:00:56","date_gmt":"2024-10-25T09:00:56","guid":{"rendered":"https:\/\/canalizadordelisboa.pt\/?page_id=3226"},"modified":"2024-10-25T09:01:07","modified_gmt":"2024-10-25T09:01:07","slug":"reamenagement-de-la-salle-de-bains","status":"publish","type":"page","link":"https:\/\/canalizadordelisboa.pt\/fr\/remodelacao-casa-de-banho\/","title":{"rendered":"Refonte de la salle de bain - Canalizador de Lisboa"},"content":{"rendered":"<p>En <strong>Canalizador de Lisboa<\/strong>Nous offrons un service complet de <strong>r\u00e9am\u00e9nagement de la salle de bains<\/strong> pour transformer votre espace avec \u00e9l\u00e9gance et fonctionnalit\u00e9. Notre \u00e9quipe est sp\u00e9cialis\u00e9e dans la r\u00e9novation de salles de bains \u00e0 Lisbonne, prenant soin de chaque d\u00e9tail pour cr\u00e9er un environnement confortable, moderne et adapt\u00e9 \u00e0 vos besoins. D'un simple changement de carrelage \u00e0 une r\u00e9novation compl\u00e8te, nous sommes pr\u00eats \u00e0 r\u00e9aliser votre projet avec qualit\u00e9 et efficacit\u00e9.<\/p>\n<h2>Pourquoi investir dans la r\u00e9novation de votre salle de bains ?<\/h2>\n<p>La r\u00e9novation d'une salle de bains pr\u00e9sente de nombreux avantages. En plus de moderniser l'espace, les travaux augmentent la valeur de votre propri\u00e9t\u00e9 et am\u00e9liorent votre vie quotidienne. De nombreux probl\u00e8mes de plomberie, tels que les fuites et les obstructions, sont r\u00e9solus lors de la r\u00e9novation, ce qui garantit que votre salle de bains est en parfait \u00e9tat et fonctionne correctement. De plus, la modernisation du design, le changement des rev\u00eatements et l'installation de nouveaux accessoires permettent de renouveler l'environnement et de le rendre beaucoup plus confortable.<\/p>\n<h3>Avantages d'une salle de bains r\u00e9nov\u00e9e<\/h3>\n<p>Avec le remodelage, en plus de l'esth\u00e9tique, vous gagnez en praticit\u00e9 et en efficacit\u00e9. Avec <strong>Canalizador de Lisboa<\/strong>Votre salle de bains sera r\u00e9nov\u00e9e afin d'optimiser l'espace et d'am\u00e9liorer la fonctionnalit\u00e9. Le remplacement d'appareils anciens, souvent us\u00e9s, permet de r\u00e9duire la consommation d'eau et de pr\u00e9venir les probl\u00e8mes structurels, ce qui vous permet d'\u00e9conomiser de l'argent \u00e0 long terme. Il ne fait aucun doute qu'une salle de bains moderne et bien con\u00e7ue constitue un investissement durable.<\/p>\n<h2>Les \u00e9tapes de notre service de r\u00e9novation de salle de bains<\/h2>\n<p>En <strong>Canalizador de Lisboa<\/strong>Nous suivons un processus minutieux pour nous assurer que chaque projet de r\u00e9novation r\u00e9pond aux attentes de nos clients. Voici les principales \u00e9tapes de notre service :<\/p>\n<ul>\n<li><strong>Conseil et planification :<\/strong> Nous effectuons une visite sur place pour comprendre vos besoins et discuter du projet. Ensemble, nous planifions la conception et choisissons les mat\u00e9riaux les mieux adapt\u00e9s \u00e0 votre style.<\/li>\n<li><strong>Un budget transparent :<\/strong> Nous fournissons un devis d\u00e9taill\u00e9, comprenant les co\u00fbts de main-d'\u0153uvre, les mat\u00e9riaux et le temps estim\u00e9 pour chaque \u00e9tape du projet.<\/li>\n<li><strong>Pr\u00e9paration et d\u00e9molition :<\/strong> Si n\u00e9cessaire, nous enlevons les anciens \u00e9l\u00e9ments, tels que les rev\u00eatements de sol, les lambris, les toilettes et la plomberie, afin de pr\u00e9parer l'espace pour la nouvelle installation.<\/li>\n<li><strong>Installation d'une nouvelle tuyauterie :<\/strong> Nous rempla\u00e7ons les anciennes canalisations par des syst\u00e8mes modernes, ce qui permet d'\u00e9viter les probl\u00e8mes de fuites et d'am\u00e9liorer l'efficacit\u00e9 de la consommation d'eau.<\/li>\n<li><strong>Installation de vaisselle et d'articles sanitaires :<\/strong> Nous installons les lavabos, les toilettes, les douches et les baignoires en fonction de l'agencement choisi.<\/li>\n<li><strong>Finitions et rev\u00eatements :<\/strong> Nous appliquons de nouveaux rev\u00eatements, sols et finitions pour donner \u00e0 votre salle de bains l'aspect que vous souhaitez, avec des options r\u00e9sistantes et faciles \u00e0 nettoyer.<\/li>\n<li><strong>Installation d'\u00e9clairage :<\/strong> Nous ajustons l'\u00e9clairage pour cr\u00e9er un environnement agr\u00e9able et s\u00fbr, en incorporant des lampes LED \u00e9conomiques et efficaces.<\/li>\n<li><strong>V\u00e9rification et essais :<\/strong> Nous effectuons des tests sur toutes les installations afin de nous assurer que tout fonctionne correctement, de la plomberie \u00e0 l'\u00e9clairage.<\/li>\n<\/ul>\n<h2>Que comprend la r\u00e9novation d'une salle de bains ?<\/h2>\n<p>Notre <strong>r\u00e9am\u00e9nagement de la salle de bains<\/strong> comprend une large gamme de services allant du remplacement de la tuyauterie \u00e0 l'installation de raccords modernes :<\/p>\n<ul>\n<li><strong>Remplacement de la tuyauterie :<\/strong> Nous installons de nouvelles canalisations avec des mat\u00e9riaux de haute qualit\u00e9 afin de garantir leur durabilit\u00e9 et d'\u00e9viter les fuites futures.<\/li>\n<li><strong>Installation des toilettes :<\/strong> Lavabos, toilettes et bidets modernes, adapt\u00e9s au nouveau design et pr\u00eats \u00e0 l'emploi.<\/li>\n<li><strong>Cabines de douche et baignoires :<\/strong> Nous installons des cabines de douche modernes, des baignoires d'hydromassage et des accessoires qui apportent plus de confort \u00e0 votre vie quotidienne.<\/li>\n<li><strong>Rev\u00eatements de sol et de mur :<\/strong> Nous proposons une large s\u00e9lection de carreaux et de sols r\u00e9sistants et antid\u00e9rapants, garantissant s\u00e9curit\u00e9 et durabilit\u00e9.<\/li>\n<li><strong>Chauffage de l'eau :<\/strong> Nous installons des chauffages et des syst\u00e8mes d'eau chaude efficaces pour une exp\u00e9rience de confort compl\u00e8te.<\/li>\n<\/ul>\n<h2>Pourquoi choisir Canalizador de Lisboa?<\/h2>\n<p>A <strong>Canalizador de Lisboa<\/strong> est l'une des principales entreprises de r\u00e9novation de salles de bains \u00e0 Lisbonne. Notre engagement envers la qualit\u00e9 et la satisfaction du client est ce qui nous distingue. Voici quelques raisons de nous choisir :<\/p>\n<ul>\n<li><strong>Exp\u00e9rience et qualifications :<\/strong> Nos professionnels ont des ann\u00e9es d'exp\u00e9rience dans la r\u00e9novation de salles de bains et sont qualifi\u00e9s pour garantir un service impeccable.<\/li>\n<li><strong>Mat\u00e9riaux de qualit\u00e9 :<\/strong> Nous utilisons des mat\u00e9riaux durables et de haute qualit\u00e9 afin que le r\u00e9sultat soit \u00e0 la fois durable et esth\u00e9tique.<\/li>\n<li><strong>Des budgets clairs :<\/strong> Nous fournissons un devis d\u00e9taill\u00e9, avec tous les co\u00fbts impliqu\u00e9s, afin qu'il n'y ait pas de surprises.<\/li>\n<li><strong>D\u00e9lais de r\u00e9union :<\/strong> Nous respectons les d\u00e9lais convenus et nous nous effor\u00e7ons d'achever le projet dans les d\u00e9lais impartis.<\/li>\n<li><strong>Garantie de satisfaction :<\/strong> Notre priorit\u00e9 est de nous assurer que vous \u00eates enti\u00e8rement satisfait du r\u00e9sultat final.<\/li>\n<\/ul>\n<h2>Contactez-nous pour la r\u00e9novation de votre salle de bains<\/h2>\n<p>Si vous envisagez de <strong>r\u00e9am\u00e9nagement de la salle de bains<\/strong> et que vous recherchez une entreprise fiable et exp\u00e9riment\u00e9e \u00e0 Lisbonne, n'h\u00e9sitez pas \u00e0 contacter <strong>Canalizador de Lisboa<\/strong>. Nous sommes pr\u00eats \u00e0 vous aider \u00e0 transformer votre salle de bains en un espace moderne, fonctionnel et esth\u00e9tique.<\/p>","protected":false},"excerpt":{"rendered":"<p>Na Canalizador de Lisboa, oferecemos um servi\u00e7o completo de remodela\u00e7\u00e3o de casa de banho para transformar seu espa\u00e7o com eleg\u00e2ncia e funcionalidade. Nossa equipa \u00e9 especializada em renovar casas de banho em Lisboa, atendendo a cada detalhe para criar um ambiente confort\u00e1vel, moderno e adaptado \u00e0s suas necessidades. De uma simples troca de revestimentos a [&hellip;]<\/p>\n","protected":false},"author":1,"featured_media":0,"parent":0,"menu_order":0,"comment_status":"closed","ping_status":"closed","template":"","meta":{"iawp_total_views":22,"footnotes":""},"class_list":["post-3226","page","type-page","status-publish","hentry"],"yoast_head":"<!-- This site is optimized with the Yoast SEO plugin v27.4 - https:\/\/yoast.com\/product\/yoast-seo-wordpress\/ -->\n<title>Remodela\u00e7\u00e3o Casa de Banho - Canalizador de Lisboa<\/title>\n<meta name=\"description\" content=\"Servi\u00e7o profissional de remodela\u00e7\u00e3o de casa de banho em Lisboa. Transforme a sua casa de banho com a Canalizador de Lisboa, com qualidade e efici\u00eancia.\" \/>\n<meta name=\"robots\" content=\"index, follow, max-snippet:-1, max-image-preview:large, max-video-preview:-1\" \/>\n<link rel=\"canonical\" href=\"https:\/\/canalizadordelisboa.pt\/fr\/reamenagement-de-la-salle-de-bains\/\" \/>\n<meta property=\"og:locale\" content=\"fr_FR\" \/>\n<meta property=\"og:type\" content=\"article\" \/>\n<meta property=\"og:title\" content=\"Remodela\u00e7\u00e3o Casa de Banho - Canalizador de Lisboa\" \/>\n<meta property=\"og:description\" content=\"Servi\u00e7o profissional de remodela\u00e7\u00e3o de casa de banho em Lisboa. Transforme a sua casa de banho com a Canalizador de Lisboa, com qualidade e efici\u00eancia.\" \/>\n<meta property=\"og:url\" content=\"https:\/\/canalizadordelisboa.pt\/fr\/reamenagement-de-la-salle-de-bains\/\" \/>\n<meta property=\"og:site_name\" content=\"Canalizador de Lisboa\" \/>\n<meta property=\"article:modified_time\" content=\"2024-10-25T09:01:07+00:00\" \/>\n<meta name=\"twitter:card\" content=\"summary_large_image\" \/>\n<meta name=\"twitter:label1\" content=\"Dur\u00e9e de lecture estim\u00e9e\" \/>\n\t<meta name=\"twitter:data1\" content=\"5 minutes\" \/>\n<script type=\"application\/ld+json\" class=\"yoast-schema-graph\">{\"@context\":\"https:\\\/\\\/schema.org\",\"@graph\":[{\"@type\":\"WebPage\",\"@id\":\"https:\\\/\\\/canalizadordelisboa.pt\\\/remodelacao-casa-de-banho\\\/\",\"url\":\"https:\\\/\\\/canalizadordelisboa.pt\\\/remodelacao-casa-de-banho\\\/\",\"name\":\"Remodela\u00e7\u00e3o Casa de Banho - Canalizador de Lisboa\",\"isPartOf\":{\"@id\":\"https:\\\/\\\/canalizadordelisboa.pt\\\/#website\"},\"datePublished\":\"2024-10-25T09:00:56+00:00\",\"dateModified\":\"2024-10-25T09:01:07+00:00\",\"description\":\"Servi\u00e7o profissional de remodela\u00e7\u00e3o de casa de banho em Lisboa. Transforme a sua casa de banho com a Canalizador de Lisboa, com qualidade e efici\u00eancia.\",\"breadcrumb\":{\"@id\":\"https:\\\/\\\/canalizadordelisboa.pt\\\/remodelacao-casa-de-banho\\\/#breadcrumb\"},\"inLanguage\":\"fr-FR\",\"potentialAction\":[{\"@type\":\"ReadAction\",\"target\":[\"https:\\\/\\\/canalizadordelisboa.pt\\\/remodelacao-casa-de-banho\\\/\"]}]},{\"@type\":\"BreadcrumbList\",\"@id\":\"https:\\\/\\\/canalizadordelisboa.pt\\\/remodelacao-casa-de-banho\\\/#breadcrumb\",\"itemListElement\":[{\"@type\":\"ListItem\",\"position\":1,\"name\":\"Accueil\",\"item\":\"https:\\\/\\\/canalizadordelisboa.pt\\\/\"},{\"@type\":\"ListItem\",\"position\":2,\"name\":\"Remodela\u00e7\u00e3o Casa de Banho &#8211; Canalizador de Lisboa\"}]},{\"@type\":\"WebSite\",\"@id\":\"https:\\\/\\\/canalizadordelisboa.pt\\\/#website\",\"url\":\"https:\\\/\\\/canalizadordelisboa.pt\\\/\",\"name\":\"Canalizador de Lisboa\",\"description\":\"Servi\u00e7os de canaliza\u00e7\u00e3o e desentupimentos de alta qualidade em Lisboa.\",\"potentialAction\":[{\"@type\":\"SearchAction\",\"target\":{\"@type\":\"EntryPoint\",\"urlTemplate\":\"https:\\\/\\\/canalizadordelisboa.pt\\\/?s={search_term_string}\"},\"query-input\":{\"@type\":\"PropertyValueSpecification\",\"valueRequired\":true,\"valueName\":\"search_term_string\"}}],\"inLanguage\":\"fr-FR\"}]}<\/script>\n<!-- \/ Yoast SEO plugin. -->","yoast_head_json":{"title":"Refonte de la salle de bain - Canalizador de Lisboa","description":"Service professionnel de r\u00e9novation de salle de bain \u00e0 Lisbonne. Transformez votre salle de bain avec Canalizador de Lisboa, avec qualit\u00e9 et efficacit\u00e9.","robots":{"index":"index","follow":"follow","max-snippet":"max-snippet:-1","max-image-preview":"max-image-preview:large","max-video-preview":"max-video-preview:-1"},"canonical":"https:\/\/canalizadordelisboa.pt\/fr\/reamenagement-de-la-salle-de-bains\/","og_locale":"fr_FR","og_type":"article","og_title":"Remodela\u00e7\u00e3o Casa de Banho - Canalizador de Lisboa","og_description":"Servi\u00e7o profissional de remodela\u00e7\u00e3o de casa de banho em Lisboa. Transforme a sua casa de banho com a Canalizador de Lisboa, com qualidade e efici\u00eancia.","og_url":"https:\/\/canalizadordelisboa.pt\/fr\/reamenagement-de-la-salle-de-bains\/","og_site_name":"Canalizador de Lisboa","article_modified_time":"2024-10-25T09:01:07+00:00","twitter_card":"summary_large_image","twitter_misc":{"Dur\u00e9e de lecture estim\u00e9e":"5 minutes"},"schema":{"@context":"https:\/\/schema.org","@graph":[{"@type":"WebPage","@id":"https:\/\/canalizadordelisboa.pt\/remodelacao-casa-de-banho\/","url":"https:\/\/canalizadordelisboa.pt\/remodelacao-casa-de-banho\/","name":"Refonte de la salle de bain - Canalizador de Lisboa","isPartOf":{"@id":"https:\/\/canalizadordelisboa.pt\/#website"},"datePublished":"2024-10-25T09:00:56+00:00","dateModified":"2024-10-25T09:01:07+00:00","description":"Service professionnel de r\u00e9novation de salle de bain \u00e0 Lisbonne. Transformez votre salle de bain avec Canalizador de Lisboa, avec qualit\u00e9 et efficacit\u00e9.","breadcrumb":{"@id":"https:\/\/canalizadordelisboa.pt\/remodelacao-casa-de-banho\/#breadcrumb"},"inLanguage":"fr-FR","potentialAction":[{"@type":"ReadAction","target":["https:\/\/canalizadordelisboa.pt\/remodelacao-casa-de-banho\/"]}]},{"@type":"BreadcrumbList","@id":"https:\/\/canalizadordelisboa.pt\/remodelacao-casa-de-banho\/#breadcrumb","itemListElement":[{"@type":"ListItem","position":1,"name":"Accueil","item":"https:\/\/canalizadordelisboa.pt\/"},{"@type":"ListItem","position":2,"name":"Remodela\u00e7\u00e3o Casa de Banho &#8211; Canalizador de Lisboa"}]},{"@type":"WebSite","@id":"https:\/\/canalizadordelisboa.pt\/#website","url":"https:\/\/canalizadordelisboa.pt\/","name":"Canalizador de Lisboa","description":"Services de plomberie et de drainage de haute qualit\u00e9 \u00e0 Lisbonne.","potentialAction":[{"@type":"SearchAction","target":{"@type":"EntryPoint","urlTemplate":"https:\/\/canalizadordelisboa.pt\/?s={search_term_string}"},"query-input":{"@type":"PropertyValueSpecification","valueRequired":true,"valueName":"search_term_string"}}],"inLanguage":"fr-FR"}]}},"_links":{"self":[{"href":"https:\/\/canalizadordelisboa.pt\/fr\/wp-json\/wp\/v2\/pages\/3226","targetHints":{"allow":["GET"]}}],"collection":[{"href":"https:\/\/canalizadordelisboa.pt\/fr\/wp-json\/wp\/v2\/pages"}],"about":[{"href":"https:\/\/canalizadordelisboa.pt\/fr\/wp-json\/wp\/v2\/types\/page"}],"author":[{"embeddable":true,"href":"https:\/\/canalizadordelisboa.pt\/fr\/wp-json\/wp\/v2\/users\/1"}],"replies":[{"embeddable":true,"href":"https:\/\/canalizadordelisboa.pt\/fr\/wp-json\/wp\/v2\/comments?post=3226"}],"version-history":[{"count":1,"href":"https:\/\/canalizadordelisboa.pt\/fr\/wp-json\/wp\/v2\/pages\/3226\/revisions"}],"predecessor-version":[{"id":3227,"href":"https:\/\/canalizadordelisboa.pt\/fr\/wp-json\/wp\/v2\/pages\/3226\/revisions\/3227"}],"wp:attachment":[{"href":"https:\/\/canalizadordelisboa.pt\/fr\/wp-json\/wp\/v2\/media?parent=3226"}],"curies":[{"name":"wp","href":"https:\/\/api.w.org\/{rel}","templated":true}]}}