{"id":3195,"date":"2024-06-30T07:11:57","date_gmt":"2024-06-30T07:11:57","guid":{"rendered":"https:\/\/canalizadordelisboa.pt\/?page_id=3195"},"modified":"2024-06-30T07:12:05","modified_gmt":"2024-06-30T07:12:05","slug":"nettoyage-de-tuyaux-lisbonne","status":"publish","type":"page","link":"https:\/\/canalizadordelisboa.pt\/fr\/limpeza-de-canos-lisboa\/","title":{"rendered":"Nettoyage de tuyaux Lisbon - Canalizador de Lisboa"},"content":{"rendered":"<p>A <strong>Canalizador de Lisboa<\/strong> offre des services sp\u00e9cialis\u00e9s dans les domaines suivants <strong>nettoyage des canalisations Lisbonne<\/strong>Cela garantit que votre syst\u00e8me de plomberie fonctionne parfaitement et sans obstruction. Nos professionnels qualifi\u00e9s sont pr\u00eats \u00e0 effectuer un nettoyage rapide et efficace des canalisations, garantissant ainsi la durabilit\u00e9 et l'efficacit\u00e9 de votre syst\u00e8me de plomberie.<\/p>\n<h2>L'importance du nettoyage des canalisations<\/h2>\n<p>Un nettoyage r\u00e9gulier des canalisations est essentiel pour maintenir la fonctionnalit\u00e9 du syst\u00e8me de plomberie et pr\u00e9venir les probl\u00e8mes futurs. Le manque d'entretien peut entra\u00eener une accumulation de salet\u00e9s, de graisses et de d\u00e9bris, ce qui provoque des obstructions et risque d'endommager les canalisations.<\/p>\n<h2>Avantages du nettoyage des canalisations<\/h2>\n<p>Les avantages du nettoyage des canalisations sont les suivants<\/p>\n<ul>\n<li><strong>Pr\u00e9vention des blocages :<\/strong> L'\u00e9limination des d\u00e9bris accumul\u00e9s permet d'\u00e9viter les obstructions et de maintenir un d\u00e9bit d'eau ad\u00e9quat.<\/li>\n<li><strong>Augmentation de la dur\u00e9e de vie des canalisations :<\/strong> Un nettoyage r\u00e9gulier permet d'\u00e9viter la corrosion et d'autres dommages susceptibles de mettre en p\u00e9ril l'int\u00e9grit\u00e9 des canalisations.<\/li>\n<li><strong>Am\u00e9liorer la qualit\u00e9 de l'eau :<\/strong> Des canalisations propres garantissent que l'eau qui arrive \u00e0 vos robinets est exempte de contaminants.<\/li>\n<li><strong>R\u00e9duction des mauvaises odeurs :<\/strong> L'\u00e9limination des d\u00e9bris accumul\u00e9s emp\u00eache la formation d'odeurs d\u00e9sagr\u00e9ables.<\/li>\n<\/ul>\n<h2>Notre service de nettoyage des canalisations de Lisbonne<\/h2>\n<p>En <strong>Canalizador de Lisboa<\/strong>Notre <strong>nettoyage des canalisations Lisbonne<\/strong> comprend :<\/p>\n<ul>\n<li><strong>Inspection initiale :<\/strong> Nous \u00e9valuons l'\u00e9tat des canalisations et identifions les \u00e9ventuelles obstructions.<\/li>\n<li><strong>Nettoyage en profondeur :<\/strong> Nous utilisons un \u00e9quipement sp\u00e9cialis\u00e9 pour \u00e9liminer tous les d\u00e9bris et la salet\u00e9 qui se sont accumul\u00e9s dans les canalisations.<\/li>\n<li><strong>Entretien pr\u00e9ventif :<\/strong> Nous recommandons un nettoyage r\u00e9gulier pour maintenir les tuyaux en parfait \u00e9tat.<\/li>\n<\/ul>\n<h2>Pourquoi choisir Canalizador de Lisboa ?<\/h2>\n<p>A <strong>Canalizador de Lisboa<\/strong> est le choix id\u00e9al pour <strong>nettoyage des canalisations Lisbonne<\/strong>. Voici quelques raisons de nous choisir :<\/p>\n<ul>\n<li><strong>Des professionnels exp\u00e9riment\u00e9s :<\/strong> Notre \u00e9quipe est compos\u00e9e de techniciens hautement qualifi\u00e9s et exp\u00e9riment\u00e9s.<\/li>\n<li><strong>\u00c9quipement moderne :<\/strong> Nous utilisons les technologies les plus r\u00e9centes pour garantir un nettoyage efficace et complet.<\/li>\n<li><strong>Service personnalis\u00e9 :<\/strong> Nous adaptons nos services \u00e0 vos besoins sp\u00e9cifiques, garantissant ainsi une satisfaction totale.<\/li>\n<li><strong>Qualit\u00e9 et s\u00e9curit\u00e9 :<\/strong> Nous respectons des normes strictes de qualit\u00e9 et de s\u00e9curit\u00e9 dans tous nos services.<\/li>\n<\/ul>\n<h2>Contactez nous<\/h2>\n<p>Si vous avez besoin <strong>nettoyage des canalisations Lisbonne<\/strong>veuillez contacter <strong>Canalizador de Lisboa<\/strong> aujourd'hui. Nous sommes pr\u00eats \u00e0 vous aider \u00e0 maintenir votre syst\u00e8me de plomberie en parfait \u00e9tat.<\/p>","protected":false},"excerpt":{"rendered":"<p>A Canalizador de Lisboa oferece servi\u00e7os especializados em limpeza de canos Lisboa, garantindo que seu sistema de canaliza\u00e7\u00e3o funcione perfeitamente e sem obstru\u00e7\u00f5es. Nossos profissionais qualificados est\u00e3o prontos para realizar a limpeza de canos de forma r\u00e1pida e eficiente, assegurando a durabilidade e a efici\u00eancia do seu sistema de canaliza\u00e7\u00e3o. Import\u00e2ncia da Limpeza de Canos [&hellip;]<\/p>\n","protected":false},"author":1,"featured_media":0,"parent":0,"menu_order":0,"comment_status":"closed","ping_status":"closed","template":"","meta":{"iawp_total_views":22,"footnotes":""},"class_list":["post-3195","page","type-page","status-publish","hentry"],"yoast_head":"<!-- This site is optimized with the Yoast SEO plugin v27.4 - https:\/\/yoast.com\/product\/yoast-seo-wordpress\/ -->\n<title>Limpeza de Canos Lisboa - Canalizador de Lisboa<\/title>\n<meta name=\"description\" content=\"Servi\u00e7o profissional de limpeza de canos em Lisboa. Garanta a efici\u00eancia e a longevidade do seu sistema de canaliza\u00e7\u00e3o com a Canalizador de Lisboa.\" \/>\n<meta name=\"robots\" content=\"index, follow, max-snippet:-1, max-image-preview:large, max-video-preview:-1\" \/>\n<link rel=\"canonical\" href=\"https:\/\/canalizadordelisboa.pt\/fr\/nettoyage-de-tuyaux-lisbonne\/\" \/>\n<meta property=\"og:locale\" content=\"fr_FR\" \/>\n<meta property=\"og:type\" content=\"article\" \/>\n<meta property=\"og:title\" content=\"Limpeza de Canos Lisboa - Canalizador de Lisboa\" \/>\n<meta property=\"og:description\" content=\"Servi\u00e7o profissional de limpeza de canos em Lisboa. Garanta a efici\u00eancia e a longevidade do seu sistema de canaliza\u00e7\u00e3o com a Canalizador de Lisboa.\" \/>\n<meta property=\"og:url\" content=\"https:\/\/canalizadordelisboa.pt\/fr\/nettoyage-de-tuyaux-lisbonne\/\" \/>\n<meta property=\"og:site_name\" content=\"Canalizador de Lisboa\" \/>\n<meta property=\"article:modified_time\" content=\"2024-06-30T07:12:05+00:00\" \/>\n<meta name=\"twitter:card\" content=\"summary_large_image\" \/>\n<meta name=\"twitter:label1\" content=\"Dur\u00e9e de lecture estim\u00e9e\" \/>\n\t<meta name=\"twitter:data1\" content=\"2 minutes\" \/>\n<script type=\"application\/ld+json\" class=\"yoast-schema-graph\">{\"@context\":\"https:\\\/\\\/schema.org\",\"@graph\":[{\"@type\":\"WebPage\",\"@id\":\"https:\\\/\\\/canalizadordelisboa.pt\\\/limpeza-de-canos-lisboa\\\/\",\"url\":\"https:\\\/\\\/canalizadordelisboa.pt\\\/limpeza-de-canos-lisboa\\\/\",\"name\":\"Limpeza de Canos Lisboa - Canalizador de Lisboa\",\"isPartOf\":{\"@id\":\"https:\\\/\\\/canalizadordelisboa.pt\\\/#website\"},\"datePublished\":\"2024-06-30T07:11:57+00:00\",\"dateModified\":\"2024-06-30T07:12:05+00:00\",\"description\":\"Servi\u00e7o profissional de limpeza de canos em Lisboa. Garanta a efici\u00eancia e a longevidade do seu sistema de canaliza\u00e7\u00e3o com a Canalizador de Lisboa.\",\"breadcrumb\":{\"@id\":\"https:\\\/\\\/canalizadordelisboa.pt\\\/limpeza-de-canos-lisboa\\\/#breadcrumb\"},\"inLanguage\":\"fr-FR\",\"potentialAction\":[{\"@type\":\"ReadAction\",\"target\":[\"https:\\\/\\\/canalizadordelisboa.pt\\\/limpeza-de-canos-lisboa\\\/\"]}]},{\"@type\":\"BreadcrumbList\",\"@id\":\"https:\\\/\\\/canalizadordelisboa.pt\\\/limpeza-de-canos-lisboa\\\/#breadcrumb\",\"itemListElement\":[{\"@type\":\"ListItem\",\"position\":1,\"name\":\"Accueil\",\"item\":\"https:\\\/\\\/canalizadordelisboa.pt\\\/\"},{\"@type\":\"ListItem\",\"position\":2,\"name\":\"Limpeza de Canos Lisboa &#8211; Canalizador de Lisboa\"}]},{\"@type\":\"WebSite\",\"@id\":\"https:\\\/\\\/canalizadordelisboa.pt\\\/#website\",\"url\":\"https:\\\/\\\/canalizadordelisboa.pt\\\/\",\"name\":\"Canalizador de Lisboa\",\"description\":\"Servi\u00e7os de canaliza\u00e7\u00e3o e desentupimentos de alta qualidade em Lisboa.\",\"potentialAction\":[{\"@type\":\"SearchAction\",\"target\":{\"@type\":\"EntryPoint\",\"urlTemplate\":\"https:\\\/\\\/canalizadordelisboa.pt\\\/?s={search_term_string}\"},\"query-input\":{\"@type\":\"PropertyValueSpecification\",\"valueRequired\":true,\"valueName\":\"search_term_string\"}}],\"inLanguage\":\"fr-FR\"}]}<\/script>\n<!-- \/ Yoast SEO plugin. -->","yoast_head_json":{"title":"Nettoyage de tuyaux Lisbon - Canalizador de Lisboa","description":"Service professionnel de nettoyage des canalisations \u00e0 Lisbonne. Assurez l'efficacit\u00e9 et la long\u00e9vit\u00e9 de votre syst\u00e8me de plomberie avec Canalizador de Lisboa.","robots":{"index":"index","follow":"follow","max-snippet":"max-snippet:-1","max-image-preview":"max-image-preview:large","max-video-preview":"max-video-preview:-1"},"canonical":"https:\/\/canalizadordelisboa.pt\/fr\/nettoyage-de-tuyaux-lisbonne\/","og_locale":"fr_FR","og_type":"article","og_title":"Limpeza de Canos Lisboa - Canalizador de Lisboa","og_description":"Servi\u00e7o profissional de limpeza de canos em Lisboa. Garanta a efici\u00eancia e a longevidade do seu sistema de canaliza\u00e7\u00e3o com a Canalizador de Lisboa.","og_url":"https:\/\/canalizadordelisboa.pt\/fr\/nettoyage-de-tuyaux-lisbonne\/","og_site_name":"Canalizador de Lisboa","article_modified_time":"2024-06-30T07:12:05+00:00","twitter_card":"summary_large_image","twitter_misc":{"Dur\u00e9e de lecture estim\u00e9e":"2 minutes"},"schema":{"@context":"https:\/\/schema.org","@graph":[{"@type":"WebPage","@id":"https:\/\/canalizadordelisboa.pt\/limpeza-de-canos-lisboa\/","url":"https:\/\/canalizadordelisboa.pt\/limpeza-de-canos-lisboa\/","name":"Nettoyage de tuyaux Lisbon - Canalizador de Lisboa","isPartOf":{"@id":"https:\/\/canalizadordelisboa.pt\/#website"},"datePublished":"2024-06-30T07:11:57+00:00","dateModified":"2024-06-30T07:12:05+00:00","description":"Service professionnel de nettoyage des canalisations \u00e0 Lisbonne. Assurez l'efficacit\u00e9 et la long\u00e9vit\u00e9 de votre syst\u00e8me de plomberie avec Canalizador de Lisboa.","breadcrumb":{"@id":"https:\/\/canalizadordelisboa.pt\/limpeza-de-canos-lisboa\/#breadcrumb"},"inLanguage":"fr-FR","potentialAction":[{"@type":"ReadAction","target":["https:\/\/canalizadordelisboa.pt\/limpeza-de-canos-lisboa\/"]}]},{"@type":"BreadcrumbList","@id":"https:\/\/canalizadordelisboa.pt\/limpeza-de-canos-lisboa\/#breadcrumb","itemListElement":[{"@type":"ListItem","position":1,"name":"Accueil","item":"https:\/\/canalizadordelisboa.pt\/"},{"@type":"ListItem","position":2,"name":"Limpeza de Canos Lisboa &#8211; Canalizador de Lisboa"}]},{"@type":"WebSite","@id":"https:\/\/canalizadordelisboa.pt\/#website","url":"https:\/\/canalizadordelisboa.pt\/","name":"Canalizador de Lisboa","description":"Services de plomberie et de drainage de haute qualit\u00e9 \u00e0 Lisbonne.","potentialAction":[{"@type":"SearchAction","target":{"@type":"EntryPoint","urlTemplate":"https:\/\/canalizadordelisboa.pt\/?s={search_term_string}"},"query-input":{"@type":"PropertyValueSpecification","valueRequired":true,"valueName":"search_term_string"}}],"inLanguage":"fr-FR"}]}},"_links":{"self":[{"href":"https:\/\/canalizadordelisboa.pt\/fr\/wp-json\/wp\/v2\/pages\/3195","targetHints":{"allow":["GET"]}}],"collection":[{"href":"https:\/\/canalizadordelisboa.pt\/fr\/wp-json\/wp\/v2\/pages"}],"about":[{"href":"https:\/\/canalizadordelisboa.pt\/fr\/wp-json\/wp\/v2\/types\/page"}],"author":[{"embeddable":true,"href":"https:\/\/canalizadordelisboa.pt\/fr\/wp-json\/wp\/v2\/users\/1"}],"replies":[{"embeddable":true,"href":"https:\/\/canalizadordelisboa.pt\/fr\/wp-json\/wp\/v2\/comments?post=3195"}],"version-history":[{"count":1,"href":"https:\/\/canalizadordelisboa.pt\/fr\/wp-json\/wp\/v2\/pages\/3195\/revisions"}],"predecessor-version":[{"id":3197,"href":"https:\/\/canalizadordelisboa.pt\/fr\/wp-json\/wp\/v2\/pages\/3195\/revisions\/3197"}],"wp:attachment":[{"href":"https:\/\/canalizadordelisboa.pt\/fr\/wp-json\/wp\/v2\/media?parent=3195"}],"curies":[{"name":"wp","href":"https:\/\/api.w.org\/{rel}","templated":true}]}}