{"id":3187,"date":"2024-06-29T16:55:31","date_gmt":"2024-06-29T16:55:31","guid":{"rendered":"https:\/\/canalizadordelisboa.pt\/?page_id=3187"},"modified":"2024-06-29T16:55:31","modified_gmt":"2024-06-29T16:55:31","slug":"installation-de-broyeurs-de-dechets-alimentaires","status":"publish","type":"page","link":"https:\/\/canalizadordelisboa.pt\/fr\/instalacao-de-trituradores-de-residuos-alimentares\/","title":{"rendered":"Installation de broyeurs de d\u00e9chets alimentaires"},"content":{"rendered":"<p>A <strong>Canalizador de Lisboa<\/strong> offre des services sp\u00e9cialis\u00e9s dans les domaines suivants <strong>installation de broyeurs de d\u00e9chets alimentaires<\/strong>Cela garantit un environnement de cuisine plus propre et plus efficace. Nos professionnels qualifi\u00e9s sont pr\u00eats \u00e0 installer votre broyeur de d\u00e9chets alimentaires rapidement et en toute s\u00e9curit\u00e9.<\/p>\n<h2>Avantages de l'installation de broyeurs de d\u00e9chets alimentaires<\/h2>\n<p>Les broyeurs de d\u00e9chets alimentaires sont un excellent compl\u00e9ment \u00e0 votre cuisine et offrent plusieurs avantages :<\/p>\n<ul>\n<li><strong>R\u00e9duction des d\u00e9chets :<\/strong> R\u00e9duire consid\u00e9rablement la quantit\u00e9 de d\u00e9chets organiques mis en d\u00e9charge.<\/li>\n<li><strong>Hygi\u00e8ne :<\/strong> Gardez votre cuisine plus propre et exempte d'odeurs d\u00e9sagr\u00e9ables caus\u00e9es par les restes de nourriture.<\/li>\n<li><strong>Pratique :<\/strong> Eliminez les d\u00e9chets alimentaires directement dans l'\u00e9vier, ce qui permet d'\u00e9conomiser du temps et des efforts.<\/li>\n<li><strong>Durabilit\u00e9 :<\/strong> Contribuer \u00e0 un environnement plus durable en r\u00e9duisant la production de d\u00e9chets solides.<\/li>\n<\/ul>\n<h2>Notre service d'installation<\/h2>\n<p>En <strong>Canalizador de Lisboa<\/strong>Nous garantissons un service d'installation de broyeur de d\u00e9chets alimentaires de la plus haute qualit\u00e9 et efficacit\u00e9. Notre processus comprend :<\/p>\n<ul>\n<li><strong>Demande initiale :<\/strong> Nous \u00e9valuons vos besoins et vous recommandons le broyeur de d\u00e9chets alimentaires le mieux adapt\u00e9.<\/li>\n<li><strong>Budget :<\/strong> Nous fournissons un devis d\u00e9taill\u00e9 et transparent, sans surprise.<\/li>\n<li><strong>Installation professionnelle :<\/strong> Nous effectuons l'installation en utilisant les techniques et les outils appropri\u00e9s, en veillant \u00e0 ce que l'\u00e9quipement fonctionne parfaitement.<\/li>\n<li><strong>Test et d\u00e9mo :<\/strong> Nous testons l'\u00e9quipement apr\u00e8s l'installation et fournissons une br\u00e8ve d\u00e9monstration de l'utilisation et de l'entretien.<\/li>\n<\/ul>\n<h2>Pourquoi choisir Canalizador de Lisboa ?<\/h2>\n<p>A <strong>Canalizador de Lisboa<\/strong> est le bon choix pour l'installation de broyeurs de d\u00e9chets alimentaires \u00e0 Lisbonne et dans les environs. Voici quelques raisons de nous choisir :<\/p>\n<ul>\n<li><strong>Des professionnels exp\u00e9riment\u00e9s :<\/strong> Notre \u00e9quipe est compos\u00e9e de techniciens hautement qualifi\u00e9s et exp\u00e9riment\u00e9s.<\/li>\n<li><strong>Service personnalis\u00e9 :<\/strong> Nous adaptons nos services \u00e0 vos besoins sp\u00e9cifiques, garantissant ainsi une satisfaction totale.<\/li>\n<li><strong>Qualit\u00e9 et s\u00e9curit\u00e9 :<\/strong> Nous n'utilisons que des mat\u00e9riaux de haute qualit\u00e9 et respectons des normes de s\u00e9curit\u00e9 strictes.<\/li>\n<li><strong>Soutien continu :<\/strong> Nous offrons une assistance post-installation pour nous assurer que tout fonctionne parfaitement.<\/li>\n<\/ul>\n<h2>Contactez nous<\/h2>\n<p>Si vous envisagez d'installer un broyeur de d\u00e9chets alimentaires dans votre cuisine, prenez contact avec <strong>Canalizador de Lisboa<\/strong> aujourd'hui. Nous sommes pr\u00eats \u00e0 vous aider \u00e0 rendre votre cuisine plus pratique et plus durable.<\/p>","protected":false},"excerpt":{"rendered":"<p>A Canalizador de Lisboa oferece servi\u00e7os especializados em instala\u00e7\u00e3o de trituradores de res\u00edduos alimentares, garantindo um ambiente de cozinha mais limpo e eficiente. Nossos profissionais qualificados est\u00e3o prontos para instalar seu triturador de res\u00edduos alimentares de forma r\u00e1pida e segura. Vantagens da Instala\u00e7\u00e3o de Trituradores de Res\u00edduos Alimentares Os trituradores de res\u00edduos alimentares s\u00e3o uma [&hellip;]<\/p>\n","protected":false},"author":1,"featured_media":0,"parent":0,"menu_order":0,"comment_status":"closed","ping_status":"closed","template":"","meta":{"iawp_total_views":16,"footnotes":""},"class_list":["post-3187","page","type-page","status-publish","hentry"],"yoast_head":"<!-- This site is optimized with the Yoast SEO plugin v27.4 - https:\/\/yoast.com\/product\/yoast-seo-wordpress\/ -->\n<title>Instala\u00e7\u00e3o de Trituradores de Res\u00edduos Alimentares<\/title>\n<meta name=\"description\" content=\"Servi\u00e7o profissional de instala\u00e7\u00e3o de trituradores de res\u00edduos alimentares em Lisboa. Garanta um ambiente de cozinha mais limpo e eficiente com a Canalizador de Lisboa.\" \/>\n<meta name=\"robots\" content=\"index, follow, max-snippet:-1, max-image-preview:large, max-video-preview:-1\" \/>\n<link rel=\"canonical\" href=\"https:\/\/canalizadordelisboa.pt\/fr\/installation-de-broyeurs-de-dechets-alimentaires\/\" \/>\n<meta property=\"og:locale\" content=\"fr_FR\" \/>\n<meta property=\"og:type\" content=\"article\" \/>\n<meta property=\"og:title\" content=\"Instala\u00e7\u00e3o de Trituradores de Res\u00edduos Alimentares\" \/>\n<meta property=\"og:description\" content=\"Servi\u00e7o profissional de instala\u00e7\u00e3o de trituradores de res\u00edduos alimentares em Lisboa. Garanta um ambiente de cozinha mais limpo e eficiente com a Canalizador de Lisboa.\" \/>\n<meta property=\"og:url\" content=\"https:\/\/canalizadordelisboa.pt\/fr\/installation-de-broyeurs-de-dechets-alimentaires\/\" \/>\n<meta property=\"og:site_name\" content=\"Canalizador de Lisboa\" \/>\n<meta name=\"twitter:card\" content=\"summary_large_image\" \/>\n<script type=\"application\/ld+json\" class=\"yoast-schema-graph\">{\"@context\":\"https:\\\/\\\/schema.org\",\"@graph\":[{\"@type\":\"WebPage\",\"@id\":\"https:\\\/\\\/canalizadordelisboa.pt\\\/instalacao-de-trituradores-de-residuos-alimentares\\\/\",\"url\":\"https:\\\/\\\/canalizadordelisboa.pt\\\/instalacao-de-trituradores-de-residuos-alimentares\\\/\",\"name\":\"Instala\u00e7\u00e3o de Trituradores de Res\u00edduos Alimentares\",\"isPartOf\":{\"@id\":\"https:\\\/\\\/canalizadordelisboa.pt\\\/#website\"},\"datePublished\":\"2024-06-29T16:55:31+00:00\",\"description\":\"Servi\u00e7o profissional de instala\u00e7\u00e3o de trituradores de res\u00edduos alimentares em Lisboa. Garanta um ambiente de cozinha mais limpo e eficiente com a Canalizador de Lisboa.\",\"breadcrumb\":{\"@id\":\"https:\\\/\\\/canalizadordelisboa.pt\\\/instalacao-de-trituradores-de-residuos-alimentares\\\/#breadcrumb\"},\"inLanguage\":\"fr-FR\",\"potentialAction\":[{\"@type\":\"ReadAction\",\"target\":[\"https:\\\/\\\/canalizadordelisboa.pt\\\/instalacao-de-trituradores-de-residuos-alimentares\\\/\"]}]},{\"@type\":\"BreadcrumbList\",\"@id\":\"https:\\\/\\\/canalizadordelisboa.pt\\\/instalacao-de-trituradores-de-residuos-alimentares\\\/#breadcrumb\",\"itemListElement\":[{\"@type\":\"ListItem\",\"position\":1,\"name\":\"Accueil\",\"item\":\"https:\\\/\\\/canalizadordelisboa.pt\\\/\"},{\"@type\":\"ListItem\",\"position\":2,\"name\":\"Instala\u00e7\u00e3o de Trituradores de Res\u00edduos Alimentares\"}]},{\"@type\":\"WebSite\",\"@id\":\"https:\\\/\\\/canalizadordelisboa.pt\\\/#website\",\"url\":\"https:\\\/\\\/canalizadordelisboa.pt\\\/\",\"name\":\"Canalizador de Lisboa\",\"description\":\"Servi\u00e7os de canaliza\u00e7\u00e3o e desentupimentos de alta qualidade em Lisboa.\",\"potentialAction\":[{\"@type\":\"SearchAction\",\"target\":{\"@type\":\"EntryPoint\",\"urlTemplate\":\"https:\\\/\\\/canalizadordelisboa.pt\\\/?s={search_term_string}\"},\"query-input\":{\"@type\":\"PropertyValueSpecification\",\"valueRequired\":true,\"valueName\":\"search_term_string\"}}],\"inLanguage\":\"fr-FR\"}]}<\/script>\n<!-- \/ Yoast SEO plugin. -->","yoast_head_json":{"title":"Installation de broyeurs de d\u00e9chets alimentaires","description":"Service professionnel d'installation de broyeur de d\u00e9chets alimentaires \u00e0 Lisbonne. Assurez un environnement de cuisine plus propre et plus efficace avec Canalizador de Lisboa.","robots":{"index":"index","follow":"follow","max-snippet":"max-snippet:-1","max-image-preview":"max-image-preview:large","max-video-preview":"max-video-preview:-1"},"canonical":"https:\/\/canalizadordelisboa.pt\/fr\/installation-de-broyeurs-de-dechets-alimentaires\/","og_locale":"fr_FR","og_type":"article","og_title":"Instala\u00e7\u00e3o de Trituradores de Res\u00edduos Alimentares","og_description":"Servi\u00e7o profissional de instala\u00e7\u00e3o de trituradores de res\u00edduos alimentares em Lisboa. Garanta um ambiente de cozinha mais limpo e eficiente com a Canalizador de Lisboa.","og_url":"https:\/\/canalizadordelisboa.pt\/fr\/installation-de-broyeurs-de-dechets-alimentaires\/","og_site_name":"Canalizador de Lisboa","twitter_card":"summary_large_image","schema":{"@context":"https:\/\/schema.org","@graph":[{"@type":"WebPage","@id":"https:\/\/canalizadordelisboa.pt\/instalacao-de-trituradores-de-residuos-alimentares\/","url":"https:\/\/canalizadordelisboa.pt\/instalacao-de-trituradores-de-residuos-alimentares\/","name":"Installation de broyeurs de d\u00e9chets alimentaires","isPartOf":{"@id":"https:\/\/canalizadordelisboa.pt\/#website"},"datePublished":"2024-06-29T16:55:31+00:00","description":"Service professionnel d'installation de broyeur de d\u00e9chets alimentaires \u00e0 Lisbonne. Assurez un environnement de cuisine plus propre et plus efficace avec Canalizador de Lisboa.","breadcrumb":{"@id":"https:\/\/canalizadordelisboa.pt\/instalacao-de-trituradores-de-residuos-alimentares\/#breadcrumb"},"inLanguage":"fr-FR","potentialAction":[{"@type":"ReadAction","target":["https:\/\/canalizadordelisboa.pt\/instalacao-de-trituradores-de-residuos-alimentares\/"]}]},{"@type":"BreadcrumbList","@id":"https:\/\/canalizadordelisboa.pt\/instalacao-de-trituradores-de-residuos-alimentares\/#breadcrumb","itemListElement":[{"@type":"ListItem","position":1,"name":"Accueil","item":"https:\/\/canalizadordelisboa.pt\/"},{"@type":"ListItem","position":2,"name":"Instala\u00e7\u00e3o de Trituradores de Res\u00edduos Alimentares"}]},{"@type":"WebSite","@id":"https:\/\/canalizadordelisboa.pt\/#website","url":"https:\/\/canalizadordelisboa.pt\/","name":"Canalizador de Lisboa","description":"Services de plomberie et de drainage de haute qualit\u00e9 \u00e0 Lisbonne.","potentialAction":[{"@type":"SearchAction","target":{"@type":"EntryPoint","urlTemplate":"https:\/\/canalizadordelisboa.pt\/?s={search_term_string}"},"query-input":{"@type":"PropertyValueSpecification","valueRequired":true,"valueName":"search_term_string"}}],"inLanguage":"fr-FR"}]}},"_links":{"self":[{"href":"https:\/\/canalizadordelisboa.pt\/fr\/wp-json\/wp\/v2\/pages\/3187","targetHints":{"allow":["GET"]}}],"collection":[{"href":"https:\/\/canalizadordelisboa.pt\/fr\/wp-json\/wp\/v2\/pages"}],"about":[{"href":"https:\/\/canalizadordelisboa.pt\/fr\/wp-json\/wp\/v2\/types\/page"}],"author":[{"embeddable":true,"href":"https:\/\/canalizadordelisboa.pt\/fr\/wp-json\/wp\/v2\/users\/1"}],"replies":[{"embeddable":true,"href":"https:\/\/canalizadordelisboa.pt\/fr\/wp-json\/wp\/v2\/comments?post=3187"}],"version-history":[{"count":1,"href":"https:\/\/canalizadordelisboa.pt\/fr\/wp-json\/wp\/v2\/pages\/3187\/revisions"}],"predecessor-version":[{"id":3188,"href":"https:\/\/canalizadordelisboa.pt\/fr\/wp-json\/wp\/v2\/pages\/3187\/revisions\/3188"}],"wp:attachment":[{"href":"https:\/\/canalizadordelisboa.pt\/fr\/wp-json\/wp\/v2\/media?parent=3187"}],"curies":[{"name":"wp","href":"https:\/\/api.w.org\/{rel}","templated":true}]}}