{"id":3104,"date":"2024-06-21T14:10:48","date_gmt":"2024-06-21T14:10:48","guid":{"rendered":"https:\/\/canalizadordelisboa.pt\/?page_id=3104"},"modified":"2024-06-21T14:10:48","modified_gmt":"2024-06-21T14:10:48","slug":"informations-juridiques","status":"publish","type":"page","link":"https:\/\/canalizadordelisboa.pt\/fr\/informacoes-legais\/","title":{"rendered":"Informations juridiques"},"content":{"rendered":"<h2>Informations sur l'entreprise<\/h2>\n<p><strong>Nom de l'entreprise :<\/strong> Thibaut Pakiry Unipessoal Lda<\/p>\n<p><strong>T\u00e9l\u00e9phone :<\/strong> +351 927 378 514<\/p>\n<p><strong>Courriel :<\/strong> info@canalizadordelisboa.pt<\/p>\n<h2>H\u00e9bergement de sites web<\/h2>\n<p><strong>Nom :<\/strong> Rocket.net<\/p>\n<h2>Responsable de la publication<\/h2>\n<p><strong>Nom :<\/strong> Thibaut Pakiry<\/p>\n<p><strong>R\u00f4le :<\/strong> Directeur de la publication<\/p>\n<h2>Conditions d'utilisation<\/h2>\n<p>L'utilisation de ce site est soumise aux conditions d'utilisation d\u00e9crites ci-dessous. En acc\u00e9dant \u00e0 ce site, l'utilisateur reconna\u00eet avoir lu et accept\u00e9 ces conditions. Celles-ci peuvent \u00eatre modifi\u00e9es \u00e0 tout moment et sans pr\u00e9avis par Thibaut Pakiry Unipessoal Lda.<\/p>\n<h2>Propri\u00e9t\u00e9 intellectuelle<\/h2>\n<p>Le site et son contenu (textes, images, graphismes, logos, ic\u00f4nes, etc.) sont prot\u00e9g\u00e9s par le droit d'auteur. Toute reproduction, repr\u00e9sentation, modification, publication, adaptation de tout ou partie des \u00e9l\u00e9ments du site, quel que soit le moyen ou le proc\u00e9d\u00e9 utilis\u00e9, est interdite, sauf autorisation \u00e9crite pr\u00e9alable de Thibaut Pakiry Unipessoal Lda.<\/p>\n<h2>Protection des donn\u00e9es personnelles<\/h2>\n<p>Les informations recueillies sur ce site sont destin\u00e9es \u00e0 Thibaut Pakiry Unipessoal Lda. Elles font l'objet d'un traitement informatique destin\u00e9 \u00e0 g\u00e9rer plus efficacement les relations avec les clients et prospects. Conform\u00e9ment \u00e0 la l\u00e9gislation en vigueur, l'utilisateur dispose d'un droit d'acc\u00e8s, de rectification et de suppression des donn\u00e9es personnelles le concernant. Pour exercer ce droit, l'utilisateur peut envoyer un courriel \u00e0 info@canalizadordelisboa.pt.<\/p>\n<h2>Cookies<\/h2>\n<p>Le site peut collecter automatiquement des informations standard, telles que toutes les donn\u00e9es personnalis\u00e9es permettant d'identifier les utilisateurs. Toutes les informations collect\u00e9es indirectement ne seront utilis\u00e9es que pour suivre le volume, le type et la configuration du trafic utilisant ce site, pour en d\u00e9velopper la conception et l'agencement et \u00e0 d'autres fins administratives et de planification, et plus g\u00e9n\u00e9ralement pour am\u00e9liorer le service que nous vous offrons.<\/p>\n<h2>Contact<\/h2>\n<p>Pour toute question ou demande d'information sur le site, ou pour toute notification de contenu ou d'activit\u00e9s illicites, l'utilisateur peut contacter l'\u00e9diteur \u00e0 l'adresse \u00e9lectronique suivante : info@canalizadordelisboa.pt ou par t\u00e9l\u00e9phone au +351 927 378 514.<\/p>","protected":false},"excerpt":{"rendered":"<p>Informa\u00e7\u00f5es sobre a Empresa Nome da Empresa: Thibaut Pakiry Unipessoal Lda Telefone: +351 927 378 514 Email: info@canalizadordelisboa.pt Hospedagem do Site Nome: Rocket.net Respons\u00e1vel pela Publica\u00e7\u00e3o Nome: Thibaut Pakiry Fun\u00e7\u00e3o: Diretor de Publica\u00e7\u00e3o Condi\u00e7\u00f5es de Utiliza\u00e7\u00e3o O uso deste site est\u00e1 sujeito aos termos e condi\u00e7\u00f5es de uso descritos abaixo. Ao acessar este site, o [&hellip;]<\/p>\n","protected":false},"author":1,"featured_media":0,"parent":0,"menu_order":0,"comment_status":"closed","ping_status":"closed","template":"","meta":{"iawp_total_views":6,"footnotes":""},"class_list":["post-3104","page","type-page","status-publish","hentry"],"yoast_head":"<!-- This site is optimized with the Yoast SEO plugin v27.3 - https:\/\/yoast.com\/product\/yoast-seo-wordpress\/ -->\n<title>Informa\u00e7\u00f5es Legais<\/title>\n<meta name=\"robots\" content=\"noindex, nofollow\" \/>\n<meta property=\"og:locale\" content=\"fr_FR\" \/>\n<meta property=\"og:type\" content=\"article\" \/>\n<meta property=\"og:title\" content=\"Informa\u00e7\u00f5es Legais\" \/>\n<meta property=\"og:description\" content=\"Informa\u00e7\u00f5es sobre a Empresa Nome da Empresa: Thibaut Pakiry Unipessoal Lda Telefone: +351 927 378 514 Email: info@canalizadordelisboa.pt Hospedagem do Site Nome: Rocket.net Respons\u00e1vel pela Publica\u00e7\u00e3o Nome: Thibaut Pakiry Fun\u00e7\u00e3o: Diretor de Publica\u00e7\u00e3o Condi\u00e7\u00f5es de Utiliza\u00e7\u00e3o O uso deste site est\u00e1 sujeito aos termos e condi\u00e7\u00f5es de uso descritos abaixo. Ao acessar este site, o [&hellip;]\" \/>\n<meta property=\"og:url\" content=\"https:\/\/canalizadordelisboa.pt\/fr\/informations-juridiques\/\" \/>\n<meta property=\"og:site_name\" content=\"Canalizador de Lisboa\" \/>\n<meta name=\"twitter:card\" content=\"summary_large_image\" \/>\n<script type=\"application\/ld+json\" class=\"yoast-schema-graph\">{\"@context\":\"https:\\\/\\\/schema.org\",\"@graph\":[{\"@type\":\"WebPage\",\"@id\":\"https:\\\/\\\/canalizadordelisboa.pt\\\/informacoes-legais\\\/\",\"url\":\"https:\\\/\\\/canalizadordelisboa.pt\\\/informacoes-legais\\\/\",\"name\":\"Informa\u00e7\u00f5es Legais\",\"isPartOf\":{\"@id\":\"https:\\\/\\\/canalizadordelisboa.pt\\\/#website\"},\"datePublished\":\"2024-06-21T14:10:48+00:00\",\"breadcrumb\":{\"@id\":\"https:\\\/\\\/canalizadordelisboa.pt\\\/informacoes-legais\\\/#breadcrumb\"},\"inLanguage\":\"fr-FR\",\"potentialAction\":[{\"@type\":\"ReadAction\",\"target\":[\"https:\\\/\\\/canalizadordelisboa.pt\\\/informacoes-legais\\\/\"]}]},{\"@type\":\"BreadcrumbList\",\"@id\":\"https:\\\/\\\/canalizadordelisboa.pt\\\/informacoes-legais\\\/#breadcrumb\",\"itemListElement\":[{\"@type\":\"ListItem\",\"position\":1,\"name\":\"Accueil\",\"item\":\"https:\\\/\\\/canalizadordelisboa.pt\\\/\"},{\"@type\":\"ListItem\",\"position\":2,\"name\":\"Informa\u00e7\u00f5es Legais\"}]},{\"@type\":\"WebSite\",\"@id\":\"https:\\\/\\\/canalizadordelisboa.pt\\\/#website\",\"url\":\"https:\\\/\\\/canalizadordelisboa.pt\\\/\",\"name\":\"Canalizador de Lisboa\",\"description\":\"Servi\u00e7os de canaliza\u00e7\u00e3o e desentupimentos de alta qualidade em Lisboa.\",\"potentialAction\":[{\"@type\":\"SearchAction\",\"target\":{\"@type\":\"EntryPoint\",\"urlTemplate\":\"https:\\\/\\\/canalizadordelisboa.pt\\\/?s={search_term_string}\"},\"query-input\":{\"@type\":\"PropertyValueSpecification\",\"valueRequired\":true,\"valueName\":\"search_term_string\"}}],\"inLanguage\":\"fr-FR\"}]}<\/script>\n<!-- \/ Yoast SEO plugin. -->","yoast_head_json":{"title":"Informations juridiques","robots":{"index":"noindex","follow":"nofollow"},"og_locale":"fr_FR","og_type":"article","og_title":"Informa\u00e7\u00f5es Legais","og_description":"Informa\u00e7\u00f5es sobre a Empresa Nome da Empresa: Thibaut Pakiry Unipessoal Lda Telefone: +351 927 378 514 Email: info@canalizadordelisboa.pt Hospedagem do Site Nome: Rocket.net Respons\u00e1vel pela Publica\u00e7\u00e3o Nome: Thibaut Pakiry Fun\u00e7\u00e3o: Diretor de Publica\u00e7\u00e3o Condi\u00e7\u00f5es de Utiliza\u00e7\u00e3o O uso deste site est\u00e1 sujeito aos termos e condi\u00e7\u00f5es de uso descritos abaixo. Ao acessar este site, o [&hellip;]","og_url":"https:\/\/canalizadordelisboa.pt\/fr\/informations-juridiques\/","og_site_name":"Canalizador de Lisboa","twitter_card":"summary_large_image","schema":{"@context":"https:\/\/schema.org","@graph":[{"@type":"WebPage","@id":"https:\/\/canalizadordelisboa.pt\/informacoes-legais\/","url":"https:\/\/canalizadordelisboa.pt\/informacoes-legais\/","name":"Informations juridiques","isPartOf":{"@id":"https:\/\/canalizadordelisboa.pt\/#website"},"datePublished":"2024-06-21T14:10:48+00:00","breadcrumb":{"@id":"https:\/\/canalizadordelisboa.pt\/informacoes-legais\/#breadcrumb"},"inLanguage":"fr-FR","potentialAction":[{"@type":"ReadAction","target":["https:\/\/canalizadordelisboa.pt\/informacoes-legais\/"]}]},{"@type":"BreadcrumbList","@id":"https:\/\/canalizadordelisboa.pt\/informacoes-legais\/#breadcrumb","itemListElement":[{"@type":"ListItem","position":1,"name":"Accueil","item":"https:\/\/canalizadordelisboa.pt\/"},{"@type":"ListItem","position":2,"name":"Informa\u00e7\u00f5es Legais"}]},{"@type":"WebSite","@id":"https:\/\/canalizadordelisboa.pt\/#website","url":"https:\/\/canalizadordelisboa.pt\/","name":"Canalizador de Lisboa","description":"Services de plomberie et de drainage de haute qualit\u00e9 \u00e0 Lisbonne.","potentialAction":[{"@type":"SearchAction","target":{"@type":"EntryPoint","urlTemplate":"https:\/\/canalizadordelisboa.pt\/?s={search_term_string}"},"query-input":{"@type":"PropertyValueSpecification","valueRequired":true,"valueName":"search_term_string"}}],"inLanguage":"fr-FR"}]}},"_links":{"self":[{"href":"https:\/\/canalizadordelisboa.pt\/fr\/wp-json\/wp\/v2\/pages\/3104","targetHints":{"allow":["GET"]}}],"collection":[{"href":"https:\/\/canalizadordelisboa.pt\/fr\/wp-json\/wp\/v2\/pages"}],"about":[{"href":"https:\/\/canalizadordelisboa.pt\/fr\/wp-json\/wp\/v2\/types\/page"}],"author":[{"embeddable":true,"href":"https:\/\/canalizadordelisboa.pt\/fr\/wp-json\/wp\/v2\/users\/1"}],"replies":[{"embeddable":true,"href":"https:\/\/canalizadordelisboa.pt\/fr\/wp-json\/wp\/v2\/comments?post=3104"}],"version-history":[{"count":1,"href":"https:\/\/canalizadordelisboa.pt\/fr\/wp-json\/wp\/v2\/pages\/3104\/revisions"}],"predecessor-version":[{"id":3105,"href":"https:\/\/canalizadordelisboa.pt\/fr\/wp-json\/wp\/v2\/pages\/3104\/revisions\/3105"}],"wp:attachment":[{"href":"https:\/\/canalizadordelisboa.pt\/fr\/wp-json\/wp\/v2\/media?parent=3104"}],"curies":[{"name":"wp","href":"https:\/\/api.w.org\/{rel}","templated":true}]}}