{"id":3068,"date":"2026-02-15T14:57:23","date_gmt":"2026-02-15T14:57:23","guid":{"rendered":"https:\/\/canalizadordelisboa.pt\/?page_id=3068"},"modified":"2026-02-16T17:03:15","modified_gmt":"2026-02-16T17:03:15","slug":"renovation-de-la-salle-de-bains-a-lisbonne","status":"publish","type":"page","link":"https:\/\/canalizadordelisboa.pt\/fr\/remodelacao-de-casas-de-banho-lisboa\/","title":{"rendered":"Remodelage de la salle de bains \u00e0 Lisbonne - Services professionnels"},"content":{"rendered":"<p>Si vous cherchez <strong>r\u00e9novation de salles de bains \u00e0 Lisbonne<\/strong>votre recherche s'arr\u00eate ici. Canalizador de Lisboa offre des services complets de r\u00e9novation de salle de bain de haute qualit\u00e9, garantissant l'efficacit\u00e9, la rapidit\u00e9 et des prix justes. Notre \u00e9quipe de professionnels exp\u00e9riment\u00e9s est toujours pr\u00eate \u00e0 transformer votre salle de bain en un espace moderne et fonctionnel.<br \/>\n<div id='gallery-1' class='gallery galleryid-3068 gallery-columns-3 gallery-size-large'><figure class='gallery-item'>\n\t\t\t<div class='gallery-icon portrait'>\n\t\t\t\t<img fetchpriority=\"high\" decoding=\"async\" width=\"769\" height=\"1024\" src=\"https:\/\/canalizadordelisboa.pt\/wp-content\/uploads\/2026\/02\/obra-vidro-duche-769x1024.jpeg\" class=\"attachment-large size-large\" alt=\"\" srcset=\"https:\/\/canalizadordelisboa.pt\/wp-content\/uploads\/2026\/02\/obra-vidro-duche-769x1024.jpeg 769w, https:\/\/canalizadordelisboa.pt\/wp-content\/uploads\/2026\/02\/obra-vidro-duche-225x300.jpeg 225w, https:\/\/canalizadordelisboa.pt\/wp-content\/uploads\/2026\/02\/obra-vidro-duche-768x1023.jpeg 768w, https:\/\/canalizadordelisboa.pt\/wp-content\/uploads\/2026\/02\/obra-vidro-duche-1153x1536.jpeg 1153w, https:\/\/canalizadordelisboa.pt\/wp-content\/uploads\/2026\/02\/obra-vidro-duche-9x12.jpeg 9w, https:\/\/canalizadordelisboa.pt\/wp-content\/uploads\/2026\/02\/obra-vidro-duche.jpeg 1201w\" sizes=\"(max-width: 769px) 100vw, 769px\" \/>\n\t\t\t<\/div><\/figure><figure class='gallery-item'>\n\t\t\t<div class='gallery-icon portrait'>\n\t\t\t\t<img decoding=\"async\" width=\"769\" height=\"1024\" src=\"https:\/\/canalizadordelisboa.pt\/wp-content\/uploads\/2026\/02\/obra-base-duche-769x1024.jpeg\" class=\"attachment-large size-large\" alt=\"\" srcset=\"https:\/\/canalizadordelisboa.pt\/wp-content\/uploads\/2026\/02\/obra-base-duche-769x1024.jpeg 769w, https:\/\/canalizadordelisboa.pt\/wp-content\/uploads\/2026\/02\/obra-base-duche-225x300.jpeg 225w, https:\/\/canalizadordelisboa.pt\/wp-content\/uploads\/2026\/02\/obra-base-duche-768x1023.jpeg 768w, https:\/\/canalizadordelisboa.pt\/wp-content\/uploads\/2026\/02\/obra-base-duche-1153x1536.jpeg 1153w, https:\/\/canalizadordelisboa.pt\/wp-content\/uploads\/2026\/02\/obra-base-duche-9x12.jpeg 9w, https:\/\/canalizadordelisboa.pt\/wp-content\/uploads\/2026\/02\/obra-base-duche.jpeg 1201w\" sizes=\"(max-width: 769px) 100vw, 769px\" \/>\n\t\t\t<\/div><\/figure>\n\t\t<\/div>\n<\/p>\n<h2>Pourquoi choisir Canalizador de Lisboa ?<\/h2>\n<p>Chez Canalizador de Lisboa, nous comprenons l'importance d'une r\u00e9novation de salle de bains bien ex\u00e9cut\u00e9e. Voici quelques raisons pour lesquelles nos clients nous choisissent :<\/p>\n<ul>\n<li><strong>Expertise :<\/strong> Des ann\u00e9es d'exp\u00e9rience dans le secteur, pour r\u00e9pondre \u00e0 une grande vari\u00e9t\u00e9 de besoins en mati\u00e8re de r\u00e9novation de salles de bains.<\/li>\n<li><strong>Des professionnels qualifi\u00e9s :<\/strong> Notre \u00e9quipe est compos\u00e9e de techniciens hautement qualifi\u00e9s et certifi\u00e9s, pr\u00eats \u00e0 faire face \u00e0 toute situation.<\/li>\n<li><strong>\u00c9quipement moderne :<\/strong> Nous utilisons des outils et des \u00e9quipements de pointe pour garantir la rapidit\u00e9 et l'efficacit\u00e9 des travaux de r\u00e9novation.<\/li>\n<li><strong>Devis gratuit :<\/strong> Nous fournissons des devis gratuits et transparents pour tous nos services.<\/li>\n<li><strong>Assurance qualit\u00e9 :<\/strong> Tous nos travaux sont garantis, ce qui vous permet d'avoir l'esprit tranquille et d'\u00eatre en confiance.<\/li>\n<\/ul>\n<h2>Nos services de r\u00e9novation de salles de bains \u00e0 Lisbonne<\/h2>\n<p>Nous offrons une large gamme de services de r\u00e9novation de salles de bains \u00e0 Lisbonne, y compris :<\/p>\n<ul>\n<li><strong>Planification et conception :<\/strong> D\u00e9veloppement de projets personnalis\u00e9s pour r\u00e9pondre \u00e0 vos besoins et pr\u00e9f\u00e9rences.<\/li>\n<li><strong>Remplacement des appareils sanitaires :<\/strong> D\u00e9montage des anciens \u00e9quipements et installation de nouveaux appareils sanitaires tels que des toilettes, des bidets, des lavabos et des \u00e9viers.<\/li>\n<li><strong>Pose de rev\u00eatement de sol :<\/strong> Application de carreaux et autres rev\u00eatements pour renouveler l'aspect de votre salle de bains.<\/li>\n<li><strong>R\u00e9paration et remplacement de la tuyauterie :<\/strong> R\u00e9parer les fuites et remplacer les vieux tuyaux pour assurer le bon fonctionnement du syst\u00e8me de plomberie.<\/li>\n<li><strong>Installation de syst\u00e8mes de chauffage :<\/strong> Installation et entretien de syst\u00e8mes de chauffage de l'eau, tels que les chaudi\u00e8res et les r\u00e9chauffeurs.<\/li>\n<li><strong>\u00c9clairage et ventilation :<\/strong> Installation de syst\u00e8mes d'\u00e9clairage et de ventilation pour am\u00e9liorer le confort et la fonctionnalit\u00e9 de l'espace.<\/li>\n<li><strong>Installation du mobilier et des \u00e9quipements :<\/strong> Assemblage d'armoires, de miroirs, d'\u00e9tag\u00e8res et d'autres accessoires pour optimiser l'espace et l'organisation.<\/li>\n<\/ul>\n<h2>Comment fonctionne notre service de r\u00e9novation de salles de bains<\/h2>\n<p>Notre processus de remodelage est simple et efficace :<\/p>\n<ul>\n<li><strong>Demande initiale :<\/strong> Nous recevons votre appel et organisons une visite sur place pour \u00e9valuer la situation et discuter de vos besoins et pr\u00e9f\u00e9rences.<\/li>\n<li><strong>Planification :<\/strong> Nous \u00e9laborons un projet personnalis\u00e9 en fonction de vos besoins et de vos pr\u00e9f\u00e9rences.<\/li>\n<li><strong>Budget :<\/strong> Nous fournissons un devis gratuit et transparent pour le service requis.<\/li>\n<li><strong>Remodelage :<\/strong> Nous r\u00e9alisons les travaux de r\u00e9novation en utilisant des mat\u00e9riaux de haute qualit\u00e9 et des techniques de pointe, afin que votre salle de bains ait l'aspect que vous souhaitez.<\/li>\n<li><strong>Test final :<\/strong> Nous v\u00e9rifions le fonctionnement de tous les syst\u00e8mes pour nous assurer que tout est parfait avant de quitter le site.<\/li>\n<\/ul>\n<h2>Signes indiquant que vous avez besoin d'une salle de bains r\u00e9nov\u00e9e<\/h2>\n<p>Voici quelques signes qui indiquent que vous avez peut-\u00eatre besoin de r\u00e9nover votre salle de bains :<\/p>\n<ul>\n<li>Appareils sanitaires anciens ou endommag\u00e9s.<\/li>\n<li>Fuites fr\u00e9quentes dans les tuyaux ou les robinets.<\/li>\n<li>Tuiles ou rev\u00eatements us\u00e9s ou cass\u00e9s.<\/li>\n<li>Le d\u00e9sir de moderniser et d'actualiser le design de votre salle de bains.<\/li>\n<\/ul>\n<h2>Avantages de l'embauche de plombiers pour la r\u00e9novation de la salle de bains \u00e0 Lisbonne<\/h2>\n<p>Investir dans des services professionnels de r\u00e9novation de la salle de bains pr\u00e9sente plusieurs avantages, tels que<\/p>\n<ul>\n<li><strong>Confort :<\/strong> Une salle de bains moderne et bien con\u00e7ue offre plus de confort et de fonctionnalit\u00e9.<\/li>\n<li><strong>Efficacit\u00e9 :<\/strong> Le remplacement des anciens syst\u00e8mes par de nouveaux syst\u00e8mes efficaces permet de r\u00e9duire la consommation d'eau et d'\u00e9nergie.<\/li>\n<li><strong>Esth\u00e9tique :<\/strong> Il am\u00e9liore l'aspect de votre espace, le rendant plus agr\u00e9able et ajoutant de la valeur \u00e0 votre propri\u00e9t\u00e9.<\/li>\n<li><strong>Tranquillit\u00e9 :<\/strong> Sachez que les travaux de r\u00e9novation ont \u00e9t\u00e9 r\u00e9alis\u00e9s par des professionnels qualifi\u00e9s, ce qui garantit la durabilit\u00e9 et la s\u00e9curit\u00e9.<\/li>\n<\/ul>\n<h2>Contactez-nous d\u00e8s aujourd'hui<\/h2>\n<p>Si vous envisagez de r\u00e9nover votre salle de bain \u00e0 Lisbonne, ne perdez pas de temps. Contactez Canalizador de Lisboa et prenez rendez-vous. Nous sommes pr\u00eats \u00e0 vous servir rapidement et efficacement, en veillant \u00e0 ce que votre salle de bains soit toujours en parfait \u00e9tat.<\/p>","protected":false},"excerpt":{"rendered":"<p>Se voc\u00ea est\u00e1 \u00e0 procura de servi\u00e7os de remodela\u00e7\u00e3o de casas de banho em Lisboa, a sua busca termina aqui. A Canalizador de Lisboa oferece servi\u00e7os de remodela\u00e7\u00e3o completa de casas de banho de alta qualidade, garantindo efici\u00eancia, rapidez e pre\u00e7os justos. Nossa equipe de profissionais experientes est\u00e1 sempre pronta para transformar sua casa de [&hellip;]<\/p>\n","protected":false},"author":1,"featured_media":0,"parent":0,"menu_order":0,"comment_status":"closed","ping_status":"closed","template":"","meta":{"iawp_total_views":27,"footnotes":""},"class_list":["post-3068","page","type-page","status-publish","hentry"],"yoast_head":"<!-- This site is optimized with the Yoast SEO plugin v27.4 - https:\/\/yoast.com\/product\/yoast-seo-wordpress\/ -->\n<title>Remodela\u00e7\u00e3o de Casas de Banho Lisboa - Servi\u00e7os Profissionais<\/title>\n<meta name=\"description\" content=\"Procura servi\u00e7os de remodela\u00e7\u00e3o de casas de banho em Lisboa? Canalizador de Lisboa oferece remodela\u00e7\u00e3o completa de casas de banho com qualidade e efici\u00eancia.\" \/>\n<meta name=\"robots\" content=\"index, follow, max-snippet:-1, max-image-preview:large, max-video-preview:-1\" \/>\n<link rel=\"canonical\" href=\"https:\/\/canalizadordelisboa.pt\/fr\/renovation-de-la-salle-de-bains-a-lisbonne\/\" \/>\n<meta property=\"og:locale\" content=\"fr_FR\" \/>\n<meta property=\"og:type\" content=\"article\" \/>\n<meta property=\"og:title\" content=\"Remodela\u00e7\u00e3o de Casas de Banho Lisboa - Servi\u00e7os Profissionais\" \/>\n<meta property=\"og:description\" content=\"Procura servi\u00e7os de remodela\u00e7\u00e3o de casas de banho em Lisboa? Canalizador de Lisboa oferece remodela\u00e7\u00e3o completa de casas de banho com qualidade e efici\u00eancia.\" \/>\n<meta property=\"og:url\" content=\"https:\/\/canalizadordelisboa.pt\/fr\/renovation-de-la-salle-de-bains-a-lisbonne\/\" \/>\n<meta property=\"og:site_name\" content=\"Canalizador de Lisboa\" \/>\n<meta property=\"article:modified_time\" content=\"2026-02-16T17:03:15+00:00\" \/>\n<meta property=\"og:image\" content=\"https:\/\/canalizadordelisboa.pt\/wp-content\/uploads\/2026\/02\/obra-vidro-duche-769x1024.jpeg\" \/>\n<meta name=\"twitter:card\" content=\"summary_large_image\" \/>\n<meta name=\"twitter:label1\" content=\"Dur\u00e9e de lecture estim\u00e9e\" \/>\n\t<meta name=\"twitter:data1\" content=\"4 minutes\" \/>\n<script type=\"application\/ld+json\" class=\"yoast-schema-graph\">{\"@context\":\"https:\\\/\\\/schema.org\",\"@graph\":[{\"@type\":\"WebPage\",\"@id\":\"https:\\\/\\\/canalizadordelisboa.pt\\\/remodelacao-de-casas-de-banho-lisboa\\\/\",\"url\":\"https:\\\/\\\/canalizadordelisboa.pt\\\/remodelacao-de-casas-de-banho-lisboa\\\/\",\"name\":\"Remodela\u00e7\u00e3o de Casas de Banho Lisboa - Servi\u00e7os Profissionais\",\"isPartOf\":{\"@id\":\"https:\\\/\\\/canalizadordelisboa.pt\\\/#website\"},\"datePublished\":\"2026-02-15T14:57:23+00:00\",\"dateModified\":\"2026-02-16T17:03:15+00:00\",\"description\":\"Procura servi\u00e7os de remodela\u00e7\u00e3o de casas de banho em Lisboa? Canalizador de Lisboa oferece remodela\u00e7\u00e3o completa de casas de banho com qualidade e efici\u00eancia.\",\"breadcrumb\":{\"@id\":\"https:\\\/\\\/canalizadordelisboa.pt\\\/remodelacao-de-casas-de-banho-lisboa\\\/#breadcrumb\"},\"inLanguage\":\"fr-FR\",\"potentialAction\":[{\"@type\":\"ReadAction\",\"target\":[\"https:\\\/\\\/canalizadordelisboa.pt\\\/remodelacao-de-casas-de-banho-lisboa\\\/\"]}]},{\"@type\":\"BreadcrumbList\",\"@id\":\"https:\\\/\\\/canalizadordelisboa.pt\\\/remodelacao-de-casas-de-banho-lisboa\\\/#breadcrumb\",\"itemListElement\":[{\"@type\":\"ListItem\",\"position\":1,\"name\":\"Accueil\",\"item\":\"https:\\\/\\\/canalizadordelisboa.pt\\\/\"},{\"@type\":\"ListItem\",\"position\":2,\"name\":\"Remodela\u00e7\u00e3o de Casas de Banho Lisboa &#8211; Servi\u00e7os Profissionais\"}]},{\"@type\":\"WebSite\",\"@id\":\"https:\\\/\\\/canalizadordelisboa.pt\\\/#website\",\"url\":\"https:\\\/\\\/canalizadordelisboa.pt\\\/\",\"name\":\"Canalizador de Lisboa\",\"description\":\"Servi\u00e7os de canaliza\u00e7\u00e3o e desentupimentos de alta qualidade em Lisboa.\",\"potentialAction\":[{\"@type\":\"SearchAction\",\"target\":{\"@type\":\"EntryPoint\",\"urlTemplate\":\"https:\\\/\\\/canalizadordelisboa.pt\\\/?s={search_term_string}\"},\"query-input\":{\"@type\":\"PropertyValueSpecification\",\"valueRequired\":true,\"valueName\":\"search_term_string\"}}],\"inLanguage\":\"fr-FR\"}]}<\/script>\n<!-- \/ Yoast SEO plugin. -->","yoast_head_json":{"title":"Remodelage de la salle de bains \u00e0 Lisbonne - Services professionnels","description":"Vous cherchez des services de r\u00e9novation de salle de bain \u00e0 Lisbonne ? Canalizador de Lisboa offre des services complets de r\u00e9novation de salle de bain avec qualit\u00e9 et efficacit\u00e9.","robots":{"index":"index","follow":"follow","max-snippet":"max-snippet:-1","max-image-preview":"max-image-preview:large","max-video-preview":"max-video-preview:-1"},"canonical":"https:\/\/canalizadordelisboa.pt\/fr\/renovation-de-la-salle-de-bains-a-lisbonne\/","og_locale":"fr_FR","og_type":"article","og_title":"Remodela\u00e7\u00e3o de Casas de Banho Lisboa - Servi\u00e7os Profissionais","og_description":"Procura servi\u00e7os de remodela\u00e7\u00e3o de casas de banho em Lisboa? Canalizador de Lisboa oferece remodela\u00e7\u00e3o completa de casas de banho com qualidade e efici\u00eancia.","og_url":"https:\/\/canalizadordelisboa.pt\/fr\/renovation-de-la-salle-de-bains-a-lisbonne\/","og_site_name":"Canalizador de Lisboa","article_modified_time":"2026-02-16T17:03:15+00:00","og_image":[{"url":"https:\/\/canalizadordelisboa.pt\/wp-content\/uploads\/2026\/02\/obra-vidro-duche-769x1024.jpeg","type":"","width":"","height":""}],"twitter_card":"summary_large_image","twitter_misc":{"Dur\u00e9e de lecture estim\u00e9e":"4 minutes"},"schema":{"@context":"https:\/\/schema.org","@graph":[{"@type":"WebPage","@id":"https:\/\/canalizadordelisboa.pt\/remodelacao-de-casas-de-banho-lisboa\/","url":"https:\/\/canalizadordelisboa.pt\/remodelacao-de-casas-de-banho-lisboa\/","name":"Remodelage de la salle de bains \u00e0 Lisbonne - Services professionnels","isPartOf":{"@id":"https:\/\/canalizadordelisboa.pt\/#website"},"datePublished":"2026-02-15T14:57:23+00:00","dateModified":"2026-02-16T17:03:15+00:00","description":"Vous cherchez des services de r\u00e9novation de salle de bain \u00e0 Lisbonne ? Canalizador de Lisboa offre des services complets de r\u00e9novation de salle de bain avec qualit\u00e9 et efficacit\u00e9.","breadcrumb":{"@id":"https:\/\/canalizadordelisboa.pt\/remodelacao-de-casas-de-banho-lisboa\/#breadcrumb"},"inLanguage":"fr-FR","potentialAction":[{"@type":"ReadAction","target":["https:\/\/canalizadordelisboa.pt\/remodelacao-de-casas-de-banho-lisboa\/"]}]},{"@type":"BreadcrumbList","@id":"https:\/\/canalizadordelisboa.pt\/remodelacao-de-casas-de-banho-lisboa\/#breadcrumb","itemListElement":[{"@type":"ListItem","position":1,"name":"Accueil","item":"https:\/\/canalizadordelisboa.pt\/"},{"@type":"ListItem","position":2,"name":"Remodela\u00e7\u00e3o de Casas de Banho Lisboa &#8211; Servi\u00e7os Profissionais"}]},{"@type":"WebSite","@id":"https:\/\/canalizadordelisboa.pt\/#website","url":"https:\/\/canalizadordelisboa.pt\/","name":"Canalizador de Lisboa","description":"Services de plomberie et de drainage de haute qualit\u00e9 \u00e0 Lisbonne.","potentialAction":[{"@type":"SearchAction","target":{"@type":"EntryPoint","urlTemplate":"https:\/\/canalizadordelisboa.pt\/?s={search_term_string}"},"query-input":{"@type":"PropertyValueSpecification","valueRequired":true,"valueName":"search_term_string"}}],"inLanguage":"fr-FR"}]}},"_links":{"self":[{"href":"https:\/\/canalizadordelisboa.pt\/fr\/wp-json\/wp\/v2\/pages\/3068","targetHints":{"allow":["GET"]}}],"collection":[{"href":"https:\/\/canalizadordelisboa.pt\/fr\/wp-json\/wp\/v2\/pages"}],"about":[{"href":"https:\/\/canalizadordelisboa.pt\/fr\/wp-json\/wp\/v2\/types\/page"}],"author":[{"embeddable":true,"href":"https:\/\/canalizadordelisboa.pt\/fr\/wp-json\/wp\/v2\/users\/1"}],"replies":[{"embeddable":true,"href":"https:\/\/canalizadordelisboa.pt\/fr\/wp-json\/wp\/v2\/comments?post=3068"}],"version-history":[{"count":3,"href":"https:\/\/canalizadordelisboa.pt\/fr\/wp-json\/wp\/v2\/pages\/3068\/revisions"}],"predecessor-version":[{"id":3613,"href":"https:\/\/canalizadordelisboa.pt\/fr\/wp-json\/wp\/v2\/pages\/3068\/revisions\/3613"}],"wp:attachment":[{"href":"https:\/\/canalizadordelisboa.pt\/fr\/wp-json\/wp\/v2\/media?parent=3068"}],"curies":[{"name":"wp","href":"https:\/\/api.w.org\/{rel}","templated":true}]}}