{"id":3040,"date":"2024-06-20T14:08:32","date_gmt":"2024-06-20T14:08:32","guid":{"rendered":"https:\/\/canalizadordelisboa.pt\/?page_id=3040"},"modified":"2024-06-20T14:08:41","modified_gmt":"2024-06-20T14:08:41","slug":"debouchage-de-canalisations-lisbon","status":"publish","type":"page","link":"https:\/\/canalizadordelisboa.pt\/fr\/desentupimento-de-esgoto-lisboa\/","title":{"rendered":"Nettoyage des canalisations de Lisbonne - Services rapides et efficaces"},"content":{"rendered":"<p>Si vous cherchez <strong>d\u00e9bouchage de canalisations \u00e0 Lisbonne<\/strong>votre recherche s'arr\u00eate ici. Lisbon Plumber offre des services professionnels de d\u00e9bouchage de canalisations, garantissant efficacit\u00e9, rapidit\u00e9 et prix \u00e9quitables. Notre \u00e9quipe de plombiers exp\u00e9riment\u00e9s est toujours pr\u00eate \u00e0 r\u00e9soudre n'importe quel probl\u00e8me d'obstruction, qu'il s'agisse de petits blocages ou de probl\u00e8mes plus complexes.<\/p>\n<h2>Pourquoi choisir Canalizador de Lisboa ?<\/h2>\n<p>Chez Canalizador de Lisboa, nous comprenons l'importance d'un service de d\u00e9bouchage rapide et fiable. Voici quelques raisons pour lesquelles nos clients nous choisissent :<\/p>\n<ul>\n<li><strong>Expertise :<\/strong> Des ann\u00e9es d'exp\u00e9rience dans le secteur de la plomberie, r\u00e9pondant \u00e0 une grande vari\u00e9t\u00e9 de besoins en mati\u00e8re de d\u00e9bouchage de canalisations.<\/li>\n<li><strong>Des professionnels qualifi\u00e9s :<\/strong> Notre \u00e9quipe est compos\u00e9e de plombiers hautement qualifi\u00e9s et certifi\u00e9s, pr\u00eats \u00e0 faire face \u00e0 toute situation d'engorgement.<\/li>\n<li><strong>\u00c9quipement moderne :<\/strong> Nous utilisons un \u00e9quipement de pointe afin de garantir que nos blocages sont effectu\u00e9s rapidement et efficacement.<\/li>\n<li><strong>Devis gratuit :<\/strong> Nous fournissons des devis gratuits et transparents pour tous nos services.<\/li>\n<li><strong>Assurance qualit\u00e9 :<\/strong> Tous nos travaux sont garantis, ce qui vous permet d'avoir l'esprit tranquille et d'\u00eatre en confiance.<\/li>\n<\/ul>\n<h2>Nos services d'\u00e9vacuation des eaux us\u00e9es \u00e0 Lisbonne<\/h2>\n<p>Nous offrons une large gamme de services de d\u00e9bouchage de drains \u00e0 Lisbonne, y compris :<\/p>\n<ul>\n<li><strong>Nettoyage des drains :<\/strong> Nous d\u00e9bouchons les canalisations \u00e0 l'aide d'un \u00e9quipement moderne qui garantit l'\u00e9limination efficace de tout blocage.<\/li>\n<li><strong>Evacuation de l'eau de l'\u00e9vier :<\/strong> Nous \u00e9liminons les blocages dans les \u00e9viers de cuisine et de salle de bains, en veillant \u00e0 ce que l'eau s'\u00e9coule librement.<\/li>\n<li><strong>Nettoyage des canalisations :<\/strong> Nous nettoyons et d\u00e9bouchons les canalisations afin de pr\u00e9venir les inondations et de garantir le bon fonctionnement du syst\u00e8me de drainage.<\/li>\n<li><strong>D\u00e9boucher les toilettes :<\/strong> Nous r\u00e9solvons les probl\u00e8mes d'engorgement des toilettes, en veillant \u00e0 ce qu'elles fonctionnent parfaitement.<\/li>\n<li><strong>D\u00e9bouchage de tuyaux :<\/strong> Nous utilisons une technologie de pointe pour d\u00e9boucher les canalisations d'eau et d'assainissement, afin de pr\u00e9venir les dommages et d'assurer l'efficacit\u00e9 du syst\u00e8me.<\/li>\n<li><strong>Inspection de la cam\u00e9ra :<\/strong> Nous utilisons des cam\u00e9ras \u00e0 haute r\u00e9solution pour identifier la cause et l'emplacement exact des obstructions, ce qui permet une intervention pr\u00e9cise et efficace.<\/li>\n<li><strong>Nettoyage pr\u00e9ventif :<\/strong> Nous proposons des services de nettoyage pr\u00e9ventif pour \u00e9viter de nouveaux blocages et assurer le bon fonctionnement du syst\u00e8me de plomberie.<\/li>\n<\/ul>\n<h2>Comment fonctionne notre service de d\u00e9bouchage de canalisations<\/h2>\n<p>Notre processus de d\u00e9blocage est simple et efficace :<\/p>\n<ul>\n<li><strong>Demande initiale :<\/strong> Nous avons re\u00e7u votre appel et avons organis\u00e9 une visite sur place pour \u00e9valuer la situation.<\/li>\n<li><strong>Diagnostic :<\/strong> Nous utilisons un \u00e9quipement moderne pour diagnostiquer la cause de l'obstruction et d\u00e9terminer la meilleure solution.<\/li>\n<li><strong>Budget :<\/strong> Nous fournissons un devis gratuit et transparent pour le service requis.<\/li>\n<li><strong>D\u00e9sengorgement :<\/strong> Nous effectuons le d\u00e9bouchage \u00e0 l'aide de mat\u00e9riaux de haute qualit\u00e9 et de techniques avanc\u00e9es, ce qui permet de r\u00e9soudre efficacement le probl\u00e8me.<\/li>\n<li><strong>Test final :<\/strong> Nous v\u00e9rifions le fonctionnement du syst\u00e8me pour nous assurer que tout est parfait avant de quitter le site.<\/li>\n<\/ul>\n<h2>Signes indiquant que vous avez besoin d'un service de d\u00e9bouchage de canalisations<\/h2>\n<p>Les signes les plus courants indiquant que vous avez besoin de services de d\u00e9bouchage de canalisations sont les suivants :<\/p>\n<ul>\n<li>L'eau s'\u00e9coule lentement dans les \u00e9gouts.<\/li>\n<li>Mauvaise odeur persistante due aux eaux us\u00e9es.<\/li>\n<li>L'eau s'\u00e9coule \u00e0 nouveau dans les canalisations ou les toilettes.<\/li>\n<li>Bruits de gargouillement dans la tuyauterie pendant l'utilisation.<\/li>\n<li>Besoin fr\u00e9quent de d\u00e9boucher les canalisations.<\/li>\n<\/ul>\n<h2>Avantages d'engager des plombiers pour d\u00e9boucher les drains \u00e0 Lisbonne<\/h2>\n<p>Investir dans des services professionnels de d\u00e9bouchage de canalisations pr\u00e9sente plusieurs avantages, tels que<\/p>\n<ul>\n<li><strong>Efficacit\u00e9 :<\/strong> D\u00e9bouchage rapide et efficace des canalisations, \u00e0 l'aide d'\u00e9quipements modernes et de techniques avanc\u00e9es.<\/li>\n<li><strong>Pr\u00e9vention des dommages :<\/strong> Pr\u00e9vient les dommages importants au syst\u00e8me de plomberie et \u00e0 la structure de votre maison.<\/li>\n<li><strong>Hygi\u00e8ne :<\/strong> Am\u00e9liore l'hygi\u00e8ne de l'environnement, en \u00e9liminant les mauvaises odeurs et en pr\u00e9venant les inondations.<\/li>\n<li><strong>Tranquillit\u00e9 :<\/strong> Savoir que le probl\u00e8me a \u00e9t\u00e9 r\u00e9solu par des professionnels qualifi\u00e9s et que le syst\u00e8me de plomberie fonctionne parfaitement.<\/li>\n<\/ul>\n<h2>Contactez-nous d\u00e8s aujourd'hui<\/h2>\n<p>Si vous \u00eates confront\u00e9 \u00e0 des probl\u00e8mes d'\u00e9gouts \u00e0 Lisbonne, ne perdez pas de temps. Contactez Canalizador de Lisboa et prenez rendez-vous. Nous sommes pr\u00eats \u00e0 vous servir rapidement et efficacement, en veillant \u00e0 ce que votre syst\u00e8me de plomberie soit toujours en parfait \u00e9tat.<\/p>","protected":false},"excerpt":{"rendered":"<p>Se voc\u00ea est\u00e1 \u00e0 procura de servi\u00e7os de desentupimento de esgoto em Lisboa, a sua busca termina aqui. A Canalizador de Lisboa oferece servi\u00e7os profissionais de desentupimento de esgotos, garantindo efici\u00eancia, rapidez e pre\u00e7os justos. Nossa equipe de canalizadores experientes est\u00e1 sempre pronta para resolver qualquer problema de entupimento, desde pequenas obstru\u00e7\u00f5es at\u00e9 problemas mais [&hellip;]<\/p>\n","protected":false},"author":1,"featured_media":0,"parent":0,"menu_order":0,"comment_status":"closed","ping_status":"closed","template":"","meta":{"iawp_total_views":8,"footnotes":""},"class_list":["post-3040","page","type-page","status-publish","hentry"],"yoast_head":"<!-- This site is optimized with the Yoast SEO plugin v27.3 - https:\/\/yoast.com\/product\/yoast-seo-wordpress\/ -->\n<title>Desentupimento de Esgoto Lisboa - Servi\u00e7os R\u00e1pidos e Eficazes<\/title>\n<meta name=\"description\" content=\"Procura desentupimento de esgoto em Lisboa? Canalizador de Lisboa oferece servi\u00e7os profissionais de desentupimento de esgotos.\" \/>\n<meta name=\"robots\" content=\"index, follow, max-snippet:-1, max-image-preview:large, max-video-preview:-1\" \/>\n<link rel=\"canonical\" href=\"https:\/\/canalizadordelisboa.pt\/fr\/debouchage-de-canalisations-lisbon\/\" \/>\n<meta property=\"og:locale\" content=\"fr_FR\" \/>\n<meta property=\"og:type\" content=\"article\" \/>\n<meta property=\"og:title\" content=\"Desentupimento de Esgoto Lisboa - Servi\u00e7os R\u00e1pidos e Eficazes\" \/>\n<meta property=\"og:description\" content=\"Procura desentupimento de esgoto em Lisboa? Canalizador de Lisboa oferece servi\u00e7os profissionais de desentupimento de esgotos.\" \/>\n<meta property=\"og:url\" content=\"https:\/\/canalizadordelisboa.pt\/fr\/debouchage-de-canalisations-lisbon\/\" \/>\n<meta property=\"og:site_name\" content=\"Canalizador de Lisboa\" \/>\n<meta property=\"article:modified_time\" content=\"2024-06-20T14:08:41+00:00\" \/>\n<meta name=\"twitter:card\" content=\"summary_large_image\" \/>\n<meta name=\"twitter:label1\" content=\"Dur\u00e9e de lecture estim\u00e9e\" \/>\n\t<meta name=\"twitter:data1\" content=\"4 minutes\" \/>\n<script type=\"application\/ld+json\" class=\"yoast-schema-graph\">{\"@context\":\"https:\\\/\\\/schema.org\",\"@graph\":[{\"@type\":\"WebPage\",\"@id\":\"https:\\\/\\\/canalizadordelisboa.pt\\\/desentupimento-de-esgoto-lisboa\\\/\",\"url\":\"https:\\\/\\\/canalizadordelisboa.pt\\\/desentupimento-de-esgoto-lisboa\\\/\",\"name\":\"Desentupimento de Esgoto Lisboa - Servi\u00e7os R\u00e1pidos e Eficazes\",\"isPartOf\":{\"@id\":\"https:\\\/\\\/canalizadordelisboa.pt\\\/#website\"},\"datePublished\":\"2024-06-20T14:08:32+00:00\",\"dateModified\":\"2024-06-20T14:08:41+00:00\",\"description\":\"Procura desentupimento de esgoto em Lisboa? Canalizador de Lisboa oferece servi\u00e7os profissionais de desentupimento de esgotos.\",\"breadcrumb\":{\"@id\":\"https:\\\/\\\/canalizadordelisboa.pt\\\/desentupimento-de-esgoto-lisboa\\\/#breadcrumb\"},\"inLanguage\":\"fr-FR\",\"potentialAction\":[{\"@type\":\"ReadAction\",\"target\":[\"https:\\\/\\\/canalizadordelisboa.pt\\\/desentupimento-de-esgoto-lisboa\\\/\"]}]},{\"@type\":\"BreadcrumbList\",\"@id\":\"https:\\\/\\\/canalizadordelisboa.pt\\\/desentupimento-de-esgoto-lisboa\\\/#breadcrumb\",\"itemListElement\":[{\"@type\":\"ListItem\",\"position\":1,\"name\":\"Accueil\",\"item\":\"https:\\\/\\\/canalizadordelisboa.pt\\\/\"},{\"@type\":\"ListItem\",\"position\":2,\"name\":\"Desentupimento de Esgoto Lisboa &#8211; Servi\u00e7os R\u00e1pidos e Eficazes\"}]},{\"@type\":\"WebSite\",\"@id\":\"https:\\\/\\\/canalizadordelisboa.pt\\\/#website\",\"url\":\"https:\\\/\\\/canalizadordelisboa.pt\\\/\",\"name\":\"Canalizador de Lisboa\",\"description\":\"Servi\u00e7os de canaliza\u00e7\u00e3o e desentupimentos de alta qualidade em Lisboa.\",\"potentialAction\":[{\"@type\":\"SearchAction\",\"target\":{\"@type\":\"EntryPoint\",\"urlTemplate\":\"https:\\\/\\\/canalizadordelisboa.pt\\\/?s={search_term_string}\"},\"query-input\":{\"@type\":\"PropertyValueSpecification\",\"valueRequired\":true,\"valueName\":\"search_term_string\"}}],\"inLanguage\":\"fr-FR\"}]}<\/script>\n<!-- \/ Yoast SEO plugin. -->","yoast_head_json":{"title":"Nettoyage des canalisations de Lisbonne - Services rapides et efficaces","description":"Vous recherchez un d\u00e9bouchage de canalisations \u00e0 Lisbonne ? Lisbon Plumber offre des services professionnels de d\u00e9bouchage de canalisations.","robots":{"index":"index","follow":"follow","max-snippet":"max-snippet:-1","max-image-preview":"max-image-preview:large","max-video-preview":"max-video-preview:-1"},"canonical":"https:\/\/canalizadordelisboa.pt\/fr\/debouchage-de-canalisations-lisbon\/","og_locale":"fr_FR","og_type":"article","og_title":"Desentupimento de Esgoto Lisboa - Servi\u00e7os R\u00e1pidos e Eficazes","og_description":"Procura desentupimento de esgoto em Lisboa? Canalizador de Lisboa oferece servi\u00e7os profissionais de desentupimento de esgotos.","og_url":"https:\/\/canalizadordelisboa.pt\/fr\/debouchage-de-canalisations-lisbon\/","og_site_name":"Canalizador de Lisboa","article_modified_time":"2024-06-20T14:08:41+00:00","twitter_card":"summary_large_image","twitter_misc":{"Dur\u00e9e de lecture estim\u00e9e":"4 minutes"},"schema":{"@context":"https:\/\/schema.org","@graph":[{"@type":"WebPage","@id":"https:\/\/canalizadordelisboa.pt\/desentupimento-de-esgoto-lisboa\/","url":"https:\/\/canalizadordelisboa.pt\/desentupimento-de-esgoto-lisboa\/","name":"Nettoyage des canalisations de Lisbonne - Services rapides et efficaces","isPartOf":{"@id":"https:\/\/canalizadordelisboa.pt\/#website"},"datePublished":"2024-06-20T14:08:32+00:00","dateModified":"2024-06-20T14:08:41+00:00","description":"Vous recherchez un d\u00e9bouchage de canalisations \u00e0 Lisbonne ? Lisbon Plumber offre des services professionnels de d\u00e9bouchage de canalisations.","breadcrumb":{"@id":"https:\/\/canalizadordelisboa.pt\/desentupimento-de-esgoto-lisboa\/#breadcrumb"},"inLanguage":"fr-FR","potentialAction":[{"@type":"ReadAction","target":["https:\/\/canalizadordelisboa.pt\/desentupimento-de-esgoto-lisboa\/"]}]},{"@type":"BreadcrumbList","@id":"https:\/\/canalizadordelisboa.pt\/desentupimento-de-esgoto-lisboa\/#breadcrumb","itemListElement":[{"@type":"ListItem","position":1,"name":"Accueil","item":"https:\/\/canalizadordelisboa.pt\/"},{"@type":"ListItem","position":2,"name":"Desentupimento de Esgoto Lisboa &#8211; Servi\u00e7os R\u00e1pidos e Eficazes"}]},{"@type":"WebSite","@id":"https:\/\/canalizadordelisboa.pt\/#website","url":"https:\/\/canalizadordelisboa.pt\/","name":"Canalizador de Lisboa","description":"Services de plomberie et de drainage de haute qualit\u00e9 \u00e0 Lisbonne.","potentialAction":[{"@type":"SearchAction","target":{"@type":"EntryPoint","urlTemplate":"https:\/\/canalizadordelisboa.pt\/?s={search_term_string}"},"query-input":{"@type":"PropertyValueSpecification","valueRequired":true,"valueName":"search_term_string"}}],"inLanguage":"fr-FR"}]}},"_links":{"self":[{"href":"https:\/\/canalizadordelisboa.pt\/fr\/wp-json\/wp\/v2\/pages\/3040","targetHints":{"allow":["GET"]}}],"collection":[{"href":"https:\/\/canalizadordelisboa.pt\/fr\/wp-json\/wp\/v2\/pages"}],"about":[{"href":"https:\/\/canalizadordelisboa.pt\/fr\/wp-json\/wp\/v2\/types\/page"}],"author":[{"embeddable":true,"href":"https:\/\/canalizadordelisboa.pt\/fr\/wp-json\/wp\/v2\/users\/1"}],"replies":[{"embeddable":true,"href":"https:\/\/canalizadordelisboa.pt\/fr\/wp-json\/wp\/v2\/comments?post=3040"}],"version-history":[{"count":1,"href":"https:\/\/canalizadordelisboa.pt\/fr\/wp-json\/wp\/v2\/pages\/3040\/revisions"}],"predecessor-version":[{"id":3041,"href":"https:\/\/canalizadordelisboa.pt\/fr\/wp-json\/wp\/v2\/pages\/3040\/revisions\/3041"}],"wp:attachment":[{"href":"https:\/\/canalizadordelisboa.pt\/fr\/wp-json\/wp\/v2\/media?parent=3040"}],"curies":[{"name":"wp","href":"https:\/\/api.w.org\/{rel}","templated":true}]}}