{"id":3037,"date":"2024-06-19T16:00:51","date_gmt":"2024-06-19T16:00:51","guid":{"rendered":"https:\/\/canalizadordelisboa.pt\/?page_id=3037"},"modified":"2024-06-19T16:00:51","modified_gmt":"2024-06-19T16:00:51","slug":"plomberie-salle-de-bain-lisbonne","status":"publish","type":"page","link":"https:\/\/canalizadordelisboa.pt\/fr\/canalizacao-casa-de-banho-lisboa\/","title":{"rendered":"Plomberie salle de bain Lisbonne - Services professionnels"},"content":{"rendered":"<p>Si vous cherchez <strong>plomberie de salle de bain \u00e0 Lisbonne<\/strong>votre recherche s'arr\u00eate ici. Canalizador de Lisboa offre des services d'installation et de r\u00e9paration de plomberie de haute qualit\u00e9 pour les salles de bains, garantissant l'efficacit\u00e9, la rapidit\u00e9 et des prix \u00e9quitables. Notre \u00e9quipe de plombiers exp\u00e9riment\u00e9s est toujours pr\u00eate \u00e0 r\u00e9soudre n'importe quel probl\u00e8me de plomberie, des r\u00e9parations mineures aux installations majeures.<\/p>\n<h2>Pourquoi choisir Canalizador de Lisboa ?<\/h2>\n<p>Chez Canalizador de Lisboa, nous comprenons l'importance d'un syst\u00e8me de plomberie efficace et fiable dans votre salle de bains. Voici quelques raisons pour lesquelles nos clients nous choisissent :<\/p>\n<ul>\n<li><strong>Expertise :<\/strong> Des ann\u00e9es d'exp\u00e9rience dans le secteur de la plomberie, r\u00e9pondant \u00e0 une grande vari\u00e9t\u00e9 de besoins en mati\u00e8re d'installation et de r\u00e9paration de salles de bains.<\/li>\n<li><strong>Des professionnels qualifi\u00e9s :<\/strong> Notre \u00e9quipe est compos\u00e9e de plombiers hautement qualifi\u00e9s et certifi\u00e9s, pr\u00eats \u00e0 faire face \u00e0 toute situation.<\/li>\n<li><strong>\u00c9quipement moderne :<\/strong> Nous utilisons un \u00e9quipement de pointe pour garantir que les installations et les r\u00e9parations sont effectu\u00e9es rapidement et efficacement.<\/li>\n<li><strong>Devis gratuit :<\/strong> Nous fournissons des devis gratuits et transparents pour tous nos services.<\/li>\n<li><strong>Assurance qualit\u00e9 :<\/strong> Tous nos travaux sont garantis, ce qui vous permet d'avoir l'esprit tranquille et d'\u00eatre en confiance.<\/li>\n<\/ul>\n<h2>Nos services de plomberie de salle de bain \u00e0 Lisbonne<\/h2>\n<p>Nous offrons une large gamme de services de plomberie pour les salles de bains \u00e0 Lisbonne, y compris :<\/p>\n<ul>\n<li><strong>Installation de la tuyauterie :<\/strong> Installation de nouvelles canalisations d'eau chaude et d'eau froide, assurant une distribution efficace et s\u00fbre.<\/li>\n<li><strong>R\u00e9paration des fuites :<\/strong> Nous r\u00e9parons les fuites dans les tuyaux, les robinets et les douches, \u00e9vitant ainsi le gaspillage d'eau et les dommages structurels.<\/li>\n<li><strong>Installation des toilettes :<\/strong> Installer et remplacer les toilettes, en veillant \u00e0 ce qu'elles fonctionnent correctement et efficacement.<\/li>\n<li><strong>Installation de lavabos et d'\u00e9viers :<\/strong> Installation de lavabos et d'\u00e9viers de diff\u00e9rents mod\u00e8les, s'adaptant aux besoins et au style de votre salle de bains.<\/li>\n<li><strong>Installation de douches et de baignoires :<\/strong> L'installation et la r\u00e9paration de douches et de baignoires apportent confort et praticit\u00e9 dans votre vie quotidienne.<\/li>\n<li><strong>Nettoyage des drains :<\/strong> D\u00e9gager les drains et les \u00e9gouts, assurer l'\u00e9coulement correct de l'eau et pr\u00e9venir les inondations.<\/li>\n<li><strong>Installation de robinets et de mitigeurs :<\/strong> Remplacement et installation de robinets et de mitigeurs, garantissant la fonctionnalit\u00e9 et le design moderne.<\/li>\n<li><strong>Entretien pr\u00e9ventif :<\/strong> Nous effectuons des inspections r\u00e9guli\u00e8res afin de nous assurer que votre syst\u00e8me de plomberie fonctionne toujours de mani\u00e8re optimale.<\/li>\n<\/ul>\n<h2>Comment fonctionne notre service de plomberie de salle de bains<\/h2>\n<p>Notre processus de service est simple et efficace :<\/p>\n<ul>\n<li><strong>Demande initiale :<\/strong> Nous avons re\u00e7u votre appel et avons organis\u00e9 une visite sur place pour \u00e9valuer la situation.<\/li>\n<li><strong>Diagnostic :<\/strong> Nous utilisons un \u00e9quipement moderne pour diagnostiquer la cause du probl\u00e8me et d\u00e9terminer la meilleure solution.<\/li>\n<li><strong>Budget :<\/strong> Nous fournissons un devis gratuit et transparent pour le service requis.<\/li>\n<li><strong>Ex\u00e9cution du service :<\/strong> Nous effectuons le service en utilisant des mat\u00e9riaux de haute qualit\u00e9 et des techniques avanc\u00e9es, ce qui permet de r\u00e9soudre le probl\u00e8me de mani\u00e8re efficace et \u00e0 long terme.<\/li>\n<li><strong>Test final :<\/strong> Nous v\u00e9rifions le fonctionnement du syst\u00e8me pour nous assurer que tout est parfait avant de quitter le site.<\/li>\n<\/ul>\n<h2>Signes indiquant que vous avez besoin de services de plomberie pour la salle de bains<\/h2>\n<p>Les signes les plus courants indiquant que vous avez besoin de services de plomberie sont les suivants :<\/p>\n<ul>\n<li>Fuites visibles dans les tuyaux, les robinets ou les douches.<\/li>\n<li>L'eau s'\u00e9coule lentement dans les \u00e9gouts.<\/li>\n<li>Mauvaises odeurs provenant des \u00e9gouts.<\/li>\n<li>Faible pression ou eau d\u00e9color\u00e9e.<\/li>\n<li>Probl\u00e8mes fr\u00e9quents d'obstruction.<\/li>\n<li>Bruits \u00e9tranges lors de l'utilisation des robinets ou des douches.<\/li>\n<\/ul>\n<h2>Avantages d'engager des plombiers de salle de bain \u00e0 Lisbonne<\/h2>\n<p>Investir dans des services professionnels de plomberie de salle de bains pr\u00e9sente plusieurs avantages, tels que<\/p>\n<ul>\n<li><strong>Efficacit\u00e9 :<\/strong> Des solutions rapides et efficaces, utilisant des \u00e9quipements modernes et des techniques avanc\u00e9es.<\/li>\n<li><strong>Pr\u00e9vention des dommages :<\/strong> Pr\u00e9vient les dommages importants au syst\u00e8me de plomberie et \u00e0 la structure de votre maison.<\/li>\n<li><strong>L'\u00e9conomie :<\/strong> R\u00e9duit vos factures d'eau en r\u00e9parant les fuites et en am\u00e9liorant l'efficacit\u00e9 du syst\u00e8me.<\/li>\n<li><strong>Tranquillit\u00e9 :<\/strong> Savoir que le probl\u00e8me a \u00e9t\u00e9 r\u00e9solu par des professionnels qualifi\u00e9s et que le syst\u00e8me de plomberie fonctionne parfaitement.<\/li>\n<\/ul>\n<h2>Contactez-nous d\u00e8s aujourd'hui<\/h2>\n<p>Si vous rencontrez des probl\u00e8mes de plomberie dans votre salle de bain \u00e0 Lisbonne, ne perdez pas de temps. Contactez Canalizador de Lisboa et prenez rendez-vous. Nous sommes pr\u00eats \u00e0 vous servir rapidement et efficacement, en veillant \u00e0 ce que votre syst\u00e8me de plomberie soit toujours en parfait \u00e9tat.<\/p>","protected":false},"excerpt":{"rendered":"<p>Se voc\u00ea est\u00e1 \u00e0 procura de servi\u00e7os de canaliza\u00e7\u00e3o para casa de banho em Lisboa, a sua busca termina aqui. A Canalizador de Lisboa oferece servi\u00e7os de instala\u00e7\u00e3o e repara\u00e7\u00e3o de canaliza\u00e7\u00e3o de alta qualidade para casas de banho, garantindo efici\u00eancia, rapidez e pre\u00e7os justos. Nossa equipe de canalizadores experientes est\u00e1 sempre pronta para resolver [&hellip;]<\/p>\n","protected":false},"author":1,"featured_media":0,"parent":0,"menu_order":0,"comment_status":"closed","ping_status":"closed","template":"","meta":{"iawp_total_views":9,"footnotes":""},"class_list":["post-3037","page","type-page","status-publish","hentry"],"yoast_head":"<!-- This site is optimized with the Yoast SEO plugin v27.4 - https:\/\/yoast.com\/product\/yoast-seo-wordpress\/ -->\n<title>Canaliza\u00e7\u00e3o Casa de Banho Lisboa - Servi\u00e7os Profissionais<\/title>\n<meta name=\"description\" content=\"Procura servi\u00e7os de canaliza\u00e7\u00e3o para casa de banho em Lisboa? Canalizador de Lisboa oferece instala\u00e7\u00e3o e repara\u00e7\u00e3o de canaliza\u00e7\u00e3o para casa de banho.\" \/>\n<meta name=\"robots\" content=\"index, follow, max-snippet:-1, max-image-preview:large, max-video-preview:-1\" \/>\n<link rel=\"canonical\" href=\"https:\/\/canalizadordelisboa.pt\/fr\/plomberie-salle-de-bain-lisbonne\/\" \/>\n<meta property=\"og:locale\" content=\"fr_FR\" \/>\n<meta property=\"og:type\" content=\"article\" \/>\n<meta property=\"og:title\" content=\"Canaliza\u00e7\u00e3o Casa de Banho Lisboa - Servi\u00e7os Profissionais\" \/>\n<meta property=\"og:description\" content=\"Procura servi\u00e7os de canaliza\u00e7\u00e3o para casa de banho em Lisboa? Canalizador de Lisboa oferece instala\u00e7\u00e3o e repara\u00e7\u00e3o de canaliza\u00e7\u00e3o para casa de banho.\" \/>\n<meta property=\"og:url\" content=\"https:\/\/canalizadordelisboa.pt\/fr\/plomberie-salle-de-bain-lisbonne\/\" \/>\n<meta property=\"og:site_name\" content=\"Canalizador de Lisboa\" \/>\n<meta name=\"twitter:card\" content=\"summary_large_image\" \/>\n<script type=\"application\/ld+json\" class=\"yoast-schema-graph\">{\"@context\":\"https:\\\/\\\/schema.org\",\"@graph\":[{\"@type\":\"WebPage\",\"@id\":\"https:\\\/\\\/canalizadordelisboa.pt\\\/canalizacao-casa-de-banho-lisboa\\\/\",\"url\":\"https:\\\/\\\/canalizadordelisboa.pt\\\/canalizacao-casa-de-banho-lisboa\\\/\",\"name\":\"Canaliza\u00e7\u00e3o Casa de Banho Lisboa - Servi\u00e7os Profissionais\",\"isPartOf\":{\"@id\":\"https:\\\/\\\/canalizadordelisboa.pt\\\/#website\"},\"datePublished\":\"2024-06-19T16:00:51+00:00\",\"description\":\"Procura servi\u00e7os de canaliza\u00e7\u00e3o para casa de banho em Lisboa? Canalizador de Lisboa oferece instala\u00e7\u00e3o e repara\u00e7\u00e3o de canaliza\u00e7\u00e3o para casa de banho.\",\"breadcrumb\":{\"@id\":\"https:\\\/\\\/canalizadordelisboa.pt\\\/canalizacao-casa-de-banho-lisboa\\\/#breadcrumb\"},\"inLanguage\":\"fr-FR\",\"potentialAction\":[{\"@type\":\"ReadAction\",\"target\":[\"https:\\\/\\\/canalizadordelisboa.pt\\\/canalizacao-casa-de-banho-lisboa\\\/\"]}]},{\"@type\":\"BreadcrumbList\",\"@id\":\"https:\\\/\\\/canalizadordelisboa.pt\\\/canalizacao-casa-de-banho-lisboa\\\/#breadcrumb\",\"itemListElement\":[{\"@type\":\"ListItem\",\"position\":1,\"name\":\"Accueil\",\"item\":\"https:\\\/\\\/canalizadordelisboa.pt\\\/\"},{\"@type\":\"ListItem\",\"position\":2,\"name\":\"Canaliza\u00e7\u00e3o Casa de Banho Lisboa &#8211; Servi\u00e7os Profissionais\"}]},{\"@type\":\"WebSite\",\"@id\":\"https:\\\/\\\/canalizadordelisboa.pt\\\/#website\",\"url\":\"https:\\\/\\\/canalizadordelisboa.pt\\\/\",\"name\":\"Canalizador de Lisboa\",\"description\":\"Servi\u00e7os de canaliza\u00e7\u00e3o e desentupimentos de alta qualidade em Lisboa.\",\"potentialAction\":[{\"@type\":\"SearchAction\",\"target\":{\"@type\":\"EntryPoint\",\"urlTemplate\":\"https:\\\/\\\/canalizadordelisboa.pt\\\/?s={search_term_string}\"},\"query-input\":{\"@type\":\"PropertyValueSpecification\",\"valueRequired\":true,\"valueName\":\"search_term_string\"}}],\"inLanguage\":\"fr-FR\"}]}<\/script>\n<!-- \/ Yoast SEO plugin. -->","yoast_head_json":{"title":"Plomberie salle de bain Lisbonne - Services professionnels","description":"Vous cherchez des services de plomberie de salle de bain \u00e0 Lisbonne ? Canalizador de Lisboa propose l'installation et la r\u00e9paration de la plomberie de salle de bain.","robots":{"index":"index","follow":"follow","max-snippet":"max-snippet:-1","max-image-preview":"max-image-preview:large","max-video-preview":"max-video-preview:-1"},"canonical":"https:\/\/canalizadordelisboa.pt\/fr\/plomberie-salle-de-bain-lisbonne\/","og_locale":"fr_FR","og_type":"article","og_title":"Canaliza\u00e7\u00e3o Casa de Banho Lisboa - Servi\u00e7os Profissionais","og_description":"Procura servi\u00e7os de canaliza\u00e7\u00e3o para casa de banho em Lisboa? Canalizador de Lisboa oferece instala\u00e7\u00e3o e repara\u00e7\u00e3o de canaliza\u00e7\u00e3o para casa de banho.","og_url":"https:\/\/canalizadordelisboa.pt\/fr\/plomberie-salle-de-bain-lisbonne\/","og_site_name":"Canalizador de Lisboa","twitter_card":"summary_large_image","schema":{"@context":"https:\/\/schema.org","@graph":[{"@type":"WebPage","@id":"https:\/\/canalizadordelisboa.pt\/canalizacao-casa-de-banho-lisboa\/","url":"https:\/\/canalizadordelisboa.pt\/canalizacao-casa-de-banho-lisboa\/","name":"Plomberie salle de bain Lisbonne - Services professionnels","isPartOf":{"@id":"https:\/\/canalizadordelisboa.pt\/#website"},"datePublished":"2024-06-19T16:00:51+00:00","description":"Vous cherchez des services de plomberie de salle de bain \u00e0 Lisbonne ? Canalizador de Lisboa propose l'installation et la r\u00e9paration de la plomberie de salle de bain.","breadcrumb":{"@id":"https:\/\/canalizadordelisboa.pt\/canalizacao-casa-de-banho-lisboa\/#breadcrumb"},"inLanguage":"fr-FR","potentialAction":[{"@type":"ReadAction","target":["https:\/\/canalizadordelisboa.pt\/canalizacao-casa-de-banho-lisboa\/"]}]},{"@type":"BreadcrumbList","@id":"https:\/\/canalizadordelisboa.pt\/canalizacao-casa-de-banho-lisboa\/#breadcrumb","itemListElement":[{"@type":"ListItem","position":1,"name":"Accueil","item":"https:\/\/canalizadordelisboa.pt\/"},{"@type":"ListItem","position":2,"name":"Canaliza\u00e7\u00e3o Casa de Banho Lisboa &#8211; Servi\u00e7os Profissionais"}]},{"@type":"WebSite","@id":"https:\/\/canalizadordelisboa.pt\/#website","url":"https:\/\/canalizadordelisboa.pt\/","name":"Canalizador de Lisboa","description":"Services de plomberie et de drainage de haute qualit\u00e9 \u00e0 Lisbonne.","potentialAction":[{"@type":"SearchAction","target":{"@type":"EntryPoint","urlTemplate":"https:\/\/canalizadordelisboa.pt\/?s={search_term_string}"},"query-input":{"@type":"PropertyValueSpecification","valueRequired":true,"valueName":"search_term_string"}}],"inLanguage":"fr-FR"}]}},"_links":{"self":[{"href":"https:\/\/canalizadordelisboa.pt\/fr\/wp-json\/wp\/v2\/pages\/3037","targetHints":{"allow":["GET"]}}],"collection":[{"href":"https:\/\/canalizadordelisboa.pt\/fr\/wp-json\/wp\/v2\/pages"}],"about":[{"href":"https:\/\/canalizadordelisboa.pt\/fr\/wp-json\/wp\/v2\/types\/page"}],"author":[{"embeddable":true,"href":"https:\/\/canalizadordelisboa.pt\/fr\/wp-json\/wp\/v2\/users\/1"}],"replies":[{"embeddable":true,"href":"https:\/\/canalizadordelisboa.pt\/fr\/wp-json\/wp\/v2\/comments?post=3037"}],"version-history":[{"count":1,"href":"https:\/\/canalizadordelisboa.pt\/fr\/wp-json\/wp\/v2\/pages\/3037\/revisions"}],"predecessor-version":[{"id":3038,"href":"https:\/\/canalizadordelisboa.pt\/fr\/wp-json\/wp\/v2\/pages\/3037\/revisions\/3038"}],"wp:attachment":[{"href":"https:\/\/canalizadordelisboa.pt\/fr\/wp-json\/wp\/v2\/media?parent=3037"}],"curies":[{"name":"wp","href":"https:\/\/api.w.org\/{rel}","templated":true}]}}