{"id":3023,"date":"2024-06-19T15:33:02","date_gmt":"2024-06-19T15:33:02","guid":{"rendered":"https:\/\/canalizadordelisboa.pt\/?page_id=3023"},"modified":"2024-06-19T15:33:10","modified_gmt":"2024-06-19T15:33:10","slug":"plombier-24-heures-lisbonne","status":"publish","type":"page","link":"https:\/\/canalizadordelisboa.pt\/fr\/canalizador-24-horas-lisboa\/","title":{"rendered":"24 Hour Plumber Lisbon - Services d'urgence"},"content":{"rendered":"<p>Si vous \u00eates \u00e0 la recherche d'un <strong>Plombier 24 heures sur 24 \u00e0 Lisbonne<\/strong>votre recherche s'arr\u00eate ici. Canalizador de Lisboa offre des services de plomberie d'urgence de haute qualit\u00e9, garantissant une assistance imm\u00e9diate lorsque vous en avez besoin. Notre \u00e9quipe de plombiers exp\u00e9riment\u00e9s est toujours pr\u00eate \u00e0 r\u00e9soudre n'importe quel probl\u00e8me de plomberie, \u00e0 n'importe quelle heure du jour ou de la nuit.<\/p>\n<h2>Pourquoi choisir Canalizador de Lisboa ?<\/h2>\n<p>Chez Canalizador de Lisboa, nous comprenons l'importance d'un service de plomberie rapide et fiable. Voici quelques raisons pour lesquelles nos clients nous choisissent :<\/p>\n<ul>\n<li><strong>Disponibilit\u00e9 24 heures sur 24, 7 jours sur 7 :<\/strong> Nous proposons des services d'urgence pour que vous ne soyez jamais laiss\u00e9 sans d\u00e9fense dans une situation critique, quel que soit le moment.<\/li>\n<li><strong>Expertise :<\/strong> Des ann\u00e9es d'exp\u00e9rience dans le secteur de la plomberie, r\u00e9pondant \u00e0 une grande vari\u00e9t\u00e9 de besoins d'urgence.<\/li>\n<li><strong>Des professionnels qualifi\u00e9s :<\/strong> Notre \u00e9quipe est compos\u00e9e de plombiers hautement qualifi\u00e9s et certifi\u00e9s, pr\u00eats \u00e0 faire face \u00e0 toute situation.<\/li>\n<li><strong>Devis gratuit :<\/strong> Nous fournissons des devis gratuits et transparents pour tous nos services, y compris les urgences.<\/li>\n<li><strong>Assurance qualit\u00e9 :<\/strong> Tous nos travaux sont garantis, ce qui vous permet d'avoir l'esprit tranquille et d'\u00eatre en confiance.<\/li>\n<\/ul>\n<h2>Nos services 24 heures sur 24<\/h2>\n<p>Nous offrons une large gamme de services de plomberie d'urgence 24 heures sur 24 \u00e0 Lisbonne, y compris :<\/p>\n<ul>\n<li><strong>R\u00e9parations d'urgence :<\/strong> Intervention rapide pour r\u00e9parer les fuites, les ruptures et autres probl\u00e8mes de plomberie urgents. Notre \u00e9quipe arrive rapidement sur place pour minimiser les d\u00e9g\u00e2ts et r\u00e9soudre le probl\u00e8me.<\/li>\n<li><strong>Plomberie :<\/strong> Nous d\u00e9bouchons les canalisations, les \u00e9viers, les \u00e9gouts et les toilettes \u00e0 toute heure du jour et de la nuit. Nous utilisons un \u00e9quipement moderne pour garantir un d\u00e9bouchage rapide et efficace.<\/li>\n<li><strong>D\u00e9tection des fuites :<\/strong> Nous utilisons une technologie de pointe pour localiser et r\u00e9parer les fuites cach\u00e9es. Un \u00e9quipement de pointe nous permet de localiser avec pr\u00e9cision la source des probl\u00e8mes.<\/li>\n<li><strong>R\u00e9paration de chaudi\u00e8res et d'appareils de chauffage :<\/strong> Nous r\u00e9parons et entretenons les syst\u00e8mes de chauffage de l'eau dans les situations d'urgence. Nous veillons \u00e0 ce que vous ayez de l'eau chaude chaque fois que vous en avez besoin.<\/li>\n<li><strong>Installation d'appareils \u00e9lectrom\u00e9nagers :<\/strong> Raccorder et r\u00e9parer les lave-linge, lave-vaisselle et autres appareils m\u00e9nagers, en veillant \u00e0 ce qu'ils soient correctement install\u00e9s et fonctionnent parfaitement.<\/li>\n<li><strong>R\u00e9paration de la pompe \u00e0 eau :<\/strong> Maintenance et remplacement des pompes \u00e0 eau en cas d'urgence. Nous veillons \u00e0 ce que votre syst\u00e8me de pompage de l'eau fonctionne efficacement afin d'\u00e9viter les interruptions d'approvisionnement.<\/li>\n<\/ul>\n<h2>Comment fonctionne notre service de plombier 24 heures sur 24<\/h2>\n<p>Notre proc\u00e9dure d'intervention en cas d'urgence est simple et efficace :<\/p>\n<ul>\n<li><strong>Appel d'urgence :<\/strong> Nous recevons votre appel d'urgence \u00e0 toute heure du jour ou de la nuit. Notre \u00e9quipe de service est toujours pr\u00eate \u00e0 vous aider.<\/li>\n<li><strong>Diagnostic rapide :<\/strong> Nous arrivons rapidement sur les lieux et diagnostiquons le probl\u00e8me avec pr\u00e9cision, \u00e0 l'aide d'un \u00e9quipement moderne et de techniques avanc\u00e9es.<\/li>\n<li><strong>R\u00e9paration :<\/strong> Nous effectuons la r\u00e9paration \u00e0 l'aide de mat\u00e9riaux de haute qualit\u00e9 et de techniques avanc\u00e9es, ce qui garantit une solution efficace et durable au probl\u00e8me.<\/li>\n<li><strong>Test final :<\/strong> Nous v\u00e9rifions le fonctionnement du syst\u00e8me pour nous assurer que tout est parfait avant de quitter le site.<\/li>\n<\/ul>\n<h2>Signes indiquant que vous avez besoin d'un plombier 24 heures sur 24<\/h2>\n<p>Certains signes courants indiquent que vous pourriez avoir besoin des services d'un <strong>Plombier 24 heures sur 24<\/strong> inclure :<\/p>\n<ul>\n<li>Fuites ou inondations importantes.<\/li>\n<li>Les obstructions graves qui emp\u00eachent l'utilisation des \u00e9viers ou des toilettes.<\/li>\n<li>Manque d'eau chaude en raison d'une d\u00e9faillance de l'appareil de chauffage.<\/li>\n<li>Mauvaise odeur persistante due aux eaux us\u00e9es.<\/li>\n<li>Tout probl\u00e8me de plomberie n\u00e9cessitant une intervention imm\u00e9diate afin d'\u00e9viter des d\u00e9g\u00e2ts plus importants.<\/li>\n<\/ul>\n<h2>Avantages de l'embauche de plombiers 24 heures sur 24<\/h2>\n<p>Investir dans des services de plombiers 24 heures sur 24 pr\u00e9sente plusieurs avantages, tels que<\/p>\n<ul>\n<li><strong>Tranquillit\u00e9 :<\/strong> Savoir qu'une assistance est disponible \u00e0 toute heure du jour ou de la nuit.<\/li>\n<li><strong>Pr\u00e9vention des dommages :<\/strong> La r\u00e9solution rapide des probl\u00e8mes permet d'\u00e9viter des dommages importants et des co\u00fbts de r\u00e9paration \u00e9lev\u00e9s.<\/li>\n<li><strong>La s\u00e9curit\u00e9 :<\/strong> Garantir que le probl\u00e8me sera r\u00e9solu de mani\u00e8re s\u00fbre et efficace.<\/li>\n<li><strong>Commodit\u00e9 :<\/strong> Des services rapides et efficaces minimisent l'impact sur votre vie quotidienne.<\/li>\n<\/ul>\n<h2>Contactez-nous d\u00e8s aujourd'hui<\/h2>\n<p>Si vous \u00eates confront\u00e9 \u00e0 une urgence de plomberie, ne perdez pas de temps. Contactez Canalizador de Lisboa et r\u00e9servez une visite imm\u00e9diate. Nous sommes pr\u00eats \u00e0 vous servir 24 heures sur 24, 7 jours sur 7, en veillant \u00e0 ce que votre syst\u00e8me de plomberie soit toujours en parfait \u00e9tat.<\/p>","protected":false},"excerpt":{"rendered":"<p>Se voc\u00ea est\u00e1 \u00e0 procura de um canalizador 24 horas em Lisboa, a sua busca termina aqui. A Canalizador de Lisboa oferece servi\u00e7os de canaliza\u00e7\u00e3o de emerg\u00eancia de alta qualidade, garantindo que voc\u00ea tenha assist\u00eancia imediata quando precisar. Nossa equipe de canalizadores experientes est\u00e1 sempre pronta para resolver qualquer problema de canaliza\u00e7\u00e3o, a qualquer hora [&hellip;]<\/p>\n","protected":false},"author":1,"featured_media":0,"parent":0,"menu_order":0,"comment_status":"closed","ping_status":"closed","template":"","meta":{"iawp_total_views":15,"footnotes":""},"class_list":["post-3023","page","type-page","status-publish","hentry"],"yoast_head":"<!-- This site is optimized with the Yoast SEO plugin v27.4 - https:\/\/yoast.com\/product\/yoast-seo-wordpress\/ -->\n<title>Canalizador 24 Horas Lisboa - Servi\u00e7os de Emerg\u00eancia<\/title>\n<meta name=\"description\" content=\"Procura um canalizador 24 horas em Lisboa? Canalizador de Lisboa oferece servi\u00e7os de emerg\u00eancia de canaliza\u00e7\u00e3o. Contacte-nos !\" \/>\n<meta name=\"robots\" content=\"index, follow, max-snippet:-1, max-image-preview:large, max-video-preview:-1\" \/>\n<link rel=\"canonical\" href=\"https:\/\/canalizadordelisboa.pt\/fr\/plombier-24-heures-lisbonne\/\" \/>\n<meta property=\"og:locale\" content=\"fr_FR\" \/>\n<meta property=\"og:type\" content=\"article\" \/>\n<meta property=\"og:title\" content=\"Canalizador 24 Horas Lisboa - Servi\u00e7os de Emerg\u00eancia\" \/>\n<meta property=\"og:description\" content=\"Procura um canalizador 24 horas em Lisboa? Canalizador de Lisboa oferece servi\u00e7os de emerg\u00eancia de canaliza\u00e7\u00e3o. Contacte-nos !\" \/>\n<meta property=\"og:url\" content=\"https:\/\/canalizadordelisboa.pt\/fr\/plombier-24-heures-lisbonne\/\" \/>\n<meta property=\"og:site_name\" content=\"Canalizador de Lisboa\" \/>\n<meta property=\"article:modified_time\" content=\"2024-06-19T15:33:10+00:00\" \/>\n<meta name=\"twitter:card\" content=\"summary_large_image\" \/>\n<meta name=\"twitter:label1\" content=\"Dur\u00e9e de lecture estim\u00e9e\" \/>\n\t<meta name=\"twitter:data1\" content=\"4 minutes\" \/>\n<script type=\"application\/ld+json\" class=\"yoast-schema-graph\">{\"@context\":\"https:\\\/\\\/schema.org\",\"@graph\":[{\"@type\":\"WebPage\",\"@id\":\"https:\\\/\\\/canalizadordelisboa.pt\\\/canalizador-24-horas-lisboa\\\/\",\"url\":\"https:\\\/\\\/canalizadordelisboa.pt\\\/canalizador-24-horas-lisboa\\\/\",\"name\":\"Canalizador 24 Horas Lisboa - Servi\u00e7os de Emerg\u00eancia\",\"isPartOf\":{\"@id\":\"https:\\\/\\\/canalizadordelisboa.pt\\\/#website\"},\"datePublished\":\"2024-06-19T15:33:02+00:00\",\"dateModified\":\"2024-06-19T15:33:10+00:00\",\"description\":\"Procura um canalizador 24 horas em Lisboa? Canalizador de Lisboa oferece servi\u00e7os de emerg\u00eancia de canaliza\u00e7\u00e3o. Contacte-nos !\",\"breadcrumb\":{\"@id\":\"https:\\\/\\\/canalizadordelisboa.pt\\\/canalizador-24-horas-lisboa\\\/#breadcrumb\"},\"inLanguage\":\"fr-FR\",\"potentialAction\":[{\"@type\":\"ReadAction\",\"target\":[\"https:\\\/\\\/canalizadordelisboa.pt\\\/canalizador-24-horas-lisboa\\\/\"]}]},{\"@type\":\"BreadcrumbList\",\"@id\":\"https:\\\/\\\/canalizadordelisboa.pt\\\/canalizador-24-horas-lisboa\\\/#breadcrumb\",\"itemListElement\":[{\"@type\":\"ListItem\",\"position\":1,\"name\":\"Accueil\",\"item\":\"https:\\\/\\\/canalizadordelisboa.pt\\\/\"},{\"@type\":\"ListItem\",\"position\":2,\"name\":\"Canalizador 24 Horas Lisboa &#8211; Servi\u00e7os de Emerg\u00eancia\"}]},{\"@type\":\"WebSite\",\"@id\":\"https:\\\/\\\/canalizadordelisboa.pt\\\/#website\",\"url\":\"https:\\\/\\\/canalizadordelisboa.pt\\\/\",\"name\":\"Canalizador de Lisboa\",\"description\":\"Servi\u00e7os de canaliza\u00e7\u00e3o e desentupimentos de alta qualidade em Lisboa.\",\"potentialAction\":[{\"@type\":\"SearchAction\",\"target\":{\"@type\":\"EntryPoint\",\"urlTemplate\":\"https:\\\/\\\/canalizadordelisboa.pt\\\/?s={search_term_string}\"},\"query-input\":{\"@type\":\"PropertyValueSpecification\",\"valueRequired\":true,\"valueName\":\"search_term_string\"}}],\"inLanguage\":\"fr-FR\"}]}<\/script>\n<!-- \/ Yoast SEO plugin. -->","yoast_head_json":{"title":"24 Hour Plumber Lisbon - Services d'urgence","description":"Vous cherchez un plombier 24 heures sur 24 \u00e0 Lisbonne ? Canalizador de Lisboa offre des services de plomberie d'urgence. Contactez nous !","robots":{"index":"index","follow":"follow","max-snippet":"max-snippet:-1","max-image-preview":"max-image-preview:large","max-video-preview":"max-video-preview:-1"},"canonical":"https:\/\/canalizadordelisboa.pt\/fr\/plombier-24-heures-lisbonne\/","og_locale":"fr_FR","og_type":"article","og_title":"Canalizador 24 Horas Lisboa - Servi\u00e7os de Emerg\u00eancia","og_description":"Procura um canalizador 24 horas em Lisboa? Canalizador de Lisboa oferece servi\u00e7os de emerg\u00eancia de canaliza\u00e7\u00e3o. Contacte-nos !","og_url":"https:\/\/canalizadordelisboa.pt\/fr\/plombier-24-heures-lisbonne\/","og_site_name":"Canalizador de Lisboa","article_modified_time":"2024-06-19T15:33:10+00:00","twitter_card":"summary_large_image","twitter_misc":{"Dur\u00e9e de lecture estim\u00e9e":"4 minutes"},"schema":{"@context":"https:\/\/schema.org","@graph":[{"@type":"WebPage","@id":"https:\/\/canalizadordelisboa.pt\/canalizador-24-horas-lisboa\/","url":"https:\/\/canalizadordelisboa.pt\/canalizador-24-horas-lisboa\/","name":"24 Hour Plumber Lisbon - Services d'urgence","isPartOf":{"@id":"https:\/\/canalizadordelisboa.pt\/#website"},"datePublished":"2024-06-19T15:33:02+00:00","dateModified":"2024-06-19T15:33:10+00:00","description":"Vous cherchez un plombier 24 heures sur 24 \u00e0 Lisbonne ? Canalizador de Lisboa offre des services de plomberie d'urgence. Contactez nous !","breadcrumb":{"@id":"https:\/\/canalizadordelisboa.pt\/canalizador-24-horas-lisboa\/#breadcrumb"},"inLanguage":"fr-FR","potentialAction":[{"@type":"ReadAction","target":["https:\/\/canalizadordelisboa.pt\/canalizador-24-horas-lisboa\/"]}]},{"@type":"BreadcrumbList","@id":"https:\/\/canalizadordelisboa.pt\/canalizador-24-horas-lisboa\/#breadcrumb","itemListElement":[{"@type":"ListItem","position":1,"name":"Accueil","item":"https:\/\/canalizadordelisboa.pt\/"},{"@type":"ListItem","position":2,"name":"Canalizador 24 Horas Lisboa &#8211; Servi\u00e7os de Emerg\u00eancia"}]},{"@type":"WebSite","@id":"https:\/\/canalizadordelisboa.pt\/#website","url":"https:\/\/canalizadordelisboa.pt\/","name":"Canalizador de Lisboa","description":"Services de plomberie et de drainage de haute qualit\u00e9 \u00e0 Lisbonne.","potentialAction":[{"@type":"SearchAction","target":{"@type":"EntryPoint","urlTemplate":"https:\/\/canalizadordelisboa.pt\/?s={search_term_string}"},"query-input":{"@type":"PropertyValueSpecification","valueRequired":true,"valueName":"search_term_string"}}],"inLanguage":"fr-FR"}]}},"_links":{"self":[{"href":"https:\/\/canalizadordelisboa.pt\/fr\/wp-json\/wp\/v2\/pages\/3023","targetHints":{"allow":["GET"]}}],"collection":[{"href":"https:\/\/canalizadordelisboa.pt\/fr\/wp-json\/wp\/v2\/pages"}],"about":[{"href":"https:\/\/canalizadordelisboa.pt\/fr\/wp-json\/wp\/v2\/types\/page"}],"author":[{"embeddable":true,"href":"https:\/\/canalizadordelisboa.pt\/fr\/wp-json\/wp\/v2\/users\/1"}],"replies":[{"embeddable":true,"href":"https:\/\/canalizadordelisboa.pt\/fr\/wp-json\/wp\/v2\/comments?post=3023"}],"version-history":[{"count":1,"href":"https:\/\/canalizadordelisboa.pt\/fr\/wp-json\/wp\/v2\/pages\/3023\/revisions"}],"predecessor-version":[{"id":3024,"href":"https:\/\/canalizadordelisboa.pt\/fr\/wp-json\/wp\/v2\/pages\/3023\/revisions\/3024"}],"wp:attachment":[{"href":"https:\/\/canalizadordelisboa.pt\/fr\/wp-json\/wp\/v2\/media?parent=3023"}],"curies":[{"name":"wp","href":"https:\/\/api.w.org\/{rel}","templated":true}]}}