{"id":2910,"date":"2026-04-20T06:42:09","date_gmt":"2026-04-20T06:42:09","guid":{"rendered":"https:\/\/canalizadordelisboa.pt\/?page_id=2910"},"modified":"2026-05-04T09:07:54","modified_gmt":"2026-05-04T09:07:54","slug":"services","status":"publish","type":"page","link":"https:\/\/canalizadordelisboa.pt\/fr\/servicos\/","title":{"rendered":"Services"},"content":{"rendered":"<p>Chez Canalizador de Lisboa, nous offrons une large gamme de services pour r\u00e9pondre \u00e0 tous vos besoins en mati\u00e8re de plomberie et de d\u00e9bouchage. Vous trouverez ci-dessous une liste compl\u00e8te de nos services :<\/p>\n<ul>\n<li><strong><a href=\"https:\/\/canalizadordelisboa.pt\/fr\/reparations-de-plomberie\/\">R\u00e9parations de plomberie<\/a><\/strong><br \/>\nR\u00e9parer les fuites et les ruptures de conduites d'eau.<\/li>\n<li><strong><a href=\"https:\/\/canalizadordelisboa.pt\/fr\/plomberie\/\">\u00c9limination<\/a><\/strong><br \/>\nD\u00e9boucher les canalisations, les \u00e9viers, les drains et les toilettes.<\/li>\n<li><strong><a href=\"https:\/\/canalizadordelisboa.pt\/fr\/linstallation-de-systemes-de-plomberie\/\">Installation de syst\u00e8mes de plomberie<\/a><\/strong><br \/>\nInstallation de nouveaux r\u00e9seaux d'eau et d'\u00e9gouts.<\/li>\n<li><strong><a href=\"https:\/\/canalizadordelisboa.pt\/fr\/maintenance-preventive\/\">Maintenance pr\u00e9ventive<\/a><\/strong><br \/>\nDes inspections r\u00e9guli\u00e8res pour pr\u00e9venir les probl\u00e8mes de plomberie.<\/li>\n<li><strong><a href=\"https:\/\/canalizadordelisboa.pt\/fr\/installation-de-robinets-et-de-vannes\/\">Installation de robinets et de vannes<\/a><\/strong><br \/>\nRemplacement et installation de robinets et de vannes.<\/li>\n<li><strong><a href=\"https:\/\/canalizadordelisboa.pt\/fr\/reparation-et-remplacement-des-toilettes\/\">R\u00e9paration et remplacement des toilettes<\/a><\/strong><br \/>\nR\u00e9parer les fuites et remplacer les toilettes.<\/li>\n<li><strong><a href=\"https:\/\/canalizadordelisboa.pt\/fr\/installation-de-chaudieres-et-de-chauffe-eau\/\">Installation de chaudi\u00e8res et de chauffe-eau<\/a><\/strong><br \/>\nInstallation et entretien de syst\u00e8mes de chauffage de l'eau.<\/li>\n<li><strong><a href=\"https:\/\/canalizadordelisboa.pt\/fr\/detection-des-fuites\/\">D\u00e9tection des fuites<\/a><\/strong><br \/>\nUtilisation de la technologie pour localiser les fuites cach\u00e9es.<\/li>\n<li><strong><a href=\"https:\/\/canalizadordelisboa.pt\/fr\/installation-dun-filtre-a-eau\/\">Installation du filtre \u00e0 eau<\/a><\/strong><br \/>\nInstallation de syst\u00e8mes de filtration pour l'eau potable.<\/li>\n<li><strong><a href=\"https:\/\/canalizadordelisboa.pt\/fr\/linstallation-dappareils-menagers\/\">Installation d'appareils \u00e9lectriques<\/a><\/strong><br \/>\nRaccordement pour lave-linge, lave-vaisselle, etc.<\/li>\n<li><strong><a href=\"https:\/\/canalizadordelisboa.pt\/fr\/reamenagement-de-salles-de-bains-et-de-cuisines\/\">R\u00e9am\u00e9nagement de salles de bains et de cuisines<\/a><\/strong><br \/>\nPlanification et ex\u00e9cution de r\u00e9novations compl\u00e8tes.<\/li>\n<li><strong>Services d'urgence<\/strong><br \/>\nService 24\/7 pour les r\u00e9parations urgentes.<\/li>\n<li><strong><a href=\"https:\/\/canalizadordelisboa.pt\/fr\/reparation-de-la-pompe-a-eau\/\">R\u00e9paration de la pompe \u00e0 eau<\/a><\/strong><br \/>\nEntretien et remplacement des pompes \u00e0 eau.<\/li>\n<li><strong><a href=\"https:\/\/canalizadordelisboa.pt\/fr\/linstallation-de-systemes-dirrigation\/\">Installation de syst\u00e8mes d'irrigation<\/a><\/strong><br \/>\nMise en place de syst\u00e8mes d'irrigation automatique.<\/li>\n<li><strong><a href=\"https:\/\/canalizadordelisboa.pt\/fr\/nettoyage-des-bacs-a-graisse\/\">Nettoyage des bacs \u00e0 graisse<\/a><\/strong><br \/>\nNettoyage et entretien des bacs \u00e0 graisse.<\/li>\n<li><strong><a href=\"https:\/\/canalizadordelisboa.pt\/fr\/installation-de-baignoires-et-de-douches\/\">Installation de baignoires et de douches<\/a><\/strong><br \/>\nInstallation et r\u00e9paration de baignoires et de douches.<\/li>\n<li><strong><a href=\"https:\/\/canalizadordelisboa.pt\/fr\/inspection-par-camera\/\">Inspection par cam\u00e9ra<\/a><\/strong><br \/>\nUtilisation de cam\u00e9ras pour inspecter les canalisations.<\/li>\n<li><strong><a href=\"https:\/\/canalizadordelisboa.pt\/fr\/remplacement-de-la-colonne-deau\/\">Remplacement de la colonne d'eau<\/a><\/strong><\/li>\n<li><strong><a href=\"https:\/\/canalizadordelisboa.pt\/fr\/remplacement-du-receveur-de-douche-lisbonne\/\">Remplacement du receveur de douche Lisbon<\/a><\/strong><\/li>\n<\/ul>\n<p>Plus de services :<br \/>\n<a href=\"https:\/\/canalizadordelisboa.pt\/fr\/reparation-de-robinets\/\">R\u00e9paration des robinets<\/a><\/p>\n<p><a href=\"https:\/\/canalizadordelisboa.pt\/fr\/installation-de-broyeurs-de-dechets-alimentaires\/\">Installation de broyeurs de d\u00e9chets alimentaires<\/a><\/p>\n<p><a href=\"https:\/\/canalizadordelisboa.pt\/fr\/nettoyage-des-tuyaux\/\">Nettoyage des tuyaux<\/a><\/p>\n<p><a href=\"https:\/\/canalizadordelisboa.pt\/fr\/nettoyage-des-drains\/\">Nettoyage des canalisations<\/a><\/p>\n<p><a href=\"https:\/\/canalizadordelisboa.pt\/fr\/reparation-de-chauffe-eau\/\">R\u00e9paration de chauffe-eau<\/a><\/p>\n<p><a href=\"https:\/\/canalizadordelisboa.pt\/fr\/reparation-de-la-douche\/\">R\u00e9paration des douches<\/a><\/p>\n<p><a href=\"https:\/\/canalizadordelisboa.pt\/fr\/reparation-des-fuites\/\">R\u00e9paration des fuites<\/a><\/p>\n<p><a href=\"https:\/\/canalizadordelisboa.pt\/fr\/reamenagement-de-la-salle-de-bains\/\">R\u00e9am\u00e9nagement de la salle de bains<\/a><\/p>\n<p><a href=\"https:\/\/canalizadordelisboa.pt\/fr\/installation-de-lavabos\/\">Installation de lavabos<\/a><\/p>\n<p><a href=\"https:\/\/canalizadordelisboa.pt\/fr\/installation-des-toilettes\/\">Installation des toilettes<\/a><\/p>\n<p><a href=\"https:\/\/canalizadordelisboa.pt\/fr\/assemblage-de-la-cabine-de-douche\/\">Installation de cabines de douche<\/a><\/p>\n<p><a href=\"https:\/\/canalizadordelisboa.pt\/fr\/renovation-de-la-salle-de-bains\/\">R\u00e9novation de la salle de bains<\/a><\/p>\n<p><a href=\"https:\/\/canalizadordelisboa.pt\/fr\/instalacao-de-sifao-de-wc\/\">Installation du siphon WC<\/a><\/p>\n<p><a href=\"https:\/\/canalizadordelisboa.pt\/fr\/peinture-exterieure-lisbonne\/\">Peinture ext\u00e9rieure Lisbonne<\/a><\/p>\n<p><a href=\"https:\/\/canalizadordelisboa.pt\/fr\/demontage-de-radiateur-lisbonne\/\">D\u00e9montage de radiateurs Lisbonne<\/a><\/p>\n<p><a href=\"https:\/\/canalizadordelisboa.pt\/fr\/etancheite-silicone-lisbonne\/\">Joint de silicone Lisbonne<\/a><\/p>\n<p><a href=\"https:\/\/canalizadordelisboa.pt\/fr\/fuites-dans-les-salles-de-bains-lisbonne\/\">Fuites de salle de bains Lisbonne<\/a><\/p>\n<p><a href=\"https:\/\/canalizadordelisboa.pt\/fr\/fuites-de-toit-lisbonne\/\">Fuites de toit Lisbonne<\/a><\/p>\n<p><a href=\"https:\/\/canalizadordelisboa.pt\/fr\/fuites-murales-lisbonne\/\">Fuites murales Lisbonne<\/a><\/p>\n<p><a href=\"https:\/\/canalizadordelisboa.pt\/fr\/remplacement-de-tuyaux-lisbonne\/\">Remplacement de tuyaux Lisbon<\/a><\/p>\n<p><a href=\"https:\/\/canalizadordelisboa.pt\/fr\/reparation-citerne-lisbonne\/\">R\u00e9paration de la citerne Lisbonne<\/a><\/p>\n<p><a href=\"https:\/\/canalizadordelisboa.pt\/fr\/reparation-de-fuites-de-toilettes-lisbonne\/\">R\u00e9paration d'une fuite de toilettes Lisbon<\/a><\/p>\n<p><a href=\"https:\/\/canalizadordelisboa.pt\/fr\/nettoyage-de-bacs-a-graisse-lisbon\/\">Nettoyage des s\u00e9parateurs de graisse Lisbonne<\/a><\/p>\n<p><a href=\"https:\/\/canalizadordelisboa.pt\/fr\/reparation-de-lave-linge-lisbonne\/\">R\u00e9paration de lave-linge Lisbonne<\/a><\/p>\n<p><a href=\"https:\/\/canalizadordelisboa.pt\/fr\/installation-dun-chauffe-eau-electrique-lisbonne\/\">Installation d'un chauffe-eau \u00e9lectrique \u00e0 Lisbonne<\/a><\/p>\n<p><a href=\"https:\/\/canalizadordelisboa.pt\/fr\/installation-de-plomberie-nouveau-lisbonne\/\">Installation de plomberie New Lisbon<\/a><\/p>\n<p><a href=\"https:\/\/canalizadordelisboa.pt\/fr\/plomberie-doeiras\/\">Plomberie \u00e0 Oeiras<\/a><\/p>\n<p><a href=\"https:\/\/canalizadordelisboa.pt\/fr\/installation-sanitaire-lisbonne\/\">Installation sanitaire Lisbonne<\/a><\/p>\n<p><a href=\"https:\/\/canalizadordelisboa.pt\/fr\/installation-de-chauffe-eau-sintra\/\">Installation d'un chauffe-eau \u00e0 Sintra<\/a><\/p>\n<p><a href=\"https:\/\/canalizadordelisboa.pt\/fr\/nettoyage-de-drains-lisbonne-2\/\">Nettoyage de drains Lisbonne<\/a><\/p>\n<p><a href=\"https:\/\/canalizadordelisboa.pt\/fr\/remplacement-dune-baignoire-par-une-douche-lisbonne\/\">Remplacement de baignoires et de douches Lisbon<\/a><\/p>\n<p><a href=\"https:\/\/canalizadordelisboa.pt\/fr\/reparation-du-chariot-de-baignoire-lisbonne\/\">R\u00e9paration de la baignoire Tram Lisbon<\/a><\/p>\n<p><a href=\"https:\/\/canalizadordelisboa.pt\/fr\/platrage-lisbonne\/\">Plomberie Lisbonne<\/a><\/p>\n<p><a href=\"https:\/\/canalizadordelisboa.pt\/fr\/plombier-sintra\/\">Plombier Sintra<\/a><\/p>\n<p><a href=\"https:\/\/canalizadordelisboa.pt\/fr\/plomberie-amadora\/\">Plomberie Amadora<\/a><\/p>\n<p><a href=\"https:\/\/canalizadordelisboa.pt\/fr\/remplacement-de-la-citerne-lisbonne\/\">Remplacement de la citerne Lisbonne<\/a><\/p>\n<p><a href=\"https:\/\/canalizadordelisboa.pt\/fr\/remplacement-de-robinets-lisbon\/\">Remplacement du robinet Lisbon<\/a><\/p>\n<p><a href=\"https:\/\/canalizadordelisboa.pt\/fr\/plombier-cascais\/\">Plombier Cascais<\/a><\/p>\n<p><a href=\"https:\/\/canalizadordelisboa.pt\/fr\/reparation-de-tuyaux-lisbonne\/\">Repara\u00e7\u00e3o de Tubagem<br \/>\nLisboa<\/a><\/p>\n<p><a href=\"https:\/\/canalizadordelisboa.pt\/fr\/plombier-loures\/\">Plombier Loures<\/a><\/p>\n<p><a href=\"https:\/\/canalizadordelisboa.pt\/fr\/reparation-de-plomberie-loures\/\">Plomberie de Loures<\/a><\/p>\n<p><a href=\"https:\/\/canalizadordelisboa.pt\/fr\/deblocage-sintra\/\">Plomberie Sintra<\/a><\/p>\n<p><a href=\"https:\/\/canalizadordelisboa.pt\/fr\/installation-de-chauffe-eau-a-lisbonne\/\">Installation d'un chauffe-eau \u00e0 Lisbonne<\/a><\/p>\n<p><a href=\"https:\/\/canalizadordelisboa.pt\/fr\/fuites-deau-lisbonne\/\">Fuites d'eau Lisbonne<\/a><\/p>\n<p><a href=\"https:\/\/canalizadordelisboa.pt\/fr\/plombier-amadora\/\">Plombier Amadora<\/a><\/p>\n<p><a href=\"https:\/\/canalizadordelisboa.pt\/fr\/deblocage-cascais\/\">Plomberie de Cascais<\/a><\/p>\n<p><a href=\"https:\/\/canalizadordelisboa.pt\/fr\/plomberie-lisbonne\/\">Plomberie Lisbonne<\/a><\/p>\n<p><a href=\"https:\/\/canalizadordelisboa.pt\/fr\/inspection-de-la-plomberie-lisbonne\/\">Inspection de la plomberie Lisbonne<\/a><\/p>\n<p><a href=\"https:\/\/canalizadordelisboa.pt\/fr\/plombier-vila-franca-de-xira\/\">Plombier Vila Franca de Xira<\/a><\/p>\n<p><a href=\"https:\/\/canalizadordelisboa.pt\/fr\/reparation-de-siphon-lisbonne\/\">R\u00e9paration du siphon Lisbonne<\/a><\/p>\n<p><a href=\"https:\/\/canalizadordelisboa.pt\/fr\/lava-loica-installation-lisbon\/\">Installation lave-vaisselle Lisbonne<\/a><\/p>\n<p><a href=\"https:\/\/canalizadordelisboa.pt\/fr\/plomberie-a-vila-franca-de-xira\/\">Plomberie Vila Franca de Xira<\/a><\/p>\n<p><a href=\"https:\/\/canalizadordelisboa.pt\/fr\/reparation-de-valves-lisbonne\/\">R\u00e9paration des vannes Lisbonne<\/a><\/p>\n<p><a href=\"https:\/\/canalizadordelisboa.pt\/fr\/detection-non-invasive-des-fuites-deau-lisbonne\/\">D\u00e9tection non invasive des fuites d'eau Lisbonne<\/a><\/p>\n<p><a href=\"https:\/\/canalizadordelisboa.pt\/fr\/plomberie-odivelas\/\">Drainage d'Odivelas<\/a><\/p>\n<p>Contactez-nous pour plus d'informations !<\/p>","protected":false},"excerpt":{"rendered":"<p>Na Canalizador de Lisboa, oferecemos uma vasta gama de servi\u00e7os para atender todas as suas necessidades de canaliza\u00e7\u00e3o e desentupimentos. Veja abaixo a lista completa dos nossos servi\u00e7os: Repara\u00e7\u00e3o de Canaliza\u00e7\u00f5es Corrigir vazamentos e rupturas em canos de \u00e1gua. Desentupimentos Desobstruir esgotos, pias, ralos e sanit\u00e1rios. Instala\u00e7\u00e3o de Sistemas de Canaliza\u00e7\u00e3o Montagem de novas redes [&hellip;]<\/p>\n","protected":false},"author":1,"featured_media":0,"parent":0,"menu_order":0,"comment_status":"closed","ping_status":"closed","template":"","meta":{"iawp_total_views":407,"footnotes":""},"class_list":["post-2910","page","type-page","status-publish","hentry"],"yoast_head":"<!-- This site is optimized with the Yoast SEO plugin v27.4 - https:\/\/yoast.com\/product\/yoast-seo-wordpress\/ -->\n<title>Servi\u00e7os<\/title>\n<meta name=\"description\" content=\"Servi\u00e7os de canaliza\u00e7\u00e3o em Lisboa e arredores. Oferecemos uma ampla gama de servi\u00e7os, desde repara\u00e7\u00f5es a instala\u00e7\u00f5es completas.\" \/>\n<meta name=\"robots\" content=\"index, follow, max-snippet:-1, max-image-preview:large, max-video-preview:-1\" \/>\n<link rel=\"canonical\" href=\"https:\/\/canalizadordelisboa.pt\/fr\/services\/\" \/>\n<meta property=\"og:locale\" content=\"fr_FR\" \/>\n<meta property=\"og:type\" content=\"article\" \/>\n<meta property=\"og:title\" content=\"Servi\u00e7os\" \/>\n<meta property=\"og:description\" content=\"Servi\u00e7os de canaliza\u00e7\u00e3o em Lisboa e arredores. Oferecemos uma ampla gama de servi\u00e7os, desde repara\u00e7\u00f5es a instala\u00e7\u00f5es completas.\" \/>\n<meta property=\"og:url\" content=\"https:\/\/canalizadordelisboa.pt\/fr\/services\/\" \/>\n<meta property=\"og:site_name\" content=\"Canalizador de Lisboa\" \/>\n<meta property=\"article:modified_time\" content=\"2026-05-04T09:07:54+00:00\" \/>\n<meta name=\"twitter:card\" content=\"summary_large_image\" \/>\n<meta name=\"twitter:label1\" content=\"Dur\u00e9e de lecture estim\u00e9e\" \/>\n\t<meta name=\"twitter:data1\" content=\"3 minutes\" \/>\n<script type=\"application\/ld+json\" class=\"yoast-schema-graph\">{\"@context\":\"https:\\\/\\\/schema.org\",\"@graph\":[{\"@type\":\"WebPage\",\"@id\":\"https:\\\/\\\/canalizadordelisboa.pt\\\/servicos\\\/\",\"url\":\"https:\\\/\\\/canalizadordelisboa.pt\\\/servicos\\\/\",\"name\":\"Servi\u00e7os\",\"isPartOf\":{\"@id\":\"https:\\\/\\\/canalizadordelisboa.pt\\\/#website\"},\"datePublished\":\"2026-04-20T06:42:09+00:00\",\"dateModified\":\"2026-05-04T09:07:54+00:00\",\"description\":\"Servi\u00e7os de canaliza\u00e7\u00e3o em Lisboa e arredores. Oferecemos uma ampla gama de servi\u00e7os, desde repara\u00e7\u00f5es a instala\u00e7\u00f5es completas.\",\"breadcrumb\":{\"@id\":\"https:\\\/\\\/canalizadordelisboa.pt\\\/servicos\\\/#breadcrumb\"},\"inLanguage\":\"fr-FR\",\"potentialAction\":[{\"@type\":\"ReadAction\",\"target\":[\"https:\\\/\\\/canalizadordelisboa.pt\\\/servicos\\\/\"]}]},{\"@type\":\"BreadcrumbList\",\"@id\":\"https:\\\/\\\/canalizadordelisboa.pt\\\/servicos\\\/#breadcrumb\",\"itemListElement\":[{\"@type\":\"ListItem\",\"position\":1,\"name\":\"Accueil\",\"item\":\"https:\\\/\\\/canalizadordelisboa.pt\\\/\"},{\"@type\":\"ListItem\",\"position\":2,\"name\":\"Servi\u00e7os\"}]},{\"@type\":\"WebSite\",\"@id\":\"https:\\\/\\\/canalizadordelisboa.pt\\\/#website\",\"url\":\"https:\\\/\\\/canalizadordelisboa.pt\\\/\",\"name\":\"Canalizador de Lisboa\",\"description\":\"Servi\u00e7os de canaliza\u00e7\u00e3o e desentupimentos de alta qualidade em Lisboa.\",\"potentialAction\":[{\"@type\":\"SearchAction\",\"target\":{\"@type\":\"EntryPoint\",\"urlTemplate\":\"https:\\\/\\\/canalizadordelisboa.pt\\\/?s={search_term_string}\"},\"query-input\":{\"@type\":\"PropertyValueSpecification\",\"valueRequired\":true,\"valueName\":\"search_term_string\"}}],\"inLanguage\":\"fr-FR\"}]}<\/script>\n<!-- \/ Yoast SEO plugin. -->","yoast_head_json":{"title":"Services","description":"Services de plomberie \u00e0 Lisbonne et dans les environs. Nous offrons une large gamme de services, des r\u00e9parations aux installations compl\u00e8tes.","robots":{"index":"index","follow":"follow","max-snippet":"max-snippet:-1","max-image-preview":"max-image-preview:large","max-video-preview":"max-video-preview:-1"},"canonical":"https:\/\/canalizadordelisboa.pt\/fr\/services\/","og_locale":"fr_FR","og_type":"article","og_title":"Servi\u00e7os","og_description":"Servi\u00e7os de canaliza\u00e7\u00e3o em Lisboa e arredores. Oferecemos uma ampla gama de servi\u00e7os, desde repara\u00e7\u00f5es a instala\u00e7\u00f5es completas.","og_url":"https:\/\/canalizadordelisboa.pt\/fr\/services\/","og_site_name":"Canalizador de Lisboa","article_modified_time":"2026-05-04T09:07:54+00:00","twitter_card":"summary_large_image","twitter_misc":{"Dur\u00e9e de lecture estim\u00e9e":"3 minutes"},"schema":{"@context":"https:\/\/schema.org","@graph":[{"@type":"WebPage","@id":"https:\/\/canalizadordelisboa.pt\/servicos\/","url":"https:\/\/canalizadordelisboa.pt\/servicos\/","name":"Services","isPartOf":{"@id":"https:\/\/canalizadordelisboa.pt\/#website"},"datePublished":"2026-04-20T06:42:09+00:00","dateModified":"2026-05-04T09:07:54+00:00","description":"Services de plomberie \u00e0 Lisbonne et dans les environs. Nous offrons une large gamme de services, des r\u00e9parations aux installations compl\u00e8tes.","breadcrumb":{"@id":"https:\/\/canalizadordelisboa.pt\/servicos\/#breadcrumb"},"inLanguage":"fr-FR","potentialAction":[{"@type":"ReadAction","target":["https:\/\/canalizadordelisboa.pt\/servicos\/"]}]},{"@type":"BreadcrumbList","@id":"https:\/\/canalizadordelisboa.pt\/servicos\/#breadcrumb","itemListElement":[{"@type":"ListItem","position":1,"name":"Accueil","item":"https:\/\/canalizadordelisboa.pt\/"},{"@type":"ListItem","position":2,"name":"Servi\u00e7os"}]},{"@type":"WebSite","@id":"https:\/\/canalizadordelisboa.pt\/#website","url":"https:\/\/canalizadordelisboa.pt\/","name":"Canalizador de Lisboa","description":"Services de plomberie et de drainage de haute qualit\u00e9 \u00e0 Lisbonne.","potentialAction":[{"@type":"SearchAction","target":{"@type":"EntryPoint","urlTemplate":"https:\/\/canalizadordelisboa.pt\/?s={search_term_string}"},"query-input":{"@type":"PropertyValueSpecification","valueRequired":true,"valueName":"search_term_string"}}],"inLanguage":"fr-FR"}]}},"_links":{"self":[{"href":"https:\/\/canalizadordelisboa.pt\/fr\/wp-json\/wp\/v2\/pages\/2910","targetHints":{"allow":["GET"]}}],"collection":[{"href":"https:\/\/canalizadordelisboa.pt\/fr\/wp-json\/wp\/v2\/pages"}],"about":[{"href":"https:\/\/canalizadordelisboa.pt\/fr\/wp-json\/wp\/v2\/types\/page"}],"author":[{"embeddable":true,"href":"https:\/\/canalizadordelisboa.pt\/fr\/wp-json\/wp\/v2\/users\/1"}],"replies":[{"embeddable":true,"href":"https:\/\/canalizadordelisboa.pt\/fr\/wp-json\/wp\/v2\/comments?post=2910"}],"version-history":[{"count":45,"href":"https:\/\/canalizadordelisboa.pt\/fr\/wp-json\/wp\/v2\/pages\/2910\/revisions"}],"predecessor-version":[{"id":3868,"href":"https:\/\/canalizadordelisboa.pt\/fr\/wp-json\/wp\/v2\/pages\/2910\/revisions\/3868"}],"wp:attachment":[{"href":"https:\/\/canalizadordelisboa.pt\/fr\/wp-json\/wp\/v2\/media?parent=2910"}],"curies":[{"name":"wp","href":"https:\/\/api.w.org\/{rel}","templated":true}]}}