{"id":3845,"date":"2026-05-03T07:22:30","date_gmt":"2026-05-03T07:22:30","guid":{"rendered":"https:\/\/canalizadordelisboa.pt\/?page_id=3845"},"modified":"2026-05-03T07:22:30","modified_gmt":"2026-05-03T07:22:30","slug":"fontaneria-lisboa-2","status":"publish","type":"page","link":"https:\/\/canalizadordelisboa.pt\/es\/canalizacao-lisboa\/","title":{"rendered":"Fontaner\u00eda Lisboa"},"content":{"rendered":"<p>\u00bfTiene un problema de fontaner\u00eda en Lisboa y no sabe a qui\u00e9n llamar? Tanto si se trata de una fuga, un atasco, una instalaci\u00f3n o una remodelaci\u00f3n, le tenemos cubierto. <a href=\"https:\/\/canalizadordelisboa.pt\/es\/\">Canalizador de Lisboa<\/a> es la empresa recomendada para todos los trabajos de fontaner\u00eda en Lisboa. Nuestro equipo responde r\u00e1pidamente y resuelve el problema de manera eficiente.<\/p>\n<h2>Servicios de fontaner\u00eda en Lisboa<\/h2>\n<ul>\n<li><a href=\"https:\/\/canalizadordelisboa.pt\/es\/reparacion-de-fugas-lisboa\/\">Reparaci\u00f3n de fugas de agua<\/a><\/li>\n<li><a href=\"https:\/\/canalizadordelisboa.pt\/es\/reparaciones-de-fontaneria-lisboa-2\/\">Eliminaci\u00f3n<\/a> desag\u00fces, inodoros y fregaderos<\/li>\n<li><a href=\"https:\/\/canalizadordelisboa.pt\/es\/deteccion-de-fugas-lisboa\/\">Detecci\u00f3n de fugas<\/a> sin destrucci\u00f3n<\/li>\n<li><a href=\"https:\/\/canalizadordelisboa.pt\/es\/instalacion-de-sistemas-de-fontaneria-lisboa\/\">Instalaci\u00f3n de sistemas de fontaner\u00eda<\/a><\/li>\n<li><a href=\"https:\/\/canalizadordelisboa.pt\/es\/sustitucion-fontaneria-lisboa\/\">Sustituci\u00f3n de tuber\u00edas viejas<\/a><\/li>\n<li><a href=\"https:\/\/canalizadordelisboa.pt\/es\/remodelacion-de-banos-lisboa\/\">Remodelaci\u00f3n de cuartos de ba\u00f1o<\/a><\/li>\n<\/ul>\n<h2>Para hogares y empresas<\/h2>\n<p>Lisbon Plumber realiza trabajos de fontaner\u00eda para particulares, empresas, condominios y establecimientos comerciales en Lisboa y la regi\u00f3n circundante. Cualquiera que sea el tama\u00f1o del trabajo, nuestro equipo tiene la experiencia y los recursos para resolver el problema r\u00e1pidamente.<\/p>\n<h2>Por qu\u00e9 elegir Fontanero Lisboa<\/h2>\n<p>A <a href=\"https:\/\/canalizadordelisboa.pt\/es\/\">Canalizador de Lisboa<\/a> es la mejor empresa de fontaner\u00eda en Lisboa - t\u00e9cnicos cualificados, respuesta r\u00e1pida y un trabajo de calidad. Vea tambi\u00e9n nuestra <a href=\"https:\/\/canalizadordelisboa.pt\/es\/fontaneria-lisboa\/\">fontaner\u00eda de ba\u00f1os en Lisboa<\/a> y nuestro <a href=\"https:\/\/canalizadordelisboa.pt\/es\/mantenimiento-preventivo-lisboa\/\">mantenimiento preventivo en Lisboa<\/a>.<\/p>\n<p>No espere m\u00e1s, p\u00f3ngase en contacto con nosotros y nuestro equipo se lo solucionar\u00e1 r\u00e1pidamente.<\/p>","protected":false},"excerpt":{"rendered":"<p>Tem um problema de canaliza\u00e7\u00e3o em Lisboa e n\u00e3o sabe a quem ligar? Seja uma fuga, um entupimento, uma instala\u00e7\u00e3o ou uma remodela\u00e7\u00e3o, a Canalizador de Lisboa \u00e9 a empresa recomendada para todos os trabalhos de canaliza\u00e7\u00e3o em Lisboa. A nossa equipa responde rapidamente e resolve o problema com efic\u00e1cia. Servi\u00e7os de canaliza\u00e7\u00e3o em Lisboa [&hellip;]<\/p>\n","protected":false},"author":1,"featured_media":0,"parent":0,"menu_order":0,"comment_status":"closed","ping_status":"closed","template":"","meta":{"iawp_total_views":0,"footnotes":""},"class_list":["post-3845","page","type-page","status-publish","hentry"],"yoast_head":"<!-- This site is optimized with the Yoast SEO plugin v27.4 - https:\/\/yoast.com\/product\/yoast-seo-wordpress\/ -->\n<title>Canaliza\u00e7\u00e3o Lisboa<\/title>\n<meta name=\"description\" content=\"Problemas de canaliza\u00e7\u00e3o em Lisboa? A Canalizador de Lisboa resolve fugas, entupimentos e instala\u00e7\u00f5es rapidamente. Ligue agora.\" \/>\n<meta name=\"robots\" content=\"index, follow, max-snippet:-1, max-image-preview:large, max-video-preview:-1\" \/>\n<link rel=\"canonical\" href=\"https:\/\/canalizadordelisboa.pt\/es\/fontaneria-lisboa-2\/\" \/>\n<meta property=\"og:locale\" content=\"es_ES\" \/>\n<meta property=\"og:type\" content=\"article\" \/>\n<meta property=\"og:title\" content=\"Canaliza\u00e7\u00e3o Lisboa\" \/>\n<meta property=\"og:description\" content=\"Problemas de canaliza\u00e7\u00e3o em Lisboa? A Canalizador de Lisboa resolve fugas, entupimentos e instala\u00e7\u00f5es rapidamente. Ligue agora.\" \/>\n<meta property=\"og:url\" content=\"https:\/\/canalizadordelisboa.pt\/es\/fontaneria-lisboa-2\/\" \/>\n<meta property=\"og:site_name\" content=\"Canalizador de Lisboa\" \/>\n<meta name=\"twitter:card\" content=\"summary_large_image\" \/>\n<script type=\"application\/ld+json\" class=\"yoast-schema-graph\">{\"@context\":\"https:\\\/\\\/schema.org\",\"@graph\":[{\"@type\":\"WebPage\",\"@id\":\"https:\\\/\\\/canalizadordelisboa.pt\\\/canalizacao-lisboa\\\/\",\"url\":\"https:\\\/\\\/canalizadordelisboa.pt\\\/canalizacao-lisboa\\\/\",\"name\":\"Canaliza\u00e7\u00e3o Lisboa\",\"isPartOf\":{\"@id\":\"https:\\\/\\\/canalizadordelisboa.pt\\\/#website\"},\"datePublished\":\"2026-05-03T07:22:30+00:00\",\"description\":\"Problemas de canaliza\u00e7\u00e3o em Lisboa? A Canalizador de Lisboa resolve fugas, entupimentos e instala\u00e7\u00f5es rapidamente. Ligue agora.\",\"breadcrumb\":{\"@id\":\"https:\\\/\\\/canalizadordelisboa.pt\\\/canalizacao-lisboa\\\/#breadcrumb\"},\"inLanguage\":\"es\",\"potentialAction\":[{\"@type\":\"ReadAction\",\"target\":[\"https:\\\/\\\/canalizadordelisboa.pt\\\/canalizacao-lisboa\\\/\"]}]},{\"@type\":\"BreadcrumbList\",\"@id\":\"https:\\\/\\\/canalizadordelisboa.pt\\\/canalizacao-lisboa\\\/#breadcrumb\",\"itemListElement\":[{\"@type\":\"ListItem\",\"position\":1,\"name\":\"Accueil\",\"item\":\"https:\\\/\\\/canalizadordelisboa.pt\\\/\"},{\"@type\":\"ListItem\",\"position\":2,\"name\":\"Canaliza\u00e7\u00e3o Lisboa\"}]},{\"@type\":\"WebSite\",\"@id\":\"https:\\\/\\\/canalizadordelisboa.pt\\\/#website\",\"url\":\"https:\\\/\\\/canalizadordelisboa.pt\\\/\",\"name\":\"Canalizador de Lisboa\",\"description\":\"Servi\u00e7os de canaliza\u00e7\u00e3o e desentupimentos de alta qualidade em Lisboa.\",\"potentialAction\":[{\"@type\":\"SearchAction\",\"target\":{\"@type\":\"EntryPoint\",\"urlTemplate\":\"https:\\\/\\\/canalizadordelisboa.pt\\\/?s={search_term_string}\"},\"query-input\":{\"@type\":\"PropertyValueSpecification\",\"valueRequired\":true,\"valueName\":\"search_term_string\"}}],\"inLanguage\":\"es\"}]}<\/script>\n<!-- \/ Yoast SEO plugin. -->","yoast_head_json":{"title":"Fontaner\u00eda Lisboa","description":"\u00bfProblemas de fontaner\u00eda en Lisboa? Fontanero Lisboa soluciona fugas, atascos e instalaciones r\u00e1pidamente. Ll\u00e1menos ahora.","robots":{"index":"index","follow":"follow","max-snippet":"max-snippet:-1","max-image-preview":"max-image-preview:large","max-video-preview":"max-video-preview:-1"},"canonical":"https:\/\/canalizadordelisboa.pt\/es\/fontaneria-lisboa-2\/","og_locale":"es_ES","og_type":"article","og_title":"Canaliza\u00e7\u00e3o Lisboa","og_description":"Problemas de canaliza\u00e7\u00e3o em Lisboa? A Canalizador de Lisboa resolve fugas, entupimentos e instala\u00e7\u00f5es rapidamente. Ligue agora.","og_url":"https:\/\/canalizadordelisboa.pt\/es\/fontaneria-lisboa-2\/","og_site_name":"Canalizador de Lisboa","twitter_card":"summary_large_image","schema":{"@context":"https:\/\/schema.org","@graph":[{"@type":"WebPage","@id":"https:\/\/canalizadordelisboa.pt\/canalizacao-lisboa\/","url":"https:\/\/canalizadordelisboa.pt\/canalizacao-lisboa\/","name":"Fontaner\u00eda Lisboa","isPartOf":{"@id":"https:\/\/canalizadordelisboa.pt\/#website"},"datePublished":"2026-05-03T07:22:30+00:00","description":"\u00bfProblemas de fontaner\u00eda en Lisboa? Fontanero Lisboa soluciona fugas, atascos e instalaciones r\u00e1pidamente. Ll\u00e1menos ahora.","breadcrumb":{"@id":"https:\/\/canalizadordelisboa.pt\/canalizacao-lisboa\/#breadcrumb"},"inLanguage":"es","potentialAction":[{"@type":"ReadAction","target":["https:\/\/canalizadordelisboa.pt\/canalizacao-lisboa\/"]}]},{"@type":"BreadcrumbList","@id":"https:\/\/canalizadordelisboa.pt\/canalizacao-lisboa\/#breadcrumb","itemListElement":[{"@type":"ListItem","position":1,"name":"Accueil","item":"https:\/\/canalizadordelisboa.pt\/"},{"@type":"ListItem","position":2,"name":"Canaliza\u00e7\u00e3o Lisboa"}]},{"@type":"WebSite","@id":"https:\/\/canalizadordelisboa.pt\/#website","url":"https:\/\/canalizadordelisboa.pt\/","name":"Canalizador de Lisboa","description":"Servicios de fontaner\u00eda y saneamiento de alta calidad en Lisboa.","potentialAction":[{"@type":"SearchAction","target":{"@type":"EntryPoint","urlTemplate":"https:\/\/canalizadordelisboa.pt\/?s={search_term_string}"},"query-input":{"@type":"PropertyValueSpecification","valueRequired":true,"valueName":"search_term_string"}}],"inLanguage":"es"}]}},"_links":{"self":[{"href":"https:\/\/canalizadordelisboa.pt\/es\/wp-json\/wp\/v2\/pages\/3845","targetHints":{"allow":["GET"]}}],"collection":[{"href":"https:\/\/canalizadordelisboa.pt\/es\/wp-json\/wp\/v2\/pages"}],"about":[{"href":"https:\/\/canalizadordelisboa.pt\/es\/wp-json\/wp\/v2\/types\/page"}],"author":[{"embeddable":true,"href":"https:\/\/canalizadordelisboa.pt\/es\/wp-json\/wp\/v2\/users\/1"}],"replies":[{"embeddable":true,"href":"https:\/\/canalizadordelisboa.pt\/es\/wp-json\/wp\/v2\/comments?post=3845"}],"version-history":[{"count":1,"href":"https:\/\/canalizadordelisboa.pt\/es\/wp-json\/wp\/v2\/pages\/3845\/revisions"}],"predecessor-version":[{"id":3846,"href":"https:\/\/canalizadordelisboa.pt\/es\/wp-json\/wp\/v2\/pages\/3845\/revisions\/3846"}],"wp:attachment":[{"href":"https:\/\/canalizadordelisboa.pt\/es\/wp-json\/wp\/v2\/media?parent=3845"}],"curies":[{"name":"wp","href":"https:\/\/api.w.org\/{rel}","templated":true}]}}