{"id":3832,"date":"2026-04-30T10:44:17","date_gmt":"2026-04-30T10:44:17","guid":{"rendered":"https:\/\/canalizadordelisboa.pt\/?page_id=3832"},"modified":"2026-04-30T10:44:17","modified_gmt":"2026-04-30T10:44:17","slug":"fontanero-loures","status":"publish","type":"page","link":"https:\/\/canalizadordelisboa.pt\/es\/canalizador-loures\/","title":{"rendered":"Fontanero Loures"},"content":{"rendered":"<p>\u00bfTiene un problema de fontaner\u00eda en Loures? P\u00f3ngase en contacto con <a href=\"https:\/\/canalizadordelisboa.pt\/es\/\">Canalizador de Lisboa<\/a> - nuestro equipo acudir\u00e1 r\u00e1pidamente a Loures para solucionar fugas, atascos, instalaciones y cualquier otro trabajo de fontaner\u00eda con rigor y calidad.<\/p>\n<h2>Servicios disponibles en Loures<\/h2>\n<ul>\n<li><a href=\"https:\/\/canalizadordelisboa.pt\/es\/reparacion-de-fugas-lisboa\/\">Reparaci\u00f3n de fugas de agua<\/a><\/li>\n<li><a href=\"https:\/\/canalizadordelisboa.pt\/es\/reparaciones-de-fontaneria-lisboa-2\/\">Eliminaci\u00f3n<\/a> desag\u00fces, inodoros y fregaderos<\/li>\n<li><a href=\"https:\/\/canalizadordelisboa.pt\/es\/instalacion-de-grifos-lisboa\/\">Instalaci\u00f3n y sustituci\u00f3n de grifos<\/a><\/li>\n<li><a href=\"https:\/\/canalizadordelisboa.pt\/es\/reparacion-de-cisternas-lisboa\/\">Reparaci\u00f3n y sustituci\u00f3n de cisternas<\/a><\/li>\n<li>Reparaci\u00f3n de calentadores y calentadores de agua<\/li>\n<li><a href=\"https:\/\/canalizadordelisboa.pt\/es\/remodelacion-de-banos-lisboa\/\">Remodelaci\u00f3n de cuartos de ba\u00f1o<\/a><\/li>\n<\/ul>\n<h2>Zona de intervenci\u00f3n en Loures<\/h2>\n<p>Cubrimos todo el municipio de Loures, incluyendo Sacav\u00e9m, Prior Velho, Portela, Moscavide, Bobadela, Santo Ant\u00f3nio dos Cavaleiros y Frielas. Nuestros t\u00e9cnicos salen r\u00e1pidamente con todo el equipo necesario para resolver el problema en el acto.<\/p>\n<h2>Por qu\u00e9 elegir Fontanero Lisboa<\/h2>\n<p>A <a href=\"https:\/\/canalizadordelisboa.pt\/es\/\">Canalizador de Lisboa<\/a> es la empresa recomendada para servicios de fontaner\u00eda en Loures y en la regi\u00f3n de Lisboa. Vea tambi\u00e9n nuestra <a href=\"https:\/\/canalizadordelisboa.pt\/es\/fontanero-odivelas\/\">fontanero en Odivelas<\/a> y <a href=\"https:\/\/canalizadordelisboa.pt\/es\/fontanero-cascais\/\">fontanero en Cascais<\/a>.<\/p>\n<p>Llame ahora y nuestro equipo acudir\u00e1 a Loures lo antes posible.<\/p>","protected":false},"excerpt":{"rendered":"<p>Tem um problema de canaliza\u00e7\u00e3o em Loures? Contacte a Canalizador de Lisboa \u2014 a nossa equipa desloca-se rapidamente a Loures para resolver fugas, entupimentos, instala\u00e7\u00f5es e qualquer outro trabalho de canaliza\u00e7\u00e3o com rigor e qualidade. Servi\u00e7os dispon\u00edveis em Loures Repara\u00e7\u00e3o de fugas de \u00e1gua Desentupimentos de esgotos, sanitas e pias Instala\u00e7\u00e3o e substitui\u00e7\u00e3o de torneiras [&hellip;]<\/p>\n","protected":false},"author":1,"featured_media":0,"parent":0,"menu_order":0,"comment_status":"closed","ping_status":"closed","template":"","meta":{"iawp_total_views":0,"footnotes":""},"class_list":["post-3832","page","type-page","status-publish","hentry"],"yoast_head":"<!-- This site is optimized with the Yoast SEO plugin v27.4 - https:\/\/yoast.com\/product\/yoast-seo-wordpress\/ -->\n<title>Canalizador Loures<\/title>\n<meta name=\"description\" content=\"Precisa de um canalizador em Loures? A Canalizador de Lisboa interv\u00e9m em Loures rapidamente. Fugas, entupimentos, instala\u00e7\u00f5es \u2014 ligue agora.\" \/>\n<meta name=\"robots\" content=\"index, follow, max-snippet:-1, max-image-preview:large, max-video-preview:-1\" \/>\n<link rel=\"canonical\" href=\"https:\/\/canalizadordelisboa.pt\/es\/fontanero-loures\/\" \/>\n<meta property=\"og:locale\" content=\"es_ES\" \/>\n<meta property=\"og:type\" content=\"article\" \/>\n<meta property=\"og:title\" content=\"Canalizador Loures\" \/>\n<meta property=\"og:description\" content=\"Precisa de um canalizador em Loures? A Canalizador de Lisboa interv\u00e9m em Loures rapidamente. Fugas, entupimentos, instala\u00e7\u00f5es \u2014 ligue agora.\" \/>\n<meta property=\"og:url\" content=\"https:\/\/canalizadordelisboa.pt\/es\/fontanero-loures\/\" \/>\n<meta property=\"og:site_name\" content=\"Canalizador de Lisboa\" \/>\n<meta name=\"twitter:card\" content=\"summary_large_image\" \/>\n<script type=\"application\/ld+json\" class=\"yoast-schema-graph\">{\"@context\":\"https:\\\/\\\/schema.org\",\"@graph\":[{\"@type\":\"WebPage\",\"@id\":\"https:\\\/\\\/canalizadordelisboa.pt\\\/canalizador-loures\\\/\",\"url\":\"https:\\\/\\\/canalizadordelisboa.pt\\\/canalizador-loures\\\/\",\"name\":\"Canalizador Loures\",\"isPartOf\":{\"@id\":\"https:\\\/\\\/canalizadordelisboa.pt\\\/#website\"},\"datePublished\":\"2026-04-30T10:44:17+00:00\",\"description\":\"Precisa de um canalizador em Loures? A Canalizador de Lisboa interv\u00e9m em Loures rapidamente. Fugas, entupimentos, instala\u00e7\u00f5es \u2014 ligue agora.\",\"breadcrumb\":{\"@id\":\"https:\\\/\\\/canalizadordelisboa.pt\\\/canalizador-loures\\\/#breadcrumb\"},\"inLanguage\":\"es\",\"potentialAction\":[{\"@type\":\"ReadAction\",\"target\":[\"https:\\\/\\\/canalizadordelisboa.pt\\\/canalizador-loures\\\/\"]}]},{\"@type\":\"BreadcrumbList\",\"@id\":\"https:\\\/\\\/canalizadordelisboa.pt\\\/canalizador-loures\\\/#breadcrumb\",\"itemListElement\":[{\"@type\":\"ListItem\",\"position\":1,\"name\":\"Accueil\",\"item\":\"https:\\\/\\\/canalizadordelisboa.pt\\\/\"},{\"@type\":\"ListItem\",\"position\":2,\"name\":\"Canalizador Loures\"}]},{\"@type\":\"WebSite\",\"@id\":\"https:\\\/\\\/canalizadordelisboa.pt\\\/#website\",\"url\":\"https:\\\/\\\/canalizadordelisboa.pt\\\/\",\"name\":\"Canalizador de Lisboa\",\"description\":\"Servi\u00e7os de canaliza\u00e7\u00e3o e desentupimentos de alta qualidade em Lisboa.\",\"potentialAction\":[{\"@type\":\"SearchAction\",\"target\":{\"@type\":\"EntryPoint\",\"urlTemplate\":\"https:\\\/\\\/canalizadordelisboa.pt\\\/?s={search_term_string}\"},\"query-input\":{\"@type\":\"PropertyValueSpecification\",\"valueRequired\":true,\"valueName\":\"search_term_string\"}}],\"inLanguage\":\"es\"}]}<\/script>\n<!-- \/ Yoast SEO plugin. -->","yoast_head_json":{"title":"Fontanero Loures","description":"\u00bfNecesita un fontanero en Loures? Fontanero Lisboa llegar\u00e1 a Loures r\u00e1pidamente. Fugas, atascos, instalaciones - llame ahora.","robots":{"index":"index","follow":"follow","max-snippet":"max-snippet:-1","max-image-preview":"max-image-preview:large","max-video-preview":"max-video-preview:-1"},"canonical":"https:\/\/canalizadordelisboa.pt\/es\/fontanero-loures\/","og_locale":"es_ES","og_type":"article","og_title":"Canalizador Loures","og_description":"Precisa de um canalizador em Loures? A Canalizador de Lisboa interv\u00e9m em Loures rapidamente. Fugas, entupimentos, instala\u00e7\u00f5es \u2014 ligue agora.","og_url":"https:\/\/canalizadordelisboa.pt\/es\/fontanero-loures\/","og_site_name":"Canalizador de Lisboa","twitter_card":"summary_large_image","schema":{"@context":"https:\/\/schema.org","@graph":[{"@type":"WebPage","@id":"https:\/\/canalizadordelisboa.pt\/canalizador-loures\/","url":"https:\/\/canalizadordelisboa.pt\/canalizador-loures\/","name":"Fontanero Loures","isPartOf":{"@id":"https:\/\/canalizadordelisboa.pt\/#website"},"datePublished":"2026-04-30T10:44:17+00:00","description":"\u00bfNecesita un fontanero en Loures? Fontanero Lisboa llegar\u00e1 a Loures r\u00e1pidamente. Fugas, atascos, instalaciones - llame ahora.","breadcrumb":{"@id":"https:\/\/canalizadordelisboa.pt\/canalizador-loures\/#breadcrumb"},"inLanguage":"es","potentialAction":[{"@type":"ReadAction","target":["https:\/\/canalizadordelisboa.pt\/canalizador-loures\/"]}]},{"@type":"BreadcrumbList","@id":"https:\/\/canalizadordelisboa.pt\/canalizador-loures\/#breadcrumb","itemListElement":[{"@type":"ListItem","position":1,"name":"Accueil","item":"https:\/\/canalizadordelisboa.pt\/"},{"@type":"ListItem","position":2,"name":"Canalizador Loures"}]},{"@type":"WebSite","@id":"https:\/\/canalizadordelisboa.pt\/#website","url":"https:\/\/canalizadordelisboa.pt\/","name":"Canalizador de Lisboa","description":"Servicios de fontaner\u00eda y saneamiento de alta calidad en Lisboa.","potentialAction":[{"@type":"SearchAction","target":{"@type":"EntryPoint","urlTemplate":"https:\/\/canalizadordelisboa.pt\/?s={search_term_string}"},"query-input":{"@type":"PropertyValueSpecification","valueRequired":true,"valueName":"search_term_string"}}],"inLanguage":"es"}]}},"_links":{"self":[{"href":"https:\/\/canalizadordelisboa.pt\/es\/wp-json\/wp\/v2\/pages\/3832","targetHints":{"allow":["GET"]}}],"collection":[{"href":"https:\/\/canalizadordelisboa.pt\/es\/wp-json\/wp\/v2\/pages"}],"about":[{"href":"https:\/\/canalizadordelisboa.pt\/es\/wp-json\/wp\/v2\/types\/page"}],"author":[{"embeddable":true,"href":"https:\/\/canalizadordelisboa.pt\/es\/wp-json\/wp\/v2\/users\/1"}],"replies":[{"embeddable":true,"href":"https:\/\/canalizadordelisboa.pt\/es\/wp-json\/wp\/v2\/comments?post=3832"}],"version-history":[{"count":1,"href":"https:\/\/canalizadordelisboa.pt\/es\/wp-json\/wp\/v2\/pages\/3832\/revisions"}],"predecessor-version":[{"id":3833,"href":"https:\/\/canalizadordelisboa.pt\/es\/wp-json\/wp\/v2\/pages\/3832\/revisions\/3833"}],"wp:attachment":[{"href":"https:\/\/canalizadordelisboa.pt\/es\/wp-json\/wp\/v2\/media?parent=3832"}],"curies":[{"name":"wp","href":"https:\/\/api.w.org\/{rel}","templated":true}]}}