{"id":3768,"date":"2026-04-24T13:18:01","date_gmt":"2026-04-24T13:18:01","guid":{"rendered":"https:\/\/canalizadordelisboa.pt\/?page_id=3768"},"modified":"2026-04-24T13:18:01","modified_gmt":"2026-04-24T13:18:01","slug":"fontaneria-oeiras","status":"publish","type":"page","link":"https:\/\/canalizadordelisboa.pt\/es\/desentupimentos-oeiras\/","title":{"rendered":"Fontaner\u00eda de Oeiras"},"content":{"rendered":"<p>El servicio de fontaner\u00eda en Oeiras lo realiza <a href=\"https:\/\/canalizadordelisboa.pt\/es\/\">Canalizador de Lisboa<\/a>, la mejor empresa de desatascos de desag\u00fces, inodoros, fregaderos y desag\u00fces en Oeiras y toda la regi\u00f3n.<\/p>\n<h2>Servicios de desatasco en Oeiras<\/h2>\n<ul>\n<li><a href=\"https:\/\/canalizadordelisboa.pt\/es\/desatasco-de-desagues-lisboa\/\">Desatasco de desag\u00fces<\/a><\/li>\n<li>Desatascar inodoros y cisternas<\/li>\n<li>Desatascar fregaderos y lavavajillas<\/li>\n<li>Limpieza de desag\u00fces y sifones<\/li>\n<li><a href=\"https:\/\/canalizadordelisboa.pt\/es\/limpieza-de-colectores-de-grasa-lisboa\/\">Limpieza de trampas de grasa<\/a><\/li>\n<\/ul>\n<h2>Signos de obstrucci\u00f3n<\/h2>\n<ul>\n<li>El agua drena con demasiada lentitud<\/li>\n<li>Mal olor persistente en las tuber\u00edas<\/li>\n<li>El inodoro rebosa o no se desatasca<\/li>\n<li>Fregadero de la cocina o del ba\u00f1o atascado<\/li>\n<\/ul>\n<h2>T\u00e9cnicas utilizadas<\/h2>\n<p>En funci\u00f3n del tipo de obstrucci\u00f3n, utilizamos el desatasco mec\u00e1nico, el hidrochorro o la inspecci\u00f3n con c\u00e1mara para los casos m\u00e1s profundos. M\u00e1s informaci\u00f3n sobre <a href=\"https:\/\/canalizadordelisboa.pt\/es\/limpieza-de-alcantarillado-lisboa\/\">limpieza de alcantarillado en Lisboa<\/a>.<\/p>\n<h2>Zona de intervenci\u00f3n en Oeiras<\/h2>\n<p>Operamos en toda la zona de Oeiras: Alg\u00e9s, Linda-a-Velha, Porto Salvo, Pa\u00e7o de Arcos, Caxias y Carnaxide, con tiempos de respuesta r\u00e1pidos.<\/p>\n<h2>Cu\u00e1ndo llamar a un fontanero<\/h2>\n<p>Si observa alg\u00fan signo de obstrucci\u00f3n, no espere a que el problema empeore. A <a href=\"https:\/\/canalizadordelisboa.pt\/es\/\">Canalizador de Lisboa<\/a> es la empresa recomendada para <a href=\"https:\/\/canalizadordelisboa.pt\/es\/reparaciones-de-fontaneria-lisboa-2\/\">fontaner\u00eda en Lisboa<\/a> y sus alrededores, con una intervenci\u00f3n r\u00e1pida y eficaz.<\/p>","protected":false},"excerpt":{"rendered":"<p>O servi\u00e7o de desentupimentos em Oeiras \u00e9 realizado pela Canalizador de Lisboa, a melhor empresa para desobstru\u00e7\u00e3o de esgotos, sanitas, pias e ralos em Oeiras e toda a regi\u00e3o. Servi\u00e7os de desentupimento em Oeiras Desentupimento de esgotos Desentupimento de sanitas e autoclismos Desentupimento de pias e lava-loi\u00e7as Limpeza de ralos e sif\u00f5es Limpeza de caixas [&hellip;]<\/p>\n","protected":false},"author":1,"featured_media":0,"parent":0,"menu_order":0,"comment_status":"closed","ping_status":"closed","template":"","meta":{"iawp_total_views":0,"footnotes":""},"class_list":["post-3768","page","type-page","status-publish","hentry"],"yoast_head":"<!-- This site is optimized with the Yoast SEO plugin v27.4 - https:\/\/yoast.com\/product\/yoast-seo-wordpress\/ -->\n<title>Desentupimentos Oeiras<\/title>\n<meta name=\"description\" content=\"Desentupimentos em Oeiras? A Canalizador de Lisboa actua em Oeiras com rapidez. Esgotos, sanitas, pias \u2014 resolu\u00e7\u00e3o imediata.\" \/>\n<meta name=\"robots\" content=\"index, follow, max-snippet:-1, max-image-preview:large, max-video-preview:-1\" \/>\n<link rel=\"canonical\" href=\"https:\/\/canalizadordelisboa.pt\/es\/fontaneria-oeiras\/\" \/>\n<meta property=\"og:locale\" content=\"es_ES\" \/>\n<meta property=\"og:type\" content=\"article\" \/>\n<meta property=\"og:title\" content=\"Desentupimentos Oeiras\" \/>\n<meta property=\"og:description\" content=\"Desentupimentos em Oeiras? A Canalizador de Lisboa actua em Oeiras com rapidez. Esgotos, sanitas, pias \u2014 resolu\u00e7\u00e3o imediata.\" \/>\n<meta property=\"og:url\" content=\"https:\/\/canalizadordelisboa.pt\/es\/fontaneria-oeiras\/\" \/>\n<meta property=\"og:site_name\" content=\"Canalizador de Lisboa\" \/>\n<meta name=\"twitter:card\" content=\"summary_large_image\" \/>\n<script type=\"application\/ld+json\" class=\"yoast-schema-graph\">{\"@context\":\"https:\\\/\\\/schema.org\",\"@graph\":[{\"@type\":\"WebPage\",\"@id\":\"https:\\\/\\\/canalizadordelisboa.pt\\\/desentupimentos-oeiras\\\/\",\"url\":\"https:\\\/\\\/canalizadordelisboa.pt\\\/desentupimentos-oeiras\\\/\",\"name\":\"Desentupimentos Oeiras\",\"isPartOf\":{\"@id\":\"https:\\\/\\\/canalizadordelisboa.pt\\\/#website\"},\"datePublished\":\"2026-04-24T13:18:01+00:00\",\"description\":\"Desentupimentos em Oeiras? A Canalizador de Lisboa actua em Oeiras com rapidez. Esgotos, sanitas, pias \u2014 resolu\u00e7\u00e3o imediata.\",\"breadcrumb\":{\"@id\":\"https:\\\/\\\/canalizadordelisboa.pt\\\/desentupimentos-oeiras\\\/#breadcrumb\"},\"inLanguage\":\"es\",\"potentialAction\":[{\"@type\":\"ReadAction\",\"target\":[\"https:\\\/\\\/canalizadordelisboa.pt\\\/desentupimentos-oeiras\\\/\"]}]},{\"@type\":\"BreadcrumbList\",\"@id\":\"https:\\\/\\\/canalizadordelisboa.pt\\\/desentupimentos-oeiras\\\/#breadcrumb\",\"itemListElement\":[{\"@type\":\"ListItem\",\"position\":1,\"name\":\"Accueil\",\"item\":\"https:\\\/\\\/canalizadordelisboa.pt\\\/\"},{\"@type\":\"ListItem\",\"position\":2,\"name\":\"Desentupimentos Oeiras\"}]},{\"@type\":\"WebSite\",\"@id\":\"https:\\\/\\\/canalizadordelisboa.pt\\\/#website\",\"url\":\"https:\\\/\\\/canalizadordelisboa.pt\\\/\",\"name\":\"Canalizador de Lisboa\",\"description\":\"Servi\u00e7os de canaliza\u00e7\u00e3o e desentupimentos de alta qualidade em Lisboa.\",\"potentialAction\":[{\"@type\":\"SearchAction\",\"target\":{\"@type\":\"EntryPoint\",\"urlTemplate\":\"https:\\\/\\\/canalizadordelisboa.pt\\\/?s={search_term_string}\"},\"query-input\":{\"@type\":\"PropertyValueSpecification\",\"valueRequired\":true,\"valueName\":\"search_term_string\"}}],\"inLanguage\":\"es\"}]}<\/script>\n<!-- \/ Yoast SEO plugin. -->","yoast_head_json":{"title":"Fontaner\u00eda de Oeiras","description":"\u00bfTuber\u00edas con fugas en Oeiras? Fontanero Lisboa act\u00faa r\u00e1pidamente en Oeiras. Desag\u00fces, inodoros, fregaderos - resoluci\u00f3n inmediata.","robots":{"index":"index","follow":"follow","max-snippet":"max-snippet:-1","max-image-preview":"max-image-preview:large","max-video-preview":"max-video-preview:-1"},"canonical":"https:\/\/canalizadordelisboa.pt\/es\/fontaneria-oeiras\/","og_locale":"es_ES","og_type":"article","og_title":"Desentupimentos Oeiras","og_description":"Desentupimentos em Oeiras? A Canalizador de Lisboa actua em Oeiras com rapidez. Esgotos, sanitas, pias \u2014 resolu\u00e7\u00e3o imediata.","og_url":"https:\/\/canalizadordelisboa.pt\/es\/fontaneria-oeiras\/","og_site_name":"Canalizador de Lisboa","twitter_card":"summary_large_image","schema":{"@context":"https:\/\/schema.org","@graph":[{"@type":"WebPage","@id":"https:\/\/canalizadordelisboa.pt\/desentupimentos-oeiras\/","url":"https:\/\/canalizadordelisboa.pt\/desentupimentos-oeiras\/","name":"Fontaner\u00eda de Oeiras","isPartOf":{"@id":"https:\/\/canalizadordelisboa.pt\/#website"},"datePublished":"2026-04-24T13:18:01+00:00","description":"\u00bfTuber\u00edas con fugas en Oeiras? Fontanero Lisboa act\u00faa r\u00e1pidamente en Oeiras. Desag\u00fces, inodoros, fregaderos - resoluci\u00f3n inmediata.","breadcrumb":{"@id":"https:\/\/canalizadordelisboa.pt\/desentupimentos-oeiras\/#breadcrumb"},"inLanguage":"es","potentialAction":[{"@type":"ReadAction","target":["https:\/\/canalizadordelisboa.pt\/desentupimentos-oeiras\/"]}]},{"@type":"BreadcrumbList","@id":"https:\/\/canalizadordelisboa.pt\/desentupimentos-oeiras\/#breadcrumb","itemListElement":[{"@type":"ListItem","position":1,"name":"Accueil","item":"https:\/\/canalizadordelisboa.pt\/"},{"@type":"ListItem","position":2,"name":"Desentupimentos Oeiras"}]},{"@type":"WebSite","@id":"https:\/\/canalizadordelisboa.pt\/#website","url":"https:\/\/canalizadordelisboa.pt\/","name":"Canalizador de Lisboa","description":"Servicios de fontaner\u00eda y saneamiento de alta calidad en Lisboa.","potentialAction":[{"@type":"SearchAction","target":{"@type":"EntryPoint","urlTemplate":"https:\/\/canalizadordelisboa.pt\/?s={search_term_string}"},"query-input":{"@type":"PropertyValueSpecification","valueRequired":true,"valueName":"search_term_string"}}],"inLanguage":"es"}]}},"_links":{"self":[{"href":"https:\/\/canalizadordelisboa.pt\/es\/wp-json\/wp\/v2\/pages\/3768","targetHints":{"allow":["GET"]}}],"collection":[{"href":"https:\/\/canalizadordelisboa.pt\/es\/wp-json\/wp\/v2\/pages"}],"about":[{"href":"https:\/\/canalizadordelisboa.pt\/es\/wp-json\/wp\/v2\/types\/page"}],"author":[{"embeddable":true,"href":"https:\/\/canalizadordelisboa.pt\/es\/wp-json\/wp\/v2\/users\/1"}],"replies":[{"embeddable":true,"href":"https:\/\/canalizadordelisboa.pt\/es\/wp-json\/wp\/v2\/comments?post=3768"}],"version-history":[{"count":1,"href":"https:\/\/canalizadordelisboa.pt\/es\/wp-json\/wp\/v2\/pages\/3768\/revisions"}],"predecessor-version":[{"id":3769,"href":"https:\/\/canalizadordelisboa.pt\/es\/wp-json\/wp\/v2\/pages\/3768\/revisions\/3769"}],"wp:attachment":[{"href":"https:\/\/canalizadordelisboa.pt\/es\/wp-json\/wp\/v2\/media?parent=3768"}],"curies":[{"name":"wp","href":"https:\/\/api.w.org\/{rel}","templated":true}]}}