{"id":3732,"date":"2026-04-21T10:12:41","date_gmt":"2026-04-21T10:12:41","guid":{"rendered":"https:\/\/canalizadordelisboa.pt\/?page_id=3732"},"modified":"2026-04-21T10:19:25","modified_gmt":"2026-04-21T10:19:25","slug":"fugas-en-banos-lisboa","status":"publish","type":"page","link":"https:\/\/canalizadordelisboa.pt\/es\/infiltracao-casa-de-banho-lisboa\/","title":{"rendered":"Fugas en el ba\u00f1o Lisboa"},"content":{"rendered":"<p>Las fugas en el cuarto de ba\u00f1o son un problema com\u00fan en los pisos y casas de Lisboa. Puede empezar de forma discreta, pero evolucionar r\u00e1pidamente hacia manchas, moho, mal olor e incluso da\u00f1os en la vivienda o en el tejado del vecino.<\/p>\n<p><img fetchpriority=\"high\" decoding=\"async\" src=\"https:\/\/canalizadordelisboa.pt\/wp-content\/uploads\/2026\/04\/Infiltracao-casa-de-banho-Lisboa-225x300.jpg\" alt=\"Fugas en el ba\u00f1o Lisboa\" width=\"225\" height=\"300\" class=\"alignnone size-medium wp-image-3733\" srcset=\"https:\/\/canalizadordelisboa.pt\/wp-content\/uploads\/2026\/04\/Infiltracao-casa-de-banho-Lisboa-225x300.jpg 225w, https:\/\/canalizadordelisboa.pt\/wp-content\/uploads\/2026\/04\/Infiltracao-casa-de-banho-Lisboa-768x1024.jpg 768w, https:\/\/canalizadordelisboa.pt\/wp-content\/uploads\/2026\/04\/Infiltracao-casa-de-banho-Lisboa-9x12.jpg 9w, https:\/\/canalizadordelisboa.pt\/wp-content\/uploads\/2026\/04\/Infiltracao-casa-de-banho-Lisboa.jpg 900w\" sizes=\"(max-width: 225px) 100vw, 225px\" \/><\/p>\n<p>Identificar el origen y resolver el problema de una vez por todas, <a href=\"https:\/\/canalizadordelisboa.pt\/es\/\">la empresa de fontaner\u00eda Lisbon<\/a> es la mejor soluci\u00f3n para detectar fugas y reparar infiltraciones.<\/p>\n<h2>Principales causas de infiltraci\u00f3n<\/h2>\n<ul>\n<li>Fugas en tuber\u00edas empotradas<\/li>\n<li><a href=\"https:\/\/canalizadordelisboa.pt\/es\/sellado-de-silicona-lisboa\/\">Junta de silicona deteriorada<\/a><\/li>\n<li>Problemas con el plato de ducha o la ba\u00f1era<\/li>\n<li>Drenajes o <a href=\"https:\/\/canalizadordelisboa.pt\/es\/desatasco-de-desagues-lisboa\/\">desag\u00fces bloqueados<\/a><\/li>\n<li>Juntas de baldosas da\u00f1adas<\/li>\n<\/ul>\n<h2>Signos de infiltraci\u00f3n<\/h2>\n<ul>\n<li>Manchas de humedad en las paredes o el techo<\/li>\n<li>Pintura descascarillada<\/li>\n<li>Olor a moho<\/li>\n<li>Aparici\u00f3n de agua en el suelo o en otras habitaciones<\/li>\n<\/ul>\n<h2>Qu\u00e9 hacer<\/h2>\n<ul>\n<li>Evitar el uso de la zona afectada<\/li>\n<li>Identificar el origen del agua<\/li>\n<li>No encubras el problema sin resolver la causa<\/li>\n<\/ul>\n<h2>Cu\u00e1ndo llamar a un fontanero<\/h2>\n<p>Si la infiltraci\u00f3n persiste, si hay sospechas de una fuga oculta o de da\u00f1os estructurales, es esencial realizar una revisi\u00f3n t\u00e9cnica.<\/p>\n<p>A <a href=\"https:\/\/canalizadordelisboa.pt\/es\/\">la empresa de fontaner\u00eda Lisbon<\/a> realiza la detecci\u00f3n y reparaci\u00f3n de infiltraciones con una intervenci\u00f3n r\u00e1pida en Lisboa.<\/p>","protected":false},"excerpt":{"rendered":"<p>A infiltra\u00e7\u00e3o na casa de banho \u00e9 um problema comum em apartamentos e moradias em Lisboa. Pode come\u00e7ar de forma discreta, mas rapidamente evolui para manchas, bolor, mau cheiro e at\u00e9 danos no im\u00f3vel ou no teto do vizinho. Para identificar a origem e resolver o problema de forma definitiva, a empresa Canalizador de Lisboa [&hellip;]<\/p>\n","protected":false},"author":1,"featured_media":3733,"parent":0,"menu_order":0,"comment_status":"closed","ping_status":"closed","template":"","meta":{"iawp_total_views":0,"footnotes":""},"class_list":["post-3732","page","type-page","status-publish","has-post-thumbnail","hentry"],"yoast_head":"<!-- This site is optimized with the Yoast SEO plugin v27.4 - https:\/\/yoast.com\/product\/yoast-seo-wordpress\/ -->\n<title>Infiltra\u00e7\u00e3o casa de banho Lisboa<\/title>\n<meta name=\"description\" content=\"Infiltra\u00e7\u00e3o na casa de banho em Lisboa? Saiba causas, sinais e como resolver fugas de \u00e1gua e humidade rapidamente.\" \/>\n<meta name=\"robots\" content=\"index, follow, max-snippet:-1, max-image-preview:large, max-video-preview:-1\" \/>\n<link rel=\"canonical\" href=\"https:\/\/canalizadordelisboa.pt\/es\/fugas-en-banos-lisboa\/\" \/>\n<meta property=\"og:locale\" content=\"es_ES\" \/>\n<meta property=\"og:type\" content=\"article\" \/>\n<meta property=\"og:title\" content=\"Infiltra\u00e7\u00e3o casa de banho Lisboa\" \/>\n<meta property=\"og:description\" content=\"Infiltra\u00e7\u00e3o na casa de banho em Lisboa? Saiba causas, sinais e como resolver fugas de \u00e1gua e humidade rapidamente.\" \/>\n<meta property=\"og:url\" content=\"https:\/\/canalizadordelisboa.pt\/es\/fugas-en-banos-lisboa\/\" \/>\n<meta property=\"og:site_name\" content=\"Canalizador de Lisboa\" \/>\n<meta property=\"article:modified_time\" content=\"2026-04-21T10:19:25+00:00\" \/>\n<meta property=\"og:image\" content=\"https:\/\/canalizadordelisboa.pt\/wp-content\/uploads\/2026\/04\/Infiltracao-casa-de-banho-Lisboa.jpg\" \/>\n\t<meta property=\"og:image:width\" content=\"900\" \/>\n\t<meta property=\"og:image:height\" content=\"1200\" \/>\n\t<meta property=\"og:image:type\" content=\"image\/jpeg\" \/>\n<meta name=\"twitter:card\" content=\"summary_large_image\" \/>\n<meta name=\"twitter:label1\" content=\"Tiempo de lectura\" \/>\n\t<meta name=\"twitter:data1\" content=\"2 minutos\" \/>\n<script type=\"application\/ld+json\" class=\"yoast-schema-graph\">{\"@context\":\"https:\\\/\\\/schema.org\",\"@graph\":[{\"@type\":\"WebPage\",\"@id\":\"https:\\\/\\\/canalizadordelisboa.pt\\\/infiltracao-casa-de-banho-lisboa\\\/\",\"url\":\"https:\\\/\\\/canalizadordelisboa.pt\\\/infiltracao-casa-de-banho-lisboa\\\/\",\"name\":\"Infiltra\u00e7\u00e3o casa de banho Lisboa\",\"isPartOf\":{\"@id\":\"https:\\\/\\\/canalizadordelisboa.pt\\\/#website\"},\"primaryImageOfPage\":{\"@id\":\"https:\\\/\\\/canalizadordelisboa.pt\\\/infiltracao-casa-de-banho-lisboa\\\/#primaryimage\"},\"image\":{\"@id\":\"https:\\\/\\\/canalizadordelisboa.pt\\\/infiltracao-casa-de-banho-lisboa\\\/#primaryimage\"},\"thumbnailUrl\":\"https:\\\/\\\/canalizadordelisboa.pt\\\/wp-content\\\/uploads\\\/2026\\\/04\\\/Infiltracao-casa-de-banho-Lisboa.jpg\",\"datePublished\":\"2026-04-21T10:12:41+00:00\",\"dateModified\":\"2026-04-21T10:19:25+00:00\",\"description\":\"Infiltra\u00e7\u00e3o na casa de banho em Lisboa? Saiba causas, sinais e como resolver fugas de \u00e1gua e humidade rapidamente.\",\"breadcrumb\":{\"@id\":\"https:\\\/\\\/canalizadordelisboa.pt\\\/infiltracao-casa-de-banho-lisboa\\\/#breadcrumb\"},\"inLanguage\":\"es\",\"potentialAction\":[{\"@type\":\"ReadAction\",\"target\":[\"https:\\\/\\\/canalizadordelisboa.pt\\\/infiltracao-casa-de-banho-lisboa\\\/\"]}]},{\"@type\":\"ImageObject\",\"inLanguage\":\"es\",\"@id\":\"https:\\\/\\\/canalizadordelisboa.pt\\\/infiltracao-casa-de-banho-lisboa\\\/#primaryimage\",\"url\":\"https:\\\/\\\/canalizadordelisboa.pt\\\/wp-content\\\/uploads\\\/2026\\\/04\\\/Infiltracao-casa-de-banho-Lisboa.jpg\",\"contentUrl\":\"https:\\\/\\\/canalizadordelisboa.pt\\\/wp-content\\\/uploads\\\/2026\\\/04\\\/Infiltracao-casa-de-banho-Lisboa.jpg\",\"width\":900,\"height\":1200,\"caption\":\"Infiltrac\u0327a\u0303o casa de banho Lisboa\"},{\"@type\":\"BreadcrumbList\",\"@id\":\"https:\\\/\\\/canalizadordelisboa.pt\\\/infiltracao-casa-de-banho-lisboa\\\/#breadcrumb\",\"itemListElement\":[{\"@type\":\"ListItem\",\"position\":1,\"name\":\"Accueil\",\"item\":\"https:\\\/\\\/canalizadordelisboa.pt\\\/\"},{\"@type\":\"ListItem\",\"position\":2,\"name\":\"Infiltra\u00e7\u00e3o casa de banho Lisboa\"}]},{\"@type\":\"WebSite\",\"@id\":\"https:\\\/\\\/canalizadordelisboa.pt\\\/#website\",\"url\":\"https:\\\/\\\/canalizadordelisboa.pt\\\/\",\"name\":\"Canalizador de Lisboa\",\"description\":\"Servi\u00e7os de canaliza\u00e7\u00e3o e desentupimentos de alta qualidade em Lisboa.\",\"potentialAction\":[{\"@type\":\"SearchAction\",\"target\":{\"@type\":\"EntryPoint\",\"urlTemplate\":\"https:\\\/\\\/canalizadordelisboa.pt\\\/?s={search_term_string}\"},\"query-input\":{\"@type\":\"PropertyValueSpecification\",\"valueRequired\":true,\"valueName\":\"search_term_string\"}}],\"inLanguage\":\"es\"}]}<\/script>\n<!-- \/ Yoast SEO plugin. -->","yoast_head_json":{"title":"Fugas en el ba\u00f1o Lisboa","description":"\u00bfFugas en el ba\u00f1o de Lisboa? Descubra las causas, las se\u00f1ales y c\u00f3mo resolver r\u00e1pidamente las fugas y las humedades.","robots":{"index":"index","follow":"follow","max-snippet":"max-snippet:-1","max-image-preview":"max-image-preview:large","max-video-preview":"max-video-preview:-1"},"canonical":"https:\/\/canalizadordelisboa.pt\/es\/fugas-en-banos-lisboa\/","og_locale":"es_ES","og_type":"article","og_title":"Infiltra\u00e7\u00e3o casa de banho Lisboa","og_description":"Infiltra\u00e7\u00e3o na casa de banho em Lisboa? Saiba causas, sinais e como resolver fugas de \u00e1gua e humidade rapidamente.","og_url":"https:\/\/canalizadordelisboa.pt\/es\/fugas-en-banos-lisboa\/","og_site_name":"Canalizador de Lisboa","article_modified_time":"2026-04-21T10:19:25+00:00","og_image":[{"width":900,"height":1200,"url":"https:\/\/canalizadordelisboa.pt\/wp-content\/uploads\/2026\/04\/Infiltracao-casa-de-banho-Lisboa.jpg","type":"image\/jpeg"}],"twitter_card":"summary_large_image","twitter_misc":{"Tiempo de lectura":"2 minutos"},"schema":{"@context":"https:\/\/schema.org","@graph":[{"@type":"WebPage","@id":"https:\/\/canalizadordelisboa.pt\/infiltracao-casa-de-banho-lisboa\/","url":"https:\/\/canalizadordelisboa.pt\/infiltracao-casa-de-banho-lisboa\/","name":"Fugas en el ba\u00f1o Lisboa","isPartOf":{"@id":"https:\/\/canalizadordelisboa.pt\/#website"},"primaryImageOfPage":{"@id":"https:\/\/canalizadordelisboa.pt\/infiltracao-casa-de-banho-lisboa\/#primaryimage"},"image":{"@id":"https:\/\/canalizadordelisboa.pt\/infiltracao-casa-de-banho-lisboa\/#primaryimage"},"thumbnailUrl":"https:\/\/canalizadordelisboa.pt\/wp-content\/uploads\/2026\/04\/Infiltracao-casa-de-banho-Lisboa.jpg","datePublished":"2026-04-21T10:12:41+00:00","dateModified":"2026-04-21T10:19:25+00:00","description":"\u00bfFugas en el ba\u00f1o de Lisboa? Descubra las causas, las se\u00f1ales y c\u00f3mo resolver r\u00e1pidamente las fugas y las humedades.","breadcrumb":{"@id":"https:\/\/canalizadordelisboa.pt\/infiltracao-casa-de-banho-lisboa\/#breadcrumb"},"inLanguage":"es","potentialAction":[{"@type":"ReadAction","target":["https:\/\/canalizadordelisboa.pt\/infiltracao-casa-de-banho-lisboa\/"]}]},{"@type":"ImageObject","inLanguage":"es","@id":"https:\/\/canalizadordelisboa.pt\/infiltracao-casa-de-banho-lisboa\/#primaryimage","url":"https:\/\/canalizadordelisboa.pt\/wp-content\/uploads\/2026\/04\/Infiltracao-casa-de-banho-Lisboa.jpg","contentUrl":"https:\/\/canalizadordelisboa.pt\/wp-content\/uploads\/2026\/04\/Infiltracao-casa-de-banho-Lisboa.jpg","width":900,"height":1200,"caption":"Infiltrac\u0327a\u0303o casa de banho Lisboa"},{"@type":"BreadcrumbList","@id":"https:\/\/canalizadordelisboa.pt\/infiltracao-casa-de-banho-lisboa\/#breadcrumb","itemListElement":[{"@type":"ListItem","position":1,"name":"Accueil","item":"https:\/\/canalizadordelisboa.pt\/"},{"@type":"ListItem","position":2,"name":"Infiltra\u00e7\u00e3o casa de banho Lisboa"}]},{"@type":"WebSite","@id":"https:\/\/canalizadordelisboa.pt\/#website","url":"https:\/\/canalizadordelisboa.pt\/","name":"Canalizador de Lisboa","description":"Servicios de fontaner\u00eda y saneamiento de alta calidad en Lisboa.","potentialAction":[{"@type":"SearchAction","target":{"@type":"EntryPoint","urlTemplate":"https:\/\/canalizadordelisboa.pt\/?s={search_term_string}"},"query-input":{"@type":"PropertyValueSpecification","valueRequired":true,"valueName":"search_term_string"}}],"inLanguage":"es"}]}},"_links":{"self":[{"href":"https:\/\/canalizadordelisboa.pt\/es\/wp-json\/wp\/v2\/pages\/3732","targetHints":{"allow":["GET"]}}],"collection":[{"href":"https:\/\/canalizadordelisboa.pt\/es\/wp-json\/wp\/v2\/pages"}],"about":[{"href":"https:\/\/canalizadordelisboa.pt\/es\/wp-json\/wp\/v2\/types\/page"}],"author":[{"embeddable":true,"href":"https:\/\/canalizadordelisboa.pt\/es\/wp-json\/wp\/v2\/users\/1"}],"replies":[{"embeddable":true,"href":"https:\/\/canalizadordelisboa.pt\/es\/wp-json\/wp\/v2\/comments?post=3732"}],"version-history":[{"count":1,"href":"https:\/\/canalizadordelisboa.pt\/es\/wp-json\/wp\/v2\/pages\/3732\/revisions"}],"predecessor-version":[{"id":3734,"href":"https:\/\/canalizadordelisboa.pt\/es\/wp-json\/wp\/v2\/pages\/3732\/revisions\/3734"}],"wp:featuredmedia":[{"embeddable":true,"href":"https:\/\/canalizadordelisboa.pt\/es\/wp-json\/wp\/v2\/media\/3733"}],"wp:attachment":[{"href":"https:\/\/canalizadordelisboa.pt\/es\/wp-json\/wp\/v2\/media?parent=3732"}],"curies":[{"name":"wp","href":"https:\/\/api.w.org\/{rel}","templated":true}]}}