{"id":3521,"date":"2025-11-06T09:44:34","date_gmt":"2025-11-06T09:44:34","guid":{"rendered":"https:\/\/canalizadordelisboa.pt\/?page_id=3521"},"modified":"2025-11-06T09:47:28","modified_gmt":"2025-11-06T09:47:28","slug":"mejor-fontanero-de-lisboa","status":"publish","type":"page","link":"https:\/\/canalizadordelisboa.pt\/es\/melhor-canalizador-de-lisboa\/","title":{"rendered":"El mejor fontanero de Lisboa: \u00a1The Lisbon Plumber!"},"content":{"rendered":"<p>As\u00ed que la soluci\u00f3n es <strong>Canalizador de Lisboa<\/strong> - intervenci\u00f3n r\u00e1pida, trabajo limpio y reparaci\u00f3n definitiva. Solucionamos fugas, roturas de tuber\u00edas, fugas en inodoros, atascos y problemas de presi\u00f3n de agua.<\/p>\n<div id='gallery-1' class='gallery galleryid-3521 gallery-columns-4 gallery-size-thumbnail'><figure class='gallery-item'>\n\t\t\t<div class='gallery-icon portrait'>\n\t\t\t\t<img decoding=\"async\" width=\"150\" height=\"150\" src=\"https:\/\/canalizadordelisboa.pt\/wp-content\/uploads\/2025\/01\/trabalho-sanita-lisboa-150x150.jpeg\" class=\"attachment-thumbnail size-thumbnail\" alt=\"\" \/>\n\t\t\t<\/div><\/figure><figure class='gallery-item'>\n\t\t\t<div class='gallery-icon portrait'>\n\t\t\t\t<img decoding=\"async\" width=\"150\" height=\"150\" src=\"https:\/\/canalizadordelisboa.pt\/wp-content\/uploads\/2025\/01\/torneira-de-seguranca-150x150.jpeg\" class=\"attachment-thumbnail size-thumbnail\" alt=\"\" \/>\n\t\t\t<\/div><\/figure><figure class='gallery-item'>\n\t\t\t<div class='gallery-icon portrait'>\n\t\t\t\t<img decoding=\"async\" width=\"150\" height=\"150\" src=\"https:\/\/canalizadordelisboa.pt\/wp-content\/uploads\/2025\/01\/sanita-canalizador-150x150.jpeg\" class=\"attachment-thumbnail size-thumbnail\" alt=\"\" \/>\n\t\t\t<\/div><\/figure><figure class='gallery-item'>\n\t\t\t<div class='gallery-icon portrait'>\n\t\t\t\t<img loading=\"lazy\" decoding=\"async\" width=\"150\" height=\"150\" src=\"https:\/\/canalizadordelisboa.pt\/wp-content\/uploads\/2025\/01\/sanita-lisboa-150x150.jpeg\" class=\"attachment-thumbnail size-thumbnail\" alt=\"\" \/>\n\t\t\t<\/div><\/figure><figure class='gallery-item'>\n\t\t\t<div class='gallery-icon portrait'>\n\t\t\t\t<img loading=\"lazy\" decoding=\"async\" width=\"150\" height=\"150\" src=\"https:\/\/canalizadordelisboa.pt\/wp-content\/uploads\/2025\/01\/obra-lisboa-150x150.jpeg\" class=\"attachment-thumbnail size-thumbnail\" alt=\"\" \/>\n\t\t\t<\/div><\/figure><figure class='gallery-item'>\n\t\t\t<div class='gallery-icon portrait'>\n\t\t\t\t<img loading=\"lazy\" decoding=\"async\" width=\"150\" height=\"150\" src=\"https:\/\/canalizadordelisboa.pt\/wp-content\/uploads\/2025\/01\/obra-cozinha-canalizador-150x150.jpeg\" class=\"attachment-thumbnail size-thumbnail\" alt=\"\" \/>\n\t\t\t<\/div><\/figure><figure class='gallery-item'>\n\t\t\t<div class='gallery-icon portrait'>\n\t\t\t\t<img loading=\"lazy\" decoding=\"async\" width=\"150\" height=\"150\" src=\"https:\/\/canalizadordelisboa.pt\/wp-content\/uploads\/2025\/01\/lavatorio-canalizador-150x150.jpeg\" class=\"attachment-thumbnail size-thumbnail\" alt=\"\" \/>\n\t\t\t<\/div><\/figure><figure class='gallery-item'>\n\t\t\t<div class='gallery-icon portrait'>\n\t\t\t\t<img loading=\"lazy\" decoding=\"async\" width=\"150\" height=\"150\" src=\"https:\/\/canalizadordelisboa.pt\/wp-content\/uploads\/2025\/01\/mau-cheiro-lisboa-150x150.jpeg\" class=\"attachment-thumbnail size-thumbnail\" alt=\"\" \/>\n\t\t\t<\/div><\/figure>\n\t\t<\/div>\n\n<h2>Principales servicios del Fontanero Lisbon<\/h2>\n<ul>\n<li>Reparaci\u00f3n de fugas y roturas de tuber\u00edas;<\/li>\n<li>Desatasco de fregaderos, inodoros y tuber\u00edas;<\/li>\n<li>Sustituci\u00f3n de grifos, sifones y v\u00e1lvulas;<\/li>\n<li>Instalaci\u00f3n y reparaci\u00f3n de calentadores de agua y autoclaves;<\/li>\n<li>Mantenimiento preventivo en hogares y empresas.<\/li>\n<\/ul>\n<p>Llegamos r\u00e1pidamente a cualquier zona de Lisboa, con materiales adecuados y una explicaci\u00f3n clara del trabajo.<\/p>\n<p>Habla con <a href=\"https:\/\/canalizadordelisboa.pt\/es\/\" title=\"Canalizador de Lisboa\">Canalizador de Lisboa<\/a> y resolver el problema sin demora.<\/p>\n<hr>\n<p style=\"text-align:center; font-size:1.2em;\">\n\ud83d\udca7 **\u00bfProblemas con el agua o las tuber\u00edas?**<br \/>\n<strong>Ll\u00e1menos ahora. Iremos a verte.<\/strong><\/p>","protected":false},"excerpt":{"rendered":"<p>Ent\u00e3o a solu\u00e7\u00e3o \u00e9 a Canalizador de Lisboa \u2014 interven\u00e7\u00e3o r\u00e1pida, trabalho limpo e repara\u00e7\u00e3o definitiva. Resolvemos fugas, canos rebentados, sanitas a verter, entupimentos e problemas de press\u00e3o de \u00e1gua. Servi\u00e7os principais da Canalizador de Lisboa Repara\u00e7\u00e3o de fugas e roturas de canaliza\u00e7\u00e3o; Desentupimento de lavat\u00f3rios, sanitas e canos; Substitui\u00e7\u00e3o de torneiras, sif\u00f5es e v\u00e1lvulas; [&hellip;]<\/p>\n","protected":false},"author":1,"featured_media":0,"parent":0,"menu_order":0,"comment_status":"closed","ping_status":"closed","template":"","meta":{"iawp_total_views":11,"footnotes":""},"class_list":["post-3521","page","type-page","status-publish","hentry"],"yoast_head":"<!-- This site is optimized with the Yoast SEO plugin v27.4 - https:\/\/yoast.com\/product\/yoast-seo-wordpress\/ -->\n<title>Melhor canalizador de Lisboa: A Canalizador de Lisboa !<\/title>\n<meta name=\"description\" content=\"Melhor canalizador de Lisboa para fugas, entupimentos e avarias. Chegada r\u00e1pida e servi\u00e7o garantido. Ligue agora.\" \/>\n<meta name=\"robots\" content=\"index, follow, max-snippet:-1, max-image-preview:large, max-video-preview:-1\" \/>\n<link rel=\"canonical\" href=\"https:\/\/canalizadordelisboa.pt\/es\/mejor-fontanero-de-lisboa\/\" \/>\n<meta property=\"og:locale\" content=\"es_ES\" \/>\n<meta property=\"og:type\" content=\"article\" \/>\n<meta property=\"og:title\" content=\"Melhor canalizador de Lisboa: A Canalizador de Lisboa !\" \/>\n<meta property=\"og:description\" content=\"Melhor canalizador de Lisboa para fugas, entupimentos e avarias. Chegada r\u00e1pida e servi\u00e7o garantido. Ligue agora.\" \/>\n<meta property=\"og:url\" content=\"https:\/\/canalizadordelisboa.pt\/es\/mejor-fontanero-de-lisboa\/\" \/>\n<meta property=\"og:site_name\" content=\"Canalizador de Lisboa\" \/>\n<meta property=\"article:modified_time\" content=\"2025-11-06T09:47:28+00:00\" \/>\n<meta property=\"og:image\" content=\"https:\/\/canalizadordelisboa.pt\/wp-content\/uploads\/2025\/01\/trabalho-sanita-lisboa-150x150.jpeg\" \/>\n<meta name=\"twitter:card\" content=\"summary_large_image\" \/>\n<meta name=\"twitter:label1\" content=\"Tiempo de lectura\" \/>\n\t<meta name=\"twitter:data1\" content=\"1 minuto\" \/>\n<script type=\"application\/ld+json\" class=\"yoast-schema-graph\">{\"@context\":\"https:\\\/\\\/schema.org\",\"@graph\":[{\"@type\":\"WebPage\",\"@id\":\"https:\\\/\\\/canalizadordelisboa.pt\\\/melhor-canalizador-de-lisboa\\\/\",\"url\":\"https:\\\/\\\/canalizadordelisboa.pt\\\/melhor-canalizador-de-lisboa\\\/\",\"name\":\"Melhor canalizador de Lisboa: A Canalizador de Lisboa !\",\"isPartOf\":{\"@id\":\"https:\\\/\\\/canalizadordelisboa.pt\\\/#website\"},\"datePublished\":\"2025-11-06T09:44:34+00:00\",\"dateModified\":\"2025-11-06T09:47:28+00:00\",\"description\":\"Melhor canalizador de Lisboa para fugas, entupimentos e avarias. Chegada r\u00e1pida e servi\u00e7o garantido. Ligue agora.\",\"breadcrumb\":{\"@id\":\"https:\\\/\\\/canalizadordelisboa.pt\\\/melhor-canalizador-de-lisboa\\\/#breadcrumb\"},\"inLanguage\":\"es\",\"potentialAction\":[{\"@type\":\"ReadAction\",\"target\":[\"https:\\\/\\\/canalizadordelisboa.pt\\\/melhor-canalizador-de-lisboa\\\/\"]}]},{\"@type\":\"BreadcrumbList\",\"@id\":\"https:\\\/\\\/canalizadordelisboa.pt\\\/melhor-canalizador-de-lisboa\\\/#breadcrumb\",\"itemListElement\":[{\"@type\":\"ListItem\",\"position\":1,\"name\":\"Accueil\",\"item\":\"https:\\\/\\\/canalizadordelisboa.pt\\\/\"},{\"@type\":\"ListItem\",\"position\":2,\"name\":\"Melhor canalizador de Lisboa: A Canalizador de Lisboa !\"}]},{\"@type\":\"WebSite\",\"@id\":\"https:\\\/\\\/canalizadordelisboa.pt\\\/#website\",\"url\":\"https:\\\/\\\/canalizadordelisboa.pt\\\/\",\"name\":\"Canalizador de Lisboa\",\"description\":\"Servi\u00e7os de canaliza\u00e7\u00e3o e desentupimentos de alta qualidade em Lisboa.\",\"potentialAction\":[{\"@type\":\"SearchAction\",\"target\":{\"@type\":\"EntryPoint\",\"urlTemplate\":\"https:\\\/\\\/canalizadordelisboa.pt\\\/?s={search_term_string}\"},\"query-input\":{\"@type\":\"PropertyValueSpecification\",\"valueRequired\":true,\"valueName\":\"search_term_string\"}}],\"inLanguage\":\"es\"}]}<\/script>\n<!-- \/ Yoast SEO plugin. -->","yoast_head_json":{"title":"El mejor fontanero de Lisboa: \u00a1The Lisbon Plumber!","description":"El mejor fontanero de Lisboa para fugas, atascos y aver\u00edas. Llegada r\u00e1pida y servicio garantizado. Ll\u00e1menos ahora.","robots":{"index":"index","follow":"follow","max-snippet":"max-snippet:-1","max-image-preview":"max-image-preview:large","max-video-preview":"max-video-preview:-1"},"canonical":"https:\/\/canalizadordelisboa.pt\/es\/mejor-fontanero-de-lisboa\/","og_locale":"es_ES","og_type":"article","og_title":"Melhor canalizador de Lisboa: A Canalizador de Lisboa !","og_description":"Melhor canalizador de Lisboa para fugas, entupimentos e avarias. Chegada r\u00e1pida e servi\u00e7o garantido. Ligue agora.","og_url":"https:\/\/canalizadordelisboa.pt\/es\/mejor-fontanero-de-lisboa\/","og_site_name":"Canalizador de Lisboa","article_modified_time":"2025-11-06T09:47:28+00:00","og_image":[{"url":"https:\/\/canalizadordelisboa.pt\/wp-content\/uploads\/2025\/01\/trabalho-sanita-lisboa-150x150.jpeg","type":"","width":"","height":""}],"twitter_card":"summary_large_image","twitter_misc":{"Tiempo de lectura":"1 minuto"},"schema":{"@context":"https:\/\/schema.org","@graph":[{"@type":"WebPage","@id":"https:\/\/canalizadordelisboa.pt\/melhor-canalizador-de-lisboa\/","url":"https:\/\/canalizadordelisboa.pt\/melhor-canalizador-de-lisboa\/","name":"El mejor fontanero de Lisboa: \u00a1The Lisbon Plumber!","isPartOf":{"@id":"https:\/\/canalizadordelisboa.pt\/#website"},"datePublished":"2025-11-06T09:44:34+00:00","dateModified":"2025-11-06T09:47:28+00:00","description":"El mejor fontanero de Lisboa para fugas, atascos y aver\u00edas. Llegada r\u00e1pida y servicio garantizado. Ll\u00e1menos ahora.","breadcrumb":{"@id":"https:\/\/canalizadordelisboa.pt\/melhor-canalizador-de-lisboa\/#breadcrumb"},"inLanguage":"es","potentialAction":[{"@type":"ReadAction","target":["https:\/\/canalizadordelisboa.pt\/melhor-canalizador-de-lisboa\/"]}]},{"@type":"BreadcrumbList","@id":"https:\/\/canalizadordelisboa.pt\/melhor-canalizador-de-lisboa\/#breadcrumb","itemListElement":[{"@type":"ListItem","position":1,"name":"Accueil","item":"https:\/\/canalizadordelisboa.pt\/"},{"@type":"ListItem","position":2,"name":"Melhor canalizador de Lisboa: A Canalizador de Lisboa !"}]},{"@type":"WebSite","@id":"https:\/\/canalizadordelisboa.pt\/#website","url":"https:\/\/canalizadordelisboa.pt\/","name":"Canalizador de Lisboa","description":"Servicios de fontaner\u00eda y saneamiento de alta calidad en Lisboa.","potentialAction":[{"@type":"SearchAction","target":{"@type":"EntryPoint","urlTemplate":"https:\/\/canalizadordelisboa.pt\/?s={search_term_string}"},"query-input":{"@type":"PropertyValueSpecification","valueRequired":true,"valueName":"search_term_string"}}],"inLanguage":"es"}]}},"_links":{"self":[{"href":"https:\/\/canalizadordelisboa.pt\/es\/wp-json\/wp\/v2\/pages\/3521","targetHints":{"allow":["GET"]}}],"collection":[{"href":"https:\/\/canalizadordelisboa.pt\/es\/wp-json\/wp\/v2\/pages"}],"about":[{"href":"https:\/\/canalizadordelisboa.pt\/es\/wp-json\/wp\/v2\/types\/page"}],"author":[{"embeddable":true,"href":"https:\/\/canalizadordelisboa.pt\/es\/wp-json\/wp\/v2\/users\/1"}],"replies":[{"embeddable":true,"href":"https:\/\/canalizadordelisboa.pt\/es\/wp-json\/wp\/v2\/comments?post=3521"}],"version-history":[{"count":4,"href":"https:\/\/canalizadordelisboa.pt\/es\/wp-json\/wp\/v2\/pages\/3521\/revisions"}],"predecessor-version":[{"id":3526,"href":"https:\/\/canalizadordelisboa.pt\/es\/wp-json\/wp\/v2\/pages\/3521\/revisions\/3526"}],"wp:attachment":[{"href":"https:\/\/canalizadordelisboa.pt\/es\/wp-json\/wp\/v2\/media?parent=3521"}],"curies":[{"name":"wp","href":"https:\/\/api.w.org\/{rel}","templated":true}]}}