{"id":3434,"date":"2025-02-07T14:48:54","date_gmt":"2025-02-07T14:48:54","guid":{"rendered":"https:\/\/canalizadordelisboa.pt\/?page_id=3434"},"modified":"2025-02-07T14:48:54","modified_gmt":"2025-02-07T14:48:54","slug":"menciones-legales","status":"publish","type":"page","link":"https:\/\/canalizadordelisboa.pt\/es\/mencoes-legais\/","title":{"rendered":"Menciones legales"},"content":{"rendered":"<h2>1. informaci\u00f3n sobre la empresa<\/h2>\n<p>Este sitio es propiedad y est\u00e1 gestionado por:<\/p>\n<p><strong>Thibaut Pakiry Unipessoal Lda<\/strong><br \/>\n       Avenida Antonio Augusto de Aguiar 187 RDC ESQ, 1050-014 Lisboa<br \/>\n       NIF: 513 876 707<br \/>\n       Correo electr\u00f3nico: info@canalizadordelisboa.pt<br \/>\n       Tel\u00e9fono: +351 927 378 514<\/p>\n<h2>2. 2. Propiedad intelectual<\/h2>\n<p>Todo el contenido de este sitio (textos, im\u00e1genes, logotipos, gr\u00e1ficos, v\u00eddeos, etc.) est\u00e1 protegido por derechos de autor y propiedad intelectual. Queda estrictamente prohibida toda reproducci\u00f3n, distribuci\u00f3n o utilizaci\u00f3n no autorizada de este material sin consentimiento previo por escrito.<\/p>\n<h2>3. Responsabilidad<\/h2>\n<p>El contenido de este sitio web se facilita \u00fanicamente con fines informativos. Aunque nos esforzamos por garantizar que la informaci\u00f3n sea exacta y est\u00e9 actualizada, no aceptamos ninguna responsabilidad por errores, omisiones o da\u00f1os derivados del uso de la informaci\u00f3n contenida en este sitio.<\/p>\n<h2>4. Protecci\u00f3n de datos y privacidad<\/h2>\n<p>Los datos personales recogidos en este sitio web se procesan de acuerdo con la legislaci\u00f3n vigente sobre protecci\u00f3n de datos. Los usuarios tienen derecho a acceder, rectificar o suprimir sus datos personales previa solicitud.<\/p>\n<h2>5. Cookies<\/h2>\n<p>Este sitio web puede utilizar cookies para mejorar la experiencia del usuario. Al continuar navegando, acepta el uso de cookies. Puede configurar su navegador para bloquear o eliminar las cookies en cualquier momento.<\/p>\n<h2>6. 6. Enlaces externos<\/h2>\n<p>Nuestro sitio web puede contener enlaces a sitios web de terceros. No somos responsables del contenido ni de las pr\u00e1cticas de privacidad de estos sitios.<\/p>\n<h2>7. Jurisdicci\u00f3n aplicable<\/h2>\n<p>Estas menciones legales se rigen por las leyes de Portugal. En caso de litigio, los tribunales portugueses ser\u00e1n los \u00fanicos competentes.<\/p>","protected":false},"excerpt":{"rendered":"<p>1. Informa\u00e7\u00f5es da Empresa Este site \u00e9 propriedade e operado por: Thibaut Pakiry Unipessoal Lda Avenida Antonio Augusto de Aguiar 187 RDC ESQ, 1050-014 Lisboa NIF: 513 876 707 E-mail: info@canalizadordelisboa.pt Telefone: +351 927 378 514 2. Propriedade Intelectual Todo o conte\u00fado deste site (textos, imagens, logotipos, gr\u00e1ficos, v\u00eddeos, etc.) est\u00e1 protegido por direitos autorais [&hellip;]<\/p>\n","protected":false},"author":1,"featured_media":0,"parent":0,"menu_order":0,"comment_status":"closed","ping_status":"closed","template":"","meta":{"iawp_total_views":25,"footnotes":""},"class_list":["post-3434","page","type-page","status-publish","hentry"],"yoast_head":"<!-- This site is optimized with the Yoast SEO plugin v27.4 - https:\/\/yoast.com\/product\/yoast-seo-wordpress\/ -->\n<title>Men\u00e7\u00f5es Legais<\/title>\n<meta name=\"description\" content=\"Men\u00e7\u00f5es Legais - Informa\u00e7\u00f5es sobre a empresa, propriedade intelectual, responsabilidade e prote\u00e7\u00e3o de dados.\" \/>\n<meta name=\"robots\" content=\"noindex, nofollow\" \/>\n<meta property=\"og:locale\" content=\"es_ES\" \/>\n<meta property=\"og:type\" content=\"article\" \/>\n<meta property=\"og:title\" content=\"Men\u00e7\u00f5es Legais\" \/>\n<meta property=\"og:description\" content=\"Men\u00e7\u00f5es Legais - Informa\u00e7\u00f5es sobre a empresa, propriedade intelectual, responsabilidade e prote\u00e7\u00e3o de dados.\" \/>\n<meta property=\"og:url\" content=\"https:\/\/canalizadordelisboa.pt\/es\/menciones-legales\/\" \/>\n<meta property=\"og:site_name\" content=\"Canalizador de Lisboa\" \/>\n<meta name=\"twitter:card\" content=\"summary_large_image\" \/>\n<script type=\"application\/ld+json\" class=\"yoast-schema-graph\">{\"@context\":\"https:\\\/\\\/schema.org\",\"@graph\":[{\"@type\":\"WebPage\",\"@id\":\"https:\\\/\\\/canalizadordelisboa.pt\\\/mencoes-legais\\\/\",\"url\":\"https:\\\/\\\/canalizadordelisboa.pt\\\/mencoes-legais\\\/\",\"name\":\"Men\u00e7\u00f5es Legais\",\"isPartOf\":{\"@id\":\"https:\\\/\\\/canalizadordelisboa.pt\\\/#website\"},\"datePublished\":\"2025-02-07T14:48:54+00:00\",\"description\":\"Men\u00e7\u00f5es Legais - Informa\u00e7\u00f5es sobre a empresa, propriedade intelectual, responsabilidade e prote\u00e7\u00e3o de dados.\",\"breadcrumb\":{\"@id\":\"https:\\\/\\\/canalizadordelisboa.pt\\\/mencoes-legais\\\/#breadcrumb\"},\"inLanguage\":\"es\",\"potentialAction\":[{\"@type\":\"ReadAction\",\"target\":[\"https:\\\/\\\/canalizadordelisboa.pt\\\/mencoes-legais\\\/\"]}]},{\"@type\":\"BreadcrumbList\",\"@id\":\"https:\\\/\\\/canalizadordelisboa.pt\\\/mencoes-legais\\\/#breadcrumb\",\"itemListElement\":[{\"@type\":\"ListItem\",\"position\":1,\"name\":\"Accueil\",\"item\":\"https:\\\/\\\/canalizadordelisboa.pt\\\/\"},{\"@type\":\"ListItem\",\"position\":2,\"name\":\"Men\u00e7\u00f5es Legais\"}]},{\"@type\":\"WebSite\",\"@id\":\"https:\\\/\\\/canalizadordelisboa.pt\\\/#website\",\"url\":\"https:\\\/\\\/canalizadordelisboa.pt\\\/\",\"name\":\"Canalizador de Lisboa\",\"description\":\"Servi\u00e7os de canaliza\u00e7\u00e3o e desentupimentos de alta qualidade em Lisboa.\",\"potentialAction\":[{\"@type\":\"SearchAction\",\"target\":{\"@type\":\"EntryPoint\",\"urlTemplate\":\"https:\\\/\\\/canalizadordelisboa.pt\\\/?s={search_term_string}\"},\"query-input\":{\"@type\":\"PropertyValueSpecification\",\"valueRequired\":true,\"valueName\":\"search_term_string\"}}],\"inLanguage\":\"es\"}]}<\/script>\n<!-- \/ Yoast SEO plugin. -->","yoast_head_json":{"title":"Menciones legales","description":"Avisos legales - Informaci\u00f3n sobre la empresa, propiedad intelectual, responsabilidad y protecci\u00f3n de datos.","robots":{"index":"noindex","follow":"nofollow"},"og_locale":"es_ES","og_type":"article","og_title":"Men\u00e7\u00f5es Legais","og_description":"Men\u00e7\u00f5es Legais - Informa\u00e7\u00f5es sobre a empresa, propriedade intelectual, responsabilidade e prote\u00e7\u00e3o de dados.","og_url":"https:\/\/canalizadordelisboa.pt\/es\/menciones-legales\/","og_site_name":"Canalizador de Lisboa","twitter_card":"summary_large_image","schema":{"@context":"https:\/\/schema.org","@graph":[{"@type":"WebPage","@id":"https:\/\/canalizadordelisboa.pt\/mencoes-legais\/","url":"https:\/\/canalizadordelisboa.pt\/mencoes-legais\/","name":"Menciones legales","isPartOf":{"@id":"https:\/\/canalizadordelisboa.pt\/#website"},"datePublished":"2025-02-07T14:48:54+00:00","description":"Avisos legales - Informaci\u00f3n sobre la empresa, propiedad intelectual, responsabilidad y protecci\u00f3n de datos.","breadcrumb":{"@id":"https:\/\/canalizadordelisboa.pt\/mencoes-legais\/#breadcrumb"},"inLanguage":"es","potentialAction":[{"@type":"ReadAction","target":["https:\/\/canalizadordelisboa.pt\/mencoes-legais\/"]}]},{"@type":"BreadcrumbList","@id":"https:\/\/canalizadordelisboa.pt\/mencoes-legais\/#breadcrumb","itemListElement":[{"@type":"ListItem","position":1,"name":"Accueil","item":"https:\/\/canalizadordelisboa.pt\/"},{"@type":"ListItem","position":2,"name":"Men\u00e7\u00f5es Legais"}]},{"@type":"WebSite","@id":"https:\/\/canalizadordelisboa.pt\/#website","url":"https:\/\/canalizadordelisboa.pt\/","name":"Canalizador de Lisboa","description":"Servicios de fontaner\u00eda y saneamiento de alta calidad en Lisboa.","potentialAction":[{"@type":"SearchAction","target":{"@type":"EntryPoint","urlTemplate":"https:\/\/canalizadordelisboa.pt\/?s={search_term_string}"},"query-input":{"@type":"PropertyValueSpecification","valueRequired":true,"valueName":"search_term_string"}}],"inLanguage":"es"}]}},"_links":{"self":[{"href":"https:\/\/canalizadordelisboa.pt\/es\/wp-json\/wp\/v2\/pages\/3434","targetHints":{"allow":["GET"]}}],"collection":[{"href":"https:\/\/canalizadordelisboa.pt\/es\/wp-json\/wp\/v2\/pages"}],"about":[{"href":"https:\/\/canalizadordelisboa.pt\/es\/wp-json\/wp\/v2\/types\/page"}],"author":[{"embeddable":true,"href":"https:\/\/canalizadordelisboa.pt\/es\/wp-json\/wp\/v2\/users\/1"}],"replies":[{"embeddable":true,"href":"https:\/\/canalizadordelisboa.pt\/es\/wp-json\/wp\/v2\/comments?post=3434"}],"version-history":[{"count":1,"href":"https:\/\/canalizadordelisboa.pt\/es\/wp-json\/wp\/v2\/pages\/3434\/revisions"}],"predecessor-version":[{"id":3435,"href":"https:\/\/canalizadordelisboa.pt\/es\/wp-json\/wp\/v2\/pages\/3434\/revisions\/3435"}],"wp:attachment":[{"href":"https:\/\/canalizadordelisboa.pt\/es\/wp-json\/wp\/v2\/media?parent=3434"}],"curies":[{"name":"wp","href":"https:\/\/api.w.org\/{rel}","templated":true}]}}