{"id":3220,"date":"2024-07-04T07:34:12","date_gmt":"2024-07-04T07:34:12","guid":{"rendered":"https:\/\/canalizadordelisboa.pt\/?page_id=3220"},"modified":"2024-07-04T07:34:12","modified_gmt":"2024-07-04T07:34:12","slug":"reparacion-de-fugas-lisboa","status":"publish","type":"page","link":"https:\/\/canalizadordelisboa.pt\/es\/reparacao-de-fugas-lisboa\/","title":{"rendered":"Reparaci\u00f3n de fugas Lisbon - Canalizador de Lisboa"},"content":{"rendered":"<p>En <strong>Canalizador de Lisboa<\/strong>ofrecemos servicios especializados en <strong>reparaci\u00f3n de fugas Lisboa<\/strong>Nuestros t\u00e9cnicos est\u00e1n preparados para diagnosticar una variedad de problemas de fugas, asegurando que su sistema hidr\u00e1ulico funcione perfectamente y sin interrupciones. Nuestros t\u00e9cnicos cualificados est\u00e1n preparados para diagnosticar y solucionar una gran variedad de problemas de fugas, garantizando la integridad de su sistema hidr\u00e1ulico.<\/p>\n<h2>Importancia de la reparaci\u00f3n de fugas<\/h2>\n<p>Detectar y reparar las fugas de agua es crucial para evitar derroches y da\u00f1os estructurales en su propiedad. Las fugas no resueltas pueden provocar facturas de agua elevadas, moho, da\u00f1os en paredes y suelos, e incluso comprometer la estructura del edificio.<\/p>\n<h2>Problemas comunes relacionados con las fugas<\/h2>\n<p>Algunos de los problemas m\u00e1s comunes que pueden provocar fugas son:<\/p>\n<ul>\n<li><strong>Tuber\u00edas corro\u00eddas:<\/strong> Con el tiempo, las tuber\u00edas pueden corroerse y desarrollar peque\u00f1as grietas que dan lugar a fugas.<\/li>\n<li><strong>Conexiones sueltas:<\/strong> Las conexiones mal ajustadas pueden dejar escapar el agua.<\/li>\n<li><strong>Articulaciones desgastadas:<\/strong> Las juntas y retenes desgastados pueden fallar, provocando fugas en los puntos de conexi\u00f3n.<\/li>\n<li><strong>Presi\u00f3n excesiva:<\/strong> Una presi\u00f3n de agua muy alta puede forzar las conexiones y provocar la rotura de las tuber\u00edas.<\/li>\n<\/ul>\n<h2>Nuestro servicio de reparaci\u00f3n de fugas Lisbon<\/h2>\n<p>En <strong>Canalizador de Lisboa<\/strong>Nuestro servicio de reparaci\u00f3n de fugas Lisbon incluye:<\/p>\n<ul>\n<li><strong>Detecci\u00f3n de fugas:<\/strong> Utilizamos t\u00e9cnicas y equipos avanzados para localizar el origen exacto de la fuga.<\/li>\n<li><strong>Reparaci\u00f3n precisa:<\/strong> Realizamos las reparaciones utilizando materiales de alta calidad para garantizar la durabilidad de la reparaci\u00f3n.<\/li>\n<li><strong>Prueba de funcionamiento:<\/strong> Tras la reparaci\u00f3n, probamos el sistema para asegurarnos de que la fuga se ha eliminado por completo.<\/li>\n<li><strong>Mantenimiento preventivo:<\/strong> Ofrecemos servicios de mantenimiento para evitar futuros problemas de fugas.<\/li>\n<\/ul>\n<h2>\u00bfPor qu\u00e9 elegir Canalizador de Lisboa?<\/h2>\n<p>A <strong>Canalizador de Lisboa<\/strong> es la opci\u00f3n ideal para <strong>reparaci\u00f3n de fugas Lisboa<\/strong>. He aqu\u00ed algunas razones para elegirnos:<\/p>\n<ul>\n<li><strong>Profesionales con experiencia:<\/strong> Nuestro equipo est\u00e1 formado por t\u00e9cnicos altamente cualificados y experimentados.<\/li>\n<li><strong>Servicio r\u00e1pido:<\/strong> Comprendemos la urgencia de una fuga de agua y ofrecemos un servicio r\u00e1pido y eficaz.<\/li>\n<li><strong>Calidad y seguridad:<\/strong> S\u00f3lo utilizamos materiales de alta calidad y seguimos estrictas normas de seguridad.<\/li>\n<li><strong>Transparencia:<\/strong> Proporcionamos presupuestos detallados y transparentes, sin sorpresas.<\/li>\n<\/ul>\n<h2>P\u00f3ngase en contacto con nosotros<\/h2>\n<p>Si necesita <strong>reparaci\u00f3n de fugas Lisboa<\/strong>p\u00f3ngase en contacto con <strong>Canalizador de Lisboa<\/strong> hoy mismo. Estamos listos para ayudarle a mantener su sistema de fontaner\u00eda en perfectas condiciones.<\/p>","protected":false},"excerpt":{"rendered":"<p>Na Canalizador de Lisboa, oferecemos servi\u00e7os especializados em repara\u00e7\u00e3o de fugas Lisboa, garantindo que seu sistema de canaliza\u00e7\u00e3o funcione perfeitamente e sem interrup\u00e7\u00f5es. Nossos t\u00e9cnicos qualificados est\u00e3o prontos para diagnosticar e solucionar uma variedade de problemas de fugas, assegurando a integridade do seu sistema hidr\u00e1ulico. Import\u00e2ncia da Repara\u00e7\u00e3o de Fugas Detectar e reparar fugas de [&hellip;]<\/p>\n","protected":false},"author":1,"featured_media":0,"parent":0,"menu_order":0,"comment_status":"closed","ping_status":"closed","template":"","meta":{"iawp_total_views":6,"footnotes":""},"class_list":["post-3220","page","type-page","status-publish","hentry"],"yoast_head":"<!-- This site is optimized with the Yoast SEO plugin v27.4 - https:\/\/yoast.com\/product\/yoast-seo-wordpress\/ -->\n<title>Repara\u00e7\u00e3o de Fugas Lisboa - Canalizador de Lisboa<\/title>\n<meta name=\"description\" content=\"Servi\u00e7o profissional de repara\u00e7\u00e3o de fugas em Lisboa. Garanta a efici\u00eancia e o funcionamento do seu sistema de canaliza\u00e7\u00e3o com a Canalizador de Lisboa.\" \/>\n<meta name=\"robots\" content=\"index, follow, max-snippet:-1, max-image-preview:large, max-video-preview:-1\" \/>\n<link rel=\"canonical\" href=\"https:\/\/canalizadordelisboa.pt\/es\/reparacion-de-fugas-lisboa\/\" \/>\n<meta property=\"og:locale\" content=\"es_ES\" \/>\n<meta property=\"og:type\" content=\"article\" \/>\n<meta property=\"og:title\" content=\"Repara\u00e7\u00e3o de Fugas Lisboa - Canalizador de Lisboa\" \/>\n<meta property=\"og:description\" content=\"Servi\u00e7o profissional de repara\u00e7\u00e3o de fugas em Lisboa. Garanta a efici\u00eancia e o funcionamento do seu sistema de canaliza\u00e7\u00e3o com a Canalizador de Lisboa.\" \/>\n<meta property=\"og:url\" content=\"https:\/\/canalizadordelisboa.pt\/es\/reparacion-de-fugas-lisboa\/\" \/>\n<meta property=\"og:site_name\" content=\"Canalizador de Lisboa\" \/>\n<meta name=\"twitter:card\" content=\"summary_large_image\" \/>\n<script type=\"application\/ld+json\" class=\"yoast-schema-graph\">{\"@context\":\"https:\\\/\\\/schema.org\",\"@graph\":[{\"@type\":\"WebPage\",\"@id\":\"https:\\\/\\\/canalizadordelisboa.pt\\\/reparacao-de-fugas-lisboa\\\/\",\"url\":\"https:\\\/\\\/canalizadordelisboa.pt\\\/reparacao-de-fugas-lisboa\\\/\",\"name\":\"Repara\u00e7\u00e3o de Fugas Lisboa - Canalizador de Lisboa\",\"isPartOf\":{\"@id\":\"https:\\\/\\\/canalizadordelisboa.pt\\\/#website\"},\"datePublished\":\"2024-07-04T07:34:12+00:00\",\"description\":\"Servi\u00e7o profissional de repara\u00e7\u00e3o de fugas em Lisboa. Garanta a efici\u00eancia e o funcionamento do seu sistema de canaliza\u00e7\u00e3o com a Canalizador de Lisboa.\",\"breadcrumb\":{\"@id\":\"https:\\\/\\\/canalizadordelisboa.pt\\\/reparacao-de-fugas-lisboa\\\/#breadcrumb\"},\"inLanguage\":\"es\",\"potentialAction\":[{\"@type\":\"ReadAction\",\"target\":[\"https:\\\/\\\/canalizadordelisboa.pt\\\/reparacao-de-fugas-lisboa\\\/\"]}]},{\"@type\":\"BreadcrumbList\",\"@id\":\"https:\\\/\\\/canalizadordelisboa.pt\\\/reparacao-de-fugas-lisboa\\\/#breadcrumb\",\"itemListElement\":[{\"@type\":\"ListItem\",\"position\":1,\"name\":\"Accueil\",\"item\":\"https:\\\/\\\/canalizadordelisboa.pt\\\/\"},{\"@type\":\"ListItem\",\"position\":2,\"name\":\"Repara\u00e7\u00e3o de Fugas Lisboa &#8211; Canalizador de Lisboa\"}]},{\"@type\":\"WebSite\",\"@id\":\"https:\\\/\\\/canalizadordelisboa.pt\\\/#website\",\"url\":\"https:\\\/\\\/canalizadordelisboa.pt\\\/\",\"name\":\"Canalizador de Lisboa\",\"description\":\"Servi\u00e7os de canaliza\u00e7\u00e3o e desentupimentos de alta qualidade em Lisboa.\",\"potentialAction\":[{\"@type\":\"SearchAction\",\"target\":{\"@type\":\"EntryPoint\",\"urlTemplate\":\"https:\\\/\\\/canalizadordelisboa.pt\\\/?s={search_term_string}\"},\"query-input\":{\"@type\":\"PropertyValueSpecification\",\"valueRequired\":true,\"valueName\":\"search_term_string\"}}],\"inLanguage\":\"es\"}]}<\/script>\n<!-- \/ Yoast SEO plugin. -->","yoast_head_json":{"title":"Reparaci\u00f3n de fugas Lisbon - Canalizador de Lisboa","description":"Servicio profesional de reparaci\u00f3n de fugas en Lisboa. Garantice la eficiencia y el funcionamiento de su sistema de fontaner\u00eda con Canalizador de Lisboa.","robots":{"index":"index","follow":"follow","max-snippet":"max-snippet:-1","max-image-preview":"max-image-preview:large","max-video-preview":"max-video-preview:-1"},"canonical":"https:\/\/canalizadordelisboa.pt\/es\/reparacion-de-fugas-lisboa\/","og_locale":"es_ES","og_type":"article","og_title":"Repara\u00e7\u00e3o de Fugas Lisboa - Canalizador de Lisboa","og_description":"Servi\u00e7o profissional de repara\u00e7\u00e3o de fugas em Lisboa. Garanta a efici\u00eancia e o funcionamento do seu sistema de canaliza\u00e7\u00e3o com a Canalizador de Lisboa.","og_url":"https:\/\/canalizadordelisboa.pt\/es\/reparacion-de-fugas-lisboa\/","og_site_name":"Canalizador de Lisboa","twitter_card":"summary_large_image","schema":{"@context":"https:\/\/schema.org","@graph":[{"@type":"WebPage","@id":"https:\/\/canalizadordelisboa.pt\/reparacao-de-fugas-lisboa\/","url":"https:\/\/canalizadordelisboa.pt\/reparacao-de-fugas-lisboa\/","name":"Reparaci\u00f3n de fugas Lisbon - Canalizador de Lisboa","isPartOf":{"@id":"https:\/\/canalizadordelisboa.pt\/#website"},"datePublished":"2024-07-04T07:34:12+00:00","description":"Servicio profesional de reparaci\u00f3n de fugas en Lisboa. Garantice la eficiencia y el funcionamiento de su sistema de fontaner\u00eda con Canalizador de Lisboa.","breadcrumb":{"@id":"https:\/\/canalizadordelisboa.pt\/reparacao-de-fugas-lisboa\/#breadcrumb"},"inLanguage":"es","potentialAction":[{"@type":"ReadAction","target":["https:\/\/canalizadordelisboa.pt\/reparacao-de-fugas-lisboa\/"]}]},{"@type":"BreadcrumbList","@id":"https:\/\/canalizadordelisboa.pt\/reparacao-de-fugas-lisboa\/#breadcrumb","itemListElement":[{"@type":"ListItem","position":1,"name":"Accueil","item":"https:\/\/canalizadordelisboa.pt\/"},{"@type":"ListItem","position":2,"name":"Repara\u00e7\u00e3o de Fugas Lisboa &#8211; Canalizador de Lisboa"}]},{"@type":"WebSite","@id":"https:\/\/canalizadordelisboa.pt\/#website","url":"https:\/\/canalizadordelisboa.pt\/","name":"Canalizador de Lisboa","description":"Servicios de fontaner\u00eda y saneamiento de alta calidad en Lisboa.","potentialAction":[{"@type":"SearchAction","target":{"@type":"EntryPoint","urlTemplate":"https:\/\/canalizadordelisboa.pt\/?s={search_term_string}"},"query-input":{"@type":"PropertyValueSpecification","valueRequired":true,"valueName":"search_term_string"}}],"inLanguage":"es"}]}},"_links":{"self":[{"href":"https:\/\/canalizadordelisboa.pt\/es\/wp-json\/wp\/v2\/pages\/3220","targetHints":{"allow":["GET"]}}],"collection":[{"href":"https:\/\/canalizadordelisboa.pt\/es\/wp-json\/wp\/v2\/pages"}],"about":[{"href":"https:\/\/canalizadordelisboa.pt\/es\/wp-json\/wp\/v2\/types\/page"}],"author":[{"embeddable":true,"href":"https:\/\/canalizadordelisboa.pt\/es\/wp-json\/wp\/v2\/users\/1"}],"replies":[{"embeddable":true,"href":"https:\/\/canalizadordelisboa.pt\/es\/wp-json\/wp\/v2\/comments?post=3220"}],"version-history":[{"count":1,"href":"https:\/\/canalizadordelisboa.pt\/es\/wp-json\/wp\/v2\/pages\/3220\/revisions"}],"predecessor-version":[{"id":3221,"href":"https:\/\/canalizadordelisboa.pt\/es\/wp-json\/wp\/v2\/pages\/3220\/revisions\/3221"}],"wp:attachment":[{"href":"https:\/\/canalizadordelisboa.pt\/es\/wp-json\/wp\/v2\/media?parent=3220"}],"curies":[{"name":"wp","href":"https:\/\/api.w.org\/{rel}","templated":true}]}}