{"id":3214,"date":"2024-07-04T07:14:28","date_gmt":"2024-07-04T07:14:28","guid":{"rendered":"https:\/\/canalizadordelisboa.pt\/?page_id=3214"},"modified":"2024-07-04T07:14:28","modified_gmt":"2024-07-04T07:14:28","slug":"reparacion-de-duchas-lisboa","status":"publish","type":"page","link":"https:\/\/canalizadordelisboa.pt\/es\/reparacao-de-chuveiros-lisboa\/","title":{"rendered":"Reparaci\u00f3n de duchas Lisboa - Canalizador de Lisboa"},"content":{"rendered":"<p>En <strong>Canalizador de Lisboa<\/strong>ofrecemos servicios especializados en <strong>reparaci\u00f3n de duchas Lisboa<\/strong>Nuestros t\u00e9cnicos cualificados est\u00e1n preparados para diagnosticar y solucionar una gran variedad de problemas, garantizando que su ducha funcione perfectamente y sin interrupciones. Nuestros t\u00e9cnicos cualificados est\u00e1n listos para diagnosticar y resolver una variedad de problemas, garantizando la comodidad de su hogar.<\/p>\n<h2>La importancia de reparar la ducha<\/h2>\n<p>El mantenimiento regular y la reparaci\u00f3n adecuada de las duchas son esenciales para garantizar la eficacia y longevidad de su sistema de ducha. Los problemas no resueltos pueden provocar un aumento del consumo de agua, fallos en el suministro de agua caliente e incluso da\u00f1os permanentes en el equipo.<\/p>\n<h2>Problemas habituales en la ducha<\/h2>\n<p>Algunos de los problemas m\u00e1s comunes que pueden afectar a las duchas son:<\/p>\n<ul>\n<li><strong>Filtraciones:<\/strong> Pueden producirse fugas de agua debido a conexiones sueltas o componentes desgastados.<\/li>\n<li><strong>Baja presi\u00f3n del agua:<\/strong> Puede deberse a atascos en la ducha o en las tuber\u00edas.<\/li>\n<li><strong>Problemas de temperatura:<\/strong> El agua que no se calienta o se calienta demasiado puede ser un signo de aver\u00eda en el mezclador o el calentador.<\/li>\n<li><strong>Desgaste de las piezas:<\/strong> Los componentes internos, como juntas y anillos de goma, pueden desgastarse con el tiempo, provocando fugas y fallos de funcionamiento.<\/li>\n<\/ul>\n<h2>Nuestro Servicio de Reparaci\u00f3n de Duchas Lisbon<\/h2>\n<p>En <strong>Canalizador de Lisboa<\/strong>Nuestro servicio de reparaci\u00f3n de duchas Lisbon incluye:<\/p>\n<ul>\n<li><strong>Diagn\u00f3stico completo:<\/strong> Identificamos la causa del problema y evaluamos el estado general de la ducha.<\/li>\n<li><strong>Reparaci\u00f3n y sustituci\u00f3n:<\/strong> Realizamos las reparaciones o sustituciones necesarias utilizando piezas de alta calidad.<\/li>\n<li><strong>Prueba de funcionamiento:<\/strong> Tras la reparaci\u00f3n, probamos la ducha para asegurarnos de que todo funciona correctamente.<\/li>\n<li><strong>Mantenimiento preventivo:<\/strong> Ofrecemos servicios de mantenimiento para prevenir futuros problemas y prolongar la vida \u00fatil de la ducha.<\/li>\n<\/ul>\n<h2>\u00bfPor qu\u00e9 elegir Canalizador de Lisboa?<\/h2>\n<p>A <strong>Canalizador de Lisboa<\/strong> es la opci\u00f3n ideal para <strong>reparaci\u00f3n de duchas Lisboa<\/strong>. He aqu\u00ed algunas razones para elegirnos:<\/p>\n<ul>\n<li><strong>Profesionales con experiencia:<\/strong> Nuestro equipo est\u00e1 formado por t\u00e9cnicos altamente cualificados y experimentados.<\/li>\n<li><strong>Servicio r\u00e1pido:<\/strong> Entendemos la importancia de tener una ducha que funcione correctamente y ofrecemos un servicio r\u00e1pido y eficaz.<\/li>\n<li><strong>Calidad y seguridad:<\/strong> S\u00f3lo utilizamos materiales de alta calidad y seguimos estrictas normas de seguridad.<\/li>\n<li><strong>Transparencia:<\/strong> Proporcionamos presupuestos detallados y transparentes, sin sorpresas.<\/li>\n<\/ul>\n<h2>P\u00f3ngase en contacto con nosotros<\/h2>\n<p>Si necesita <strong>reparaci\u00f3n de duchas Lisboa<\/strong>p\u00f3ngase en contacto con <strong>Canalizador de Lisboa<\/strong> hoy mismo. Estamos listos para ayudarle a mantener su ducha en perfectas condiciones.<\/p>","protected":false},"excerpt":{"rendered":"<p>Na Canalizador de Lisboa, oferecemos servi\u00e7os especializados em repara\u00e7\u00e3o de chuveiros Lisboa, garantindo que seu chuveiro funcione perfeitamente e sem interrup\u00e7\u00f5es. Nossos t\u00e9cnicos qualificados est\u00e3o prontos para diagnosticar e solucionar uma variedade de problemas, assegurando o conforto da sua casa. Import\u00e2ncia da Repara\u00e7\u00e3o de Chuveiros Uma manuten\u00e7\u00e3o regular e a repara\u00e7\u00e3o adequada dos chuveiros s\u00e3o [&hellip;]<\/p>\n","protected":false},"author":1,"featured_media":0,"parent":0,"menu_order":0,"comment_status":"closed","ping_status":"closed","template":"","meta":{"iawp_total_views":22,"footnotes":""},"class_list":["post-3214","page","type-page","status-publish","hentry"],"yoast_head":"<!-- This site is optimized with the Yoast SEO plugin v27.4 - https:\/\/yoast.com\/product\/yoast-seo-wordpress\/ -->\n<title>Repara\u00e7\u00e3o de Chuveiros Lisboa - Canalizador de Lisboa<\/title>\n<meta name=\"description\" content=\"Servi\u00e7o profissional de repara\u00e7\u00e3o de chuveiros em Lisboa. Garanta a efici\u00eancia e o funcionamento do seu chuveiro com a Canalizador de Lisboa.\" \/>\n<meta name=\"robots\" content=\"index, follow, max-snippet:-1, max-image-preview:large, max-video-preview:-1\" \/>\n<link rel=\"canonical\" href=\"https:\/\/canalizadordelisboa.pt\/es\/reparacion-de-duchas-lisboa\/\" \/>\n<meta property=\"og:locale\" content=\"es_ES\" \/>\n<meta property=\"og:type\" content=\"article\" \/>\n<meta property=\"og:title\" content=\"Repara\u00e7\u00e3o de Chuveiros Lisboa - Canalizador de Lisboa\" \/>\n<meta property=\"og:description\" content=\"Servi\u00e7o profissional de repara\u00e7\u00e3o de chuveiros em Lisboa. Garanta a efici\u00eancia e o funcionamento do seu chuveiro com a Canalizador de Lisboa.\" \/>\n<meta property=\"og:url\" content=\"https:\/\/canalizadordelisboa.pt\/es\/reparacion-de-duchas-lisboa\/\" \/>\n<meta property=\"og:site_name\" content=\"Canalizador de Lisboa\" \/>\n<meta name=\"twitter:card\" content=\"summary_large_image\" \/>\n<script type=\"application\/ld+json\" class=\"yoast-schema-graph\">{\"@context\":\"https:\\\/\\\/schema.org\",\"@graph\":[{\"@type\":\"WebPage\",\"@id\":\"https:\\\/\\\/canalizadordelisboa.pt\\\/reparacao-de-chuveiros-lisboa\\\/\",\"url\":\"https:\\\/\\\/canalizadordelisboa.pt\\\/reparacao-de-chuveiros-lisboa\\\/\",\"name\":\"Repara\u00e7\u00e3o de Chuveiros Lisboa - Canalizador de Lisboa\",\"isPartOf\":{\"@id\":\"https:\\\/\\\/canalizadordelisboa.pt\\\/#website\"},\"datePublished\":\"2024-07-04T07:14:28+00:00\",\"description\":\"Servi\u00e7o profissional de repara\u00e7\u00e3o de chuveiros em Lisboa. Garanta a efici\u00eancia e o funcionamento do seu chuveiro com a Canalizador de Lisboa.\",\"breadcrumb\":{\"@id\":\"https:\\\/\\\/canalizadordelisboa.pt\\\/reparacao-de-chuveiros-lisboa\\\/#breadcrumb\"},\"inLanguage\":\"es\",\"potentialAction\":[{\"@type\":\"ReadAction\",\"target\":[\"https:\\\/\\\/canalizadordelisboa.pt\\\/reparacao-de-chuveiros-lisboa\\\/\"]}]},{\"@type\":\"BreadcrumbList\",\"@id\":\"https:\\\/\\\/canalizadordelisboa.pt\\\/reparacao-de-chuveiros-lisboa\\\/#breadcrumb\",\"itemListElement\":[{\"@type\":\"ListItem\",\"position\":1,\"name\":\"Accueil\",\"item\":\"https:\\\/\\\/canalizadordelisboa.pt\\\/\"},{\"@type\":\"ListItem\",\"position\":2,\"name\":\"Repara\u00e7\u00e3o de Chuveiros Lisboa &#8211; Canalizador de Lisboa\"}]},{\"@type\":\"WebSite\",\"@id\":\"https:\\\/\\\/canalizadordelisboa.pt\\\/#website\",\"url\":\"https:\\\/\\\/canalizadordelisboa.pt\\\/\",\"name\":\"Canalizador de Lisboa\",\"description\":\"Servi\u00e7os de canaliza\u00e7\u00e3o e desentupimentos de alta qualidade em Lisboa.\",\"potentialAction\":[{\"@type\":\"SearchAction\",\"target\":{\"@type\":\"EntryPoint\",\"urlTemplate\":\"https:\\\/\\\/canalizadordelisboa.pt\\\/?s={search_term_string}\"},\"query-input\":{\"@type\":\"PropertyValueSpecification\",\"valueRequired\":true,\"valueName\":\"search_term_string\"}}],\"inLanguage\":\"es\"}]}<\/script>\n<!-- \/ Yoast SEO plugin. -->","yoast_head_json":{"title":"Reparaci\u00f3n de duchas Lisboa - Canalizador de Lisboa","description":"Servicio profesional de reparaci\u00f3n de duchas en Lisboa. Aseg\u00farese de que su ducha es eficiente y funciona correctamente con Canalizador de Lisboa.","robots":{"index":"index","follow":"follow","max-snippet":"max-snippet:-1","max-image-preview":"max-image-preview:large","max-video-preview":"max-video-preview:-1"},"canonical":"https:\/\/canalizadordelisboa.pt\/es\/reparacion-de-duchas-lisboa\/","og_locale":"es_ES","og_type":"article","og_title":"Repara\u00e7\u00e3o de Chuveiros Lisboa - Canalizador de Lisboa","og_description":"Servi\u00e7o profissional de repara\u00e7\u00e3o de chuveiros em Lisboa. Garanta a efici\u00eancia e o funcionamento do seu chuveiro com a Canalizador de Lisboa.","og_url":"https:\/\/canalizadordelisboa.pt\/es\/reparacion-de-duchas-lisboa\/","og_site_name":"Canalizador de Lisboa","twitter_card":"summary_large_image","schema":{"@context":"https:\/\/schema.org","@graph":[{"@type":"WebPage","@id":"https:\/\/canalizadordelisboa.pt\/reparacao-de-chuveiros-lisboa\/","url":"https:\/\/canalizadordelisboa.pt\/reparacao-de-chuveiros-lisboa\/","name":"Reparaci\u00f3n de duchas Lisboa - Canalizador de Lisboa","isPartOf":{"@id":"https:\/\/canalizadordelisboa.pt\/#website"},"datePublished":"2024-07-04T07:14:28+00:00","description":"Servicio profesional de reparaci\u00f3n de duchas en Lisboa. Aseg\u00farese de que su ducha es eficiente y funciona correctamente con Canalizador de Lisboa.","breadcrumb":{"@id":"https:\/\/canalizadordelisboa.pt\/reparacao-de-chuveiros-lisboa\/#breadcrumb"},"inLanguage":"es","potentialAction":[{"@type":"ReadAction","target":["https:\/\/canalizadordelisboa.pt\/reparacao-de-chuveiros-lisboa\/"]}]},{"@type":"BreadcrumbList","@id":"https:\/\/canalizadordelisboa.pt\/reparacao-de-chuveiros-lisboa\/#breadcrumb","itemListElement":[{"@type":"ListItem","position":1,"name":"Accueil","item":"https:\/\/canalizadordelisboa.pt\/"},{"@type":"ListItem","position":2,"name":"Repara\u00e7\u00e3o de Chuveiros Lisboa &#8211; Canalizador de Lisboa"}]},{"@type":"WebSite","@id":"https:\/\/canalizadordelisboa.pt\/#website","url":"https:\/\/canalizadordelisboa.pt\/","name":"Canalizador de Lisboa","description":"Servicios de fontaner\u00eda y saneamiento de alta calidad en Lisboa.","potentialAction":[{"@type":"SearchAction","target":{"@type":"EntryPoint","urlTemplate":"https:\/\/canalizadordelisboa.pt\/?s={search_term_string}"},"query-input":{"@type":"PropertyValueSpecification","valueRequired":true,"valueName":"search_term_string"}}],"inLanguage":"es"}]}},"_links":{"self":[{"href":"https:\/\/canalizadordelisboa.pt\/es\/wp-json\/wp\/v2\/pages\/3214","targetHints":{"allow":["GET"]}}],"collection":[{"href":"https:\/\/canalizadordelisboa.pt\/es\/wp-json\/wp\/v2\/pages"}],"about":[{"href":"https:\/\/canalizadordelisboa.pt\/es\/wp-json\/wp\/v2\/types\/page"}],"author":[{"embeddable":true,"href":"https:\/\/canalizadordelisboa.pt\/es\/wp-json\/wp\/v2\/users\/1"}],"replies":[{"embeddable":true,"href":"https:\/\/canalizadordelisboa.pt\/es\/wp-json\/wp\/v2\/comments?post=3214"}],"version-history":[{"count":1,"href":"https:\/\/canalizadordelisboa.pt\/es\/wp-json\/wp\/v2\/pages\/3214\/revisions"}],"predecessor-version":[{"id":3216,"href":"https:\/\/canalizadordelisboa.pt\/es\/wp-json\/wp\/v2\/pages\/3214\/revisions\/3216"}],"wp:attachment":[{"href":"https:\/\/canalizadordelisboa.pt\/es\/wp-json\/wp\/v2\/media?parent=3214"}],"curies":[{"name":"wp","href":"https:\/\/api.w.org\/{rel}","templated":true}]}}