{"id":3206,"date":"2024-07-02T08:41:35","date_gmt":"2024-07-02T08:41:35","guid":{"rendered":"https:\/\/canalizadordelisboa.pt\/?page_id=3206"},"modified":"2024-07-02T08:41:35","modified_gmt":"2024-07-02T08:41:35","slug":"reparacion-de-calentadores-de-agua-lisboa","status":"publish","type":"page","link":"https:\/\/canalizadordelisboa.pt\/es\/reparacao-de-aquecedores-de-agua-lisboa\/","title":{"rendered":"Reparaci\u00f3n de calentadores de agua Lisbon"},"content":{"rendered":"<p>En <strong>Canalizador de Lisboa<\/strong>ofrecemos servicios especializados en <strong>reparaci\u00f3n del calentador de agua Lisbon<\/strong>Nuestros t\u00e9cnicos est\u00e1n listos para diagnosticar y resolver una variedad de problemas, asegurando que su sistema de calefacci\u00f3n funcione sin problemas y sin interrupci\u00f3n. Nuestros t\u00e9cnicos cualificados est\u00e1n listos para diagnosticar y resolver una variedad de problemas, asegurando la comodidad de su hogar durante todo el a\u00f1o.<\/p>\n<h2>Importancia de la reparaci\u00f3n del calentador de agua<\/h2>\n<p>El mantenimiento y la reparaci\u00f3n peri\u00f3dicos de los calentadores de agua son esenciales para garantizar la eficiencia y la longevidad del sistema. Los problemas no resueltos pueden provocar un aumento del consumo de energ\u00eda, fallos en el suministro de agua caliente e incluso da\u00f1os permanentes en el equipo.<\/p>\n<h2>Problemas comunes del calentador de agua<\/h2>\n<p>Algunos de los problemas m\u00e1s comunes que pueden afectar a los calentadores de agua son:<\/p>\n<ul>\n<li><strong>Fallos del termostato:<\/strong> Un termostato defectuoso puede impedir que el agua alcance la temperatura deseada.<\/li>\n<li><strong>Filtraciones:<\/strong> Pueden producirse fugas de agua debido a conexiones sueltas o componentes desgastados.<\/li>\n<li><strong>La calefacci\u00f3n no se enciende:<\/strong> Los problemas el\u00e9ctricos o los fallos del piloto pueden impedir que el calentador funcione correctamente.<\/li>\n<li><strong>Acumulaci\u00f3n de sedimentos:<\/strong> Los dep\u00f3sitos minerales pueden acumularse en el dep\u00f3sito, reduciendo la eficacia del calentador.<\/li>\n<\/ul>\n<h2>Nuestro servicio de reparaci\u00f3n de calentadores de agua Lisbon<\/h2>\n<p>En <strong>Canalizador de Lisboa<\/strong>Nuestro servicio de reparaci\u00f3n de calentadores de agua Lisbon incluye:<\/p>\n<ul>\n<li><strong>Diagn\u00f3stico completo:<\/strong> Identificamos la causa del problema y evaluamos el estado general del calentador.<\/li>\n<li><strong>Reparaci\u00f3n y sustituci\u00f3n:<\/strong> Realizamos las reparaciones o sustituciones necesarias utilizando piezas de alta calidad.<\/li>\n<li><strong>Prueba de funcionamiento:<\/strong> Despu\u00e9s de la reparaci\u00f3n, probamos el calentador para asegurarnos de que todo funciona correctamente.<\/li>\n<li><strong>Mantenimiento preventivo:<\/strong> Ofrecemos servicios de mantenimiento para prevenir futuros problemas y prolongar la vida \u00fatil del calentador.<\/li>\n<\/ul>\n<h2>\u00bfPor qu\u00e9 elegir Canalizador de Lisboa?<\/h2>\n<p>A <strong>Canalizador de Lisboa<\/strong> es la opci\u00f3n ideal para <strong>reparaci\u00f3n del calentador de agua Lisbon<\/strong>. He aqu\u00ed algunas razones para elegirnos:<\/p>\n<ul>\n<li><strong>Profesionales con experiencia:<\/strong> Nuestro equipo est\u00e1 formado por t\u00e9cnicos altamente cualificados y experimentados.<\/li>\n<li><strong>Servicio r\u00e1pido:<\/strong> Comprendemos la importancia del agua caliente y ofrecemos un servicio r\u00e1pido y eficaz.<\/li>\n<li><strong>Calidad y seguridad:<\/strong> S\u00f3lo utilizamos materiales de alta calidad y seguimos estrictas normas de seguridad.<\/li>\n<li><strong>Transparencia:<\/strong> Proporcionamos presupuestos detallados y transparentes, sin sorpresas.<\/li>\n<\/ul>\n<h2>P\u00f3ngase en contacto con nosotros<\/h2>\n<p>Si necesita <strong>reparaci\u00f3n del calentador de agua Lisbon<\/strong>p\u00f3ngase en contacto con <strong>Canalizador de Lisboa<\/strong> hoy mismo. Estamos listos para ayudarle a mantener su sistema de calefacci\u00f3n en perfectas condiciones.<\/p>","protected":false},"excerpt":{"rendered":"<p>Na Canalizador de Lisboa, oferecemos servi\u00e7os especializados em repara\u00e7\u00e3o de aquecedores de \u00e1gua Lisboa, garantindo que seu sistema de aquecimento funcione perfeitamente e sem interrup\u00e7\u00f5es. Nossos t\u00e9cnicos qualificados est\u00e3o prontos para diagnosticar e solucionar uma variedade de problemas, assegurando o conforto da sua casa durante todo o ano. Import\u00e2ncia da Repara\u00e7\u00e3o de Aquecedores de \u00c1gua [&hellip;]<\/p>\n","protected":false},"author":1,"featured_media":0,"parent":0,"menu_order":0,"comment_status":"closed","ping_status":"closed","template":"","meta":{"iawp_total_views":22,"footnotes":""},"class_list":["post-3206","page","type-page","status-publish","hentry"],"yoast_head":"<!-- This site is optimized with the Yoast SEO plugin v27.4 - https:\/\/yoast.com\/product\/yoast-seo-wordpress\/ -->\n<title>Repara\u00e7\u00e3o de Aquecedores de \u00c1gua Lisboa<\/title>\n<meta name=\"description\" content=\"Servi\u00e7o profissional de repara\u00e7\u00e3o de aquecedores de \u00e1gua em Lisboa. Garanta a efici\u00eancia e o funcionamento do seu sistema de aquecimento com a Canalizador de Lisboa.\" \/>\n<meta name=\"robots\" content=\"index, follow, max-snippet:-1, max-image-preview:large, max-video-preview:-1\" \/>\n<link rel=\"canonical\" href=\"https:\/\/canalizadordelisboa.pt\/es\/reparacion-de-calentadores-de-agua-lisboa\/\" \/>\n<meta property=\"og:locale\" content=\"es_ES\" \/>\n<meta property=\"og:type\" content=\"article\" \/>\n<meta property=\"og:title\" content=\"Repara\u00e7\u00e3o de Aquecedores de \u00c1gua Lisboa\" \/>\n<meta property=\"og:description\" content=\"Servi\u00e7o profissional de repara\u00e7\u00e3o de aquecedores de \u00e1gua em Lisboa. Garanta a efici\u00eancia e o funcionamento do seu sistema de aquecimento com a Canalizador de Lisboa.\" \/>\n<meta property=\"og:url\" content=\"https:\/\/canalizadordelisboa.pt\/es\/reparacion-de-calentadores-de-agua-lisboa\/\" \/>\n<meta property=\"og:site_name\" content=\"Canalizador de Lisboa\" \/>\n<meta name=\"twitter:card\" content=\"summary_large_image\" \/>\n<script type=\"application\/ld+json\" class=\"yoast-schema-graph\">{\"@context\":\"https:\\\/\\\/schema.org\",\"@graph\":[{\"@type\":\"WebPage\",\"@id\":\"https:\\\/\\\/canalizadordelisboa.pt\\\/reparacao-de-aquecedores-de-agua-lisboa\\\/\",\"url\":\"https:\\\/\\\/canalizadordelisboa.pt\\\/reparacao-de-aquecedores-de-agua-lisboa\\\/\",\"name\":\"Repara\u00e7\u00e3o de Aquecedores de \u00c1gua Lisboa\",\"isPartOf\":{\"@id\":\"https:\\\/\\\/canalizadordelisboa.pt\\\/#website\"},\"datePublished\":\"2024-07-02T08:41:35+00:00\",\"description\":\"Servi\u00e7o profissional de repara\u00e7\u00e3o de aquecedores de \u00e1gua em Lisboa. Garanta a efici\u00eancia e o funcionamento do seu sistema de aquecimento com a Canalizador de Lisboa.\",\"breadcrumb\":{\"@id\":\"https:\\\/\\\/canalizadordelisboa.pt\\\/reparacao-de-aquecedores-de-agua-lisboa\\\/#breadcrumb\"},\"inLanguage\":\"es\",\"potentialAction\":[{\"@type\":\"ReadAction\",\"target\":[\"https:\\\/\\\/canalizadordelisboa.pt\\\/reparacao-de-aquecedores-de-agua-lisboa\\\/\"]}]},{\"@type\":\"BreadcrumbList\",\"@id\":\"https:\\\/\\\/canalizadordelisboa.pt\\\/reparacao-de-aquecedores-de-agua-lisboa\\\/#breadcrumb\",\"itemListElement\":[{\"@type\":\"ListItem\",\"position\":1,\"name\":\"Accueil\",\"item\":\"https:\\\/\\\/canalizadordelisboa.pt\\\/\"},{\"@type\":\"ListItem\",\"position\":2,\"name\":\"Repara\u00e7\u00e3o de Aquecedores de \u00c1gua Lisboa\"}]},{\"@type\":\"WebSite\",\"@id\":\"https:\\\/\\\/canalizadordelisboa.pt\\\/#website\",\"url\":\"https:\\\/\\\/canalizadordelisboa.pt\\\/\",\"name\":\"Canalizador de Lisboa\",\"description\":\"Servi\u00e7os de canaliza\u00e7\u00e3o e desentupimentos de alta qualidade em Lisboa.\",\"potentialAction\":[{\"@type\":\"SearchAction\",\"target\":{\"@type\":\"EntryPoint\",\"urlTemplate\":\"https:\\\/\\\/canalizadordelisboa.pt\\\/?s={search_term_string}\"},\"query-input\":{\"@type\":\"PropertyValueSpecification\",\"valueRequired\":true,\"valueName\":\"search_term_string\"}}],\"inLanguage\":\"es\"}]}<\/script>\n<!-- \/ Yoast SEO plugin. -->","yoast_head_json":{"title":"Reparaci\u00f3n de calentadores de agua Lisbon","description":"Servicio profesional de reparaci\u00f3n de calentadores de agua en Lisboa. Aseg\u00farese de que su sistema de calefacci\u00f3n est\u00e1 funcionando de manera eficiente y sin problemas con Canalizador de Lisboa.","robots":{"index":"index","follow":"follow","max-snippet":"max-snippet:-1","max-image-preview":"max-image-preview:large","max-video-preview":"max-video-preview:-1"},"canonical":"https:\/\/canalizadordelisboa.pt\/es\/reparacion-de-calentadores-de-agua-lisboa\/","og_locale":"es_ES","og_type":"article","og_title":"Repara\u00e7\u00e3o de Aquecedores de \u00c1gua Lisboa","og_description":"Servi\u00e7o profissional de repara\u00e7\u00e3o de aquecedores de \u00e1gua em Lisboa. Garanta a efici\u00eancia e o funcionamento do seu sistema de aquecimento com a Canalizador de Lisboa.","og_url":"https:\/\/canalizadordelisboa.pt\/es\/reparacion-de-calentadores-de-agua-lisboa\/","og_site_name":"Canalizador de Lisboa","twitter_card":"summary_large_image","schema":{"@context":"https:\/\/schema.org","@graph":[{"@type":"WebPage","@id":"https:\/\/canalizadordelisboa.pt\/reparacao-de-aquecedores-de-agua-lisboa\/","url":"https:\/\/canalizadordelisboa.pt\/reparacao-de-aquecedores-de-agua-lisboa\/","name":"Reparaci\u00f3n de calentadores de agua Lisbon","isPartOf":{"@id":"https:\/\/canalizadordelisboa.pt\/#website"},"datePublished":"2024-07-02T08:41:35+00:00","description":"Servicio profesional de reparaci\u00f3n de calentadores de agua en Lisboa. Aseg\u00farese de que su sistema de calefacci\u00f3n est\u00e1 funcionando de manera eficiente y sin problemas con Canalizador de Lisboa.","breadcrumb":{"@id":"https:\/\/canalizadordelisboa.pt\/reparacao-de-aquecedores-de-agua-lisboa\/#breadcrumb"},"inLanguage":"es","potentialAction":[{"@type":"ReadAction","target":["https:\/\/canalizadordelisboa.pt\/reparacao-de-aquecedores-de-agua-lisboa\/"]}]},{"@type":"BreadcrumbList","@id":"https:\/\/canalizadordelisboa.pt\/reparacao-de-aquecedores-de-agua-lisboa\/#breadcrumb","itemListElement":[{"@type":"ListItem","position":1,"name":"Accueil","item":"https:\/\/canalizadordelisboa.pt\/"},{"@type":"ListItem","position":2,"name":"Repara\u00e7\u00e3o de Aquecedores de \u00c1gua Lisboa"}]},{"@type":"WebSite","@id":"https:\/\/canalizadordelisboa.pt\/#website","url":"https:\/\/canalizadordelisboa.pt\/","name":"Canalizador de Lisboa","description":"Servicios de fontaner\u00eda y saneamiento de alta calidad en Lisboa.","potentialAction":[{"@type":"SearchAction","target":{"@type":"EntryPoint","urlTemplate":"https:\/\/canalizadordelisboa.pt\/?s={search_term_string}"},"query-input":{"@type":"PropertyValueSpecification","valueRequired":true,"valueName":"search_term_string"}}],"inLanguage":"es"}]}},"_links":{"self":[{"href":"https:\/\/canalizadordelisboa.pt\/es\/wp-json\/wp\/v2\/pages\/3206","targetHints":{"allow":["GET"]}}],"collection":[{"href":"https:\/\/canalizadordelisboa.pt\/es\/wp-json\/wp\/v2\/pages"}],"about":[{"href":"https:\/\/canalizadordelisboa.pt\/es\/wp-json\/wp\/v2\/types\/page"}],"author":[{"embeddable":true,"href":"https:\/\/canalizadordelisboa.pt\/es\/wp-json\/wp\/v2\/users\/1"}],"replies":[{"embeddable":true,"href":"https:\/\/canalizadordelisboa.pt\/es\/wp-json\/wp\/v2\/comments?post=3206"}],"version-history":[{"count":1,"href":"https:\/\/canalizadordelisboa.pt\/es\/wp-json\/wp\/v2\/pages\/3206\/revisions"}],"predecessor-version":[{"id":3209,"href":"https:\/\/canalizadordelisboa.pt\/es\/wp-json\/wp\/v2\/pages\/3206\/revisions\/3209"}],"wp:attachment":[{"href":"https:\/\/canalizadordelisboa.pt\/es\/wp-json\/wp\/v2\/media?parent=3206"}],"curies":[{"name":"wp","href":"https:\/\/api.w.org\/{rel}","templated":true}]}}