{"id":3193,"date":"2024-06-30T07:09:15","date_gmt":"2024-06-30T07:09:15","guid":{"rendered":"https:\/\/canalizadordelisboa.pt\/?page_id=3193"},"modified":"2024-06-30T07:09:24","modified_gmt":"2024-06-30T07:09:24","slug":"limpieza-de-tuberias","status":"publish","type":"page","link":"https:\/\/canalizadordelisboa.pt\/es\/limpeza-de-canos\/","title":{"rendered":"Limpieza de tuber\u00edas - Canalizador de Lisboa"},"content":{"rendered":"<p>A <strong>Canalizador de Lisboa<\/strong> ofrece servicios especializados en <strong>limpieza de tuber\u00edas<\/strong>Esto garantiza que su sistema de fontaner\u00eda funcione perfectamente y sin obstrucciones. Nuestros profesionales cualificados est\u00e1n preparados para realizar la limpieza de tuber\u00edas de forma r\u00e1pida y eficaz, garantizando la durabilidad y eficiencia de su sistema de fontaner\u00eda.<\/p>\n<h2>La importancia de la limpieza de tuber\u00edas<\/h2>\n<p>La limpieza peri\u00f3dica de las tuber\u00edas es esencial para mantener la funcionalidad del sistema de fontaner\u00eda y evitar problemas futuros. La falta de mantenimiento puede provocar la acumulaci\u00f3n de suciedad, grasa y residuos, lo que provoca atascos y posibles da\u00f1os en las tuber\u00edas.<\/p>\n<h2>Ventajas de la limpieza de tuber\u00edas<\/h2>\n<p>Los beneficios de la limpieza de desag\u00fces incluyen<\/p>\n<ul>\n<li><strong>Prevenci\u00f3n de atascos:<\/strong> La eliminaci\u00f3n de los residuos acumulados evita obstrucciones y mantiene un caudal de agua adecuado.<\/li>\n<li><strong>Aumento de la vida \u00fatil de las tuber\u00edas:<\/strong> Una limpieza regular ayuda a prevenir la corrosi\u00f3n y otros da\u00f1os que pueden poner en peligro la integridad de las tuber\u00edas.<\/li>\n<li><strong>Mejorar la calidad del agua:<\/strong> Unas tuber\u00edas limpias garantizan que el agua que llega a los grifos est\u00e9 libre de contaminantes.<\/li>\n<li><strong>Reducci\u00f3n de los malos olores:<\/strong> La eliminaci\u00f3n de los residuos acumulados evita la formaci\u00f3n de malos olores.<\/li>\n<\/ul>\n<h2>Nuestro servicio de limpieza de tuber\u00edas<\/h2>\n<p>En <strong>Canalizador de Lisboa<\/strong>Nuestro servicio de limpieza de desag\u00fces incluye:<\/p>\n<ul>\n<li><strong>Inspecci\u00f3n inicial:<\/strong> Evaluamos el estado de las tuber\u00edas e identificamos posibles obstrucciones.<\/li>\n<li><strong>Limpieza profunda:<\/strong> Utilizamos equipos especializados para eliminar todos los residuos y la suciedad acumulados en las tuber\u00edas.<\/li>\n<li><strong>Mantenimiento preventivo:<\/strong> Recomendamos un programa de limpieza regular para mantener las tuber\u00edas en perfecto estado.<\/li>\n<\/ul>\n<h2>\u00bfPor qu\u00e9 elegir Canalizador de Lisboa?<\/h2>\n<p>A <strong>Canalizador de Lisboa<\/strong> es la opci\u00f3n ideal para <strong>limpieza de tuber\u00edas<\/strong> en Lisboa y alrededores. He aqu\u00ed algunas razones para elegirnos:<\/p>\n<ul>\n<li><strong>Profesionales con experiencia:<\/strong> Nuestro equipo est\u00e1 formado por t\u00e9cnicos altamente cualificados y experimentados.<\/li>\n<li><strong>Equipamiento moderno:<\/strong> Utilizamos las \u00faltimas tecnolog\u00edas para garantizar una limpieza eficaz y exhaustiva.<\/li>\n<li><strong>Servicio personalizado:<\/strong> Adaptamos nuestros servicios a sus necesidades espec\u00edficas, garantizando una satisfacci\u00f3n total.<\/li>\n<li><strong>Calidad y seguridad:<\/strong> Seguimos estrictas normas de calidad y seguridad en todos nuestros servicios.<\/li>\n<\/ul>\n<h2>P\u00f3ngase en contacto con nosotros<\/h2>\n<p>Si necesita <strong>limpieza de tuber\u00edas<\/strong> en Lisboa, p\u00f3ngase en contacto con <strong>Canalizador de Lisboa<\/strong> hoy mismo. Estamos listos para ayudarle a mantener su sistema de fontaner\u00eda en perfectas condiciones.<\/p>","protected":false},"excerpt":{"rendered":"<p>A Canalizador de Lisboa oferece servi\u00e7os especializados em limpeza de canos, garantindo que seu sistema de canaliza\u00e7\u00e3o funcione perfeitamente e sem obstru\u00e7\u00f5es. Nossos profissionais qualificados est\u00e3o prontos para realizar a limpeza de canos de forma r\u00e1pida e eficiente, assegurando a durabilidade e a efici\u00eancia do seu sistema de canaliza\u00e7\u00e3o. Import\u00e2ncia da Limpeza de Canos A [&hellip;]<\/p>\n","protected":false},"author":1,"featured_media":0,"parent":0,"menu_order":0,"comment_status":"closed","ping_status":"closed","template":"","meta":{"iawp_total_views":8,"footnotes":""},"class_list":["post-3193","page","type-page","status-publish","hentry"],"yoast_head":"<!-- This site is optimized with the Yoast SEO plugin v27.4 - https:\/\/yoast.com\/product\/yoast-seo-wordpress\/ -->\n<title>Limpeza de Canos - Canalizador de Lisboa<\/title>\n<meta name=\"description\" content=\"Servi\u00e7o profissional de limpeza de canos em Lisboa. Garanta a efici\u00eancia e a longevidade do seu sistema de canaliza\u00e7\u00e3o com a Canalizador de Lisboa.\" \/>\n<meta name=\"robots\" content=\"index, follow, max-snippet:-1, max-image-preview:large, max-video-preview:-1\" \/>\n<link rel=\"canonical\" href=\"https:\/\/canalizadordelisboa.pt\/es\/limpieza-de-tuberias\/\" \/>\n<meta property=\"og:locale\" content=\"es_ES\" \/>\n<meta property=\"og:type\" content=\"article\" \/>\n<meta property=\"og:title\" content=\"Limpeza de Canos - Canalizador de Lisboa\" \/>\n<meta property=\"og:description\" content=\"Servi\u00e7o profissional de limpeza de canos em Lisboa. Garanta a efici\u00eancia e a longevidade do seu sistema de canaliza\u00e7\u00e3o com a Canalizador de Lisboa.\" \/>\n<meta property=\"og:url\" content=\"https:\/\/canalizadordelisboa.pt\/es\/limpieza-de-tuberias\/\" \/>\n<meta property=\"og:site_name\" content=\"Canalizador de Lisboa\" \/>\n<meta property=\"article:modified_time\" content=\"2024-06-30T07:09:24+00:00\" \/>\n<meta name=\"twitter:card\" content=\"summary_large_image\" \/>\n<meta name=\"twitter:label1\" content=\"Tiempo de lectura\" \/>\n\t<meta name=\"twitter:data1\" content=\"2 minutos\" \/>\n<script type=\"application\/ld+json\" class=\"yoast-schema-graph\">{\"@context\":\"https:\\\/\\\/schema.org\",\"@graph\":[{\"@type\":\"WebPage\",\"@id\":\"https:\\\/\\\/canalizadordelisboa.pt\\\/limpeza-de-canos\\\/\",\"url\":\"https:\\\/\\\/canalizadordelisboa.pt\\\/limpeza-de-canos\\\/\",\"name\":\"Limpeza de Canos - Canalizador de Lisboa\",\"isPartOf\":{\"@id\":\"https:\\\/\\\/canalizadordelisboa.pt\\\/#website\"},\"datePublished\":\"2024-06-30T07:09:15+00:00\",\"dateModified\":\"2024-06-30T07:09:24+00:00\",\"description\":\"Servi\u00e7o profissional de limpeza de canos em Lisboa. Garanta a efici\u00eancia e a longevidade do seu sistema de canaliza\u00e7\u00e3o com a Canalizador de Lisboa.\",\"breadcrumb\":{\"@id\":\"https:\\\/\\\/canalizadordelisboa.pt\\\/limpeza-de-canos\\\/#breadcrumb\"},\"inLanguage\":\"es\",\"potentialAction\":[{\"@type\":\"ReadAction\",\"target\":[\"https:\\\/\\\/canalizadordelisboa.pt\\\/limpeza-de-canos\\\/\"]}]},{\"@type\":\"BreadcrumbList\",\"@id\":\"https:\\\/\\\/canalizadordelisboa.pt\\\/limpeza-de-canos\\\/#breadcrumb\",\"itemListElement\":[{\"@type\":\"ListItem\",\"position\":1,\"name\":\"Accueil\",\"item\":\"https:\\\/\\\/canalizadordelisboa.pt\\\/\"},{\"@type\":\"ListItem\",\"position\":2,\"name\":\"Limpeza de Canos &#8211; Canalizador de Lisboa\"}]},{\"@type\":\"WebSite\",\"@id\":\"https:\\\/\\\/canalizadordelisboa.pt\\\/#website\",\"url\":\"https:\\\/\\\/canalizadordelisboa.pt\\\/\",\"name\":\"Canalizador de Lisboa\",\"description\":\"Servi\u00e7os de canaliza\u00e7\u00e3o e desentupimentos de alta qualidade em Lisboa.\",\"potentialAction\":[{\"@type\":\"SearchAction\",\"target\":{\"@type\":\"EntryPoint\",\"urlTemplate\":\"https:\\\/\\\/canalizadordelisboa.pt\\\/?s={search_term_string}\"},\"query-input\":{\"@type\":\"PropertyValueSpecification\",\"valueRequired\":true,\"valueName\":\"search_term_string\"}}],\"inLanguage\":\"es\"}]}<\/script>\n<!-- \/ Yoast SEO plugin. -->","yoast_head_json":{"title":"Limpieza de tuber\u00edas - Canalizador de Lisboa","description":"Servicio profesional de limpieza de desag\u00fces en Lisboa. Asegure la eficiencia y longevidad de su sistema de fontaner\u00eda con Canalizador de Lisboa.","robots":{"index":"index","follow":"follow","max-snippet":"max-snippet:-1","max-image-preview":"max-image-preview:large","max-video-preview":"max-video-preview:-1"},"canonical":"https:\/\/canalizadordelisboa.pt\/es\/limpieza-de-tuberias\/","og_locale":"es_ES","og_type":"article","og_title":"Limpeza de Canos - Canalizador de Lisboa","og_description":"Servi\u00e7o profissional de limpeza de canos em Lisboa. Garanta a efici\u00eancia e a longevidade do seu sistema de canaliza\u00e7\u00e3o com a Canalizador de Lisboa.","og_url":"https:\/\/canalizadordelisboa.pt\/es\/limpieza-de-tuberias\/","og_site_name":"Canalizador de Lisboa","article_modified_time":"2024-06-30T07:09:24+00:00","twitter_card":"summary_large_image","twitter_misc":{"Tiempo de lectura":"2 minutos"},"schema":{"@context":"https:\/\/schema.org","@graph":[{"@type":"WebPage","@id":"https:\/\/canalizadordelisboa.pt\/limpeza-de-canos\/","url":"https:\/\/canalizadordelisboa.pt\/limpeza-de-canos\/","name":"Limpieza de tuber\u00edas - Canalizador de Lisboa","isPartOf":{"@id":"https:\/\/canalizadordelisboa.pt\/#website"},"datePublished":"2024-06-30T07:09:15+00:00","dateModified":"2024-06-30T07:09:24+00:00","description":"Servicio profesional de limpieza de desag\u00fces en Lisboa. Asegure la eficiencia y longevidad de su sistema de fontaner\u00eda con Canalizador de Lisboa.","breadcrumb":{"@id":"https:\/\/canalizadordelisboa.pt\/limpeza-de-canos\/#breadcrumb"},"inLanguage":"es","potentialAction":[{"@type":"ReadAction","target":["https:\/\/canalizadordelisboa.pt\/limpeza-de-canos\/"]}]},{"@type":"BreadcrumbList","@id":"https:\/\/canalizadordelisboa.pt\/limpeza-de-canos\/#breadcrumb","itemListElement":[{"@type":"ListItem","position":1,"name":"Accueil","item":"https:\/\/canalizadordelisboa.pt\/"},{"@type":"ListItem","position":2,"name":"Limpeza de Canos &#8211; Canalizador de Lisboa"}]},{"@type":"WebSite","@id":"https:\/\/canalizadordelisboa.pt\/#website","url":"https:\/\/canalizadordelisboa.pt\/","name":"Canalizador de Lisboa","description":"Servicios de fontaner\u00eda y saneamiento de alta calidad en Lisboa.","potentialAction":[{"@type":"SearchAction","target":{"@type":"EntryPoint","urlTemplate":"https:\/\/canalizadordelisboa.pt\/?s={search_term_string}"},"query-input":{"@type":"PropertyValueSpecification","valueRequired":true,"valueName":"search_term_string"}}],"inLanguage":"es"}]}},"_links":{"self":[{"href":"https:\/\/canalizadordelisboa.pt\/es\/wp-json\/wp\/v2\/pages\/3193","targetHints":{"allow":["GET"]}}],"collection":[{"href":"https:\/\/canalizadordelisboa.pt\/es\/wp-json\/wp\/v2\/pages"}],"about":[{"href":"https:\/\/canalizadordelisboa.pt\/es\/wp-json\/wp\/v2\/types\/page"}],"author":[{"embeddable":true,"href":"https:\/\/canalizadordelisboa.pt\/es\/wp-json\/wp\/v2\/users\/1"}],"replies":[{"embeddable":true,"href":"https:\/\/canalizadordelisboa.pt\/es\/wp-json\/wp\/v2\/comments?post=3193"}],"version-history":[{"count":1,"href":"https:\/\/canalizadordelisboa.pt\/es\/wp-json\/wp\/v2\/pages\/3193\/revisions"}],"predecessor-version":[{"id":3194,"href":"https:\/\/canalizadordelisboa.pt\/es\/wp-json\/wp\/v2\/pages\/3193\/revisions\/3194"}],"wp:attachment":[{"href":"https:\/\/canalizadordelisboa.pt\/es\/wp-json\/wp\/v2\/media?parent=3193"}],"curies":[{"name":"wp","href":"https:\/\/api.w.org\/{rel}","templated":true}]}}