{"id":3187,"date":"2024-06-29T16:55:31","date_gmt":"2024-06-29T16:55:31","guid":{"rendered":"https:\/\/canalizadordelisboa.pt\/?page_id=3187"},"modified":"2024-06-29T16:55:31","modified_gmt":"2024-06-29T16:55:31","slug":"instalacion-de-trituradores-de-desperdicios-de-alimentos","status":"publish","type":"page","link":"https:\/\/canalizadordelisboa.pt\/es\/instalacao-de-trituradores-de-residuos-alimentares\/","title":{"rendered":"Instalaci\u00f3n de trituradoras de residuos alimentarios"},"content":{"rendered":"<p>A <strong>Canalizador de Lisboa<\/strong> ofrece servicios especializados en <strong>instalaci\u00f3n de trituradores de desperdicios de alimentos<\/strong>Esto garantiza un entorno de cocina m\u00e1s limpio y eficiente. Nuestros profesionales cualificados est\u00e1n listos para instalar su triturador de desperdicios de comida de forma r\u00e1pida y segura.<\/p>\n<h2>Ventajas de instalar trituradoras de restos de comida<\/h2>\n<p>Los trituradores de restos de comida son un excelente complemento para su cocina, ya que ofrecen varias ventajas:<\/p>\n<ul>\n<li><strong>Reducci\u00f3n de residuos:<\/strong> Reducir significativamente la cantidad de residuos org\u00e1nicos que van a parar a los vertederos.<\/li>\n<li><strong>Higiene:<\/strong> Mantenga su cocina m\u00e1s limpia y libre de olores desagradables causados por restos de comida.<\/li>\n<li><strong>Practicidad:<\/strong> Elimine los restos de comida directamente en el fregadero, ahorrando tiempo y esfuerzo.<\/li>\n<li><strong>Sostenibilidad:<\/strong> Contribuir a un medio ambiente m\u00e1s sostenible reduciendo la producci\u00f3n de residuos s\u00f3lidos.<\/li>\n<\/ul>\n<h2>Nuestro servicio de instalaci\u00f3n<\/h2>\n<p>En <strong>Canalizador de Lisboa<\/strong>Garantizamos un servicio de instalaci\u00f3n de trituradores de residuos alimentarios de la m\u00e1xima calidad y eficacia. Nuestro proceso incluye:<\/p>\n<ul>\n<li><strong>Consulta inicial:<\/strong> Evaluamos sus necesidades y le recomendamos el triturador de restos de comida m\u00e1s adecuado.<\/li>\n<li><strong>Presupuesto:<\/strong> Proporcionamos un presupuesto detallado y transparente, sin sorpresas.<\/li>\n<li><strong>Instalaci\u00f3n profesional:<\/strong> Llevamos a cabo la instalaci\u00f3n utilizando t\u00e9cnicas y herramientas adecuadas, garantizando el perfecto funcionamiento del equipo.<\/li>\n<li><strong>Prueba y demostraci\u00f3n:<\/strong> Probamos el equipo despu\u00e9s de instalarlo y hacemos una breve demostraci\u00f3n de uso y mantenimiento.<\/li>\n<\/ul>\n<h2>\u00bfPor qu\u00e9 elegir Canalizador de Lisboa?<\/h2>\n<p>A <strong>Canalizador de Lisboa<\/strong> es la elecci\u00f3n correcta para la instalaci\u00f3n de trituradores de residuos alimentarios en Lisboa y alrededores. He aqu\u00ed algunas razones para elegirnos:<\/p>\n<ul>\n<li><strong>Profesionales con experiencia:<\/strong> Nuestro equipo est\u00e1 formado por t\u00e9cnicos altamente cualificados y experimentados.<\/li>\n<li><strong>Servicio personalizado:<\/strong> Adaptamos nuestros servicios a sus necesidades espec\u00edficas, garantizando una satisfacci\u00f3n total.<\/li>\n<li><strong>Calidad y seguridad:<\/strong> S\u00f3lo utilizamos materiales de alta calidad y seguimos estrictas normas de seguridad.<\/li>\n<li><strong>Apoyo continuo:<\/strong> Ofrecemos asistencia posterior a la instalaci\u00f3n para asegurarnos de que todo funciona a la perfecci\u00f3n.<\/li>\n<\/ul>\n<h2>P\u00f3ngase en contacto con nosotros<\/h2>\n<p>Si est\u00e1 pensando en instalar un triturador de restos de comida en su cocina, p\u00f3ngase en contacto con <strong>Canalizador de Lisboa<\/strong> hoy. Estamos listos para ayudarle a hacer su cocina m\u00e1s pr\u00e1ctica y sostenible.<\/p>","protected":false},"excerpt":{"rendered":"<p>A Canalizador de Lisboa oferece servi\u00e7os especializados em instala\u00e7\u00e3o de trituradores de res\u00edduos alimentares, garantindo um ambiente de cozinha mais limpo e eficiente. Nossos profissionais qualificados est\u00e3o prontos para instalar seu triturador de res\u00edduos alimentares de forma r\u00e1pida e segura. Vantagens da Instala\u00e7\u00e3o de Trituradores de Res\u00edduos Alimentares Os trituradores de res\u00edduos alimentares s\u00e3o uma [&hellip;]<\/p>\n","protected":false},"author":1,"featured_media":0,"parent":0,"menu_order":0,"comment_status":"closed","ping_status":"closed","template":"","meta":{"iawp_total_views":16,"footnotes":""},"class_list":["post-3187","page","type-page","status-publish","hentry"],"yoast_head":"<!-- This site is optimized with the Yoast SEO plugin v27.4 - https:\/\/yoast.com\/product\/yoast-seo-wordpress\/ -->\n<title>Instala\u00e7\u00e3o de Trituradores de Res\u00edduos Alimentares<\/title>\n<meta name=\"description\" content=\"Servi\u00e7o profissional de instala\u00e7\u00e3o de trituradores de res\u00edduos alimentares em Lisboa. Garanta um ambiente de cozinha mais limpo e eficiente com a Canalizador de Lisboa.\" \/>\n<meta name=\"robots\" content=\"index, follow, max-snippet:-1, max-image-preview:large, max-video-preview:-1\" \/>\n<link rel=\"canonical\" href=\"https:\/\/canalizadordelisboa.pt\/es\/instalacion-de-trituradores-de-desperdicios-de-alimentos\/\" \/>\n<meta property=\"og:locale\" content=\"es_ES\" \/>\n<meta property=\"og:type\" content=\"article\" \/>\n<meta property=\"og:title\" content=\"Instala\u00e7\u00e3o de Trituradores de Res\u00edduos Alimentares\" \/>\n<meta property=\"og:description\" content=\"Servi\u00e7o profissional de instala\u00e7\u00e3o de trituradores de res\u00edduos alimentares em Lisboa. Garanta um ambiente de cozinha mais limpo e eficiente com a Canalizador de Lisboa.\" \/>\n<meta property=\"og:url\" content=\"https:\/\/canalizadordelisboa.pt\/es\/instalacion-de-trituradores-de-desperdicios-de-alimentos\/\" \/>\n<meta property=\"og:site_name\" content=\"Canalizador de Lisboa\" \/>\n<meta name=\"twitter:card\" content=\"summary_large_image\" \/>\n<script type=\"application\/ld+json\" class=\"yoast-schema-graph\">{\"@context\":\"https:\\\/\\\/schema.org\",\"@graph\":[{\"@type\":\"WebPage\",\"@id\":\"https:\\\/\\\/canalizadordelisboa.pt\\\/instalacao-de-trituradores-de-residuos-alimentares\\\/\",\"url\":\"https:\\\/\\\/canalizadordelisboa.pt\\\/instalacao-de-trituradores-de-residuos-alimentares\\\/\",\"name\":\"Instala\u00e7\u00e3o de Trituradores de Res\u00edduos Alimentares\",\"isPartOf\":{\"@id\":\"https:\\\/\\\/canalizadordelisboa.pt\\\/#website\"},\"datePublished\":\"2024-06-29T16:55:31+00:00\",\"description\":\"Servi\u00e7o profissional de instala\u00e7\u00e3o de trituradores de res\u00edduos alimentares em Lisboa. Garanta um ambiente de cozinha mais limpo e eficiente com a Canalizador de Lisboa.\",\"breadcrumb\":{\"@id\":\"https:\\\/\\\/canalizadordelisboa.pt\\\/instalacao-de-trituradores-de-residuos-alimentares\\\/#breadcrumb\"},\"inLanguage\":\"es\",\"potentialAction\":[{\"@type\":\"ReadAction\",\"target\":[\"https:\\\/\\\/canalizadordelisboa.pt\\\/instalacao-de-trituradores-de-residuos-alimentares\\\/\"]}]},{\"@type\":\"BreadcrumbList\",\"@id\":\"https:\\\/\\\/canalizadordelisboa.pt\\\/instalacao-de-trituradores-de-residuos-alimentares\\\/#breadcrumb\",\"itemListElement\":[{\"@type\":\"ListItem\",\"position\":1,\"name\":\"Accueil\",\"item\":\"https:\\\/\\\/canalizadordelisboa.pt\\\/\"},{\"@type\":\"ListItem\",\"position\":2,\"name\":\"Instala\u00e7\u00e3o de Trituradores de Res\u00edduos Alimentares\"}]},{\"@type\":\"WebSite\",\"@id\":\"https:\\\/\\\/canalizadordelisboa.pt\\\/#website\",\"url\":\"https:\\\/\\\/canalizadordelisboa.pt\\\/\",\"name\":\"Canalizador de Lisboa\",\"description\":\"Servi\u00e7os de canaliza\u00e7\u00e3o e desentupimentos de alta qualidade em Lisboa.\",\"potentialAction\":[{\"@type\":\"SearchAction\",\"target\":{\"@type\":\"EntryPoint\",\"urlTemplate\":\"https:\\\/\\\/canalizadordelisboa.pt\\\/?s={search_term_string}\"},\"query-input\":{\"@type\":\"PropertyValueSpecification\",\"valueRequired\":true,\"valueName\":\"search_term_string\"}}],\"inLanguage\":\"es\"}]}<\/script>\n<!-- \/ Yoast SEO plugin. -->","yoast_head_json":{"title":"Instalaci\u00f3n de trituradoras de residuos alimentarios","description":"Servicio profesional de instalaci\u00f3n de triturador de desperdicios de comida en Lisboa. Garantice un entorno de cocina m\u00e1s limpio y eficiente con Canalizador de Lisboa.","robots":{"index":"index","follow":"follow","max-snippet":"max-snippet:-1","max-image-preview":"max-image-preview:large","max-video-preview":"max-video-preview:-1"},"canonical":"https:\/\/canalizadordelisboa.pt\/es\/instalacion-de-trituradores-de-desperdicios-de-alimentos\/","og_locale":"es_ES","og_type":"article","og_title":"Instala\u00e7\u00e3o de Trituradores de Res\u00edduos Alimentares","og_description":"Servi\u00e7o profissional de instala\u00e7\u00e3o de trituradores de res\u00edduos alimentares em Lisboa. Garanta um ambiente de cozinha mais limpo e eficiente com a Canalizador de Lisboa.","og_url":"https:\/\/canalizadordelisboa.pt\/es\/instalacion-de-trituradores-de-desperdicios-de-alimentos\/","og_site_name":"Canalizador de Lisboa","twitter_card":"summary_large_image","schema":{"@context":"https:\/\/schema.org","@graph":[{"@type":"WebPage","@id":"https:\/\/canalizadordelisboa.pt\/instalacao-de-trituradores-de-residuos-alimentares\/","url":"https:\/\/canalizadordelisboa.pt\/instalacao-de-trituradores-de-residuos-alimentares\/","name":"Instalaci\u00f3n de trituradoras de residuos alimentarios","isPartOf":{"@id":"https:\/\/canalizadordelisboa.pt\/#website"},"datePublished":"2024-06-29T16:55:31+00:00","description":"Servicio profesional de instalaci\u00f3n de triturador de desperdicios de comida en Lisboa. Garantice un entorno de cocina m\u00e1s limpio y eficiente con Canalizador de Lisboa.","breadcrumb":{"@id":"https:\/\/canalizadordelisboa.pt\/instalacao-de-trituradores-de-residuos-alimentares\/#breadcrumb"},"inLanguage":"es","potentialAction":[{"@type":"ReadAction","target":["https:\/\/canalizadordelisboa.pt\/instalacao-de-trituradores-de-residuos-alimentares\/"]}]},{"@type":"BreadcrumbList","@id":"https:\/\/canalizadordelisboa.pt\/instalacao-de-trituradores-de-residuos-alimentares\/#breadcrumb","itemListElement":[{"@type":"ListItem","position":1,"name":"Accueil","item":"https:\/\/canalizadordelisboa.pt\/"},{"@type":"ListItem","position":2,"name":"Instala\u00e7\u00e3o de Trituradores de Res\u00edduos Alimentares"}]},{"@type":"WebSite","@id":"https:\/\/canalizadordelisboa.pt\/#website","url":"https:\/\/canalizadordelisboa.pt\/","name":"Canalizador de Lisboa","description":"Servicios de fontaner\u00eda y saneamiento de alta calidad en Lisboa.","potentialAction":[{"@type":"SearchAction","target":{"@type":"EntryPoint","urlTemplate":"https:\/\/canalizadordelisboa.pt\/?s={search_term_string}"},"query-input":{"@type":"PropertyValueSpecification","valueRequired":true,"valueName":"search_term_string"}}],"inLanguage":"es"}]}},"_links":{"self":[{"href":"https:\/\/canalizadordelisboa.pt\/es\/wp-json\/wp\/v2\/pages\/3187","targetHints":{"allow":["GET"]}}],"collection":[{"href":"https:\/\/canalizadordelisboa.pt\/es\/wp-json\/wp\/v2\/pages"}],"about":[{"href":"https:\/\/canalizadordelisboa.pt\/es\/wp-json\/wp\/v2\/types\/page"}],"author":[{"embeddable":true,"href":"https:\/\/canalizadordelisboa.pt\/es\/wp-json\/wp\/v2\/users\/1"}],"replies":[{"embeddable":true,"href":"https:\/\/canalizadordelisboa.pt\/es\/wp-json\/wp\/v2\/comments?post=3187"}],"version-history":[{"count":1,"href":"https:\/\/canalizadordelisboa.pt\/es\/wp-json\/wp\/v2\/pages\/3187\/revisions"}],"predecessor-version":[{"id":3188,"href":"https:\/\/canalizadordelisboa.pt\/es\/wp-json\/wp\/v2\/pages\/3187\/revisions\/3188"}],"wp:attachment":[{"href":"https:\/\/canalizadordelisboa.pt\/es\/wp-json\/wp\/v2\/media?parent=3187"}],"curies":[{"name":"wp","href":"https:\/\/api.w.org\/{rel}","templated":true}]}}