{"id":3113,"date":"2026-03-17T14:17:00","date_gmt":"2026-03-17T14:17:00","guid":{"rendered":"https:\/\/canalizadordelisboa.pt\/?page_id=3113"},"modified":"2026-04-23T13:56:28","modified_gmt":"2026-04-23T13:56:28","slug":"todos-los-articulos","status":"publish","type":"page","link":"https:\/\/canalizadordelisboa.pt\/es\/todos-os-artigos\/","title":{"rendered":"Todos los art\u00edculos"},"content":{"rendered":"<h2>Todos los servicios en Lisboa:<\/h2>\n<p><a href=\"https:\/\/canalizadordelisboa.pt\/es\/fontaneria-lisboa\/\">Fontaner\u00eda Lisboa<\/a><\/p>\n<p><a href=\"https:\/\/canalizadordelisboa.pt\/es\/fontanero-desentope-lisboa\/\">Fontanero 24 horas Lisboa<\/a><\/p>\n<p><a href=\"https:\/\/canalizadordelisboa.pt\/es\/fontanero-24-horas-lisboa\/\">Fontanero Lisboa<\/a><\/p>\n<p><a href=\"https:\/\/canalizadordelisboa.pt\/es\/fontanero-low-cost-lisboa\/\">Fontanero Econ\u00f3mico Lisboa<\/a><\/p>\n<p><a href=\"https:\/\/canalizadordelisboa.pt\/es\/fontanero-in-situ-lisboa\/\">Fontanero en el acto Lisboa<\/a><\/p>\n<p><a href=\"https:\/\/canalizadordelisboa.pt\/es\/fontanero-urgente-lisboa\/\">Fontanero Urgente Lisboa<\/a><\/p>\n<p><a href=\"https:\/\/canalizadordelisboa.pt\/es\/fontaneros-lisboa-24h\/\">Fontaneros 24h Lisboa<\/a><\/p>\n<p><a href=\"https:\/\/canalizadordelisboa.pt\/es\/fontaneros-urgentes-lisboa\/\">Fontaneros urgentes Lisboa<\/a><\/p>\n<p><a href=\"https:\/\/canalizadordelisboa.pt\/es\/desatasco-de-desagues-lisboa\/\">Drenaje Lisboa<\/a><\/p>\n<p><a href=\"https:\/\/canalizadordelisboa.pt\/es\/reparaciones-de-fontaneria-lisboa-2\/\">Fontaner\u00eda Lisboa<\/a><\/p>\n<p><a href=\"https:\/\/canalizadordelisboa.pt\/es\/reparaciones-de-fontaneria-baratas-lisboa\/\">Fontaner\u00eda econ\u00f3mica Lisboa<\/a><\/p>\n<p><a href=\"https:\/\/canalizadordelisboa.pt\/es\/deteccion-de-fugas-lisboa\/\">Detecci\u00f3n de fugas Lisboa<\/a><\/p>\n<p><a href=\"https:\/\/canalizadordelisboa.pt\/es\/empresas-de-fontaneria-lisboa\/\">Empresas de fontaner\u00eda Lisboa<\/a><\/p>\n<p><a href=\"https:\/\/canalizadordelisboa.pt\/es\/instalacion-de-calentadores-de-agua-lisboa\/\">Instalaci\u00f3n del calentador de agua Lisbon<\/a><\/p>\n<p><a href=\"https:\/\/canalizadordelisboa.pt\/es\/instalacion-de-baneras-lisboa\/\">Instalaci\u00f3n de ba\u00f1eras Lisbon<\/a><\/p>\n<p><a href=\"https:\/\/canalizadordelisboa.pt\/es\/instalacion-de-calderas-lisboa\/\">Instalaci\u00f3n de calderas Lisboa<\/a><\/p>\n<p><a href=\"https:\/\/canalizadordelisboa.pt\/es\/instalacion-de-duchas-lisboa\/\">Instalaci\u00f3n de duchas Lisboa<\/a><\/p>\n<p><a href=\"https:\/\/canalizadordelisboa.pt\/es\/instalacion-de-duchas-lisboa\/\"><\/a><\/p>\n<p><a href=\"https:\/\/canalizadordelisboa.pt\/es\/instalacion-de-electrodomesticos-lisboa\/\">Instalaci\u00f3n de aparatos el\u00e9ctricos Lisboa<\/a><\/p>\n<p><a href=\"https:\/\/canalizadordelisboa.pt\/es\/instalacion-de-filtros-de-agua-lisboa\/\">Instalaci\u00f3n de filtros de agua Lisboa<\/a><\/p>\n<p><a href=\"https:\/\/canalizadordelisboa.pt\/es\/instalacion-de-la-red-de-gas-lisboa\/\">Instalaci\u00f3n de redes de gas Lisboa<\/a><\/p>\n<p><a href=\"https:\/\/canalizadordelisboa.pt\/es\/instalacion-de-sistemas-de-fontaneria-lisboa\/\">Instalaci\u00f3n de fontaner\u00eda Lisboa<\/a><\/p>\n<p><a href=\"https:\/\/canalizadordelisboa.pt\/es\/instalacion-de-sistemas-de-riego-lisboa\/\">Instalaci\u00f3n de sistemas de riego Lisboa<\/a><\/p>\n<p><a href=\"https:\/\/canalizadordelisboa.pt\/es\/instalacion-de-grifos-lisboa\/\">Instalaci\u00f3n de grifos Lisboa<\/a><\/p>\n<p><a href=\"https:\/\/canalizadordelisboa.pt\/es\/instalacion-de-valvulas-lisboa\/\">Instalaci\u00f3n de v\u00e1lvulas Lisboa<\/a><\/p>\n<p><a href=\"https:\/\/canalizadordelisboa.pt\/es\/limpieza-de-colectores-de-grasa-lisboa\/\">Limpieza de colectores de grasa Lisboa<\/a><\/p>\n<p><a href=\"https:\/\/canalizadordelisboa.pt\/es\/mantenimiento-preventivo-lisboa\/\">Mantenimiento preventivo Lisboa<\/a><\/p>\n<p><a href=\"https:\/\/canalizadordelisboa.pt\/es\/remodelacion-de-banos-lisboa\/\">Remodelaci\u00f3n de ba\u00f1os Lisboa<\/a><\/p>\n<p><a href=\"https:\/\/canalizadordelisboa.pt\/es\/remodelacion-de-cocinas-lisboa\/\">Remodelaci\u00f3n de cocinas Lisboa<\/a><\/p>\n<p><a href=\"https:\/\/canalizadordelisboa.pt\/es\/reparacion-de-cisternas-lisboa\/\">Reparaci\u00f3n de cisternas Lisboa<\/a><\/p>\n<p><a href=\"https:\/\/canalizadordelisboa.pt\/es\/reparacion-de-bombas-de-agua-lisboa\/\">Reparaci\u00f3n de bombas de agua Lisbon<\/a><\/p>\n<p><a href=\"https:\/\/canalizadordelisboa.pt\/es\/reparaciones-de-fontaneria-lisboa\/\">Reparaci\u00f3n de fontaner\u00eda Lisboa<\/a><\/p>\n<p><a href=\"https:\/\/canalizadordelisboa.pt\/es\/reparacion-de-inodoros-lisboa\/\">Reparaci\u00f3n de sanitarios Lisboa<\/a><\/p>\n<p><a href=\"https:\/\/canalizadordelisboa.pt\/es\/sustitucion-de-inodoros-lisboa\/\">Sustituci\u00f3n de inodoros Lisbon<\/a><\/p>\n<p><a href=\"https:\/\/canalizadordelisboa.pt\/es\/reparacion-de-grifos-lisboa\/\">Reparaci\u00f3n de grifos Lisboa<\/a><\/p>\n<p><a href=\"https:\/\/canalizadordelisboa.pt\/es\/instalacion-de-trituradores-de-residuos-alimentarios-lisboa\/\">Instalaci\u00f3n de trituradores de restos de comida Lisboa<\/a><\/p>\n<p><a href=\"https:\/\/canalizadordelisboa.pt\/es\/limpieza-de-tuberias-lisboa\/\">Limpieza de tuber\u00edas Lisboa<\/a><\/p>\n<p><a href=\"https:\/\/canalizadordelisboa.pt\/es\/limpieza-de-alcantarillado-lisboa\/\">Limpieza de alcantarillas Lisboa<\/a><\/p>\n<p><a href=\"https:\/\/canalizadordelisboa.pt\/es\/reparacion-de-calentadores-de-agua-lisboa\/\">Reparaci\u00f3n de calentadores de agua Lisbon<\/a><\/p>\n<p><a href=\"https:\/\/canalizadordelisboa.pt\/es\/reparacion-de-duchas-lisboa\/\">Reparaci\u00f3n de duchas Lisboa<\/a><\/p>\n<p><a href=\"https:\/\/canalizadordelisboa.pt\/es\/reparacion-de-fugas-lisboa\/\">Reparaci\u00f3n de fugas Lisboa<\/a><\/p>\n<p><a href=\"https:\/\/canalizadordelisboa.pt\/es\/instalacion-de-lavabos-lisboa\/\">Instalaci\u00f3n de lavabos Lisboa<\/a><\/p>\n<p><a href=\"https:\/\/canalizadordelisboa.pt\/es\/instalacion-de-inodoros-lisboa\/\">Instalaci\u00f3n de WC Lisboa<\/a><\/p>\n<p><a href=\"https:\/\/canalizadordelisboa.pt\/es\/instalacion-de-cabinas-de-ducha-lisboa\/\">Instalaci\u00f3n de cabinas de ducha Lisboa<\/a><\/p>\n<p><a href=\"https:\/\/canalizadordelisboa.pt\/es\/reforma-de-bano-lisboa\/\">Reforma Ba\u00f1o Lisboa<\/a><\/p>\n<p><a href=\"https:\/\/canalizadordelisboa.pt\/es\/ayuda-fontanero\/\">Ayuda de fontanero<\/a><\/p>\n<p><a href=\"https:\/\/canalizadordelisboa.pt\/es\/fontanero-almada\/\">Fontanero Almada<\/a><\/p>\n<p><a href=\"https:\/\/canalizadordelisboa.pt\/es\/fontanero-benfica\/\">Fontanero Benfica<\/a><\/p>\n<p><a href=\"https:\/\/canalizadordelisboa.pt\/es\/fontanero-orilla-sur\/\">Fontanero South Bank<\/a><\/p>\n<p><a href=\"https:\/\/canalizadordelisboa.pt\/es\/fontanero-odivelas\/\">Fontanero Odivelas<\/a><\/p>\n<h2>Servicios generales:<\/h2>\n<p><a href=\"https:\/\/canalizadordelisboa.pt\/es\/desatasco-de-desagues\/\">Alcantarillado<\/a><\/p>\n<p><a href=\"https:\/\/canalizadordelisboa.pt\/es\/fontaneria-economica\/\">Fontaner\u00eda econ\u00f3mica<\/a><\/p>\n<p><a href=\"https:\/\/canalizadordelisboa.pt\/es\/empresas-de-fontaneria\/\">Empresas de fontaner\u00eda<\/a><\/p>\n<p><a href=\"https:\/\/canalizadordelisboa.pt\/es\/fontaneria-del-bano\/\">Fontaner\u00eda del ba\u00f1o<\/a><\/p>\n<p><a href=\"https:\/\/canalizadordelisboa.pt\/es\/fontanero-24-horas\/\">Fontanero 24 horas<\/a><\/p>\n<p><a href=\"https:\/\/canalizadordelisboa.pt\/es\/fontanero-desatascos\/\">Desatasco de fontaneros<\/a><\/p>\n<p><a href=\"https:\/\/canalizadordelisboa.pt\/es\/fontanero-low-cost\/\">Fontanero barato<\/a><\/p>\n<p><a href=\"https:\/\/canalizadordelisboa.pt\/es\/fontanero-in-situ\/\">Fontanero en el acto<\/a><\/p>\n<p><a href=\"https:\/\/canalizadordelisboa.pt\/es\/fontanero-urgente\/\">Fontanero urgente<\/a><\/p>\n<p><a href=\"https:\/\/canalizadordelisboa.pt\/es\/fontaneros-24h\/\">Fontaneros 24h<\/a><\/p>\n<p><a href=\"https:\/\/canalizadordelisboa.pt\/es\/fontaneros-urgentes\/\">Fontaneros urgentes<\/a><\/p>\n<h2>Otros art\u00edculos:<\/h2>\n<p><a href=\"https:\/\/canalizadordelisboa.pt\/es\/como-desatascar-un-inodoro\/\">C\u00f3mo desatascar un inodoro<\/a><\/p>\n<p><a href=\"https:\/\/canalizadordelisboa.pt\/es\/desatasco-de-desagues-de-cocina\/\">Desatasco de tuber\u00edas de cocina<\/a><\/p>\n<p><a href=\"https:\/\/canalizadordelisboa.pt\/es\/a-quien-llamar-en-caso-de-fugas-de-agua\/\">A qui\u00e9n llamar en caso de fuga de agua<\/a><\/p>\n<p><a href=\"https:\/\/canalizadordelisboa.pt\/es\/cuanto-cuesta-reparar-una-tuberia-reventada\/\">\u00bfCu\u00e1nto cuesta reparar una tuber\u00eda reventada?<\/a><\/p>\n<p><a href=\"https:\/\/canalizadordelisboa.pt\/es\/servicio-de-reparacion-de-fontaneria-residencial\/\">Servicio de reparaci\u00f3n de fontaner\u00eda residencial<\/a><\/p>\n<p><a href=\"https:\/\/canalizadordelisboa.pt\/es\/mejor-fontanero-para-reparaciones-en-lisboa\/\">El mejor fontanero para reparaciones en Lisboa<\/a><\/p>\n<p><a href=\"https:\/\/canalizadordelisboa.pt\/es\/precio-medio-de-reparacion-de-tuberias\/\">Precio medio de reparaci\u00f3n de tuber\u00edas: Costes actuales<\/a><\/p>\n<p><a href=\"https:\/\/canalizadordelisboa.pt\/es\/fontaneria-de-urgencia-lisboa\/\">Fontaner\u00eda de emergencia Lisbon<\/a><\/p>\n<p><a href=\"https:\/\/canalizadordelisboa.pt\/es\/empresas-de-reparacion-de-fugas-de-agua\/\">Empresas de reparaci\u00f3n de fugas de agua<\/a><\/p>\n<p><a href=\"https:\/\/canalizadordelisboa.pt\/es\/revision-de-tuberias-viejas\/\">Revisi\u00f3n de tuber\u00edas viejas<\/a><\/p>\n<p><a href=\"https:\/\/canalizadordelisboa.pt\/es\/reparar-rapidamente-los-desagues-atascados\/\">Reparaci\u00f3n r\u00e1pida de desag\u00fces atascados<\/a><\/p>\n<p><a href=\"https:\/\/canalizadordelisboa.pt\/es\/desatasco-de-tuberias-en-la-cocina\/\">Desatasco de tuber\u00edas en la cocina<\/a><\/p>\n<p><a href=\"https:\/\/canalizadordelisboa.pt\/es\/fontanero-para-desatascos-urgentes\/\">Fontanero para desatascos urgentes<\/a><\/p>\n<p><a href=\"https:\/\/canalizadordelisboa.pt\/es\/desagues-atascados-soluciones-caseras\/\">Remedios caseros para los desag\u00fces atascados<\/a><\/p>\n<p><a href=\"https:\/\/canalizadordelisboa.pt\/es\/mejor-empresa-de-fontaneria-lisboa\/\">Mejor empresa de fontaner\u00eda de Lisboa<\/a><\/p>\n<p><a href=\"https:\/\/canalizadordelisboa.pt\/es\/desatasco-de-tuberias\/\">Desatasco de tuber\u00edas<\/a><\/p>\n<p><a href=\"https:\/\/canalizadordelisboa.pt\/es\/reparacion-de-calderas\/\">Reparaci\u00f3n de calderas<\/a><\/p>\n<p><a href=\"https:\/\/canalizadordelisboa.pt\/es\/reparacion-de-calentadores-de-agua-2\/\">Reparaci\u00f3n de calentadores de agua<\/a><\/p>\n<p><a href=\"https:\/\/canalizadordelisboa.pt\/es\/reparacion-de-calentadores-de-agua-junkers\/\">Reparaci\u00f3n de calentadores de agua Junkers<\/a><\/p>\n<p><a href=\"https:\/\/canalizadordelisboa.pt\/es\/reparacion-de-calentadores-de-agua-vulcano\/\">Reparaci\u00f3n de calentadores de agua Vulcano<\/a><\/p>\n<p><a href=\"https:\/\/canalizadordelisboa.pt\/es\/reparacion-de-calentadores-de-agua-3\/\">Reparaci\u00f3n de calentadores de agua<\/a><\/p>\n<p><a href=\"https:\/\/canalizadordelisboa.pt\/es\/sustitucion-de-la-columna-de-agua-lisboa\/\">Sustituci\u00f3n de la columna de agua Lisboa<\/a><\/p>\n<p><a href=\"https:\/\/canalizadordelisboa.pt\/es\/mejor-fontanero-de-lisboa\/\">Mejor fontanero de Lisboa<\/a><\/p>\n<p><a href=\"https:\/\/canalizadordelisboa.pt\/es\/como-desatascar-el-lavabo\/\">C\u00f3mo desatascar el fregadero<\/a><\/p>\n<p><a href=\"https:\/\/canalizadordelisboa.pt\/es\/cuanto-cuesta-desatascar-un-inodoro-en-lisboa\/\">\u00bfCu\u00e1nto cuesta desatascar un inodoro en Lisboa?<\/a><\/p>\n<p><a href=\"https:\/\/canalizadordelisboa.pt\/es\/como-identificar-una-tuberia-rota-dentro-de-la-pared\/\">C\u00f3mo identificar una tuber\u00eda rota dentro de la pared<\/a><\/p>\n<p><a href=\"https:\/\/canalizadordelisboa.pt\/es\/que-hacer-cuando-el-grifo-no-deja-de-gotear\/\">\u00bfQu\u00e9 hacer cuando el grifo no deja de gotear?<\/a><\/p>\n<p><a href=\"https:\/\/canalizadordelisboa.pt\/es\/presion-baja-del-agua-en-casa-causas-y-soluciones\/\">Baja presi\u00f3n de agua en casa: causas y soluciones<\/a><\/p>\n<p><a href=\"https:\/\/canalizadordelisboa.pt\/es\/como-detectar-fugas-antes-de-que-causen-danos\/\">C\u00f3mo detectar fugas antes de que causen da\u00f1os<\/a><\/p>\n<p><a href=\"https:\/\/canalizadordelisboa.pt\/es\/atascos-recurrentes-en-la-cocina-por-que-se-producen\/\">Atascos recurrentes en la cocina: \u00bfpor qu\u00e9 se producen?<\/a><\/p>\n<p><a href=\"https:\/\/canalizadordelisboa.pt\/es\/guia-completa-de-mantenimiento-preventivo-de-fontaneria\/\">Gu\u00eda completa de mantenimiento preventivo de fontaner\u00eda<br \/>\n<\/a><\/p>\n<p><a href=\"https:\/\/canalizadordelisboa.pt\/es\/cuanto-cuesta-instalar-un-grifo-nuevo-guia-de-precios\/\">\u00bfCu\u00e1nto cuesta instalar un grifo nuevo? Gu\u00eda de precios<\/a><\/p>\n<p><a href=\"https:\/\/canalizadordelisboa.pt\/es\/como-eliminar-los-malos-olores-de-las-tuberias-del-bano\/\">C\u00f3mo eliminar los malos olores de las tuber\u00edas del ba\u00f1o<\/a><\/p>\n<p><a href=\"https:\/\/canalizadordelisboa.pt\/es\/goteras-en-el-tejado-del-vecino-que-hacer-y-a-quien-llamar\/\">Gotera en el tejado del vecino: qu\u00e9 hacer y a qui\u00e9n llamar<\/a><\/p>\n<p><a href=\"https:\/\/canalizadordelisboa.pt\/es\/la-fontaneria-vieja-indica-que-hay-que-cambiarla\/\">Fontaner\u00eda vieja: se\u00f1ales de que hay que cambiarla<\/a><\/p>\n<p><a href=\"https:\/\/canalizadordelisboa.pt\/es\/como-funciona-el-servicio-de-inspeccion-de-tuberias-por-camara\/\">C\u00f3mo funciona el servicio de inspecci\u00f3n de tuber\u00edas por c\u00e1mara<\/a><\/p>\n<p><a href=\"https:\/\/canalizadordelisboa.pt\/es\/cuanto-cuesta-sustituir-un-calentador-de-agua-precios-actualizados\/\">\u00bfCu\u00e1nto cuesta sustituir un calentador de agua? Precios actualizados<\/a><\/p>\n<p><a href=\"https:\/\/canalizadordelisboa.pt\/es\/como-limpiar-un-sifon-de-fregadero-paso-a-paso\/\">C\u00f3mo limpiar un sif\u00f3n de fregadero paso a paso<\/a><\/p>\n<p><a href=\"https:\/\/canalizadordelisboa.pt\/es\/cuando-llamar-a-un-fontanero-urgente\/\">\u00bfCu\u00e1ndo llamar a un fontanero urgente? Situaciones comunes<\/a><\/p>\n<p><a href=\"https:\/\/canalizadordelisboa.pt\/es\/por-que-la-lavadora-derrama-agua-por-el-suelo\/\">\u00bfPor qu\u00e9 la lavadora derrama agua por el suelo? Causas y soluciones<\/a><\/p>\n<p><a href=\"https:\/\/canalizadordelisboa.pt\/es\/valvulas-antirretorno\/\">Todo sobre las v\u00e1lvulas antirretorno y su importancia<\/a><\/p>\n<p><a href=\"https:\/\/canalizadordelisboa.pt\/es\/fregadero-atascado-con-bomba-de-desague\/\">Fregadero atascado con bomba de desag\u00fce: qu\u00e9 hacer<\/a><\/p>\n<p><a href=\"https:\/\/canalizadordelisboa.pt\/es\/instalacion-del-kit-de-ducha\/\">Instalaci\u00f3n del kit de ducha<\/a><\/p>\n<p><a href=\"https:\/\/canalizadordelisboa.pt\/es\/reparacion-e-instalacion-de-un-sistema-triturador-en-un-fregadero\/\">Reparaci\u00f3n e instalaci\u00f3n del sistema triturador del fregadero<\/a><\/p>\n<p><a href=\"https:\/\/canalizadordelisboa.pt\/es\/reparacion-y-aislamiento-de-la-base-del-inodoro\/\">Reparaci\u00f3n y aislamiento de la base del inodoro<\/a><\/p>\n<p><a href=\"https:\/\/canalizadordelisboa.pt\/es\/limpieza-de-calentadores-de-gas\/\">Limpieza de calentadores de gas<\/a><\/p>\n<p><a href=\"https:\/\/canalizadordelisboa.pt\/es\/sustitucion-de-un-calentador-de-agua-de-gas-por-un-calentador-de-agua-electrico\/\">Sustituir un calentador de agua de gas por uno el\u00e9ctrico<\/a><\/p>\n<p><a href=\"https:\/\/canalizadordelisboa.pt\/es\/guia-de-precios-para-la-instalacion-de-fregaderos\/\">Gu\u00eda de precios para la instalaci\u00f3n de fregaderos<\/a><\/p>\n<p><a href=\"https:\/\/canalizadordelisboa.pt\/es\/que-causa-la-rotura-de-tuberias-y-como-prevenirla\/\">Cu\u00e1les son las causas de las roturas de tuber\u00edas y c\u00f3mo prevenirlas<\/a><\/p>\n<p><a href=\"https:\/\/canalizadordelisboa.pt\/es\/agua-amarilla-en-los-grifos-causas-y-soluciones\/\">Agua amarilla en los grifos: causas y soluciones<\/a><\/p>\n<p><a href=\"https:\/\/canalizadordelisboa.pt\/es\/fugas-invisibles-como-saber-si-pierdes-agua\/\">Fugas invisibles: c\u00f3mo saber si pierdes agua<\/a><\/p>\n<p><a href=\"https:\/\/canalizadordelisboa.pt\/es\/reparacion-del-sistema-de-riego-automatico-del-jardin\/\">Reparaci\u00f3n de un sistema de riego autom\u00e1tico del jard\u00edn<\/a><\/p>\n<p><a href=\"https:\/\/canalizadordelisboa.pt\/es\/instalacao-de-sifao-de-wc\/\">Instalaci\u00f3n del sif\u00f3n WC<\/a><\/p>\n<p><a href=\"https:\/\/canalizadordelisboa.pt\/es\/pintura-exterior-lisboa\/\">Pintura exterior Lisboa<\/a><\/p>\n<p><a href=\"https:\/\/canalizadordelisboa.pt\/es\/desmontaje-del-radiador-lisboa\/\">Desmontaje de radiadores Lisboa<\/a><\/p>\n<p><a href=\"https:\/\/canalizadordelisboa.pt\/es\/sellado-de-silicona-lisboa\/\">Sellado de silicona Lisboa<\/a><\/p>\n<p><a href=\"https:\/\/canalizadordelisboa.pt\/es\/fugas-en-banos-lisboa\/\">Fugas en el ba\u00f1o Lisboa<\/a><\/p>\n<p><a href=\"https:\/\/canalizadordelisboa.pt\/es\/goteras-lisboa\/\">Goteras Lisboa<\/a><\/p>\n<p><a href=\"https:\/\/canalizadordelisboa.pt\/es\/goteras-lisboa-2\/\">Fugas murales Lisboa<\/a><\/p>\n<p><a href=\"https:\/\/canalizadordelisboa.pt\/es\/sustitucion-de-tuberias-lisboa\/\">Sustituci\u00f3n de tuber\u00edas Lisboa<\/a><\/p>\n<p><a href=\"https:\/\/canalizadordelisboa.pt\/es\/sustitucion-fontaneria-lisboa\/\">Sustituci\u00f3n de tuber\u00edas Lisboa<\/a><\/p>","protected":false},"excerpt":{"rendered":"<p>Todos os servi\u00e7os em Lisboa: Canaliza\u00e7\u00e3o Casa de Banho Lisboa Canalizador 24 Horas Lisboa Canalizador Desentope Lisboa Canalizador Low Cost Lisboa Canalizador na Hora Lisboa Canalizador Urgente Lisboa Canalizadores 24h Lisboa Canalizadores Urgentes Lisboa Desentupimento de Esgoto Lisboa Desentupimentos Lisboa Desentupimentos Low Cost Lisboa Detec\u00e7\u00e3o de Fugas Lisboa Empresas de Canalizadores Lisboa Instala\u00e7\u00e3o de Aquecedores [&hellip;]<\/p>\n","protected":false},"author":1,"featured_media":0,"parent":0,"menu_order":0,"comment_status":"closed","ping_status":"closed","template":"","meta":{"iawp_total_views":68,"footnotes":""},"class_list":["post-3113","page","type-page","status-publish","hentry"],"yoast_head":"<!-- This site is optimized with the Yoast SEO plugin v27.4 - https:\/\/yoast.com\/product\/yoast-seo-wordpress\/ -->\n<title>Todos os artigos<\/title>\n<meta name=\"robots\" content=\"index, follow, max-snippet:-1, max-image-preview:large, max-video-preview:-1\" \/>\n<link rel=\"canonical\" href=\"https:\/\/canalizadordelisboa.pt\/es\/todos-los-articulos\/\" \/>\n<meta property=\"og:locale\" content=\"es_ES\" \/>\n<meta property=\"og:type\" content=\"article\" \/>\n<meta property=\"og:title\" content=\"Todos os artigos\" \/>\n<meta property=\"og:description\" content=\"Todos os servi\u00e7os em Lisboa: Canaliza\u00e7\u00e3o Casa de Banho Lisboa Canalizador 24 Horas Lisboa Canalizador Desentope Lisboa Canalizador Low Cost Lisboa Canalizador na Hora Lisboa Canalizador Urgente Lisboa Canalizadores 24h Lisboa Canalizadores Urgentes Lisboa Desentupimento de Esgoto Lisboa Desentupimentos Lisboa Desentupimentos Low Cost Lisboa Detec\u00e7\u00e3o de Fugas Lisboa Empresas de Canalizadores Lisboa Instala\u00e7\u00e3o de Aquecedores [&hellip;]\" \/>\n<meta property=\"og:url\" content=\"https:\/\/canalizadordelisboa.pt\/es\/todos-los-articulos\/\" \/>\n<meta property=\"og:site_name\" content=\"Canalizador de Lisboa\" \/>\n<meta property=\"article:modified_time\" content=\"2026-04-23T13:56:28+00:00\" \/>\n<meta name=\"twitter:card\" content=\"summary_large_image\" \/>\n<meta name=\"twitter:label1\" content=\"Tiempo de lectura\" \/>\n\t<meta name=\"twitter:data1\" content=\"4 minutos\" \/>\n<script type=\"application\/ld+json\" class=\"yoast-schema-graph\">{\"@context\":\"https:\\\/\\\/schema.org\",\"@graph\":[{\"@type\":\"WebPage\",\"@id\":\"https:\\\/\\\/canalizadordelisboa.pt\\\/todos-os-artigos\\\/\",\"url\":\"https:\\\/\\\/canalizadordelisboa.pt\\\/todos-os-artigos\\\/\",\"name\":\"Todos os artigos\",\"isPartOf\":{\"@id\":\"https:\\\/\\\/canalizadordelisboa.pt\\\/#website\"},\"datePublished\":\"2026-03-17T14:17:00+00:00\",\"dateModified\":\"2026-04-23T13:56:28+00:00\",\"breadcrumb\":{\"@id\":\"https:\\\/\\\/canalizadordelisboa.pt\\\/todos-os-artigos\\\/#breadcrumb\"},\"inLanguage\":\"es\",\"potentialAction\":[{\"@type\":\"ReadAction\",\"target\":[\"https:\\\/\\\/canalizadordelisboa.pt\\\/todos-os-artigos\\\/\"]}]},{\"@type\":\"BreadcrumbList\",\"@id\":\"https:\\\/\\\/canalizadordelisboa.pt\\\/todos-os-artigos\\\/#breadcrumb\",\"itemListElement\":[{\"@type\":\"ListItem\",\"position\":1,\"name\":\"Accueil\",\"item\":\"https:\\\/\\\/canalizadordelisboa.pt\\\/\"},{\"@type\":\"ListItem\",\"position\":2,\"name\":\"Todos os artigos\"}]},{\"@type\":\"WebSite\",\"@id\":\"https:\\\/\\\/canalizadordelisboa.pt\\\/#website\",\"url\":\"https:\\\/\\\/canalizadordelisboa.pt\\\/\",\"name\":\"Canalizador de Lisboa\",\"description\":\"Servi\u00e7os de canaliza\u00e7\u00e3o e desentupimentos de alta qualidade em Lisboa.\",\"potentialAction\":[{\"@type\":\"SearchAction\",\"target\":{\"@type\":\"EntryPoint\",\"urlTemplate\":\"https:\\\/\\\/canalizadordelisboa.pt\\\/?s={search_term_string}\"},\"query-input\":{\"@type\":\"PropertyValueSpecification\",\"valueRequired\":true,\"valueName\":\"search_term_string\"}}],\"inLanguage\":\"es\"}]}<\/script>\n<!-- \/ Yoast SEO plugin. -->","yoast_head_json":{"title":"Todos los art\u00edculos","robots":{"index":"index","follow":"follow","max-snippet":"max-snippet:-1","max-image-preview":"max-image-preview:large","max-video-preview":"max-video-preview:-1"},"canonical":"https:\/\/canalizadordelisboa.pt\/es\/todos-los-articulos\/","og_locale":"es_ES","og_type":"article","og_title":"Todos os artigos","og_description":"Todos os servi\u00e7os em Lisboa: Canaliza\u00e7\u00e3o Casa de Banho Lisboa Canalizador 24 Horas Lisboa Canalizador Desentope Lisboa Canalizador Low Cost Lisboa Canalizador na Hora Lisboa Canalizador Urgente Lisboa Canalizadores 24h Lisboa Canalizadores Urgentes Lisboa Desentupimento de Esgoto Lisboa Desentupimentos Lisboa Desentupimentos Low Cost Lisboa Detec\u00e7\u00e3o de Fugas Lisboa Empresas de Canalizadores Lisboa Instala\u00e7\u00e3o de Aquecedores [&hellip;]","og_url":"https:\/\/canalizadordelisboa.pt\/es\/todos-los-articulos\/","og_site_name":"Canalizador de Lisboa","article_modified_time":"2026-04-23T13:56:28+00:00","twitter_card":"summary_large_image","twitter_misc":{"Tiempo de lectura":"4 minutos"},"schema":{"@context":"https:\/\/schema.org","@graph":[{"@type":"WebPage","@id":"https:\/\/canalizadordelisboa.pt\/todos-os-artigos\/","url":"https:\/\/canalizadordelisboa.pt\/todos-os-artigos\/","name":"Todos los art\u00edculos","isPartOf":{"@id":"https:\/\/canalizadordelisboa.pt\/#website"},"datePublished":"2026-03-17T14:17:00+00:00","dateModified":"2026-04-23T13:56:28+00:00","breadcrumb":{"@id":"https:\/\/canalizadordelisboa.pt\/todos-os-artigos\/#breadcrumb"},"inLanguage":"es","potentialAction":[{"@type":"ReadAction","target":["https:\/\/canalizadordelisboa.pt\/todos-os-artigos\/"]}]},{"@type":"BreadcrumbList","@id":"https:\/\/canalizadordelisboa.pt\/todos-os-artigos\/#breadcrumb","itemListElement":[{"@type":"ListItem","position":1,"name":"Accueil","item":"https:\/\/canalizadordelisboa.pt\/"},{"@type":"ListItem","position":2,"name":"Todos os artigos"}]},{"@type":"WebSite","@id":"https:\/\/canalizadordelisboa.pt\/#website","url":"https:\/\/canalizadordelisboa.pt\/","name":"Canalizador de Lisboa","description":"Servicios de fontaner\u00eda y saneamiento de alta calidad en Lisboa.","potentialAction":[{"@type":"SearchAction","target":{"@type":"EntryPoint","urlTemplate":"https:\/\/canalizadordelisboa.pt\/?s={search_term_string}"},"query-input":{"@type":"PropertyValueSpecification","valueRequired":true,"valueName":"search_term_string"}}],"inLanguage":"es"}]}},"_links":{"self":[{"href":"https:\/\/canalizadordelisboa.pt\/es\/wp-json\/wp\/v2\/pages\/3113","targetHints":{"allow":["GET"]}}],"collection":[{"href":"https:\/\/canalizadordelisboa.pt\/es\/wp-json\/wp\/v2\/pages"}],"about":[{"href":"https:\/\/canalizadordelisboa.pt\/es\/wp-json\/wp\/v2\/types\/page"}],"author":[{"embeddable":true,"href":"https:\/\/canalizadordelisboa.pt\/es\/wp-json\/wp\/v2\/users\/1"}],"replies":[{"embeddable":true,"href":"https:\/\/canalizadordelisboa.pt\/es\/wp-json\/wp\/v2\/comments?post=3113"}],"version-history":[{"count":55,"href":"https:\/\/canalizadordelisboa.pt\/es\/wp-json\/wp\/v2\/pages\/3113\/revisions"}],"predecessor-version":[{"id":3758,"href":"https:\/\/canalizadordelisboa.pt\/es\/wp-json\/wp\/v2\/pages\/3113\/revisions\/3758"}],"wp:attachment":[{"href":"https:\/\/canalizadordelisboa.pt\/es\/wp-json\/wp\/v2\/media?parent=3113"}],"curies":[{"name":"wp","href":"https:\/\/api.w.org\/{rel}","templated":true}]}}