{"id":3040,"date":"2026-04-12T14:08:32","date_gmt":"2026-04-12T14:08:32","guid":{"rendered":"https:\/\/canalizadordelisboa.pt\/?page_id=3040"},"modified":"2026-04-13T08:27:51","modified_gmt":"2026-04-13T08:27:51","slug":"desatasco-de-desagues-lisboa","status":"publish","type":"page","link":"https:\/\/canalizadordelisboa.pt\/es\/desentupimento-de-esgoto-lisboa\/","title":{"rendered":"Limpieza de desag\u00fces Lisboa - Servicios r\u00e1pidos y eficaces"},"content":{"rendered":"<p>Si busca <strong>desatascos en Lisboa<\/strong>su b\u00fasqueda termina aqu\u00ed. Lisbon Plumber ofrece servicios profesionales de desatasco de desag\u00fces, garantizando eficacia, rapidez y precios justos. Nuestro equipo de fontaneros experimentados est\u00e1 siempre listo para resolver cualquier problema de atasco, desde peque\u00f1os bloqueos a problemas m\u00e1s complejos.<\/p>\n<p><img fetchpriority=\"high\" decoding=\"async\" src=\"https:\/\/canalizadordelisboa.pt\/wp-content\/uploads\/2026\/04\/desentupimento-esgoto-lisboa-225x300.jpeg\" alt=\"desatasco de desag\u00fces lisboa\" width=\"225\" height=\"300\" class=\"alignnone size-medium wp-image-3712\" srcset=\"https:\/\/canalizadordelisboa.pt\/wp-content\/uploads\/2026\/04\/desentupimento-esgoto-lisboa-225x300.jpeg 225w, https:\/\/canalizadordelisboa.pt\/wp-content\/uploads\/2026\/04\/desentupimento-esgoto-lisboa-768x1024.jpeg 768w, https:\/\/canalizadordelisboa.pt\/wp-content\/uploads\/2026\/04\/desentupimento-esgoto-lisboa-1152x1536.jpeg 1152w, https:\/\/canalizadordelisboa.pt\/wp-content\/uploads\/2026\/04\/desentupimento-esgoto-lisboa-9x12.jpeg 9w, https:\/\/canalizadordelisboa.pt\/wp-content\/uploads\/2026\/04\/desentupimento-esgoto-lisboa.jpeg 1200w\" sizes=\"(max-width: 225px) 100vw, 225px\" \/><\/p>\n<h2>\u00bfPor qu\u00e9 elegir Canalizador de Lisboa?<\/h2>\n<p>En Canalizador de Lisboa, entendemos la importancia de un servicio de desatascos r\u00e1pido y fiable. He aqu\u00ed algunas razones por las que nuestros clientes nos eligen:<\/p>\n<ul>\n<li><strong>Experiencia:<\/strong> A\u00f1os de experiencia en el sector de la fontaner\u00eda, satisfaciendo una amplia variedad de necesidades de desatasco de desag\u00fces.<\/li>\n<li><strong>Profesionales cualificados:<\/strong> Nuestro equipo est\u00e1 formado por fontaneros altamente cualificados y certificados, preparados para hacer frente a cualquier situaci\u00f3n de atasco.<\/li>\n<li><strong>Equipamiento moderno:<\/strong> Utilizamos equipos de \u00faltima generaci\u00f3n para garantizar que nuestros desatascos se llevan a cabo con rapidez y eficacia.<\/li>\n<li><strong>Presupuesto gratuito:<\/strong> Ofrecemos presupuestos gratuitos y transparentes para todos nuestros servicios.<\/li>\n<li><strong>Garant\u00eda de calidad:<\/strong> Todos nuestros trabajos est\u00e1n garantizados, lo que le da tranquilidad y confianza.<\/li>\n<\/ul>\n<h2>Nuestros servicios de eliminaci\u00f3n de aguas residuales en Lisboa<\/h2>\n<p>Ofrecemos una amplia gama de servicios de desatasco de desag\u00fces en Lisboa, incluyendo:<\/p>\n<ul>\n<li><strong>Limpieza de desag\u00fces:<\/strong> Desatascamos desag\u00fces utilizando equipos modernos que garantizan la eliminaci\u00f3n eficaz de cualquier obstrucci\u00f3n.<\/li>\n<li><strong>Desag\u00fce del fregadero:<\/strong> Eliminamos atascos en fregaderos de cocina y ba\u00f1o, garantizando que el agua drene libremente.<\/li>\n<li><strong>Limpieza de desag\u00fces:<\/strong> Limpiamos y desatascamos desag\u00fces para evitar inundaciones y garantizar el correcto funcionamiento del sistema de drenaje.<\/li>\n<li><strong>Desatascar inodoros:<\/strong> Solucionamos problemas de atascos en inodoros, garantizando su perfecto funcionamiento.<\/li>\n<li><strong>Desatasco de tuber\u00edas:<\/strong> Utilizamos tecnolog\u00eda avanzada para desatascar tuber\u00edas de agua y alcantarillado, evitando da\u00f1os y garantizando la eficacia del sistema.<\/li>\n<li><strong>Inspecci\u00f3n de la c\u00e1mara:<\/strong> Utilizamos c\u00e1maras de alta resoluci\u00f3n para identificar la causa y la ubicaci\u00f3n exacta de las obstrucciones, lo que permite una intervenci\u00f3n precisa y eficaz.<\/li>\n<li><strong>Limpieza preventiva:<\/strong> Ofrecemos servicios de limpieza preventiva para evitar nuevos atascos y garantizar el buen funcionamiento del sistema de fontaner\u00eda.<\/li>\n<\/ul>\n<h2>C\u00f3mo funciona nuestro servicio de desatascos<\/h2>\n<p>Nuestro proceso de desatasco es sencillo y eficaz:<\/p>\n<ul>\n<li><strong>Consulta inicial:<\/strong> Recibimos su llamada y organizamos una visita al lugar para evaluar la situaci\u00f3n.<\/li>\n<li><strong>Diagn\u00f3stico:<\/strong> Utilizamos equipos modernos para diagnosticar la causa de la obstrucci\u00f3n y determinar la mejor soluci\u00f3n.<\/li>\n<li><strong>Presupuesto:<\/strong> Ofrecemos un presupuesto gratuito y transparente para el servicio requerido.<\/li>\n<li><strong>Desatascador:<\/strong> Llevamos a cabo el desatasco utilizando materiales de alta calidad y t\u00e9cnicas avanzadas, garantizando que el problema se resuelva con eficacia.<\/li>\n<li><strong>Prueba final:<\/strong> Comprobamos el funcionamiento del sistema para asegurarnos de que todo est\u00e1 perfecto antes de abandonar el lugar.<\/li>\n<\/ul>\n<h2>Se\u00f1ales de que necesita un servicio de desatasco de desag\u00fces<\/h2>\n<p>Algunos signos comunes de que puede necesitar servicios de desatasco de desag\u00fces incluyen:<\/p>\n<ul>\n<li>El agua se escurre lentamente por los desag\u00fces.<\/li>\n<li>Mal olor persistente de las aguas residuales.<\/li>\n<li>El agua vuelve a correr por los desag\u00fces o inodoros.<\/li>\n<li>Sonidos de gorgoteo en las tuber\u00edas durante el uso.<\/li>\n<li>Necesidad frecuente de desatascar desag\u00fces.<\/li>\n<\/ul>\n<h2>Ventajas de contratar fontaneros para desatascar desag\u00fces en Lisboa<\/h2>\n<p>Invertir en servicios profesionales de desatasco de desag\u00fces conlleva varias ventajas, como:<\/p>\n<ul>\n<li><strong>Eficiencia:<\/strong> Desatascos r\u00e1pidos y eficaces, con equipos modernos y t\u00e9cnicas avanzadas.<\/li>\n<li><strong>Prevenci\u00f3n de da\u00f1os:<\/strong> Evita da\u00f1os importantes en el sistema de fontaner\u00eda y en la estructura de su hogar.<\/li>\n<li><strong>Higiene:<\/strong> Mejora la higiene ambiental, eliminando los malos olores y evitando las inundaciones.<\/li>\n<li><strong>Tranquilidad:<\/strong> Saber que el problema ha sido resuelto por profesionales cualificados y que el sistema de fontaner\u00eda funciona perfectamente.<\/li>\n<\/ul>\n<h2>P\u00f3ngase en contacto con nosotros<\/h2>\n<p>Si tiene problemas de alcantarillado en Lisboa, no pierda tiempo. P\u00f3ngase en contacto con Canalizador de Lisboa y reserve una cita. Estamos listos para servirle de forma r\u00e1pida y eficiente, asegurando que su sistema de fontaner\u00eda est\u00e9 siempre en perfectas condiciones.<\/p>","protected":false},"excerpt":{"rendered":"<p>Se voc\u00ea est\u00e1 \u00e0 procura de servi\u00e7os de desentupimento de esgoto em Lisboa, a sua busca termina aqui. A Canalizador de Lisboa oferece servi\u00e7os profissionais de desentupimento de esgotos, garantindo efici\u00eancia, rapidez e pre\u00e7os justos. Nossa equipe de canalizadores experientes est\u00e1 sempre pronta para resolver qualquer problema de entupimento, desde pequenas obstru\u00e7\u00f5es at\u00e9 problemas mais [&hellip;]<\/p>\n","protected":false},"author":1,"featured_media":3712,"parent":0,"menu_order":0,"comment_status":"closed","ping_status":"closed","template":"","meta":{"iawp_total_views":11,"footnotes":""},"class_list":["post-3040","page","type-page","status-publish","has-post-thumbnail","hentry"],"yoast_head":"<!-- This site is optimized with the Yoast SEO plugin v27.4 - https:\/\/yoast.com\/product\/yoast-seo-wordpress\/ -->\n<title>Desentupimento de Esgoto Lisboa - Servi\u00e7os R\u00e1pidos e Eficazes<\/title>\n<meta name=\"description\" content=\"Procura desentupimento de esgoto em Lisboa? Canalizador de Lisboa oferece servi\u00e7os profissionais de desentupimento de esgotos.\" \/>\n<meta name=\"robots\" content=\"index, follow, max-snippet:-1, max-image-preview:large, max-video-preview:-1\" \/>\n<link rel=\"canonical\" href=\"https:\/\/canalizadordelisboa.pt\/es\/desatasco-de-desagues-lisboa\/\" \/>\n<meta property=\"og:locale\" content=\"es_ES\" \/>\n<meta property=\"og:type\" content=\"article\" \/>\n<meta property=\"og:title\" content=\"Desentupimento de Esgoto Lisboa - Servi\u00e7os R\u00e1pidos e Eficazes\" \/>\n<meta property=\"og:description\" content=\"Procura desentupimento de esgoto em Lisboa? Canalizador de Lisboa oferece servi\u00e7os profissionais de desentupimento de esgotos.\" \/>\n<meta property=\"og:url\" content=\"https:\/\/canalizadordelisboa.pt\/es\/desatasco-de-desagues-lisboa\/\" \/>\n<meta property=\"og:site_name\" content=\"Canalizador de Lisboa\" \/>\n<meta property=\"article:modified_time\" content=\"2026-04-13T08:27:51+00:00\" \/>\n<meta property=\"og:image\" content=\"https:\/\/canalizadordelisboa.pt\/wp-content\/uploads\/2026\/04\/desentupimento-esgoto-lisboa.jpeg\" \/>\n\t<meta property=\"og:image:width\" content=\"1200\" \/>\n\t<meta property=\"og:image:height\" content=\"1600\" \/>\n\t<meta property=\"og:image:type\" content=\"image\/jpeg\" \/>\n<meta name=\"twitter:card\" content=\"summary_large_image\" \/>\n<meta name=\"twitter:label1\" content=\"Tiempo de lectura\" \/>\n\t<meta name=\"twitter:data1\" content=\"4 minutos\" \/>\n<script type=\"application\/ld+json\" class=\"yoast-schema-graph\">{\"@context\":\"https:\\\/\\\/schema.org\",\"@graph\":[{\"@type\":\"WebPage\",\"@id\":\"https:\\\/\\\/canalizadordelisboa.pt\\\/desentupimento-de-esgoto-lisboa\\\/\",\"url\":\"https:\\\/\\\/canalizadordelisboa.pt\\\/desentupimento-de-esgoto-lisboa\\\/\",\"name\":\"Desentupimento de Esgoto Lisboa - Servi\u00e7os R\u00e1pidos e Eficazes\",\"isPartOf\":{\"@id\":\"https:\\\/\\\/canalizadordelisboa.pt\\\/#website\"},\"primaryImageOfPage\":{\"@id\":\"https:\\\/\\\/canalizadordelisboa.pt\\\/desentupimento-de-esgoto-lisboa\\\/#primaryimage\"},\"image\":{\"@id\":\"https:\\\/\\\/canalizadordelisboa.pt\\\/desentupimento-de-esgoto-lisboa\\\/#primaryimage\"},\"thumbnailUrl\":\"https:\\\/\\\/canalizadordelisboa.pt\\\/wp-content\\\/uploads\\\/2026\\\/04\\\/desentupimento-esgoto-lisboa.jpeg\",\"datePublished\":\"2026-04-12T14:08:32+00:00\",\"dateModified\":\"2026-04-13T08:27:51+00:00\",\"description\":\"Procura desentupimento de esgoto em Lisboa? Canalizador de Lisboa oferece servi\u00e7os profissionais de desentupimento de esgotos.\",\"breadcrumb\":{\"@id\":\"https:\\\/\\\/canalizadordelisboa.pt\\\/desentupimento-de-esgoto-lisboa\\\/#breadcrumb\"},\"inLanguage\":\"es\",\"potentialAction\":[{\"@type\":\"ReadAction\",\"target\":[\"https:\\\/\\\/canalizadordelisboa.pt\\\/desentupimento-de-esgoto-lisboa\\\/\"]}]},{\"@type\":\"ImageObject\",\"inLanguage\":\"es\",\"@id\":\"https:\\\/\\\/canalizadordelisboa.pt\\\/desentupimento-de-esgoto-lisboa\\\/#primaryimage\",\"url\":\"https:\\\/\\\/canalizadordelisboa.pt\\\/wp-content\\\/uploads\\\/2026\\\/04\\\/desentupimento-esgoto-lisboa.jpeg\",\"contentUrl\":\"https:\\\/\\\/canalizadordelisboa.pt\\\/wp-content\\\/uploads\\\/2026\\\/04\\\/desentupimento-esgoto-lisboa.jpeg\",\"width\":1200,\"height\":1600,\"caption\":\"desentupimento esgoto lisboa\"},{\"@type\":\"BreadcrumbList\",\"@id\":\"https:\\\/\\\/canalizadordelisboa.pt\\\/desentupimento-de-esgoto-lisboa\\\/#breadcrumb\",\"itemListElement\":[{\"@type\":\"ListItem\",\"position\":1,\"name\":\"Accueil\",\"item\":\"https:\\\/\\\/canalizadordelisboa.pt\\\/\"},{\"@type\":\"ListItem\",\"position\":2,\"name\":\"Desentupimento de Esgoto Lisboa &#8211; Servi\u00e7os R\u00e1pidos e Eficazes\"}]},{\"@type\":\"WebSite\",\"@id\":\"https:\\\/\\\/canalizadordelisboa.pt\\\/#website\",\"url\":\"https:\\\/\\\/canalizadordelisboa.pt\\\/\",\"name\":\"Canalizador de Lisboa\",\"description\":\"Servi\u00e7os de canaliza\u00e7\u00e3o e desentupimentos de alta qualidade em Lisboa.\",\"potentialAction\":[{\"@type\":\"SearchAction\",\"target\":{\"@type\":\"EntryPoint\",\"urlTemplate\":\"https:\\\/\\\/canalizadordelisboa.pt\\\/?s={search_term_string}\"},\"query-input\":{\"@type\":\"PropertyValueSpecification\",\"valueRequired\":true,\"valueName\":\"search_term_string\"}}],\"inLanguage\":\"es\"}]}<\/script>\n<!-- \/ Yoast SEO plugin. -->","yoast_head_json":{"title":"Limpieza de desag\u00fces Lisboa - Servicios r\u00e1pidos y eficaces","description":"\u00bfBusca desatascos de desag\u00fces en Lisboa? Lisbon Plumber ofrece servicios profesionales de desatasco de desag\u00fces.","robots":{"index":"index","follow":"follow","max-snippet":"max-snippet:-1","max-image-preview":"max-image-preview:large","max-video-preview":"max-video-preview:-1"},"canonical":"https:\/\/canalizadordelisboa.pt\/es\/desatasco-de-desagues-lisboa\/","og_locale":"es_ES","og_type":"article","og_title":"Desentupimento de Esgoto Lisboa - Servi\u00e7os R\u00e1pidos e Eficazes","og_description":"Procura desentupimento de esgoto em Lisboa? Canalizador de Lisboa oferece servi\u00e7os profissionais de desentupimento de esgotos.","og_url":"https:\/\/canalizadordelisboa.pt\/es\/desatasco-de-desagues-lisboa\/","og_site_name":"Canalizador de Lisboa","article_modified_time":"2026-04-13T08:27:51+00:00","og_image":[{"width":1200,"height":1600,"url":"https:\/\/canalizadordelisboa.pt\/wp-content\/uploads\/2026\/04\/desentupimento-esgoto-lisboa.jpeg","type":"image\/jpeg"}],"twitter_card":"summary_large_image","twitter_misc":{"Tiempo de lectura":"4 minutos"},"schema":{"@context":"https:\/\/schema.org","@graph":[{"@type":"WebPage","@id":"https:\/\/canalizadordelisboa.pt\/desentupimento-de-esgoto-lisboa\/","url":"https:\/\/canalizadordelisboa.pt\/desentupimento-de-esgoto-lisboa\/","name":"Limpieza de desag\u00fces Lisboa - Servicios r\u00e1pidos y eficaces","isPartOf":{"@id":"https:\/\/canalizadordelisboa.pt\/#website"},"primaryImageOfPage":{"@id":"https:\/\/canalizadordelisboa.pt\/desentupimento-de-esgoto-lisboa\/#primaryimage"},"image":{"@id":"https:\/\/canalizadordelisboa.pt\/desentupimento-de-esgoto-lisboa\/#primaryimage"},"thumbnailUrl":"https:\/\/canalizadordelisboa.pt\/wp-content\/uploads\/2026\/04\/desentupimento-esgoto-lisboa.jpeg","datePublished":"2026-04-12T14:08:32+00:00","dateModified":"2026-04-13T08:27:51+00:00","description":"\u00bfBusca desatascos de desag\u00fces en Lisboa? Lisbon Plumber ofrece servicios profesionales de desatasco de desag\u00fces.","breadcrumb":{"@id":"https:\/\/canalizadordelisboa.pt\/desentupimento-de-esgoto-lisboa\/#breadcrumb"},"inLanguage":"es","potentialAction":[{"@type":"ReadAction","target":["https:\/\/canalizadordelisboa.pt\/desentupimento-de-esgoto-lisboa\/"]}]},{"@type":"ImageObject","inLanguage":"es","@id":"https:\/\/canalizadordelisboa.pt\/desentupimento-de-esgoto-lisboa\/#primaryimage","url":"https:\/\/canalizadordelisboa.pt\/wp-content\/uploads\/2026\/04\/desentupimento-esgoto-lisboa.jpeg","contentUrl":"https:\/\/canalizadordelisboa.pt\/wp-content\/uploads\/2026\/04\/desentupimento-esgoto-lisboa.jpeg","width":1200,"height":1600,"caption":"desentupimento esgoto lisboa"},{"@type":"BreadcrumbList","@id":"https:\/\/canalizadordelisboa.pt\/desentupimento-de-esgoto-lisboa\/#breadcrumb","itemListElement":[{"@type":"ListItem","position":1,"name":"Accueil","item":"https:\/\/canalizadordelisboa.pt\/"},{"@type":"ListItem","position":2,"name":"Desentupimento de Esgoto Lisboa &#8211; Servi\u00e7os R\u00e1pidos e Eficazes"}]},{"@type":"WebSite","@id":"https:\/\/canalizadordelisboa.pt\/#website","url":"https:\/\/canalizadordelisboa.pt\/","name":"Canalizador de Lisboa","description":"Servicios de fontaner\u00eda y saneamiento de alta calidad en Lisboa.","potentialAction":[{"@type":"SearchAction","target":{"@type":"EntryPoint","urlTemplate":"https:\/\/canalizadordelisboa.pt\/?s={search_term_string}"},"query-input":{"@type":"PropertyValueSpecification","valueRequired":true,"valueName":"search_term_string"}}],"inLanguage":"es"}]}},"_links":{"self":[{"href":"https:\/\/canalizadordelisboa.pt\/es\/wp-json\/wp\/v2\/pages\/3040","targetHints":{"allow":["GET"]}}],"collection":[{"href":"https:\/\/canalizadordelisboa.pt\/es\/wp-json\/wp\/v2\/pages"}],"about":[{"href":"https:\/\/canalizadordelisboa.pt\/es\/wp-json\/wp\/v2\/types\/page"}],"author":[{"embeddable":true,"href":"https:\/\/canalizadordelisboa.pt\/es\/wp-json\/wp\/v2\/users\/1"}],"replies":[{"embeddable":true,"href":"https:\/\/canalizadordelisboa.pt\/es\/wp-json\/wp\/v2\/comments?post=3040"}],"version-history":[{"count":2,"href":"https:\/\/canalizadordelisboa.pt\/es\/wp-json\/wp\/v2\/pages\/3040\/revisions"}],"predecessor-version":[{"id":3713,"href":"https:\/\/canalizadordelisboa.pt\/es\/wp-json\/wp\/v2\/pages\/3040\/revisions\/3713"}],"wp:featuredmedia":[{"embeddable":true,"href":"https:\/\/canalizadordelisboa.pt\/es\/wp-json\/wp\/v2\/media\/3712"}],"wp:attachment":[{"href":"https:\/\/canalizadordelisboa.pt\/es\/wp-json\/wp\/v2\/media?parent=3040"}],"curies":[{"name":"wp","href":"https:\/\/api.w.org\/{rel}","templated":true}]}}