{"id":3004,"date":"2025-09-16T13:50:29","date_gmt":"2025-09-16T13:50:29","guid":{"rendered":"https:\/\/canalizadordelisboa.pt\/?page_id=3004"},"modified":"2025-09-17T14:30:51","modified_gmt":"2025-09-17T14:30:51","slug":"ayuda-fontanero","status":"publish","type":"page","link":"https:\/\/canalizadordelisboa.pt\/es\/canalizador-ajuda\/","title":{"rendered":"Fontanero Ajuda - Servicios Profesionales de Fontaner\u00eda"},"content":{"rendered":"<p>Si busca un <strong>fontanero en Ajuda<\/strong>su b\u00fasqueda termina aqu\u00ed. Canalizador de Lisboa ofrece servicios de fontaner\u00eda de alta calidad a la regi\u00f3n de Ajuda, garantizando eficiencia, profesionalidad y precios justos. Nuestro equipo de fontaneros experimentados est\u00e1 siempre listo para resolver cualquier problema de fontaner\u00eda, desde peque\u00f1as reparaciones hasta grandes instalaciones y emergencias.<\/p>\n<h2>Fontanero en Ajuda<\/h2>\n<p>Ofrecemos servicios de fontaner\u00eda en <strong>Ayuda<\/strong>en Lisboa. Conocemos bien la zona y estamos acostumbrados a trabajar tanto en edificios antiguos con fontaner\u00eda vieja como en viviendas m\u00e1s recientes. Realizamos <strong>reparaci\u00f3n de fugas, desatasco de desag\u00fces, sustituci\u00f3n de grifos y tuber\u00edas<\/strong>as\u00ed como el mantenimiento preventivo.<\/p>\n<p>Si vive en Ajuda y necesita un <strong>fontanero de confianza<\/strong>Puede contar con nosotros para un servicio r\u00e1pido y profesional y un presupuesto transparente.<\/p>\n<h2>\u00bfPor qu\u00e9 elegir Canalizador de Lisboa?<\/h2>\n<p>En Canalizador de Lisboa, entendemos la importancia de un servicio de fontaner\u00eda r\u00e1pido y fiable. He aqu\u00ed algunas razones por las que nuestros clientes nos eligen:<\/p>\n<ul>\n<li><strong>Experiencia:<\/strong> A\u00f1os de experiencia en el sector de la fontaner\u00eda, satisfaciendo una amplia variedad de necesidades.<\/li>\n<li><strong>Profesionales cualificados:<\/strong> Nuestro equipo est\u00e1 formado por fontaneros altamente cualificados y certificados, preparados para hacer frente a cualquier situaci\u00f3n.<\/li>\n<li><strong>Disponibilidad 24\/7:<\/strong> Ofrecemos servicios de emergencia para garantizar que nunca quede desamparado en una situaci\u00f3n cr\u00edtica.<\/li>\n<li><strong>Presupuesto gratuito:<\/strong> Ofrecemos presupuestos gratuitos y transparentes para todos nuestros servicios.<\/li>\n<li><strong>Garant\u00eda de calidad:<\/strong> Todos nuestros trabajos est\u00e1n garantizados, lo que le da tranquilidad y confianza.<\/li>\n<\/ul>\n<h2>Nuestros servicios de ayuda<\/h2>\n<p>Ofrecemos una amplia gama de servicios de fontaner\u00eda en Ajuda, incluyendo:<\/p>\n<ul>\n<li><strong>Reparaciones de fontaner\u00eda:<\/strong> Arreglamos fugas, roturas y otros problemas de fontaner\u00eda. Nuestro objetivo es que su sistema de fontaner\u00eda funcione a la perfecci\u00f3n, evitando el desperdicio de agua y posibles da\u00f1os estructurales.<\/li>\n<li><strong>Instalaci\u00f3n de sistemas de fontaner\u00eda:<\/strong> Instalaci\u00f3n de nuevas redes de agua y alcantarillado. Tanto si est\u00e1 construyendo una casa nueva como remodelando la suya, nuestro equipo puede instalar un sistema de fontaner\u00eda eficiente y duradero.<\/li>\n<li><strong>Fontaner\u00eda:<\/strong> Desatascamos desag\u00fces, fregaderos, desag\u00fces e inodoros. Utilizamos equipos modernos para que los desatascos se realicen con rapidez y eficacia.<\/li>\n<li><strong>Mantenimiento preventivo:<\/strong> Inspecciones peri\u00f3dicas para evitar problemas de fontaner\u00eda. El mantenimiento preventivo puede evitar problemas mayores en el futuro y prolongar la vida \u00fatil de su sistema de fontaner\u00eda.<\/li>\n<li><strong>Instalaci\u00f3n de grifos y v\u00e1lvulas:<\/strong> Sustituimos e instalamos grifos y v\u00e1lvulas de todas las marcas y modelos, garantizando el buen funcionamiento de su sistema de fontaner\u00eda.<\/li>\n<li><strong>Reparaci\u00f3n y sustituci\u00f3n de aseos:<\/strong> Arreglamos fugas y sustituimos inodoros da\u00f1ados. Ofrecemos una amplia gama de opciones para mejorar el confort y la eficiencia de su cuarto de ba\u00f1o.<\/li>\n<li><strong>Instalaci\u00f3n de calderas y calentadores de agua:<\/strong> Instalaci\u00f3n y mantenimiento de sistemas de calentamiento de agua. Trabajamos con las mejores marcas del mercado para que disponga de agua caliente siempre que lo necesite.<\/li>\n<li><strong>Detecci\u00f3n de fugas:<\/strong> Uso de la tecnolog\u00eda para localizar fugas ocultas. Utilizamos equipos avanzados para identificar y reparar fugas sin causar da\u00f1os innecesarios a su propiedad.<\/li>\n<li><strong>Instalaci\u00f3n del filtro de agua:<\/strong> Instalaci\u00f3n de sistemas de filtraci\u00f3n de agua potable. Garantice la calidad del agua que beben usted y su familia con nuestros sistemas de filtraci\u00f3n.<\/li>\n<li><strong>Instalaci\u00f3n de electrodom\u00e9sticos:<\/strong> Conexi\u00f3n de lavadoras, lavavajillas y otros electrodom\u00e9sticos. Garantizamos que todos los electrodom\u00e9sticos est\u00e1n correctamente instalados y funcionan a la perfecci\u00f3n.<\/li>\n<li><strong>Remodelaci\u00f3n de ba\u00f1os y cocinas:<\/strong> Planificaci\u00f3n y realizaci\u00f3n de reformas integrales. Nuestro equipo puede transformar estos espacios para hacerlos m\u00e1s funcionales y est\u00e9ticamente agradables.<\/li>\n<li><strong>Servicios de emergencia:<\/strong> Servicio 24\/7 para reparaciones urgentes. Tanto si se enfrenta a una fuga grave como a una alcantarilla obstruida, estamos disponibles a cualquier hora del d\u00eda o de la noche.<\/li>\n<li><strong>Reparaci\u00f3n de bombas de agua:<\/strong> Mantenimiento y sustituci\u00f3n de bombas de agua Nos aseguramos de que su sistema de bombeo de agua funcione eficazmente para evitar interrupciones del suministro.<\/li>\n<li><strong>Instalaci\u00f3n de sistemas de riego:<\/strong> Instalaci\u00f3n de sistemas de riego autom\u00e1tico. Perfectos para jardines y zonas verdes, nuestros sistemas de riego est\u00e1n dise\u00f1ados para optimizar el uso del agua y mantener sus plantas sanas.<\/li>\n<li><strong>Limpieza de trampas de grasa:<\/strong> Limpieza y mantenimiento de las trampas de grasa para evitar obstrucciones y garantizar el buen funcionamiento del sistema de alcantarillado.<\/li>\n<li><strong>Instalaci\u00f3n de ba\u00f1eras y duchas:<\/strong> Instalaci\u00f3n y reparaci\u00f3n de ba\u00f1eras y duchas. Transforme su ba\u00f1o en un espacio relajante con nuestras instalaciones profesionales.<\/li>\n<li><strong>Inspecci\u00f3n de la c\u00e1mara:<\/strong> Uso de c\u00e1maras para inspeccionar las tuber\u00edas, lo que permite identificar con precisi\u00f3n los problemas sin necesidad de intervenciones invasivas.<\/li>\n<li><strong>Instalaci\u00f3n de la red de gas:<\/strong> Montaje y mantenimiento de tuber\u00edas de gas, garantizando la seguridad y el cumplimiento de la normativa vigente.<\/li>\n<\/ul>\n<h2>C\u00f3mo funciona nuestro servicio de asistencia<\/h2>\n<p>Nuestro proceso de servicio es sencillo y eficaz:<\/p>\n<ul>\n<li><strong>Consulta inicial:<\/strong> Recibimos su llamada y organizamos una visita al lugar para evaluar la situaci\u00f3n.<\/li>\n<li><strong>Diagn\u00f3stico:<\/strong> Utilizamos equipos modernos para diagnosticar la causa del problema y determinar la mejor soluci\u00f3n.<\/li>\n<li><strong>Presupuesto:<\/strong> Ofrecemos un presupuesto gratuito y transparente para el servicio requerido.<\/li>\n<li><strong>Ejecuci\u00f3n del servicio:<\/strong> Llevamos a cabo el servicio utilizando materiales de alta calidad y t\u00e9cnicas avanzadas, garantizando que el problema se resuelva eficazmente y a largo plazo.<\/li>\n<li><strong>Prueba final:<\/strong> Comprobamos el funcionamiento del sistema para asegurarnos de que todo est\u00e1 perfecto antes de abandonar el lugar.<\/li>\n<\/ul>\n<h2>Se\u00f1ales que usted necesita a fontanero para la ayuda<\/h2>\n<p>Algunos signos comunes de que puede necesitar servicios de fontaner\u00eda incluyen:<\/p>\n<ul>\n<li>Fugas visibles u ocultas en las tuber\u00edas.<\/li>\n<li>El agua se escurre lentamente por los desag\u00fces.<\/li>\n<li>Malos olores de las alcantarillas.<\/li>\n<li>Baja presi\u00f3n o agua descolorida.<\/li>\n<li>Problemas frecuentes de obstrucci\u00f3n.<\/li>\n<\/ul>\n<h2>Ventajas de contratar fontaneros en Ajuda<\/h2>\n<p>Invertir en servicios profesionales de fontaner\u00eda conlleva varias ventajas, como:<\/p>\n<ul>\n<li><strong>Eficiencia:<\/strong> Soluciones r\u00e1pidas y eficaces, con equipos modernos y t\u00e9cnicas avanzadas.<\/li>\n<li><strong>Prevenci\u00f3n de da\u00f1os:<\/strong> Evita da\u00f1os importantes en el sistema de fontaner\u00eda y en la estructura de su hogar.<\/li>\n<li><strong>Econom\u00eda:<\/strong> Servicios de alta calidad a precios asequibles, que garantizan la mejor relaci\u00f3n calidad-precio.<\/li>\n<li><strong>Tranquilidad:<\/strong> Saber que el problema ha sido resuelto por profesionales cualificados y que el sistema de fontaner\u00eda funciona perfectamente.<\/li>\n<\/ul>\n<h2>P\u00f3ngase en contacto con nosotros<\/h2>\n<p>Si tiene problemas de fontaner\u00eda, no pierda tiempo. P\u00f3ngase en contacto con Canalizador de Lisboa y reserve una cita. Estamos listos para servirle de forma r\u00e1pida y eficiente, asegurando que su sistema de fontaner\u00eda est\u00e9 siempre en perfectas condiciones.<\/p>","protected":false},"excerpt":{"rendered":"<p>Se voc\u00ea est\u00e1 \u00e0 procura de um canalizador na Ajuda, a sua busca termina aqui. A Canalizador de Lisboa oferece servi\u00e7os de canaliza\u00e7\u00e3o de alta qualidade para a regi\u00e3o da Ajuda, garantindo efici\u00eancia, profissionalismo e pre\u00e7os justos. Nossa equipe de canalizadores experientes est\u00e1 sempre pronta para resolver qualquer problema de canaliza\u00e7\u00e3o, desde pequenas repara\u00e7\u00f5es at\u00e9 [&hellip;]<\/p>\n","protected":false},"author":1,"featured_media":0,"parent":0,"menu_order":0,"comment_status":"closed","ping_status":"closed","template":"","meta":{"iawp_total_views":6,"footnotes":""},"class_list":["post-3004","page","type-page","status-publish","hentry"],"yoast_head":"<!-- This site is optimized with the Yoast SEO plugin v27.4 - https:\/\/yoast.com\/product\/yoast-seo-wordpress\/ -->\n<title>Canalizador Ajuda - Servi\u00e7os Profissionais de Canaliza\u00e7\u00e3o<\/title>\n<meta name=\"description\" content=\"Procura um canalizador na Ajuda? Canalizador de Lisboa oferece servi\u00e7os profissionais de canaliza\u00e7\u00e3o. Contacte-nos !\" \/>\n<meta name=\"robots\" content=\"index, follow, max-snippet:-1, max-image-preview:large, max-video-preview:-1\" \/>\n<link rel=\"canonical\" href=\"https:\/\/canalizadordelisboa.pt\/es\/ayuda-fontanero\/\" \/>\n<meta property=\"og:locale\" content=\"es_ES\" \/>\n<meta property=\"og:type\" content=\"article\" \/>\n<meta property=\"og:title\" content=\"Canalizador Ajuda - Servi\u00e7os Profissionais de Canaliza\u00e7\u00e3o\" \/>\n<meta property=\"og:description\" content=\"Procura um canalizador na Ajuda? Canalizador de Lisboa oferece servi\u00e7os profissionais de canaliza\u00e7\u00e3o. Contacte-nos !\" \/>\n<meta property=\"og:url\" content=\"https:\/\/canalizadordelisboa.pt\/es\/ayuda-fontanero\/\" \/>\n<meta property=\"og:site_name\" content=\"Canalizador de Lisboa\" \/>\n<meta property=\"article:modified_time\" content=\"2025-09-17T14:30:51+00:00\" \/>\n<meta name=\"twitter:card\" content=\"summary_large_image\" \/>\n<meta name=\"twitter:label1\" content=\"Tiempo de lectura\" \/>\n\t<meta name=\"twitter:data1\" content=\"6 minutos\" \/>\n<script type=\"application\/ld+json\" class=\"yoast-schema-graph\">{\"@context\":\"https:\\\/\\\/schema.org\",\"@graph\":[{\"@type\":\"WebPage\",\"@id\":\"https:\\\/\\\/canalizadordelisboa.pt\\\/canalizador-ajuda\\\/\",\"url\":\"https:\\\/\\\/canalizadordelisboa.pt\\\/canalizador-ajuda\\\/\",\"name\":\"Canalizador Ajuda - Servi\u00e7os Profissionais de Canaliza\u00e7\u00e3o\",\"isPartOf\":{\"@id\":\"https:\\\/\\\/canalizadordelisboa.pt\\\/#website\"},\"datePublished\":\"2025-09-16T13:50:29+00:00\",\"dateModified\":\"2025-09-17T14:30:51+00:00\",\"description\":\"Procura um canalizador na Ajuda? Canalizador de Lisboa oferece servi\u00e7os profissionais de canaliza\u00e7\u00e3o. Contacte-nos !\",\"breadcrumb\":{\"@id\":\"https:\\\/\\\/canalizadordelisboa.pt\\\/canalizador-ajuda\\\/#breadcrumb\"},\"inLanguage\":\"es\",\"potentialAction\":[{\"@type\":\"ReadAction\",\"target\":[\"https:\\\/\\\/canalizadordelisboa.pt\\\/canalizador-ajuda\\\/\"]}]},{\"@type\":\"BreadcrumbList\",\"@id\":\"https:\\\/\\\/canalizadordelisboa.pt\\\/canalizador-ajuda\\\/#breadcrumb\",\"itemListElement\":[{\"@type\":\"ListItem\",\"position\":1,\"name\":\"Accueil\",\"item\":\"https:\\\/\\\/canalizadordelisboa.pt\\\/\"},{\"@type\":\"ListItem\",\"position\":2,\"name\":\"Canalizador Ajuda &#8211; Servi\u00e7os Profissionais de Canaliza\u00e7\u00e3o\"}]},{\"@type\":\"WebSite\",\"@id\":\"https:\\\/\\\/canalizadordelisboa.pt\\\/#website\",\"url\":\"https:\\\/\\\/canalizadordelisboa.pt\\\/\",\"name\":\"Canalizador de Lisboa\",\"description\":\"Servi\u00e7os de canaliza\u00e7\u00e3o e desentupimentos de alta qualidade em Lisboa.\",\"potentialAction\":[{\"@type\":\"SearchAction\",\"target\":{\"@type\":\"EntryPoint\",\"urlTemplate\":\"https:\\\/\\\/canalizadordelisboa.pt\\\/?s={search_term_string}\"},\"query-input\":{\"@type\":\"PropertyValueSpecification\",\"valueRequired\":true,\"valueName\":\"search_term_string\"}}],\"inLanguage\":\"es\"}]}<\/script>\n<!-- \/ Yoast SEO plugin. -->","yoast_head_json":{"title":"Fontanero Ajuda - Servicios Profesionales de Fontaner\u00eda","description":"\u00bfBusca un fontanero en Ajuda? Canalizador de Lisboa ofrece servicios profesionales de fontaner\u00eda. \u00a1P\u00f3ngase en contacto con nosotros !","robots":{"index":"index","follow":"follow","max-snippet":"max-snippet:-1","max-image-preview":"max-image-preview:large","max-video-preview":"max-video-preview:-1"},"canonical":"https:\/\/canalizadordelisboa.pt\/es\/ayuda-fontanero\/","og_locale":"es_ES","og_type":"article","og_title":"Canalizador Ajuda - Servi\u00e7os Profissionais de Canaliza\u00e7\u00e3o","og_description":"Procura um canalizador na Ajuda? Canalizador de Lisboa oferece servi\u00e7os profissionais de canaliza\u00e7\u00e3o. Contacte-nos !","og_url":"https:\/\/canalizadordelisboa.pt\/es\/ayuda-fontanero\/","og_site_name":"Canalizador de Lisboa","article_modified_time":"2025-09-17T14:30:51+00:00","twitter_card":"summary_large_image","twitter_misc":{"Tiempo de lectura":"6 minutos"},"schema":{"@context":"https:\/\/schema.org","@graph":[{"@type":"WebPage","@id":"https:\/\/canalizadordelisboa.pt\/canalizador-ajuda\/","url":"https:\/\/canalizadordelisboa.pt\/canalizador-ajuda\/","name":"Fontanero Ajuda - Servicios Profesionales de Fontaner\u00eda","isPartOf":{"@id":"https:\/\/canalizadordelisboa.pt\/#website"},"datePublished":"2025-09-16T13:50:29+00:00","dateModified":"2025-09-17T14:30:51+00:00","description":"\u00bfBusca un fontanero en Ajuda? Canalizador de Lisboa ofrece servicios profesionales de fontaner\u00eda. \u00a1P\u00f3ngase en contacto con nosotros !","breadcrumb":{"@id":"https:\/\/canalizadordelisboa.pt\/canalizador-ajuda\/#breadcrumb"},"inLanguage":"es","potentialAction":[{"@type":"ReadAction","target":["https:\/\/canalizadordelisboa.pt\/canalizador-ajuda\/"]}]},{"@type":"BreadcrumbList","@id":"https:\/\/canalizadordelisboa.pt\/canalizador-ajuda\/#breadcrumb","itemListElement":[{"@type":"ListItem","position":1,"name":"Accueil","item":"https:\/\/canalizadordelisboa.pt\/"},{"@type":"ListItem","position":2,"name":"Canalizador Ajuda &#8211; Servi\u00e7os Profissionais de Canaliza\u00e7\u00e3o"}]},{"@type":"WebSite","@id":"https:\/\/canalizadordelisboa.pt\/#website","url":"https:\/\/canalizadordelisboa.pt\/","name":"Canalizador de Lisboa","description":"Servicios de fontaner\u00eda y saneamiento de alta calidad en Lisboa.","potentialAction":[{"@type":"SearchAction","target":{"@type":"EntryPoint","urlTemplate":"https:\/\/canalizadordelisboa.pt\/?s={search_term_string}"},"query-input":{"@type":"PropertyValueSpecification","valueRequired":true,"valueName":"search_term_string"}}],"inLanguage":"es"}]}},"_links":{"self":[{"href":"https:\/\/canalizadordelisboa.pt\/es\/wp-json\/wp\/v2\/pages\/3004","targetHints":{"allow":["GET"]}}],"collection":[{"href":"https:\/\/canalizadordelisboa.pt\/es\/wp-json\/wp\/v2\/pages"}],"about":[{"href":"https:\/\/canalizadordelisboa.pt\/es\/wp-json\/wp\/v2\/types\/page"}],"author":[{"embeddable":true,"href":"https:\/\/canalizadordelisboa.pt\/es\/wp-json\/wp\/v2\/users\/1"}],"replies":[{"embeddable":true,"href":"https:\/\/canalizadordelisboa.pt\/es\/wp-json\/wp\/v2\/comments?post=3004"}],"version-history":[{"count":2,"href":"https:\/\/canalizadordelisboa.pt\/es\/wp-json\/wp\/v2\/pages\/3004\/revisions"}],"predecessor-version":[{"id":3472,"href":"https:\/\/canalizadordelisboa.pt\/es\/wp-json\/wp\/v2\/pages\/3004\/revisions\/3472"}],"wp:attachment":[{"href":"https:\/\/canalizadordelisboa.pt\/es\/wp-json\/wp\/v2\/media?parent=3004"}],"curies":[{"name":"wp","href":"https:\/\/api.w.org\/{rel}","templated":true}]}}