{"id":2967,"date":"2025-09-15T13:38:35","date_gmt":"2025-09-15T13:38:35","guid":{"rendered":"https:\/\/canalizadordelisboa.pt\/?page_id=2967"},"modified":"2025-09-17T14:34:20","modified_gmt":"2025-09-17T14:34:20","slug":"fontanero-odivelas","status":"publish","type":"page","link":"https:\/\/canalizadordelisboa.pt\/es\/canalizador-odivelas\/","title":{"rendered":"Fontanero Odivelas - Servicios Profesionales de Fontaner\u00eda"},"content":{"rendered":"<p>En nuestra empresa ofrecemos servicios especializados <strong>fontaner\u00eda en Odivelas<\/strong> para hogares y empresas. Entendemos la importancia de tener un sistema de fontaner\u00eda eficiente en perfecto estado de funcionamiento, y estamos aqu\u00ed para asegurarse de que eso suceda.<\/p>\n<h2>Fontanero en Odivelas<\/h2>\n<p>Si vive en Odivelas y busca un fontanero competente, estamos listos para ayudarle. Trabajamos en toda la zona de Odivelas, desde zonas residenciales hasta edificios antiguos, con una intervenci\u00f3n rigurosa para cualquier necesidad de fontaner\u00eda.<\/p>\n<p>Realizamos diversas tareas como desatascos de inodoros, desag\u00fces y alcantarillas, reparaci\u00f3n de fugas, sustituci\u00f3n de grifos, instalaci\u00f3n de nueva fontaner\u00eda y mantenimiento preventivo. Adaptamos el servicio al tipo de inmueble -viviendas modernas, chalets o edificios antiguos- para garantizar soluciones eficaces.<\/p>\n<p>Gracias a nuestra proximidad, podemos responder con rapidez en Odivelas. Antes de empezar cualquier trabajo, siempre le damos un presupuesto claro, sin costes ocultos, para que sepa exactamente qu\u00e9 puede esperar del servicio.<\/p>\n<h2>Servicios de Fontaner\u00eda en Odivelas<\/h2>\n<p>Nuestra <strong>fontaner\u00eda en Odivelas<\/strong> incluyen:<\/p>\n<ul>\n<li><strong>Reparaciones de fontaner\u00eda:<\/strong> Arreglamos fugas y roturas en tuber\u00edas de agua.<\/li>\n<li><strong>Instalaci\u00f3n de sistemas de fontaner\u00eda:<\/strong> Instalaci\u00f3n de nuevas redes de agua y alcantarillado.<\/li>\n<li><strong>Fontaner\u00eda:<\/strong> Desatascamos desag\u00fces, fregaderos, desag\u00fces e inodoros.<\/li>\n<li><strong>Mantenimiento preventivo:<\/strong> Inspecciones peri\u00f3dicas para evitar problemas de fontaner\u00eda.<\/li>\n<li><strong>Instalaci\u00f3n de grifos y v\u00e1lvulas:<\/strong> Sustituimos e instalamos grifos y v\u00e1lvulas.<\/li>\n<li><strong>Reparaci\u00f3n y sustituci\u00f3n de aseos:<\/strong> Arreglamos fugas y sustituimos inodoros.<\/li>\n<li><strong>Instalaci\u00f3n de calderas y calentadores de agua:<\/strong> Instalaci\u00f3n y mantenimiento de sistemas de calentamiento de agua.<\/li>\n<li><strong>Detecci\u00f3n de fugas:<\/strong> Uso de la tecnolog\u00eda para localizar fugas ocultas.<\/li>\n<li><strong>Instalaci\u00f3n del filtro de agua:<\/strong> Instalaci\u00f3n de sistemas de filtraci\u00f3n de agua potable.<\/li>\n<li><strong>Instalaci\u00f3n de electrodom\u00e9sticos:<\/strong> Conexi\u00f3n para lavadoras, lavavajillas, etc.<\/li>\n<li><strong>Remodelaci\u00f3n de ba\u00f1os y cocinas:<\/strong> Planificaci\u00f3n y ejecuci\u00f3n de reformas integrales.<\/li>\n<li><strong>Servicios de emergencia:<\/strong> Servicio 24\/7 para reparaciones urgentes.<\/li>\n<li><strong>Reparaci\u00f3n de bombas de agua:<\/strong> Mantenimiento y sustituci\u00f3n de bombas de agua.<\/li>\n<li><strong>Instalaci\u00f3n de sistemas de riego:<\/strong> Instalaci\u00f3n de sistemas de riego autom\u00e1tico.<\/li>\n<li><strong>Limpieza de trampas de grasa:<\/strong> Limpieza y mantenimiento de trampas de grasa.<\/li>\n<li><strong>Instalaci\u00f3n de ba\u00f1eras y duchas:<\/strong> Instalaci\u00f3n y reparaci\u00f3n de ba\u00f1eras y duchas.<\/li>\n<li><strong>Inspecci\u00f3n de la c\u00e1mara:<\/strong> Uso de c\u00e1maras para inspeccionar las tuber\u00edas.<\/li>\n<li><strong>Instalaci\u00f3n de la red de gas:<\/strong> Instalaci\u00f3n y mantenimiento de tuber\u00edas de gas.<\/li>\n<\/ul>\n<h2>\u00bfPor qu\u00e9 elegir nuestros servicios de fontaner\u00eda en Odivelas?<\/h2>\n<p>Contamos con un equipo de t\u00e9cnicos cualificados y experimentados dispuestos a garantizar que su sistema de fontaner\u00eda est\u00e9 en perfectas condiciones. Estas son algunas razones para elegirnos:<\/p>\n<ul>\n<li><strong>Experiencia:<\/strong> A\u00f1os de experiencia en el sector de la fontaner\u00eda.<\/li>\n<li><strong>Equipamiento moderno:<\/strong> Utilizamos las \u00faltimas tecnolog\u00edas para realizar diagn\u00f3sticos y reparaciones precisas.<\/li>\n<li><strong>Calidad garantizada:<\/strong> Damos prioridad a la satisfacci\u00f3n del cliente, garantizando servicios de alta calidad y resultados duraderos.<\/li>\n<li><strong>Eficiencia:<\/strong> Trabajamos con rapidez y eficacia para minimizar las molestias.<\/li>\n<\/ul>\n<h2>\u00bfC\u00f3mo funciona nuestro servicio de fontaner\u00eda?<\/h2>\n<p>Nuestra <strong>fontaner\u00eda en Odivelas<\/strong> es sencillo y eficaz:<\/p>\n<ul>\n<li><strong>Consulta inicial:<\/strong> Realizamos una consulta para comprender sus necesidades y expectativas.<\/li>\n<li><strong>Presupuesto:<\/strong> Ofrecemos un presupuesto transparente y competitivo para el servicio requerido.<\/li>\n<li><strong>Ejecuci\u00f3n:<\/strong> Realizamos la instalaci\u00f3n o reparaci\u00f3n utilizando materiales de alta calidad y t\u00e9cnicas avanzadas.<\/li>\n<li><strong>Prueba final:<\/strong> Comprobamos el funcionamiento del sistema para asegurarnos de que todo est\u00e1 perfecto.<\/li>\n<\/ul>\n<h2>Se\u00f1ales de que necesita un fontanero en Odivelas<\/h2>\n<p>Algunos signos comunes de que podr\u00eda necesitar los servicios de un <strong>fontanero en Odivelas<\/strong> incluyen:<\/p>\n<ul>\n<li>Fugas visibles u ocultas en las tuber\u00edas.<\/li>\n<li>El agua se escurre lentamente por los desag\u00fces.<\/li>\n<li>Malos olores de las alcantarillas.<\/li>\n<li>Baja presi\u00f3n o agua descolorida.<\/li>\n<li>Problemas frecuentes de obstrucci\u00f3n.<\/li>\n<\/ul>\n<h2>Beneficios de contratar a un fontanero profesional en Odivelas<\/h2>\n<p>Invertir en los servicios de un fontanero profesional aporta varias ventajas, como:<\/p>\n<ul>\n<li><strong>Seguridad:<\/strong> Garantizar que el sistema de fontaner\u00eda es seguro y cumple las normas.<\/li>\n<li><strong>Eficiencia:<\/strong> Los diagn\u00f3sticos y reparaciones precisos ahorran tiempo y dinero.<\/li>\n<li><strong>Tranquilidad:<\/strong> Saber que el trabajo ha sido realizado por profesionales cualificados.<\/li>\n<li><strong>Prevenci\u00f3n de problemas:<\/strong> Un mantenimiento regular evita problemas futuros y costes elevados.<\/li>\n<\/ul>\n<h2>P\u00f3ngase en contacto con nosotros<\/h2>\n<p>Si necesita un fontanero en Odivelas, no dude en ponerse en contacto con nosotros para recibir un servicio r\u00e1pido y eficaz. <strong>canalizaci\u00f3n<\/strong>.<\/p>\n<p>Conf\u00ede en nuestra experiencia y dedicaci\u00f3n para que su instalaci\u00f3n de fontaner\u00eda funcione a la perfecci\u00f3n. Somos su mejor opci\u00f3n para <strong>fontaner\u00eda en Odivelas<\/strong>.<\/p>","protected":false},"excerpt":{"rendered":"<p>Na nossa empresa, oferecemos servi\u00e7os especializados de canaliza\u00e7\u00e3o em Odivelas para resid\u00eancias e empresas. Entendemos a import\u00e2ncia de ter um sistema de canaliza\u00e7\u00e3o eficiente e em perfeito estado de funcionamento, e estamos aqui para garantir que isso aconte\u00e7a. Canalizador em Odivelas Se mora em Odivelas e procura um canalizador competente, n\u00f3s estamos prontos para ajudar. [&hellip;]<\/p>\n","protected":false},"author":1,"featured_media":0,"parent":0,"menu_order":0,"comment_status":"closed","ping_status":"closed","template":"","meta":{"iawp_total_views":12,"footnotes":""},"class_list":["post-2967","page","type-page","status-publish","hentry"],"yoast_head":"<!-- This site is optimized with the Yoast SEO plugin v27.3 - https:\/\/yoast.com\/product\/yoast-seo-wordpress\/ -->\n<title>Canalizador Odivelas - Servi\u00e7os Profissionais de Canaliza\u00e7\u00e3o<\/title>\n<meta name=\"description\" content=\"Servi\u00e7o profissional de canaliza\u00e7\u00e3o em Odivelas. Repara\u00e7\u00f5es, instala\u00e7\u00f5es e manuten\u00e7\u00f5es com efici\u00eancia. Contacte-nos hoje!\" \/>\n<meta name=\"robots\" content=\"index, follow, max-snippet:-1, max-image-preview:large, max-video-preview:-1\" \/>\n<link rel=\"canonical\" href=\"https:\/\/canalizadordelisboa.pt\/es\/fontanero-odivelas\/\" \/>\n<meta property=\"og:locale\" content=\"es_ES\" \/>\n<meta property=\"og:type\" content=\"article\" \/>\n<meta property=\"og:title\" content=\"Canalizador Odivelas - Servi\u00e7os Profissionais de Canaliza\u00e7\u00e3o\" \/>\n<meta property=\"og:description\" content=\"Servi\u00e7o profissional de canaliza\u00e7\u00e3o em Odivelas. Repara\u00e7\u00f5es, instala\u00e7\u00f5es e manuten\u00e7\u00f5es com efici\u00eancia. Contacte-nos hoje!\" \/>\n<meta property=\"og:url\" content=\"https:\/\/canalizadordelisboa.pt\/es\/fontanero-odivelas\/\" \/>\n<meta property=\"og:site_name\" content=\"Canalizador de Lisboa\" \/>\n<meta property=\"article:modified_time\" content=\"2025-09-17T14:34:20+00:00\" \/>\n<meta name=\"twitter:card\" content=\"summary_large_image\" \/>\n<meta name=\"twitter:label1\" content=\"Tiempo de lectura\" \/>\n\t<meta name=\"twitter:data1\" content=\"4 minutos\" \/>\n<script type=\"application\/ld+json\" class=\"yoast-schema-graph\">{\"@context\":\"https:\\\/\\\/schema.org\",\"@graph\":[{\"@type\":\"WebPage\",\"@id\":\"https:\\\/\\\/canalizadordelisboa.pt\\\/canalizador-odivelas\\\/\",\"url\":\"https:\\\/\\\/canalizadordelisboa.pt\\\/canalizador-odivelas\\\/\",\"name\":\"Canalizador Odivelas - Servi\u00e7os Profissionais de Canaliza\u00e7\u00e3o\",\"isPartOf\":{\"@id\":\"https:\\\/\\\/canalizadordelisboa.pt\\\/#website\"},\"datePublished\":\"2025-09-15T13:38:35+00:00\",\"dateModified\":\"2025-09-17T14:34:20+00:00\",\"description\":\"Servi\u00e7o profissional de canaliza\u00e7\u00e3o em Odivelas. Repara\u00e7\u00f5es, instala\u00e7\u00f5es e manuten\u00e7\u00f5es com efici\u00eancia. Contacte-nos hoje!\",\"breadcrumb\":{\"@id\":\"https:\\\/\\\/canalizadordelisboa.pt\\\/canalizador-odivelas\\\/#breadcrumb\"},\"inLanguage\":\"es\",\"potentialAction\":[{\"@type\":\"ReadAction\",\"target\":[\"https:\\\/\\\/canalizadordelisboa.pt\\\/canalizador-odivelas\\\/\"]}]},{\"@type\":\"BreadcrumbList\",\"@id\":\"https:\\\/\\\/canalizadordelisboa.pt\\\/canalizador-odivelas\\\/#breadcrumb\",\"itemListElement\":[{\"@type\":\"ListItem\",\"position\":1,\"name\":\"Accueil\",\"item\":\"https:\\\/\\\/canalizadordelisboa.pt\\\/\"},{\"@type\":\"ListItem\",\"position\":2,\"name\":\"Canalizador Odivelas &#8211; Servi\u00e7os Profissionais de Canaliza\u00e7\u00e3o\"}]},{\"@type\":\"WebSite\",\"@id\":\"https:\\\/\\\/canalizadordelisboa.pt\\\/#website\",\"url\":\"https:\\\/\\\/canalizadordelisboa.pt\\\/\",\"name\":\"Canalizador de Lisboa\",\"description\":\"Servi\u00e7os de canaliza\u00e7\u00e3o e desentupimentos de alta qualidade em Lisboa.\",\"potentialAction\":[{\"@type\":\"SearchAction\",\"target\":{\"@type\":\"EntryPoint\",\"urlTemplate\":\"https:\\\/\\\/canalizadordelisboa.pt\\\/?s={search_term_string}\"},\"query-input\":{\"@type\":\"PropertyValueSpecification\",\"valueRequired\":true,\"valueName\":\"search_term_string\"}}],\"inLanguage\":\"es\"}]}<\/script>\n<!-- \/ Yoast SEO plugin. -->","yoast_head_json":{"title":"Fontanero Odivelas - Servicios Profesionales de Fontaner\u00eda","description":"Servicio profesional de fontaner\u00eda en Odivelas. Reparaciones, instalaciones y mantenimiento eficientes. Contacte con nosotros hoy mismo.","robots":{"index":"index","follow":"follow","max-snippet":"max-snippet:-1","max-image-preview":"max-image-preview:large","max-video-preview":"max-video-preview:-1"},"canonical":"https:\/\/canalizadordelisboa.pt\/es\/fontanero-odivelas\/","og_locale":"es_ES","og_type":"article","og_title":"Canalizador Odivelas - Servi\u00e7os Profissionais de Canaliza\u00e7\u00e3o","og_description":"Servi\u00e7o profissional de canaliza\u00e7\u00e3o em Odivelas. Repara\u00e7\u00f5es, instala\u00e7\u00f5es e manuten\u00e7\u00f5es com efici\u00eancia. Contacte-nos hoje!","og_url":"https:\/\/canalizadordelisboa.pt\/es\/fontanero-odivelas\/","og_site_name":"Canalizador de Lisboa","article_modified_time":"2025-09-17T14:34:20+00:00","twitter_card":"summary_large_image","twitter_misc":{"Tiempo de lectura":"4 minutos"},"schema":{"@context":"https:\/\/schema.org","@graph":[{"@type":"WebPage","@id":"https:\/\/canalizadordelisboa.pt\/canalizador-odivelas\/","url":"https:\/\/canalizadordelisboa.pt\/canalizador-odivelas\/","name":"Fontanero Odivelas - Servicios Profesionales de Fontaner\u00eda","isPartOf":{"@id":"https:\/\/canalizadordelisboa.pt\/#website"},"datePublished":"2025-09-15T13:38:35+00:00","dateModified":"2025-09-17T14:34:20+00:00","description":"Servicio profesional de fontaner\u00eda en Odivelas. Reparaciones, instalaciones y mantenimiento eficientes. Contacte con nosotros hoy mismo.","breadcrumb":{"@id":"https:\/\/canalizadordelisboa.pt\/canalizador-odivelas\/#breadcrumb"},"inLanguage":"es","potentialAction":[{"@type":"ReadAction","target":["https:\/\/canalizadordelisboa.pt\/canalizador-odivelas\/"]}]},{"@type":"BreadcrumbList","@id":"https:\/\/canalizadordelisboa.pt\/canalizador-odivelas\/#breadcrumb","itemListElement":[{"@type":"ListItem","position":1,"name":"Accueil","item":"https:\/\/canalizadordelisboa.pt\/"},{"@type":"ListItem","position":2,"name":"Canalizador Odivelas &#8211; Servi\u00e7os Profissionais de Canaliza\u00e7\u00e3o"}]},{"@type":"WebSite","@id":"https:\/\/canalizadordelisboa.pt\/#website","url":"https:\/\/canalizadordelisboa.pt\/","name":"Canalizador de Lisboa","description":"Servicios de fontaner\u00eda y saneamiento de alta calidad en Lisboa.","potentialAction":[{"@type":"SearchAction","target":{"@type":"EntryPoint","urlTemplate":"https:\/\/canalizadordelisboa.pt\/?s={search_term_string}"},"query-input":{"@type":"PropertyValueSpecification","valueRequired":true,"valueName":"search_term_string"}}],"inLanguage":"es"}]}},"_links":{"self":[{"href":"https:\/\/canalizadordelisboa.pt\/es\/wp-json\/wp\/v2\/pages\/2967","targetHints":{"allow":["GET"]}}],"collection":[{"href":"https:\/\/canalizadordelisboa.pt\/es\/wp-json\/wp\/v2\/pages"}],"about":[{"href":"https:\/\/canalizadordelisboa.pt\/es\/wp-json\/wp\/v2\/types\/page"}],"author":[{"embeddable":true,"href":"https:\/\/canalizadordelisboa.pt\/es\/wp-json\/wp\/v2\/users\/1"}],"replies":[{"embeddable":true,"href":"https:\/\/canalizadordelisboa.pt\/es\/wp-json\/wp\/v2\/comments?post=2967"}],"version-history":[{"count":3,"href":"https:\/\/canalizadordelisboa.pt\/es\/wp-json\/wp\/v2\/pages\/2967\/revisions"}],"predecessor-version":[{"id":3478,"href":"https:\/\/canalizadordelisboa.pt\/es\/wp-json\/wp\/v2\/pages\/2967\/revisions\/3478"}],"wp:attachment":[{"href":"https:\/\/canalizadordelisboa.pt\/es\/wp-json\/wp\/v2\/media?parent=2967"}],"curies":[{"name":"wp","href":"https:\/\/api.w.org\/{rel}","templated":true}]}}