{"id":3843,"date":"2026-05-03T07:20:56","date_gmt":"2026-05-03T07:20:56","guid":{"rendered":"https:\/\/canalizadordelisboa.pt\/?page_id=3843"},"modified":"2026-05-03T07:20:56","modified_gmt":"2026-05-03T07:20:56","slug":"unblocking-cascais","status":"publish","type":"page","link":"https:\/\/canalizadordelisboa.pt\/en\/desentupimento-cascais\/","title":{"rendered":"Cascais drainage"},"content":{"rendered":"<p>Do you have a clogging problem in Cascais? Don't wait for the situation to get worse - contact <a href=\"https:\/\/canalizadordelisboa.pt\/en\/\">Canalizador de Lisboa<\/a> right now. Our team will come to Cascais quickly to resolve any blockage efficiently.<\/p>\n<h2>Disposal services in Cascais<\/h2>\n<ul>\n<li><a href=\"https:\/\/canalizadordelisboa.pt\/en\/unblocking-drains-lisbon\/\">Unblocking drains<\/a><\/li>\n<li>Unclogging toilets and cisterns<\/li>\n<li>Unclogging sinks and dishwashers<\/li>\n<li>Cleaning drains and siphons<\/li>\n<li><a href=\"https:\/\/canalizadordelisboa.pt\/en\/cleaning-grease-traps-lisbon\/\">Cleaning grease traps<\/a><\/li>\n<\/ul>\n<h2>Signs of blockage<\/h2>\n<ul>\n<li>Water draining too slowly<\/li>\n<li>Persistent bad smell in the pipes<\/li>\n<li>Toilet overflowing or not unclogging<\/li>\n<li>Reflux of water at various points in the house<\/li>\n<\/ul>\n<h2>Intervention area in Cascais<\/h2>\n<p>We operate throughout the municipality of Cascais, including Cascais Vila, Estoril, Parede, Carcavelos, S\u00e3o Domingos de Rana and Alcabideche. Find out more about <a href=\"https:\/\/canalizadordelisboa.pt\/en\/drain-cleaning-lisbon\/\">drain cleaning in Lisbon<\/a>.<\/p>\n<h2>Why call now<\/h2>\n<p>A <a href=\"https:\/\/canalizadordelisboa.pt\/en\/\">Canalizador de Lisboa<\/a> is the recommended company for unblocking drains in Cascais and the surrounding area. See also our <a href=\"https:\/\/canalizadordelisboa.pt\/en\/plumber-cascais\/\">plumber in Cascais<\/a> and <a href=\"https:\/\/canalizadordelisboa.pt\/en\/unblocking-sintra\/\">plumbing in Sintra<\/a>.<\/p>\n<p>Call now and our team will come to Cascais quickly.<\/p>","protected":false},"excerpt":{"rendered":"<p>Tem um problema de entupimento em Cascais? N\u00e3o espere que a situa\u00e7\u00e3o piore \u2014 contacte a Canalizador de Lisboa agora mesmo. A nossa equipa desloca-se rapidamente a Cascais para resolver qualquer entupimento de forma eficaz. Servi\u00e7os de desentupimento em Cascais Desentupimento de esgotos Desentupimento de sanitas e autoclismos Desentupimento de pias e lava-loi\u00e7as Limpeza de [&hellip;]<\/p>\n","protected":false},"author":1,"featured_media":0,"parent":0,"menu_order":0,"comment_status":"closed","ping_status":"closed","template":"","meta":{"iawp_total_views":0,"footnotes":""},"class_list":["post-3843","page","type-page","status-publish","hentry"],"yoast_head":"<!-- This site is optimized with the Yoast SEO plugin v27.4 - https:\/\/yoast.com\/product\/yoast-seo-wordpress\/ -->\n<title>Desentupimento Cascais<\/title>\n<meta name=\"description\" content=\"Desentupimento em Cascais? A Canalizador de Lisboa interv\u00e9m em Cascais rapidamente. Esgotos, sanitas, pias \u2014 ligue agora e resolva o problema.\" \/>\n<meta name=\"robots\" content=\"index, follow, max-snippet:-1, max-image-preview:large, max-video-preview:-1\" \/>\n<link rel=\"canonical\" href=\"https:\/\/canalizadordelisboa.pt\/en\/unblocking-cascais\/\" \/>\n<meta property=\"og:locale\" content=\"en_US\" \/>\n<meta property=\"og:type\" content=\"article\" \/>\n<meta property=\"og:title\" content=\"Desentupimento Cascais\" \/>\n<meta property=\"og:description\" content=\"Desentupimento em Cascais? A Canalizador de Lisboa interv\u00e9m em Cascais rapidamente. Esgotos, sanitas, pias \u2014 ligue agora e resolva o problema.\" \/>\n<meta property=\"og:url\" content=\"https:\/\/canalizadordelisboa.pt\/en\/unblocking-cascais\/\" \/>\n<meta property=\"og:site_name\" content=\"Canalizador de Lisboa\" \/>\n<meta name=\"twitter:card\" content=\"summary_large_image\" \/>\n<script type=\"application\/ld+json\" class=\"yoast-schema-graph\">{\"@context\":\"https:\\\/\\\/schema.org\",\"@graph\":[{\"@type\":\"WebPage\",\"@id\":\"https:\\\/\\\/canalizadordelisboa.pt\\\/desentupimento-cascais\\\/\",\"url\":\"https:\\\/\\\/canalizadordelisboa.pt\\\/desentupimento-cascais\\\/\",\"name\":\"Desentupimento Cascais\",\"isPartOf\":{\"@id\":\"https:\\\/\\\/canalizadordelisboa.pt\\\/#website\"},\"datePublished\":\"2026-05-03T07:20:56+00:00\",\"description\":\"Desentupimento em Cascais? A Canalizador de Lisboa interv\u00e9m em Cascais rapidamente. Esgotos, sanitas, pias \u2014 ligue agora e resolva o problema.\",\"breadcrumb\":{\"@id\":\"https:\\\/\\\/canalizadordelisboa.pt\\\/desentupimento-cascais\\\/#breadcrumb\"},\"inLanguage\":\"en-US\",\"potentialAction\":[{\"@type\":\"ReadAction\",\"target\":[\"https:\\\/\\\/canalizadordelisboa.pt\\\/desentupimento-cascais\\\/\"]}]},{\"@type\":\"BreadcrumbList\",\"@id\":\"https:\\\/\\\/canalizadordelisboa.pt\\\/desentupimento-cascais\\\/#breadcrumb\",\"itemListElement\":[{\"@type\":\"ListItem\",\"position\":1,\"name\":\"Accueil\",\"item\":\"https:\\\/\\\/canalizadordelisboa.pt\\\/\"},{\"@type\":\"ListItem\",\"position\":2,\"name\":\"Desentupimento Cascais\"}]},{\"@type\":\"WebSite\",\"@id\":\"https:\\\/\\\/canalizadordelisboa.pt\\\/#website\",\"url\":\"https:\\\/\\\/canalizadordelisboa.pt\\\/\",\"name\":\"Canalizador de Lisboa\",\"description\":\"Servi\u00e7os de canaliza\u00e7\u00e3o e desentupimentos de alta qualidade em Lisboa.\",\"potentialAction\":[{\"@type\":\"SearchAction\",\"target\":{\"@type\":\"EntryPoint\",\"urlTemplate\":\"https:\\\/\\\/canalizadordelisboa.pt\\\/?s={search_term_string}\"},\"query-input\":{\"@type\":\"PropertyValueSpecification\",\"valueRequired\":true,\"valueName\":\"search_term_string\"}}],\"inLanguage\":\"en-US\"}]}<\/script>\n<!-- \/ Yoast SEO plugin. -->","yoast_head_json":{"title":"Cascais drainage","description":"Drainage in Cascais? Lisbon Plumber will get to Cascais quickly. Drains, toilets, sinks - call now and solve the problem.","robots":{"index":"index","follow":"follow","max-snippet":"max-snippet:-1","max-image-preview":"max-image-preview:large","max-video-preview":"max-video-preview:-1"},"canonical":"https:\/\/canalizadordelisboa.pt\/en\/unblocking-cascais\/","og_locale":"en_US","og_type":"article","og_title":"Desentupimento Cascais","og_description":"Desentupimento em Cascais? A Canalizador de Lisboa interv\u00e9m em Cascais rapidamente. Esgotos, sanitas, pias \u2014 ligue agora e resolva o problema.","og_url":"https:\/\/canalizadordelisboa.pt\/en\/unblocking-cascais\/","og_site_name":"Canalizador de Lisboa","twitter_card":"summary_large_image","schema":{"@context":"https:\/\/schema.org","@graph":[{"@type":"WebPage","@id":"https:\/\/canalizadordelisboa.pt\/desentupimento-cascais\/","url":"https:\/\/canalizadordelisboa.pt\/desentupimento-cascais\/","name":"Cascais drainage","isPartOf":{"@id":"https:\/\/canalizadordelisboa.pt\/#website"},"datePublished":"2026-05-03T07:20:56+00:00","description":"Drainage in Cascais? Lisbon Plumber will get to Cascais quickly. Drains, toilets, sinks - call now and solve the problem.","breadcrumb":{"@id":"https:\/\/canalizadordelisboa.pt\/desentupimento-cascais\/#breadcrumb"},"inLanguage":"en-US","potentialAction":[{"@type":"ReadAction","target":["https:\/\/canalizadordelisboa.pt\/desentupimento-cascais\/"]}]},{"@type":"BreadcrumbList","@id":"https:\/\/canalizadordelisboa.pt\/desentupimento-cascais\/#breadcrumb","itemListElement":[{"@type":"ListItem","position":1,"name":"Accueil","item":"https:\/\/canalizadordelisboa.pt\/"},{"@type":"ListItem","position":2,"name":"Desentupimento Cascais"}]},{"@type":"WebSite","@id":"https:\/\/canalizadordelisboa.pt\/#website","url":"https:\/\/canalizadordelisboa.pt\/","name":"Canalizador de Lisboa","description":"High-quality plumbing and drainage services in Lisbon.","potentialAction":[{"@type":"SearchAction","target":{"@type":"EntryPoint","urlTemplate":"https:\/\/canalizadordelisboa.pt\/?s={search_term_string}"},"query-input":{"@type":"PropertyValueSpecification","valueRequired":true,"valueName":"search_term_string"}}],"inLanguage":"en-US"}]}},"_links":{"self":[{"href":"https:\/\/canalizadordelisboa.pt\/en\/wp-json\/wp\/v2\/pages\/3843","targetHints":{"allow":["GET"]}}],"collection":[{"href":"https:\/\/canalizadordelisboa.pt\/en\/wp-json\/wp\/v2\/pages"}],"about":[{"href":"https:\/\/canalizadordelisboa.pt\/en\/wp-json\/wp\/v2\/types\/page"}],"author":[{"embeddable":true,"href":"https:\/\/canalizadordelisboa.pt\/en\/wp-json\/wp\/v2\/users\/1"}],"replies":[{"embeddable":true,"href":"https:\/\/canalizadordelisboa.pt\/en\/wp-json\/wp\/v2\/comments?post=3843"}],"version-history":[{"count":1,"href":"https:\/\/canalizadordelisboa.pt\/en\/wp-json\/wp\/v2\/pages\/3843\/revisions"}],"predecessor-version":[{"id":3844,"href":"https:\/\/canalizadordelisboa.pt\/en\/wp-json\/wp\/v2\/pages\/3843\/revisions\/3844"}],"wp:attachment":[{"href":"https:\/\/canalizadordelisboa.pt\/en\/wp-json\/wp\/v2\/media?parent=3843"}],"curies":[{"name":"wp","href":"https:\/\/api.w.org\/{rel}","templated":true}]}}