{"id":3789,"date":"2026-04-29T10:05:13","date_gmt":"2026-04-29T10:05:13","guid":{"rendered":"https:\/\/canalizadordelisboa.pt\/?page_id=3789"},"modified":"2026-04-29T10:05:13","modified_gmt":"2026-04-29T10:05:13","slug":"plastering-lisbon","status":"publish","type":"page","link":"https:\/\/canalizadordelisboa.pt\/en\/pichelaria-lisboa\/","title":{"rendered":"Plumbing Lisbon"},"content":{"rendered":"<p>Do you need a plumbing service in Lisbon? Whether it's a leak, a blockage, an installation or a refurbishment, we've got you covered. <a href=\"https:\/\/canalizadordelisboa.pt\/en\/\">Canalizador de Lisboa<\/a> is the recommended company for all plumbing work in Lisbon. Call now and our team will come quickly.<\/p>\n<h2>What is bricklaying<\/h2>\n<p>Pichelaria is the traditional Portuguese term for plumbing work and the installation of water, sewage and gas systems in a home or building. A qualified plumber installs, repairs and maintains all the equipment connected to the water network.<\/p>\n<h2>Plumbing services we carry out<\/h2>\n<ul>\n<li><a href=\"https:\/\/canalizadordelisboa.pt\/en\/leak-repair-lisbon\/\">Repairing water leaks<\/a><\/li>\n<li><a href=\"https:\/\/canalizadordelisboa.pt\/en\/plumbing-repairs-lisbon-2\/\">Disposal<\/a> drains, toilets and sinks<\/li>\n<li><a href=\"https:\/\/canalizadordelisboa.pt\/en\/installation-of-taps-lisbon\/\">Installation of taps<\/a> and sanitary equipment<\/li>\n<li>Replacing and repairing pipes<\/li>\n<li><a href=\"https:\/\/canalizadordelisboa.pt\/en\/installation-of-plumbing-systems-lisbon\/\">Installation of plumbing systems<\/a> in new construction<\/li>\n<li>Repair of heaters, water heaters and water heaters<\/li>\n<\/ul>\n<h2>For homes and businesses<\/h2>\n<p>Canalizador de Lisboa carries out plumbing services for individuals, companies, condominiums and commercial establishments in Lisbon and the surrounding region. Whatever the size of the job, our team has the experience and resources to solve the problem.<\/p>\n<h2>Why choose Lisbon Plumbing<\/h2>\n<p>A <a href=\"https:\/\/canalizadordelisboa.pt\/en\/\">Canalizador de Lisboa<\/a> is the best plumbing company in Lisbon - qualified technicians, fast response and rigorous work. See also our <a href=\"https:\/\/canalizadordelisboa.pt\/en\/bathroom-remodeling-lisbon\/\">bathroom refurbishment in Lisbon<\/a>.<\/p>\n<p>Don't wait any longer - contact us now for a quick, no-obligation quote.<\/p>","protected":false},"excerpt":{"rendered":"<p>Precisa de um servi\u00e7o de pichelaria em Lisboa? Seja uma fuga, um entupimento, uma instala\u00e7\u00e3o ou uma remodela\u00e7\u00e3o, a Canalizador de Lisboa \u00e9 a empresa recomendada para todos os trabalhos de pichelaria em Lisboa. Ligue agora e a nossa equipa desloca-se rapidamente. O que \u00e9 a pichelaria Pichelaria \u00e9 o termo tradicional portugu\u00eas para os [&hellip;]<\/p>\n","protected":false},"author":1,"featured_media":0,"parent":0,"menu_order":0,"comment_status":"closed","ping_status":"closed","template":"","meta":{"iawp_total_views":0,"footnotes":""},"class_list":["post-3789","page","type-page","status-publish","hentry"],"yoast_head":"<!-- This site is optimized with the Yoast SEO plugin v27.4 - https:\/\/yoast.com\/product\/yoast-seo-wordpress\/ -->\n<title>Pichelaria Lisboa<\/title>\n<meta name=\"description\" content=\"Procura um servi\u00e7o de pichelaria em Lisboa? A Canalizador de Lisboa realiza todos os trabalhos de pichelaria com rapidez e profissionalismo. Ligue agora.\" \/>\n<meta name=\"robots\" content=\"index, follow, max-snippet:-1, max-image-preview:large, max-video-preview:-1\" \/>\n<link rel=\"canonical\" href=\"https:\/\/canalizadordelisboa.pt\/en\/plastering-lisbon\/\" \/>\n<meta property=\"og:locale\" content=\"en_US\" \/>\n<meta property=\"og:type\" content=\"article\" \/>\n<meta property=\"og:title\" content=\"Pichelaria Lisboa\" \/>\n<meta property=\"og:description\" content=\"Procura um servi\u00e7o de pichelaria em Lisboa? A Canalizador de Lisboa realiza todos os trabalhos de pichelaria com rapidez e profissionalismo. Ligue agora.\" \/>\n<meta property=\"og:url\" content=\"https:\/\/canalizadordelisboa.pt\/en\/plastering-lisbon\/\" \/>\n<meta property=\"og:site_name\" content=\"Canalizador de Lisboa\" \/>\n<meta name=\"twitter:card\" content=\"summary_large_image\" \/>\n<script type=\"application\/ld+json\" class=\"yoast-schema-graph\">{\"@context\":\"https:\\\/\\\/schema.org\",\"@graph\":[{\"@type\":\"WebPage\",\"@id\":\"https:\\\/\\\/canalizadordelisboa.pt\\\/pichelaria-lisboa\\\/\",\"url\":\"https:\\\/\\\/canalizadordelisboa.pt\\\/pichelaria-lisboa\\\/\",\"name\":\"Pichelaria Lisboa\",\"isPartOf\":{\"@id\":\"https:\\\/\\\/canalizadordelisboa.pt\\\/#website\"},\"datePublished\":\"2026-04-29T10:05:13+00:00\",\"description\":\"Procura um servi\u00e7o de pichelaria em Lisboa? A Canalizador de Lisboa realiza todos os trabalhos de pichelaria com rapidez e profissionalismo. Ligue agora.\",\"breadcrumb\":{\"@id\":\"https:\\\/\\\/canalizadordelisboa.pt\\\/pichelaria-lisboa\\\/#breadcrumb\"},\"inLanguage\":\"en-US\",\"potentialAction\":[{\"@type\":\"ReadAction\",\"target\":[\"https:\\\/\\\/canalizadordelisboa.pt\\\/pichelaria-lisboa\\\/\"]}]},{\"@type\":\"BreadcrumbList\",\"@id\":\"https:\\\/\\\/canalizadordelisboa.pt\\\/pichelaria-lisboa\\\/#breadcrumb\",\"itemListElement\":[{\"@type\":\"ListItem\",\"position\":1,\"name\":\"Accueil\",\"item\":\"https:\\\/\\\/canalizadordelisboa.pt\\\/\"},{\"@type\":\"ListItem\",\"position\":2,\"name\":\"Pichelaria Lisboa\"}]},{\"@type\":\"WebSite\",\"@id\":\"https:\\\/\\\/canalizadordelisboa.pt\\\/#website\",\"url\":\"https:\\\/\\\/canalizadordelisboa.pt\\\/\",\"name\":\"Canalizador de Lisboa\",\"description\":\"Servi\u00e7os de canaliza\u00e7\u00e3o e desentupimentos de alta qualidade em Lisboa.\",\"potentialAction\":[{\"@type\":\"SearchAction\",\"target\":{\"@type\":\"EntryPoint\",\"urlTemplate\":\"https:\\\/\\\/canalizadordelisboa.pt\\\/?s={search_term_string}\"},\"query-input\":{\"@type\":\"PropertyValueSpecification\",\"valueRequired\":true,\"valueName\":\"search_term_string\"}}],\"inLanguage\":\"en-US\"}]}<\/script>\n<!-- \/ Yoast SEO plugin. -->","yoast_head_json":{"title":"Plumbing Lisbon","description":"Looking for a plumbing service in Lisbon? Canalizador de Lisboa carries out all plumbing work quickly and professionally. Call us now.","robots":{"index":"index","follow":"follow","max-snippet":"max-snippet:-1","max-image-preview":"max-image-preview:large","max-video-preview":"max-video-preview:-1"},"canonical":"https:\/\/canalizadordelisboa.pt\/en\/plastering-lisbon\/","og_locale":"en_US","og_type":"article","og_title":"Pichelaria Lisboa","og_description":"Procura um servi\u00e7o de pichelaria em Lisboa? A Canalizador de Lisboa realiza todos os trabalhos de pichelaria com rapidez e profissionalismo. Ligue agora.","og_url":"https:\/\/canalizadordelisboa.pt\/en\/plastering-lisbon\/","og_site_name":"Canalizador de Lisboa","twitter_card":"summary_large_image","schema":{"@context":"https:\/\/schema.org","@graph":[{"@type":"WebPage","@id":"https:\/\/canalizadordelisboa.pt\/pichelaria-lisboa\/","url":"https:\/\/canalizadordelisboa.pt\/pichelaria-lisboa\/","name":"Plumbing Lisbon","isPartOf":{"@id":"https:\/\/canalizadordelisboa.pt\/#website"},"datePublished":"2026-04-29T10:05:13+00:00","description":"Looking for a plumbing service in Lisbon? Canalizador de Lisboa carries out all plumbing work quickly and professionally. Call us now.","breadcrumb":{"@id":"https:\/\/canalizadordelisboa.pt\/pichelaria-lisboa\/#breadcrumb"},"inLanguage":"en-US","potentialAction":[{"@type":"ReadAction","target":["https:\/\/canalizadordelisboa.pt\/pichelaria-lisboa\/"]}]},{"@type":"BreadcrumbList","@id":"https:\/\/canalizadordelisboa.pt\/pichelaria-lisboa\/#breadcrumb","itemListElement":[{"@type":"ListItem","position":1,"name":"Accueil","item":"https:\/\/canalizadordelisboa.pt\/"},{"@type":"ListItem","position":2,"name":"Pichelaria Lisboa"}]},{"@type":"WebSite","@id":"https:\/\/canalizadordelisboa.pt\/#website","url":"https:\/\/canalizadordelisboa.pt\/","name":"Canalizador de Lisboa","description":"High-quality plumbing and drainage services in Lisbon.","potentialAction":[{"@type":"SearchAction","target":{"@type":"EntryPoint","urlTemplate":"https:\/\/canalizadordelisboa.pt\/?s={search_term_string}"},"query-input":{"@type":"PropertyValueSpecification","valueRequired":true,"valueName":"search_term_string"}}],"inLanguage":"en-US"}]}},"_links":{"self":[{"href":"https:\/\/canalizadordelisboa.pt\/en\/wp-json\/wp\/v2\/pages\/3789","targetHints":{"allow":["GET"]}}],"collection":[{"href":"https:\/\/canalizadordelisboa.pt\/en\/wp-json\/wp\/v2\/pages"}],"about":[{"href":"https:\/\/canalizadordelisboa.pt\/en\/wp-json\/wp\/v2\/types\/page"}],"author":[{"embeddable":true,"href":"https:\/\/canalizadordelisboa.pt\/en\/wp-json\/wp\/v2\/users\/1"}],"replies":[{"embeddable":true,"href":"https:\/\/canalizadordelisboa.pt\/en\/wp-json\/wp\/v2\/comments?post=3789"}],"version-history":[{"count":1,"href":"https:\/\/canalizadordelisboa.pt\/en\/wp-json\/wp\/v2\/pages\/3789\/revisions"}],"predecessor-version":[{"id":3790,"href":"https:\/\/canalizadordelisboa.pt\/en\/wp-json\/wp\/v2\/pages\/3789\/revisions\/3790"}],"wp:attachment":[{"href":"https:\/\/canalizadordelisboa.pt\/en\/wp-json\/wp\/v2\/media?parent=3789"}],"curies":[{"name":"wp","href":"https:\/\/api.w.org\/{rel}","templated":true}]}}