{"id":3778,"date":"2026-04-28T10:47:49","date_gmt":"2026-04-28T10:47:49","guid":{"rendered":"https:\/\/canalizadordelisboa.pt\/?page_id=3778"},"modified":"2026-04-28T10:47:49","modified_gmt":"2026-04-28T10:47:49","slug":"sanitary-installation-lisbon","status":"publish","type":"page","link":"https:\/\/canalizadordelisboa.pt\/en\/instalacao-sanitaria-lisboa\/","title":{"rendered":"Sanitary Installation Lisbon"},"content":{"rendered":"<p>Do you have a sanitary installation project in Lisbon and don't know who to call? Contact <a href=\"https:\/\/canalizadordelisboa.pt\/en\/\">Canalizador de Lisboa<\/a> and we'll send a qualified technician to your home as soon as possible to assess the situation and carry out the installation. Don't waste time - call now.<\/p>\n<h2>What is a sanitary installation?<\/h2>\n<p>A sanitary installation covers all the equipment connected to the water and sewage network in a bathroom or kitchen: toilets, washbasins, shower trays, bathtubs, sinks and their plumbing connections. A well-done installation prevents leaks, damp and future problems.<\/p>\n<h2>When you need sanitary installation<\/h2>\n<ul>\n<li>Bathroom remodeling or renovation<\/li>\n<li>Replacement of old or damaged equipment<\/li>\n<li>Installation after construction work<\/li>\n<li><a href=\"https:\/\/canalizadordelisboa.pt\/en\/toilet-installation-lisbon\/\">Installing a new toilet<\/a> or sink<\/li>\n<li>Installation of shower tray or <a href=\"https:\/\/canalizadordelisboa.pt\/en\/bathtub-installation-lisbon\/\">new bathtub<\/a><\/li>\n<\/ul>\n<h2>What the service includes<\/h2>\n<ul>\n<li>On-site technical assessment<\/li>\n<li>Connection to hot and cold water and sewage systems<\/li>\n<li>Assembly and fixing of sanitary equipment<\/li>\n<li>Sealing and finishing with silicone<\/li>\n<li>Function test and tightness check<\/li>\n<\/ul>\n<h2>Why choose Lisbon Plumbing<\/h2>\n<p>A <a href=\"https:\/\/canalizadordelisboa.pt\/en\/\">Canalizador de Lisboa<\/a> is the recommended company for bathroom installations in Lisbon. Our technicians work rigorously, respond quickly and leave everything clean and working. See also our <a href=\"https:\/\/canalizadordelisboa.pt\/en\/bathroom-remodeling-lisbon\/\">bathroom refurbishment in Lisbon<\/a>.<\/p>\n<p>Don't wait any longer - contact us now and get your sanitary installation sorted quickly.<\/p>","protected":false},"excerpt":{"rendered":"<p>Tem um projeto de instala\u00e7\u00e3o sanit\u00e1ria em Lisboa e n\u00e3o sabe a quem ligar? Contacte j\u00e1 a Canalizador de Lisboa e enviamos um t\u00e9cnico qualificado \u00e0 sua casa o mais rapidamente poss\u00edvel para avaliar a situa\u00e7\u00e3o e realizar a instala\u00e7\u00e3o. N\u00e3o perca tempo \u2014 ligue agora. O que \u00e9 uma instala\u00e7\u00e3o sanit\u00e1ria Uma instala\u00e7\u00e3o sanit\u00e1ria [&hellip;]<\/p>\n","protected":false},"author":1,"featured_media":0,"parent":0,"menu_order":0,"comment_status":"closed","ping_status":"closed","template":"","meta":{"iawp_total_views":0,"footnotes":""},"class_list":["post-3778","page","type-page","status-publish","hentry"],"yoast_head":"<!-- This site is optimized with the Yoast SEO plugin v27.4 - https:\/\/yoast.com\/product\/yoast-seo-wordpress\/ -->\n<title>Instala\u00e7\u00e3o Sanit\u00e1ria Lisboa<\/title>\n<meta name=\"description\" content=\"Instala\u00e7\u00e3o sanit\u00e1ria em Lisboa? A Canalizador de Lisboa instala sanitas, lavat\u00f3rios e bases de duche com rapidez. Ligue agora e resolva o problema.\" \/>\n<meta name=\"robots\" content=\"index, follow, max-snippet:-1, max-image-preview:large, max-video-preview:-1\" \/>\n<link rel=\"canonical\" href=\"https:\/\/canalizadordelisboa.pt\/en\/sanitary-installation-lisbon\/\" \/>\n<meta property=\"og:locale\" content=\"en_US\" \/>\n<meta property=\"og:type\" content=\"article\" \/>\n<meta property=\"og:title\" content=\"Instala\u00e7\u00e3o Sanit\u00e1ria Lisboa\" \/>\n<meta property=\"og:description\" content=\"Instala\u00e7\u00e3o sanit\u00e1ria em Lisboa? A Canalizador de Lisboa instala sanitas, lavat\u00f3rios e bases de duche com rapidez. Ligue agora e resolva o problema.\" \/>\n<meta property=\"og:url\" content=\"https:\/\/canalizadordelisboa.pt\/en\/sanitary-installation-lisbon\/\" \/>\n<meta property=\"og:site_name\" content=\"Canalizador de Lisboa\" \/>\n<meta name=\"twitter:card\" content=\"summary_large_image\" \/>\n<script type=\"application\/ld+json\" class=\"yoast-schema-graph\">{\"@context\":\"https:\\\/\\\/schema.org\",\"@graph\":[{\"@type\":\"WebPage\",\"@id\":\"https:\\\/\\\/canalizadordelisboa.pt\\\/instalacao-sanitaria-lisboa\\\/\",\"url\":\"https:\\\/\\\/canalizadordelisboa.pt\\\/instalacao-sanitaria-lisboa\\\/\",\"name\":\"Instala\u00e7\u00e3o Sanit\u00e1ria Lisboa\",\"isPartOf\":{\"@id\":\"https:\\\/\\\/canalizadordelisboa.pt\\\/#website\"},\"datePublished\":\"2026-04-28T10:47:49+00:00\",\"description\":\"Instala\u00e7\u00e3o sanit\u00e1ria em Lisboa? A Canalizador de Lisboa instala sanitas, lavat\u00f3rios e bases de duche com rapidez. Ligue agora e resolva o problema.\",\"breadcrumb\":{\"@id\":\"https:\\\/\\\/canalizadordelisboa.pt\\\/instalacao-sanitaria-lisboa\\\/#breadcrumb\"},\"inLanguage\":\"en-US\",\"potentialAction\":[{\"@type\":\"ReadAction\",\"target\":[\"https:\\\/\\\/canalizadordelisboa.pt\\\/instalacao-sanitaria-lisboa\\\/\"]}]},{\"@type\":\"BreadcrumbList\",\"@id\":\"https:\\\/\\\/canalizadordelisboa.pt\\\/instalacao-sanitaria-lisboa\\\/#breadcrumb\",\"itemListElement\":[{\"@type\":\"ListItem\",\"position\":1,\"name\":\"Accueil\",\"item\":\"https:\\\/\\\/canalizadordelisboa.pt\\\/\"},{\"@type\":\"ListItem\",\"position\":2,\"name\":\"Instala\u00e7\u00e3o Sanit\u00e1ria Lisboa\"}]},{\"@type\":\"WebSite\",\"@id\":\"https:\\\/\\\/canalizadordelisboa.pt\\\/#website\",\"url\":\"https:\\\/\\\/canalizadordelisboa.pt\\\/\",\"name\":\"Canalizador de Lisboa\",\"description\":\"Servi\u00e7os de canaliza\u00e7\u00e3o e desentupimentos de alta qualidade em Lisboa.\",\"potentialAction\":[{\"@type\":\"SearchAction\",\"target\":{\"@type\":\"EntryPoint\",\"urlTemplate\":\"https:\\\/\\\/canalizadordelisboa.pt\\\/?s={search_term_string}\"},\"query-input\":{\"@type\":\"PropertyValueSpecification\",\"valueRequired\":true,\"valueName\":\"search_term_string\"}}],\"inLanguage\":\"en-US\"}]}<\/script>\n<!-- \/ Yoast SEO plugin. -->","yoast_head_json":{"title":"Sanitary Installation Lisbon","description":"Toilet installation in Lisbon? Lisbon Plumber installs toilets, washbasins and shower trays quickly. Call now and solve the problem.","robots":{"index":"index","follow":"follow","max-snippet":"max-snippet:-1","max-image-preview":"max-image-preview:large","max-video-preview":"max-video-preview:-1"},"canonical":"https:\/\/canalizadordelisboa.pt\/en\/sanitary-installation-lisbon\/","og_locale":"en_US","og_type":"article","og_title":"Instala\u00e7\u00e3o Sanit\u00e1ria Lisboa","og_description":"Instala\u00e7\u00e3o sanit\u00e1ria em Lisboa? A Canalizador de Lisboa instala sanitas, lavat\u00f3rios e bases de duche com rapidez. Ligue agora e resolva o problema.","og_url":"https:\/\/canalizadordelisboa.pt\/en\/sanitary-installation-lisbon\/","og_site_name":"Canalizador de Lisboa","twitter_card":"summary_large_image","schema":{"@context":"https:\/\/schema.org","@graph":[{"@type":"WebPage","@id":"https:\/\/canalizadordelisboa.pt\/instalacao-sanitaria-lisboa\/","url":"https:\/\/canalizadordelisboa.pt\/instalacao-sanitaria-lisboa\/","name":"Sanitary Installation Lisbon","isPartOf":{"@id":"https:\/\/canalizadordelisboa.pt\/#website"},"datePublished":"2026-04-28T10:47:49+00:00","description":"Toilet installation in Lisbon? Lisbon Plumber installs toilets, washbasins and shower trays quickly. Call now and solve the problem.","breadcrumb":{"@id":"https:\/\/canalizadordelisboa.pt\/instalacao-sanitaria-lisboa\/#breadcrumb"},"inLanguage":"en-US","potentialAction":[{"@type":"ReadAction","target":["https:\/\/canalizadordelisboa.pt\/instalacao-sanitaria-lisboa\/"]}]},{"@type":"BreadcrumbList","@id":"https:\/\/canalizadordelisboa.pt\/instalacao-sanitaria-lisboa\/#breadcrumb","itemListElement":[{"@type":"ListItem","position":1,"name":"Accueil","item":"https:\/\/canalizadordelisboa.pt\/"},{"@type":"ListItem","position":2,"name":"Instala\u00e7\u00e3o Sanit\u00e1ria Lisboa"}]},{"@type":"WebSite","@id":"https:\/\/canalizadordelisboa.pt\/#website","url":"https:\/\/canalizadordelisboa.pt\/","name":"Canalizador de Lisboa","description":"High-quality plumbing and drainage services in Lisbon.","potentialAction":[{"@type":"SearchAction","target":{"@type":"EntryPoint","urlTemplate":"https:\/\/canalizadordelisboa.pt\/?s={search_term_string}"},"query-input":{"@type":"PropertyValueSpecification","valueRequired":true,"valueName":"search_term_string"}}],"inLanguage":"en-US"}]}},"_links":{"self":[{"href":"https:\/\/canalizadordelisboa.pt\/en\/wp-json\/wp\/v2\/pages\/3778","targetHints":{"allow":["GET"]}}],"collection":[{"href":"https:\/\/canalizadordelisboa.pt\/en\/wp-json\/wp\/v2\/pages"}],"about":[{"href":"https:\/\/canalizadordelisboa.pt\/en\/wp-json\/wp\/v2\/types\/page"}],"author":[{"embeddable":true,"href":"https:\/\/canalizadordelisboa.pt\/en\/wp-json\/wp\/v2\/users\/1"}],"replies":[{"embeddable":true,"href":"https:\/\/canalizadordelisboa.pt\/en\/wp-json\/wp\/v2\/comments?post=3778"}],"version-history":[{"count":1,"href":"https:\/\/canalizadordelisboa.pt\/en\/wp-json\/wp\/v2\/pages\/3778\/revisions"}],"predecessor-version":[{"id":3779,"href":"https:\/\/canalizadordelisboa.pt\/en\/wp-json\/wp\/v2\/pages\/3778\/revisions\/3779"}],"wp:attachment":[{"href":"https:\/\/canalizadordelisboa.pt\/en\/wp-json\/wp\/v2\/media?parent=3778"}],"curies":[{"name":"wp","href":"https:\/\/api.w.org\/{rel}","templated":true}]}}