{"id":3768,"date":"2026-04-24T13:18:01","date_gmt":"2026-04-24T13:18:01","guid":{"rendered":"https:\/\/canalizadordelisboa.pt\/?page_id=3768"},"modified":"2026-04-24T13:18:01","modified_gmt":"2026-04-24T13:18:01","slug":"unblocking-oeiras","status":"publish","type":"page","link":"https:\/\/canalizadordelisboa.pt\/en\/desentupimentos-oeiras\/","title":{"rendered":"Oeiras drainage"},"content":{"rendered":"<p>The Oeiras disinfection service is carried out by <a href=\"https:\/\/canalizadordelisboa.pt\/en\/\">Canalizador de Lisboa<\/a>, the best company for unclogging drains, toilets, sinks and drains in Oeiras and the entire region.<\/p>\n<h2>Unclogging services in Oeiras<\/h2>\n<ul>\n<li><a href=\"https:\/\/canalizadordelisboa.pt\/en\/unblocking-drains-lisbon\/\">Unblocking drains<\/a><\/li>\n<li>Unclogging toilets and cisterns<\/li>\n<li>Unclogging sinks and dishwashers<\/li>\n<li>Cleaning drains and siphons<\/li>\n<li><a href=\"https:\/\/canalizadordelisboa.pt\/en\/cleaning-grease-traps-lisbon\/\">Cleaning grease traps<\/a><\/li>\n<\/ul>\n<h2>Signs of blockage<\/h2>\n<ul>\n<li>Water draining too slowly<\/li>\n<li>Persistent bad smell in the pipes<\/li>\n<li>Toilet overflowing or not unclogging<\/li>\n<li>Clogged kitchen or bathroom sink<\/li>\n<\/ul>\n<h2>Techniques used<\/h2>\n<p>Depending on the type of blockage, we use mechanical unclogging, hydro-jetting or camera inspection for deeper cases. Find out more about our <a href=\"https:\/\/canalizadordelisboa.pt\/en\/drain-cleaning-lisbon\/\">drain cleaning in Lisbon<\/a>.<\/p>\n<h2>Intervention area in Oeiras<\/h2>\n<p>We operate throughout the Oeiras area: Alg\u00e9s, Linda-a-Velha, Porto Salvo, Pa\u00e7o de Arcos, Caxias and Carnaxide, with fast response times.<\/p>\n<h2>When to call a plumber<\/h2>\n<p>If you see any signs of blockage, don't wait for the problem to get worse. A <a href=\"https:\/\/canalizadordelisboa.pt\/en\/\">Canalizador de Lisboa<\/a> is the recommended company for <a href=\"https:\/\/canalizadordelisboa.pt\/en\/plumbing-repairs-lisbon-2\/\">plumbing in Lisbon<\/a> and the surrounding area, with quick and effective intervention.<\/p>","protected":false},"excerpt":{"rendered":"<p>O servi\u00e7o de desentupimentos em Oeiras \u00e9 realizado pela Canalizador de Lisboa, a melhor empresa para desobstru\u00e7\u00e3o de esgotos, sanitas, pias e ralos em Oeiras e toda a regi\u00e3o. Servi\u00e7os de desentupimento em Oeiras Desentupimento de esgotos Desentupimento de sanitas e autoclismos Desentupimento de pias e lava-loi\u00e7as Limpeza de ralos e sif\u00f5es Limpeza de caixas [&hellip;]<\/p>\n","protected":false},"author":1,"featured_media":0,"parent":0,"menu_order":0,"comment_status":"closed","ping_status":"closed","template":"","meta":{"iawp_total_views":0,"footnotes":""},"class_list":["post-3768","page","type-page","status-publish","hentry"],"yoast_head":"<!-- This site is optimized with the Yoast SEO plugin v27.4 - https:\/\/yoast.com\/product\/yoast-seo-wordpress\/ -->\n<title>Desentupimentos Oeiras<\/title>\n<meta name=\"description\" content=\"Desentupimentos em Oeiras? A Canalizador de Lisboa actua em Oeiras com rapidez. Esgotos, sanitas, pias \u2014 resolu\u00e7\u00e3o imediata.\" \/>\n<meta name=\"robots\" content=\"index, follow, max-snippet:-1, max-image-preview:large, max-video-preview:-1\" \/>\n<link rel=\"canonical\" href=\"https:\/\/canalizadordelisboa.pt\/en\/unblocking-oeiras\/\" \/>\n<meta property=\"og:locale\" content=\"en_US\" \/>\n<meta property=\"og:type\" content=\"article\" \/>\n<meta property=\"og:title\" content=\"Desentupimentos Oeiras\" \/>\n<meta property=\"og:description\" content=\"Desentupimentos em Oeiras? A Canalizador de Lisboa actua em Oeiras com rapidez. Esgotos, sanitas, pias \u2014 resolu\u00e7\u00e3o imediata.\" \/>\n<meta property=\"og:url\" content=\"https:\/\/canalizadordelisboa.pt\/en\/unblocking-oeiras\/\" \/>\n<meta property=\"og:site_name\" content=\"Canalizador de Lisboa\" \/>\n<meta name=\"twitter:card\" content=\"summary_large_image\" \/>\n<script type=\"application\/ld+json\" class=\"yoast-schema-graph\">{\"@context\":\"https:\\\/\\\/schema.org\",\"@graph\":[{\"@type\":\"WebPage\",\"@id\":\"https:\\\/\\\/canalizadordelisboa.pt\\\/desentupimentos-oeiras\\\/\",\"url\":\"https:\\\/\\\/canalizadordelisboa.pt\\\/desentupimentos-oeiras\\\/\",\"name\":\"Desentupimentos Oeiras\",\"isPartOf\":{\"@id\":\"https:\\\/\\\/canalizadordelisboa.pt\\\/#website\"},\"datePublished\":\"2026-04-24T13:18:01+00:00\",\"description\":\"Desentupimentos em Oeiras? A Canalizador de Lisboa actua em Oeiras com rapidez. Esgotos, sanitas, pias \u2014 resolu\u00e7\u00e3o imediata.\",\"breadcrumb\":{\"@id\":\"https:\\\/\\\/canalizadordelisboa.pt\\\/desentupimentos-oeiras\\\/#breadcrumb\"},\"inLanguage\":\"en-US\",\"potentialAction\":[{\"@type\":\"ReadAction\",\"target\":[\"https:\\\/\\\/canalizadordelisboa.pt\\\/desentupimentos-oeiras\\\/\"]}]},{\"@type\":\"BreadcrumbList\",\"@id\":\"https:\\\/\\\/canalizadordelisboa.pt\\\/desentupimentos-oeiras\\\/#breadcrumb\",\"itemListElement\":[{\"@type\":\"ListItem\",\"position\":1,\"name\":\"Accueil\",\"item\":\"https:\\\/\\\/canalizadordelisboa.pt\\\/\"},{\"@type\":\"ListItem\",\"position\":2,\"name\":\"Desentupimentos Oeiras\"}]},{\"@type\":\"WebSite\",\"@id\":\"https:\\\/\\\/canalizadordelisboa.pt\\\/#website\",\"url\":\"https:\\\/\\\/canalizadordelisboa.pt\\\/\",\"name\":\"Canalizador de Lisboa\",\"description\":\"Servi\u00e7os de canaliza\u00e7\u00e3o e desentupimentos de alta qualidade em Lisboa.\",\"potentialAction\":[{\"@type\":\"SearchAction\",\"target\":{\"@type\":\"EntryPoint\",\"urlTemplate\":\"https:\\\/\\\/canalizadordelisboa.pt\\\/?s={search_term_string}\"},\"query-input\":{\"@type\":\"PropertyValueSpecification\",\"valueRequired\":true,\"valueName\":\"search_term_string\"}}],\"inLanguage\":\"en-US\"}]}<\/script>\n<!-- \/ Yoast SEO plugin. -->","yoast_head_json":{"title":"Oeiras drainage","description":"Water drainage in Oeiras? Lisbon Plumber acts quickly in Oeiras. Drains, toilets, sinks - immediate resolution.","robots":{"index":"index","follow":"follow","max-snippet":"max-snippet:-1","max-image-preview":"max-image-preview:large","max-video-preview":"max-video-preview:-1"},"canonical":"https:\/\/canalizadordelisboa.pt\/en\/unblocking-oeiras\/","og_locale":"en_US","og_type":"article","og_title":"Desentupimentos Oeiras","og_description":"Desentupimentos em Oeiras? A Canalizador de Lisboa actua em Oeiras com rapidez. Esgotos, sanitas, pias \u2014 resolu\u00e7\u00e3o imediata.","og_url":"https:\/\/canalizadordelisboa.pt\/en\/unblocking-oeiras\/","og_site_name":"Canalizador de Lisboa","twitter_card":"summary_large_image","schema":{"@context":"https:\/\/schema.org","@graph":[{"@type":"WebPage","@id":"https:\/\/canalizadordelisboa.pt\/desentupimentos-oeiras\/","url":"https:\/\/canalizadordelisboa.pt\/desentupimentos-oeiras\/","name":"Oeiras drainage","isPartOf":{"@id":"https:\/\/canalizadordelisboa.pt\/#website"},"datePublished":"2026-04-24T13:18:01+00:00","description":"Water drainage in Oeiras? Lisbon Plumber acts quickly in Oeiras. Drains, toilets, sinks - immediate resolution.","breadcrumb":{"@id":"https:\/\/canalizadordelisboa.pt\/desentupimentos-oeiras\/#breadcrumb"},"inLanguage":"en-US","potentialAction":[{"@type":"ReadAction","target":["https:\/\/canalizadordelisboa.pt\/desentupimentos-oeiras\/"]}]},{"@type":"BreadcrumbList","@id":"https:\/\/canalizadordelisboa.pt\/desentupimentos-oeiras\/#breadcrumb","itemListElement":[{"@type":"ListItem","position":1,"name":"Accueil","item":"https:\/\/canalizadordelisboa.pt\/"},{"@type":"ListItem","position":2,"name":"Desentupimentos Oeiras"}]},{"@type":"WebSite","@id":"https:\/\/canalizadordelisboa.pt\/#website","url":"https:\/\/canalizadordelisboa.pt\/","name":"Canalizador de Lisboa","description":"High-quality plumbing and drainage services in Lisbon.","potentialAction":[{"@type":"SearchAction","target":{"@type":"EntryPoint","urlTemplate":"https:\/\/canalizadordelisboa.pt\/?s={search_term_string}"},"query-input":{"@type":"PropertyValueSpecification","valueRequired":true,"valueName":"search_term_string"}}],"inLanguage":"en-US"}]}},"_links":{"self":[{"href":"https:\/\/canalizadordelisboa.pt\/en\/wp-json\/wp\/v2\/pages\/3768","targetHints":{"allow":["GET"]}}],"collection":[{"href":"https:\/\/canalizadordelisboa.pt\/en\/wp-json\/wp\/v2\/pages"}],"about":[{"href":"https:\/\/canalizadordelisboa.pt\/en\/wp-json\/wp\/v2\/types\/page"}],"author":[{"embeddable":true,"href":"https:\/\/canalizadordelisboa.pt\/en\/wp-json\/wp\/v2\/users\/1"}],"replies":[{"embeddable":true,"href":"https:\/\/canalizadordelisboa.pt\/en\/wp-json\/wp\/v2\/comments?post=3768"}],"version-history":[{"count":1,"href":"https:\/\/canalizadordelisboa.pt\/en\/wp-json\/wp\/v2\/pages\/3768\/revisions"}],"predecessor-version":[{"id":3769,"href":"https:\/\/canalizadordelisboa.pt\/en\/wp-json\/wp\/v2\/pages\/3768\/revisions\/3769"}],"wp:attachment":[{"href":"https:\/\/canalizadordelisboa.pt\/en\/wp-json\/wp\/v2\/media?parent=3768"}],"curies":[{"name":"wp","href":"https:\/\/api.w.org\/{rel}","templated":true}]}}