{"id":3732,"date":"2026-04-21T10:12:41","date_gmt":"2026-04-21T10:12:41","guid":{"rendered":"https:\/\/canalizadordelisboa.pt\/?page_id=3732"},"modified":"2026-04-21T10:19:25","modified_gmt":"2026-04-21T10:19:25","slug":"bathroom-leaks-lisbon","status":"publish","type":"page","link":"https:\/\/canalizadordelisboa.pt\/en\/infiltracao-casa-de-banho-lisboa\/","title":{"rendered":"Bathroom leaks Lisbon"},"content":{"rendered":"<p>Leakage in the bathroom is a common problem in apartments and houses in Lisbon. It can begin discreetly, but quickly develop into stains, mold, bad smells and even damage to the property or the neighbor's roof.<\/p>\n<p><img fetchpriority=\"high\" decoding=\"async\" src=\"https:\/\/canalizadordelisboa.pt\/wp-content\/uploads\/2026\/04\/Infiltracao-casa-de-banho-Lisboa-225x300.jpg\" alt=\"Bathroom leaks Lisbon\" width=\"225\" height=\"300\" class=\"alignnone size-medium wp-image-3733\" srcset=\"https:\/\/canalizadordelisboa.pt\/wp-content\/uploads\/2026\/04\/Infiltracao-casa-de-banho-Lisboa-225x300.jpg 225w, https:\/\/canalizadordelisboa.pt\/wp-content\/uploads\/2026\/04\/Infiltracao-casa-de-banho-Lisboa-768x1024.jpg 768w, https:\/\/canalizadordelisboa.pt\/wp-content\/uploads\/2026\/04\/Infiltracao-casa-de-banho-Lisboa-9x12.jpg 9w, https:\/\/canalizadordelisboa.pt\/wp-content\/uploads\/2026\/04\/Infiltracao-casa-de-banho-Lisboa.jpg 900w\" sizes=\"(max-width: 225px) 100vw, 225px\" \/><\/p>\n<p>To identify the source and solve the problem once and for all, <a href=\"https:\/\/canalizadordelisboa.pt\/en\/\">the Lisbon plumber company<\/a> is the best solution for detecting leaks and repairing infiltrations.<\/p>\n<h2>Main causes of infiltration<\/h2>\n<ul>\n<li>Leaks in built-in pipes<\/li>\n<li><a href=\"https:\/\/canalizadordelisboa.pt\/en\/silicone-sealing-lisbon\/\">Silicone seal deteriorated<\/a><\/li>\n<li>Problems with the shower tray or bathtub<\/li>\n<li>Drains or <a href=\"https:\/\/canalizadordelisboa.pt\/en\/unblocking-drains-lisbon\/\">clogged drains<\/a><\/li>\n<li>Damaged tile joints<\/li>\n<\/ul>\n<h2>Signs of infiltration<\/h2>\n<ul>\n<li>Moisture stains on the walls or ceiling<\/li>\n<li>Peeling paint<\/li>\n<li>Musty smell<\/li>\n<li>Water appearing on the floor or in other rooms<\/li>\n<\/ul>\n<h2>What to do<\/h2>\n<ul>\n<li>Avoid using the affected area<\/li>\n<li>Identify the origin of water<\/li>\n<li>Don't cover up the problem without solving the cause<\/li>\n<\/ul>\n<h2>When to call a plumber<\/h2>\n<p>If the infiltration persists, if there is a suspicion of a hidden leak or structural damage, it is essential to carry out a technical check.<\/p>\n<p>A <a href=\"https:\/\/canalizadordelisboa.pt\/en\/\">the Lisbon plumber company<\/a> carries out infiltration detection and repair with rapid intervention in Lisbon.<\/p>","protected":false},"excerpt":{"rendered":"<p>A infiltra\u00e7\u00e3o na casa de banho \u00e9 um problema comum em apartamentos e moradias em Lisboa. Pode come\u00e7ar de forma discreta, mas rapidamente evolui para manchas, bolor, mau cheiro e at\u00e9 danos no im\u00f3vel ou no teto do vizinho. Para identificar a origem e resolver o problema de forma definitiva, a empresa Canalizador de Lisboa [&hellip;]<\/p>\n","protected":false},"author":1,"featured_media":3733,"parent":0,"menu_order":0,"comment_status":"closed","ping_status":"closed","template":"","meta":{"iawp_total_views":0,"footnotes":""},"class_list":["post-3732","page","type-page","status-publish","has-post-thumbnail","hentry"],"yoast_head":"<!-- This site is optimized with the Yoast SEO plugin v27.4 - https:\/\/yoast.com\/product\/yoast-seo-wordpress\/ -->\n<title>Infiltra\u00e7\u00e3o casa de banho Lisboa<\/title>\n<meta name=\"description\" content=\"Infiltra\u00e7\u00e3o na casa de banho em Lisboa? Saiba causas, sinais e como resolver fugas de \u00e1gua e humidade rapidamente.\" \/>\n<meta name=\"robots\" content=\"index, follow, max-snippet:-1, max-image-preview:large, max-video-preview:-1\" \/>\n<link rel=\"canonical\" href=\"https:\/\/canalizadordelisboa.pt\/en\/bathroom-leaks-lisbon\/\" \/>\n<meta property=\"og:locale\" content=\"en_US\" \/>\n<meta property=\"og:type\" content=\"article\" \/>\n<meta property=\"og:title\" content=\"Infiltra\u00e7\u00e3o casa de banho Lisboa\" \/>\n<meta property=\"og:description\" content=\"Infiltra\u00e7\u00e3o na casa de banho em Lisboa? Saiba causas, sinais e como resolver fugas de \u00e1gua e humidade rapidamente.\" \/>\n<meta property=\"og:url\" content=\"https:\/\/canalizadordelisboa.pt\/en\/bathroom-leaks-lisbon\/\" \/>\n<meta property=\"og:site_name\" content=\"Canalizador de Lisboa\" \/>\n<meta property=\"article:modified_time\" content=\"2026-04-21T10:19:25+00:00\" \/>\n<meta property=\"og:image\" content=\"https:\/\/canalizadordelisboa.pt\/wp-content\/uploads\/2026\/04\/Infiltracao-casa-de-banho-Lisboa.jpg\" \/>\n\t<meta property=\"og:image:width\" content=\"900\" \/>\n\t<meta property=\"og:image:height\" content=\"1200\" \/>\n\t<meta property=\"og:image:type\" content=\"image\/jpeg\" \/>\n<meta name=\"twitter:card\" content=\"summary_large_image\" \/>\n<meta name=\"twitter:label1\" content=\"Est. reading time\" \/>\n\t<meta name=\"twitter:data1\" content=\"2 minutes\" \/>\n<script type=\"application\/ld+json\" class=\"yoast-schema-graph\">{\"@context\":\"https:\\\/\\\/schema.org\",\"@graph\":[{\"@type\":\"WebPage\",\"@id\":\"https:\\\/\\\/canalizadordelisboa.pt\\\/infiltracao-casa-de-banho-lisboa\\\/\",\"url\":\"https:\\\/\\\/canalizadordelisboa.pt\\\/infiltracao-casa-de-banho-lisboa\\\/\",\"name\":\"Infiltra\u00e7\u00e3o casa de banho Lisboa\",\"isPartOf\":{\"@id\":\"https:\\\/\\\/canalizadordelisboa.pt\\\/#website\"},\"primaryImageOfPage\":{\"@id\":\"https:\\\/\\\/canalizadordelisboa.pt\\\/infiltracao-casa-de-banho-lisboa\\\/#primaryimage\"},\"image\":{\"@id\":\"https:\\\/\\\/canalizadordelisboa.pt\\\/infiltracao-casa-de-banho-lisboa\\\/#primaryimage\"},\"thumbnailUrl\":\"https:\\\/\\\/canalizadordelisboa.pt\\\/wp-content\\\/uploads\\\/2026\\\/04\\\/Infiltracao-casa-de-banho-Lisboa.jpg\",\"datePublished\":\"2026-04-21T10:12:41+00:00\",\"dateModified\":\"2026-04-21T10:19:25+00:00\",\"description\":\"Infiltra\u00e7\u00e3o na casa de banho em Lisboa? Saiba causas, sinais e como resolver fugas de \u00e1gua e humidade rapidamente.\",\"breadcrumb\":{\"@id\":\"https:\\\/\\\/canalizadordelisboa.pt\\\/infiltracao-casa-de-banho-lisboa\\\/#breadcrumb\"},\"inLanguage\":\"en-US\",\"potentialAction\":[{\"@type\":\"ReadAction\",\"target\":[\"https:\\\/\\\/canalizadordelisboa.pt\\\/infiltracao-casa-de-banho-lisboa\\\/\"]}]},{\"@type\":\"ImageObject\",\"inLanguage\":\"en-US\",\"@id\":\"https:\\\/\\\/canalizadordelisboa.pt\\\/infiltracao-casa-de-banho-lisboa\\\/#primaryimage\",\"url\":\"https:\\\/\\\/canalizadordelisboa.pt\\\/wp-content\\\/uploads\\\/2026\\\/04\\\/Infiltracao-casa-de-banho-Lisboa.jpg\",\"contentUrl\":\"https:\\\/\\\/canalizadordelisboa.pt\\\/wp-content\\\/uploads\\\/2026\\\/04\\\/Infiltracao-casa-de-banho-Lisboa.jpg\",\"width\":900,\"height\":1200,\"caption\":\"Infiltrac\u0327a\u0303o casa de banho Lisboa\"},{\"@type\":\"BreadcrumbList\",\"@id\":\"https:\\\/\\\/canalizadordelisboa.pt\\\/infiltracao-casa-de-banho-lisboa\\\/#breadcrumb\",\"itemListElement\":[{\"@type\":\"ListItem\",\"position\":1,\"name\":\"Accueil\",\"item\":\"https:\\\/\\\/canalizadordelisboa.pt\\\/\"},{\"@type\":\"ListItem\",\"position\":2,\"name\":\"Infiltra\u00e7\u00e3o casa de banho Lisboa\"}]},{\"@type\":\"WebSite\",\"@id\":\"https:\\\/\\\/canalizadordelisboa.pt\\\/#website\",\"url\":\"https:\\\/\\\/canalizadordelisboa.pt\\\/\",\"name\":\"Canalizador de Lisboa\",\"description\":\"Servi\u00e7os de canaliza\u00e7\u00e3o e desentupimentos de alta qualidade em Lisboa.\",\"potentialAction\":[{\"@type\":\"SearchAction\",\"target\":{\"@type\":\"EntryPoint\",\"urlTemplate\":\"https:\\\/\\\/canalizadordelisboa.pt\\\/?s={search_term_string}\"},\"query-input\":{\"@type\":\"PropertyValueSpecification\",\"valueRequired\":true,\"valueName\":\"search_term_string\"}}],\"inLanguage\":\"en-US\"}]}<\/script>\n<!-- \/ Yoast SEO plugin. -->","yoast_head_json":{"title":"Bathroom leaks Lisbon","description":"Bathroom leaks in Lisbon? Find out the causes, signs and how to solve water leaks and damp quickly.","robots":{"index":"index","follow":"follow","max-snippet":"max-snippet:-1","max-image-preview":"max-image-preview:large","max-video-preview":"max-video-preview:-1"},"canonical":"https:\/\/canalizadordelisboa.pt\/en\/bathroom-leaks-lisbon\/","og_locale":"en_US","og_type":"article","og_title":"Infiltra\u00e7\u00e3o casa de banho Lisboa","og_description":"Infiltra\u00e7\u00e3o na casa de banho em Lisboa? Saiba causas, sinais e como resolver fugas de \u00e1gua e humidade rapidamente.","og_url":"https:\/\/canalizadordelisboa.pt\/en\/bathroom-leaks-lisbon\/","og_site_name":"Canalizador de Lisboa","article_modified_time":"2026-04-21T10:19:25+00:00","og_image":[{"width":900,"height":1200,"url":"https:\/\/canalizadordelisboa.pt\/wp-content\/uploads\/2026\/04\/Infiltracao-casa-de-banho-Lisboa.jpg","type":"image\/jpeg"}],"twitter_card":"summary_large_image","twitter_misc":{"Est. reading time":"2 minutes"},"schema":{"@context":"https:\/\/schema.org","@graph":[{"@type":"WebPage","@id":"https:\/\/canalizadordelisboa.pt\/infiltracao-casa-de-banho-lisboa\/","url":"https:\/\/canalizadordelisboa.pt\/infiltracao-casa-de-banho-lisboa\/","name":"Bathroom leaks Lisbon","isPartOf":{"@id":"https:\/\/canalizadordelisboa.pt\/#website"},"primaryImageOfPage":{"@id":"https:\/\/canalizadordelisboa.pt\/infiltracao-casa-de-banho-lisboa\/#primaryimage"},"image":{"@id":"https:\/\/canalizadordelisboa.pt\/infiltracao-casa-de-banho-lisboa\/#primaryimage"},"thumbnailUrl":"https:\/\/canalizadordelisboa.pt\/wp-content\/uploads\/2026\/04\/Infiltracao-casa-de-banho-Lisboa.jpg","datePublished":"2026-04-21T10:12:41+00:00","dateModified":"2026-04-21T10:19:25+00:00","description":"Bathroom leaks in Lisbon? Find out the causes, signs and how to solve water leaks and damp quickly.","breadcrumb":{"@id":"https:\/\/canalizadordelisboa.pt\/infiltracao-casa-de-banho-lisboa\/#breadcrumb"},"inLanguage":"en-US","potentialAction":[{"@type":"ReadAction","target":["https:\/\/canalizadordelisboa.pt\/infiltracao-casa-de-banho-lisboa\/"]}]},{"@type":"ImageObject","inLanguage":"en-US","@id":"https:\/\/canalizadordelisboa.pt\/infiltracao-casa-de-banho-lisboa\/#primaryimage","url":"https:\/\/canalizadordelisboa.pt\/wp-content\/uploads\/2026\/04\/Infiltracao-casa-de-banho-Lisboa.jpg","contentUrl":"https:\/\/canalizadordelisboa.pt\/wp-content\/uploads\/2026\/04\/Infiltracao-casa-de-banho-Lisboa.jpg","width":900,"height":1200,"caption":"Infiltrac\u0327a\u0303o casa de banho Lisboa"},{"@type":"BreadcrumbList","@id":"https:\/\/canalizadordelisboa.pt\/infiltracao-casa-de-banho-lisboa\/#breadcrumb","itemListElement":[{"@type":"ListItem","position":1,"name":"Accueil","item":"https:\/\/canalizadordelisboa.pt\/"},{"@type":"ListItem","position":2,"name":"Infiltra\u00e7\u00e3o casa de banho Lisboa"}]},{"@type":"WebSite","@id":"https:\/\/canalizadordelisboa.pt\/#website","url":"https:\/\/canalizadordelisboa.pt\/","name":"Canalizador de Lisboa","description":"High-quality plumbing and drainage services in Lisbon.","potentialAction":[{"@type":"SearchAction","target":{"@type":"EntryPoint","urlTemplate":"https:\/\/canalizadordelisboa.pt\/?s={search_term_string}"},"query-input":{"@type":"PropertyValueSpecification","valueRequired":true,"valueName":"search_term_string"}}],"inLanguage":"en-US"}]}},"_links":{"self":[{"href":"https:\/\/canalizadordelisboa.pt\/en\/wp-json\/wp\/v2\/pages\/3732","targetHints":{"allow":["GET"]}}],"collection":[{"href":"https:\/\/canalizadordelisboa.pt\/en\/wp-json\/wp\/v2\/pages"}],"about":[{"href":"https:\/\/canalizadordelisboa.pt\/en\/wp-json\/wp\/v2\/types\/page"}],"author":[{"embeddable":true,"href":"https:\/\/canalizadordelisboa.pt\/en\/wp-json\/wp\/v2\/users\/1"}],"replies":[{"embeddable":true,"href":"https:\/\/canalizadordelisboa.pt\/en\/wp-json\/wp\/v2\/comments?post=3732"}],"version-history":[{"count":1,"href":"https:\/\/canalizadordelisboa.pt\/en\/wp-json\/wp\/v2\/pages\/3732\/revisions"}],"predecessor-version":[{"id":3734,"href":"https:\/\/canalizadordelisboa.pt\/en\/wp-json\/wp\/v2\/pages\/3732\/revisions\/3734"}],"wp:featuredmedia":[{"embeddable":true,"href":"https:\/\/canalizadordelisboa.pt\/en\/wp-json\/wp\/v2\/media\/3733"}],"wp:attachment":[{"href":"https:\/\/canalizadordelisboa.pt\/en\/wp-json\/wp\/v2\/media?parent=3732"}],"curies":[{"name":"wp","href":"https:\/\/api.w.org\/{rel}","templated":true}]}}