{"id":3718,"date":"2026-04-17T07:38:26","date_gmt":"2026-04-17T07:38:26","guid":{"rendered":"https:\/\/canalizadordelisboa.pt\/?page_id=3718"},"modified":"2026-04-17T07:38:26","modified_gmt":"2026-04-17T07:38:26","slug":"radiator-removal-lisbon","status":"publish","type":"page","link":"https:\/\/canalizadordelisboa.pt\/en\/remocao-de-radiadores-lisboa\/","title":{"rendered":"Removing radiators Lisbon"},"content":{"rendered":"<p>Removing radiators is a common service during renovations or when the heating system is no longer in use. To avoid <a href=\"https:\/\/canalizadordelisboa.pt\/en\/leak-detection-lisbon\/\">water leaks<\/a> and plumbing problems, it is important that the process is done correctly.<\/p>\n<p><img fetchpriority=\"high\" decoding=\"async\" src=\"https:\/\/canalizadordelisboa.pt\/wp-content\/uploads\/2026\/04\/Remocao-de-Radiadores-225x300.jpeg\" alt=\"Radiator Removal\" width=\"225\" height=\"300\" class=\"alignnone size-medium wp-image-3719\" srcset=\"https:\/\/canalizadordelisboa.pt\/wp-content\/uploads\/2026\/04\/Remocao-de-Radiadores-225x300.jpeg 225w, https:\/\/canalizadordelisboa.pt\/wp-content\/uploads\/2026\/04\/Remocao-de-Radiadores-768x1024.jpeg 768w, https:\/\/canalizadordelisboa.pt\/wp-content\/uploads\/2026\/04\/Remocao-de-Radiadores-1152x1536.jpeg 1152w, https:\/\/canalizadordelisboa.pt\/wp-content\/uploads\/2026\/04\/Remocao-de-Radiadores-9x12.jpeg 9w, https:\/\/canalizadordelisboa.pt\/wp-content\/uploads\/2026\/04\/Remocao-de-Radiadores.jpeg 1200w\" sizes=\"(max-width: 225px) 100vw, 225px\" \/><\/p>\n<p>For safe, damage-free intervention, <a href=\"https:\/\/canalizadordelisboa.pt\/en\/\">the Lisbon plumber company<\/a> carries out radiator removal in apartments and houses in Lisbon.<\/p>\n<h2>When to remove a radiator<\/h2>\n<ul>\n<li>Renovating the house<\/li>\n<li>Changing the heating system<\/li>\n<li>Damaged or leaking radiator<\/li>\n<li>Switching off central heating<\/li>\n<\/ul>\n<h2>How removal is carried out<\/h2>\n<ul>\n<li>Close the water circuit<\/li>\n<li>Draining the radiator<\/li>\n<li>Disconnect connections<\/li>\n<li>Removing the radiator from the wall<\/li>\n<li>Close and seal the pipes<\/li>\n<\/ul>\n<h2>Important precautions<\/h2>\n<ul>\n<li>Avoid spilling water on the floor<\/li>\n<li>Ensure correct sealing of pipes<\/li>\n<li>Check the system after removal<\/li>\n<\/ul>\n<h2>When to call a professional<\/h2>\n<p>If the system is still active or there is a risk of leakage, it is essential to call in a plumber to ensure safety and prevent damage.<\/p>\n<p>A <a href=\"https:\/\/canalizadordelisboa.pt\/en\/\">Lisbon Plumber company<\/a> removes radiators quickly and professionally in Lisbon and the surrounding area.<\/p>","protected":false},"excerpt":{"rendered":"<p>A remo\u00e7\u00e3o de radiadores \u00e9 um servi\u00e7o comum em remodela\u00e7\u00f5es ou quando o sistema de aquecimento deixa de ser utilizado. Para evitar fugas de \u00e1gua e problemas na canaliza\u00e7\u00e3o, \u00e9 importante que o processo seja feito corretamente. Para uma interven\u00e7\u00e3o segura e sem danos, a empresa Canalizador de Lisboa realiza remo\u00e7\u00e3o de radiadores em apartamentos [&hellip;]<\/p>\n","protected":false},"author":1,"featured_media":3719,"parent":0,"menu_order":0,"comment_status":"closed","ping_status":"closed","template":"","meta":{"iawp_total_views":14,"footnotes":""},"class_list":["post-3718","page","type-page","status-publish","has-post-thumbnail","hentry"],"yoast_head":"<!-- This site is optimized with the Yoast SEO plugin v27.4 - https:\/\/yoast.com\/product\/yoast-seo-wordpress\/ -->\n<title>Remo\u00e7\u00e3o de radiadores Lisboa<\/title>\n<meta name=\"description\" content=\"Remo\u00e7\u00e3o de radiadores em Lisboa com seguran\u00e7a e sem fugas. Saiba quando remover e como funciona o processo.\" \/>\n<meta name=\"robots\" content=\"index, follow, max-snippet:-1, max-image-preview:large, max-video-preview:-1\" \/>\n<link rel=\"canonical\" href=\"https:\/\/canalizadordelisboa.pt\/en\/radiator-removal-lisbon\/\" \/>\n<meta property=\"og:locale\" content=\"en_US\" \/>\n<meta property=\"og:type\" content=\"article\" \/>\n<meta property=\"og:title\" content=\"Remo\u00e7\u00e3o de radiadores Lisboa\" \/>\n<meta property=\"og:description\" content=\"Remo\u00e7\u00e3o de radiadores em Lisboa com seguran\u00e7a e sem fugas. Saiba quando remover e como funciona o processo.\" \/>\n<meta property=\"og:url\" content=\"https:\/\/canalizadordelisboa.pt\/en\/radiator-removal-lisbon\/\" \/>\n<meta property=\"og:site_name\" content=\"Canalizador de Lisboa\" \/>\n<meta property=\"og:image\" content=\"https:\/\/canalizadordelisboa.pt\/wp-content\/uploads\/2026\/04\/Remocao-de-Radiadores.jpeg\" \/>\n\t<meta property=\"og:image:width\" content=\"1200\" \/>\n\t<meta property=\"og:image:height\" content=\"1600\" \/>\n\t<meta property=\"og:image:type\" content=\"image\/jpeg\" \/>\n<meta name=\"twitter:card\" content=\"summary_large_image\" \/>\n<script type=\"application\/ld+json\" class=\"yoast-schema-graph\">{\"@context\":\"https:\\\/\\\/schema.org\",\"@graph\":[{\"@type\":\"WebPage\",\"@id\":\"https:\\\/\\\/canalizadordelisboa.pt\\\/remocao-de-radiadores-lisboa\\\/\",\"url\":\"https:\\\/\\\/canalizadordelisboa.pt\\\/remocao-de-radiadores-lisboa\\\/\",\"name\":\"Remo\u00e7\u00e3o de radiadores Lisboa\",\"isPartOf\":{\"@id\":\"https:\\\/\\\/canalizadordelisboa.pt\\\/#website\"},\"primaryImageOfPage\":{\"@id\":\"https:\\\/\\\/canalizadordelisboa.pt\\\/remocao-de-radiadores-lisboa\\\/#primaryimage\"},\"image\":{\"@id\":\"https:\\\/\\\/canalizadordelisboa.pt\\\/remocao-de-radiadores-lisboa\\\/#primaryimage\"},\"thumbnailUrl\":\"https:\\\/\\\/canalizadordelisboa.pt\\\/wp-content\\\/uploads\\\/2026\\\/04\\\/Remocao-de-Radiadores.jpeg\",\"datePublished\":\"2026-04-17T07:38:26+00:00\",\"description\":\"Remo\u00e7\u00e3o de radiadores em Lisboa com seguran\u00e7a e sem fugas. Saiba quando remover e como funciona o processo.\",\"breadcrumb\":{\"@id\":\"https:\\\/\\\/canalizadordelisboa.pt\\\/remocao-de-radiadores-lisboa\\\/#breadcrumb\"},\"inLanguage\":\"en-US\",\"potentialAction\":[{\"@type\":\"ReadAction\",\"target\":[\"https:\\\/\\\/canalizadordelisboa.pt\\\/remocao-de-radiadores-lisboa\\\/\"]}]},{\"@type\":\"ImageObject\",\"inLanguage\":\"en-US\",\"@id\":\"https:\\\/\\\/canalizadordelisboa.pt\\\/remocao-de-radiadores-lisboa\\\/#primaryimage\",\"url\":\"https:\\\/\\\/canalizadordelisboa.pt\\\/wp-content\\\/uploads\\\/2026\\\/04\\\/Remocao-de-Radiadores.jpeg\",\"contentUrl\":\"https:\\\/\\\/canalizadordelisboa.pt\\\/wp-content\\\/uploads\\\/2026\\\/04\\\/Remocao-de-Radiadores.jpeg\",\"width\":1200,\"height\":1600,\"caption\":\"Remoc\u0327a\u0303o de Radiadores\"},{\"@type\":\"BreadcrumbList\",\"@id\":\"https:\\\/\\\/canalizadordelisboa.pt\\\/remocao-de-radiadores-lisboa\\\/#breadcrumb\",\"itemListElement\":[{\"@type\":\"ListItem\",\"position\":1,\"name\":\"Accueil\",\"item\":\"https:\\\/\\\/canalizadordelisboa.pt\\\/\"},{\"@type\":\"ListItem\",\"position\":2,\"name\":\"Remo\u00e7\u00e3o de radiadores Lisboa\"}]},{\"@type\":\"WebSite\",\"@id\":\"https:\\\/\\\/canalizadordelisboa.pt\\\/#website\",\"url\":\"https:\\\/\\\/canalizadordelisboa.pt\\\/\",\"name\":\"Canalizador de Lisboa\",\"description\":\"Servi\u00e7os de canaliza\u00e7\u00e3o e desentupimentos de alta qualidade em Lisboa.\",\"potentialAction\":[{\"@type\":\"SearchAction\",\"target\":{\"@type\":\"EntryPoint\",\"urlTemplate\":\"https:\\\/\\\/canalizadordelisboa.pt\\\/?s={search_term_string}\"},\"query-input\":{\"@type\":\"PropertyValueSpecification\",\"valueRequired\":true,\"valueName\":\"search_term_string\"}}],\"inLanguage\":\"en-US\"}]}<\/script>\n<!-- \/ Yoast SEO plugin. -->","yoast_head_json":{"title":"Removing radiators Lisbon","description":"Removing radiators in Lisbon safely and without leaks. Find out when to remove and how the process works.","robots":{"index":"index","follow":"follow","max-snippet":"max-snippet:-1","max-image-preview":"max-image-preview:large","max-video-preview":"max-video-preview:-1"},"canonical":"https:\/\/canalizadordelisboa.pt\/en\/radiator-removal-lisbon\/","og_locale":"en_US","og_type":"article","og_title":"Remo\u00e7\u00e3o de radiadores Lisboa","og_description":"Remo\u00e7\u00e3o de radiadores em Lisboa com seguran\u00e7a e sem fugas. Saiba quando remover e como funciona o processo.","og_url":"https:\/\/canalizadordelisboa.pt\/en\/radiator-removal-lisbon\/","og_site_name":"Canalizador de Lisboa","og_image":[{"width":1200,"height":1600,"url":"https:\/\/canalizadordelisboa.pt\/wp-content\/uploads\/2026\/04\/Remocao-de-Radiadores.jpeg","type":"image\/jpeg"}],"twitter_card":"summary_large_image","schema":{"@context":"https:\/\/schema.org","@graph":[{"@type":"WebPage","@id":"https:\/\/canalizadordelisboa.pt\/remocao-de-radiadores-lisboa\/","url":"https:\/\/canalizadordelisboa.pt\/remocao-de-radiadores-lisboa\/","name":"Removing radiators Lisbon","isPartOf":{"@id":"https:\/\/canalizadordelisboa.pt\/#website"},"primaryImageOfPage":{"@id":"https:\/\/canalizadordelisboa.pt\/remocao-de-radiadores-lisboa\/#primaryimage"},"image":{"@id":"https:\/\/canalizadordelisboa.pt\/remocao-de-radiadores-lisboa\/#primaryimage"},"thumbnailUrl":"https:\/\/canalizadordelisboa.pt\/wp-content\/uploads\/2026\/04\/Remocao-de-Radiadores.jpeg","datePublished":"2026-04-17T07:38:26+00:00","description":"Removing radiators in Lisbon safely and without leaks. Find out when to remove and how the process works.","breadcrumb":{"@id":"https:\/\/canalizadordelisboa.pt\/remocao-de-radiadores-lisboa\/#breadcrumb"},"inLanguage":"en-US","potentialAction":[{"@type":"ReadAction","target":["https:\/\/canalizadordelisboa.pt\/remocao-de-radiadores-lisboa\/"]}]},{"@type":"ImageObject","inLanguage":"en-US","@id":"https:\/\/canalizadordelisboa.pt\/remocao-de-radiadores-lisboa\/#primaryimage","url":"https:\/\/canalizadordelisboa.pt\/wp-content\/uploads\/2026\/04\/Remocao-de-Radiadores.jpeg","contentUrl":"https:\/\/canalizadordelisboa.pt\/wp-content\/uploads\/2026\/04\/Remocao-de-Radiadores.jpeg","width":1200,"height":1600,"caption":"Remoc\u0327a\u0303o de Radiadores"},{"@type":"BreadcrumbList","@id":"https:\/\/canalizadordelisboa.pt\/remocao-de-radiadores-lisboa\/#breadcrumb","itemListElement":[{"@type":"ListItem","position":1,"name":"Accueil","item":"https:\/\/canalizadordelisboa.pt\/"},{"@type":"ListItem","position":2,"name":"Remo\u00e7\u00e3o de radiadores Lisboa"}]},{"@type":"WebSite","@id":"https:\/\/canalizadordelisboa.pt\/#website","url":"https:\/\/canalizadordelisboa.pt\/","name":"Canalizador de Lisboa","description":"High-quality plumbing and drainage services in Lisbon.","potentialAction":[{"@type":"SearchAction","target":{"@type":"EntryPoint","urlTemplate":"https:\/\/canalizadordelisboa.pt\/?s={search_term_string}"},"query-input":{"@type":"PropertyValueSpecification","valueRequired":true,"valueName":"search_term_string"}}],"inLanguage":"en-US"}]}},"_links":{"self":[{"href":"https:\/\/canalizadordelisboa.pt\/en\/wp-json\/wp\/v2\/pages\/3718","targetHints":{"allow":["GET"]}}],"collection":[{"href":"https:\/\/canalizadordelisboa.pt\/en\/wp-json\/wp\/v2\/pages"}],"about":[{"href":"https:\/\/canalizadordelisboa.pt\/en\/wp-json\/wp\/v2\/types\/page"}],"author":[{"embeddable":true,"href":"https:\/\/canalizadordelisboa.pt\/en\/wp-json\/wp\/v2\/users\/1"}],"replies":[{"embeddable":true,"href":"https:\/\/canalizadordelisboa.pt\/en\/wp-json\/wp\/v2\/comments?post=3718"}],"version-history":[{"count":1,"href":"https:\/\/canalizadordelisboa.pt\/en\/wp-json\/wp\/v2\/pages\/3718\/revisions"}],"predecessor-version":[{"id":3720,"href":"https:\/\/canalizadordelisboa.pt\/en\/wp-json\/wp\/v2\/pages\/3718\/revisions\/3720"}],"wp:featuredmedia":[{"embeddable":true,"href":"https:\/\/canalizadordelisboa.pt\/en\/wp-json\/wp\/v2\/media\/3719"}],"wp:attachment":[{"href":"https:\/\/canalizadordelisboa.pt\/en\/wp-json\/wp\/v2\/media?parent=3718"}],"curies":[{"name":"wp","href":"https:\/\/api.w.org\/{rel}","templated":true}]}}