{"id":3714,"date":"2026-04-13T08:31:47","date_gmt":"2026-04-13T08:31:47","guid":{"rendered":"https:\/\/canalizadordelisboa.pt\/?page_id=3714"},"modified":"2026-04-13T08:31:47","modified_gmt":"2026-04-13T08:31:47","slug":"exterior-painting-lisbon","status":"publish","type":"page","link":"https:\/\/canalizadordelisboa.pt\/en\/pintura-exterior-lisboa\/","title":{"rendered":"Exterior painting Lisbon"},"content":{"rendered":"<p>Exterior painting is essential to protect and enhance any property. In Lisbon, due to exposure to sun, rain and humidity, fa\u00e7ades and walls suffer wear and tear over time, making regular maintenance necessary.<\/p>\n<p><img fetchpriority=\"high\" decoding=\"async\" src=\"https:\/\/canalizadordelisboa.pt\/wp-content\/uploads\/2026\/04\/pintura-exterior-lisboa-300x225.jpeg\" alt=\"exterior painting lisbon\" width=\"300\" height=\"225\" class=\"alignnone size-medium wp-image-3715\" srcset=\"https:\/\/canalizadordelisboa.pt\/wp-content\/uploads\/2026\/04\/pintura-exterior-lisboa-300x225.jpeg 300w, https:\/\/canalizadordelisboa.pt\/wp-content\/uploads\/2026\/04\/pintura-exterior-lisboa-1024x768.jpeg 1024w, https:\/\/canalizadordelisboa.pt\/wp-content\/uploads\/2026\/04\/pintura-exterior-lisboa-768x576.jpeg 768w, https:\/\/canalizadordelisboa.pt\/wp-content\/uploads\/2026\/04\/pintura-exterior-lisboa-1536x1152.jpeg 1536w, https:\/\/canalizadordelisboa.pt\/wp-content\/uploads\/2026\/04\/pintura-exterior-lisboa-16x12.jpeg 16w, https:\/\/canalizadordelisboa.pt\/wp-content\/uploads\/2026\/04\/pintura-exterior-lisboa.jpeg 1600w\" sizes=\"(max-width: 300px) 100vw, 300px\" \/><\/p>\n<p>For long-lasting, professional results, <a href=\"https:\/\/canalizadordelisboa.pt\/en\/\">the Lisbon plumber company<\/a> also carries out exterior painting services with quality and careful workmanship.<\/p>\n<h2>Exterior painting services<\/h2>\n<ul>\n<li>Painting the facades of buildings and houses<\/li>\n<li>Painting exterior walls<\/li>\n<li>Crack repair and surface preparation<\/li>\n<li>Application of moisture- and weather-resistant paints<\/li>\n<\/ul>\n<h2>Advantages of exterior painting<\/h2>\n<ul>\n<li>Protection against humidity and infiltration<\/li>\n<li>Aesthetic improvement of the property<\/li>\n<li>Increased durability of walls<\/li>\n<li>Property valuation<\/li>\n<\/ul>\n<h2>When to paint the exterior<\/h2>\n<p>It is recommended to paint when there are signs of wear such as peeling paint, damp spots or visible cracks.<\/p>\n<h2>Professional service in Lisbon<\/h2>\n<p>A <a href=\"https:\/\/canalizadordelisboa.pt\/en\/\">Lisbon Plumber company<\/a> guarantees exterior painting with adequate preparation, quality materials and a long-lasting finish in Lisbon and the surrounding area.<\/p>","protected":false},"excerpt":{"rendered":"<p>A pintura exterior \u00e9 essencial para proteger e valorizar qualquer im\u00f3vel. Em Lisboa, devido \u00e0 exposi\u00e7\u00e3o ao sol, chuva e humidade, as fachadas e muros sofrem desgaste ao longo do tempo, tornando necess\u00e1ria uma manuten\u00e7\u00e3o regular. Para um resultado duradouro e profissional, a empresa Canalizador de Lisboa tamb\u00e9m realiza servi\u00e7os de pintura exterior com qualidade [&hellip;]<\/p>\n","protected":false},"author":1,"featured_media":3715,"parent":0,"menu_order":0,"comment_status":"closed","ping_status":"closed","template":"","meta":{"iawp_total_views":5,"footnotes":""},"class_list":["post-3714","page","type-page","status-publish","has-post-thumbnail","hentry"],"yoast_head":"<!-- This site is optimized with the Yoast SEO plugin v27.4 - https:\/\/yoast.com\/product\/yoast-seo-wordpress\/ -->\n<title>Pintura exterior Lisboa<\/title>\n<meta name=\"description\" content=\"Servi\u00e7o de pintura exterior em Lisboa para fachadas, muros e edif\u00edcios. Trabalho profissional com acabamento duradouro.\" \/>\n<meta name=\"robots\" content=\"index, follow, max-snippet:-1, max-image-preview:large, max-video-preview:-1\" \/>\n<link rel=\"canonical\" href=\"https:\/\/canalizadordelisboa.pt\/en\/exterior-painting-lisbon\/\" \/>\n<meta property=\"og:locale\" content=\"en_US\" \/>\n<meta property=\"og:type\" content=\"article\" \/>\n<meta property=\"og:title\" content=\"Pintura exterior Lisboa\" \/>\n<meta property=\"og:description\" content=\"Servi\u00e7o de pintura exterior em Lisboa para fachadas, muros e edif\u00edcios. Trabalho profissional com acabamento duradouro.\" \/>\n<meta property=\"og:url\" content=\"https:\/\/canalizadordelisboa.pt\/en\/exterior-painting-lisbon\/\" \/>\n<meta property=\"og:site_name\" content=\"Canalizador de Lisboa\" \/>\n<meta property=\"og:image\" content=\"https:\/\/canalizadordelisboa.pt\/wp-content\/uploads\/2026\/04\/pintura-exterior-lisboa.jpeg\" \/>\n\t<meta property=\"og:image:width\" content=\"1600\" \/>\n\t<meta property=\"og:image:height\" content=\"1200\" \/>\n\t<meta property=\"og:image:type\" content=\"image\/jpeg\" \/>\n<meta name=\"twitter:card\" content=\"summary_large_image\" \/>\n<script type=\"application\/ld+json\" class=\"yoast-schema-graph\">{\"@context\":\"https:\\\/\\\/schema.org\",\"@graph\":[{\"@type\":\"WebPage\",\"@id\":\"https:\\\/\\\/canalizadordelisboa.pt\\\/pintura-exterior-lisboa\\\/\",\"url\":\"https:\\\/\\\/canalizadordelisboa.pt\\\/pintura-exterior-lisboa\\\/\",\"name\":\"Pintura exterior Lisboa\",\"isPartOf\":{\"@id\":\"https:\\\/\\\/canalizadordelisboa.pt\\\/#website\"},\"primaryImageOfPage\":{\"@id\":\"https:\\\/\\\/canalizadordelisboa.pt\\\/pintura-exterior-lisboa\\\/#primaryimage\"},\"image\":{\"@id\":\"https:\\\/\\\/canalizadordelisboa.pt\\\/pintura-exterior-lisboa\\\/#primaryimage\"},\"thumbnailUrl\":\"https:\\\/\\\/canalizadordelisboa.pt\\\/wp-content\\\/uploads\\\/2026\\\/04\\\/pintura-exterior-lisboa.jpeg\",\"datePublished\":\"2026-04-13T08:31:47+00:00\",\"description\":\"Servi\u00e7o de pintura exterior em Lisboa para fachadas, muros e edif\u00edcios. Trabalho profissional com acabamento duradouro.\",\"breadcrumb\":{\"@id\":\"https:\\\/\\\/canalizadordelisboa.pt\\\/pintura-exterior-lisboa\\\/#breadcrumb\"},\"inLanguage\":\"en-US\",\"potentialAction\":[{\"@type\":\"ReadAction\",\"target\":[\"https:\\\/\\\/canalizadordelisboa.pt\\\/pintura-exterior-lisboa\\\/\"]}]},{\"@type\":\"ImageObject\",\"inLanguage\":\"en-US\",\"@id\":\"https:\\\/\\\/canalizadordelisboa.pt\\\/pintura-exterior-lisboa\\\/#primaryimage\",\"url\":\"https:\\\/\\\/canalizadordelisboa.pt\\\/wp-content\\\/uploads\\\/2026\\\/04\\\/pintura-exterior-lisboa.jpeg\",\"contentUrl\":\"https:\\\/\\\/canalizadordelisboa.pt\\\/wp-content\\\/uploads\\\/2026\\\/04\\\/pintura-exterior-lisboa.jpeg\",\"width\":1600,\"height\":1200,\"caption\":\"pintura exterior lisboa\"},{\"@type\":\"BreadcrumbList\",\"@id\":\"https:\\\/\\\/canalizadordelisboa.pt\\\/pintura-exterior-lisboa\\\/#breadcrumb\",\"itemListElement\":[{\"@type\":\"ListItem\",\"position\":1,\"name\":\"Accueil\",\"item\":\"https:\\\/\\\/canalizadordelisboa.pt\\\/\"},{\"@type\":\"ListItem\",\"position\":2,\"name\":\"Pintura exterior Lisboa\"}]},{\"@type\":\"WebSite\",\"@id\":\"https:\\\/\\\/canalizadordelisboa.pt\\\/#website\",\"url\":\"https:\\\/\\\/canalizadordelisboa.pt\\\/\",\"name\":\"Canalizador de Lisboa\",\"description\":\"Servi\u00e7os de canaliza\u00e7\u00e3o e desentupimentos de alta qualidade em Lisboa.\",\"potentialAction\":[{\"@type\":\"SearchAction\",\"target\":{\"@type\":\"EntryPoint\",\"urlTemplate\":\"https:\\\/\\\/canalizadordelisboa.pt\\\/?s={search_term_string}\"},\"query-input\":{\"@type\":\"PropertyValueSpecification\",\"valueRequired\":true,\"valueName\":\"search_term_string\"}}],\"inLanguage\":\"en-US\"}]}<\/script>\n<!-- \/ Yoast SEO plugin. -->","yoast_head_json":{"title":"Exterior painting Lisbon","description":"Exterior painting service in Lisbon for facades, walls and buildings. Professional work with a long-lasting finish.","robots":{"index":"index","follow":"follow","max-snippet":"max-snippet:-1","max-image-preview":"max-image-preview:large","max-video-preview":"max-video-preview:-1"},"canonical":"https:\/\/canalizadordelisboa.pt\/en\/exterior-painting-lisbon\/","og_locale":"en_US","og_type":"article","og_title":"Pintura exterior Lisboa","og_description":"Servi\u00e7o de pintura exterior em Lisboa para fachadas, muros e edif\u00edcios. Trabalho profissional com acabamento duradouro.","og_url":"https:\/\/canalizadordelisboa.pt\/en\/exterior-painting-lisbon\/","og_site_name":"Canalizador de Lisboa","og_image":[{"width":1600,"height":1200,"url":"https:\/\/canalizadordelisboa.pt\/wp-content\/uploads\/2026\/04\/pintura-exterior-lisboa.jpeg","type":"image\/jpeg"}],"twitter_card":"summary_large_image","schema":{"@context":"https:\/\/schema.org","@graph":[{"@type":"WebPage","@id":"https:\/\/canalizadordelisboa.pt\/pintura-exterior-lisboa\/","url":"https:\/\/canalizadordelisboa.pt\/pintura-exterior-lisboa\/","name":"Exterior painting Lisbon","isPartOf":{"@id":"https:\/\/canalizadordelisboa.pt\/#website"},"primaryImageOfPage":{"@id":"https:\/\/canalizadordelisboa.pt\/pintura-exterior-lisboa\/#primaryimage"},"image":{"@id":"https:\/\/canalizadordelisboa.pt\/pintura-exterior-lisboa\/#primaryimage"},"thumbnailUrl":"https:\/\/canalizadordelisboa.pt\/wp-content\/uploads\/2026\/04\/pintura-exterior-lisboa.jpeg","datePublished":"2026-04-13T08:31:47+00:00","description":"Exterior painting service in Lisbon for facades, walls and buildings. Professional work with a long-lasting finish.","breadcrumb":{"@id":"https:\/\/canalizadordelisboa.pt\/pintura-exterior-lisboa\/#breadcrumb"},"inLanguage":"en-US","potentialAction":[{"@type":"ReadAction","target":["https:\/\/canalizadordelisboa.pt\/pintura-exterior-lisboa\/"]}]},{"@type":"ImageObject","inLanguage":"en-US","@id":"https:\/\/canalizadordelisboa.pt\/pintura-exterior-lisboa\/#primaryimage","url":"https:\/\/canalizadordelisboa.pt\/wp-content\/uploads\/2026\/04\/pintura-exterior-lisboa.jpeg","contentUrl":"https:\/\/canalizadordelisboa.pt\/wp-content\/uploads\/2026\/04\/pintura-exterior-lisboa.jpeg","width":1600,"height":1200,"caption":"pintura exterior lisboa"},{"@type":"BreadcrumbList","@id":"https:\/\/canalizadordelisboa.pt\/pintura-exterior-lisboa\/#breadcrumb","itemListElement":[{"@type":"ListItem","position":1,"name":"Accueil","item":"https:\/\/canalizadordelisboa.pt\/"},{"@type":"ListItem","position":2,"name":"Pintura exterior Lisboa"}]},{"@type":"WebSite","@id":"https:\/\/canalizadordelisboa.pt\/#website","url":"https:\/\/canalizadordelisboa.pt\/","name":"Canalizador de Lisboa","description":"High-quality plumbing and drainage services in Lisbon.","potentialAction":[{"@type":"SearchAction","target":{"@type":"EntryPoint","urlTemplate":"https:\/\/canalizadordelisboa.pt\/?s={search_term_string}"},"query-input":{"@type":"PropertyValueSpecification","valueRequired":true,"valueName":"search_term_string"}}],"inLanguage":"en-US"}]}},"_links":{"self":[{"href":"https:\/\/canalizadordelisboa.pt\/en\/wp-json\/wp\/v2\/pages\/3714","targetHints":{"allow":["GET"]}}],"collection":[{"href":"https:\/\/canalizadordelisboa.pt\/en\/wp-json\/wp\/v2\/pages"}],"about":[{"href":"https:\/\/canalizadordelisboa.pt\/en\/wp-json\/wp\/v2\/types\/page"}],"author":[{"embeddable":true,"href":"https:\/\/canalizadordelisboa.pt\/en\/wp-json\/wp\/v2\/users\/1"}],"replies":[{"embeddable":true,"href":"https:\/\/canalizadordelisboa.pt\/en\/wp-json\/wp\/v2\/comments?post=3714"}],"version-history":[{"count":1,"href":"https:\/\/canalizadordelisboa.pt\/en\/wp-json\/wp\/v2\/pages\/3714\/revisions"}],"predecessor-version":[{"id":3716,"href":"https:\/\/canalizadordelisboa.pt\/en\/wp-json\/wp\/v2\/pages\/3714\/revisions\/3716"}],"wp:featuredmedia":[{"embeddable":true,"href":"https:\/\/canalizadordelisboa.pt\/en\/wp-json\/wp\/v2\/media\/3715"}],"wp:attachment":[{"href":"https:\/\/canalizadordelisboa.pt\/en\/wp-json\/wp\/v2\/media?parent=3714"}],"curies":[{"name":"wp","href":"https:\/\/api.w.org\/{rel}","templated":true}]}}