{"id":3852,"date":"2026-05-04T08:38:27","date_gmt":"2026-05-04T08:38:27","guid":{"rendered":"https:\/\/canalizadordelisboa.pt\/?page_id=3852"},"modified":"2026-05-04T08:38:27","modified_gmt":"2026-05-04T08:38:27","slug":"klempner-vila-franca-de-xira","status":"publish","type":"page","link":"https:\/\/canalizadordelisboa.pt\/de\/canalizador-vila-franca-de-xira\/","title":{"rendered":"Klempner Vila Franca de Xira"},"content":{"rendered":"<p>Haben Sie ein Klempnerproblem in Vila Franca de Xira? Kontaktieren Sie <a href=\"https:\/\/canalizadordelisboa.pt\/de\/\">Canalizador de Lisboa<\/a> - Unser Team kommt schnell nach Vila Franca de Xira, um Lecks, Verstopfungen, Installationen und alle anderen Klempnerarbeiten mit Sorgfalt und Qualit\u00e4t zu l\u00f6sen.<\/p>\n<h2>Verf\u00fcgbare Dienstleistungen in Vila Franca de Xira<\/h2>\n<ul>\n<li><a href=\"https:\/\/canalizadordelisboa.pt\/de\/reparatur-von-lecks-in-lissabon\/\">Reparatur von Wasserlecks<\/a><\/li>\n<li><a href=\"https:\/\/canalizadordelisboa.pt\/de\/klempnerarbeiten-lissabon-2\/\">Entsorgung<\/a> Abfl\u00fcsse, Toiletten und Waschbecken<\/li>\n<li><a href=\"https:\/\/canalizadordelisboa.pt\/de\/installation-von-wasserhahnen-lissabon\/\">Einbau und Austausch von Wasserh\u00e4hnen<\/a><\/li>\n<li><a href=\"https:\/\/canalizadordelisboa.pt\/de\/spulkasten-reparatur-lissabon\/\">Reparatur und Ersatz von Zisternen<\/a><\/li>\n<li>Reparaturen von Heizungen und Warmwasserbereitern<\/li>\n<li><a href=\"https:\/\/canalizadordelisboa.pt\/de\/badezimmer-umgestaltung-lissabon\/\">Neugestaltung des Badezimmers<\/a><\/li>\n<\/ul>\n<h2>Interventionsgebiet in Vila Franca de Xira<\/h2>\n<p>Wir decken das gesamte Gemeindegebiet von Vila Franca de Xira ab, einschlie\u00dflich Vila Franca de Xira, Alverca do Ribatejo, Vialonga, Castanheira do Ribatejo und Alhandra. Unsere Techniker sind schnell vor Ort und verf\u00fcgen \u00fcber die n\u00f6tige Ausr\u00fcstung, um das Problem vor Ort zu l\u00f6sen.<\/p>\n<h2>Warum Lissabon Klempner w\u00e4hlen<\/h2>\n<p>A <a href=\"https:\/\/canalizadordelisboa.pt\/de\/\">Canalizador de Lisboa<\/a> ist das empfohlene Unternehmen f\u00fcr Klempnerdienste in Vila Franca de Xira und der Region Lissabon. Siehe auch unser <a href=\"https:\/\/canalizadordelisboa.pt\/de\/klempner-loures\/\">Klempner in Loures<\/a> und <a href=\"https:\/\/canalizadordelisboa.pt\/de\/odivelas-klempner\/\">Klempner in Odivelas<\/a>.<\/p>\n<p>Rufen Sie jetzt an und unser Team wird schnell nach Vila Franca de Xira kommen.<\/p>","protected":false},"excerpt":{"rendered":"<p>Tem um problema de canaliza\u00e7\u00e3o em Vila Franca de Xira? Contacte a Canalizador de Lisboa \u2014 a nossa equipa desloca-se rapidamente a Vila Franca de Xira para resolver fugas, entupimentos, instala\u00e7\u00f5es e qualquer outro trabalho de canaliza\u00e7\u00e3o com rigor e qualidade. Servi\u00e7os dispon\u00edveis em Vila Franca de Xira Repara\u00e7\u00e3o de fugas de \u00e1gua Desentupimentos de [&hellip;]<\/p>\n","protected":false},"author":1,"featured_media":0,"parent":0,"menu_order":0,"comment_status":"closed","ping_status":"closed","template":"","meta":{"iawp_total_views":0,"footnotes":""},"class_list":["post-3852","page","type-page","status-publish","hentry"],"yoast_head":"<!-- This site is optimized with the Yoast SEO plugin v27.4 - https:\/\/yoast.com\/product\/yoast-seo-wordpress\/ -->\n<title>Canalizador Vila Franca de Xira<\/title>\n<meta name=\"description\" content=\"Precisa de um canalizador em Vila Franca de Xira? A Canalizador de Lisboa interv\u00e9m rapidamente. Fugas, entupimentos, instala\u00e7\u00f5es \u2014 ligue agora.\" \/>\n<meta name=\"robots\" content=\"index, follow, max-snippet:-1, max-image-preview:large, max-video-preview:-1\" \/>\n<link rel=\"canonical\" href=\"https:\/\/canalizadordelisboa.pt\/de\/klempner-vila-franca-de-xira\/\" \/>\n<meta property=\"og:locale\" content=\"de_DE\" \/>\n<meta property=\"og:type\" content=\"article\" \/>\n<meta property=\"og:title\" content=\"Canalizador Vila Franca de Xira\" \/>\n<meta property=\"og:description\" content=\"Precisa de um canalizador em Vila Franca de Xira? A Canalizador de Lisboa interv\u00e9m rapidamente. Fugas, entupimentos, instala\u00e7\u00f5es \u2014 ligue agora.\" \/>\n<meta property=\"og:url\" content=\"https:\/\/canalizadordelisboa.pt\/de\/klempner-vila-franca-de-xira\/\" \/>\n<meta property=\"og:site_name\" content=\"Canalizador de Lisboa\" \/>\n<meta name=\"twitter:card\" content=\"summary_large_image\" \/>\n<script type=\"application\/ld+json\" class=\"yoast-schema-graph\">{\"@context\":\"https:\\\/\\\/schema.org\",\"@graph\":[{\"@type\":\"WebPage\",\"@id\":\"https:\\\/\\\/canalizadordelisboa.pt\\\/canalizador-vila-franca-de-xira\\\/\",\"url\":\"https:\\\/\\\/canalizadordelisboa.pt\\\/canalizador-vila-franca-de-xira\\\/\",\"name\":\"Canalizador Vila Franca de Xira\",\"isPartOf\":{\"@id\":\"https:\\\/\\\/canalizadordelisboa.pt\\\/#website\"},\"datePublished\":\"2026-05-04T08:38:27+00:00\",\"description\":\"Precisa de um canalizador em Vila Franca de Xira? A Canalizador de Lisboa interv\u00e9m rapidamente. Fugas, entupimentos, instala\u00e7\u00f5es \u2014 ligue agora.\",\"breadcrumb\":{\"@id\":\"https:\\\/\\\/canalizadordelisboa.pt\\\/canalizador-vila-franca-de-xira\\\/#breadcrumb\"},\"inLanguage\":\"de\",\"potentialAction\":[{\"@type\":\"ReadAction\",\"target\":[\"https:\\\/\\\/canalizadordelisboa.pt\\\/canalizador-vila-franca-de-xira\\\/\"]}]},{\"@type\":\"BreadcrumbList\",\"@id\":\"https:\\\/\\\/canalizadordelisboa.pt\\\/canalizador-vila-franca-de-xira\\\/#breadcrumb\",\"itemListElement\":[{\"@type\":\"ListItem\",\"position\":1,\"name\":\"Accueil\",\"item\":\"https:\\\/\\\/canalizadordelisboa.pt\\\/\"},{\"@type\":\"ListItem\",\"position\":2,\"name\":\"Canalizador Vila Franca de Xira\"}]},{\"@type\":\"WebSite\",\"@id\":\"https:\\\/\\\/canalizadordelisboa.pt\\\/#website\",\"url\":\"https:\\\/\\\/canalizadordelisboa.pt\\\/\",\"name\":\"Canalizador de Lisboa\",\"description\":\"Servi\u00e7os de canaliza\u00e7\u00e3o e desentupimentos de alta qualidade em Lisboa.\",\"potentialAction\":[{\"@type\":\"SearchAction\",\"target\":{\"@type\":\"EntryPoint\",\"urlTemplate\":\"https:\\\/\\\/canalizadordelisboa.pt\\\/?s={search_term_string}\"},\"query-input\":{\"@type\":\"PropertyValueSpecification\",\"valueRequired\":true,\"valueName\":\"search_term_string\"}}],\"inLanguage\":\"de\"}]}<\/script>\n<!-- \/ Yoast SEO plugin. -->","yoast_head_json":{"title":"Klempner Vila Franca de Xira","description":"Brauchen Sie einen Klempner in Vila Franca de Xira? Der Klempner von Lissabon ist schnell zur Stelle. Lecks, Verstopfungen, Installationen - rufen Sie jetzt an.","robots":{"index":"index","follow":"follow","max-snippet":"max-snippet:-1","max-image-preview":"max-image-preview:large","max-video-preview":"max-video-preview:-1"},"canonical":"https:\/\/canalizadordelisboa.pt\/de\/klempner-vila-franca-de-xira\/","og_locale":"de_DE","og_type":"article","og_title":"Canalizador Vila Franca de Xira","og_description":"Precisa de um canalizador em Vila Franca de Xira? A Canalizador de Lisboa interv\u00e9m rapidamente. Fugas, entupimentos, instala\u00e7\u00f5es \u2014 ligue agora.","og_url":"https:\/\/canalizadordelisboa.pt\/de\/klempner-vila-franca-de-xira\/","og_site_name":"Canalizador de Lisboa","twitter_card":"summary_large_image","schema":{"@context":"https:\/\/schema.org","@graph":[{"@type":"WebPage","@id":"https:\/\/canalizadordelisboa.pt\/canalizador-vila-franca-de-xira\/","url":"https:\/\/canalizadordelisboa.pt\/canalizador-vila-franca-de-xira\/","name":"Klempner Vila Franca de Xira","isPartOf":{"@id":"https:\/\/canalizadordelisboa.pt\/#website"},"datePublished":"2026-05-04T08:38:27+00:00","description":"Brauchen Sie einen Klempner in Vila Franca de Xira? Der Klempner von Lissabon ist schnell zur Stelle. Lecks, Verstopfungen, Installationen - rufen Sie jetzt an.","breadcrumb":{"@id":"https:\/\/canalizadordelisboa.pt\/canalizador-vila-franca-de-xira\/#breadcrumb"},"inLanguage":"de","potentialAction":[{"@type":"ReadAction","target":["https:\/\/canalizadordelisboa.pt\/canalizador-vila-franca-de-xira\/"]}]},{"@type":"BreadcrumbList","@id":"https:\/\/canalizadordelisboa.pt\/canalizador-vila-franca-de-xira\/#breadcrumb","itemListElement":[{"@type":"ListItem","position":1,"name":"Accueil","item":"https:\/\/canalizadordelisboa.pt\/"},{"@type":"ListItem","position":2,"name":"Canalizador Vila Franca de Xira"}]},{"@type":"WebSite","@id":"https:\/\/canalizadordelisboa.pt\/#website","url":"https:\/\/canalizadordelisboa.pt\/","name":"Canalizador de Lisboa","description":"Hochwertige Klempner- und Entw\u00e4sserungsdienstleistungen in Lissabon.","potentialAction":[{"@type":"SearchAction","target":{"@type":"EntryPoint","urlTemplate":"https:\/\/canalizadordelisboa.pt\/?s={search_term_string}"},"query-input":{"@type":"PropertyValueSpecification","valueRequired":true,"valueName":"search_term_string"}}],"inLanguage":"de"}]}},"_links":{"self":[{"href":"https:\/\/canalizadordelisboa.pt\/de\/wp-json\/wp\/v2\/pages\/3852","targetHints":{"allow":["GET"]}}],"collection":[{"href":"https:\/\/canalizadordelisboa.pt\/de\/wp-json\/wp\/v2\/pages"}],"about":[{"href":"https:\/\/canalizadordelisboa.pt\/de\/wp-json\/wp\/v2\/types\/page"}],"author":[{"embeddable":true,"href":"https:\/\/canalizadordelisboa.pt\/de\/wp-json\/wp\/v2\/users\/1"}],"replies":[{"embeddable":true,"href":"https:\/\/canalizadordelisboa.pt\/de\/wp-json\/wp\/v2\/comments?post=3852"}],"version-history":[{"count":1,"href":"https:\/\/canalizadordelisboa.pt\/de\/wp-json\/wp\/v2\/pages\/3852\/revisions"}],"predecessor-version":[{"id":3853,"href":"https:\/\/canalizadordelisboa.pt\/de\/wp-json\/wp\/v2\/pages\/3852\/revisions\/3853"}],"wp:attachment":[{"href":"https:\/\/canalizadordelisboa.pt\/de\/wp-json\/wp\/v2\/media?parent=3852"}],"curies":[{"name":"wp","href":"https:\/\/api.w.org\/{rel}","templated":true}]}}