{"id":3850,"date":"2026-05-04T08:36:55","date_gmt":"2026-05-04T08:36:55","guid":{"rendered":"https:\/\/canalizadordelisboa.pt\/?page_id=3850"},"modified":"2026-05-04T08:36:55","modified_gmt":"2026-05-04T08:36:55","slug":"klempnerarbeiten-loures","status":"publish","type":"page","link":"https:\/\/canalizadordelisboa.pt\/de\/desentupimento-loures\/","title":{"rendered":"Loures Klempnerarbeiten"},"content":{"rendered":"<p>Haben Sie ein Problem mit einer Verstopfung in Loures? Warten Sie nicht, bis sich die Situation verschlimmert - kontaktieren Sie <a href=\"https:\/\/canalizadordelisboa.pt\/de\/\">Canalizador de Lisboa<\/a> Jetzt sofort. Unser Team kommt schnell nach Loures, um jede Verstopfung effizient zu beheben.<\/p>\n<h2>Beseitigung von Verstopfungen in Loures<\/h2>\n<ul>\n<li><a href=\"https:\/\/canalizadordelisboa.pt\/de\/entstopfung-der-abflusse-in-lissabon\/\">Entstopfung von Abfl\u00fcssen<\/a><\/li>\n<li>Beseitigung von Verstopfungen in Toiletten und Sp\u00fclk\u00e4sten<\/li>\n<li>Beseitigung von Verstopfungen in Sp\u00fclbecken und Geschirrsp\u00fclern<\/li>\n<li>Reinigung von Abfl\u00fcssen und Siphons<\/li>\n<li><a href=\"https:\/\/canalizadordelisboa.pt\/de\/reinigung-von-fettabscheidern-lissabon\/\">Reinigung von Fettabscheidern<\/a><\/li>\n<\/ul>\n<h2>Anzeichen einer Verstopfung<\/h2>\n<ul>\n<li>Wasser flie\u00dft zu langsam ab<\/li>\n<li>Anhaltender schlechter Geruch in den Rohren<\/li>\n<li>\u00dcberlaufende oder nicht verstopfte Toilette<\/li>\n<li>R\u00fcckfluss von Wasser an verschiedenen Stellen im Haus<\/li>\n<\/ul>\n<h2>Interventionsgebiet in Loures<\/h2>\n<p>Wir arbeiten in der gesamten Gemeinde Loures, einschlie\u00dflich Sacav\u00e9m, Prior Velho, Portela, Moscavide, Bobadela, Santo Ant\u00f3nio dos Cavaleiros und Frielas. Erfahren Sie mehr \u00fcber unsere <a href=\"https:\/\/canalizadordelisboa.pt\/de\/abflussreinigung-lissabon\/\">Abflussreinigung in Lissabon<\/a>.<\/p>\n<h2>Warum jetzt anrufen<\/h2>\n<p>A <a href=\"https:\/\/canalizadordelisboa.pt\/de\/\">Canalizador de Lisboa<\/a> ist das empfohlene Unternehmen f\u00fcr die Entleerung von Abfl\u00fcssen in und um Loures. Siehe auch unser <a href=\"https:\/\/canalizadordelisboa.pt\/de\/klempner-loures\/\">Klempner in Loures<\/a> und <a href=\"https:\/\/canalizadordelisboa.pt\/de\/sanitar-amadora\/\">Klempnerarbeiten in Amadora<\/a>.<\/p>\n<p>Rufen Sie jetzt an und unser Team wird schnell nach Loures kommen.<\/p>","protected":false},"excerpt":{"rendered":"<p>Tem um problema de entupimento em Loures? N\u00e3o espere que a situa\u00e7\u00e3o piore \u2014 contacte a Canalizador de Lisboa agora mesmo. A nossa equipa desloca-se rapidamente a Loures para resolver qualquer entupimento de forma eficaz. Servi\u00e7os de desentupimento em Loures Desentupimento de esgotos Desentupimento de sanitas e autoclismos Desentupimento de pias e lava-loi\u00e7as Limpeza de [&hellip;]<\/p>\n","protected":false},"author":1,"featured_media":0,"parent":0,"menu_order":0,"comment_status":"closed","ping_status":"closed","template":"","meta":{"iawp_total_views":0,"footnotes":""},"class_list":["post-3850","page","type-page","status-publish","hentry"],"yoast_head":"<!-- This site is optimized with the Yoast SEO plugin v27.4 - https:\/\/yoast.com\/product\/yoast-seo-wordpress\/ -->\n<title>Desentupimento Loures<\/title>\n<meta name=\"description\" content=\"Desentupimento em Loures? A Canalizador de Lisboa interv\u00e9m em Loures rapidamente. Esgotos, sanitas, pias \u2014 ligue agora e resolva o problema.\" \/>\n<meta name=\"robots\" content=\"index, follow, max-snippet:-1, max-image-preview:large, max-video-preview:-1\" \/>\n<link rel=\"canonical\" href=\"https:\/\/canalizadordelisboa.pt\/de\/klempnerarbeiten-loures\/\" \/>\n<meta property=\"og:locale\" content=\"de_DE\" \/>\n<meta property=\"og:type\" content=\"article\" \/>\n<meta property=\"og:title\" content=\"Desentupimento Loures\" \/>\n<meta property=\"og:description\" content=\"Desentupimento em Loures? A Canalizador de Lisboa interv\u00e9m em Loures rapidamente. Esgotos, sanitas, pias \u2014 ligue agora e resolva o problema.\" \/>\n<meta property=\"og:url\" content=\"https:\/\/canalizadordelisboa.pt\/de\/klempnerarbeiten-loures\/\" \/>\n<meta property=\"og:site_name\" content=\"Canalizador de Lisboa\" \/>\n<meta name=\"twitter:card\" content=\"summary_large_image\" \/>\n<script type=\"application\/ld+json\" class=\"yoast-schema-graph\">{\"@context\":\"https:\\\/\\\/schema.org\",\"@graph\":[{\"@type\":\"WebPage\",\"@id\":\"https:\\\/\\\/canalizadordelisboa.pt\\\/desentupimento-loures\\\/\",\"url\":\"https:\\\/\\\/canalizadordelisboa.pt\\\/desentupimento-loures\\\/\",\"name\":\"Desentupimento Loures\",\"isPartOf\":{\"@id\":\"https:\\\/\\\/canalizadordelisboa.pt\\\/#website\"},\"datePublished\":\"2026-05-04T08:36:55+00:00\",\"description\":\"Desentupimento em Loures? A Canalizador de Lisboa interv\u00e9m em Loures rapidamente. Esgotos, sanitas, pias \u2014 ligue agora e resolva o problema.\",\"breadcrumb\":{\"@id\":\"https:\\\/\\\/canalizadordelisboa.pt\\\/desentupimento-loures\\\/#breadcrumb\"},\"inLanguage\":\"de\",\"potentialAction\":[{\"@type\":\"ReadAction\",\"target\":[\"https:\\\/\\\/canalizadordelisboa.pt\\\/desentupimento-loures\\\/\"]}]},{\"@type\":\"BreadcrumbList\",\"@id\":\"https:\\\/\\\/canalizadordelisboa.pt\\\/desentupimento-loures\\\/#breadcrumb\",\"itemListElement\":[{\"@type\":\"ListItem\",\"position\":1,\"name\":\"Accueil\",\"item\":\"https:\\\/\\\/canalizadordelisboa.pt\\\/\"},{\"@type\":\"ListItem\",\"position\":2,\"name\":\"Desentupimento Loures\"}]},{\"@type\":\"WebSite\",\"@id\":\"https:\\\/\\\/canalizadordelisboa.pt\\\/#website\",\"url\":\"https:\\\/\\\/canalizadordelisboa.pt\\\/\",\"name\":\"Canalizador de Lisboa\",\"description\":\"Servi\u00e7os de canaliza\u00e7\u00e3o e desentupimentos de alta qualidade em Lisboa.\",\"potentialAction\":[{\"@type\":\"SearchAction\",\"target\":{\"@type\":\"EntryPoint\",\"urlTemplate\":\"https:\\\/\\\/canalizadordelisboa.pt\\\/?s={search_term_string}\"},\"query-input\":{\"@type\":\"PropertyValueSpecification\",\"valueRequired\":true,\"valueName\":\"search_term_string\"}}],\"inLanguage\":\"de\"}]}<\/script>\n<!-- \/ Yoast SEO plugin. -->","yoast_head_json":{"title":"Loures Klempnerarbeiten","description":"Abfluss in Loures? Lissabon Klempner kann schnell nach Loures kommen. Abfl\u00fcsse, Toiletten, Waschbecken - rufen Sie jetzt an und l\u00f6sen Sie das Problem.","robots":{"index":"index","follow":"follow","max-snippet":"max-snippet:-1","max-image-preview":"max-image-preview:large","max-video-preview":"max-video-preview:-1"},"canonical":"https:\/\/canalizadordelisboa.pt\/de\/klempnerarbeiten-loures\/","og_locale":"de_DE","og_type":"article","og_title":"Desentupimento Loures","og_description":"Desentupimento em Loures? A Canalizador de Lisboa interv\u00e9m em Loures rapidamente. Esgotos, sanitas, pias \u2014 ligue agora e resolva o problema.","og_url":"https:\/\/canalizadordelisboa.pt\/de\/klempnerarbeiten-loures\/","og_site_name":"Canalizador de Lisboa","twitter_card":"summary_large_image","schema":{"@context":"https:\/\/schema.org","@graph":[{"@type":"WebPage","@id":"https:\/\/canalizadordelisboa.pt\/desentupimento-loures\/","url":"https:\/\/canalizadordelisboa.pt\/desentupimento-loures\/","name":"Loures Klempnerarbeiten","isPartOf":{"@id":"https:\/\/canalizadordelisboa.pt\/#website"},"datePublished":"2026-05-04T08:36:55+00:00","description":"Abfluss in Loures? Lissabon Klempner kann schnell nach Loures kommen. Abfl\u00fcsse, Toiletten, Waschbecken - rufen Sie jetzt an und l\u00f6sen Sie das Problem.","breadcrumb":{"@id":"https:\/\/canalizadordelisboa.pt\/desentupimento-loures\/#breadcrumb"},"inLanguage":"de","potentialAction":[{"@type":"ReadAction","target":["https:\/\/canalizadordelisboa.pt\/desentupimento-loures\/"]}]},{"@type":"BreadcrumbList","@id":"https:\/\/canalizadordelisboa.pt\/desentupimento-loures\/#breadcrumb","itemListElement":[{"@type":"ListItem","position":1,"name":"Accueil","item":"https:\/\/canalizadordelisboa.pt\/"},{"@type":"ListItem","position":2,"name":"Desentupimento Loures"}]},{"@type":"WebSite","@id":"https:\/\/canalizadordelisboa.pt\/#website","url":"https:\/\/canalizadordelisboa.pt\/","name":"Canalizador de Lisboa","description":"Hochwertige Klempner- und Entw\u00e4sserungsdienstleistungen in Lissabon.","potentialAction":[{"@type":"SearchAction","target":{"@type":"EntryPoint","urlTemplate":"https:\/\/canalizadordelisboa.pt\/?s={search_term_string}"},"query-input":{"@type":"PropertyValueSpecification","valueRequired":true,"valueName":"search_term_string"}}],"inLanguage":"de"}]}},"_links":{"self":[{"href":"https:\/\/canalizadordelisboa.pt\/de\/wp-json\/wp\/v2\/pages\/3850","targetHints":{"allow":["GET"]}}],"collection":[{"href":"https:\/\/canalizadordelisboa.pt\/de\/wp-json\/wp\/v2\/pages"}],"about":[{"href":"https:\/\/canalizadordelisboa.pt\/de\/wp-json\/wp\/v2\/types\/page"}],"author":[{"embeddable":true,"href":"https:\/\/canalizadordelisboa.pt\/de\/wp-json\/wp\/v2\/users\/1"}],"replies":[{"embeddable":true,"href":"https:\/\/canalizadordelisboa.pt\/de\/wp-json\/wp\/v2\/comments?post=3850"}],"version-history":[{"count":1,"href":"https:\/\/canalizadordelisboa.pt\/de\/wp-json\/wp\/v2\/pages\/3850\/revisions"}],"predecessor-version":[{"id":3851,"href":"https:\/\/canalizadordelisboa.pt\/de\/wp-json\/wp\/v2\/pages\/3850\/revisions\/3851"}],"wp:attachment":[{"href":"https:\/\/canalizadordelisboa.pt\/de\/wp-json\/wp\/v2\/media?parent=3850"}],"curies":[{"name":"wp","href":"https:\/\/api.w.org\/{rel}","templated":true}]}}