{"id":3751,"date":"2026-04-21T15:01:24","date_gmt":"2026-04-21T15:01:24","guid":{"rendered":"https:\/\/canalizadordelisboa.pt\/?page_id=3751"},"modified":"2026-04-21T15:01:24","modified_gmt":"2026-04-21T15:01:24","slug":"toilette-undichtigkeit-reparatur-lissabon","status":"publish","type":"page","link":"https:\/\/canalizadordelisboa.pt\/de\/reparacao-de-fuga-na-sanita-lisboa\/","title":{"rendered":"Reparatur eines Toilettenlecks Lissabon"},"content":{"rendered":"<p>Eine undichte Toilette kann zu Wasserverschwendung, h\u00f6heren Rechnungen und sogar <a href=\"https:\/\/canalizadordelisboa.pt\/de\/dach-undichtigkeiten-lissabon\/\">undichte Stellen im Fu\u00dfboden oder an der Decke des Nachbarn<\/a>. Selbst kleine Lecks m\u00fcssen schnell behoben werden, um gr\u00f6\u00dfere Sch\u00e4den zu vermeiden.<\/p>\n<p>F\u00fcr eine wirksame und lang anhaltende Reparatur, <a href=\"https:\/\/canalizadordelisboa.pt\/de\/\">die Lissabonner Klempnerfirma<\/a> ist die beste L\u00f6sung, um undichte Toiletten in Lissabon schnell zu reparieren.<\/p>\n<h2>Anzeichen f\u00fcr ein Leck in der Toilette<\/h2>\n<ul>\n<li>St\u00e4ndig l\u00e4uft Wasser in die Toilette<\/li>\n<li>Kontinuierliches F\u00fcllger\u00e4usch<\/li>\n<li>Wasseransammlung um den Sockel<\/li>\n<li>Ungekl\u00e4rter Anstieg der Wasserrechnungen<\/li>\n<\/ul>\n<h2>Hauptursachen<\/h2>\n<ul>\n<li>Defekter Sp\u00fclkasten<\/li>\n<li><a href=\"https:\/\/canalizadordelisboa.pt\/de\/silikondichtung-lissabon\/\">Versiegeln<\/a> abgenutzt<\/li>\n<li>Undichter Kanalisationsanschluss<\/li>\n<li>Schlecht befestigter Toilettensitz<\/li>\n<\/ul>\n<h2>Wie die Reparatur durchgef\u00fchrt wird<\/h2>\n<ul>\n<li>Diagnose der Quelle des Lecks<\/li>\n<li>Auswechseln von Dichtungen oder Teilen <a href=\"https:\/\/canalizadordelisboa.pt\/de\/spulkasten-reparatur-lissabon\/\">Zisterne<\/a><\/li>\n<li>Einstellen oder Reparieren der Toilette<\/li>\n<li>Testlauf<\/li>\n<\/ul>\n<h2>Wann Sie einen Klempner rufen sollten<\/h2>\n<p>Wenn das Leck weiter besteht, der Boden durchl\u00e4ssig ist oder die Quelle nicht gefunden werden kann, muss unbedingt ein Fachmann hinzugezogen werden.<\/p>\n<p>A <a href=\"https:\/\/canalizadordelisboa.pt\/de\/\">die Lissabonner Klempnerfirma<\/a> f\u00fchrt die Reparatur von undichten Toiletten in Lissabon schnell und professionell durch.<\/p>","protected":false},"excerpt":{"rendered":"<p>Uma fuga na sanita pode causar desperd\u00edcio de \u00e1gua, aumento na fatura e at\u00e9 infiltra\u00e7\u00f5es no ch\u00e3o ou no teto do vizinho. Mesmo pequenas fugas devem ser resolvidas rapidamente para evitar danos maiores. Para uma repara\u00e7\u00e3o eficaz e duradoura, a empresa Canalizador de Lisboa \u00e9 a melhor solu\u00e7\u00e3o para reparar fugas em sanitas com interven\u00e7\u00e3o [&hellip;]<\/p>\n","protected":false},"author":1,"featured_media":0,"parent":0,"menu_order":0,"comment_status":"closed","ping_status":"closed","template":"","meta":{"iawp_total_views":0,"footnotes":""},"class_list":["post-3751","page","type-page","status-publish","hentry"],"yoast_head":"<!-- This site is optimized with the Yoast SEO plugin v27.4 - https:\/\/yoast.com\/product\/yoast-seo-wordpress\/ -->\n<title>Repara\u00e7\u00e3o de fuga na sanita Lisboa<\/title>\n<meta name=\"description\" content=\"Repara\u00e7\u00e3o de fuga na sanita em Lisboa. Resolva perdas de \u00e1gua, infiltra\u00e7\u00f5es e desperd\u00edcio com interven\u00e7\u00e3o r\u00e1pida e profissional.\" \/>\n<meta name=\"robots\" content=\"index, follow, max-snippet:-1, max-image-preview:large, max-video-preview:-1\" \/>\n<link rel=\"canonical\" href=\"https:\/\/canalizadordelisboa.pt\/de\/toilette-undichtigkeit-reparatur-lissabon\/\" \/>\n<meta property=\"og:locale\" content=\"de_DE\" \/>\n<meta property=\"og:type\" content=\"article\" \/>\n<meta property=\"og:title\" content=\"Repara\u00e7\u00e3o de fuga na sanita Lisboa\" \/>\n<meta property=\"og:description\" content=\"Repara\u00e7\u00e3o de fuga na sanita em Lisboa. Resolva perdas de \u00e1gua, infiltra\u00e7\u00f5es e desperd\u00edcio com interven\u00e7\u00e3o r\u00e1pida e profissional.\" \/>\n<meta property=\"og:url\" content=\"https:\/\/canalizadordelisboa.pt\/de\/toilette-undichtigkeit-reparatur-lissabon\/\" \/>\n<meta property=\"og:site_name\" content=\"Canalizador de Lisboa\" \/>\n<meta name=\"twitter:card\" content=\"summary_large_image\" \/>\n<script type=\"application\/ld+json\" class=\"yoast-schema-graph\">{\"@context\":\"https:\\\/\\\/schema.org\",\"@graph\":[{\"@type\":\"WebPage\",\"@id\":\"https:\\\/\\\/canalizadordelisboa.pt\\\/reparacao-de-fuga-na-sanita-lisboa\\\/\",\"url\":\"https:\\\/\\\/canalizadordelisboa.pt\\\/reparacao-de-fuga-na-sanita-lisboa\\\/\",\"name\":\"Repara\u00e7\u00e3o de fuga na sanita Lisboa\",\"isPartOf\":{\"@id\":\"https:\\\/\\\/canalizadordelisboa.pt\\\/#website\"},\"datePublished\":\"2026-04-21T15:01:24+00:00\",\"description\":\"Repara\u00e7\u00e3o de fuga na sanita em Lisboa. Resolva perdas de \u00e1gua, infiltra\u00e7\u00f5es e desperd\u00edcio com interven\u00e7\u00e3o r\u00e1pida e profissional.\",\"breadcrumb\":{\"@id\":\"https:\\\/\\\/canalizadordelisboa.pt\\\/reparacao-de-fuga-na-sanita-lisboa\\\/#breadcrumb\"},\"inLanguage\":\"de\",\"potentialAction\":[{\"@type\":\"ReadAction\",\"target\":[\"https:\\\/\\\/canalizadordelisboa.pt\\\/reparacao-de-fuga-na-sanita-lisboa\\\/\"]}]},{\"@type\":\"BreadcrumbList\",\"@id\":\"https:\\\/\\\/canalizadordelisboa.pt\\\/reparacao-de-fuga-na-sanita-lisboa\\\/#breadcrumb\",\"itemListElement\":[{\"@type\":\"ListItem\",\"position\":1,\"name\":\"Accueil\",\"item\":\"https:\\\/\\\/canalizadordelisboa.pt\\\/\"},{\"@type\":\"ListItem\",\"position\":2,\"name\":\"Repara\u00e7\u00e3o de fuga na sanita Lisboa\"}]},{\"@type\":\"WebSite\",\"@id\":\"https:\\\/\\\/canalizadordelisboa.pt\\\/#website\",\"url\":\"https:\\\/\\\/canalizadordelisboa.pt\\\/\",\"name\":\"Canalizador de Lisboa\",\"description\":\"Servi\u00e7os de canaliza\u00e7\u00e3o e desentupimentos de alta qualidade em Lisboa.\",\"potentialAction\":[{\"@type\":\"SearchAction\",\"target\":{\"@type\":\"EntryPoint\",\"urlTemplate\":\"https:\\\/\\\/canalizadordelisboa.pt\\\/?s={search_term_string}\"},\"query-input\":{\"@type\":\"PropertyValueSpecification\",\"valueRequired\":true,\"valueName\":\"search_term_string\"}}],\"inLanguage\":\"de\"}]}<\/script>\n<!-- \/ Yoast SEO plugin. -->","yoast_head_json":{"title":"Reparatur eines Toilettenlecks Lissabon","description":"Reparatur von Toilettenlecks in Lissabon. L\u00f6sen Sie Wasserverluste, Infiltrationen und Verschwendung mit einem schnellen, professionellen Eingriff.","robots":{"index":"index","follow":"follow","max-snippet":"max-snippet:-1","max-image-preview":"max-image-preview:large","max-video-preview":"max-video-preview:-1"},"canonical":"https:\/\/canalizadordelisboa.pt\/de\/toilette-undichtigkeit-reparatur-lissabon\/","og_locale":"de_DE","og_type":"article","og_title":"Repara\u00e7\u00e3o de fuga na sanita Lisboa","og_description":"Repara\u00e7\u00e3o de fuga na sanita em Lisboa. Resolva perdas de \u00e1gua, infiltra\u00e7\u00f5es e desperd\u00edcio com interven\u00e7\u00e3o r\u00e1pida e profissional.","og_url":"https:\/\/canalizadordelisboa.pt\/de\/toilette-undichtigkeit-reparatur-lissabon\/","og_site_name":"Canalizador de Lisboa","twitter_card":"summary_large_image","schema":{"@context":"https:\/\/schema.org","@graph":[{"@type":"WebPage","@id":"https:\/\/canalizadordelisboa.pt\/reparacao-de-fuga-na-sanita-lisboa\/","url":"https:\/\/canalizadordelisboa.pt\/reparacao-de-fuga-na-sanita-lisboa\/","name":"Reparatur eines Toilettenlecks Lissabon","isPartOf":{"@id":"https:\/\/canalizadordelisboa.pt\/#website"},"datePublished":"2026-04-21T15:01:24+00:00","description":"Reparatur von Toilettenlecks in Lissabon. L\u00f6sen Sie Wasserverluste, Infiltrationen und Verschwendung mit einem schnellen, professionellen Eingriff.","breadcrumb":{"@id":"https:\/\/canalizadordelisboa.pt\/reparacao-de-fuga-na-sanita-lisboa\/#breadcrumb"},"inLanguage":"de","potentialAction":[{"@type":"ReadAction","target":["https:\/\/canalizadordelisboa.pt\/reparacao-de-fuga-na-sanita-lisboa\/"]}]},{"@type":"BreadcrumbList","@id":"https:\/\/canalizadordelisboa.pt\/reparacao-de-fuga-na-sanita-lisboa\/#breadcrumb","itemListElement":[{"@type":"ListItem","position":1,"name":"Accueil","item":"https:\/\/canalizadordelisboa.pt\/"},{"@type":"ListItem","position":2,"name":"Repara\u00e7\u00e3o de fuga na sanita Lisboa"}]},{"@type":"WebSite","@id":"https:\/\/canalizadordelisboa.pt\/#website","url":"https:\/\/canalizadordelisboa.pt\/","name":"Canalizador de Lisboa","description":"Hochwertige Klempner- und Entw\u00e4sserungsdienstleistungen in Lissabon.","potentialAction":[{"@type":"SearchAction","target":{"@type":"EntryPoint","urlTemplate":"https:\/\/canalizadordelisboa.pt\/?s={search_term_string}"},"query-input":{"@type":"PropertyValueSpecification","valueRequired":true,"valueName":"search_term_string"}}],"inLanguage":"de"}]}},"_links":{"self":[{"href":"https:\/\/canalizadordelisboa.pt\/de\/wp-json\/wp\/v2\/pages\/3751","targetHints":{"allow":["GET"]}}],"collection":[{"href":"https:\/\/canalizadordelisboa.pt\/de\/wp-json\/wp\/v2\/pages"}],"about":[{"href":"https:\/\/canalizadordelisboa.pt\/de\/wp-json\/wp\/v2\/types\/page"}],"author":[{"embeddable":true,"href":"https:\/\/canalizadordelisboa.pt\/de\/wp-json\/wp\/v2\/users\/1"}],"replies":[{"embeddable":true,"href":"https:\/\/canalizadordelisboa.pt\/de\/wp-json\/wp\/v2\/comments?post=3751"}],"version-history":[{"count":1,"href":"https:\/\/canalizadordelisboa.pt\/de\/wp-json\/wp\/v2\/pages\/3751\/revisions"}],"predecessor-version":[{"id":3752,"href":"https:\/\/canalizadordelisboa.pt\/de\/wp-json\/wp\/v2\/pages\/3751\/revisions\/3752"}],"wp:attachment":[{"href":"https:\/\/canalizadordelisboa.pt\/de\/wp-json\/wp\/v2\/media?parent=3751"}],"curies":[{"name":"wp","href":"https:\/\/api.w.org\/{rel}","templated":true}]}}