{"id":3718,"date":"2026-04-17T07:38:26","date_gmt":"2026-04-17T07:38:26","guid":{"rendered":"https:\/\/canalizadordelisboa.pt\/?page_id=3718"},"modified":"2026-04-17T07:38:26","modified_gmt":"2026-04-17T07:38:26","slug":"kuhlerabbau-lissabon","status":"publish","type":"page","link":"https:\/\/canalizadordelisboa.pt\/de\/remocao-de-radiadores-lisboa\/","title":{"rendered":"Entfernung von Heizk\u00f6rpern Lissabon"},"content":{"rendered":"<p>Die Demontage von Heizk\u00f6rpern ist eine \u00fcbliche Dienstleistung bei Renovierungsarbeiten oder wenn die Heizungsanlage nicht mehr benutzt wird. Um zu vermeiden <a href=\"https:\/\/canalizadordelisboa.pt\/de\/lecksuche-lissabon\/\">Wasserlecks<\/a> und Klempnerproblemen ist es wichtig, dass das Verfahren korrekt durchgef\u00fchrt wird.<\/p>\n<p><img fetchpriority=\"high\" decoding=\"async\" src=\"https:\/\/canalizadordelisboa.pt\/wp-content\/uploads\/2026\/04\/Remocao-de-Radiadores-225x300.jpeg\" alt=\"K\u00fchlerausbau\" width=\"225\" height=\"300\" class=\"alignnone size-medium wp-image-3719\" srcset=\"https:\/\/canalizadordelisboa.pt\/wp-content\/uploads\/2026\/04\/Remocao-de-Radiadores-225x300.jpeg 225w, https:\/\/canalizadordelisboa.pt\/wp-content\/uploads\/2026\/04\/Remocao-de-Radiadores-768x1024.jpeg 768w, https:\/\/canalizadordelisboa.pt\/wp-content\/uploads\/2026\/04\/Remocao-de-Radiadores-1152x1536.jpeg 1152w, https:\/\/canalizadordelisboa.pt\/wp-content\/uploads\/2026\/04\/Remocao-de-Radiadores-9x12.jpeg 9w, https:\/\/canalizadordelisboa.pt\/wp-content\/uploads\/2026\/04\/Remocao-de-Radiadores.jpeg 1200w\" sizes=\"(max-width: 225px) 100vw, 225px\" \/><\/p>\n<p>F\u00fcr ein sicheres, schadensfreies Eingreifen, <a href=\"https:\/\/canalizadordelisboa.pt\/de\/\">die Lissabonner Klempnerfirma<\/a> f\u00fchrt die Entfernung von Heizk\u00f6rpern in Wohnungen und H\u00e4usern in Lissabon durch.<\/p>\n<h2>Wann ist ein K\u00fchler auszubauen?<\/h2>\n<ul>\n<li>Hausumbau<\/li>\n<li>Wechsel der Heizungsanlage<\/li>\n<li>Besch\u00e4digter oder undichter K\u00fchler<\/li>\n<li>Ausschalten der Zentralheizung<\/li>\n<\/ul>\n<h2>Wie wird die Entfernung durchgef\u00fchrt?<\/h2>\n<ul>\n<li>Schlie\u00dfen Sie den Wasserkreislauf<\/li>\n<li>Entleeren des K\u00fchlers<\/li>\n<li>Ausschalten von Verbindungen<\/li>\n<li>Abnehmen des Heizk\u00f6rpers von der Wand<\/li>\n<li>Verschlie\u00dfen und Abdichten der Rohrleitungen<\/li>\n<\/ul>\n<h2>Wichtige Vorsichtsma\u00dfnahmen<\/h2>\n<ul>\n<li>Vermeiden Sie es, Wasser auf den Boden zu sch\u00fctten<\/li>\n<li>Sicherstellen, dass die Rohrleitungen korrekt abgedichtet sind<\/li>\n<li>\u00dcberpr\u00fcfen Sie das System nach dem Ausbau<\/li>\n<\/ul>\n<h2>Wann Sie einen Fachmann rufen sollten<\/h2>\n<p>Wenn das System noch aktiv ist oder die Gefahr einer Leckage besteht, muss unbedingt ein Klempner hinzugezogen werden, um die Sicherheit zu gew\u00e4hrleisten und Sch\u00e4den zu vermeiden.<\/p>\n<p>A <a href=\"https:\/\/canalizadordelisboa.pt\/de\/\">Klempnerfirma Lissabon<\/a> baut in Lissabon und Umgebung schnell und professionell Heizk\u00f6rper aus.<\/p>","protected":false},"excerpt":{"rendered":"<p>A remo\u00e7\u00e3o de radiadores \u00e9 um servi\u00e7o comum em remodela\u00e7\u00f5es ou quando o sistema de aquecimento deixa de ser utilizado. Para evitar fugas de \u00e1gua e problemas na canaliza\u00e7\u00e3o, \u00e9 importante que o processo seja feito corretamente. Para uma interven\u00e7\u00e3o segura e sem danos, a empresa Canalizador de Lisboa realiza remo\u00e7\u00e3o de radiadores em apartamentos [&hellip;]<\/p>\n","protected":false},"author":1,"featured_media":3719,"parent":0,"menu_order":0,"comment_status":"closed","ping_status":"closed","template":"","meta":{"iawp_total_views":14,"footnotes":""},"class_list":["post-3718","page","type-page","status-publish","has-post-thumbnail","hentry"],"yoast_head":"<!-- This site is optimized with the Yoast SEO plugin v27.4 - https:\/\/yoast.com\/product\/yoast-seo-wordpress\/ -->\n<title>Remo\u00e7\u00e3o de radiadores Lisboa<\/title>\n<meta name=\"description\" content=\"Remo\u00e7\u00e3o de radiadores em Lisboa com seguran\u00e7a e sem fugas. Saiba quando remover e como funciona o processo.\" \/>\n<meta name=\"robots\" content=\"index, follow, max-snippet:-1, max-image-preview:large, max-video-preview:-1\" \/>\n<link rel=\"canonical\" href=\"https:\/\/canalizadordelisboa.pt\/de\/kuhlerabbau-lissabon\/\" \/>\n<meta property=\"og:locale\" content=\"de_DE\" \/>\n<meta property=\"og:type\" content=\"article\" \/>\n<meta property=\"og:title\" content=\"Remo\u00e7\u00e3o de radiadores Lisboa\" \/>\n<meta property=\"og:description\" content=\"Remo\u00e7\u00e3o de radiadores em Lisboa com seguran\u00e7a e sem fugas. Saiba quando remover e como funciona o processo.\" \/>\n<meta property=\"og:url\" content=\"https:\/\/canalizadordelisboa.pt\/de\/kuhlerabbau-lissabon\/\" \/>\n<meta property=\"og:site_name\" content=\"Canalizador de Lisboa\" \/>\n<meta property=\"og:image\" content=\"https:\/\/canalizadordelisboa.pt\/wp-content\/uploads\/2026\/04\/Remocao-de-Radiadores.jpeg\" \/>\n\t<meta property=\"og:image:width\" content=\"1200\" \/>\n\t<meta property=\"og:image:height\" content=\"1600\" \/>\n\t<meta property=\"og:image:type\" content=\"image\/jpeg\" \/>\n<meta name=\"twitter:card\" content=\"summary_large_image\" \/>\n<script type=\"application\/ld+json\" class=\"yoast-schema-graph\">{\"@context\":\"https:\\\/\\\/schema.org\",\"@graph\":[{\"@type\":\"WebPage\",\"@id\":\"https:\\\/\\\/canalizadordelisboa.pt\\\/remocao-de-radiadores-lisboa\\\/\",\"url\":\"https:\\\/\\\/canalizadordelisboa.pt\\\/remocao-de-radiadores-lisboa\\\/\",\"name\":\"Remo\u00e7\u00e3o de radiadores Lisboa\",\"isPartOf\":{\"@id\":\"https:\\\/\\\/canalizadordelisboa.pt\\\/#website\"},\"primaryImageOfPage\":{\"@id\":\"https:\\\/\\\/canalizadordelisboa.pt\\\/remocao-de-radiadores-lisboa\\\/#primaryimage\"},\"image\":{\"@id\":\"https:\\\/\\\/canalizadordelisboa.pt\\\/remocao-de-radiadores-lisboa\\\/#primaryimage\"},\"thumbnailUrl\":\"https:\\\/\\\/canalizadordelisboa.pt\\\/wp-content\\\/uploads\\\/2026\\\/04\\\/Remocao-de-Radiadores.jpeg\",\"datePublished\":\"2026-04-17T07:38:26+00:00\",\"description\":\"Remo\u00e7\u00e3o de radiadores em Lisboa com seguran\u00e7a e sem fugas. Saiba quando remover e como funciona o processo.\",\"breadcrumb\":{\"@id\":\"https:\\\/\\\/canalizadordelisboa.pt\\\/remocao-de-radiadores-lisboa\\\/#breadcrumb\"},\"inLanguage\":\"de\",\"potentialAction\":[{\"@type\":\"ReadAction\",\"target\":[\"https:\\\/\\\/canalizadordelisboa.pt\\\/remocao-de-radiadores-lisboa\\\/\"]}]},{\"@type\":\"ImageObject\",\"inLanguage\":\"de\",\"@id\":\"https:\\\/\\\/canalizadordelisboa.pt\\\/remocao-de-radiadores-lisboa\\\/#primaryimage\",\"url\":\"https:\\\/\\\/canalizadordelisboa.pt\\\/wp-content\\\/uploads\\\/2026\\\/04\\\/Remocao-de-Radiadores.jpeg\",\"contentUrl\":\"https:\\\/\\\/canalizadordelisboa.pt\\\/wp-content\\\/uploads\\\/2026\\\/04\\\/Remocao-de-Radiadores.jpeg\",\"width\":1200,\"height\":1600,\"caption\":\"Remoc\u0327a\u0303o de Radiadores\"},{\"@type\":\"BreadcrumbList\",\"@id\":\"https:\\\/\\\/canalizadordelisboa.pt\\\/remocao-de-radiadores-lisboa\\\/#breadcrumb\",\"itemListElement\":[{\"@type\":\"ListItem\",\"position\":1,\"name\":\"Accueil\",\"item\":\"https:\\\/\\\/canalizadordelisboa.pt\\\/\"},{\"@type\":\"ListItem\",\"position\":2,\"name\":\"Remo\u00e7\u00e3o de radiadores Lisboa\"}]},{\"@type\":\"WebSite\",\"@id\":\"https:\\\/\\\/canalizadordelisboa.pt\\\/#website\",\"url\":\"https:\\\/\\\/canalizadordelisboa.pt\\\/\",\"name\":\"Canalizador de Lisboa\",\"description\":\"Servi\u00e7os de canaliza\u00e7\u00e3o e desentupimentos de alta qualidade em Lisboa.\",\"potentialAction\":[{\"@type\":\"SearchAction\",\"target\":{\"@type\":\"EntryPoint\",\"urlTemplate\":\"https:\\\/\\\/canalizadordelisboa.pt\\\/?s={search_term_string}\"},\"query-input\":{\"@type\":\"PropertyValueSpecification\",\"valueRequired\":true,\"valueName\":\"search_term_string\"}}],\"inLanguage\":\"de\"}]}<\/script>\n<!-- \/ Yoast SEO plugin. -->","yoast_head_json":{"title":"Entfernung von Heizk\u00f6rpern Lissabon","description":"Heizk\u00f6rper in Lissabon sicher und leckagefrei ausbauen. Finden Sie heraus, wann Sie die Heizk\u00f6rper ausbauen sollten und wie das Verfahren funktioniert.","robots":{"index":"index","follow":"follow","max-snippet":"max-snippet:-1","max-image-preview":"max-image-preview:large","max-video-preview":"max-video-preview:-1"},"canonical":"https:\/\/canalizadordelisboa.pt\/de\/kuhlerabbau-lissabon\/","og_locale":"de_DE","og_type":"article","og_title":"Remo\u00e7\u00e3o de radiadores Lisboa","og_description":"Remo\u00e7\u00e3o de radiadores em Lisboa com seguran\u00e7a e sem fugas. Saiba quando remover e como funciona o processo.","og_url":"https:\/\/canalizadordelisboa.pt\/de\/kuhlerabbau-lissabon\/","og_site_name":"Canalizador de Lisboa","og_image":[{"width":1200,"height":1600,"url":"https:\/\/canalizadordelisboa.pt\/wp-content\/uploads\/2026\/04\/Remocao-de-Radiadores.jpeg","type":"image\/jpeg"}],"twitter_card":"summary_large_image","schema":{"@context":"https:\/\/schema.org","@graph":[{"@type":"WebPage","@id":"https:\/\/canalizadordelisboa.pt\/remocao-de-radiadores-lisboa\/","url":"https:\/\/canalizadordelisboa.pt\/remocao-de-radiadores-lisboa\/","name":"Entfernung von Heizk\u00f6rpern Lissabon","isPartOf":{"@id":"https:\/\/canalizadordelisboa.pt\/#website"},"primaryImageOfPage":{"@id":"https:\/\/canalizadordelisboa.pt\/remocao-de-radiadores-lisboa\/#primaryimage"},"image":{"@id":"https:\/\/canalizadordelisboa.pt\/remocao-de-radiadores-lisboa\/#primaryimage"},"thumbnailUrl":"https:\/\/canalizadordelisboa.pt\/wp-content\/uploads\/2026\/04\/Remocao-de-Radiadores.jpeg","datePublished":"2026-04-17T07:38:26+00:00","description":"Heizk\u00f6rper in Lissabon sicher und leckagefrei ausbauen. Finden Sie heraus, wann Sie die Heizk\u00f6rper ausbauen sollten und wie das Verfahren funktioniert.","breadcrumb":{"@id":"https:\/\/canalizadordelisboa.pt\/remocao-de-radiadores-lisboa\/#breadcrumb"},"inLanguage":"de","potentialAction":[{"@type":"ReadAction","target":["https:\/\/canalizadordelisboa.pt\/remocao-de-radiadores-lisboa\/"]}]},{"@type":"ImageObject","inLanguage":"de","@id":"https:\/\/canalizadordelisboa.pt\/remocao-de-radiadores-lisboa\/#primaryimage","url":"https:\/\/canalizadordelisboa.pt\/wp-content\/uploads\/2026\/04\/Remocao-de-Radiadores.jpeg","contentUrl":"https:\/\/canalizadordelisboa.pt\/wp-content\/uploads\/2026\/04\/Remocao-de-Radiadores.jpeg","width":1200,"height":1600,"caption":"Remoc\u0327a\u0303o de Radiadores"},{"@type":"BreadcrumbList","@id":"https:\/\/canalizadordelisboa.pt\/remocao-de-radiadores-lisboa\/#breadcrumb","itemListElement":[{"@type":"ListItem","position":1,"name":"Accueil","item":"https:\/\/canalizadordelisboa.pt\/"},{"@type":"ListItem","position":2,"name":"Remo\u00e7\u00e3o de radiadores Lisboa"}]},{"@type":"WebSite","@id":"https:\/\/canalizadordelisboa.pt\/#website","url":"https:\/\/canalizadordelisboa.pt\/","name":"Canalizador de Lisboa","description":"Hochwertige Klempner- und Entw\u00e4sserungsdienstleistungen in Lissabon.","potentialAction":[{"@type":"SearchAction","target":{"@type":"EntryPoint","urlTemplate":"https:\/\/canalizadordelisboa.pt\/?s={search_term_string}"},"query-input":{"@type":"PropertyValueSpecification","valueRequired":true,"valueName":"search_term_string"}}],"inLanguage":"de"}]}},"_links":{"self":[{"href":"https:\/\/canalizadordelisboa.pt\/de\/wp-json\/wp\/v2\/pages\/3718","targetHints":{"allow":["GET"]}}],"collection":[{"href":"https:\/\/canalizadordelisboa.pt\/de\/wp-json\/wp\/v2\/pages"}],"about":[{"href":"https:\/\/canalizadordelisboa.pt\/de\/wp-json\/wp\/v2\/types\/page"}],"author":[{"embeddable":true,"href":"https:\/\/canalizadordelisboa.pt\/de\/wp-json\/wp\/v2\/users\/1"}],"replies":[{"embeddable":true,"href":"https:\/\/canalizadordelisboa.pt\/de\/wp-json\/wp\/v2\/comments?post=3718"}],"version-history":[{"count":1,"href":"https:\/\/canalizadordelisboa.pt\/de\/wp-json\/wp\/v2\/pages\/3718\/revisions"}],"predecessor-version":[{"id":3720,"href":"https:\/\/canalizadordelisboa.pt\/de\/wp-json\/wp\/v2\/pages\/3718\/revisions\/3720"}],"wp:featuredmedia":[{"embeddable":true,"href":"https:\/\/canalizadordelisboa.pt\/de\/wp-json\/wp\/v2\/media\/3719"}],"wp:attachment":[{"href":"https:\/\/canalizadordelisboa.pt\/de\/wp-json\/wp\/v2\/media?parent=3718"}],"curies":[{"name":"wp","href":"https:\/\/api.w.org\/{rel}","templated":true}]}}