{"id":3695,"date":"2026-03-18T15:09:37","date_gmt":"2026-03-18T15:09:37","guid":{"rendered":"https:\/\/canalizadordelisboa.pt\/?page_id=3695"},"modified":"2026-03-18T15:09:37","modified_gmt":"2026-03-18T15:09:37","slug":"unsichtbare-lecks-wie-sie-erkennen-ob-sie-wasser-verlieren","status":"publish","type":"page","link":"https:\/\/canalizadordelisboa.pt\/de\/vazamentos-invisiveis-como-saber-se-esta-perdendo-agua\/","title":{"rendered":"Unsichtbare Lecks: Woran Sie erkennen, ob Sie Wasser verlieren"},"content":{"rendered":"<p>Nicht alle Lecks sind sichtbar. Viele Wasserlecks entstehen im Inneren <a href=\"https:\/\/canalizadordelisboa.pt\/de\/wie-man-einen-riss-im-rohr-innerhalb-der-wand-erkennt\/\">W\u00e4nde<\/a>, Diese Lecks k\u00f6nnen unter dem Fu\u00dfboden oder in versteckten Rohren auftreten und \u00fcber Wochen oder Monate unbemerkt bleiben. Das Problem ist, dass diese Lecks nicht nur Wasser verschwenden, sondern auch Folgendes verursachen k\u00f6nnen <a href=\"https:\/\/canalizadordelisboa.pt\/de\/wie-man-lecks-erkennt-bevor-sie-schaden-verursachen\/\">Infiltrationen<\/a>, Schimmel und Bausch\u00e4den.<\/p>\n<p>In diesem umfassenden Leitfaden erkl\u00e4ren wir Ihnen, wie Sie unsichtbare Lecks erkennen k\u00f6nnen, was die h\u00e4ufigsten Anzeichen sind und wie Sie feststellen k\u00f6nnen, ob in Ihrer Wohnung ein Wasserverlust vorliegt. F\u00fcr eine genaue Erkennung, ohne dass Arbeiten erforderlich sind, <a href=\"https:\/\/canalizadordelisboa.pt\/de\/\">die Lissabonner Klempnerfirma<\/a> ist die beste L\u00f6sung f\u00fcr die Ortung versteckter Lecks mit modernen Ger\u00e4ten.<\/p>\n<h2>Was sind unsichtbare Lecks?<\/h2>\n<p>Dies sind Wasserlecks, die mit blo\u00dfem Auge nicht sichtbar sind. Sie treten normalerweise auf:<\/p>\n<ul>\n<li>Innenw\u00e4nde<\/li>\n<li>Unter dem Fu\u00dfboden<\/li>\n<li>Bei eingebauter Verrohrung<\/li>\n<li>In erdverlegten externen Rohrleitungen<\/li>\n<\/ul>\n<h2>Anzeichen f\u00fcr ein m\u00f6gliches Wasserleck<\/h2>\n<h3>1. Steigende Wasserrechnungen<\/h3>\n<p>Wenn der Verbrauch gestiegen ist, ohne dass sich die Gewohnheiten ge\u00e4ndert haben, liegt m\u00f6glicherweise ein Leck vor.<\/p>\n<h3>2. Feuchtigkeitsflecken<\/h3>\n<p>W\u00e4nde oder Decken mit Flecken, Farbblasen oder abbl\u00e4tternder Farbe sind deutliche Anzeichen.<\/p>\n<h3>3. Schimmeliger Geruch<\/h3>\n<p>Umgebungen mit konstanter Feuchtigkeit beg\u00fcnstigen das Auftreten von Schimmel.<\/p>\n<h3>4. Feuchter Boden oder feuchte Wand<\/h3>\n<p>Kalte oder feuchte Bereiche ohne erkennbaren Grund k\u00f6nnen auf Infiltration hinweisen.<\/p>\n<h3>5. Reduzierter Wasserdruck<\/h3>\n<p>Verlust von <a href=\"https:\/\/canalizadordelisboa.pt\/de\/niedriger-wasserdruck-im-haus-ursachen-und-losungen\/\">Druck<\/a> kann durch ein Leck in den Rohrleitungen verursacht werden.<\/p>\n<h3>6. Ger\u00e4usch von flie\u00dfendem Wasser<\/h3>\n<p>Wenn Sie Wasser h\u00f6ren, auch wenn alles geschlossen ist, liegt m\u00f6glicherweise ein inneres Leck vor.<\/p>\n<h2>Wie man ein unsichtbares Leck findet<\/h2>\n<h3>Pr\u00fcfung des Wasserz\u00e4hlers<\/h3>\n<ul>\n<li>Drehen Sie alle Wasserh\u00e4hne und wasserf\u00fchrenden Ger\u00e4te ab<\/li>\n<li>Pr\u00fcfen Sie den Wasserz\u00e4hler<\/li>\n<li>30 Minuten warten, ohne Wasser zu verwenden<\/li>\n<li>Pr\u00fcfen Sie das Messger\u00e4t erneut<\/li>\n<\/ul>\n<p>Wenn sich die Werte \u00e4ndern, gibt es ein Leck im System.<\/p>\n<h2>Wo unsichtbare Lecks am h\u00e4ufigsten vorkommen<\/h2>\n<ul>\n<li>B\u00e4der (<a href=\"https:\/\/canalizadordelisboa.pt\/de\/duschkabine-installation-lissabon\/\">Dusche<\/a>, <a href=\"https:\/\/canalizadordelisboa.pt\/de\/toilettenanlage-lissabon\/\">Toilette<\/a>)<\/li>\n<li>K\u00fcche (<a href=\"https:\/\/canalizadordelisboa.pt\/de\/preisleitfaden-fur-den-einbau-von-waschbecken\/\">Waschbecken<\/a> und Verrohrung)<\/li>\n<li><a href=\"https:\/\/canalizadordelisboa.pt\/de\/austausch-der-wassersaule\/\">Wassers\u00e4ulen in Geb\u00e4uden<\/a><\/li>\n<li>Verbindung zu <a href=\"https:\/\/canalizadordelisboa.pt\/de\/wie-viel-kostet-es-einen-warmwasserbereiter-zu-ersetzen-aktualisierte-preise\/\">Warmwasserbereiter<\/a> oder <a href=\"https:\/\/canalizadordelisboa.pt\/de\/warmwasserbereiter-reparaturen-3\/\">Warmwasserbereiter<\/a><\/li>\n<\/ul>\n<h2>Wie man ein Leck genau erkennt<\/h2>\n<p>Heutzutage gibt es moderne Methoden, die es erm\u00f6glichen, Lecks zu lokalisieren, ohne W\u00e4nde zu durchbrechen:<\/p>\n<ul>\n<li>W\u00e4rmebildkameras<\/li>\n<li>Akustische Ger\u00e4te<\/li>\n<li>Druckpr\u00fcfung<\/li>\n<\/ul>\n<p>Allgemeine Leitlinien f\u00fcr Wassermanagement und -effizienz finden Sie in der <a href=\"https:\/\/www.ersar.pt\/\">ERSAR<\/a>.<\/p>\n<h2>Wann sollte man einen Klempner rufen?<\/h2>\n<p>Sie sollten einen Fachmann aufsuchen, wenn:<\/p>\n<ul>\n<li>Best\u00e4tigt den Wasserverlust am Z\u00e4hler<\/li>\n<li>Es gibt hartn\u00e4ckige feuchte Flecken<\/li>\n<li>Kann die Quelle des Lecks nicht lokalisieren<\/li>\n<li>Es besteht die Gefahr der Infiltration in andere R\u00e4ume<\/li>\n<\/ul>\n<h2>Warum Lissabon Klempner w\u00e4hlen<\/h2>\n<p>A <a href=\"https:\/\/canalizadordelisboa.pt\/de\/\">Klempnerfirma Lissabon<\/a> setzt moderne Ger\u00e4te ein, um unsichtbare Lecks aufzusp\u00fcren, ohne dass invasive Arbeiten erforderlich sind.<\/p>\n<ul>\n<li>Pr\u00e4zise Diagnose<\/li>\n<li>Detektion ohne Mauerbruch<\/li>\n<li>Schnelle Reparatur<\/li>\n<li>Service in und um Lissabon<\/li>\n<\/ul>\n<h2>Fazit<\/h2>\n<p>Unsichtbare Lecks k\u00f6nnen gro\u00dfe Sch\u00e4den verursachen, wenn sie nicht rechtzeitig erkannt werden. Wenn man auf die Anzeichen achtet und einfache Tests durchf\u00fchrt, kann man das Problem fr\u00fchzeitig erkennen.<\/p>\n<p>Wenn Sie ein Wasserleck vermuten, kann Lisbon Plumber das Problem schnell und effizient lokalisieren und l\u00f6sen.<\/p>","protected":false},"excerpt":{"rendered":"<p>Nem todos os vazamentos s\u00e3o vis\u00edveis. Muitas fugas de \u00e1gua acontecem dentro de paredes, debaixo do ch\u00e3o ou em tubagens ocultas, podendo passar despercebidas durante semanas ou meses. O problema \u00e9 que, al\u00e9m do desperd\u00edcio de \u00e1gua, estas fugas podem causar infiltra\u00e7\u00f5es, bolor e danos estruturais. Neste guia completo explicamos como identificar vazamentos invis\u00edveis, quais [&hellip;]<\/p>\n","protected":false},"author":1,"featured_media":0,"parent":0,"menu_order":0,"comment_status":"closed","ping_status":"closed","template":"","meta":{"iawp_total_views":14,"footnotes":""},"class_list":["post-3695","page","type-page","status-publish","hentry"],"yoast_head":"<!-- This site is optimized with the Yoast SEO plugin v27.4 - https:\/\/yoast.com\/product\/yoast-seo-wordpress\/ -->\n<title>Vazamentos invis\u00edveis: como saber se est\u00e1 perdendo \u00e1gua<\/title>\n<meta name=\"description\" content=\"Aprenda a identificar vazamentos invis\u00edveis em casa, sinais de perda de \u00e1gua e como detectar fugas ocultas na canaliza\u00e7\u00e3o.\" \/>\n<meta name=\"robots\" content=\"index, follow, max-snippet:-1, max-image-preview:large, max-video-preview:-1\" \/>\n<link rel=\"canonical\" href=\"https:\/\/canalizadordelisboa.pt\/de\/unsichtbare-lecks-wie-sie-erkennen-ob-sie-wasser-verlieren\/\" \/>\n<meta property=\"og:locale\" content=\"de_DE\" \/>\n<meta property=\"og:type\" content=\"article\" \/>\n<meta property=\"og:title\" content=\"Vazamentos invis\u00edveis: como saber se est\u00e1 perdendo \u00e1gua\" \/>\n<meta property=\"og:description\" content=\"Aprenda a identificar vazamentos invis\u00edveis em casa, sinais de perda de \u00e1gua e como detectar fugas ocultas na canaliza\u00e7\u00e3o.\" \/>\n<meta property=\"og:url\" content=\"https:\/\/canalizadordelisboa.pt\/de\/unsichtbare-lecks-wie-sie-erkennen-ob-sie-wasser-verlieren\/\" \/>\n<meta property=\"og:site_name\" content=\"Canalizador de Lisboa\" \/>\n<meta name=\"twitter:card\" content=\"summary_large_image\" \/>\n<script type=\"application\/ld+json\" class=\"yoast-schema-graph\">{\"@context\":\"https:\\\/\\\/schema.org\",\"@graph\":[{\"@type\":\"WebPage\",\"@id\":\"https:\\\/\\\/canalizadordelisboa.pt\\\/vazamentos-invisiveis-como-saber-se-esta-perdendo-agua\\\/\",\"url\":\"https:\\\/\\\/canalizadordelisboa.pt\\\/vazamentos-invisiveis-como-saber-se-esta-perdendo-agua\\\/\",\"name\":\"Vazamentos invis\u00edveis: como saber se est\u00e1 perdendo \u00e1gua\",\"isPartOf\":{\"@id\":\"https:\\\/\\\/canalizadordelisboa.pt\\\/#website\"},\"datePublished\":\"2026-03-18T15:09:37+00:00\",\"description\":\"Aprenda a identificar vazamentos invis\u00edveis em casa, sinais de perda de \u00e1gua e como detectar fugas ocultas na canaliza\u00e7\u00e3o.\",\"breadcrumb\":{\"@id\":\"https:\\\/\\\/canalizadordelisboa.pt\\\/vazamentos-invisiveis-como-saber-se-esta-perdendo-agua\\\/#breadcrumb\"},\"inLanguage\":\"de\",\"potentialAction\":[{\"@type\":\"ReadAction\",\"target\":[\"https:\\\/\\\/canalizadordelisboa.pt\\\/vazamentos-invisiveis-como-saber-se-esta-perdendo-agua\\\/\"]}]},{\"@type\":\"BreadcrumbList\",\"@id\":\"https:\\\/\\\/canalizadordelisboa.pt\\\/vazamentos-invisiveis-como-saber-se-esta-perdendo-agua\\\/#breadcrumb\",\"itemListElement\":[{\"@type\":\"ListItem\",\"position\":1,\"name\":\"Accueil\",\"item\":\"https:\\\/\\\/canalizadordelisboa.pt\\\/\"},{\"@type\":\"ListItem\",\"position\":2,\"name\":\"Vazamentos invis\u00edveis: como saber se est\u00e1 perdendo \u00e1gua\"}]},{\"@type\":\"WebSite\",\"@id\":\"https:\\\/\\\/canalizadordelisboa.pt\\\/#website\",\"url\":\"https:\\\/\\\/canalizadordelisboa.pt\\\/\",\"name\":\"Canalizador de Lisboa\",\"description\":\"Servi\u00e7os de canaliza\u00e7\u00e3o e desentupimentos de alta qualidade em Lisboa.\",\"potentialAction\":[{\"@type\":\"SearchAction\",\"target\":{\"@type\":\"EntryPoint\",\"urlTemplate\":\"https:\\\/\\\/canalizadordelisboa.pt\\\/?s={search_term_string}\"},\"query-input\":{\"@type\":\"PropertyValueSpecification\",\"valueRequired\":true,\"valueName\":\"search_term_string\"}}],\"inLanguage\":\"de\"}]}<\/script>\n<!-- \/ Yoast SEO plugin. -->","yoast_head_json":{"title":"Unsichtbare Lecks: Woran Sie erkennen, ob Sie Wasser verlieren","description":"Erfahren Sie, wie Sie unsichtbare Lecks im Haus erkennen, Anzeichen f\u00fcr Wasserverluste erkennen und wie Sie versteckte Lecks in den Rohrleitungen aufsp\u00fcren k\u00f6nnen.","robots":{"index":"index","follow":"follow","max-snippet":"max-snippet:-1","max-image-preview":"max-image-preview:large","max-video-preview":"max-video-preview:-1"},"canonical":"https:\/\/canalizadordelisboa.pt\/de\/unsichtbare-lecks-wie-sie-erkennen-ob-sie-wasser-verlieren\/","og_locale":"de_DE","og_type":"article","og_title":"Vazamentos invis\u00edveis: como saber se est\u00e1 perdendo \u00e1gua","og_description":"Aprenda a identificar vazamentos invis\u00edveis em casa, sinais de perda de \u00e1gua e como detectar fugas ocultas na canaliza\u00e7\u00e3o.","og_url":"https:\/\/canalizadordelisboa.pt\/de\/unsichtbare-lecks-wie-sie-erkennen-ob-sie-wasser-verlieren\/","og_site_name":"Canalizador de Lisboa","twitter_card":"summary_large_image","schema":{"@context":"https:\/\/schema.org","@graph":[{"@type":"WebPage","@id":"https:\/\/canalizadordelisboa.pt\/vazamentos-invisiveis-como-saber-se-esta-perdendo-agua\/","url":"https:\/\/canalizadordelisboa.pt\/vazamentos-invisiveis-como-saber-se-esta-perdendo-agua\/","name":"Unsichtbare Lecks: Woran Sie erkennen, ob Sie Wasser verlieren","isPartOf":{"@id":"https:\/\/canalizadordelisboa.pt\/#website"},"datePublished":"2026-03-18T15:09:37+00:00","description":"Erfahren Sie, wie Sie unsichtbare Lecks im Haus erkennen, Anzeichen f\u00fcr Wasserverluste erkennen und wie Sie versteckte Lecks in den Rohrleitungen aufsp\u00fcren k\u00f6nnen.","breadcrumb":{"@id":"https:\/\/canalizadordelisboa.pt\/vazamentos-invisiveis-como-saber-se-esta-perdendo-agua\/#breadcrumb"},"inLanguage":"de","potentialAction":[{"@type":"ReadAction","target":["https:\/\/canalizadordelisboa.pt\/vazamentos-invisiveis-como-saber-se-esta-perdendo-agua\/"]}]},{"@type":"BreadcrumbList","@id":"https:\/\/canalizadordelisboa.pt\/vazamentos-invisiveis-como-saber-se-esta-perdendo-agua\/#breadcrumb","itemListElement":[{"@type":"ListItem","position":1,"name":"Accueil","item":"https:\/\/canalizadordelisboa.pt\/"},{"@type":"ListItem","position":2,"name":"Vazamentos invis\u00edveis: como saber se est\u00e1 perdendo \u00e1gua"}]},{"@type":"WebSite","@id":"https:\/\/canalizadordelisboa.pt\/#website","url":"https:\/\/canalizadordelisboa.pt\/","name":"Canalizador de Lisboa","description":"Hochwertige Klempner- und Entw\u00e4sserungsdienstleistungen in Lissabon.","potentialAction":[{"@type":"SearchAction","target":{"@type":"EntryPoint","urlTemplate":"https:\/\/canalizadordelisboa.pt\/?s={search_term_string}"},"query-input":{"@type":"PropertyValueSpecification","valueRequired":true,"valueName":"search_term_string"}}],"inLanguage":"de"}]}},"_links":{"self":[{"href":"https:\/\/canalizadordelisboa.pt\/de\/wp-json\/wp\/v2\/pages\/3695","targetHints":{"allow":["GET"]}}],"collection":[{"href":"https:\/\/canalizadordelisboa.pt\/de\/wp-json\/wp\/v2\/pages"}],"about":[{"href":"https:\/\/canalizadordelisboa.pt\/de\/wp-json\/wp\/v2\/types\/page"}],"author":[{"embeddable":true,"href":"https:\/\/canalizadordelisboa.pt\/de\/wp-json\/wp\/v2\/users\/1"}],"replies":[{"embeddable":true,"href":"https:\/\/canalizadordelisboa.pt\/de\/wp-json\/wp\/v2\/comments?post=3695"}],"version-history":[{"count":1,"href":"https:\/\/canalizadordelisboa.pt\/de\/wp-json\/wp\/v2\/pages\/3695\/revisions"}],"predecessor-version":[{"id":3696,"href":"https:\/\/canalizadordelisboa.pt\/de\/wp-json\/wp\/v2\/pages\/3695\/revisions\/3696"}],"wp:attachment":[{"href":"https:\/\/canalizadordelisboa.pt\/de\/wp-json\/wp\/v2\/media?parent=3695"}],"curies":[{"name":"wp","href":"https:\/\/api.w.org\/{rel}","templated":true}]}}